{"id":320534,"date":"2025-06-21T11:32:24","date_gmt":"2025-06-21T09:32:24","guid":{"rendered":"https:\/\/miomiorun.com\/?post_type=product&#038;p=320534"},"modified":"2025-11-07T10:31:14","modified_gmt":"2025-11-07T09:31:14","slug":"glaeser-3025","status":"publish","type":"product","link":"https:\/\/www.miomiorun.com\/de\/produkt\/glaeser-3025\/","title":{"rendered":"Gl\u00e4ser 3025"},"content":{"rendered":"<div class=\"vc-row container\"><div class=\"vc-column\"><div class=\"vc-column-text\"><\/p>\n<h3>Eine Brille, die klare Sicht und gro\u00dfen Stil bei minimalem Gewicht bietet.<br \/>\nEin unverzichtbares Accessoire f\u00fcr jedes Abenteuer. <\/h3>\n<h2 class=\"CorrelazioniBoxProdottiIconeTitle\">Technologien:<\/h2>\n<div id=\"catalogoProdottiIcone_\" class=\"catalogoProdottiElencoIcone catalogoProdottiElencoIconeSiProdotti \">\n<div id=\"idBoxProdotto_widgetCorrelazioni_20\" class=\"catalogoProdottoObject TipoScheda_SchedaTecnologia\" data-id=\"20\" data-prezzo=\"0\">\n<div class=\"catalogoProdottoItem\">\n<div class=\"catalogoProdottoImg\">\n<div class=\"catalogoProdottoImgBox\"><a class=\"paginaProdottoLink catalogoProdottoImgBoxLink\" href=\"https:\/\/www.kayaksport.it\/it\/kayacool.php\"><img loading=\"lazy\" decoding=\"async\" class=\"\" title=\"VENTILAZIONE PERMANENTE\" src=\"https:\/\/www.kayaksport.it\/Images\/Thumbnails\/ico_ventilazione_permanente-237-129-ResponsivoRect.jpg\" alt=\"VENTILAZIONE PERMANENTE\" width=\"199\" height=\"199\"><\/a><\/div>\n<\/div>\n<div class=\"ContenitoreDatiTecnologia\">\n<div class=\"catalogoProdottoNomeLink\"><strong>PERMANENTE BEL\u00dcFTUNG<\/strong><\/div>\n<div class=\"catalogoProdottoDescrizione\">\n<p>Die kayaCOOL-Technologie ist in einer \u00e4u\u00dferst ausgew\u00e4hlten Anzahl von Fassungen vorhanden: Sie garantiert eine permanente Bel\u00fcftung, die bei Ausdauersportarten sehr n\u00fctzlich ist und auch das Gewicht der Fassung deutlich reduziert!<\/p>\n<\/div>\n<\/div>\n<\/div>\n<\/div>\n<div id=\"idBoxProdotto_widgetCorrelazioni_23\" class=\"catalogoProdottoObject TipoScheda_SchedaTecnologia\" data-id=\"23\" data-prezzo=\"0\">\n<div class=\"catalogoProdottoItem\">\n<div class=\"catalogoProdottoImg\">\n<div class=\"catalogoProdottoImgBox\"><a class=\"paginaProdottoLink catalogoProdottoImgBoxLink\" href=\"https:\/\/www.kayaksport.it\/it\/protezione-raggi-uv.php\"><img loading=\"lazy\" decoding=\"async\" class=\"\" title=\"Protezione raggi UV\" src=\"https:\/\/www.kayaksport.it\/Images\/Thumbnails\/ico_UV-273-128-ResponsivoRect.jpg\" alt=\"Protezione raggi UV\" width=\"199\" height=\"199\"><\/a><\/div>\n<\/div>\n<div class=\"ContenitoreDatiTecnologia\">\n<div class=\"catalogoProdottoNomeLink\"><strong>UV-Schutz<\/strong><\/div>\n<div><\/div>\n<div class=\"catalogoProdottoDescrizione\">\n<div>Sonnenbrillen sind nicht nur ein Accessoire f\u00fcr \u00e4sthetische Zwecke, sondern dienen auch dem Schutz der menschlichen Augen vor UV-Strahlung. Eine \u00fcberm\u00e4\u00dfige Exposition gegen\u00fcber diesen Strahlen kann kurz- oder langfristig zu Krankheiten und Beschwerden wie Photokeratitis, Katarakten und verschiedenen Formen von Krebs f\u00fchren. Aus dem medizinischen Bereich weisen viele Experten auf die Bedeutung von Brillen hin, um einen angemessenen <strong>Schutz vor UV-Strahlen zu gew\u00e4hrleisten.<\/strong><\/div>\n<div>In den letzten Jahren haben Studien gezeigt, dass auch HVB-Strahlen (blaues Licht) Sch\u00e4den am menschlichen Auge wie Makuladegenerationen verursachen k\u00f6nnen. Kinder und \u00e4ltere Menschen sind davon am st\u00e4rksten betroffen. Aus diesem Grund haben Unternehmen begonnen, Brillen herzustellen, die auch vor HVB-Strahlen sch\u00fctzen.\n<\/div>\n<\/div>\n<\/div>\n<\/div>\n<\/div>\n<\/div>\n<p><\/div><\/div><\/div>\n","protected":false},"excerpt":{"rendered":"<ul>\n<li>zertifizierte Gl\u00e4ser<\/li>\n<li>UV-Schutz<\/li>\n<li>Design made in Italy<\/li>\n<\/ul>\n","protected":false},"featured_media":338783,"template":"","meta":{"_acf_changed":false,"inline_featured_image":false},"product_brand":[],"product_cat":[6342,6368],"product_tag":[34078],"class_list":{"0":"post-320534","1":"product","2":"type-product","3":"status-publish","4":"has-post-thumbnail","6":"product_cat-zubehoer","7":"product_cat-laufbrille-zubehoer-laufen-de","8":"product_tag-kayak-de","9":"pa_attivita-gehen","10":"pa_attivita-lifestyle-de","11":"pa_attivita-outdoor-de","12":"pa_attivita-running-de","13":"pa_attivita-trail-de","14":"pa_colore-occhiale-3025-nero-de","15":"pa_marca-kayak-de","16":"pa_sesso-damen","17":"pa_sesso-herren","19":"first","20":"instock","21":"sale","22":"taxable","23":"shipping-taxable","24":"purchasable","25":"product-type-variable","26":"wvs-archive-product-wrapper"},"acf":[],"yoast_head":"<!-- This site is optimized with the Yoast SEO plugin v26.8 - https:\/\/yoast.com\/product\/yoast-seo-wordpress\/ -->\n<title>Kayak Gl\u00e4ser 3025 - Laufbrillen - MioMioRun.com<\/title>\n<meta name=\"description\" content=\"Ultraleichte Kayak 3025 Brille mit modernem Design und klarer Sicht. Perfekt f\u00fcr alle, die Stil, Komfort und Leistung bei jedem Outdoor-Abenteuer suchen.\" \/>\n<meta name=\"robots\" content=\"index, follow, max-snippet:-1, max-image-preview:large, max-video-preview:-1\" \/>\n<link rel=\"canonical\" href=\"https:\/\/www.miomiorun.com\/de\/produkt\/glaeser-3025\/\" \/>\n<meta property=\"og:locale\" content=\"de_DE\" \/>\n<meta property=\"og:type\" content=\"article\" \/>\n<meta property=\"og:title\" content=\"Kayak Gl\u00e4ser 3025 - Laufbrillen - MioMioRun.com\" \/>\n<meta property=\"og:description\" content=\"Ultraleichte Kayak 3025 Brille mit modernem Design und klarer Sicht. Perfekt f\u00fcr alle, die Stil, Komfort und Leistung bei jedem Outdoor-Abenteuer suchen.\" \/>\n<meta property=\"og:url\" content=\"https:\/\/www.miomiorun.com\/de\/produkt\/glaeser-3025\/\" \/>\n<meta property=\"og:site_name\" content=\"MioMioRun\" \/>\n<meta property=\"article:publisher\" content=\"https:\/\/www.facebook.com\/miomiorun\/\" \/>\n<meta property=\"article:modified_time\" content=\"2025-11-07T09:31:14+00:00\" \/>\n<meta property=\"og:image\" content=\"https:\/\/www.miomiorun.com\/app\/uploads\/2025\/08\/kayak-OCCHIALE-3025-GIALLO-3025GI.webp\" \/>\n\t<meta property=\"og:image:width\" content=\"720\" \/>\n\t<meta property=\"og:image:height\" content=\"720\" \/>\n\t<meta property=\"og:image:type\" content=\"image\/webp\" \/>\n<meta name=\"twitter:card\" content=\"summary_large_image\" \/>\n<meta name=\"twitter:label1\" content=\"Est. reading time\" \/>\n\t<meta name=\"twitter:data1\" content=\"4 minutes\" \/>\n<script type=\"application\/ld+json\" class=\"yoast-schema-graph\">{\"@context\":\"https:\/\/schema.org\",\"@graph\":[{\"@type\":\"WebPage\",\"@id\":\"https:\/\/www.miomiorun.com\/de\/produkt\/glaeser-3025\/\",\"url\":\"https:\/\/www.miomiorun.com\/de\/produkt\/glaeser-3025\/\",\"name\":\"Kayak Gl\u00e4ser 3025 - Laufbrillen - MioMioRun.com\",\"isPartOf\":{\"@id\":\"https:\/\/www.miomiorun.com\/de\/#website\"},\"primaryImageOfPage\":{\"@id\":\"https:\/\/www.miomiorun.com\/de\/produkt\/glaeser-3025\/#primaryimage\"},\"image\":{\"@id\":\"https:\/\/www.miomiorun.com\/de\/produkt\/glaeser-3025\/#primaryimage\"},\"thumbnailUrl\":\"https:\/\/www.miomiorun.com\/app\/uploads\/2025\/08\/kayak-OCCHIALE-3025-GIALLO-3025GI.webp\",\"datePublished\":\"2025-06-21T09:32:24+00:00\",\"dateModified\":\"2025-11-07T09:31:14+00:00\",\"description\":\"Ultraleichte Kayak 3025 Brille mit modernem Design und klarer Sicht. Perfekt f\u00fcr alle, die Stil, Komfort und Leistung bei jedem Outdoor-Abenteuer suchen.\",\"breadcrumb\":{\"@id\":\"https:\/\/www.miomiorun.com\/de\/produkt\/glaeser-3025\/#breadcrumb\"},\"inLanguage\":\"de-DE\",\"potentialAction\":[{\"@type\":\"ReadAction\",\"target\":[\"https:\/\/www.miomiorun.com\/de\/produkt\/glaeser-3025\/\"]}]},{\"@type\":\"ImageObject\",\"inLanguage\":\"de-DE\",\"@id\":\"https:\/\/www.miomiorun.com\/de\/produkt\/glaeser-3025\/#primaryimage\",\"url\":\"https:\/\/www.miomiorun.com\/app\/uploads\/2025\/08\/kayak-OCCHIALE-3025-GIALLO-3025GI.webp\",\"contentUrl\":\"https:\/\/www.miomiorun.com\/app\/uploads\/2025\/08\/kayak-OCCHIALE-3025-GIALLO-3025GI.webp\",\"width\":720,\"height\":720,\"caption\":\"kayak OCCHIALE 3025 GIALLO 3025GI\"},{\"@type\":\"BreadcrumbList\",\"@id\":\"https:\/\/www.miomiorun.com\/de\/produkt\/glaeser-3025\/#breadcrumb\",\"itemListElement\":[{\"@type\":\"ListItem\",\"position\":1,\"name\":\"Home\",\"item\":\"https:\/\/www.miomiorun.com\/de\/\"},{\"@type\":\"ListItem\",\"position\":2,\"name\":\"Shop\",\"item\":\"https:\/\/www.miomiorun.com\/shop\/\"},{\"@type\":\"ListItem\",\"position\":3,\"name\":\"Gl\u00e4ser 3025\"}]},{\"@type\":\"WebSite\",\"@id\":\"https:\/\/www.miomiorun.com\/de\/#website\",\"url\":\"https:\/\/www.miomiorun.com\/de\/\",\"name\":\"MioMioRun\",\"description\":\"100% Lauf- und Trailshop\",\"publisher\":{\"@id\":\"https:\/\/www.miomiorun.com\/de\/#organization\"},\"potentialAction\":[{\"@type\":\"SearchAction\",\"target\":{\"@type\":\"EntryPoint\",\"urlTemplate\":\"https:\/\/www.miomiorun.com\/de\/?s={search_term_string}\"},\"query-input\":{\"@type\":\"PropertyValueSpecification\",\"valueRequired\":true,\"valueName\":\"search_term_string\"}}],\"inLanguage\":\"de-DE\"},{\"@type\":\"Organization\",\"@id\":\"https:\/\/www.miomiorun.com\/de\/#organization\",\"name\":\"MioMio Run\",\"url\":\"https:\/\/www.miomiorun.com\/de\/\",\"logo\":{\"@type\":\"ImageObject\",\"inLanguage\":\"de-DE\",\"@id\":\"https:\/\/www.miomiorun.com\/de\/#\/schema\/logo\/image\/\",\"url\":\"https:\/\/www.miomiorun.com\/app\/uploads\/2019\/12\/logomio.png\",\"contentUrl\":\"https:\/\/www.miomiorun.com\/app\/uploads\/2019\/12\/logomio.png\",\"width\":115,\"height\":82,\"caption\":\"MioMio Run\"},\"image\":{\"@id\":\"https:\/\/www.miomiorun.com\/de\/#\/schema\/logo\/image\/\"},\"sameAs\":[\"https:\/\/www.facebook.com\/miomiorun\/\",\"https:\/\/www.instagram.com\/miomiorun\/\"]}]}<\/script>\n<!-- \/ Yoast SEO plugin. -->","yoast_head_json":{"title":"Kayak Gl\u00e4ser 3025 - Laufbrillen - MioMioRun.com","description":"Ultraleichte Kayak 3025 Brille mit modernem Design und klarer Sicht. Perfekt f\u00fcr alle, die Stil, Komfort und Leistung bei jedem Outdoor-Abenteuer suchen.","robots":{"index":"index","follow":"follow","max-snippet":"max-snippet:-1","max-image-preview":"max-image-preview:large","max-video-preview":"max-video-preview:-1"},"canonical":"https:\/\/www.miomiorun.com\/de\/produkt\/glaeser-3025\/","og_locale":"de_DE","og_type":"article","og_title":"Kayak Gl\u00e4ser 3025 - Laufbrillen - MioMioRun.com","og_description":"Ultraleichte Kayak 3025 Brille mit modernem Design und klarer Sicht. Perfekt f\u00fcr alle, die Stil, Komfort und Leistung bei jedem Outdoor-Abenteuer suchen.","og_url":"https:\/\/www.miomiorun.com\/de\/produkt\/glaeser-3025\/","og_site_name":"MioMioRun","article_publisher":"https:\/\/www.facebook.com\/miomiorun\/","article_modified_time":"2025-11-07T09:31:14+00:00","og_image":[{"width":720,"height":720,"url":"https:\/\/www.miomiorun.com\/app\/uploads\/2025\/08\/kayak-OCCHIALE-3025-GIALLO-3025GI.webp","type":"image\/webp"}],"twitter_card":"summary_large_image","twitter_misc":{"Est. reading time":"4 minutes"},"schema":{"@context":"https:\/\/schema.org","@graph":[{"@type":"WebPage","@id":"https:\/\/www.miomiorun.com\/de\/produkt\/glaeser-3025\/","url":"https:\/\/www.miomiorun.com\/de\/produkt\/glaeser-3025\/","name":"Kayak Gl\u00e4ser 3025 - Laufbrillen - MioMioRun.com","isPartOf":{"@id":"https:\/\/www.miomiorun.com\/de\/#website"},"primaryImageOfPage":{"@id":"https:\/\/www.miomiorun.com\/de\/produkt\/glaeser-3025\/#primaryimage"},"image":{"@id":"https:\/\/www.miomiorun.com\/de\/produkt\/glaeser-3025\/#primaryimage"},"thumbnailUrl":"https:\/\/www.miomiorun.com\/app\/uploads\/2025\/08\/kayak-OCCHIALE-3025-GIALLO-3025GI.webp","datePublished":"2025-06-21T09:32:24+00:00","dateModified":"2025-11-07T09:31:14+00:00","description":"Ultraleichte Kayak 3025 Brille mit modernem Design und klarer Sicht. Perfekt f\u00fcr alle, die Stil, Komfort und Leistung bei jedem Outdoor-Abenteuer suchen.","breadcrumb":{"@id":"https:\/\/www.miomiorun.com\/de\/produkt\/glaeser-3025\/#breadcrumb"},"inLanguage":"de-DE","potentialAction":[{"@type":"ReadAction","target":["https:\/\/www.miomiorun.com\/de\/produkt\/glaeser-3025\/"]}]},{"@type":"ImageObject","inLanguage":"de-DE","@id":"https:\/\/www.miomiorun.com\/de\/produkt\/glaeser-3025\/#primaryimage","url":"https:\/\/www.miomiorun.com\/app\/uploads\/2025\/08\/kayak-OCCHIALE-3025-GIALLO-3025GI.webp","contentUrl":"https:\/\/www.miomiorun.com\/app\/uploads\/2025\/08\/kayak-OCCHIALE-3025-GIALLO-3025GI.webp","width":720,"height":720,"caption":"kayak OCCHIALE 3025 GIALLO 3025GI"},{"@type":"BreadcrumbList","@id":"https:\/\/www.miomiorun.com\/de\/produkt\/glaeser-3025\/#breadcrumb","itemListElement":[{"@type":"ListItem","position":1,"name":"Home","item":"https:\/\/www.miomiorun.com\/de\/"},{"@type":"ListItem","position":2,"name":"Shop","item":"https:\/\/www.miomiorun.com\/shop\/"},{"@type":"ListItem","position":3,"name":"Gl\u00e4ser 3025"}]},{"@type":"WebSite","@id":"https:\/\/www.miomiorun.com\/de\/#website","url":"https:\/\/www.miomiorun.com\/de\/","name":"MioMioRun","description":"100% Lauf- und Trailshop","publisher":{"@id":"https:\/\/www.miomiorun.com\/de\/#organization"},"potentialAction":[{"@type":"SearchAction","target":{"@type":"EntryPoint","urlTemplate":"https:\/\/www.miomiorun.com\/de\/?s={search_term_string}"},"query-input":{"@type":"PropertyValueSpecification","valueRequired":true,"valueName":"search_term_string"}}],"inLanguage":"de-DE"},{"@type":"Organization","@id":"https:\/\/www.miomiorun.com\/de\/#organization","name":"MioMio Run","url":"https:\/\/www.miomiorun.com\/de\/","logo":{"@type":"ImageObject","inLanguage":"de-DE","@id":"https:\/\/www.miomiorun.com\/de\/#\/schema\/logo\/image\/","url":"https:\/\/www.miomiorun.com\/app\/uploads\/2019\/12\/logomio.png","contentUrl":"https:\/\/www.miomiorun.com\/app\/uploads\/2019\/12\/logomio.png","width":115,"height":82,"caption":"MioMio Run"},"image":{"@id":"https:\/\/www.miomiorun.com\/de\/#\/schema\/logo\/image\/"},"sameAs":["https:\/\/www.facebook.com\/miomiorun\/","https:\/\/www.instagram.com\/miomiorun\/"]}]}},"_links":{"self":[{"href":"https:\/\/www.miomiorun.com\/de\/wp-json\/wp\/v2\/product\/320534","targetHints":{"allow":["GET"]}}],"collection":[{"href":"https:\/\/www.miomiorun.com\/de\/wp-json\/wp\/v2\/product"}],"about":[{"href":"https:\/\/www.miomiorun.com\/de\/wp-json\/wp\/v2\/types\/product"}],"wp:featuredmedia":[{"embeddable":true,"href":"https:\/\/www.miomiorun.com\/de\/wp-json\/wp\/v2\/media\/338783"}],"wp:attachment":[{"href":"https:\/\/www.miomiorun.com\/de\/wp-json\/wp\/v2\/media?parent=320534"}],"wp:term":[{"taxonomy":"product_brand","embeddable":true,"href":"https:\/\/www.miomiorun.com\/de\/wp-json\/wp\/v2\/product_brand?post=320534"},{"taxonomy":"product_cat","embeddable":true,"href":"https:\/\/www.miomiorun.com\/de\/wp-json\/wp\/v2\/product_cat?post=320534"},{"taxonomy":"product_tag","embeddable":true,"href":"https:\/\/www.miomiorun.com\/de\/wp-json\/wp\/v2\/product_tag?post=320534"}],"curies":[{"name":"wp","href":"https:\/\/api.w.org\/{rel}","templated":true}]}}