{"id":320511,"date":"2025-06-21T11:19:51","date_gmt":"2025-06-21T09:19:51","guid":{"rendered":"https:\/\/miomiorun.com\/?post_type=product&#038;p=320511"},"modified":"2025-11-07T10:31:55","modified_gmt":"2025-11-07T09:31:55","slug":"glaeser-3027","status":"publish","type":"product","link":"https:\/\/www.miomiorun.com\/de\/produkt\/glaeser-3027\/","title":{"rendered":"Gl\u00e4ser 3027"},"content":{"rendered":"<div class=\"vc-row container\"><div class=\"vc-column\"><div class=\"vc-column-text\"><\/p>\n<h3>3027<\/h3>\n<h3>Umh\u00fcllende Maske, umschlossen von einem leichten Rahmen, mit Endst\u00fccken und Nasenb\u00fcgel aus Silikon, die einen korrekten Sitz im Gesicht gew\u00e4hrleisten.<br \/>\nDie Bel\u00fcftungs\u00f6ffnungen an der Scheibe sorgen f\u00fcr eine gute Bel\u00fcftung und verhindern die Bildung von Kondenswasser im Inneren der Brille. Au\u00dferdem verf\u00fcgt sie \u00fcber B\u00fcgel mit einem besonderen Schnitt, die ihr ein innovatives Design verleihen. <\/h3>\n<div id=\"catalogoProdottiIcone_\" class=\"catalogoProdottiElencoIcone catalogoProdottiElencoIconeSiProdotti \">\n<div id=\"idBoxProdotto_widgetCorrelazioni_23\" class=\"catalogoProdottoObject TipoScheda_SchedaTecnologia\" data-id=\"23\" data-prezzo=\"0\">\n<div class=\"catalogoProdottoItem\">\n<div class=\"ContenitoreDatiTecnologia\">\n<div class=\"catalogoProdottoDescrizione\">\n<div>\n<h2 class=\"CorrelazioniBoxProdottiIconeTitle\"><strong>Technologien:&nbsp;<\/strong><\/h2>\n<div id=\"catalogoProdottiIcone_\" class=\"catalogoProdottiElencoIcone catalogoProdottiElencoIconeSiProdotti \">\n<div id=\"idBoxProdotto_widgetCorrelazioni_20\" class=\"catalogoProdottoObject TipoScheda_SchedaTecnologia\" data-id=\"20\" data-prezzo=\"0\">\n<div class=\"catalogoProdottoItem\">\n<div class=\"catalogoProdottoImg\">\n<div class=\"catalogoProdottoImgBox\"><a class=\"paginaProdottoLink catalogoProdottoImgBoxLink\" href=\"https:\/\/www.kayaksport.it\/it\/kayacool.php\"><img loading=\"lazy\" decoding=\"async\" class=\"\" title=\"VENTILAZIONE PERMANENTE\" src=\"https:\/\/www.kayaksport.it\/Images\/Thumbnails\/ico_ventilazione_permanente-237-129-ResponsivoRect.jpg\" alt=\"VENTILAZIONE PERMANENTE\" width=\"198\" height=\"198\"><\/a><\/div>\n<\/div>\n<div class=\"ContenitoreDatiTecnologia\">\n<div class=\"catalogoProdottoNomeLink\">PERMANENTE BEL\u00dcFTUNG<\/div>\n<div class=\"catalogoProdottoDescrizione\">\n<p>Die kayaCOOL-Technologie kommt in einer \u00e4u\u00dferst ausgew\u00e4hlten Anzahl von Fassungen zum Einsatz: Sie garantiert eine permanente Bel\u00fcftung, die besonders bei Ausdauersportarten sehr n\u00fctzlich ist, und reduziert zudem das Gewicht der Fassung erheblich!<\/p>\n<\/div>\n<\/div>\n<\/div>\n<\/div>\n<div id=\"idBoxProdotto_widgetCorrelazioni_23\" class=\"catalogoProdottoObject TipoScheda_SchedaTecnologia\" data-id=\"23\" data-prezzo=\"0\">\n<div class=\"catalogoProdottoItem\">\n<div class=\"catalogoProdottoImg\">\n<div class=\"catalogoProdottoImgBox\"><a class=\"paginaProdottoLink catalogoProdottoImgBoxLink\" href=\"https:\/\/www.kayaksport.it\/it\/protezione-raggi-uv.php\"><img loading=\"lazy\" decoding=\"async\" class=\"\" title=\"Protezione raggi UV\" src=\"https:\/\/www.kayaksport.it\/Images\/Thumbnails\/ico_UV-273-128-ResponsivoRect.jpg\" alt=\"Protezione raggi UV\" width=\"197\" height=\"197\"><\/a><\/div>\n<\/div>\n<div class=\"ContenitoreDatiTecnologia\">\n<div class=\"catalogoProdottoNomeLink\">UV-SCHUTZ<\/div>\n<div><\/div>\n<div class=\"catalogoProdottoDescrizione\">\n<div><strong>Sonnenbrillen<\/strong> sind nicht nur ein Accessoire f\u00fcr \u00e4sthetische Zwecke, sondern dienen auch dem Schutz der menschlichen Augen vor UV-Strahlung. Eine \u00fcberm\u00e4\u00dfige Exposition gegen\u00fcber diesen Strahlen kann kurz- oder langfristig zu Krankheiten und Beschwerden wie Photokeratitis, Katarakten und verschiedenen Formen von Krebs f\u00fchren. Aus dem medizinischen Bereich weisen viele Experten auf die Bedeutung von Brillen hin, um einen angemessenen <strong>UV-Schutz<\/strong><\/div>\n<p> zu gew\u00e4hrleisten.<\/p>\n<div>In den letzten Jahren haben Studien gezeigt, dass auch HVB-Strahlen (blaues Licht) Sch\u00e4den am menschlichen Auge wie Makuladegeneration verursachen k\u00f6nnen. Kinder und \u00e4ltere Menschen sind davon am st\u00e4rksten betroffen, weshalb Unternehmen begonnen haben, Brillen herzustellen, die auch vor HVB-Strahlen sch\u00fctzen. <\/div>\n<\/div>\n<\/div>\n<\/div>\n<\/div>\n<\/div>\n<\/div>\n<\/div>\n<\/div>\n<\/div>\n<\/div>\n<\/div>\n<p><\/div><\/div><\/div>\n","protected":false},"excerpt":{"rendered":"<ul>\n<li>zertifizierte Gl\u00e4ser<\/li>\n<li>UV-Schutz<\/li>\n<li>Design made in Italy<\/li>\n<\/ul>\n","protected":false},"featured_media":338813,"template":"","meta":{"_acf_changed":false,"inline_featured_image":false},"product_brand":[],"product_cat":[6342,6368],"product_tag":[34078],"class_list":{"0":"post-320511","1":"product","2":"type-product","3":"status-publish","4":"has-post-thumbnail","6":"product_cat-zubehoer","7":"product_cat-laufbrille-zubehoer-laufen-de","8":"product_tag-kayak-de","9":"pa_attivita-gehen","10":"pa_attivita-lifestyle-de","11":"pa_attivita-outdoor-de","12":"pa_attivita-running-de","13":"pa_attivita-trail-de","14":"pa_colore-occhiale-3027-bianco-de","15":"pa_colore-occhiale-3027-nero-de","16":"pa_marca-kayak-de","17":"pa_sesso-damen","18":"pa_sesso-herren","20":"first","21":"instock","22":"sale","23":"taxable","24":"shipping-taxable","25":"purchasable","26":"product-type-variable","27":"wvs-archive-product-wrapper"},"acf":[],"yoast_head":"<!-- This site is optimized with the Yoast SEO plugin v26.8 - https:\/\/yoast.com\/product\/yoast-seo-wordpress\/ -->\n<title>KayakGl\u00e4ser 3027 - Laufbrillen- MioMioRun.com<\/title>\n<meta name=\"description\" content=\"Leichte, eng anliegende Laufmaske 3027 mit ergonomischem Rahmen, Anti-Kondensations-Bel\u00fcftungs\u00f6ffnungen und Silikondetails f\u00fcr optimalen Komfort und Passform.\" \/>\n<meta name=\"robots\" content=\"index, follow, max-snippet:-1, max-image-preview:large, max-video-preview:-1\" \/>\n<link rel=\"canonical\" href=\"https:\/\/www.miomiorun.com\/de\/produkt\/glaeser-3027\/\" \/>\n<meta property=\"og:locale\" content=\"de_DE\" \/>\n<meta property=\"og:type\" content=\"article\" \/>\n<meta property=\"og:title\" content=\"KayakGl\u00e4ser 3027 - Laufbrillen- MioMioRun.com\" \/>\n<meta property=\"og:description\" content=\"Leichte, eng anliegende Laufmaske 3027 mit ergonomischem Rahmen, Anti-Kondensations-Bel\u00fcftungs\u00f6ffnungen und Silikondetails f\u00fcr optimalen Komfort und Passform.\" \/>\n<meta property=\"og:url\" content=\"https:\/\/www.miomiorun.com\/de\/produkt\/glaeser-3027\/\" \/>\n<meta property=\"og:site_name\" content=\"MioMioRun\" \/>\n<meta property=\"article:publisher\" content=\"https:\/\/www.facebook.com\/miomiorun\/\" \/>\n<meta property=\"article:modified_time\" content=\"2025-11-07T09:31:55+00:00\" \/>\n<meta property=\"og:image\" content=\"https:\/\/www.miomiorun.com\/app\/uploads\/2025\/08\/kayak-Occhiale-3027-nero-3027NE.webp\" \/>\n\t<meta property=\"og:image:width\" content=\"720\" \/>\n\t<meta property=\"og:image:height\" content=\"720\" \/>\n\t<meta property=\"og:image:type\" content=\"image\/webp\" \/>\n<meta name=\"twitter:card\" content=\"summary_large_image\" \/>\n<meta name=\"twitter:label1\" content=\"Est. reading time\" \/>\n\t<meta name=\"twitter:data1\" content=\"4 minutes\" \/>\n<script type=\"application\/ld+json\" class=\"yoast-schema-graph\">{\"@context\":\"https:\/\/schema.org\",\"@graph\":[{\"@type\":\"WebPage\",\"@id\":\"https:\/\/www.miomiorun.com\/de\/produkt\/glaeser-3027\/\",\"url\":\"https:\/\/www.miomiorun.com\/de\/produkt\/glaeser-3027\/\",\"name\":\"KayakGl\u00e4ser 3027 - Laufbrillen- MioMioRun.com\",\"isPartOf\":{\"@id\":\"https:\/\/www.miomiorun.com\/de\/#website\"},\"primaryImageOfPage\":{\"@id\":\"https:\/\/www.miomiorun.com\/de\/produkt\/glaeser-3027\/#primaryimage\"},\"image\":{\"@id\":\"https:\/\/www.miomiorun.com\/de\/produkt\/glaeser-3027\/#primaryimage\"},\"thumbnailUrl\":\"https:\/\/www.miomiorun.com\/app\/uploads\/2025\/08\/kayak-Occhiale-3027-nero-3027NE.webp\",\"datePublished\":\"2025-06-21T09:19:51+00:00\",\"dateModified\":\"2025-11-07T09:31:55+00:00\",\"description\":\"Leichte, eng anliegende Laufmaske 3027 mit ergonomischem Rahmen, Anti-Kondensations-Bel\u00fcftungs\u00f6ffnungen und Silikondetails f\u00fcr optimalen Komfort und Passform.\",\"breadcrumb\":{\"@id\":\"https:\/\/www.miomiorun.com\/de\/produkt\/glaeser-3027\/#breadcrumb\"},\"inLanguage\":\"de-DE\",\"potentialAction\":[{\"@type\":\"ReadAction\",\"target\":[\"https:\/\/www.miomiorun.com\/de\/produkt\/glaeser-3027\/\"]}]},{\"@type\":\"ImageObject\",\"inLanguage\":\"de-DE\",\"@id\":\"https:\/\/www.miomiorun.com\/de\/produkt\/glaeser-3027\/#primaryimage\",\"url\":\"https:\/\/www.miomiorun.com\/app\/uploads\/2025\/08\/kayak-Occhiale-3027-nero-3027NE.webp\",\"contentUrl\":\"https:\/\/www.miomiorun.com\/app\/uploads\/2025\/08\/kayak-Occhiale-3027-nero-3027NE.webp\",\"width\":720,\"height\":720,\"caption\":\"kayak Occhiale 3027 nero 3027NE\"},{\"@type\":\"BreadcrumbList\",\"@id\":\"https:\/\/www.miomiorun.com\/de\/produkt\/glaeser-3027\/#breadcrumb\",\"itemListElement\":[{\"@type\":\"ListItem\",\"position\":1,\"name\":\"Home\",\"item\":\"https:\/\/www.miomiorun.com\/de\/\"},{\"@type\":\"ListItem\",\"position\":2,\"name\":\"Shop\",\"item\":\"https:\/\/www.miomiorun.com\/shop\/\"},{\"@type\":\"ListItem\",\"position\":3,\"name\":\"Gl\u00e4ser 3027\"}]},{\"@type\":\"WebSite\",\"@id\":\"https:\/\/www.miomiorun.com\/de\/#website\",\"url\":\"https:\/\/www.miomiorun.com\/de\/\",\"name\":\"MioMioRun\",\"description\":\"100% Lauf- und Trailshop\",\"publisher\":{\"@id\":\"https:\/\/www.miomiorun.com\/de\/#organization\"},\"potentialAction\":[{\"@type\":\"SearchAction\",\"target\":{\"@type\":\"EntryPoint\",\"urlTemplate\":\"https:\/\/www.miomiorun.com\/de\/?s={search_term_string}\"},\"query-input\":{\"@type\":\"PropertyValueSpecification\",\"valueRequired\":true,\"valueName\":\"search_term_string\"}}],\"inLanguage\":\"de-DE\"},{\"@type\":\"Organization\",\"@id\":\"https:\/\/www.miomiorun.com\/de\/#organization\",\"name\":\"MioMio Run\",\"url\":\"https:\/\/www.miomiorun.com\/de\/\",\"logo\":{\"@type\":\"ImageObject\",\"inLanguage\":\"de-DE\",\"@id\":\"https:\/\/www.miomiorun.com\/de\/#\/schema\/logo\/image\/\",\"url\":\"https:\/\/www.miomiorun.com\/app\/uploads\/2019\/12\/logomio.png\",\"contentUrl\":\"https:\/\/www.miomiorun.com\/app\/uploads\/2019\/12\/logomio.png\",\"width\":115,\"height\":82,\"caption\":\"MioMio Run\"},\"image\":{\"@id\":\"https:\/\/www.miomiorun.com\/de\/#\/schema\/logo\/image\/\"},\"sameAs\":[\"https:\/\/www.facebook.com\/miomiorun\/\",\"https:\/\/www.instagram.com\/miomiorun\/\"]}]}<\/script>\n<!-- \/ Yoast SEO plugin. -->","yoast_head_json":{"title":"KayakGl\u00e4ser 3027 - Laufbrillen- MioMioRun.com","description":"Leichte, eng anliegende Laufmaske 3027 mit ergonomischem Rahmen, Anti-Kondensations-Bel\u00fcftungs\u00f6ffnungen und Silikondetails f\u00fcr optimalen Komfort und Passform.","robots":{"index":"index","follow":"follow","max-snippet":"max-snippet:-1","max-image-preview":"max-image-preview:large","max-video-preview":"max-video-preview:-1"},"canonical":"https:\/\/www.miomiorun.com\/de\/produkt\/glaeser-3027\/","og_locale":"de_DE","og_type":"article","og_title":"KayakGl\u00e4ser 3027 - Laufbrillen- MioMioRun.com","og_description":"Leichte, eng anliegende Laufmaske 3027 mit ergonomischem Rahmen, Anti-Kondensations-Bel\u00fcftungs\u00f6ffnungen und Silikondetails f\u00fcr optimalen Komfort und Passform.","og_url":"https:\/\/www.miomiorun.com\/de\/produkt\/glaeser-3027\/","og_site_name":"MioMioRun","article_publisher":"https:\/\/www.facebook.com\/miomiorun\/","article_modified_time":"2025-11-07T09:31:55+00:00","og_image":[{"width":720,"height":720,"url":"https:\/\/www.miomiorun.com\/app\/uploads\/2025\/08\/kayak-Occhiale-3027-nero-3027NE.webp","type":"image\/webp"}],"twitter_card":"summary_large_image","twitter_misc":{"Est. reading time":"4 minutes"},"schema":{"@context":"https:\/\/schema.org","@graph":[{"@type":"WebPage","@id":"https:\/\/www.miomiorun.com\/de\/produkt\/glaeser-3027\/","url":"https:\/\/www.miomiorun.com\/de\/produkt\/glaeser-3027\/","name":"KayakGl\u00e4ser 3027 - Laufbrillen- MioMioRun.com","isPartOf":{"@id":"https:\/\/www.miomiorun.com\/de\/#website"},"primaryImageOfPage":{"@id":"https:\/\/www.miomiorun.com\/de\/produkt\/glaeser-3027\/#primaryimage"},"image":{"@id":"https:\/\/www.miomiorun.com\/de\/produkt\/glaeser-3027\/#primaryimage"},"thumbnailUrl":"https:\/\/www.miomiorun.com\/app\/uploads\/2025\/08\/kayak-Occhiale-3027-nero-3027NE.webp","datePublished":"2025-06-21T09:19:51+00:00","dateModified":"2025-11-07T09:31:55+00:00","description":"Leichte, eng anliegende Laufmaske 3027 mit ergonomischem Rahmen, Anti-Kondensations-Bel\u00fcftungs\u00f6ffnungen und Silikondetails f\u00fcr optimalen Komfort und Passform.","breadcrumb":{"@id":"https:\/\/www.miomiorun.com\/de\/produkt\/glaeser-3027\/#breadcrumb"},"inLanguage":"de-DE","potentialAction":[{"@type":"ReadAction","target":["https:\/\/www.miomiorun.com\/de\/produkt\/glaeser-3027\/"]}]},{"@type":"ImageObject","inLanguage":"de-DE","@id":"https:\/\/www.miomiorun.com\/de\/produkt\/glaeser-3027\/#primaryimage","url":"https:\/\/www.miomiorun.com\/app\/uploads\/2025\/08\/kayak-Occhiale-3027-nero-3027NE.webp","contentUrl":"https:\/\/www.miomiorun.com\/app\/uploads\/2025\/08\/kayak-Occhiale-3027-nero-3027NE.webp","width":720,"height":720,"caption":"kayak Occhiale 3027 nero 3027NE"},{"@type":"BreadcrumbList","@id":"https:\/\/www.miomiorun.com\/de\/produkt\/glaeser-3027\/#breadcrumb","itemListElement":[{"@type":"ListItem","position":1,"name":"Home","item":"https:\/\/www.miomiorun.com\/de\/"},{"@type":"ListItem","position":2,"name":"Shop","item":"https:\/\/www.miomiorun.com\/shop\/"},{"@type":"ListItem","position":3,"name":"Gl\u00e4ser 3027"}]},{"@type":"WebSite","@id":"https:\/\/www.miomiorun.com\/de\/#website","url":"https:\/\/www.miomiorun.com\/de\/","name":"MioMioRun","description":"100% Lauf- und Trailshop","publisher":{"@id":"https:\/\/www.miomiorun.com\/de\/#organization"},"potentialAction":[{"@type":"SearchAction","target":{"@type":"EntryPoint","urlTemplate":"https:\/\/www.miomiorun.com\/de\/?s={search_term_string}"},"query-input":{"@type":"PropertyValueSpecification","valueRequired":true,"valueName":"search_term_string"}}],"inLanguage":"de-DE"},{"@type":"Organization","@id":"https:\/\/www.miomiorun.com\/de\/#organization","name":"MioMio Run","url":"https:\/\/www.miomiorun.com\/de\/","logo":{"@type":"ImageObject","inLanguage":"de-DE","@id":"https:\/\/www.miomiorun.com\/de\/#\/schema\/logo\/image\/","url":"https:\/\/www.miomiorun.com\/app\/uploads\/2019\/12\/logomio.png","contentUrl":"https:\/\/www.miomiorun.com\/app\/uploads\/2019\/12\/logomio.png","width":115,"height":82,"caption":"MioMio Run"},"image":{"@id":"https:\/\/www.miomiorun.com\/de\/#\/schema\/logo\/image\/"},"sameAs":["https:\/\/www.facebook.com\/miomiorun\/","https:\/\/www.instagram.com\/miomiorun\/"]}]}},"_links":{"self":[{"href":"https:\/\/www.miomiorun.com\/de\/wp-json\/wp\/v2\/product\/320511","targetHints":{"allow":["GET"]}}],"collection":[{"href":"https:\/\/www.miomiorun.com\/de\/wp-json\/wp\/v2\/product"}],"about":[{"href":"https:\/\/www.miomiorun.com\/de\/wp-json\/wp\/v2\/types\/product"}],"wp:featuredmedia":[{"embeddable":true,"href":"https:\/\/www.miomiorun.com\/de\/wp-json\/wp\/v2\/media\/338813"}],"wp:attachment":[{"href":"https:\/\/www.miomiorun.com\/de\/wp-json\/wp\/v2\/media?parent=320511"}],"wp:term":[{"taxonomy":"product_brand","embeddable":true,"href":"https:\/\/www.miomiorun.com\/de\/wp-json\/wp\/v2\/product_brand?post=320511"},{"taxonomy":"product_cat","embeddable":true,"href":"https:\/\/www.miomiorun.com\/de\/wp-json\/wp\/v2\/product_cat?post=320511"},{"taxonomy":"product_tag","embeddable":true,"href":"https:\/\/www.miomiorun.com\/de\/wp-json\/wp\/v2\/product_tag?post=320511"}],"curies":[{"name":"wp","href":"https:\/\/api.w.org\/{rel}","templated":true}]}}