{"id":320359,"date":"2025-06-20T17:44:34","date_gmt":"2025-06-20T15:44:34","guid":{"rendered":"https:\/\/miomiorun.com\/?post_type=product&#038;p=320359"},"modified":"2025-11-21T00:20:53","modified_gmt":"2025-11-20T23:20:53","slug":"rocket-x-3","status":"publish","type":"product","link":"https:\/\/www.miomiorun.com\/de\/produkt\/rocket-x-3\/","title":{"rendered":"Rocket X 3"},"content":{"rendered":"<div class=\"vc-row container\"><div class=\"vc-column\"><div class=\"vc-column-text\"><\/p>\n<h4>Technische Daten<\/h4>\n<p>Kategorie: reaktive D\u00e4mpfung<br \/>\nOffset: 7 mm<br \/>\nGewicht: 226 g<br \/>\nIdeal f\u00fcr: L\u00e4ufer, die einen leichten und reaktiven Schuh f\u00fcr Mittelstreckenl\u00e4ufe mit hohem Tempo suchen.<br \/>\nGewicht des Athleten: &lt;70 kg (M\u00e4nner) &lt;50 kg (Frauen)<br \/>\nLaufschritt: &lt;4,30 min\/km<br \/>\n<a href=\"https:\/\/miomiorun.com\/guida-alle-specifiche-tecniche\/\">Leitfaden zu den technischen Spezifikationen<\/a><\/p>\n<p><\/div><div style=\"height:32px\" class=\"vc-empty-space\"><\/div><\/div><div class=\"vc-column\"><div class=\"vc-column-text\"><\/p>\n<h1 style=\"text-align: left\">Entdecken Sie den neuen ROCKET X 3.<\/h1>\n<p style=\"text-align: left\">Dies ist der Marathon-Schuh f\u00fcr L\u00e4ufer, die ihre pers\u00f6nliche Bestzeit verbessern m\u00f6chten. Der Rocket X 3 wurde f\u00fcr Geschwindigkeit, Effizienz und Antrieb entwickelt und kombiniert ein reaktionsfreudiges Laufgef\u00fchl mit ged\u00e4mpftem Komfort, um die Leistung von Marathonl\u00e4ufern zu verbessern.<\/p>\n<p style=\"text-align: left\">\u2022 Die Carbonfaserplatte verf\u00fcgt \u00fcber strategisch platzierte Lamellen<\/p>\n<p style=\"text-align: left\">f\u00fcr Geschwindigkeit und Stabilit\u00e4t. <\/p>\n<p style=\"text-align: left\">\u2022 Hochwertiger PEBA-Schaumstoff sorgt f\u00fcr ultra-reaktionsfreudige D\u00e4mpfung und R\u00fcckfederung. <\/p>\n<p style=\"text-align: left\">\n<p style=\"text-align: left\">\u2022 Die griffige Au\u00dfensohle verbessert die Haftung und Traktion auf der Stra\u00dfe. <\/p>\n<p style=\"text-align: left\">\n<strong>PRODUKTBESCHREIBUNG ROCKET X 3&nbsp;<\/strong><\/p>\n<p>Der Rocket X 3 wurde speziell f\u00fcr die Anforderungen des Wettkampfs entwickelt. Er ist leicht, reaktionsfreudig und auf Geschwindigkeit optimiert<\/p>\n<p>und verwandelt jeden Schritt in Schwung, der dich vorantreibt, um deine Grenzen zu \u00fcberschreiten.<\/p>\n<p>Unsere neu gestaltete Carbonplatte verbessert die Stabilit\u00e4t, ohne die Geschwindigkeit zu beeintr\u00e4chtigen. Der hochfedernde PEBA-Schaumstoff<\/p>\n<p>versorgt jeden Schritt mit Effizienz. Eine griffige Gummisohle sorgt f\u00fcr sicheren Kontakt<\/p>\n<p>zur Stra\u00dfe und hilft L\u00e4ufern, von Anfang bis Ende schnell und konzentriert zu bleiben.<\/p>\n<p><strong>HAUPTMERKMALE UND VORTEILE<\/strong><\/p>\n<p>Carbonfaserplatte f\u00fcr explosiven R\u00fcckprall<\/p>\n<p>\u2013 Neu entwickelt f\u00fcr mehr Geschwindigkeit und Stabilit\u00e4t.<\/p>\n<p>Hochwertiger PEBA-Schaumstoff bietet Komfort auf jedem Kilometer<\/p>\n<p>\u2013 Maximiert den R\u00fcckprall dank ultra-reaktiver D\u00e4mpfung.<\/p>\n<p>Griffige Sohle, die auf der Stra\u00dfe haftet<\/p>\n<p>\u2013 Fortschrittliche Traktion f\u00fcr \u00fcberlegene Kontrolle und Schwung.<\/p>\n<p>&nbsp;<\/p>\n<p><\/div><div style=\"height:32px\" class=\"vc-empty-space\"><\/div><\/div><\/div>\n<\/p><\/p>\n","protected":false},"excerpt":{"rendered":"<ul class=\"features-container\">\n<li class=\"feature-item\">Doppelte Schaumstoffschicht aus Pebax<\/li>\n<li class=\"feature-item\">Carbonplatte in der Zwischensohle<\/li>\n<li class=\"feature-item\">Sohle mit verbessertem Grip<\/li>\n<\/ul>\n","protected":false},"featured_media":324236,"template":"","meta":{"_acf_changed":false,"inline_featured_image":false},"product_brand":[],"product_cat":[6507,6506,6474,6475],"product_tag":[3373,6228,6226],"class_list":{"0":"post-320359","1":"product","2":"type-product","3":"status-publish","4":"has-post-thumbnail","6":"product_cat-herren-schuhe-de","7":"product_cat-neutrale-herren-schuhe-de","8":"product_cat-damenschuhe","9":"product_cat-neutral","10":"product_tag-hoka-one-one-de","11":"product_tag-hoka-one-one-damen-de","12":"product_tag-hoka-one-one-herren-de","13":"pa_attivita-running-de","14":"pa_colore-rocket-x3-alabaster-frost","15":"pa_colore-rocket-x3-black-gold-de","16":"pa_colore-rocket-x3-neon-yuzu-squik-ink","17":"pa_colore-rocket-x3-sunlight-neon-hoka-citrus-de","18":"pa_colore-rocket-x3-white-black-de","19":"pa_marca-hoka-de","20":"pa_sesso-damen","21":"pa_sesso-herren","22":"pa_size-38-de","23":"pa_size-39-de","24":"pa_size-40-de","26":"pa_size-41-de","27":"pa_size-42-de","29":"pa_size-43-de","30":"pa_size-44-de","32":"pa_size-45-de","33":"pa_size-46-de","35":"first","36":"instock","37":"sale","38":"taxable","39":"shipping-taxable","40":"purchasable","41":"product-type-variable","42":"wvs-archive-product-wrapper"},"acf":[],"yoast_head":"<!-- This site is optimized with the Yoast SEO plugin v26.8 - https:\/\/yoast.com\/product\/yoast-seo-wordpress\/ -->\n<title>Hoka Rocket X 3 - Laufschuhe - MioMioRun.com<\/title>\n<meta name=\"description\" content=\"HOKA Rocket X 3: Rennschuh mit Carbonplatte und PEBA-Schaumstoff f\u00fcr maximale Geschwindigkeit und Sprungkraft. Um deinen Rekord zu brechen! Jetzt mit neuem Look.\" \/>\n<meta name=\"robots\" content=\"index, follow, max-snippet:-1, max-image-preview:large, max-video-preview:-1\" \/>\n<link rel=\"canonical\" href=\"https:\/\/www.miomiorun.com\/de\/produkt\/rocket-x-3\/\" \/>\n<meta property=\"og:locale\" content=\"de_DE\" \/>\n<meta property=\"og:type\" content=\"article\" \/>\n<meta property=\"og:title\" content=\"Hoka Rocket X 3 - Laufschuhe - MioMioRun.com\" \/>\n<meta property=\"og:description\" content=\"HOKA Rocket X 3: Rennschuh mit Carbonplatte und PEBA-Schaumstoff f\u00fcr maximale Geschwindigkeit und Sprungkraft. Um deinen Rekord zu brechen! Jetzt mit neuem Look.\" \/>\n<meta property=\"og:url\" content=\"https:\/\/www.miomiorun.com\/de\/produkt\/rocket-x-3\/\" \/>\n<meta property=\"og:site_name\" content=\"MioMioRun\" \/>\n<meta property=\"article:publisher\" content=\"https:\/\/www.facebook.com\/miomiorun\/\" \/>\n<meta property=\"article:modified_time\" content=\"2025-11-20T23:20:53+00:00\" \/>\n<meta property=\"og:image\" content=\"https:\/\/www.miomiorun.com\/app\/uploads\/2025\/07\/hoka-Rocket-X3-white-black-1168724-WBLC.webp\" \/>\n\t<meta property=\"og:image:width\" content=\"600\" \/>\n\t<meta property=\"og:image:height\" content=\"600\" \/>\n\t<meta property=\"og:image:type\" content=\"image\/webp\" \/>\n<meta name=\"twitter:card\" content=\"summary_large_image\" \/>\n<meta name=\"twitter:label1\" content=\"Est. reading time\" \/>\n\t<meta name=\"twitter:data1\" content=\"2 minutes\" \/>\n<script type=\"application\/ld+json\" class=\"yoast-schema-graph\">{\"@context\":\"https:\/\/schema.org\",\"@graph\":[{\"@type\":\"WebPage\",\"@id\":\"https:\/\/www.miomiorun.com\/de\/produkt\/rocket-x-3\/\",\"url\":\"https:\/\/www.miomiorun.com\/de\/produkt\/rocket-x-3\/\",\"name\":\"Hoka Rocket X 3 - Laufschuhe - MioMioRun.com\",\"isPartOf\":{\"@id\":\"https:\/\/www.miomiorun.com\/de\/#website\"},\"primaryImageOfPage\":{\"@id\":\"https:\/\/www.miomiorun.com\/de\/produkt\/rocket-x-3\/#primaryimage\"},\"image\":{\"@id\":\"https:\/\/www.miomiorun.com\/de\/produkt\/rocket-x-3\/#primaryimage\"},\"thumbnailUrl\":\"https:\/\/www.miomiorun.com\/app\/uploads\/2025\/07\/hoka-Rocket-X3-white-black-1168724-WBLC.webp\",\"datePublished\":\"2025-06-20T15:44:34+00:00\",\"dateModified\":\"2025-11-20T23:20:53+00:00\",\"description\":\"HOKA Rocket X 3: Rennschuh mit Carbonplatte und PEBA-Schaumstoff f\u00fcr maximale Geschwindigkeit und Sprungkraft. Um deinen Rekord zu brechen! Jetzt mit neuem Look.\",\"breadcrumb\":{\"@id\":\"https:\/\/www.miomiorun.com\/de\/produkt\/rocket-x-3\/#breadcrumb\"},\"inLanguage\":\"de-DE\",\"potentialAction\":[{\"@type\":\"ReadAction\",\"target\":[\"https:\/\/www.miomiorun.com\/de\/produkt\/rocket-x-3\/\"]}]},{\"@type\":\"ImageObject\",\"inLanguage\":\"de-DE\",\"@id\":\"https:\/\/www.miomiorun.com\/de\/produkt\/rocket-x-3\/#primaryimage\",\"url\":\"https:\/\/www.miomiorun.com\/app\/uploads\/2025\/07\/hoka-Rocket-X3-white-black-1168724-WBLC.webp\",\"contentUrl\":\"https:\/\/www.miomiorun.com\/app\/uploads\/2025\/07\/hoka-Rocket-X3-white-black-1168724-WBLC.webp\",\"width\":600,\"height\":600,\"caption\":\"hoka Rocket X3 white black 1168724 WBLC\"},{\"@type\":\"BreadcrumbList\",\"@id\":\"https:\/\/www.miomiorun.com\/de\/produkt\/rocket-x-3\/#breadcrumb\",\"itemListElement\":[{\"@type\":\"ListItem\",\"position\":1,\"name\":\"Home\",\"item\":\"https:\/\/www.miomiorun.com\/de\/\"},{\"@type\":\"ListItem\",\"position\":2,\"name\":\"Shop\",\"item\":\"https:\/\/www.miomiorun.com\/shop\/\"},{\"@type\":\"ListItem\",\"position\":3,\"name\":\"Rocket X 3\"}]},{\"@type\":\"WebSite\",\"@id\":\"https:\/\/www.miomiorun.com\/de\/#website\",\"url\":\"https:\/\/www.miomiorun.com\/de\/\",\"name\":\"MioMioRun\",\"description\":\"100% Lauf- und Trailshop\",\"publisher\":{\"@id\":\"https:\/\/www.miomiorun.com\/de\/#organization\"},\"potentialAction\":[{\"@type\":\"SearchAction\",\"target\":{\"@type\":\"EntryPoint\",\"urlTemplate\":\"https:\/\/www.miomiorun.com\/de\/?s={search_term_string}\"},\"query-input\":{\"@type\":\"PropertyValueSpecification\",\"valueRequired\":true,\"valueName\":\"search_term_string\"}}],\"inLanguage\":\"de-DE\"},{\"@type\":\"Organization\",\"@id\":\"https:\/\/www.miomiorun.com\/de\/#organization\",\"name\":\"MioMio Run\",\"url\":\"https:\/\/www.miomiorun.com\/de\/\",\"logo\":{\"@type\":\"ImageObject\",\"inLanguage\":\"de-DE\",\"@id\":\"https:\/\/www.miomiorun.com\/de\/#\/schema\/logo\/image\/\",\"url\":\"https:\/\/www.miomiorun.com\/app\/uploads\/2019\/12\/logomio.png\",\"contentUrl\":\"https:\/\/www.miomiorun.com\/app\/uploads\/2019\/12\/logomio.png\",\"width\":115,\"height\":82,\"caption\":\"MioMio Run\"},\"image\":{\"@id\":\"https:\/\/www.miomiorun.com\/de\/#\/schema\/logo\/image\/\"},\"sameAs\":[\"https:\/\/www.facebook.com\/miomiorun\/\",\"https:\/\/www.instagram.com\/miomiorun\/\"]}]}<\/script>\n<!-- \/ Yoast SEO plugin. -->","yoast_head_json":{"title":"Hoka Rocket X 3 - Laufschuhe - MioMioRun.com","description":"HOKA Rocket X 3: Rennschuh mit Carbonplatte und PEBA-Schaumstoff f\u00fcr maximale Geschwindigkeit und Sprungkraft. Um deinen Rekord zu brechen! Jetzt mit neuem Look.","robots":{"index":"index","follow":"follow","max-snippet":"max-snippet:-1","max-image-preview":"max-image-preview:large","max-video-preview":"max-video-preview:-1"},"canonical":"https:\/\/www.miomiorun.com\/de\/produkt\/rocket-x-3\/","og_locale":"de_DE","og_type":"article","og_title":"Hoka Rocket X 3 - Laufschuhe - MioMioRun.com","og_description":"HOKA Rocket X 3: Rennschuh mit Carbonplatte und PEBA-Schaumstoff f\u00fcr maximale Geschwindigkeit und Sprungkraft. Um deinen Rekord zu brechen! Jetzt mit neuem Look.","og_url":"https:\/\/www.miomiorun.com\/de\/produkt\/rocket-x-3\/","og_site_name":"MioMioRun","article_publisher":"https:\/\/www.facebook.com\/miomiorun\/","article_modified_time":"2025-11-20T23:20:53+00:00","og_image":[{"width":600,"height":600,"url":"https:\/\/www.miomiorun.com\/app\/uploads\/2025\/07\/hoka-Rocket-X3-white-black-1168724-WBLC.webp","type":"image\/webp"}],"twitter_card":"summary_large_image","twitter_misc":{"Est. reading time":"2 minutes"},"schema":{"@context":"https:\/\/schema.org","@graph":[{"@type":"WebPage","@id":"https:\/\/www.miomiorun.com\/de\/produkt\/rocket-x-3\/","url":"https:\/\/www.miomiorun.com\/de\/produkt\/rocket-x-3\/","name":"Hoka Rocket X 3 - Laufschuhe - MioMioRun.com","isPartOf":{"@id":"https:\/\/www.miomiorun.com\/de\/#website"},"primaryImageOfPage":{"@id":"https:\/\/www.miomiorun.com\/de\/produkt\/rocket-x-3\/#primaryimage"},"image":{"@id":"https:\/\/www.miomiorun.com\/de\/produkt\/rocket-x-3\/#primaryimage"},"thumbnailUrl":"https:\/\/www.miomiorun.com\/app\/uploads\/2025\/07\/hoka-Rocket-X3-white-black-1168724-WBLC.webp","datePublished":"2025-06-20T15:44:34+00:00","dateModified":"2025-11-20T23:20:53+00:00","description":"HOKA Rocket X 3: Rennschuh mit Carbonplatte und PEBA-Schaumstoff f\u00fcr maximale Geschwindigkeit und Sprungkraft. Um deinen Rekord zu brechen! Jetzt mit neuem Look.","breadcrumb":{"@id":"https:\/\/www.miomiorun.com\/de\/produkt\/rocket-x-3\/#breadcrumb"},"inLanguage":"de-DE","potentialAction":[{"@type":"ReadAction","target":["https:\/\/www.miomiorun.com\/de\/produkt\/rocket-x-3\/"]}]},{"@type":"ImageObject","inLanguage":"de-DE","@id":"https:\/\/www.miomiorun.com\/de\/produkt\/rocket-x-3\/#primaryimage","url":"https:\/\/www.miomiorun.com\/app\/uploads\/2025\/07\/hoka-Rocket-X3-white-black-1168724-WBLC.webp","contentUrl":"https:\/\/www.miomiorun.com\/app\/uploads\/2025\/07\/hoka-Rocket-X3-white-black-1168724-WBLC.webp","width":600,"height":600,"caption":"hoka Rocket X3 white black 1168724 WBLC"},{"@type":"BreadcrumbList","@id":"https:\/\/www.miomiorun.com\/de\/produkt\/rocket-x-3\/#breadcrumb","itemListElement":[{"@type":"ListItem","position":1,"name":"Home","item":"https:\/\/www.miomiorun.com\/de\/"},{"@type":"ListItem","position":2,"name":"Shop","item":"https:\/\/www.miomiorun.com\/shop\/"},{"@type":"ListItem","position":3,"name":"Rocket X 3"}]},{"@type":"WebSite","@id":"https:\/\/www.miomiorun.com\/de\/#website","url":"https:\/\/www.miomiorun.com\/de\/","name":"MioMioRun","description":"100% Lauf- und Trailshop","publisher":{"@id":"https:\/\/www.miomiorun.com\/de\/#organization"},"potentialAction":[{"@type":"SearchAction","target":{"@type":"EntryPoint","urlTemplate":"https:\/\/www.miomiorun.com\/de\/?s={search_term_string}"},"query-input":{"@type":"PropertyValueSpecification","valueRequired":true,"valueName":"search_term_string"}}],"inLanguage":"de-DE"},{"@type":"Organization","@id":"https:\/\/www.miomiorun.com\/de\/#organization","name":"MioMio Run","url":"https:\/\/www.miomiorun.com\/de\/","logo":{"@type":"ImageObject","inLanguage":"de-DE","@id":"https:\/\/www.miomiorun.com\/de\/#\/schema\/logo\/image\/","url":"https:\/\/www.miomiorun.com\/app\/uploads\/2019\/12\/logomio.png","contentUrl":"https:\/\/www.miomiorun.com\/app\/uploads\/2019\/12\/logomio.png","width":115,"height":82,"caption":"MioMio Run"},"image":{"@id":"https:\/\/www.miomiorun.com\/de\/#\/schema\/logo\/image\/"},"sameAs":["https:\/\/www.facebook.com\/miomiorun\/","https:\/\/www.instagram.com\/miomiorun\/"]}]}},"_links":{"self":[{"href":"https:\/\/www.miomiorun.com\/de\/wp-json\/wp\/v2\/product\/320359","targetHints":{"allow":["GET"]}}],"collection":[{"href":"https:\/\/www.miomiorun.com\/de\/wp-json\/wp\/v2\/product"}],"about":[{"href":"https:\/\/www.miomiorun.com\/de\/wp-json\/wp\/v2\/types\/product"}],"wp:featuredmedia":[{"embeddable":true,"href":"https:\/\/www.miomiorun.com\/de\/wp-json\/wp\/v2\/media\/324236"}],"wp:attachment":[{"href":"https:\/\/www.miomiorun.com\/de\/wp-json\/wp\/v2\/media?parent=320359"}],"wp:term":[{"taxonomy":"product_brand","embeddable":true,"href":"https:\/\/www.miomiorun.com\/de\/wp-json\/wp\/v2\/product_brand?post=320359"},{"taxonomy":"product_cat","embeddable":true,"href":"https:\/\/www.miomiorun.com\/de\/wp-json\/wp\/v2\/product_cat?post=320359"},{"taxonomy":"product_tag","embeddable":true,"href":"https:\/\/www.miomiorun.com\/de\/wp-json\/wp\/v2\/product_tag?post=320359"}],"curies":[{"name":"wp","href":"https:\/\/api.w.org\/{rel}","templated":true}]}}