{"id":320195,"date":"2025-06-20T17:18:30","date_gmt":"2025-06-20T15:18:30","guid":{"rendered":"https:\/\/miomiorun.com\/?post_type=product&#038;p=320195"},"modified":"2026-05-09T09:43:59","modified_gmt":"2026-05-09T07:43:59","slug":"arahi-8-damen","status":"publish","type":"product","link":"https:\/\/www.miomiorun.com\/de\/produkt\/arahi-8-damen\/","title":{"rendered":"Arahi 8 damen"},"content":{"rendered":"<div class=\"vc-row container\"><div class=\"vc-column\"><div class=\"vc-column-text\"><\/p>\n<p><strong>Technische Daten<\/strong><\/p>\n<p>Kategorie: Strukturierte D\u00e4mpfung<br \/>\nOffset: 8 mm<br \/>\nGewicht: 219,00 <sup class=\"pl-1\">g<\/sup><\/p>\n<p>Ideal f\u00fcr: L\u00e4ufer mit Neigung zur Pronation, die einen leichten und gleichzeitig gut ged\u00e4mpften Schuh suchen, um auch lange Strecken zur\u00fccklegen zu k\u00f6nnen.<br \/>\nGewicht des Athleten: 65-75 kg<br \/>\nLaufgeschwindigkeit: mittel (5-6 min\/km)<br \/>\n<a href=\"https:\/\/miomiorun.com\/guida-alle-specifiche-tecniche\/\">Leitfaden zu den technischen Spezifikationen<\/a><\/p>\n<p><\/div><\/div><div class=\"vc-column\"><div class=\"vc-column-text\"><\/p>\n<p data-start=\"203\" data-end=\"265\"><strong data-start=\"203\" data-end=\"265\">Maximale Stabilit\u00e4t. Keine Kompromisse bei Komfort und Design.<\/strong><\/p>\n<p data-start=\"267\" data-end=\"559\">Wenn Sie einen Schuh suchen, der Halt und Kontrolle bietet, ohne Ihren Lauf zu beeintr\u00e4chtigen, ist der <strong data-start=\"347\" data-end=\"358\">Arahi 8<\/strong> die perfekte Wahl. Der Arahi 8 wurde f\u00fcr L\u00e4ufer entwickelt, die Stabilit\u00e4t ben\u00f6tigen, aber nicht auf Leichtigkeit, Eleganz und Reaktionsf\u00e4higkeit verzichten m\u00f6chten. Er steht f\u00fcr die Weiterentwicklung des stabilen und fl\u00fcssigen Laufens.<\/p>\n<p data-start=\"561\" data-end=\"583\"><strong data-start=\"561\" data-end=\"583\">Warum sollten Sie sich daf\u00fcr entscheiden?<\/strong><\/p>\n<ul data-start=\"585\" data-end=\"1303\">\n<li data-start=\"585\" data-end=\"773\">\n<p data-start=\"587\" data-end=\"773\"><strong data-start=\"589\" data-end=\"623\">Verbesserte H-Frame\u2122-Technologie<\/strong>: das Herzst\u00fcck der Arahi-Stabilit\u00e4t. Unterst\u00fctzt den Fu\u00df in jeder Phase des Laufs und wirkt Hyperpronation auf nat\u00fcrliche Weise und ohne Zwang entgegen. <\/p>\n<\/li>\n<li data-start=\"774\" data-end=\"977\">\n<p data-start=\"776\" data-end=\"977\"><strong data-start=\"778\" data-end=\"810\">Intelligente D\u00e4mpfung<\/strong>: Die neue EVA-Mischung mit doppelter Dichte bietet ein Gef\u00fchl von Schutz und Weichheit unter dem Fu\u00df, ohne die Reaktionsf\u00e4higkeit zu beeintr\u00e4chtigen, wenn Sie das Tempo erh\u00f6hen m\u00f6chten.\n<\/p>\n<\/li>\n<li data-start=\"978\" data-end=\"1158\">\n<p data-start=\"980\" data-end=\"1158\"><strong data-start=\"982\" data-end=\"1017\">Technisches Obermaterial aus Jacquard-Mesh<\/strong>: bequem, atmungsaktiv und aus recycelten Materialien hergestellt. Passt sich dem Fu\u00df wie eine zweite Haut an und sorgt f\u00fcr einen schlanken, modernen Look. <\/p>\n<\/li>\n<li data-start=\"1159\" data-end=\"1303\">\n<p data-start=\"1161\" data-end=\"1303\"><strong data-start=\"1163\" data-end=\"1184\">Aktualisiertes Design<\/strong>: neue Form f\u00fcr eine verbesserte Passform, schlankere Silhouette und modulare Sohle f\u00fcr einen fl\u00fcssigen und nat\u00fcrlichen \u00dcbergang. <\/p>\n<\/li>\n<\/ul>\n<p data-start=\"1305\" data-end=\"1336\"><strong data-start=\"1305\" data-end=\"1336\">Stabilit\u00e4t ja, aber mit Stil. <\/strong><\/p>\n<p data-start=\"1338\" data-end=\"1642\"><strong data-start=\"1338\" data-end=\"1349\">Der Arahi 8<\/strong> ist nicht nur ein stabiler Laufschuh. Er ist ein Statement f\u00fcr die Balance zwischen Leistung, \u00c4sthetik und Nachhaltigkeit. Ideal f\u00fcr L\u00e4ufer mit \u00dcberpronation oder f\u00fcr alle, die zus\u00e4tzliche Unterst\u00fctzung ohne Einengung suchen. <\/p>\n<p><\/div><\/div><\/div>\n","protected":false},"excerpt":{"rendered":"<ul>\n<li>stabiler, ged\u00e4mpfter Schuh<\/li>\n<li>idealer Schuh f\u00fcr Pronierer<\/li>\n<\/ul>\n","protected":false},"featured_media":411580,"template":"","meta":{"_acf_changed":false,"inline_featured_image":false},"product_brand":[],"product_cat":[6474,6490],"product_tag":[3373,6228],"class_list":{"0":"post-320195","1":"product","2":"type-product","3":"status-publish","4":"has-post-thumbnail","6":"product_cat-damenschuhe","7":"product_cat-stabilitaet","8":"product_tag-hoka-one-one-de","9":"product_tag-hoka-one-one-damen-de","10":"pa_attivita-gehen","11":"pa_attivita-running-de","12":"pa_colore-arahi-8-w-alabaster-lingonberry-de","13":"pa_colore-arahi-8-w-charcoal-grey-grey-skies-de","14":"pa_colore-arahi-8-w-midnight-blue-ultramarine-de","15":"pa_colore-arahi-8-w-oyster-mushroom-truffle-salt-de","16":"pa_colore-arahi-8-w-sunlight-neon-yuzu","17":"pa_marca-hoka-de","18":"pa_sesso-damen","19":"pa_size-36-de","20":"pa_size-37-de","21":"pa_size-38-de","23":"pa_size-39-de","24":"pa_size-40-de","26":"pa_size-41-de","27":"pa_size-42-de","29":"first","30":"instock","31":"sale","32":"taxable","33":"shipping-taxable","34":"purchasable","35":"product-type-variable","36":"wvs-archive-product-wrapper"},"acf":[],"yoast_head":"<!-- This site is optimized with the Yoast SEO plugin v26.8 - https:\/\/yoast.com\/product\/yoast-seo-wordpress\/ -->\n<title>Hoka Arahi 8 damen - Laufschuhe - MioMioRun.com<\/title>\n<meta name=\"description\" content=\"Arahi 8: Stabiler und leichter Laufschuh mit H-Frame\u2122-Technologie gegen \u00dcberpronation. Komfort, Halt und Stil f\u00fcr deine Stra\u00dfenl\u00e4ufe.\" \/>\n<meta name=\"robots\" content=\"index, follow, max-snippet:-1, max-image-preview:large, max-video-preview:-1\" \/>\n<link rel=\"canonical\" href=\"https:\/\/www.miomiorun.com\/de\/produkt\/arahi-8-damen\/\" \/>\n<meta property=\"og:locale\" content=\"de_DE\" \/>\n<meta property=\"og:type\" content=\"article\" \/>\n<meta property=\"og:title\" content=\"Hoka Arahi 8 damen - Laufschuhe - MioMioRun.com\" \/>\n<meta property=\"og:description\" content=\"Arahi 8: Stabiler und leichter Laufschuh mit H-Frame\u2122-Technologie gegen \u00dcberpronation. Komfort, Halt und Stil f\u00fcr deine Stra\u00dfenl\u00e4ufe.\" \/>\n<meta property=\"og:url\" content=\"https:\/\/www.miomiorun.com\/de\/produkt\/arahi-8-damen\/\" \/>\n<meta property=\"og:site_name\" content=\"MioMioRun\" \/>\n<meta property=\"article:publisher\" content=\"https:\/\/www.facebook.com\/miomiorun\/\" \/>\n<meta property=\"article:modified_time\" content=\"2026-05-09T07:43:59+00:00\" \/>\n<meta property=\"og:image\" content=\"https:\/\/www.miomiorun.com\/app\/uploads\/2026\/02\/hoka-Arahi-8-W-sunlight-neon-yuzu-1168691-SYZ.webp\" \/>\n\t<meta property=\"og:image:width\" content=\"720\" \/>\n\t<meta property=\"og:image:height\" content=\"720\" \/>\n\t<meta property=\"og:image:type\" content=\"image\/webp\" \/>\n<meta name=\"twitter:card\" content=\"summary_large_image\" \/>\n<meta name=\"twitter:label1\" content=\"Est. reading time\" \/>\n\t<meta name=\"twitter:data1\" content=\"1 minute\" \/>\n<script type=\"application\/ld+json\" class=\"yoast-schema-graph\">{\"@context\":\"https:\/\/schema.org\",\"@graph\":[{\"@type\":\"WebPage\",\"@id\":\"https:\/\/www.miomiorun.com\/de\/produkt\/arahi-8-damen\/\",\"url\":\"https:\/\/www.miomiorun.com\/de\/produkt\/arahi-8-damen\/\",\"name\":\"Hoka Arahi 8 damen - Laufschuhe - MioMioRun.com\",\"isPartOf\":{\"@id\":\"https:\/\/www.miomiorun.com\/de\/#website\"},\"primaryImageOfPage\":{\"@id\":\"https:\/\/www.miomiorun.com\/de\/produkt\/arahi-8-damen\/#primaryimage\"},\"image\":{\"@id\":\"https:\/\/www.miomiorun.com\/de\/produkt\/arahi-8-damen\/#primaryimage\"},\"thumbnailUrl\":\"https:\/\/www.miomiorun.com\/app\/uploads\/2026\/02\/hoka-Arahi-8-W-sunlight-neon-yuzu-1168691-SYZ.webp\",\"datePublished\":\"2025-06-20T15:18:30+00:00\",\"dateModified\":\"2026-05-09T07:43:59+00:00\",\"description\":\"Arahi 8: Stabiler und leichter Laufschuh mit H-Frame\u2122-Technologie gegen \u00dcberpronation. Komfort, Halt und Stil f\u00fcr deine Stra\u00dfenl\u00e4ufe.\",\"breadcrumb\":{\"@id\":\"https:\/\/www.miomiorun.com\/de\/produkt\/arahi-8-damen\/#breadcrumb\"},\"inLanguage\":\"de-DE\",\"potentialAction\":[{\"@type\":\"ReadAction\",\"target\":[\"https:\/\/www.miomiorun.com\/de\/produkt\/arahi-8-damen\/\"]}]},{\"@type\":\"ImageObject\",\"inLanguage\":\"de-DE\",\"@id\":\"https:\/\/www.miomiorun.com\/de\/produkt\/arahi-8-damen\/#primaryimage\",\"url\":\"https:\/\/www.miomiorun.com\/app\/uploads\/2026\/02\/hoka-Arahi-8-W-sunlight-neon-yuzu-1168691-SYZ.webp\",\"contentUrl\":\"https:\/\/www.miomiorun.com\/app\/uploads\/2026\/02\/hoka-Arahi-8-W-sunlight-neon-yuzu-1168691-SYZ.webp\",\"width\":720,\"height\":720,\"caption\":\"hoka Arahi 8 W sunlight neon yuzu 1168691 SYZ\"},{\"@type\":\"BreadcrumbList\",\"@id\":\"https:\/\/www.miomiorun.com\/de\/produkt\/arahi-8-damen\/#breadcrumb\",\"itemListElement\":[{\"@type\":\"ListItem\",\"position\":1,\"name\":\"Home\",\"item\":\"https:\/\/www.miomiorun.com\/de\/\"},{\"@type\":\"ListItem\",\"position\":2,\"name\":\"Shop\",\"item\":\"https:\/\/www.miomiorun.com\/shop\/\"},{\"@type\":\"ListItem\",\"position\":3,\"name\":\"Arahi 8 damen\"}]},{\"@type\":\"WebSite\",\"@id\":\"https:\/\/www.miomiorun.com\/de\/#website\",\"url\":\"https:\/\/www.miomiorun.com\/de\/\",\"name\":\"MioMioRun\",\"description\":\"100% Lauf- und Trailshop\",\"publisher\":{\"@id\":\"https:\/\/www.miomiorun.com\/de\/#organization\"},\"potentialAction\":[{\"@type\":\"SearchAction\",\"target\":{\"@type\":\"EntryPoint\",\"urlTemplate\":\"https:\/\/www.miomiorun.com\/de\/?s={search_term_string}\"},\"query-input\":{\"@type\":\"PropertyValueSpecification\",\"valueRequired\":true,\"valueName\":\"search_term_string\"}}],\"inLanguage\":\"de-DE\"},{\"@type\":\"Organization\",\"@id\":\"https:\/\/www.miomiorun.com\/de\/#organization\",\"name\":\"MioMio Run\",\"url\":\"https:\/\/www.miomiorun.com\/de\/\",\"logo\":{\"@type\":\"ImageObject\",\"inLanguage\":\"de-DE\",\"@id\":\"https:\/\/www.miomiorun.com\/de\/#\/schema\/logo\/image\/\",\"url\":\"https:\/\/www.miomiorun.com\/app\/uploads\/2019\/12\/logomio.png\",\"contentUrl\":\"https:\/\/www.miomiorun.com\/app\/uploads\/2019\/12\/logomio.png\",\"width\":115,\"height\":82,\"caption\":\"MioMio Run\"},\"image\":{\"@id\":\"https:\/\/www.miomiorun.com\/de\/#\/schema\/logo\/image\/\"},\"sameAs\":[\"https:\/\/www.facebook.com\/miomiorun\/\",\"https:\/\/www.instagram.com\/miomiorun\/\"]}]}<\/script>\n<!-- \/ Yoast SEO plugin. -->","yoast_head_json":{"title":"Hoka Arahi 8 damen - Laufschuhe - MioMioRun.com","description":"Arahi 8: Stabiler und leichter Laufschuh mit H-Frame\u2122-Technologie gegen \u00dcberpronation. Komfort, Halt und Stil f\u00fcr deine Stra\u00dfenl\u00e4ufe.","robots":{"index":"index","follow":"follow","max-snippet":"max-snippet:-1","max-image-preview":"max-image-preview:large","max-video-preview":"max-video-preview:-1"},"canonical":"https:\/\/www.miomiorun.com\/de\/produkt\/arahi-8-damen\/","og_locale":"de_DE","og_type":"article","og_title":"Hoka Arahi 8 damen - Laufschuhe - MioMioRun.com","og_description":"Arahi 8: Stabiler und leichter Laufschuh mit H-Frame\u2122-Technologie gegen \u00dcberpronation. Komfort, Halt und Stil f\u00fcr deine Stra\u00dfenl\u00e4ufe.","og_url":"https:\/\/www.miomiorun.com\/de\/produkt\/arahi-8-damen\/","og_site_name":"MioMioRun","article_publisher":"https:\/\/www.facebook.com\/miomiorun\/","article_modified_time":"2026-05-09T07:43:59+00:00","og_image":[{"width":720,"height":720,"url":"https:\/\/www.miomiorun.com\/app\/uploads\/2026\/02\/hoka-Arahi-8-W-sunlight-neon-yuzu-1168691-SYZ.webp","type":"image\/webp"}],"twitter_card":"summary_large_image","twitter_misc":{"Est. reading time":"1 minute"},"schema":{"@context":"https:\/\/schema.org","@graph":[{"@type":"WebPage","@id":"https:\/\/www.miomiorun.com\/de\/produkt\/arahi-8-damen\/","url":"https:\/\/www.miomiorun.com\/de\/produkt\/arahi-8-damen\/","name":"Hoka Arahi 8 damen - Laufschuhe - MioMioRun.com","isPartOf":{"@id":"https:\/\/www.miomiorun.com\/de\/#website"},"primaryImageOfPage":{"@id":"https:\/\/www.miomiorun.com\/de\/produkt\/arahi-8-damen\/#primaryimage"},"image":{"@id":"https:\/\/www.miomiorun.com\/de\/produkt\/arahi-8-damen\/#primaryimage"},"thumbnailUrl":"https:\/\/www.miomiorun.com\/app\/uploads\/2026\/02\/hoka-Arahi-8-W-sunlight-neon-yuzu-1168691-SYZ.webp","datePublished":"2025-06-20T15:18:30+00:00","dateModified":"2026-05-09T07:43:59+00:00","description":"Arahi 8: Stabiler und leichter Laufschuh mit H-Frame\u2122-Technologie gegen \u00dcberpronation. Komfort, Halt und Stil f\u00fcr deine Stra\u00dfenl\u00e4ufe.","breadcrumb":{"@id":"https:\/\/www.miomiorun.com\/de\/produkt\/arahi-8-damen\/#breadcrumb"},"inLanguage":"de-DE","potentialAction":[{"@type":"ReadAction","target":["https:\/\/www.miomiorun.com\/de\/produkt\/arahi-8-damen\/"]}]},{"@type":"ImageObject","inLanguage":"de-DE","@id":"https:\/\/www.miomiorun.com\/de\/produkt\/arahi-8-damen\/#primaryimage","url":"https:\/\/www.miomiorun.com\/app\/uploads\/2026\/02\/hoka-Arahi-8-W-sunlight-neon-yuzu-1168691-SYZ.webp","contentUrl":"https:\/\/www.miomiorun.com\/app\/uploads\/2026\/02\/hoka-Arahi-8-W-sunlight-neon-yuzu-1168691-SYZ.webp","width":720,"height":720,"caption":"hoka Arahi 8 W sunlight neon yuzu 1168691 SYZ"},{"@type":"BreadcrumbList","@id":"https:\/\/www.miomiorun.com\/de\/produkt\/arahi-8-damen\/#breadcrumb","itemListElement":[{"@type":"ListItem","position":1,"name":"Home","item":"https:\/\/www.miomiorun.com\/de\/"},{"@type":"ListItem","position":2,"name":"Shop","item":"https:\/\/www.miomiorun.com\/shop\/"},{"@type":"ListItem","position":3,"name":"Arahi 8 damen"}]},{"@type":"WebSite","@id":"https:\/\/www.miomiorun.com\/de\/#website","url":"https:\/\/www.miomiorun.com\/de\/","name":"MioMioRun","description":"100% Lauf- und Trailshop","publisher":{"@id":"https:\/\/www.miomiorun.com\/de\/#organization"},"potentialAction":[{"@type":"SearchAction","target":{"@type":"EntryPoint","urlTemplate":"https:\/\/www.miomiorun.com\/de\/?s={search_term_string}"},"query-input":{"@type":"PropertyValueSpecification","valueRequired":true,"valueName":"search_term_string"}}],"inLanguage":"de-DE"},{"@type":"Organization","@id":"https:\/\/www.miomiorun.com\/de\/#organization","name":"MioMio Run","url":"https:\/\/www.miomiorun.com\/de\/","logo":{"@type":"ImageObject","inLanguage":"de-DE","@id":"https:\/\/www.miomiorun.com\/de\/#\/schema\/logo\/image\/","url":"https:\/\/www.miomiorun.com\/app\/uploads\/2019\/12\/logomio.png","contentUrl":"https:\/\/www.miomiorun.com\/app\/uploads\/2019\/12\/logomio.png","width":115,"height":82,"caption":"MioMio Run"},"image":{"@id":"https:\/\/www.miomiorun.com\/de\/#\/schema\/logo\/image\/"},"sameAs":["https:\/\/www.facebook.com\/miomiorun\/","https:\/\/www.instagram.com\/miomiorun\/"]}]}},"_links":{"self":[{"href":"https:\/\/www.miomiorun.com\/de\/wp-json\/wp\/v2\/product\/320195","targetHints":{"allow":["GET"]}}],"collection":[{"href":"https:\/\/www.miomiorun.com\/de\/wp-json\/wp\/v2\/product"}],"about":[{"href":"https:\/\/www.miomiorun.com\/de\/wp-json\/wp\/v2\/types\/product"}],"wp:featuredmedia":[{"embeddable":true,"href":"https:\/\/www.miomiorun.com\/de\/wp-json\/wp\/v2\/media\/411580"}],"wp:attachment":[{"href":"https:\/\/www.miomiorun.com\/de\/wp-json\/wp\/v2\/media?parent=320195"}],"wp:term":[{"taxonomy":"product_brand","embeddable":true,"href":"https:\/\/www.miomiorun.com\/de\/wp-json\/wp\/v2\/product_brand?post=320195"},{"taxonomy":"product_cat","embeddable":true,"href":"https:\/\/www.miomiorun.com\/de\/wp-json\/wp\/v2\/product_cat?post=320195"},{"taxonomy":"product_tag","embeddable":true,"href":"https:\/\/www.miomiorun.com\/de\/wp-json\/wp\/v2\/product_tag?post=320195"}],"curies":[{"name":"wp","href":"https:\/\/api.w.org\/{rel}","templated":true}]}}