{"id":319870,"date":"2025-06-20T16:39:54","date_gmt":"2025-06-20T14:39:54","guid":{"rendered":"https:\/\/miomiorun.com\/?post_type=product&#038;p=319870"},"modified":"2026-04-18T16:57:00","modified_gmt":"2026-04-18T14:57:00","slug":"challenger-8-damen","status":"publish","type":"product","link":"https:\/\/www.miomiorun.com\/de\/produkt\/challenger-8-damen\/","title":{"rendered":"Challenger 8 damen"},"content":{"rendered":"<table style=\"border-collapse: collapse;width: 100%\">\n<tbody>\n<tr>\n<td style=\"width: 33.3333%;vertical-align: top;text-align: center\"><strong>Technische Daten<\/strong><\/p>\n<p>Kategorie: Top-D\u00e4mpfung<br \/>\nOffset: 8 mm<br \/>\nGewicht: 246 g<br \/>\nIdeal f\u00fcr: Offroad-L\u00e4ufer, die ein gut ged\u00e4mpftes Modell suchen, das sich f\u00fcr lange und mittlere Distanzen sowohl in den Bergen als auch auf unbefestigten Stra\u00dfen und gelegentlich auf Asphalt eignet.<br \/>\nGewicht des Athleten: 60-70 kg<br \/>\nLaufschritt: mittel (5,00 min\/km)<br \/>\n<a href=\"https:\/\/miomiorun.com\/guida-alle-specifiche-tecniche\/\">Leitfaden zu den technischen Spezifikationen<\/a><\/td>\n<td style=\"width: 66.6666%;vertical-align: top;text-align: center\">\n<p data-start=\"192\" data-end=\"251\"><strong data-start=\"192\" data-end=\"251\">Stra\u00dfentauglich. Auf Trails getestet. \u00dcberall perfekt. <\/strong><\/p>\n<p data-start=\"253\" data-end=\"544\">Wenn Sie einen Schuh suchen, der Sie sicher und ohne Kompromisse von der Stra\u00dfe ins Gel\u00e4nde begleitet, ist der <strong data-start=\"351\" data-end=\"367\">Challenger 8<\/strong> die Antwort. Eine technische Weiterentwicklung, die das Beste aus zwei Welten vereint: die fl\u00fcssige D\u00e4mpfung eines Asphalt-Laufschuhs und die zuverl\u00e4ssige Traktion eines Trailrunners.<\/p>\n<p data-start=\"546\" data-end=\"570\"><strong data-start=\"546\" data-end=\"570\">Was macht ihn so einzigartig?<\/strong><\/p>\n<ul data-start=\"572\" data-end=\"1303\">\n<li data-start=\"572\" data-end=\"755\">\n<p data-start=\"574\" data-end=\"755\"><strong data-start=\"576\" data-end=\"597\">\u00dcberragender Komfort<\/strong>: Dank einer gr\u00f6\u00dferen Schaumstoffmenge unter der Fu\u00dfsohle und einer neuen, verbesserten Passform ist jeder Schritt stabiler, weicher und nat\u00fcrlicher.\n<\/p>\n<\/li>\n<li data-start=\"756\" data-end=\"943\">\n<p data-start=\"758\" data-end=\"943\"><strong data-start=\"760\" data-end=\"784\">Absolute Vielseitigkeit<\/strong>: Das neue Design der multidirektionalen 4-mm-Laufsohle sorgt f\u00fcr Grip und Reaktionsf\u00e4higkeit auf jedem Untergrund \u2013 von kompaktem Kies bis zu schlammigen Wegen. <\/p>\n<\/li>\n<li data-start=\"944\" data-end=\"1133\">\n<p data-start=\"946\" data-end=\"1133\"><strong data-start=\"948\" data-end=\"971\">Intelligentes Obermaterial<\/strong>: Das technische Mesh aus rPET (100 % recycelt) sorgt f\u00fcr Atmungsaktivit\u00e4t und Leichtigkeit, w\u00e4hrend die verst\u00e4rkten Details an der Spitze Schutz bei anspruchsvollen L\u00e4ufen bieten.\n<\/p>\n<\/li>\n<li data-start=\"1134\" data-end=\"1303\">\n<p data-start=\"1136\" data-end=\"1303\">&nbsp;<strong data-start=\"1138\" data-end=\"1159\">Verbessertes Design<\/strong>: Aktualisierte Form mit erh\u00f6htem Drop und besserer Passform im Vorfu\u00df- und Ristbereich f\u00fcr ein nat\u00fcrliches Laufgef\u00fchl. <\/p>\n<\/li>\n<\/ul>\n<p data-start=\"1305\" data-end=\"1395\"><strong data-start=\"1305\" data-end=\"1395\">Es ist nicht nur ein Schuh. Er ist ein Begleiter f\u00fcr deine anspruchsvollsten Trainingseinheiten.<\/strong><\/p>\n<p data-start=\"1397\" data-end=\"1582\">Ob du einen langen Lauf auf Asphalt oder einen abenteuerlichen Ausflug in den Wald unternimmst, der <strong data-start=\"1477\" data-end=\"1493\">Challenger 8<\/strong> begleitet dich \u00fcberall hin \u2013 mit unvergleichlichem Komfort, Schutz und Leistung.<\/p>\n<p data-start=\"1584\" data-end=\"1606\">&nbsp;<strong data-start=\"1587\" data-end=\"1603\">Perfekt f\u00fcr<\/strong>:<\/p>\n<ul data-start=\"1607\" data-end=\"1701\">\n<li data-start=\"1607\" data-end=\"1617\">\n<p data-start=\"1609\" data-end=\"1617\">Stra\u00dfe<\/p>\n<\/li>\n<li data-start=\"1618\" data-end=\"1627\">\n<p data-start=\"1620\" data-end=\"1627\">Trail<\/p>\n<\/li>\n<li data-start=\"1628\" data-end=\"1643\">\n<p data-start=\"1630\" data-end=\"1643\">Gemischte Rennen<\/p>\n<\/li>\n<\/ul>\n<\/td>\n<\/tr>\n<\/tbody>\n<\/table>\n<p>&nbsp;<\/p>\n","protected":false},"excerpt":{"rendered":"<ul>\n<li>3D-Siebdruckverst\u00e4rkung an der Spitze<\/li>\n<li>Formgepresstes EVA<\/li>\n<li>4 mm multidirektionales Profil<\/li>\n<\/ul>\n","protected":false},"featured_media":396104,"template":"","meta":{"_acf_changed":false,"inline_featured_image":false},"product_brand":[],"product_cat":[6474,6491],"product_tag":[3373,6228],"class_list":{"0":"post-319870","1":"product","2":"type-product","3":"status-publish","4":"has-post-thumbnail","6":"product_cat-damenschuhe","7":"product_cat-damentrailschuhe","8":"product_tag-hoka-one-one-de","9":"product_tag-hoka-one-one-damen-de","10":"pa_attivita-gehen","11":"pa_attivita-running-de","12":"pa_attivita-trail-de","13":"pa_colore-challenger-8-w-ambient-blue-blueberry","14":"pa_colore-challenger-8-w-black-gold-de","15":"pa_colore-challenger-8-w-skyward-blue-cielo-blue-de","16":"pa_colore-challenger-8-w-tidal-wave-pampas-grass","17":"pa_colore-challenger-8-w-white-neon-hoka-citrus-de","18":"pa_marca-hoka-de","19":"pa_sesso-damen","20":"pa_size-36-de","21":"pa_size-37-de","22":"pa_size-38-de","24":"pa_size-39-de","25":"pa_size-40-de","27":"pa_size-41-de","28":"pa_size-42-de","30":"first","31":"instock","32":"sale","33":"taxable","34":"shipping-taxable","35":"purchasable","36":"product-type-variable","37":"wvs-archive-product-wrapper"},"acf":[],"yoast_head":"<!-- This site is optimized with the Yoast SEO plugin v26.8 - https:\/\/yoast.com\/product\/yoast-seo-wordpress\/ -->\n<title>Hoka One One Challenger 8 damen - Trailrunningschuhe- MioMioRun<\/title>\n<meta name=\"description\" content=\"Entdecken Sie den Challenger 8: ein vielseitiger Laufschuh f\u00fcr Stra\u00dfe und Trail. \u00dcberragender Komfort, fortschrittliche Traktion und verbesserte Passform. Perfekt f\u00fcr jedes Gel\u00e4nde.\" \/>\n<meta name=\"robots\" content=\"index, follow, max-snippet:-1, max-image-preview:large, max-video-preview:-1\" \/>\n<link rel=\"canonical\" href=\"https:\/\/www.miomiorun.com\/de\/produkt\/challenger-8-damen\/\" \/>\n<meta property=\"og:locale\" content=\"de_DE\" \/>\n<meta property=\"og:type\" content=\"article\" \/>\n<meta property=\"og:title\" content=\"Hoka One One Challenger 8 damen - Trailrunningschuhe- MioMioRun\" \/>\n<meta property=\"og:description\" content=\"Entdecken Sie den Challenger 8: ein vielseitiger Laufschuh f\u00fcr Stra\u00dfe und Trail. \u00dcberragender Komfort, fortschrittliche Traktion und verbesserte Passform. Perfekt f\u00fcr jedes Gel\u00e4nde.\" \/>\n<meta property=\"og:url\" content=\"https:\/\/www.miomiorun.com\/de\/produkt\/challenger-8-damen\/\" \/>\n<meta property=\"og:site_name\" content=\"MioMioRun\" \/>\n<meta property=\"article:publisher\" content=\"https:\/\/www.facebook.com\/miomiorun\/\" \/>\n<meta property=\"article:modified_time\" content=\"2026-04-18T14:57:00+00:00\" \/>\n<meta property=\"og:image\" content=\"https:\/\/www.miomiorun.com\/app\/uploads\/2025\/07\/hoka-Challenger-8-W-blush-dark-cedar-1168717-BSHD.webp\" \/>\n\t<meta property=\"og:image:width\" content=\"600\" \/>\n\t<meta property=\"og:image:height\" content=\"600\" \/>\n\t<meta property=\"og:image:type\" content=\"image\/webp\" \/>\n<meta name=\"twitter:card\" content=\"summary_large_image\" \/>\n<meta name=\"twitter:label1\" content=\"Est. reading time\" \/>\n\t<meta name=\"twitter:data1\" content=\"1 minute\" \/>\n<script type=\"application\/ld+json\" class=\"yoast-schema-graph\">{\"@context\":\"https:\/\/schema.org\",\"@graph\":[{\"@type\":\"WebPage\",\"@id\":\"https:\/\/www.miomiorun.com\/de\/produkt\/challenger-8-damen\/\",\"url\":\"https:\/\/www.miomiorun.com\/de\/produkt\/challenger-8-damen\/\",\"name\":\"Hoka One One Challenger 8 damen - Trailrunningschuhe- MioMioRun\",\"isPartOf\":{\"@id\":\"https:\/\/www.miomiorun.com\/de\/#website\"},\"primaryImageOfPage\":{\"@id\":\"https:\/\/www.miomiorun.com\/de\/produkt\/challenger-8-damen\/#primaryimage\"},\"image\":{\"@id\":\"https:\/\/www.miomiorun.com\/de\/produkt\/challenger-8-damen\/#primaryimage\"},\"thumbnailUrl\":\"https:\/\/www.miomiorun.com\/app\/uploads\/2026\/02\/hoka-Challenger-8-W-ambient-blue-blueberry-1168717-ALBR.webp\",\"datePublished\":\"2025-06-20T14:39:54+00:00\",\"dateModified\":\"2026-04-18T14:57:00+00:00\",\"description\":\"Entdecken Sie den Challenger 8: ein vielseitiger Laufschuh f\u00fcr Stra\u00dfe und Trail. \u00dcberragender Komfort, fortschrittliche Traktion und verbesserte Passform. Perfekt f\u00fcr jedes Gel\u00e4nde.\",\"breadcrumb\":{\"@id\":\"https:\/\/www.miomiorun.com\/de\/produkt\/challenger-8-damen\/#breadcrumb\"},\"inLanguage\":\"de-DE\",\"potentialAction\":[{\"@type\":\"ReadAction\",\"target\":[\"https:\/\/www.miomiorun.com\/de\/produkt\/challenger-8-damen\/\"]}]},{\"@type\":\"ImageObject\",\"inLanguage\":\"de-DE\",\"@id\":\"https:\/\/www.miomiorun.com\/de\/produkt\/challenger-8-damen\/#primaryimage\",\"url\":\"https:\/\/www.miomiorun.com\/app\/uploads\/2026\/02\/hoka-Challenger-8-W-ambient-blue-blueberry-1168717-ALBR.webp\",\"contentUrl\":\"https:\/\/www.miomiorun.com\/app\/uploads\/2026\/02\/hoka-Challenger-8-W-ambient-blue-blueberry-1168717-ALBR.webp\",\"width\":720,\"height\":720,\"caption\":\"hoka Challenger 8 W ambient blue blueberry 1168717 ALBR\"},{\"@type\":\"BreadcrumbList\",\"@id\":\"https:\/\/www.miomiorun.com\/de\/produkt\/challenger-8-damen\/#breadcrumb\",\"itemListElement\":[{\"@type\":\"ListItem\",\"position\":1,\"name\":\"Home\",\"item\":\"https:\/\/www.miomiorun.com\/de\/\"},{\"@type\":\"ListItem\",\"position\":2,\"name\":\"Shop\",\"item\":\"https:\/\/www.miomiorun.com\/shop\/\"},{\"@type\":\"ListItem\",\"position\":3,\"name\":\"Challenger 8 damen\"}]},{\"@type\":\"WebSite\",\"@id\":\"https:\/\/www.miomiorun.com\/de\/#website\",\"url\":\"https:\/\/www.miomiorun.com\/de\/\",\"name\":\"MioMioRun\",\"description\":\"100% Lauf- und Trailshop\",\"publisher\":{\"@id\":\"https:\/\/www.miomiorun.com\/de\/#organization\"},\"potentialAction\":[{\"@type\":\"SearchAction\",\"target\":{\"@type\":\"EntryPoint\",\"urlTemplate\":\"https:\/\/www.miomiorun.com\/de\/?s={search_term_string}\"},\"query-input\":{\"@type\":\"PropertyValueSpecification\",\"valueRequired\":true,\"valueName\":\"search_term_string\"}}],\"inLanguage\":\"de-DE\"},{\"@type\":\"Organization\",\"@id\":\"https:\/\/www.miomiorun.com\/de\/#organization\",\"name\":\"MioMio Run\",\"url\":\"https:\/\/www.miomiorun.com\/de\/\",\"logo\":{\"@type\":\"ImageObject\",\"inLanguage\":\"de-DE\",\"@id\":\"https:\/\/www.miomiorun.com\/de\/#\/schema\/logo\/image\/\",\"url\":\"https:\/\/www.miomiorun.com\/app\/uploads\/2019\/12\/logomio.png\",\"contentUrl\":\"https:\/\/www.miomiorun.com\/app\/uploads\/2019\/12\/logomio.png\",\"width\":115,\"height\":82,\"caption\":\"MioMio Run\"},\"image\":{\"@id\":\"https:\/\/www.miomiorun.com\/de\/#\/schema\/logo\/image\/\"},\"sameAs\":[\"https:\/\/www.facebook.com\/miomiorun\/\",\"https:\/\/www.instagram.com\/miomiorun\/\"]}]}<\/script>\n<!-- \/ Yoast SEO plugin. -->","yoast_head_json":{"title":"Hoka One One Challenger 8 damen - Trailrunningschuhe- MioMioRun","description":"Entdecken Sie den Challenger 8: ein vielseitiger Laufschuh f\u00fcr Stra\u00dfe und Trail. \u00dcberragender Komfort, fortschrittliche Traktion und verbesserte Passform. Perfekt f\u00fcr jedes Gel\u00e4nde.","robots":{"index":"index","follow":"follow","max-snippet":"max-snippet:-1","max-image-preview":"max-image-preview:large","max-video-preview":"max-video-preview:-1"},"canonical":"https:\/\/www.miomiorun.com\/de\/produkt\/challenger-8-damen\/","og_locale":"de_DE","og_type":"article","og_title":"Hoka One One Challenger 8 damen - Trailrunningschuhe- MioMioRun","og_description":"Entdecken Sie den Challenger 8: ein vielseitiger Laufschuh f\u00fcr Stra\u00dfe und Trail. \u00dcberragender Komfort, fortschrittliche Traktion und verbesserte Passform. Perfekt f\u00fcr jedes Gel\u00e4nde.","og_url":"https:\/\/www.miomiorun.com\/de\/produkt\/challenger-8-damen\/","og_site_name":"MioMioRun","article_publisher":"https:\/\/www.facebook.com\/miomiorun\/","article_modified_time":"2026-04-18T14:57:00+00:00","og_image":[{"width":600,"height":600,"url":"https:\/\/www.miomiorun.com\/app\/uploads\/2025\/07\/hoka-Challenger-8-W-blush-dark-cedar-1168717-BSHD.webp","type":"image\/webp"}],"twitter_card":"summary_large_image","twitter_misc":{"Est. reading time":"1 minute"},"schema":{"@context":"https:\/\/schema.org","@graph":[{"@type":"WebPage","@id":"https:\/\/www.miomiorun.com\/de\/produkt\/challenger-8-damen\/","url":"https:\/\/www.miomiorun.com\/de\/produkt\/challenger-8-damen\/","name":"Hoka One One Challenger 8 damen - Trailrunningschuhe- MioMioRun","isPartOf":{"@id":"https:\/\/www.miomiorun.com\/de\/#website"},"primaryImageOfPage":{"@id":"https:\/\/www.miomiorun.com\/de\/produkt\/challenger-8-damen\/#primaryimage"},"image":{"@id":"https:\/\/www.miomiorun.com\/de\/produkt\/challenger-8-damen\/#primaryimage"},"thumbnailUrl":"https:\/\/www.miomiorun.com\/app\/uploads\/2026\/02\/hoka-Challenger-8-W-ambient-blue-blueberry-1168717-ALBR.webp","datePublished":"2025-06-20T14:39:54+00:00","dateModified":"2026-04-18T14:57:00+00:00","description":"Entdecken Sie den Challenger 8: ein vielseitiger Laufschuh f\u00fcr Stra\u00dfe und Trail. \u00dcberragender Komfort, fortschrittliche Traktion und verbesserte Passform. Perfekt f\u00fcr jedes Gel\u00e4nde.","breadcrumb":{"@id":"https:\/\/www.miomiorun.com\/de\/produkt\/challenger-8-damen\/#breadcrumb"},"inLanguage":"de-DE","potentialAction":[{"@type":"ReadAction","target":["https:\/\/www.miomiorun.com\/de\/produkt\/challenger-8-damen\/"]}]},{"@type":"ImageObject","inLanguage":"de-DE","@id":"https:\/\/www.miomiorun.com\/de\/produkt\/challenger-8-damen\/#primaryimage","url":"https:\/\/www.miomiorun.com\/app\/uploads\/2026\/02\/hoka-Challenger-8-W-ambient-blue-blueberry-1168717-ALBR.webp","contentUrl":"https:\/\/www.miomiorun.com\/app\/uploads\/2026\/02\/hoka-Challenger-8-W-ambient-blue-blueberry-1168717-ALBR.webp","width":720,"height":720,"caption":"hoka Challenger 8 W ambient blue blueberry 1168717 ALBR"},{"@type":"BreadcrumbList","@id":"https:\/\/www.miomiorun.com\/de\/produkt\/challenger-8-damen\/#breadcrumb","itemListElement":[{"@type":"ListItem","position":1,"name":"Home","item":"https:\/\/www.miomiorun.com\/de\/"},{"@type":"ListItem","position":2,"name":"Shop","item":"https:\/\/www.miomiorun.com\/shop\/"},{"@type":"ListItem","position":3,"name":"Challenger 8 damen"}]},{"@type":"WebSite","@id":"https:\/\/www.miomiorun.com\/de\/#website","url":"https:\/\/www.miomiorun.com\/de\/","name":"MioMioRun","description":"100% Lauf- und Trailshop","publisher":{"@id":"https:\/\/www.miomiorun.com\/de\/#organization"},"potentialAction":[{"@type":"SearchAction","target":{"@type":"EntryPoint","urlTemplate":"https:\/\/www.miomiorun.com\/de\/?s={search_term_string}"},"query-input":{"@type":"PropertyValueSpecification","valueRequired":true,"valueName":"search_term_string"}}],"inLanguage":"de-DE"},{"@type":"Organization","@id":"https:\/\/www.miomiorun.com\/de\/#organization","name":"MioMio Run","url":"https:\/\/www.miomiorun.com\/de\/","logo":{"@type":"ImageObject","inLanguage":"de-DE","@id":"https:\/\/www.miomiorun.com\/de\/#\/schema\/logo\/image\/","url":"https:\/\/www.miomiorun.com\/app\/uploads\/2019\/12\/logomio.png","contentUrl":"https:\/\/www.miomiorun.com\/app\/uploads\/2019\/12\/logomio.png","width":115,"height":82,"caption":"MioMio Run"},"image":{"@id":"https:\/\/www.miomiorun.com\/de\/#\/schema\/logo\/image\/"},"sameAs":["https:\/\/www.facebook.com\/miomiorun\/","https:\/\/www.instagram.com\/miomiorun\/"]}]}},"_links":{"self":[{"href":"https:\/\/www.miomiorun.com\/de\/wp-json\/wp\/v2\/product\/319870","targetHints":{"allow":["GET"]}}],"collection":[{"href":"https:\/\/www.miomiorun.com\/de\/wp-json\/wp\/v2\/product"}],"about":[{"href":"https:\/\/www.miomiorun.com\/de\/wp-json\/wp\/v2\/types\/product"}],"wp:featuredmedia":[{"embeddable":true,"href":"https:\/\/www.miomiorun.com\/de\/wp-json\/wp\/v2\/media\/396104"}],"wp:attachment":[{"href":"https:\/\/www.miomiorun.com\/de\/wp-json\/wp\/v2\/media?parent=319870"}],"wp:term":[{"taxonomy":"product_brand","embeddable":true,"href":"https:\/\/www.miomiorun.com\/de\/wp-json\/wp\/v2\/product_brand?post=319870"},{"taxonomy":"product_cat","embeddable":true,"href":"https:\/\/www.miomiorun.com\/de\/wp-json\/wp\/v2\/product_cat?post=319870"},{"taxonomy":"product_tag","embeddable":true,"href":"https:\/\/www.miomiorun.com\/de\/wp-json\/wp\/v2\/product_tag?post=319870"}],"curies":[{"name":"wp","href":"https:\/\/api.w.org\/{rel}","templated":true}]}}