{"id":317911,"date":"2025-06-06T16:01:19","date_gmt":"2025-06-06T14:01:19","guid":{"rendered":"https:\/\/miomiorun.com\/?post_type=product&#038;p=317911"},"modified":"2026-02-13T12:06:24","modified_gmt":"2026-02-13T11:06:24","slug":"herzfrequenzgurt-hrm-600","status":"publish","type":"product","link":"https:\/\/www.miomiorun.com\/de\/produkt\/herzfrequenzgurt-hrm-600\/","title":{"rendered":"Herzfrequenzgurt HRM 600"},"content":{"rendered":"<p><div class=\"vc-row container\"><div class=\"vc-column\"><div class=\"vc-column-text\"><\/p>\n<div class=\"app__overview__intro\" data-translate=\"\">\n<div class=\"app__layout-container app__layout-container--small app__layout-container--light\">\n<h2>TRAINIERE MIT DEM HERZEN<\/h2>\n<div class=\"app__overview__intro__description\">\n<p>Der Premium-Herzfrequenzmesser HRM 600 wurde f\u00fcr Sportler entwickelt, die Daten zu ihrer Leistung suchen, wobei der Schwerpunkt auf der Herzfrequenz und ihrer Variabilit\u00e4t sowie auf der Laufdynamik liegt.<\/p>\n<p style=\"text-align: center\">\n<\/div>\n<div class=\"app__column-layout app__column-layout__column--6 app__column-layout__column__mobile--2 app__overview__intro__icons\">\n<div class=\"app__feature__card\" data-translate=\"\">\n<p style=\"text-align: center\"><img decoding=\"async\" class=\"app__feature__card__image\" src=\"https:\/\/static.garmincdn.com\/gdc\/Product_Pages\/ICONS\/Heart_Rate_Sensors.svg\" alt=\"\"><\/p>\n<p class=\"app__feature__card__description app__feature__card__description--left\" style=\"text-align: center\">\u00dcBERTR\u00c4GT IN ECHTZEIT DATEN ZUR HERZFREQUENZ UND DEREN VARIABILIT\u00c4T AN KOMPATIBLE GER\u00c4TE UND APPS<\/p>\n<\/div>\n<div class=\"app__feature__card\" data-translate=\"\">\n<p><img decoding=\"async\" class=\"app__feature__card__image aligncenter\" src=\"https:\/\/static.garmincdn.com\/gdc\/Product_Pages\/ICONS\/recharge-battery.svg\" alt=\"\"><\/p>\n<p class=\"app__feature__card__description app__feature__card__description--left\" style=\"text-align: center\">AKKU-LAUFZEIT BIS ZU 2 MONATEN<\/p>\n<\/div>\n<div class=\"app__feature__card\" data-translate=\"\">\n<p><img decoding=\"async\" class=\"app__feature__card__image aligncenter\" src=\"https:\/\/static.garmincdn.com\/gdc\/Product_Pages\/ICONS\/wrist-based-running-dynamics.svg\" alt=\"\"><\/p>\n<p class=\"app__feature__card__description app__feature__card__description--left\" style=\"text-align: center\">LAUFDYNAMIK BEI VERBINDUNG MIT EINER KOMPATIBLEN SMARTWATCH<\/p>\n<\/div>\n<div class=\"app__feature__card\" data-translate=\"\">\n<p><img decoding=\"async\" class=\"app__feature__card__image aligncenter\" src=\"https:\/\/static.garmincdn.com\/gdc\/Product_Pages\/ICONS\/Garmin_Connect.svg\" alt=\"\"><\/p>\n<p class=\"app__feature__card__description app__feature__card__description--left\" style=\"text-align: center\">AKTIVIT\u00c4TEN AUFZEICHNEN UND OHNE UHR MIT DER GARMIN CONNECT\u2122-APP SYNCHRONISIEREN<\/p>\n<\/div>\n<div class=\"app__feature__card\" data-translate=\"\">\n<p><img decoding=\"async\" class=\"app__feature__card__image aligncenter\" src=\"https:\/\/static.garmincdn.com\/gdc\/Product_Pages\/ICONS\/Lightweight.svg\" alt=\"\"><\/p>\n<p class=\"app__feature__card__description app__feature__card__description--left\" style=\"text-align: center\">BEQUEMER, MASCHINENWASCHBARER ARMBAND IN ZWEI GR\u00d6SSEN ERH\u00c4LTLICH<\/p>\n<\/div>\n<div class=\"app__feature__card\" data-translate=\"\">\n<p><img decoding=\"async\" class=\"app__feature__card__image aligncenter\" src=\"https:\/\/static.garmincdn.com\/gdc\/Product_Pages\/ICONS\/Swim_Friendly.svg\" alt=\"\"><\/p>\n<p class=\"app__feature__card__description app__feature__card__description--left\" style=\"text-align: center\">ROBUST UND LANGLEBIG MIT WASSERDICHTIGKEITSKLASSE 5 ATM<\/p>\n<\/div>\n<\/div>\n<\/div>\n<\/div>\n<p><\/div><\/div><\/div><div class=\"vc-row container\"><div class=\"vc-column\"> <div style=\"height:32px\" class=\"vc-empty-space\"><\/div><\/div><\/div><div class=\"vc-row container\"><div class=\"vc-column\"><div class=\"vc-column-text\"><\/p>\n<h2 style=\"text-align: center\">WAS IHNEN GEFALLEN WIRD<\/h2>\n<div class=\"app__column-layout app__column-layout__column--3 app__column-layout__column__mobile--1\">\n<div class=\"app__feature__card\" data-translate=\"\">\n<h3>KONNEKTIVIT\u00c4T<\/h3>\n<p class=\"app__feature__card__description app__feature__card__description--left\">Der HRM 600 \u00fcbertr\u00e4gt pr\u00e4zise Daten zur Herzfrequenz und Herzfrequenzvariabilit\u00e4t in Echtzeit an Garmin-Smartwatches und Edge\u00ae-Fahrradcomputer, kompatible Fitnessger\u00e4te, die Tacx Training\u2122-App und andere Apps. <\/p>\n<\/div>\n<div class=\"app__feature__card\" data-translate=\"\">\n<h3>ERWEITERTE LAUFDYNAMIK<\/h3>\n<p class=\"app__feature__card__description app__feature__card__description--left\">Verbessern Sie Ihre Lauftechnik mit Laufdynamikdaten wie Schrittgeschwindigkeitsverlust<sup>1<\/sup>, um zu verstehen, wie stark Sie beim Aufsetzen des Fu\u00dfes abbremsen, sowie vertikaler Schwingung, Bodenkontaktzeit und Gleichgewicht (erfordert eine kompatible Smartwatch<sup>2<\/sup>).<\/p>\n<\/div>\n<div class=\"app__feature__card\" data-translate=\"\">\n<h3>AKTIVIT\u00c4TEN AUFZEICHNEN<\/h3>\n<p class=\"app__feature__card__description app__feature__card__description--left\">Bei Aktivit\u00e4ten, bei denen Sie keine Uhr tragen k\u00f6nnen, wie z. B. Mannschaftssportarten oder Kampfsportarten, zeichnet der Herzfrequenzmesser HRM 600 Ihr Training auf und synchronisiert Daten wie Herzfrequenz, Kalorien, Geschwindigkeit, Distanz und mehr direkt mit Garmin Connect <sup>3<\/sup>.<\/p>\n<div class=\"app__column-layout app__column-layout__column--3 app__column-layout__column__mobile--1\">\n<div class=\"app__feature__card\" data-translate=\"\">\n<h3>AKTIVIT\u00c4TSERFASSUNG<\/h3>\n<p class=\"app__feature__card__description app__feature__card__description--left\">Der HRM 600 zeichnet t\u00e4gliche Messwerte wie Schritte, Herzfrequenz, Kalorienverbrauch und Intensit\u00e4tsminuten auf und synchronisiert die Daten direkt mit der Garmin Connect-App, um sie auf allen Ger\u00e4ten zu aktualisieren.<\/p>\n<\/div>\n<div class=\"app__feature__card\" data-translate=\"\">\n<h3>VIELSEITIGKEIT IM TRAINING<\/h3>\n<p class=\"app__feature__card__description app__feature__card__description--left\">Beim Indoor-Laufen auf der Bahn und auf dem Laufband sendet der Herzfrequenzmesser HRM 600 Schritt- und Distanzdaten an die kompatible Smartwatch<sup>2<\/sup>. Beim Schwimmen speichert der HRM 600 Daten zur Herzfrequenz und \u00fcbertr\u00e4gt sie an die kompatible Smartwatch<sup>2<\/sup>, wenn die Aktivit\u00e4t gespeichert wird.<\/p>\n<\/div>\n<div class=\"app__feature__card\" data-translate=\"\">\n<h3>FUNKTIONAL UND LANGLEBIG<\/h3>\n<p class=\"app__feature__card__description app__feature__card__description--left\">Die LED-Anzeige informiert Sie, wenn der HRM 600 aktiv und einsatzbereit ist oder wenn die Batterie fast leer ist. Durch Dr\u00fccken der Taste k\u00f6nnen Sie den Herzfrequenzmesser einfach aktivieren und koppeln. Dar\u00fcber hinaus verf\u00fcgt der HRM 600 \u00fcber eine Wasserdichtigkeit von 5 ATM. <\/p>\n<\/div>\n<\/div>\n<\/div>\n<\/div>\n<p><\/div><\/div><\/div><\/p>\n","protected":false},"excerpt":{"rendered":"","protected":false},"featured_media":318606,"template":"","meta":{"_acf_changed":false,"inline_featured_image":false},"product_brand":[],"product_cat":[3344,3345],"product_tag":[3346],"class_list":{"0":"post-317911","1":"product","2":"type-product","3":"status-publish","4":"has-post-thumbnail","6":"product_cat-garmin-de","7":"product_cat-zubehoer-de-2","8":"product_tag-garmin-de","9":"pa_marca-garmin-de","10":"pa_sesso-damen","11":"pa_sesso-herren","12":"pa_size-m-xl-de","13":"pa_size-xs-s-de","15":"first","16":"instock","17":"sale","18":"taxable","19":"shipping-taxable","20":"purchasable","21":"product-type-variable","22":"wvs-archive-product-wrapper"},"acf":[],"yoast_head":"<!-- This site is optimized with the Yoast SEO plugin v26.8 - https:\/\/yoast.com\/product\/yoast-seo-wordpress\/ -->\n<title>Garmin Herzfrequenzgurt HRM 600 -Herzfrequenzb\u00e4nder - MioMioRun<\/title>\n<meta name=\"description\" content=\"Garmin HRM 600: leichter und pr\u00e4ziser Herzfrequenzmesser mit Bluetooth\u00ae- und ANT+-Konnektivit\u00e4t, ideal f\u00fcr Laufen, Fitness und Indoor-Training. Entdecken Sie ihn mit uns!\" \/>\n<meta name=\"robots\" content=\"index, follow, max-snippet:-1, max-image-preview:large, max-video-preview:-1\" \/>\n<link rel=\"canonical\" href=\"https:\/\/www.miomiorun.com\/de\/produkt\/herzfrequenzgurt-hrm-600\/\" \/>\n<meta property=\"og:locale\" content=\"de_DE\" \/>\n<meta property=\"og:type\" content=\"article\" \/>\n<meta property=\"og:title\" content=\"Garmin Herzfrequenzgurt HRM 600 -Herzfrequenzb\u00e4nder - MioMioRun\" \/>\n<meta property=\"og:description\" content=\"Garmin HRM 600: leichter und pr\u00e4ziser Herzfrequenzmesser mit Bluetooth\u00ae- und ANT+-Konnektivit\u00e4t, ideal f\u00fcr Laufen, Fitness und Indoor-Training. Entdecken Sie ihn mit uns!\" \/>\n<meta property=\"og:url\" content=\"https:\/\/www.miomiorun.com\/de\/produkt\/herzfrequenzgurt-hrm-600\/\" \/>\n<meta property=\"og:site_name\" content=\"MioMioRun\" \/>\n<meta property=\"article:publisher\" content=\"https:\/\/www.facebook.com\/miomiorun\/\" \/>\n<meta property=\"article:modified_time\" content=\"2026-02-13T11:06:24+00:00\" \/>\n<meta property=\"og:image\" content=\"https:\/\/www.miomiorun.com\/app\/uploads\/2025\/06\/garmin-HRM-600-XS-S-010-13383-01.webp\" \/>\n\t<meta property=\"og:image:width\" content=\"600\" \/>\n\t<meta property=\"og:image:height\" content=\"600\" \/>\n\t<meta property=\"og:image:type\" content=\"image\/webp\" \/>\n<meta name=\"twitter:card\" content=\"summary_large_image\" \/>\n<meta name=\"twitter:label1\" content=\"Est. reading time\" \/>\n\t<meta name=\"twitter:data1\" content=\"2 minutes\" \/>\n<script type=\"application\/ld+json\" class=\"yoast-schema-graph\">{\"@context\":\"https:\/\/schema.org\",\"@graph\":[{\"@type\":\"WebPage\",\"@id\":\"https:\/\/www.miomiorun.com\/de\/produkt\/herzfrequenzgurt-hrm-600\/\",\"url\":\"https:\/\/www.miomiorun.com\/de\/produkt\/herzfrequenzgurt-hrm-600\/\",\"name\":\"Garmin Herzfrequenzgurt HRM 600 -Herzfrequenzb\u00e4nder - MioMioRun\",\"isPartOf\":{\"@id\":\"https:\/\/www.miomiorun.com\/de\/#website\"},\"primaryImageOfPage\":{\"@id\":\"https:\/\/www.miomiorun.com\/de\/produkt\/herzfrequenzgurt-hrm-600\/#primaryimage\"},\"image\":{\"@id\":\"https:\/\/www.miomiorun.com\/de\/produkt\/herzfrequenzgurt-hrm-600\/#primaryimage\"},\"thumbnailUrl\":\"https:\/\/www.miomiorun.com\/app\/uploads\/2025\/06\/garmin-HRM-600-XS-S-010-13383-01.webp\",\"datePublished\":\"2025-06-06T14:01:19+00:00\",\"dateModified\":\"2026-02-13T11:06:24+00:00\",\"description\":\"Garmin HRM 600: leichter und pr\u00e4ziser Herzfrequenzmesser mit Bluetooth\u00ae- und ANT+-Konnektivit\u00e4t, ideal f\u00fcr Laufen, Fitness und Indoor-Training. Entdecken Sie ihn mit uns!\",\"breadcrumb\":{\"@id\":\"https:\/\/www.miomiorun.com\/de\/produkt\/herzfrequenzgurt-hrm-600\/#breadcrumb\"},\"inLanguage\":\"de-DE\",\"potentialAction\":[{\"@type\":\"ReadAction\",\"target\":[\"https:\/\/www.miomiorun.com\/de\/produkt\/herzfrequenzgurt-hrm-600\/\"]}]},{\"@type\":\"ImageObject\",\"inLanguage\":\"de-DE\",\"@id\":\"https:\/\/www.miomiorun.com\/de\/produkt\/herzfrequenzgurt-hrm-600\/#primaryimage\",\"url\":\"https:\/\/www.miomiorun.com\/app\/uploads\/2025\/06\/garmin-HRM-600-XS-S-010-13383-01.webp\",\"contentUrl\":\"https:\/\/www.miomiorun.com\/app\/uploads\/2025\/06\/garmin-HRM-600-XS-S-010-13383-01.webp\",\"width\":600,\"height\":600,\"caption\":\"garmin HRM 600 XS-S 010-13383-01\"},{\"@type\":\"BreadcrumbList\",\"@id\":\"https:\/\/www.miomiorun.com\/de\/produkt\/herzfrequenzgurt-hrm-600\/#breadcrumb\",\"itemListElement\":[{\"@type\":\"ListItem\",\"position\":1,\"name\":\"Home\",\"item\":\"https:\/\/www.miomiorun.com\/de\/\"},{\"@type\":\"ListItem\",\"position\":2,\"name\":\"Shop\",\"item\":\"https:\/\/www.miomiorun.com\/shop\/\"},{\"@type\":\"ListItem\",\"position\":3,\"name\":\"Herzfrequenzgurt HRM 600\"}]},{\"@type\":\"WebSite\",\"@id\":\"https:\/\/www.miomiorun.com\/de\/#website\",\"url\":\"https:\/\/www.miomiorun.com\/de\/\",\"name\":\"MioMioRun\",\"description\":\"100% Lauf- und Trailshop\",\"publisher\":{\"@id\":\"https:\/\/www.miomiorun.com\/de\/#organization\"},\"potentialAction\":[{\"@type\":\"SearchAction\",\"target\":{\"@type\":\"EntryPoint\",\"urlTemplate\":\"https:\/\/www.miomiorun.com\/de\/?s={search_term_string}\"},\"query-input\":{\"@type\":\"PropertyValueSpecification\",\"valueRequired\":true,\"valueName\":\"search_term_string\"}}],\"inLanguage\":\"de-DE\"},{\"@type\":\"Organization\",\"@id\":\"https:\/\/www.miomiorun.com\/de\/#organization\",\"name\":\"MioMio Run\",\"url\":\"https:\/\/www.miomiorun.com\/de\/\",\"logo\":{\"@type\":\"ImageObject\",\"inLanguage\":\"de-DE\",\"@id\":\"https:\/\/www.miomiorun.com\/de\/#\/schema\/logo\/image\/\",\"url\":\"https:\/\/www.miomiorun.com\/app\/uploads\/2019\/12\/logomio.png\",\"contentUrl\":\"https:\/\/www.miomiorun.com\/app\/uploads\/2019\/12\/logomio.png\",\"width\":115,\"height\":82,\"caption\":\"MioMio Run\"},\"image\":{\"@id\":\"https:\/\/www.miomiorun.com\/de\/#\/schema\/logo\/image\/\"},\"sameAs\":[\"https:\/\/www.facebook.com\/miomiorun\/\",\"https:\/\/www.instagram.com\/miomiorun\/\"]}]}<\/script>\n<!-- \/ Yoast SEO plugin. -->","yoast_head_json":{"title":"Garmin Herzfrequenzgurt HRM 600 -Herzfrequenzb\u00e4nder - MioMioRun","description":"Garmin HRM 600: leichter und pr\u00e4ziser Herzfrequenzmesser mit Bluetooth\u00ae- und ANT+-Konnektivit\u00e4t, ideal f\u00fcr Laufen, Fitness und Indoor-Training. Entdecken Sie ihn mit uns!","robots":{"index":"index","follow":"follow","max-snippet":"max-snippet:-1","max-image-preview":"max-image-preview:large","max-video-preview":"max-video-preview:-1"},"canonical":"https:\/\/www.miomiorun.com\/de\/produkt\/herzfrequenzgurt-hrm-600\/","og_locale":"de_DE","og_type":"article","og_title":"Garmin Herzfrequenzgurt HRM 600 -Herzfrequenzb\u00e4nder - MioMioRun","og_description":"Garmin HRM 600: leichter und pr\u00e4ziser Herzfrequenzmesser mit Bluetooth\u00ae- und ANT+-Konnektivit\u00e4t, ideal f\u00fcr Laufen, Fitness und Indoor-Training. Entdecken Sie ihn mit uns!","og_url":"https:\/\/www.miomiorun.com\/de\/produkt\/herzfrequenzgurt-hrm-600\/","og_site_name":"MioMioRun","article_publisher":"https:\/\/www.facebook.com\/miomiorun\/","article_modified_time":"2026-02-13T11:06:24+00:00","og_image":[{"width":600,"height":600,"url":"https:\/\/www.miomiorun.com\/app\/uploads\/2025\/06\/garmin-HRM-600-XS-S-010-13383-01.webp","type":"image\/webp"}],"twitter_card":"summary_large_image","twitter_misc":{"Est. reading time":"2 minutes"},"schema":{"@context":"https:\/\/schema.org","@graph":[{"@type":"WebPage","@id":"https:\/\/www.miomiorun.com\/de\/produkt\/herzfrequenzgurt-hrm-600\/","url":"https:\/\/www.miomiorun.com\/de\/produkt\/herzfrequenzgurt-hrm-600\/","name":"Garmin Herzfrequenzgurt HRM 600 -Herzfrequenzb\u00e4nder - MioMioRun","isPartOf":{"@id":"https:\/\/www.miomiorun.com\/de\/#website"},"primaryImageOfPage":{"@id":"https:\/\/www.miomiorun.com\/de\/produkt\/herzfrequenzgurt-hrm-600\/#primaryimage"},"image":{"@id":"https:\/\/www.miomiorun.com\/de\/produkt\/herzfrequenzgurt-hrm-600\/#primaryimage"},"thumbnailUrl":"https:\/\/www.miomiorun.com\/app\/uploads\/2025\/06\/garmin-HRM-600-XS-S-010-13383-01.webp","datePublished":"2025-06-06T14:01:19+00:00","dateModified":"2026-02-13T11:06:24+00:00","description":"Garmin HRM 600: leichter und pr\u00e4ziser Herzfrequenzmesser mit Bluetooth\u00ae- und ANT+-Konnektivit\u00e4t, ideal f\u00fcr Laufen, Fitness und Indoor-Training. Entdecken Sie ihn mit uns!","breadcrumb":{"@id":"https:\/\/www.miomiorun.com\/de\/produkt\/herzfrequenzgurt-hrm-600\/#breadcrumb"},"inLanguage":"de-DE","potentialAction":[{"@type":"ReadAction","target":["https:\/\/www.miomiorun.com\/de\/produkt\/herzfrequenzgurt-hrm-600\/"]}]},{"@type":"ImageObject","inLanguage":"de-DE","@id":"https:\/\/www.miomiorun.com\/de\/produkt\/herzfrequenzgurt-hrm-600\/#primaryimage","url":"https:\/\/www.miomiorun.com\/app\/uploads\/2025\/06\/garmin-HRM-600-XS-S-010-13383-01.webp","contentUrl":"https:\/\/www.miomiorun.com\/app\/uploads\/2025\/06\/garmin-HRM-600-XS-S-010-13383-01.webp","width":600,"height":600,"caption":"garmin HRM 600 XS-S 010-13383-01"},{"@type":"BreadcrumbList","@id":"https:\/\/www.miomiorun.com\/de\/produkt\/herzfrequenzgurt-hrm-600\/#breadcrumb","itemListElement":[{"@type":"ListItem","position":1,"name":"Home","item":"https:\/\/www.miomiorun.com\/de\/"},{"@type":"ListItem","position":2,"name":"Shop","item":"https:\/\/www.miomiorun.com\/shop\/"},{"@type":"ListItem","position":3,"name":"Herzfrequenzgurt HRM 600"}]},{"@type":"WebSite","@id":"https:\/\/www.miomiorun.com\/de\/#website","url":"https:\/\/www.miomiorun.com\/de\/","name":"MioMioRun","description":"100% Lauf- und Trailshop","publisher":{"@id":"https:\/\/www.miomiorun.com\/de\/#organization"},"potentialAction":[{"@type":"SearchAction","target":{"@type":"EntryPoint","urlTemplate":"https:\/\/www.miomiorun.com\/de\/?s={search_term_string}"},"query-input":{"@type":"PropertyValueSpecification","valueRequired":true,"valueName":"search_term_string"}}],"inLanguage":"de-DE"},{"@type":"Organization","@id":"https:\/\/www.miomiorun.com\/de\/#organization","name":"MioMio Run","url":"https:\/\/www.miomiorun.com\/de\/","logo":{"@type":"ImageObject","inLanguage":"de-DE","@id":"https:\/\/www.miomiorun.com\/de\/#\/schema\/logo\/image\/","url":"https:\/\/www.miomiorun.com\/app\/uploads\/2019\/12\/logomio.png","contentUrl":"https:\/\/www.miomiorun.com\/app\/uploads\/2019\/12\/logomio.png","width":115,"height":82,"caption":"MioMio Run"},"image":{"@id":"https:\/\/www.miomiorun.com\/de\/#\/schema\/logo\/image\/"},"sameAs":["https:\/\/www.facebook.com\/miomiorun\/","https:\/\/www.instagram.com\/miomiorun\/"]}]}},"_links":{"self":[{"href":"https:\/\/www.miomiorun.com\/de\/wp-json\/wp\/v2\/product\/317911","targetHints":{"allow":["GET"]}}],"collection":[{"href":"https:\/\/www.miomiorun.com\/de\/wp-json\/wp\/v2\/product"}],"about":[{"href":"https:\/\/www.miomiorun.com\/de\/wp-json\/wp\/v2\/types\/product"}],"wp:featuredmedia":[{"embeddable":true,"href":"https:\/\/www.miomiorun.com\/de\/wp-json\/wp\/v2\/media\/318606"}],"wp:attachment":[{"href":"https:\/\/www.miomiorun.com\/de\/wp-json\/wp\/v2\/media?parent=317911"}],"wp:term":[{"taxonomy":"product_brand","embeddable":true,"href":"https:\/\/www.miomiorun.com\/de\/wp-json\/wp\/v2\/product_brand?post=317911"},{"taxonomy":"product_cat","embeddable":true,"href":"https:\/\/www.miomiorun.com\/de\/wp-json\/wp\/v2\/product_cat?post=317911"},{"taxonomy":"product_tag","embeddable":true,"href":"https:\/\/www.miomiorun.com\/de\/wp-json\/wp\/v2\/product_tag?post=317911"}],"curies":[{"name":"wp","href":"https:\/\/api.w.org\/{rel}","templated":true}]}}