{"id":317469,"date":"2025-06-06T12:05:39","date_gmt":"2025-06-06T10:05:39","guid":{"rendered":"https:\/\/miomiorun.com\/?post_type=product&#038;p=317469"},"modified":"2026-05-09T09:55:36","modified_gmt":"2026-05-09T07:55:36","slug":"ghost-17-herren","status":"publish","type":"product","link":"https:\/\/www.miomiorun.com\/de\/produkt\/ghost-17-herren\/","title":{"rendered":"Ghost 17 herren"},"content":{"rendered":"<div class=\"vc-row container\"><div class=\"vc-column\"><div class=\"vc-column-text\"><\/p>\n<h4>Technische Daten<\/h4>\n<p>Kategorie: Weiche und dynamische D\u00e4mpfung<br \/>\nVersatz: 10 mm<br \/>\nGewicht: 286,3g<br \/>\nIdeal f\u00fcr: L\u00e4ufer mit neutralem Fu\u00df, die ein Modell suchen, das eine gute D\u00e4mpfung und ausgezeichnete Vielseitigkeit f\u00fcr lange oder mittlere Strecken und Spazierg\u00e4nge bietet.<br \/>\nGewicht des Athleten: 70 kg<br \/>\nLauftempo: mittel (5 min\/km)<br \/>\n<a href=\"https:\/\/miomiorun.com\/de\/leitfaden-fuer-technische-spezifikationen\/\">Spezifikationsf\u00fchrer<\/a><\/p>\n<p><\/div><\/div><div class=\"vc-column\"><div class=\"vc-column-text\"><\/p>\n<p data-end=\"521\" data-start=\"235\">Der neue <strong data-end=\"256\" data-start=\"244\">Ghost 17<\/strong> von Brooks ist die perfekte Weiterentwicklung des Laufschuhs, der bereits Tausende von L\u00e4ufern auf der ganzen Welt \u00fcberzeugt hat. Ideal f\u00fcr den t\u00e4glichen L\u00e4ufer oder Walker, kombiniert er <strong data-end=\"449\" data-start=\"416\">ultra-weiche D\u00e4mpfung<\/strong>, weiche \u00dcberg\u00e4nge und \u00fcberragenden Komfort, Meile f\u00fcr Meile.<\/p>\n<p data-end=\"888\" data-start=\"523\">Im Vergleich zum Ghost 16 hebt der Ghost 17 den Komfort auf die n\u00e4chste Stufe mit einer<strong data-end=\"631\" data-start=\"606\">aktualisierten Zwischensohle<\/strong> <strong data-end=\"670\" data-start=\"642\">mit nitro-infundiertem DNA LOFT v3<\/strong>: +1mm Schaumstoff in der Ferse und +3mm im Vorfu\u00df f\u00fcr noch mehr ausgewogene Weichheit. Neue <strong data-end=\"802\" data-start=\"775\">strategische Rillen<\/strong> verbessern die Flexibilit\u00e4t und beg\u00fcnstigen einen nat\u00fcrlichen und kontinuierlichen Bewegungsablauf bei jedem Schritt.<\/p>\n<p data-end=\"1075\" data-start=\"890\">Egal, ob du ein regelm\u00e4\u00dfiger L\u00e4ufer bist oder einen Schuh f\u00fcr das t\u00e4gliche Training suchst, der <strong data-end=\"991\" data-start=\"979\">Ghost 17<\/strong> wurde entwickelt, um dir ein geschmeidiges, stabiles und komfortables Laufgef\u00fchl unter allen Bedingungen zu bieten.<\/p>\n<h4 data-end=\"1118\" data-start=\"1082\"><strong data-end=\"1118\" data-start=\"1087\">Hauptmerkmale:<\/strong><\/h4>\n<ul data-end=\"1482\" data-start=\"1119\">\n<li data-end=\"1172\" data-start=\"1119\">\n<p data-end=\"1172\" data-start=\"1121\"><strong data-end=\"1152\" data-start=\"1137\">DNA LOFT v3<\/strong> nitro-infundierte D\u00e4mpfung<\/p>\n<\/li>\n<li data-end=\"1242\" data-start=\"1173\">\n<p data-end=\"1242\" data-start=\"1175\">Neue <strong data-end=\"1204\" data-start=\"1181\">konturierte Zwischensohle<\/strong> f\u00fcr ein geschmeidigeres und flexibleres Laufgef\u00fchl<\/p>\n<\/li>\n<li data-end=\"1314\" data-start=\"1243\">\n<p data-end=\"1314\" data-start=\"1245\">Mehr Schaumstoff: +1 mm in der Ferse, +3 mm im Vorfu\u00dfbereich<\/p>\n<\/li>\n<li data-end=\"1358\" data-start=\"1315\">\n<p data-end=\"1358\" data-start=\"1317\">Geeignet f\u00fcr das <strong data-end=\"1358\" data-start=\"1326\">t\u00e4gliche Laufen und Gehen<\/strong><\/p>\n<\/li>\n<li data-end=\"1412\" data-start=\"1359\">\n<p data-end=\"1412\" data-start=\"1361\">Sanftere \u00dcberg\u00e4nge dank aktualisiertem Design<\/p>\n<\/li>\n<li data-end=\"1482\" data-start=\"1413\">\n<p data-end=\"1482\" data-start=\"1415\">Eine beliebte Wahl von L\u00e4ufern f\u00fcr <strong data-end=\"1482\" data-start=\"1457\">Komfort und Vielseitigkeit<\/strong><\/p>\n<\/li>\n<\/ul>\n<p><\/div><\/div><\/div>\n","protected":false},"excerpt":{"rendered":"<ul>\n<li>DNA LOFT V3 Nitro-Infusion-D\u00e4mpfung<\/li>\n<li>Glatte \u00dcberg\u00e4nge<\/li>\n<li>Verbessertes Obermaterial<\/li>\n<\/ul>\n","protected":false},"featured_media":389807,"template":"","meta":{"_acf_changed":false,"inline_featured_image":false},"product_brand":[],"product_cat":[6507,6506],"product_tag":[3362,6207],"class_list":{"0":"post-317469","1":"product","2":"type-product","3":"status-publish","4":"has-post-thumbnail","6":"product_cat-herren-schuhe-de","7":"product_cat-neutrale-herren-schuhe-de","8":"product_tag-brooks-de","9":"product_tag-brooks-herren-de","10":"pa_attivita-gehen","11":"pa_attivita-running-de","12":"pa_colore-ghost-17-acid-lime-navy-white-de","13":"pa_colore-ghost-17-atlantic-deep-black-green-de","14":"pa_colore-ghost-17-beacon-blue-moonlight-starfish-de","15":"pa_colore-ghost-17-black-grey-white-de","16":"pa_colore-ghost-17-blazing-orange-yellow-ebony-de","17":"pa_colore-ghost-17-gray-mist-yucca-nightlife-de","18":"pa_colore-ghost-17-oyster-beacon-blue-gecko","19":"pa_colore-ghost-17-peacoat-lime-blue-de","20":"pa_colore-ghost-17-white-beacon-blue-ipanema","21":"pa_colore-ghost-17-white-black-tea-de","22":"pa_marca-brooks-de","23":"pa_sesso-herren","24":"pa_size-41-de","25":"pa_size-42-de","26":"pa_size-42-5-de","27":"pa_size-43-de","28":"pa_size-44-de","29":"pa_size-44-5-de","30":"pa_size-45-de","31":"pa_size-45-5-de","32":"pa_size-46-de","33":"pa_size-46-5-de","34":"pa_size-47-5-de","36":"first","37":"instock","38":"sale","39":"taxable","40":"shipping-taxable","41":"purchasable","42":"product-type-variable","43":"wvs-archive-product-wrapper"},"acf":[],"yoast_head":"<!-- This site is optimized with the Yoast SEO plugin v26.8 - https:\/\/yoast.com\/product\/yoast-seo-wordpress\/ -->\n<title>Brooks Ghost 17 herren - Laufschuhe f\u00fcr Herren - MioMioRun.com<\/title>\n<meta name=\"description\" content=\"Brooks Ghost 17: verbesserte DNA LOFT v3-D\u00e4mpfung, \u00fcberragender Komfort und weiche \u00dcberg\u00e4nge. Ideal f\u00fcr L\u00e4ufer und Walker aller Leistungsklassen.\" \/>\n<meta name=\"robots\" content=\"index, follow, max-snippet:-1, max-image-preview:large, max-video-preview:-1\" \/>\n<link rel=\"canonical\" href=\"https:\/\/www.miomiorun.com\/de\/produkt\/ghost-17-herren\/\" \/>\n<meta property=\"og:locale\" content=\"de_DE\" \/>\n<meta property=\"og:type\" content=\"article\" \/>\n<meta property=\"og:title\" content=\"Brooks Ghost 17 herren - Laufschuhe f\u00fcr Herren - MioMioRun.com\" \/>\n<meta property=\"og:description\" content=\"Brooks Ghost 17: verbesserte DNA LOFT v3-D\u00e4mpfung, \u00fcberragender Komfort und weiche \u00dcberg\u00e4nge. Ideal f\u00fcr L\u00e4ufer und Walker aller Leistungsklassen.\" \/>\n<meta property=\"og:url\" content=\"https:\/\/www.miomiorun.com\/de\/produkt\/ghost-17-herren\/\" \/>\n<meta property=\"og:site_name\" content=\"MioMioRun\" \/>\n<meta property=\"article:publisher\" content=\"https:\/\/www.facebook.com\/miomiorun\/\" \/>\n<meta property=\"article:modified_time\" content=\"2026-05-09T07:55:36+00:00\" \/>\n<meta property=\"og:image\" content=\"https:\/\/www.miomiorun.com\/app\/uploads\/2026\/01\/brooks-Ghost-17-beacon-blue-moonlight-starfish-1104421D443.webp\" \/>\n\t<meta property=\"og:image:width\" content=\"720\" \/>\n\t<meta property=\"og:image:height\" content=\"720\" \/>\n\t<meta property=\"og:image:type\" content=\"image\/webp\" \/>\n<meta name=\"twitter:card\" content=\"summary_large_image\" \/>\n<meta name=\"twitter:label1\" content=\"Est. reading time\" \/>\n\t<meta name=\"twitter:data1\" content=\"2 minutes\" \/>\n<script type=\"application\/ld+json\" class=\"yoast-schema-graph\">{\"@context\":\"https:\/\/schema.org\",\"@graph\":[{\"@type\":\"WebPage\",\"@id\":\"https:\/\/www.miomiorun.com\/de\/produkt\/ghost-17-herren\/\",\"url\":\"https:\/\/www.miomiorun.com\/de\/produkt\/ghost-17-herren\/\",\"name\":\"Brooks Ghost 17 herren - Laufschuhe f\u00fcr Herren - MioMioRun.com\",\"isPartOf\":{\"@id\":\"https:\/\/www.miomiorun.com\/de\/#website\"},\"primaryImageOfPage\":{\"@id\":\"https:\/\/www.miomiorun.com\/de\/produkt\/ghost-17-herren\/#primaryimage\"},\"image\":{\"@id\":\"https:\/\/www.miomiorun.com\/de\/produkt\/ghost-17-herren\/#primaryimage\"},\"thumbnailUrl\":\"https:\/\/www.miomiorun.com\/app\/uploads\/2026\/01\/brooks-Ghost-17-beacon-blue-moonlight-starfish-1104421D443.webp\",\"datePublished\":\"2025-06-06T10:05:39+00:00\",\"dateModified\":\"2026-05-09T07:55:36+00:00\",\"description\":\"Brooks Ghost 17: verbesserte DNA LOFT v3-D\u00e4mpfung, \u00fcberragender Komfort und weiche \u00dcberg\u00e4nge. Ideal f\u00fcr L\u00e4ufer und Walker aller Leistungsklassen.\",\"breadcrumb\":{\"@id\":\"https:\/\/www.miomiorun.com\/de\/produkt\/ghost-17-herren\/#breadcrumb\"},\"inLanguage\":\"de-DE\",\"potentialAction\":[{\"@type\":\"ReadAction\",\"target\":[\"https:\/\/www.miomiorun.com\/de\/produkt\/ghost-17-herren\/\"]}]},{\"@type\":\"ImageObject\",\"inLanguage\":\"de-DE\",\"@id\":\"https:\/\/www.miomiorun.com\/de\/produkt\/ghost-17-herren\/#primaryimage\",\"url\":\"https:\/\/www.miomiorun.com\/app\/uploads\/2026\/01\/brooks-Ghost-17-beacon-blue-moonlight-starfish-1104421D443.webp\",\"contentUrl\":\"https:\/\/www.miomiorun.com\/app\/uploads\/2026\/01\/brooks-Ghost-17-beacon-blue-moonlight-starfish-1104421D443.webp\",\"width\":720,\"height\":720,\"caption\":\"brooks Ghost 17 beacon blue moonlight starfish 1104421D443\"},{\"@type\":\"BreadcrumbList\",\"@id\":\"https:\/\/www.miomiorun.com\/de\/produkt\/ghost-17-herren\/#breadcrumb\",\"itemListElement\":[{\"@type\":\"ListItem\",\"position\":1,\"name\":\"Home\",\"item\":\"https:\/\/www.miomiorun.com\/de\/\"},{\"@type\":\"ListItem\",\"position\":2,\"name\":\"Shop\",\"item\":\"https:\/\/www.miomiorun.com\/shop\/\"},{\"@type\":\"ListItem\",\"position\":3,\"name\":\"Ghost 17 herren\"}]},{\"@type\":\"WebSite\",\"@id\":\"https:\/\/www.miomiorun.com\/de\/#website\",\"url\":\"https:\/\/www.miomiorun.com\/de\/\",\"name\":\"MioMioRun\",\"description\":\"100% Lauf- und Trailshop\",\"publisher\":{\"@id\":\"https:\/\/www.miomiorun.com\/de\/#organization\"},\"potentialAction\":[{\"@type\":\"SearchAction\",\"target\":{\"@type\":\"EntryPoint\",\"urlTemplate\":\"https:\/\/www.miomiorun.com\/de\/?s={search_term_string}\"},\"query-input\":{\"@type\":\"PropertyValueSpecification\",\"valueRequired\":true,\"valueName\":\"search_term_string\"}}],\"inLanguage\":\"de-DE\"},{\"@type\":\"Organization\",\"@id\":\"https:\/\/www.miomiorun.com\/de\/#organization\",\"name\":\"MioMio Run\",\"url\":\"https:\/\/www.miomiorun.com\/de\/\",\"logo\":{\"@type\":\"ImageObject\",\"inLanguage\":\"de-DE\",\"@id\":\"https:\/\/www.miomiorun.com\/de\/#\/schema\/logo\/image\/\",\"url\":\"https:\/\/www.miomiorun.com\/app\/uploads\/2019\/12\/logomio.png\",\"contentUrl\":\"https:\/\/www.miomiorun.com\/app\/uploads\/2019\/12\/logomio.png\",\"width\":115,\"height\":82,\"caption\":\"MioMio Run\"},\"image\":{\"@id\":\"https:\/\/www.miomiorun.com\/de\/#\/schema\/logo\/image\/\"},\"sameAs\":[\"https:\/\/www.facebook.com\/miomiorun\/\",\"https:\/\/www.instagram.com\/miomiorun\/\"]}]}<\/script>\n<!-- \/ Yoast SEO plugin. -->","yoast_head_json":{"title":"Brooks Ghost 17 herren - Laufschuhe f\u00fcr Herren - MioMioRun.com","description":"Brooks Ghost 17: verbesserte DNA LOFT v3-D\u00e4mpfung, \u00fcberragender Komfort und weiche \u00dcberg\u00e4nge. Ideal f\u00fcr L\u00e4ufer und Walker aller Leistungsklassen.","robots":{"index":"index","follow":"follow","max-snippet":"max-snippet:-1","max-image-preview":"max-image-preview:large","max-video-preview":"max-video-preview:-1"},"canonical":"https:\/\/www.miomiorun.com\/de\/produkt\/ghost-17-herren\/","og_locale":"de_DE","og_type":"article","og_title":"Brooks Ghost 17 herren - Laufschuhe f\u00fcr Herren - MioMioRun.com","og_description":"Brooks Ghost 17: verbesserte DNA LOFT v3-D\u00e4mpfung, \u00fcberragender Komfort und weiche \u00dcberg\u00e4nge. Ideal f\u00fcr L\u00e4ufer und Walker aller Leistungsklassen.","og_url":"https:\/\/www.miomiorun.com\/de\/produkt\/ghost-17-herren\/","og_site_name":"MioMioRun","article_publisher":"https:\/\/www.facebook.com\/miomiorun\/","article_modified_time":"2026-05-09T07:55:36+00:00","og_image":[{"width":720,"height":720,"url":"https:\/\/www.miomiorun.com\/app\/uploads\/2026\/01\/brooks-Ghost-17-beacon-blue-moonlight-starfish-1104421D443.webp","type":"image\/webp"}],"twitter_card":"summary_large_image","twitter_misc":{"Est. reading time":"2 minutes"},"schema":{"@context":"https:\/\/schema.org","@graph":[{"@type":"WebPage","@id":"https:\/\/www.miomiorun.com\/de\/produkt\/ghost-17-herren\/","url":"https:\/\/www.miomiorun.com\/de\/produkt\/ghost-17-herren\/","name":"Brooks Ghost 17 herren - Laufschuhe f\u00fcr Herren - MioMioRun.com","isPartOf":{"@id":"https:\/\/www.miomiorun.com\/de\/#website"},"primaryImageOfPage":{"@id":"https:\/\/www.miomiorun.com\/de\/produkt\/ghost-17-herren\/#primaryimage"},"image":{"@id":"https:\/\/www.miomiorun.com\/de\/produkt\/ghost-17-herren\/#primaryimage"},"thumbnailUrl":"https:\/\/www.miomiorun.com\/app\/uploads\/2026\/01\/brooks-Ghost-17-beacon-blue-moonlight-starfish-1104421D443.webp","datePublished":"2025-06-06T10:05:39+00:00","dateModified":"2026-05-09T07:55:36+00:00","description":"Brooks Ghost 17: verbesserte DNA LOFT v3-D\u00e4mpfung, \u00fcberragender Komfort und weiche \u00dcberg\u00e4nge. Ideal f\u00fcr L\u00e4ufer und Walker aller Leistungsklassen.","breadcrumb":{"@id":"https:\/\/www.miomiorun.com\/de\/produkt\/ghost-17-herren\/#breadcrumb"},"inLanguage":"de-DE","potentialAction":[{"@type":"ReadAction","target":["https:\/\/www.miomiorun.com\/de\/produkt\/ghost-17-herren\/"]}]},{"@type":"ImageObject","inLanguage":"de-DE","@id":"https:\/\/www.miomiorun.com\/de\/produkt\/ghost-17-herren\/#primaryimage","url":"https:\/\/www.miomiorun.com\/app\/uploads\/2026\/01\/brooks-Ghost-17-beacon-blue-moonlight-starfish-1104421D443.webp","contentUrl":"https:\/\/www.miomiorun.com\/app\/uploads\/2026\/01\/brooks-Ghost-17-beacon-blue-moonlight-starfish-1104421D443.webp","width":720,"height":720,"caption":"brooks Ghost 17 beacon blue moonlight starfish 1104421D443"},{"@type":"BreadcrumbList","@id":"https:\/\/www.miomiorun.com\/de\/produkt\/ghost-17-herren\/#breadcrumb","itemListElement":[{"@type":"ListItem","position":1,"name":"Home","item":"https:\/\/www.miomiorun.com\/de\/"},{"@type":"ListItem","position":2,"name":"Shop","item":"https:\/\/www.miomiorun.com\/shop\/"},{"@type":"ListItem","position":3,"name":"Ghost 17 herren"}]},{"@type":"WebSite","@id":"https:\/\/www.miomiorun.com\/de\/#website","url":"https:\/\/www.miomiorun.com\/de\/","name":"MioMioRun","description":"100% Lauf- und Trailshop","publisher":{"@id":"https:\/\/www.miomiorun.com\/de\/#organization"},"potentialAction":[{"@type":"SearchAction","target":{"@type":"EntryPoint","urlTemplate":"https:\/\/www.miomiorun.com\/de\/?s={search_term_string}"},"query-input":{"@type":"PropertyValueSpecification","valueRequired":true,"valueName":"search_term_string"}}],"inLanguage":"de-DE"},{"@type":"Organization","@id":"https:\/\/www.miomiorun.com\/de\/#organization","name":"MioMio Run","url":"https:\/\/www.miomiorun.com\/de\/","logo":{"@type":"ImageObject","inLanguage":"de-DE","@id":"https:\/\/www.miomiorun.com\/de\/#\/schema\/logo\/image\/","url":"https:\/\/www.miomiorun.com\/app\/uploads\/2019\/12\/logomio.png","contentUrl":"https:\/\/www.miomiorun.com\/app\/uploads\/2019\/12\/logomio.png","width":115,"height":82,"caption":"MioMio Run"},"image":{"@id":"https:\/\/www.miomiorun.com\/de\/#\/schema\/logo\/image\/"},"sameAs":["https:\/\/www.facebook.com\/miomiorun\/","https:\/\/www.instagram.com\/miomiorun\/"]}]}},"_links":{"self":[{"href":"https:\/\/www.miomiorun.com\/de\/wp-json\/wp\/v2\/product\/317469","targetHints":{"allow":["GET"]}}],"collection":[{"href":"https:\/\/www.miomiorun.com\/de\/wp-json\/wp\/v2\/product"}],"about":[{"href":"https:\/\/www.miomiorun.com\/de\/wp-json\/wp\/v2\/types\/product"}],"wp:featuredmedia":[{"embeddable":true,"href":"https:\/\/www.miomiorun.com\/de\/wp-json\/wp\/v2\/media\/389807"}],"wp:attachment":[{"href":"https:\/\/www.miomiorun.com\/de\/wp-json\/wp\/v2\/media?parent=317469"}],"wp:term":[{"taxonomy":"product_brand","embeddable":true,"href":"https:\/\/www.miomiorun.com\/de\/wp-json\/wp\/v2\/product_brand?post=317469"},{"taxonomy":"product_cat","embeddable":true,"href":"https:\/\/www.miomiorun.com\/de\/wp-json\/wp\/v2\/product_cat?post=317469"},{"taxonomy":"product_tag","embeddable":true,"href":"https:\/\/www.miomiorun.com\/de\/wp-json\/wp\/v2\/product_tag?post=317469"}],"curies":[{"name":"wp","href":"https:\/\/api.w.org\/{rel}","templated":true}]}}