{"id":317284,"date":"2025-06-06T11:27:03","date_gmt":"2025-06-06T09:27:03","guid":{"rendered":"https:\/\/miomiorun.com\/?post_type=product&#038;p=317284"},"modified":"2026-05-08T22:54:36","modified_gmt":"2026-05-08T20:54:36","slug":"adizero-xcs","status":"publish","type":"product","link":"https:\/\/www.miomiorun.com\/de\/produkt\/adizero-xcs\/","title":{"rendered":"Adizero XCS"},"content":{"rendered":"<div class=\"vc-row container\"><div class=\"vc-column\"><div class=\"vc-column-text\"><\/p>\n<h4>Technische Daten<\/h4>\n<p>Kategorie: Leichtathletikschuh f\u00fcr mittlere Distanzen<br \/>\nOffset: 2 mm (Ferse: 11,5 mm \/ Vorfu\u00df: 9,5 mm)<br \/>\nGewicht: 175 g (Gr\u00f6\u00dfe 42 2\/3)<br \/>\nIdeal f\u00fcr: schnelle Athleten und f\u00fcr Wettkampftraining. Dank seiner innovativen und reaktionsfreudigen D\u00e4mpfung macht er dich schneller und begleitet dich auf das Podium.<br \/>\nGewicht des Athleten: &lt; 70 kg<br \/>\nLaufgeschwindigkeit: &lt; 4,00 min\/km<br \/>\n<a href=\"https:\/\/miomiorun.com\/guida-alle-specifiche-tecniche\/\">Leitfaden zu den technischen Spezifikationen<\/a><\/p>\n<p><\/div><\/div><div class=\"vc-column\"><div class=\"vc-column-text\"><\/p>\n<p data-start=\"220\" data-end=\"510\">Die <strong data-start=\"223\" data-end=\"245\">adidas Adizero XCS<\/strong> sind Leichtathletikschuhe f\u00fcr alle, die in jedem Wettkampf ihr Bestes geben wollen. Vom Start bis zum Ziel bieten diese Schuhe au\u00dfergew\u00f6hnliche <strong data-start=\"382\" data-end=\"419\">Reaktionsf\u00e4higkeit, Leichtigkeit und Traktion<\/strong>, damit du deine Zeiten verbessern und deine <strong data-start=\"492\" data-end=\"509\">pers\u00f6nliche Bestleistung<\/strong> erreichen kannst.<\/p>\n<p data-start=\"512\" data-end=\"881\">Die <strong data-start=\"515\" data-end=\"541\">ultraleichte Konstruktion<\/strong> und die <strong data-start=\"557\" data-end=\"567\">Bounce<\/strong>-Mittelsohle sorgen f\u00fcr eine effektive Energier\u00fcckgabe und einen fl\u00fcssigen Lauf, w\u00e4hrend das anschmiegsame Obermaterial aus Synthetikmaterial auch in den intensivsten Momenten f\u00fcr eine <strong data-start=\"683\" data-end=\"713\">stabile und passgenaue Passform<\/strong> sorgt. Die f\u00fcr die Laufbahn entwickelte <strong data-start=\"748\" data-end=\"775\">Gummisohle mit Stollen<\/strong> bietet aggressiven Grip, sodass du bei jedem Schritt sicher vorankommst.<\/p>\n<p data-start=\"883\" data-end=\"1013\">Au\u00dferdem bestehen sie zu mindestens <strong data-start=\"921\" data-end=\"951\">20 % aus recycelten Materialien<\/strong> und sind somit eine leistungsstarke Wahl, die auch die Umwelt schont.<\/p>\n<h4 data-start=\"1020\" data-end=\"1056\"><strong data-start=\"1025\" data-end=\"1056\">Hauptmerkmale:<\/strong><\/h4>\n<ul data-start=\"1057\" data-end=\"1424\">\n<li data-start=\"1057\" data-end=\"1100\">\n<p data-start=\"1059\" data-end=\"1100\"><strong data-start=\"1059\" data-end=\"1079\">Normale Passform<\/strong> mit Schn\u00fcrverschluss<\/p>\n<\/li>\n<li data-start=\"1101\" data-end=\"1171\">\n<p data-start=\"1103\" data-end=\"1171\"><strong data-start=\"1103\" data-end=\"1145\">Obermaterial und Futter aus Synthetikmaterial<\/strong> f\u00fcr Leichtigkeit und Halt<\/p>\n<\/li>\n<li data-start=\"1172\" data-end=\"1224\">\n<p data-start=\"1174\" data-end=\"1224\"><strong data-start=\"1174\" data-end=\"1195\">Bounce-Zwischensohle<\/strong> f\u00fcr reaktive D\u00e4mpfung<\/p>\n<\/li>\n<li data-start=\"1225\" data-end=\"1296\">\n<p data-start=\"1227\" data-end=\"1296\"><strong data-start=\"1227\" data-end=\"1266\">Sohle mit Gumminoppenplatte<\/strong> f\u00fcr maximale Traktion auf der Bahn<\/p>\n<\/li>\n<li data-start=\"1385\" data-end=\"1424\">\n<p data-start=\"1387\" data-end=\"1424\">Mindestens <strong data-start=\"1394\" data-end=\"1424\">20 % recycelte Materialien<\/strong><\/p>\n<\/li>\n<\/ul>\n<p><\/div><\/div><\/div><\/p>\n","protected":false},"excerpt":{"rendered":"<ul class=\"m-long-description__features\">\n<li class=\"m-long-description__feature\">Ultraleicht und reaktionsfreudig<\/li>\n<li>Schneller Wettkampfschuh<\/li>\n<\/ul>\n","protected":false},"featured_media":318336,"template":"","meta":{"_acf_changed":false,"inline_featured_image":false},"product_brand":[],"product_cat":[6507,6506,6474,6475],"product_tag":[3403,6309,6307],"class_list":{"0":"post-317284","1":"product","2":"type-product","3":"status-publish","4":"has-post-thumbnail","6":"product_cat-herren-schuhe-de","7":"product_cat-neutrale-herren-schuhe-de","8":"product_cat-damenschuhe","9":"product_cat-neutral","10":"product_tag-adidas-de","11":"product_tag-adidas-damen-de","12":"product_tag-adidas-herren-de","13":"pa_attivita-running-de","14":"pa_colore-adizero-xcs-luclem-cblack-halsil-de","15":"pa_marca-adidas-de","16":"pa_sesso-damen","17":"pa_sesso-herren","18":"pa_size-38-de","19":"pa_size-40-de","21":"pa_size-41-de","22":"pa_size-42-de","24":"pa_size-43-de","25":"pa_size-44-de","27":"pa_size-45-de","28":"pa_size-46-de","31":"first","32":"instock","33":"sale","34":"taxable","35":"shipping-taxable","36":"purchasable","37":"product-type-variable","38":"wvs-archive-product-wrapper"},"acf":[],"yoast_head":"<!-- This site is optimized with the Yoast SEO plugin v26.8 - https:\/\/yoast.com\/product\/yoast-seo-wordpress\/ -->\n<title>Adidas Adizero XCS - Laufschuhe - MioMioRun<\/title>\n<meta name=\"description\" content=\"Adidas Adizero XCS: ultraleichte Leichtathletikschuhe mit reaktionsfreudiger Bounce-Zwischensohle, griffiger Stollensohle und 20 % recycelten Materialien f\u00fcr deine pers\u00f6nliche Bestleistung.\" \/>\n<meta name=\"robots\" content=\"index, follow, max-snippet:-1, max-image-preview:large, max-video-preview:-1\" \/>\n<link rel=\"canonical\" href=\"https:\/\/www.miomiorun.com\/de\/produkt\/adizero-xcs\/\" \/>\n<meta property=\"og:locale\" content=\"de_DE\" \/>\n<meta property=\"og:type\" content=\"article\" \/>\n<meta property=\"og:title\" content=\"Adidas Adizero XCS - Laufschuhe - MioMioRun\" \/>\n<meta property=\"og:description\" content=\"Adidas Adizero XCS: ultraleichte Leichtathletikschuhe mit reaktionsfreudiger Bounce-Zwischensohle, griffiger Stollensohle und 20 % recycelten Materialien f\u00fcr deine pers\u00f6nliche Bestleistung.\" \/>\n<meta property=\"og:url\" content=\"https:\/\/www.miomiorun.com\/de\/produkt\/adizero-xcs\/\" \/>\n<meta property=\"og:site_name\" content=\"MioMioRun\" \/>\n<meta property=\"article:publisher\" content=\"https:\/\/www.facebook.com\/miomiorun\/\" \/>\n<meta property=\"article:modified_time\" content=\"2026-05-08T20:54:36+00:00\" \/>\n<meta property=\"og:image\" content=\"https:\/\/www.miomiorun.com\/app\/uploads\/2025\/06\/adidas-Adizero-XCS-luclem-cblack-halsil-IF9429.webp\" \/>\n\t<meta property=\"og:image:width\" content=\"600\" \/>\n\t<meta property=\"og:image:height\" content=\"600\" \/>\n\t<meta property=\"og:image:type\" content=\"image\/webp\" \/>\n<meta name=\"twitter:card\" content=\"summary_large_image\" \/>\n<meta name=\"twitter:label1\" content=\"Est. reading time\" \/>\n\t<meta name=\"twitter:data1\" content=\"1 minute\" \/>\n<script type=\"application\/ld+json\" class=\"yoast-schema-graph\">{\"@context\":\"https:\/\/schema.org\",\"@graph\":[{\"@type\":\"WebPage\",\"@id\":\"https:\/\/www.miomiorun.com\/de\/produkt\/adizero-xcs\/\",\"url\":\"https:\/\/www.miomiorun.com\/de\/produkt\/adizero-xcs\/\",\"name\":\"Adidas Adizero XCS - Laufschuhe - MioMioRun\",\"isPartOf\":{\"@id\":\"https:\/\/www.miomiorun.com\/de\/#website\"},\"primaryImageOfPage\":{\"@id\":\"https:\/\/www.miomiorun.com\/de\/produkt\/adizero-xcs\/#primaryimage\"},\"image\":{\"@id\":\"https:\/\/www.miomiorun.com\/de\/produkt\/adizero-xcs\/#primaryimage\"},\"thumbnailUrl\":\"https:\/\/www.miomiorun.com\/app\/uploads\/2025\/06\/adidas-Adizero-XCS-luclem-cblack-halsil-IF9429.webp\",\"datePublished\":\"2025-06-06T09:27:03+00:00\",\"dateModified\":\"2026-05-08T20:54:36+00:00\",\"description\":\"Adidas Adizero XCS: ultraleichte Leichtathletikschuhe mit reaktionsfreudiger Bounce-Zwischensohle, griffiger Stollensohle und 20 % recycelten Materialien f\u00fcr deine pers\u00f6nliche Bestleistung.\",\"breadcrumb\":{\"@id\":\"https:\/\/www.miomiorun.com\/de\/produkt\/adizero-xcs\/#breadcrumb\"},\"inLanguage\":\"de-DE\",\"potentialAction\":[{\"@type\":\"ReadAction\",\"target\":[\"https:\/\/www.miomiorun.com\/de\/produkt\/adizero-xcs\/\"]}]},{\"@type\":\"ImageObject\",\"inLanguage\":\"de-DE\",\"@id\":\"https:\/\/www.miomiorun.com\/de\/produkt\/adizero-xcs\/#primaryimage\",\"url\":\"https:\/\/www.miomiorun.com\/app\/uploads\/2025\/06\/adidas-Adizero-XCS-luclem-cblack-halsil-IF9429.webp\",\"contentUrl\":\"https:\/\/www.miomiorun.com\/app\/uploads\/2025\/06\/adidas-Adizero-XCS-luclem-cblack-halsil-IF9429.webp\",\"width\":600,\"height\":600,\"caption\":\"adidas Adizero XCS luclem cblack halsil IF9429\"},{\"@type\":\"BreadcrumbList\",\"@id\":\"https:\/\/www.miomiorun.com\/de\/produkt\/adizero-xcs\/#breadcrumb\",\"itemListElement\":[{\"@type\":\"ListItem\",\"position\":1,\"name\":\"Home\",\"item\":\"https:\/\/www.miomiorun.com\/de\/\"},{\"@type\":\"ListItem\",\"position\":2,\"name\":\"Shop\",\"item\":\"https:\/\/www.miomiorun.com\/shop\/\"},{\"@type\":\"ListItem\",\"position\":3,\"name\":\"Adizero XCS\"}]},{\"@type\":\"WebSite\",\"@id\":\"https:\/\/www.miomiorun.com\/de\/#website\",\"url\":\"https:\/\/www.miomiorun.com\/de\/\",\"name\":\"MioMioRun\",\"description\":\"100% Lauf- und Trailshop\",\"publisher\":{\"@id\":\"https:\/\/www.miomiorun.com\/de\/#organization\"},\"potentialAction\":[{\"@type\":\"SearchAction\",\"target\":{\"@type\":\"EntryPoint\",\"urlTemplate\":\"https:\/\/www.miomiorun.com\/de\/?s={search_term_string}\"},\"query-input\":{\"@type\":\"PropertyValueSpecification\",\"valueRequired\":true,\"valueName\":\"search_term_string\"}}],\"inLanguage\":\"de-DE\"},{\"@type\":\"Organization\",\"@id\":\"https:\/\/www.miomiorun.com\/de\/#organization\",\"name\":\"MioMio Run\",\"url\":\"https:\/\/www.miomiorun.com\/de\/\",\"logo\":{\"@type\":\"ImageObject\",\"inLanguage\":\"de-DE\",\"@id\":\"https:\/\/www.miomiorun.com\/de\/#\/schema\/logo\/image\/\",\"url\":\"https:\/\/www.miomiorun.com\/app\/uploads\/2019\/12\/logomio.png\",\"contentUrl\":\"https:\/\/www.miomiorun.com\/app\/uploads\/2019\/12\/logomio.png\",\"width\":115,\"height\":82,\"caption\":\"MioMio Run\"},\"image\":{\"@id\":\"https:\/\/www.miomiorun.com\/de\/#\/schema\/logo\/image\/\"},\"sameAs\":[\"https:\/\/www.facebook.com\/miomiorun\/\",\"https:\/\/www.instagram.com\/miomiorun\/\"]}]}<\/script>\n<!-- \/ Yoast SEO plugin. -->","yoast_head_json":{"title":"Adidas Adizero XCS - Laufschuhe - MioMioRun","description":"Adidas Adizero XCS: ultraleichte Leichtathletikschuhe mit reaktionsfreudiger Bounce-Zwischensohle, griffiger Stollensohle und 20 % recycelten Materialien f\u00fcr deine pers\u00f6nliche Bestleistung.","robots":{"index":"index","follow":"follow","max-snippet":"max-snippet:-1","max-image-preview":"max-image-preview:large","max-video-preview":"max-video-preview:-1"},"canonical":"https:\/\/www.miomiorun.com\/de\/produkt\/adizero-xcs\/","og_locale":"de_DE","og_type":"article","og_title":"Adidas Adizero XCS - Laufschuhe - MioMioRun","og_description":"Adidas Adizero XCS: ultraleichte Leichtathletikschuhe mit reaktionsfreudiger Bounce-Zwischensohle, griffiger Stollensohle und 20 % recycelten Materialien f\u00fcr deine pers\u00f6nliche Bestleistung.","og_url":"https:\/\/www.miomiorun.com\/de\/produkt\/adizero-xcs\/","og_site_name":"MioMioRun","article_publisher":"https:\/\/www.facebook.com\/miomiorun\/","article_modified_time":"2026-05-08T20:54:36+00:00","og_image":[{"width":600,"height":600,"url":"https:\/\/www.miomiorun.com\/app\/uploads\/2025\/06\/adidas-Adizero-XCS-luclem-cblack-halsil-IF9429.webp","type":"image\/webp"}],"twitter_card":"summary_large_image","twitter_misc":{"Est. reading time":"1 minute"},"schema":{"@context":"https:\/\/schema.org","@graph":[{"@type":"WebPage","@id":"https:\/\/www.miomiorun.com\/de\/produkt\/adizero-xcs\/","url":"https:\/\/www.miomiorun.com\/de\/produkt\/adizero-xcs\/","name":"Adidas Adizero XCS - Laufschuhe - MioMioRun","isPartOf":{"@id":"https:\/\/www.miomiorun.com\/de\/#website"},"primaryImageOfPage":{"@id":"https:\/\/www.miomiorun.com\/de\/produkt\/adizero-xcs\/#primaryimage"},"image":{"@id":"https:\/\/www.miomiorun.com\/de\/produkt\/adizero-xcs\/#primaryimage"},"thumbnailUrl":"https:\/\/www.miomiorun.com\/app\/uploads\/2025\/06\/adidas-Adizero-XCS-luclem-cblack-halsil-IF9429.webp","datePublished":"2025-06-06T09:27:03+00:00","dateModified":"2026-05-08T20:54:36+00:00","description":"Adidas Adizero XCS: ultraleichte Leichtathletikschuhe mit reaktionsfreudiger Bounce-Zwischensohle, griffiger Stollensohle und 20 % recycelten Materialien f\u00fcr deine pers\u00f6nliche Bestleistung.","breadcrumb":{"@id":"https:\/\/www.miomiorun.com\/de\/produkt\/adizero-xcs\/#breadcrumb"},"inLanguage":"de-DE","potentialAction":[{"@type":"ReadAction","target":["https:\/\/www.miomiorun.com\/de\/produkt\/adizero-xcs\/"]}]},{"@type":"ImageObject","inLanguage":"de-DE","@id":"https:\/\/www.miomiorun.com\/de\/produkt\/adizero-xcs\/#primaryimage","url":"https:\/\/www.miomiorun.com\/app\/uploads\/2025\/06\/adidas-Adizero-XCS-luclem-cblack-halsil-IF9429.webp","contentUrl":"https:\/\/www.miomiorun.com\/app\/uploads\/2025\/06\/adidas-Adizero-XCS-luclem-cblack-halsil-IF9429.webp","width":600,"height":600,"caption":"adidas Adizero XCS luclem cblack halsil IF9429"},{"@type":"BreadcrumbList","@id":"https:\/\/www.miomiorun.com\/de\/produkt\/adizero-xcs\/#breadcrumb","itemListElement":[{"@type":"ListItem","position":1,"name":"Home","item":"https:\/\/www.miomiorun.com\/de\/"},{"@type":"ListItem","position":2,"name":"Shop","item":"https:\/\/www.miomiorun.com\/shop\/"},{"@type":"ListItem","position":3,"name":"Adizero XCS"}]},{"@type":"WebSite","@id":"https:\/\/www.miomiorun.com\/de\/#website","url":"https:\/\/www.miomiorun.com\/de\/","name":"MioMioRun","description":"100% Lauf- und Trailshop","publisher":{"@id":"https:\/\/www.miomiorun.com\/de\/#organization"},"potentialAction":[{"@type":"SearchAction","target":{"@type":"EntryPoint","urlTemplate":"https:\/\/www.miomiorun.com\/de\/?s={search_term_string}"},"query-input":{"@type":"PropertyValueSpecification","valueRequired":true,"valueName":"search_term_string"}}],"inLanguage":"de-DE"},{"@type":"Organization","@id":"https:\/\/www.miomiorun.com\/de\/#organization","name":"MioMio Run","url":"https:\/\/www.miomiorun.com\/de\/","logo":{"@type":"ImageObject","inLanguage":"de-DE","@id":"https:\/\/www.miomiorun.com\/de\/#\/schema\/logo\/image\/","url":"https:\/\/www.miomiorun.com\/app\/uploads\/2019\/12\/logomio.png","contentUrl":"https:\/\/www.miomiorun.com\/app\/uploads\/2019\/12\/logomio.png","width":115,"height":82,"caption":"MioMio Run"},"image":{"@id":"https:\/\/www.miomiorun.com\/de\/#\/schema\/logo\/image\/"},"sameAs":["https:\/\/www.facebook.com\/miomiorun\/","https:\/\/www.instagram.com\/miomiorun\/"]}]}},"_links":{"self":[{"href":"https:\/\/www.miomiorun.com\/de\/wp-json\/wp\/v2\/product\/317284","targetHints":{"allow":["GET"]}}],"collection":[{"href":"https:\/\/www.miomiorun.com\/de\/wp-json\/wp\/v2\/product"}],"about":[{"href":"https:\/\/www.miomiorun.com\/de\/wp-json\/wp\/v2\/types\/product"}],"wp:featuredmedia":[{"embeddable":true,"href":"https:\/\/www.miomiorun.com\/de\/wp-json\/wp\/v2\/media\/318336"}],"wp:attachment":[{"href":"https:\/\/www.miomiorun.com\/de\/wp-json\/wp\/v2\/media?parent=317284"}],"wp:term":[{"taxonomy":"product_brand","embeddable":true,"href":"https:\/\/www.miomiorun.com\/de\/wp-json\/wp\/v2\/product_brand?post=317284"},{"taxonomy":"product_cat","embeddable":true,"href":"https:\/\/www.miomiorun.com\/de\/wp-json\/wp\/v2\/product_cat?post=317284"},{"taxonomy":"product_tag","embeddable":true,"href":"https:\/\/www.miomiorun.com\/de\/wp-json\/wp\/v2\/product_tag?post=317284"}],"curies":[{"name":"wp","href":"https:\/\/api.w.org\/{rel}","templated":true}]}}