{"id":317136,"date":"2025-06-06T10:36:00","date_gmt":"2025-06-06T08:36:00","guid":{"rendered":"https:\/\/miomiorun.com\/?post_type=product&#038;p=317136"},"modified":"2026-04-19T14:35:32","modified_gmt":"2026-04-19T12:35:32","slug":"supernova-prima-2-herren","status":"publish","type":"product","link":"https:\/\/www.miomiorun.com\/de\/produkt\/supernova-prima-2-herren\/","title":{"rendered":"Supernova Prima 2 herren"},"content":{"rendered":"<div class=\"vc-row container\"><div class=\"vc-column\"><div class=\"vc-column-text\"><\/p>\n<h4>Technische Daten<\/h4>\n<p>Kategorie: Mittlere D\u00e4mpfung<br \/>\nOffset: 8 mm (Ferse 39 mm \/ Vorfu\u00df 31 mm)<br \/>\nGewicht: 283,0 g (Gr\u00f6\u00dfe 38 2\/3)<br \/>\nIdeal f\u00fcr: Stra\u00dfenl\u00e4ufer, die einen Schuh f\u00fcr schnelles und langsames Training suchen<br \/>\nGewicht des Athleten: 65-75 kg<br \/>\nLaufstil: mittelschnell (4-5 min\/km)<br \/>\n<a href=\"https:\/\/miomiorun.com\/guida-alle-specifiche-tecniche\/\">Leitfaden zu den technischen Daten<\/a><\/p>\n<p><\/div><\/div><div class=\"vc-column\"><div class=\"vc-column-text\"><\/p>\n<p data-start=\"185\" data-end=\"494\">Die <strong data-start=\"188\" data-end=\"209\">Supernova Prima 2<\/strong> sind die perfekten Laufschuhe f\u00fcr alle, die t\u00e4glich laufen und die richtige Balance zwischen <strong data-start=\"304\" data-end=\"342\">Komfort, Halt und Atmungsaktivit\u00e4t<\/strong> suchen. Sie wurden entwickelt, um dich Kilometer f\u00fcr Kilometer zu begleiten, bieten eine stabile Passform und eine weiche D\u00e4mpfung, die jedes Lauftraining zum Vergn\u00fcgen macht.<\/p>\n<p data-start=\"496\" data-end=\"911\">Das <strong data-start=\"499\" data-end=\"545\">Obermaterial aus technischem Gewebe mit Perforationen<\/strong> verbessert die Bel\u00fcftung und h\u00e4lt Ihre F\u00fc\u00dfe auch in den intensivsten Momenten k\u00fchl. Die Kombination aus der <strong data-start=\"652\" data-end=\"687\">weichen Dreamstrike+-Zwischensohle<\/strong> und den integrierten <strong data-start=\"694\" data-end=\"710\">Support Rods<\/strong> sorgt f\u00fcr optimale Stabilit\u00e4t und einen fl\u00fcssigen Lauf. Abgerundet wird das Ganze durch die <strong data-start=\"796\" data-end=\"841\">Lighttraxion-Sohle mit Continental\u2122-Gummi<\/strong>, die zuverl\u00e4ssigen Halt auf Asphalt, Gehwegen und st\u00e4dtischen Oberfl\u00e4chen bietet.<\/p>\n<h4 data-start=\"918\" data-end=\"954\"><strong data-start=\"923\" data-end=\"954\">Hauptmerkmale:<\/strong><\/h4>\n<ul data-start=\"955\" data-end=\"1370\">\n<li data-start=\"955\" data-end=\"1002\">\n<p data-start=\"957\" data-end=\"1002\"><strong data-start=\"957\" data-end=\"981\">Normale Passform<\/strong> mit Schn\u00fcrverschluss<\/p>\n<\/li>\n<li data-start=\"1003\" data-end=\"1060\">\n<p data-start=\"1005\" data-end=\"1060\"><strong data-start=\"1005\" data-end=\"1038\">Obermaterial aus atmungsaktivem Textil<\/strong> und Synthetikmaterial<\/p>\n<\/li>\n<li data-start=\"1061\" data-end=\"1108\">\n<p data-start=\"1063\" data-end=\"1108\"><strong data-start=\"1063\" data-end=\"1084\">Textilfutter<\/strong> f\u00fcr dauerhaften Komfort<\/p>\n<\/li>\n<li data-start=\"1109\" data-end=\"1167\">\n<p data-start=\"1111\" data-end=\"1167\"><strong data-start=\"1111\" data-end=\"1138\">Dreamstrike+ Zwischensohle<\/strong> f\u00fcr reaktive D\u00e4mpfung<\/p>\n<\/li>\n<li data-start=\"1168\" data-end=\"1221\">\n<p data-start=\"1170\" data-end=\"1221\"><strong data-start=\"1170\" data-end=\"1186\">Support Rods<\/strong> f\u00fcr mehr Stabilit\u00e4t und Kontrolle<\/p>\n<\/li>\n<li data-start=\"1222\" data-end=\"1285\">\n<p data-start=\"1224\" data-end=\"1285\"><strong data-start=\"1224\" data-end=\"1269\">Lighttraxion-Sohle mit Continental\u2122-Gummi<\/strong> f\u00fcr sicheren Halt<\/p>\n<\/li>\n<\/ul>\n<p><\/div><\/div><\/div><\/p>\n","protected":false},"excerpt":{"rendered":"<ul>\n<li>Laufschuh mit zus\u00e4tzlicher St\u00fctze.<\/li>\n<li>Perfekt f\u00fcr alle t\u00e4glichen Trainingseinheiten.<\/li>\n<\/ul>\n","protected":false},"featured_media":318401,"template":"","meta":{"_acf_changed":false,"inline_featured_image":false},"product_brand":[],"product_cat":[6507,6506],"product_tag":[3403,6307],"class_list":{"0":"post-317136","1":"product","2":"type-product","3":"status-publish","4":"has-post-thumbnail","6":"product_cat-herren-schuhe-de","7":"product_cat-neutrale-herren-schuhe-de","8":"product_tag-adidas-de","9":"product_tag-adidas-herren-de","10":"pa_attivita-gehen","11":"pa_attivita-running-de","12":"pa_colore-supernova-prima-2-blufus-sslime-lucblu-de","13":"pa_marca-adidas-de","14":"pa_sesso-herren","15":"pa_size-41-de","16":"pa_size-42-de","17":"pa_size-46-de","19":"first","20":"instock","21":"sale","22":"taxable","23":"shipping-taxable","24":"purchasable","25":"product-type-variable","26":"wvs-archive-product-wrapper"},"acf":[],"yoast_head":"<!-- This site is optimized with the Yoast SEO plugin v26.8 - https:\/\/yoast.com\/product\/yoast-seo-wordpress\/ -->\n<title>Adidas Supernova Prima 2 herren - Laufschuhe - MioMioRun.com<\/title>\n<meta name=\"description\" content=\"Laufschuhe adidas Supernova Prima 2: Dreamstrike+-D\u00e4mpfung, stabiler Halt und Continental\u2122-Laufsohle. Ideal f\u00fcr das t\u00e4gliche Lauftraining.\" \/>\n<meta name=\"robots\" content=\"index, follow, max-snippet:-1, max-image-preview:large, max-video-preview:-1\" \/>\n<link rel=\"canonical\" href=\"https:\/\/www.miomiorun.com\/de\/produkt\/supernova-prima-2-herren\/\" \/>\n<meta property=\"og:locale\" content=\"de_DE\" \/>\n<meta property=\"og:type\" content=\"article\" \/>\n<meta property=\"og:title\" content=\"Adidas Supernova Prima 2 herren - Laufschuhe - MioMioRun.com\" \/>\n<meta property=\"og:description\" content=\"Laufschuhe adidas Supernova Prima 2: Dreamstrike+-D\u00e4mpfung, stabiler Halt und Continental\u2122-Laufsohle. Ideal f\u00fcr das t\u00e4gliche Lauftraining.\" \/>\n<meta property=\"og:url\" content=\"https:\/\/www.miomiorun.com\/de\/produkt\/supernova-prima-2-herren\/\" \/>\n<meta property=\"og:site_name\" content=\"MioMioRun\" \/>\n<meta property=\"article:publisher\" content=\"https:\/\/www.facebook.com\/miomiorun\/\" \/>\n<meta property=\"article:modified_time\" content=\"2026-04-19T12:35:32+00:00\" \/>\n<meta property=\"og:image\" content=\"https:\/\/www.miomiorun.com\/app\/uploads\/2025\/06\/adidas-Supernova-Prima-2-blufus-sslime-lucblu-JR3194.webp\" \/>\n\t<meta property=\"og:image:width\" content=\"600\" \/>\n\t<meta property=\"og:image:height\" content=\"600\" \/>\n\t<meta property=\"og:image:type\" content=\"image\/webp\" \/>\n<meta name=\"twitter:card\" content=\"summary_large_image\" \/>\n<meta name=\"twitter:label1\" content=\"Est. reading time\" \/>\n\t<meta name=\"twitter:data1\" content=\"2 minutes\" \/>\n<script type=\"application\/ld+json\" class=\"yoast-schema-graph\">{\"@context\":\"https:\/\/schema.org\",\"@graph\":[{\"@type\":\"WebPage\",\"@id\":\"https:\/\/www.miomiorun.com\/de\/produkt\/supernova-prima-2-herren\/\",\"url\":\"https:\/\/www.miomiorun.com\/de\/produkt\/supernova-prima-2-herren\/\",\"name\":\"Adidas Supernova Prima 2 herren - Laufschuhe - MioMioRun.com\",\"isPartOf\":{\"@id\":\"https:\/\/www.miomiorun.com\/de\/#website\"},\"primaryImageOfPage\":{\"@id\":\"https:\/\/www.miomiorun.com\/de\/produkt\/supernova-prima-2-herren\/#primaryimage\"},\"image\":{\"@id\":\"https:\/\/www.miomiorun.com\/de\/produkt\/supernova-prima-2-herren\/#primaryimage\"},\"thumbnailUrl\":\"https:\/\/www.miomiorun.com\/app\/uploads\/2025\/06\/adidas-Supernova-Prima-2-blufus-sslime-lucblu-JR3194.webp\",\"datePublished\":\"2025-06-06T08:36:00+00:00\",\"dateModified\":\"2026-04-19T12:35:32+00:00\",\"description\":\"Laufschuhe adidas Supernova Prima 2: Dreamstrike+-D\u00e4mpfung, stabiler Halt und Continental\u2122-Laufsohle. Ideal f\u00fcr das t\u00e4gliche Lauftraining.\",\"breadcrumb\":{\"@id\":\"https:\/\/www.miomiorun.com\/de\/produkt\/supernova-prima-2-herren\/#breadcrumb\"},\"inLanguage\":\"de-DE\",\"potentialAction\":[{\"@type\":\"ReadAction\",\"target\":[\"https:\/\/www.miomiorun.com\/de\/produkt\/supernova-prima-2-herren\/\"]}]},{\"@type\":\"ImageObject\",\"inLanguage\":\"de-DE\",\"@id\":\"https:\/\/www.miomiorun.com\/de\/produkt\/supernova-prima-2-herren\/#primaryimage\",\"url\":\"https:\/\/www.miomiorun.com\/app\/uploads\/2025\/06\/adidas-Supernova-Prima-2-blufus-sslime-lucblu-JR3194.webp\",\"contentUrl\":\"https:\/\/www.miomiorun.com\/app\/uploads\/2025\/06\/adidas-Supernova-Prima-2-blufus-sslime-lucblu-JR3194.webp\",\"width\":600,\"height\":600,\"caption\":\"adidas Supernova Prima 2 blufus sslime lucblu JR3194\"},{\"@type\":\"BreadcrumbList\",\"@id\":\"https:\/\/www.miomiorun.com\/de\/produkt\/supernova-prima-2-herren\/#breadcrumb\",\"itemListElement\":[{\"@type\":\"ListItem\",\"position\":1,\"name\":\"Home\",\"item\":\"https:\/\/www.miomiorun.com\/de\/\"},{\"@type\":\"ListItem\",\"position\":2,\"name\":\"Shop\",\"item\":\"https:\/\/www.miomiorun.com\/shop\/\"},{\"@type\":\"ListItem\",\"position\":3,\"name\":\"Supernova Prima 2 herren\"}]},{\"@type\":\"WebSite\",\"@id\":\"https:\/\/www.miomiorun.com\/de\/#website\",\"url\":\"https:\/\/www.miomiorun.com\/de\/\",\"name\":\"MioMioRun\",\"description\":\"100% Lauf- und Trailshop\",\"publisher\":{\"@id\":\"https:\/\/www.miomiorun.com\/de\/#organization\"},\"potentialAction\":[{\"@type\":\"SearchAction\",\"target\":{\"@type\":\"EntryPoint\",\"urlTemplate\":\"https:\/\/www.miomiorun.com\/de\/?s={search_term_string}\"},\"query-input\":{\"@type\":\"PropertyValueSpecification\",\"valueRequired\":true,\"valueName\":\"search_term_string\"}}],\"inLanguage\":\"de-DE\"},{\"@type\":\"Organization\",\"@id\":\"https:\/\/www.miomiorun.com\/de\/#organization\",\"name\":\"MioMio Run\",\"url\":\"https:\/\/www.miomiorun.com\/de\/\",\"logo\":{\"@type\":\"ImageObject\",\"inLanguage\":\"de-DE\",\"@id\":\"https:\/\/www.miomiorun.com\/de\/#\/schema\/logo\/image\/\",\"url\":\"https:\/\/www.miomiorun.com\/app\/uploads\/2019\/12\/logomio.png\",\"contentUrl\":\"https:\/\/www.miomiorun.com\/app\/uploads\/2019\/12\/logomio.png\",\"width\":115,\"height\":82,\"caption\":\"MioMio Run\"},\"image\":{\"@id\":\"https:\/\/www.miomiorun.com\/de\/#\/schema\/logo\/image\/\"},\"sameAs\":[\"https:\/\/www.facebook.com\/miomiorun\/\",\"https:\/\/www.instagram.com\/miomiorun\/\"]}]}<\/script>\n<!-- \/ Yoast SEO plugin. -->","yoast_head_json":{"title":"Adidas Supernova Prima 2 herren - Laufschuhe - MioMioRun.com","description":"Laufschuhe adidas Supernova Prima 2: Dreamstrike+-D\u00e4mpfung, stabiler Halt und Continental\u2122-Laufsohle. Ideal f\u00fcr das t\u00e4gliche Lauftraining.","robots":{"index":"index","follow":"follow","max-snippet":"max-snippet:-1","max-image-preview":"max-image-preview:large","max-video-preview":"max-video-preview:-1"},"canonical":"https:\/\/www.miomiorun.com\/de\/produkt\/supernova-prima-2-herren\/","og_locale":"de_DE","og_type":"article","og_title":"Adidas Supernova Prima 2 herren - Laufschuhe - MioMioRun.com","og_description":"Laufschuhe adidas Supernova Prima 2: Dreamstrike+-D\u00e4mpfung, stabiler Halt und Continental\u2122-Laufsohle. Ideal f\u00fcr das t\u00e4gliche Lauftraining.","og_url":"https:\/\/www.miomiorun.com\/de\/produkt\/supernova-prima-2-herren\/","og_site_name":"MioMioRun","article_publisher":"https:\/\/www.facebook.com\/miomiorun\/","article_modified_time":"2026-04-19T12:35:32+00:00","og_image":[{"width":600,"height":600,"url":"https:\/\/www.miomiorun.com\/app\/uploads\/2025\/06\/adidas-Supernova-Prima-2-blufus-sslime-lucblu-JR3194.webp","type":"image\/webp"}],"twitter_card":"summary_large_image","twitter_misc":{"Est. reading time":"2 minutes"},"schema":{"@context":"https:\/\/schema.org","@graph":[{"@type":"WebPage","@id":"https:\/\/www.miomiorun.com\/de\/produkt\/supernova-prima-2-herren\/","url":"https:\/\/www.miomiorun.com\/de\/produkt\/supernova-prima-2-herren\/","name":"Adidas Supernova Prima 2 herren - Laufschuhe - MioMioRun.com","isPartOf":{"@id":"https:\/\/www.miomiorun.com\/de\/#website"},"primaryImageOfPage":{"@id":"https:\/\/www.miomiorun.com\/de\/produkt\/supernova-prima-2-herren\/#primaryimage"},"image":{"@id":"https:\/\/www.miomiorun.com\/de\/produkt\/supernova-prima-2-herren\/#primaryimage"},"thumbnailUrl":"https:\/\/www.miomiorun.com\/app\/uploads\/2025\/06\/adidas-Supernova-Prima-2-blufus-sslime-lucblu-JR3194.webp","datePublished":"2025-06-06T08:36:00+00:00","dateModified":"2026-04-19T12:35:32+00:00","description":"Laufschuhe adidas Supernova Prima 2: Dreamstrike+-D\u00e4mpfung, stabiler Halt und Continental\u2122-Laufsohle. Ideal f\u00fcr das t\u00e4gliche Lauftraining.","breadcrumb":{"@id":"https:\/\/www.miomiorun.com\/de\/produkt\/supernova-prima-2-herren\/#breadcrumb"},"inLanguage":"de-DE","potentialAction":[{"@type":"ReadAction","target":["https:\/\/www.miomiorun.com\/de\/produkt\/supernova-prima-2-herren\/"]}]},{"@type":"ImageObject","inLanguage":"de-DE","@id":"https:\/\/www.miomiorun.com\/de\/produkt\/supernova-prima-2-herren\/#primaryimage","url":"https:\/\/www.miomiorun.com\/app\/uploads\/2025\/06\/adidas-Supernova-Prima-2-blufus-sslime-lucblu-JR3194.webp","contentUrl":"https:\/\/www.miomiorun.com\/app\/uploads\/2025\/06\/adidas-Supernova-Prima-2-blufus-sslime-lucblu-JR3194.webp","width":600,"height":600,"caption":"adidas Supernova Prima 2 blufus sslime lucblu JR3194"},{"@type":"BreadcrumbList","@id":"https:\/\/www.miomiorun.com\/de\/produkt\/supernova-prima-2-herren\/#breadcrumb","itemListElement":[{"@type":"ListItem","position":1,"name":"Home","item":"https:\/\/www.miomiorun.com\/de\/"},{"@type":"ListItem","position":2,"name":"Shop","item":"https:\/\/www.miomiorun.com\/shop\/"},{"@type":"ListItem","position":3,"name":"Supernova Prima 2 herren"}]},{"@type":"WebSite","@id":"https:\/\/www.miomiorun.com\/de\/#website","url":"https:\/\/www.miomiorun.com\/de\/","name":"MioMioRun","description":"100% Lauf- und Trailshop","publisher":{"@id":"https:\/\/www.miomiorun.com\/de\/#organization"},"potentialAction":[{"@type":"SearchAction","target":{"@type":"EntryPoint","urlTemplate":"https:\/\/www.miomiorun.com\/de\/?s={search_term_string}"},"query-input":{"@type":"PropertyValueSpecification","valueRequired":true,"valueName":"search_term_string"}}],"inLanguage":"de-DE"},{"@type":"Organization","@id":"https:\/\/www.miomiorun.com\/de\/#organization","name":"MioMio Run","url":"https:\/\/www.miomiorun.com\/de\/","logo":{"@type":"ImageObject","inLanguage":"de-DE","@id":"https:\/\/www.miomiorun.com\/de\/#\/schema\/logo\/image\/","url":"https:\/\/www.miomiorun.com\/app\/uploads\/2019\/12\/logomio.png","contentUrl":"https:\/\/www.miomiorun.com\/app\/uploads\/2019\/12\/logomio.png","width":115,"height":82,"caption":"MioMio Run"},"image":{"@id":"https:\/\/www.miomiorun.com\/de\/#\/schema\/logo\/image\/"},"sameAs":["https:\/\/www.facebook.com\/miomiorun\/","https:\/\/www.instagram.com\/miomiorun\/"]}]}},"_links":{"self":[{"href":"https:\/\/www.miomiorun.com\/de\/wp-json\/wp\/v2\/product\/317136","targetHints":{"allow":["GET"]}}],"collection":[{"href":"https:\/\/www.miomiorun.com\/de\/wp-json\/wp\/v2\/product"}],"about":[{"href":"https:\/\/www.miomiorun.com\/de\/wp-json\/wp\/v2\/types\/product"}],"wp:featuredmedia":[{"embeddable":true,"href":"https:\/\/www.miomiorun.com\/de\/wp-json\/wp\/v2\/media\/318401"}],"wp:attachment":[{"href":"https:\/\/www.miomiorun.com\/de\/wp-json\/wp\/v2\/media?parent=317136"}],"wp:term":[{"taxonomy":"product_brand","embeddable":true,"href":"https:\/\/www.miomiorun.com\/de\/wp-json\/wp\/v2\/product_brand?post=317136"},{"taxonomy":"product_cat","embeddable":true,"href":"https:\/\/www.miomiorun.com\/de\/wp-json\/wp\/v2\/product_cat?post=317136"},{"taxonomy":"product_tag","embeddable":true,"href":"https:\/\/www.miomiorun.com\/de\/wp-json\/wp\/v2\/product_tag?post=317136"}],"curies":[{"name":"wp","href":"https:\/\/api.w.org\/{rel}","templated":true}]}}