{"id":317020,"date":"2025-06-06T10:04:57","date_gmt":"2025-06-06T08:04:57","guid":{"rendered":"https:\/\/miomiorun.com\/?post_type=product&#038;p=317020"},"modified":"2025-11-04T11:22:52","modified_gmt":"2025-11-04T10:22:52","slug":"adizero-evo-sl-damen","status":"publish","type":"product","link":"https:\/\/www.miomiorun.com\/de\/produkt\/adizero-evo-sl-damen\/","title":{"rendered":"Adizero EVO SL damen"},"content":{"rendered":"<table style=\"border-collapse: collapse;width: 100%\">\n<tbody>\n<tr>\n<td style=\"width: 33.3333%\"><strong>Technische Daten<\/strong><\/p>\n<p>Kategorie: reaktive D\u00e4mpfung<br \/>\nOffset: 6 mm (Ferse 36 mm\/Spitze 30 mm)<br \/>\nGewicht: 188 g +\/- 9 g (Gr\u00f6\u00dfe 38 2\/3)<br \/>\nIdeal f\u00fcr: L\u00e4uferinnen, die auch beim Training nicht auf Leistung verzichten m\u00f6chten<br \/>\nGewicht der Sportlerin: 50-60 kg<br \/>\nLaufgeschwindigkeit: mittel-schnell (3,30-4,40 min\/km)<br \/>\n<a href=\"https:\/\/miomiorun.com\/guida-alle-specifiche-tecniche\/\">Leitfaden zu den technischen Daten<\/a><\/p>\n<div style=\"width: 1920px;\" class=\"wp-video\"><video class=\"wp-video-shortcode\" id=\"video-317020-1\" width=\"1920\" height=\"1080\" loop autoplay preload=\"metadata\" controls=\"controls\"><source type=\"video\/mp4\" src=\"https:\/\/www.miomiorun.com\/app\/uploads\/2025\/06\/evo-sl-donna.mp4?_=1\" \/><a href=\"https:\/\/www.miomiorun.com\/app\/uploads\/2025\/06\/evo-sl-donna.mp4\">https:\/\/www.miomiorun.com\/app\/uploads\/2025\/06\/evo-sl-donna.mp4<\/a><\/video><\/div>\n<p>&nbsp;<\/td>\n<td style=\"width: 66.6666%\">\n<p data-start=\"192\" data-end=\"530\">Entwickelt f\u00fcr alle, die nicht nur beim Laufen, sondern auch bei allen anderen t\u00e4glichen Herausforderungen \u00fcber sich hinauswachsen wollen, sind die <strong data-start=\"282\" data-end=\"307\">adidas Adizero EVO SL<\/strong> Laufschuhe, die <strong data-start=\"333\" data-end=\"356\">Wettkampfleistung<\/strong> und <strong data-start=\"359\" data-end=\"379\">Lifestyle-Design<\/strong> vereinen. Inspiriert von den legend\u00e4ren Pro Evo 1 aus der adizero-Linie bieten sie <strong data-start=\"443\" data-end=\"483\">Reaktionsf\u00e4higkeit, Komfort und einen auff\u00e4lligen Look<\/strong>, perfekt, um jeden Tag mit Schwung zu erleben.<\/p>\n<p data-start=\"532\" data-end=\"900\">Dank der Zwischensohle mit <strong data-start=\"558\" data-end=\"585\">LIGHTSTRIKE PRO-Schaumstoff<\/strong> garantieren die EVO SL eine <strong data-start=\"613\" data-end=\"643\">hohe Energier\u00fcckgabe<\/strong> und eine leichte D\u00e4mpfung, w\u00e4hrend die Sohle mit <strong data-start=\"694\" data-end=\"730\">Continental-Gummi im Vorfu\u00dfbereich<\/strong> auch auf rutschigen Oberfl\u00e4chen f\u00fcr Traktion sorgt. Der 6-mm-Drop und das geringe Gewicht (nur ca. <strong data-start=\"821\" data-end=\"830\">188 g<\/strong>) machen diese Schuhe ideal f\u00fcr schnelle und vielseitige Bewegungen.<\/p>\n<h4 data-start=\"907\" data-end=\"943\"><strong data-start=\"912\" data-end=\"943\">Hauptmerkmale:<\/strong><\/h4>\n<ul data-start=\"944\" data-end=\"1293\">\n<li data-start=\"944\" data-end=\"987\">\n<p data-start=\"946\" data-end=\"987\">Normale Passform mit <strong data-start=\"967\" data-end=\"987\">Schn\u00fcrverschluss<\/strong><\/p>\n<\/li>\n<li data-start=\"988\" data-end=\"1029\">\n<p data-start=\"990\" data-end=\"1029\">Obermaterial aus Textil und Synthetik<\/p>\n<\/li>\n<li data-start=\"1030\" data-end=\"1082\">\n<p data-start=\"1032\" data-end=\"1082\">Zwischensohle mit <strong data-start=\"1047\" data-end=\"1082\">Lightstrike Pro-D\u00e4mpfung<\/strong><\/p>\n<\/li>\n<li data-start=\"1083\" data-end=\"1155\">\n<p data-start=\"1085\" data-end=\"1155\">Laufsohle mit <strong data-start=\"1095\" data-end=\"1131\">Continental-Gummi (Conti Winter)<\/strong> f\u00fcr \u00fcberragenden Grip<\/p>\n<\/li>\n<li data-start=\"1254\" data-end=\"1293\">\n<p data-start=\"1256\" data-end=\"1293\">Mindestens <strong data-start=\"1263\" data-end=\"1293\">20 % recycelte Materialien<\/strong><\/p>\n<\/li>\n<\/ul>\n<\/p>\n<\/td>\n<\/tr>\n<\/tbody>\n<\/table>\n<p>&nbsp;<\/p>\n","protected":false},"excerpt":{"rendered":"<ul>\n<li>Leichter, schneller und reaktionsfreudiger Laufschuh.<\/li>\n<li>Ideal f\u00fcr L\u00e4ufer, die schnell laufen und \u00fcber sich hinauswachsen wollen.<\/li>\n<\/ul>\n","protected":false},"featured_media":318464,"template":"","meta":{"_acf_changed":false,"inline_featured_image":false},"product_brand":[],"product_cat":[6474,6475],"product_tag":[3403,6309],"class_list":{"0":"post-317020","1":"product","2":"type-product","3":"status-publish","4":"has-post-thumbnail","6":"product_cat-damenschuhe","7":"product_cat-neutral","8":"product_tag-adidas-de","9":"product_tag-adidas-damen-de","10":"pa_attivita-running-de","11":"pa_colore-adizero-evo-sl-w-lucpnk-cblack-ftwwht-de","12":"pa_colore-evo-sl-w-cblack-ironmt-cblack-de","13":"pa_colore-evo-sl-w-silvmt-lucred-ironmt-de","14":"pa_colore-evo-sl-w-wonwhi-cybemt-warvan-de","15":"pa_marca-adidas-de","16":"pa_sesso-damen","17":"pa_size-38-de","19":"pa_size-40-de","20":"pa_size-41-de","22":"first","23":"instock","24":"sale","25":"taxable","26":"shipping-taxable","27":"purchasable","28":"product-type-variable","29":"wvs-archive-product-wrapper"},"acf":[],"yoast_head":"<!-- This site is optimized with the Yoast SEO plugin v26.8 - https:\/\/yoast.com\/product\/yoast-seo-wordpress\/ -->\n<title>Adidas Adizero EVO SL damen - Laufschuhe f\u00fcr Damen - MioMioRun<\/title>\n<meta name=\"description\" content=\"adidas Adizero EVO SL: Leichte und reaktionsfreudige Laufschuhe mit Lightstrike Pro-D\u00e4mpfung und Continental-Sohle. Ideal f\u00fcr alle, die mit voller Geschwindigkeit leben und laufen.\" \/>\n<meta name=\"robots\" content=\"index, follow, max-snippet:-1, max-image-preview:large, max-video-preview:-1\" \/>\n<link rel=\"canonical\" href=\"https:\/\/www.miomiorun.com\/de\/produkt\/adizero-evo-sl-damen\/\" \/>\n<meta property=\"og:locale\" content=\"de_DE\" \/>\n<meta property=\"og:type\" content=\"article\" \/>\n<meta property=\"og:title\" content=\"Adidas Adizero EVO SL damen - Laufschuhe f\u00fcr Damen - MioMioRun\" \/>\n<meta property=\"og:description\" content=\"adidas Adizero EVO SL: Leichte und reaktionsfreudige Laufschuhe mit Lightstrike Pro-D\u00e4mpfung und Continental-Sohle. Ideal f\u00fcr alle, die mit voller Geschwindigkeit leben und laufen.\" \/>\n<meta property=\"og:url\" content=\"https:\/\/www.miomiorun.com\/de\/produkt\/adizero-evo-sl-damen\/\" \/>\n<meta property=\"og:site_name\" content=\"MioMioRun\" \/>\n<meta property=\"article:publisher\" content=\"https:\/\/www.facebook.com\/miomiorun\/\" \/>\n<meta property=\"article:modified_time\" content=\"2025-11-04T10:22:52+00:00\" \/>\n<meta property=\"og:image\" content=\"https:\/\/www.miomiorun.com\/app\/uploads\/2025\/06\/adidas-Adizero-EVO-SL-W-lucpnk-cblack-ftwwht-JS4455.webp\" \/>\n\t<meta property=\"og:image:width\" content=\"600\" \/>\n\t<meta property=\"og:image:height\" content=\"600\" \/>\n\t<meta property=\"og:image:type\" content=\"image\/webp\" \/>\n<meta name=\"twitter:card\" content=\"summary_large_image\" \/>\n<meta name=\"twitter:label1\" content=\"Est. reading time\" \/>\n\t<meta name=\"twitter:data1\" content=\"2 minutes\" \/>\n<script type=\"application\/ld+json\" class=\"yoast-schema-graph\">{\"@context\":\"https:\/\/schema.org\",\"@graph\":[{\"@type\":\"WebPage\",\"@id\":\"https:\/\/www.miomiorun.com\/de\/produkt\/adizero-evo-sl-damen\/\",\"url\":\"https:\/\/www.miomiorun.com\/de\/produkt\/adizero-evo-sl-damen\/\",\"name\":\"Adidas Adizero EVO SL damen - Laufschuhe f\u00fcr Damen - MioMioRun\",\"isPartOf\":{\"@id\":\"https:\/\/www.miomiorun.com\/de\/#website\"},\"primaryImageOfPage\":{\"@id\":\"https:\/\/www.miomiorun.com\/de\/produkt\/adizero-evo-sl-damen\/#primaryimage\"},\"image\":{\"@id\":\"https:\/\/www.miomiorun.com\/de\/produkt\/adizero-evo-sl-damen\/#primaryimage\"},\"thumbnailUrl\":\"https:\/\/www.miomiorun.com\/app\/uploads\/2025\/06\/adidas-Adizero-EVO-SL-W-lucpnk-cblack-ftwwht-JS4455.webp\",\"datePublished\":\"2025-06-06T08:04:57+00:00\",\"dateModified\":\"2025-11-04T10:22:52+00:00\",\"description\":\"adidas Adizero EVO SL: Leichte und reaktionsfreudige Laufschuhe mit Lightstrike Pro-D\u00e4mpfung und Continental-Sohle. Ideal f\u00fcr alle, die mit voller Geschwindigkeit leben und laufen.\",\"breadcrumb\":{\"@id\":\"https:\/\/www.miomiorun.com\/de\/produkt\/adizero-evo-sl-damen\/#breadcrumb\"},\"inLanguage\":\"de-DE\",\"potentialAction\":[{\"@type\":\"ReadAction\",\"target\":[\"https:\/\/www.miomiorun.com\/de\/produkt\/adizero-evo-sl-damen\/\"]}]},{\"@type\":\"ImageObject\",\"inLanguage\":\"de-DE\",\"@id\":\"https:\/\/www.miomiorun.com\/de\/produkt\/adizero-evo-sl-damen\/#primaryimage\",\"url\":\"https:\/\/www.miomiorun.com\/app\/uploads\/2025\/06\/adidas-Adizero-EVO-SL-W-lucpnk-cblack-ftwwht-JS4455.webp\",\"contentUrl\":\"https:\/\/www.miomiorun.com\/app\/uploads\/2025\/06\/adidas-Adizero-EVO-SL-W-lucpnk-cblack-ftwwht-JS4455.webp\",\"width\":600,\"height\":600,\"caption\":\"adidas Adizero EVO SL W lucpnk cblack ftwwht JS4455\"},{\"@type\":\"BreadcrumbList\",\"@id\":\"https:\/\/www.miomiorun.com\/de\/produkt\/adizero-evo-sl-damen\/#breadcrumb\",\"itemListElement\":[{\"@type\":\"ListItem\",\"position\":1,\"name\":\"Home\",\"item\":\"https:\/\/www.miomiorun.com\/de\/\"},{\"@type\":\"ListItem\",\"position\":2,\"name\":\"Shop\",\"item\":\"https:\/\/www.miomiorun.com\/shop\/\"},{\"@type\":\"ListItem\",\"position\":3,\"name\":\"Adizero EVO SL damen\"}]},{\"@type\":\"WebSite\",\"@id\":\"https:\/\/www.miomiorun.com\/de\/#website\",\"url\":\"https:\/\/www.miomiorun.com\/de\/\",\"name\":\"MioMioRun\",\"description\":\"100% Lauf- und Trailshop\",\"publisher\":{\"@id\":\"https:\/\/www.miomiorun.com\/de\/#organization\"},\"potentialAction\":[{\"@type\":\"SearchAction\",\"target\":{\"@type\":\"EntryPoint\",\"urlTemplate\":\"https:\/\/www.miomiorun.com\/de\/?s={search_term_string}\"},\"query-input\":{\"@type\":\"PropertyValueSpecification\",\"valueRequired\":true,\"valueName\":\"search_term_string\"}}],\"inLanguage\":\"de-DE\"},{\"@type\":\"Organization\",\"@id\":\"https:\/\/www.miomiorun.com\/de\/#organization\",\"name\":\"MioMio Run\",\"url\":\"https:\/\/www.miomiorun.com\/de\/\",\"logo\":{\"@type\":\"ImageObject\",\"inLanguage\":\"de-DE\",\"@id\":\"https:\/\/www.miomiorun.com\/de\/#\/schema\/logo\/image\/\",\"url\":\"https:\/\/www.miomiorun.com\/app\/uploads\/2019\/12\/logomio.png\",\"contentUrl\":\"https:\/\/www.miomiorun.com\/app\/uploads\/2019\/12\/logomio.png\",\"width\":115,\"height\":82,\"caption\":\"MioMio Run\"},\"image\":{\"@id\":\"https:\/\/www.miomiorun.com\/de\/#\/schema\/logo\/image\/\"},\"sameAs\":[\"https:\/\/www.facebook.com\/miomiorun\/\",\"https:\/\/www.instagram.com\/miomiorun\/\"]}]}<\/script>\n<!-- \/ Yoast SEO plugin. -->","yoast_head_json":{"title":"Adidas Adizero EVO SL damen - Laufschuhe f\u00fcr Damen - MioMioRun","description":"adidas Adizero EVO SL: Leichte und reaktionsfreudige Laufschuhe mit Lightstrike Pro-D\u00e4mpfung und Continental-Sohle. Ideal f\u00fcr alle, die mit voller Geschwindigkeit leben und laufen.","robots":{"index":"index","follow":"follow","max-snippet":"max-snippet:-1","max-image-preview":"max-image-preview:large","max-video-preview":"max-video-preview:-1"},"canonical":"https:\/\/www.miomiorun.com\/de\/produkt\/adizero-evo-sl-damen\/","og_locale":"de_DE","og_type":"article","og_title":"Adidas Adizero EVO SL damen - Laufschuhe f\u00fcr Damen - MioMioRun","og_description":"adidas Adizero EVO SL: Leichte und reaktionsfreudige Laufschuhe mit Lightstrike Pro-D\u00e4mpfung und Continental-Sohle. Ideal f\u00fcr alle, die mit voller Geschwindigkeit leben und laufen.","og_url":"https:\/\/www.miomiorun.com\/de\/produkt\/adizero-evo-sl-damen\/","og_site_name":"MioMioRun","article_publisher":"https:\/\/www.facebook.com\/miomiorun\/","article_modified_time":"2025-11-04T10:22:52+00:00","og_image":[{"width":600,"height":600,"url":"https:\/\/www.miomiorun.com\/app\/uploads\/2025\/06\/adidas-Adizero-EVO-SL-W-lucpnk-cblack-ftwwht-JS4455.webp","type":"image\/webp"}],"twitter_card":"summary_large_image","twitter_misc":{"Est. reading time":"2 minutes"},"schema":{"@context":"https:\/\/schema.org","@graph":[{"@type":"WebPage","@id":"https:\/\/www.miomiorun.com\/de\/produkt\/adizero-evo-sl-damen\/","url":"https:\/\/www.miomiorun.com\/de\/produkt\/adizero-evo-sl-damen\/","name":"Adidas Adizero EVO SL damen - Laufschuhe f\u00fcr Damen - MioMioRun","isPartOf":{"@id":"https:\/\/www.miomiorun.com\/de\/#website"},"primaryImageOfPage":{"@id":"https:\/\/www.miomiorun.com\/de\/produkt\/adizero-evo-sl-damen\/#primaryimage"},"image":{"@id":"https:\/\/www.miomiorun.com\/de\/produkt\/adizero-evo-sl-damen\/#primaryimage"},"thumbnailUrl":"https:\/\/www.miomiorun.com\/app\/uploads\/2025\/06\/adidas-Adizero-EVO-SL-W-lucpnk-cblack-ftwwht-JS4455.webp","datePublished":"2025-06-06T08:04:57+00:00","dateModified":"2025-11-04T10:22:52+00:00","description":"adidas Adizero EVO SL: Leichte und reaktionsfreudige Laufschuhe mit Lightstrike Pro-D\u00e4mpfung und Continental-Sohle. Ideal f\u00fcr alle, die mit voller Geschwindigkeit leben und laufen.","breadcrumb":{"@id":"https:\/\/www.miomiorun.com\/de\/produkt\/adizero-evo-sl-damen\/#breadcrumb"},"inLanguage":"de-DE","potentialAction":[{"@type":"ReadAction","target":["https:\/\/www.miomiorun.com\/de\/produkt\/adizero-evo-sl-damen\/"]}]},{"@type":"ImageObject","inLanguage":"de-DE","@id":"https:\/\/www.miomiorun.com\/de\/produkt\/adizero-evo-sl-damen\/#primaryimage","url":"https:\/\/www.miomiorun.com\/app\/uploads\/2025\/06\/adidas-Adizero-EVO-SL-W-lucpnk-cblack-ftwwht-JS4455.webp","contentUrl":"https:\/\/www.miomiorun.com\/app\/uploads\/2025\/06\/adidas-Adizero-EVO-SL-W-lucpnk-cblack-ftwwht-JS4455.webp","width":600,"height":600,"caption":"adidas Adizero EVO SL W lucpnk cblack ftwwht JS4455"},{"@type":"BreadcrumbList","@id":"https:\/\/www.miomiorun.com\/de\/produkt\/adizero-evo-sl-damen\/#breadcrumb","itemListElement":[{"@type":"ListItem","position":1,"name":"Home","item":"https:\/\/www.miomiorun.com\/de\/"},{"@type":"ListItem","position":2,"name":"Shop","item":"https:\/\/www.miomiorun.com\/shop\/"},{"@type":"ListItem","position":3,"name":"Adizero EVO SL damen"}]},{"@type":"WebSite","@id":"https:\/\/www.miomiorun.com\/de\/#website","url":"https:\/\/www.miomiorun.com\/de\/","name":"MioMioRun","description":"100% Lauf- und Trailshop","publisher":{"@id":"https:\/\/www.miomiorun.com\/de\/#organization"},"potentialAction":[{"@type":"SearchAction","target":{"@type":"EntryPoint","urlTemplate":"https:\/\/www.miomiorun.com\/de\/?s={search_term_string}"},"query-input":{"@type":"PropertyValueSpecification","valueRequired":true,"valueName":"search_term_string"}}],"inLanguage":"de-DE"},{"@type":"Organization","@id":"https:\/\/www.miomiorun.com\/de\/#organization","name":"MioMio Run","url":"https:\/\/www.miomiorun.com\/de\/","logo":{"@type":"ImageObject","inLanguage":"de-DE","@id":"https:\/\/www.miomiorun.com\/de\/#\/schema\/logo\/image\/","url":"https:\/\/www.miomiorun.com\/app\/uploads\/2019\/12\/logomio.png","contentUrl":"https:\/\/www.miomiorun.com\/app\/uploads\/2019\/12\/logomio.png","width":115,"height":82,"caption":"MioMio Run"},"image":{"@id":"https:\/\/www.miomiorun.com\/de\/#\/schema\/logo\/image\/"},"sameAs":["https:\/\/www.facebook.com\/miomiorun\/","https:\/\/www.instagram.com\/miomiorun\/"]}]}},"_links":{"self":[{"href":"https:\/\/www.miomiorun.com\/de\/wp-json\/wp\/v2\/product\/317020","targetHints":{"allow":["GET"]}}],"collection":[{"href":"https:\/\/www.miomiorun.com\/de\/wp-json\/wp\/v2\/product"}],"about":[{"href":"https:\/\/www.miomiorun.com\/de\/wp-json\/wp\/v2\/types\/product"}],"wp:featuredmedia":[{"embeddable":true,"href":"https:\/\/www.miomiorun.com\/de\/wp-json\/wp\/v2\/media\/318464"}],"wp:attachment":[{"href":"https:\/\/www.miomiorun.com\/de\/wp-json\/wp\/v2\/media?parent=317020"}],"wp:term":[{"taxonomy":"product_brand","embeddable":true,"href":"https:\/\/www.miomiorun.com\/de\/wp-json\/wp\/v2\/product_brand?post=317020"},{"taxonomy":"product_cat","embeddable":true,"href":"https:\/\/www.miomiorun.com\/de\/wp-json\/wp\/v2\/product_cat?post=317020"},{"taxonomy":"product_tag","embeddable":true,"href":"https:\/\/www.miomiorun.com\/de\/wp-json\/wp\/v2\/product_tag?post=317020"}],"curies":[{"name":"wp","href":"https:\/\/api.w.org\/{rel}","templated":true}]}}