{"id":315810,"date":"2025-06-04T12:46:19","date_gmt":"2025-06-04T10:46:19","guid":{"rendered":"https:\/\/miomiorun.com\/prodotto\/xodus-ultra-4-donna\/"},"modified":"2026-05-08T22:51:32","modified_gmt":"2026-05-08T20:51:32","slug":"xodus-ultra-4-damen","status":"publish","type":"product","link":"https:\/\/www.miomiorun.com\/de\/produkt\/xodus-ultra-4-damen\/","title":{"rendered":"Xodus Ultra 4 damen"},"content":{"rendered":"<div class=\"vc-row container\"><div class=\"vc-column\"><div class=\"vc-column-text\"><\/p>\n<p><strong>Technische Daten<\/strong><\/p>\n<p>Kategorie: Top-D\u00e4mpfung<br \/>\nOffset: 6 mm (36 mm\/30 mm)<br \/>\nGewicht: 249 g<br \/>\nIdeal f\u00fcr: L\u00e4ufer und Wanderer in anspruchsvollem Berggel\u00e4nde, die ein sch\u00fctzendes und gut ged\u00e4mpftes Modell auch f\u00fcr lange Strecken suchen.<br \/>\nGewicht des Athleten: 60-80 kg<br \/>\nLaufgeschwindigkeit: mittel-langsam (&gt;5,00 min\/km)<br \/>\n<a href=\"https:\/\/miomiorun.com\/de\/leitfaden-fuer-technische-spezifikationen\/\">Leitfaden zu den technischen Daten<\/a><\/p>\n<p><\/div><\/div><div class=\"vc-column\"> <div class=\"vc-column-text\">Mit dem Xodus Ultra 4, Ihrer Wahl f\u00fcr Trailrunning mit maximaler D\u00e4mpfung, kommen Sie weiter, schneller und sicherer voran. Diese leistungsstarken Schuhe mit maximaler D\u00e4mpfung wurden f\u00fcr lange Strecken entwickelt und bieten unvergleichlichen Grip, \u00fcberlegenen Schutz und hohen Komfort, damit Sie Kilometer f\u00fcr Kilometer vorankommen.<br \/>\n<strong>Eigenschaften und Vorteile:&nbsp;<\/strong><\/p>\n<p><em>Verbesserter Komfort:<\/em> Genie\u00dfen Sie mit einer noch h\u00f6heren D\u00e4mpfung als je zuvor das dynamische Duo aus weicher PWRRUN PB-Sohle direkt unter dem Fu\u00df, umrahmt von PWRRUN f\u00fcr zus\u00e4tzlichen Schutz.<\/p>\n<p><em>Un\u00fcbertroffener Grip:<\/em> Die durchgehende Vibram\u00ae MegaGrip-Sohle bietet \u00fcberragende Traktion auf unebenem Gel\u00e4nde.<\/p>\n<p><em>Trail-taugliche Strapazierf\u00e4higkeit:<\/em> Entwickelt, um rauen Bedingungen standzuhalten und dir Sicherheit und Halt zu bieten.<\/div><\/div><\/div>\n","protected":false},"excerpt":{"rendered":"<ul>\n<li>&nbsp;Trailrunning-Schuh, ideal f\u00fcr Wettk\u00e4mpfe, t\u00e4gliches Training und Wanderungen.<\/li>\n<li>&nbsp;Super ged\u00e4mpft und bequem.<\/li>\n<\/ul>\n","protected":false},"featured_media":315619,"template":"","meta":{"_acf_changed":false,"inline_featured_image":false},"product_brand":[],"product_cat":[6474,6491],"product_tag":[3391,33804],"class_list":{"0":"post-315810","1":"product","2":"type-product","3":"status-publish","4":"has-post-thumbnail","6":"product_cat-damenschuhe","7":"product_cat-damentrailschuhe","8":"product_tag-saucony-de","9":"product_tag-saucony-donna-de","10":"pa_attivita-outdoor-de","11":"pa_attivita-trail-de","12":"pa_colore-xodus-ultra-4-w-aloe-barley-de","13":"pa_colore-xodus-ultra-4-w-black-torte-de","14":"pa_colore-xodus-ultra-4-w-splash-fire-de","15":"pa_colore-xodus-ultra-4-w-terra-wine-de","16":"pa_colore-xodus-ultra-4-w-white-citron-de","17":"pa_marca-saucony-de","18":"pa_sesso-damen","19":"pa_size-37-5-de","20":"pa_size-38-de","21":"pa_size-38-5-de","22":"pa_size-39-de","23":"pa_size-40-de","24":"pa_size-40-5-de","25":"pa_size-41-de","27":"first","28":"instock","29":"sale","30":"taxable","31":"shipping-taxable","32":"purchasable","33":"product-type-variable","34":"wvs-archive-product-wrapper"},"acf":[],"yoast_head":"<!-- This site is optimized with the Yoast SEO plugin v26.8 - https:\/\/yoast.com\/product\/yoast-seo-wordpress\/ -->\n<title>Saucony Xodus Ultra 4 damen - Trailrunningschuhe - MioMioRun<\/title>\n<meta name=\"description\" content=\"Der Saucony Xodus Ultra 4 f\u00fcr Damen wurde entwickelt, um sich jedem Trailrunning-Training anzupassen. Vielseitig einsetzbar f\u00fcr jede Situation.\" \/>\n<meta name=\"robots\" content=\"index, follow, max-snippet:-1, max-image-preview:large, max-video-preview:-1\" \/>\n<link rel=\"canonical\" href=\"https:\/\/www.miomiorun.com\/de\/produkt\/xodus-ultra-4-damen\/\" \/>\n<meta property=\"og:locale\" content=\"de_DE\" \/>\n<meta property=\"og:type\" content=\"article\" \/>\n<meta property=\"og:title\" content=\"Saucony Xodus Ultra 4 damen - Trailrunningschuhe - MioMioRun\" \/>\n<meta property=\"og:description\" content=\"Der Saucony Xodus Ultra 4 f\u00fcr Damen wurde entwickelt, um sich jedem Trailrunning-Training anzupassen. Vielseitig einsetzbar f\u00fcr jede Situation.\" \/>\n<meta property=\"og:url\" content=\"https:\/\/www.miomiorun.com\/de\/produkt\/xodus-ultra-4-damen\/\" \/>\n<meta property=\"og:site_name\" content=\"MioMioRun\" \/>\n<meta property=\"article:publisher\" content=\"https:\/\/www.facebook.com\/miomiorun\/\" \/>\n<meta property=\"article:modified_time\" content=\"2026-05-08T20:51:32+00:00\" \/>\n<meta property=\"og:image\" content=\"https:\/\/www.miomiorun.com\/app\/uploads\/2025\/06\/saucony-Xodus-Ultra-4-W-aloe-barley-S11032-247.webp\" \/>\n\t<meta property=\"og:image:width\" content=\"600\" \/>\n\t<meta property=\"og:image:height\" content=\"600\" \/>\n\t<meta property=\"og:image:type\" content=\"image\/webp\" \/>\n<meta name=\"twitter:card\" content=\"summary_large_image\" \/>\n<meta name=\"twitter:label1\" content=\"Est. reading time\" \/>\n\t<meta name=\"twitter:data1\" content=\"1 minute\" \/>\n<script type=\"application\/ld+json\" class=\"yoast-schema-graph\">{\"@context\":\"https:\/\/schema.org\",\"@graph\":[{\"@type\":\"WebPage\",\"@id\":\"https:\/\/www.miomiorun.com\/de\/produkt\/xodus-ultra-4-damen\/\",\"url\":\"https:\/\/www.miomiorun.com\/de\/produkt\/xodus-ultra-4-damen\/\",\"name\":\"Saucony Xodus Ultra 4 damen - Trailrunningschuhe - MioMioRun\",\"isPartOf\":{\"@id\":\"https:\/\/www.miomiorun.com\/de\/#website\"},\"primaryImageOfPage\":{\"@id\":\"https:\/\/www.miomiorun.com\/de\/produkt\/xodus-ultra-4-damen\/#primaryimage\"},\"image\":{\"@id\":\"https:\/\/www.miomiorun.com\/de\/produkt\/xodus-ultra-4-damen\/#primaryimage\"},\"thumbnailUrl\":\"https:\/\/www.miomiorun.com\/app\/uploads\/2025\/06\/saucony-Xodus-Ultra-4-W-aloe-barley-S11032-247.webp\",\"datePublished\":\"2025-06-04T10:46:19+00:00\",\"dateModified\":\"2026-05-08T20:51:32+00:00\",\"description\":\"Der Saucony Xodus Ultra 4 f\u00fcr Damen wurde entwickelt, um sich jedem Trailrunning-Training anzupassen. Vielseitig einsetzbar f\u00fcr jede Situation.\",\"breadcrumb\":{\"@id\":\"https:\/\/www.miomiorun.com\/de\/produkt\/xodus-ultra-4-damen\/#breadcrumb\"},\"inLanguage\":\"de-DE\",\"potentialAction\":[{\"@type\":\"ReadAction\",\"target\":[\"https:\/\/www.miomiorun.com\/de\/produkt\/xodus-ultra-4-damen\/\"]}]},{\"@type\":\"ImageObject\",\"inLanguage\":\"de-DE\",\"@id\":\"https:\/\/www.miomiorun.com\/de\/produkt\/xodus-ultra-4-damen\/#primaryimage\",\"url\":\"https:\/\/www.miomiorun.com\/app\/uploads\/2025\/06\/saucony-Xodus-Ultra-4-W-aloe-barley-S11032-247.webp\",\"contentUrl\":\"https:\/\/www.miomiorun.com\/app\/uploads\/2025\/06\/saucony-Xodus-Ultra-4-W-aloe-barley-S11032-247.webp\",\"width\":600,\"height\":600,\"caption\":\"saucony Xodus Ultra 4 W aloe barley S11032-247\"},{\"@type\":\"BreadcrumbList\",\"@id\":\"https:\/\/www.miomiorun.com\/de\/produkt\/xodus-ultra-4-damen\/#breadcrumb\",\"itemListElement\":[{\"@type\":\"ListItem\",\"position\":1,\"name\":\"Home\",\"item\":\"https:\/\/www.miomiorun.com\/de\/\"},{\"@type\":\"ListItem\",\"position\":2,\"name\":\"Shop\",\"item\":\"https:\/\/www.miomiorun.com\/shop\/\"},{\"@type\":\"ListItem\",\"position\":3,\"name\":\"Xodus Ultra 4 damen\"}]},{\"@type\":\"WebSite\",\"@id\":\"https:\/\/www.miomiorun.com\/de\/#website\",\"url\":\"https:\/\/www.miomiorun.com\/de\/\",\"name\":\"MioMioRun\",\"description\":\"100% Lauf- und Trailshop\",\"publisher\":{\"@id\":\"https:\/\/www.miomiorun.com\/de\/#organization\"},\"potentialAction\":[{\"@type\":\"SearchAction\",\"target\":{\"@type\":\"EntryPoint\",\"urlTemplate\":\"https:\/\/www.miomiorun.com\/de\/?s={search_term_string}\"},\"query-input\":{\"@type\":\"PropertyValueSpecification\",\"valueRequired\":true,\"valueName\":\"search_term_string\"}}],\"inLanguage\":\"de-DE\"},{\"@type\":\"Organization\",\"@id\":\"https:\/\/www.miomiorun.com\/de\/#organization\",\"name\":\"MioMio Run\",\"url\":\"https:\/\/www.miomiorun.com\/de\/\",\"logo\":{\"@type\":\"ImageObject\",\"inLanguage\":\"de-DE\",\"@id\":\"https:\/\/www.miomiorun.com\/de\/#\/schema\/logo\/image\/\",\"url\":\"https:\/\/www.miomiorun.com\/app\/uploads\/2019\/12\/logomio.png\",\"contentUrl\":\"https:\/\/www.miomiorun.com\/app\/uploads\/2019\/12\/logomio.png\",\"width\":115,\"height\":82,\"caption\":\"MioMio Run\"},\"image\":{\"@id\":\"https:\/\/www.miomiorun.com\/de\/#\/schema\/logo\/image\/\"},\"sameAs\":[\"https:\/\/www.facebook.com\/miomiorun\/\",\"https:\/\/www.instagram.com\/miomiorun\/\"]}]}<\/script>\n<!-- \/ Yoast SEO plugin. -->","yoast_head_json":{"title":"Saucony Xodus Ultra 4 damen - Trailrunningschuhe - MioMioRun","description":"Der Saucony Xodus Ultra 4 f\u00fcr Damen wurde entwickelt, um sich jedem Trailrunning-Training anzupassen. Vielseitig einsetzbar f\u00fcr jede Situation.","robots":{"index":"index","follow":"follow","max-snippet":"max-snippet:-1","max-image-preview":"max-image-preview:large","max-video-preview":"max-video-preview:-1"},"canonical":"https:\/\/www.miomiorun.com\/de\/produkt\/xodus-ultra-4-damen\/","og_locale":"de_DE","og_type":"article","og_title":"Saucony Xodus Ultra 4 damen - Trailrunningschuhe - MioMioRun","og_description":"Der Saucony Xodus Ultra 4 f\u00fcr Damen wurde entwickelt, um sich jedem Trailrunning-Training anzupassen. Vielseitig einsetzbar f\u00fcr jede Situation.","og_url":"https:\/\/www.miomiorun.com\/de\/produkt\/xodus-ultra-4-damen\/","og_site_name":"MioMioRun","article_publisher":"https:\/\/www.facebook.com\/miomiorun\/","article_modified_time":"2026-05-08T20:51:32+00:00","og_image":[{"width":600,"height":600,"url":"https:\/\/www.miomiorun.com\/app\/uploads\/2025\/06\/saucony-Xodus-Ultra-4-W-aloe-barley-S11032-247.webp","type":"image\/webp"}],"twitter_card":"summary_large_image","twitter_misc":{"Est. reading time":"1 minute"},"schema":{"@context":"https:\/\/schema.org","@graph":[{"@type":"WebPage","@id":"https:\/\/www.miomiorun.com\/de\/produkt\/xodus-ultra-4-damen\/","url":"https:\/\/www.miomiorun.com\/de\/produkt\/xodus-ultra-4-damen\/","name":"Saucony Xodus Ultra 4 damen - Trailrunningschuhe - MioMioRun","isPartOf":{"@id":"https:\/\/www.miomiorun.com\/de\/#website"},"primaryImageOfPage":{"@id":"https:\/\/www.miomiorun.com\/de\/produkt\/xodus-ultra-4-damen\/#primaryimage"},"image":{"@id":"https:\/\/www.miomiorun.com\/de\/produkt\/xodus-ultra-4-damen\/#primaryimage"},"thumbnailUrl":"https:\/\/www.miomiorun.com\/app\/uploads\/2025\/06\/saucony-Xodus-Ultra-4-W-aloe-barley-S11032-247.webp","datePublished":"2025-06-04T10:46:19+00:00","dateModified":"2026-05-08T20:51:32+00:00","description":"Der Saucony Xodus Ultra 4 f\u00fcr Damen wurde entwickelt, um sich jedem Trailrunning-Training anzupassen. Vielseitig einsetzbar f\u00fcr jede Situation.","breadcrumb":{"@id":"https:\/\/www.miomiorun.com\/de\/produkt\/xodus-ultra-4-damen\/#breadcrumb"},"inLanguage":"de-DE","potentialAction":[{"@type":"ReadAction","target":["https:\/\/www.miomiorun.com\/de\/produkt\/xodus-ultra-4-damen\/"]}]},{"@type":"ImageObject","inLanguage":"de-DE","@id":"https:\/\/www.miomiorun.com\/de\/produkt\/xodus-ultra-4-damen\/#primaryimage","url":"https:\/\/www.miomiorun.com\/app\/uploads\/2025\/06\/saucony-Xodus-Ultra-4-W-aloe-barley-S11032-247.webp","contentUrl":"https:\/\/www.miomiorun.com\/app\/uploads\/2025\/06\/saucony-Xodus-Ultra-4-W-aloe-barley-S11032-247.webp","width":600,"height":600,"caption":"saucony Xodus Ultra 4 W aloe barley S11032-247"},{"@type":"BreadcrumbList","@id":"https:\/\/www.miomiorun.com\/de\/produkt\/xodus-ultra-4-damen\/#breadcrumb","itemListElement":[{"@type":"ListItem","position":1,"name":"Home","item":"https:\/\/www.miomiorun.com\/de\/"},{"@type":"ListItem","position":2,"name":"Shop","item":"https:\/\/www.miomiorun.com\/shop\/"},{"@type":"ListItem","position":3,"name":"Xodus Ultra 4 damen"}]},{"@type":"WebSite","@id":"https:\/\/www.miomiorun.com\/de\/#website","url":"https:\/\/www.miomiorun.com\/de\/","name":"MioMioRun","description":"100% Lauf- und Trailshop","publisher":{"@id":"https:\/\/www.miomiorun.com\/de\/#organization"},"potentialAction":[{"@type":"SearchAction","target":{"@type":"EntryPoint","urlTemplate":"https:\/\/www.miomiorun.com\/de\/?s={search_term_string}"},"query-input":{"@type":"PropertyValueSpecification","valueRequired":true,"valueName":"search_term_string"}}],"inLanguage":"de-DE"},{"@type":"Organization","@id":"https:\/\/www.miomiorun.com\/de\/#organization","name":"MioMio Run","url":"https:\/\/www.miomiorun.com\/de\/","logo":{"@type":"ImageObject","inLanguage":"de-DE","@id":"https:\/\/www.miomiorun.com\/de\/#\/schema\/logo\/image\/","url":"https:\/\/www.miomiorun.com\/app\/uploads\/2019\/12\/logomio.png","contentUrl":"https:\/\/www.miomiorun.com\/app\/uploads\/2019\/12\/logomio.png","width":115,"height":82,"caption":"MioMio Run"},"image":{"@id":"https:\/\/www.miomiorun.com\/de\/#\/schema\/logo\/image\/"},"sameAs":["https:\/\/www.facebook.com\/miomiorun\/","https:\/\/www.instagram.com\/miomiorun\/"]}]}},"_links":{"self":[{"href":"https:\/\/www.miomiorun.com\/de\/wp-json\/wp\/v2\/product\/315810","targetHints":{"allow":["GET"]}}],"collection":[{"href":"https:\/\/www.miomiorun.com\/de\/wp-json\/wp\/v2\/product"}],"about":[{"href":"https:\/\/www.miomiorun.com\/de\/wp-json\/wp\/v2\/types\/product"}],"wp:featuredmedia":[{"embeddable":true,"href":"https:\/\/www.miomiorun.com\/de\/wp-json\/wp\/v2\/media\/315619"}],"wp:attachment":[{"href":"https:\/\/www.miomiorun.com\/de\/wp-json\/wp\/v2\/media?parent=315810"}],"wp:term":[{"taxonomy":"product_brand","embeddable":true,"href":"https:\/\/www.miomiorun.com\/de\/wp-json\/wp\/v2\/product_brand?post=315810"},{"taxonomy":"product_cat","embeddable":true,"href":"https:\/\/www.miomiorun.com\/de\/wp-json\/wp\/v2\/product_cat?post=315810"},{"taxonomy":"product_tag","embeddable":true,"href":"https:\/\/www.miomiorun.com\/de\/wp-json\/wp\/v2\/product_tag?post=315810"}],"curies":[{"name":"wp","href":"https:\/\/api.w.org\/{rel}","templated":true}]}}