{"id":315476,"date":"2025-06-04T16:50:58","date_gmt":"2025-06-04T14:50:58","guid":{"rendered":"https:\/\/miomiorun.com\/?post_type=product&#038;p=315476"},"modified":"2025-10-31T18:59:52","modified_gmt":"2025-10-31T17:59:52","slug":"triumph-23-damen","status":"publish","type":"product","link":"https:\/\/www.miomiorun.com\/de\/produkt\/triumph-23-damen\/","title":{"rendered":"Triumph 23 damen"},"content":{"rendered":"<div class=\"vc-row container\"><div class=\"vc-column\"><div class=\"vc-column-text\"><\/p>\n<p><strong>Technische Daten<\/strong><\/p>\n<p>Kategorie: Ultra-D\u00e4mpfung<br \/>\nOffset: 10 mm (37\/27 mm)<br \/>\nGewicht: 239 g<br \/>\nIdeal f\u00fcr: L\u00e4ufer und Walker, die einen Schuh mit maximaler D\u00e4mpfung und Weichheit sowohl im Fu\u00dfbett als auch im Obermaterial suchen, um lange Strecken zu laufen und zu walken.<br \/>\nGewicht des Sportlers: &gt;70 kg<br \/>\nLaufgeschwindigkeit: langsam (&gt;5,30 min\/km)<br \/>\n<a href=\"https:\/\/miomiorun.com\/guida-alle-specifiche-tecniche\/\">Leitfaden zu den technischen Daten<\/a><\/p>\n<p><\/div><\/div><div class=\"vc-column\"><div class=\"vc-column-text\"><\/p>\n<div class=\"text-container\">\n<div class=\"description col-xs-12\">\n<h3>F\u00dcR DIE T\u00c4GLICHE BEWEGUNG ENTWICKELT!<\/h3>\n<p>Der neue <strong>Triumph 23<\/strong>&nbsp;in der Damenversion ist&nbsp; ein Laufschuh, der f\u00fcr eine optimale D\u00e4mpfung&nbsp; bei allen L\u00e4ufen entwickelt wurde. Ein Modell, das f\u00fcr maximalen Komfort beim Laufen entwickelt wurde und sich perfekt an alle Arten von L\u00e4ufern anpasst, da es eines der vielseitigsten Modelle der Gegenwart ist.<\/p>\n<h3>Ein Modell, das Komfort, Dynamik und \u00c4sthetik perfekt vereint.<\/h3>\n<p>Ein vielseitiges Modell, das sich perfekt f\u00fcr einfachere Trainingseinheiten bis hin zu anspruchsvollen Wettk\u00e4mpfen eignet.<\/p>\n<div class=\"highlights\">\n<h3 class=\"highlights-title\">Highlights<\/h3>\n<div class=\"highlight\"><em>Verbesserte D\u00e4mpfung:&nbsp;<\/em><\/div>\n<div class=\"highlight\">Ein weicherer und leichterer PWRRUN PB-Schaumstoff mit verbesserter D\u00e4mpfung f\u00fcr Halt und Komfort bei l\u00e4ngeren L\u00e4ufen.<\/div>\n<div><\/div>\n<div class=\"highlight\"><em>Perfekte Atmungsaktivit\u00e4t:<\/em><\/div>\n<div class=\"highlight\">Das leichte, speziell entwickelte Mesh sorgt f\u00fcr Bel\u00fcftung und Komfort vom ersten bis zum letzten Schritt. <\/div>\n<div><\/div>\n<div class=\"highlight\"><em>Fl\u00fcssige und flexible \u00dcberg\u00e4nge:<\/em><\/div>\n<div class=\"highlight\">Das \u00fcberarbeitete Design der Sohle sorgt f\u00fcr fl\u00fcssige Bewegungen und ein nat\u00fcrlicheres Laufgef\u00fchl.<\/div>\n<\/div>\n<\/div>\n<\/div>\n<p><\/div><\/div><\/div>\n","protected":false},"excerpt":{"rendered":"<ul>\n<li>Superged\u00e4mpfter Schuh f\u00fcr h\u00f6chsten Komfort.<\/li>\n<li>Ideal f\u00fcr lange Spazierg\u00e4nge und L\u00e4ufe.<\/li>\n<\/ul>\n","protected":false},"featured_media":316153,"template":"","meta":{"_acf_changed":false,"inline_featured_image":false},"product_brand":[],"product_cat":[6474,6475],"product_tag":[3391,33804],"class_list":{"0":"post-315476","1":"product","2":"type-product","3":"status-publish","4":"has-post-thumbnail","6":"product_cat-damenschuhe","7":"product_cat-neutral","8":"product_tag-saucony-de","9":"product_tag-saucony-donna-de","10":"pa_attivita-gehen","11":"pa_attivita-lifestyle-de","12":"pa_attivita-running-de","13":"pa_colore-triumph-23-w-aster-de","14":"pa_colore-triumph-23-w-black-calm-de","15":"pa_colore-triumph-23-w-cameo-quartz-de","16":"pa_colore-triumph-23-w-ivory-mauve","17":"pa_colore-triumph-23-w-mist-cameo-de","18":"pa_colore-triumph-23-w-navy-cameo-de","19":"pa_colore-triumph-23-w-white-navy","20":"pa_colore-triumph-23-w-white-wistful-de","21":"pa_marca-saucony-de","22":"pa_sesso-damen","23":"pa_size-37-5-de","24":"pa_size-38-de","25":"pa_size-38-5-de","26":"pa_size-39-de","27":"pa_size-40-de","28":"pa_size-40-5-de","29":"pa_size-41-de","30":"pa_size-42-de","32":"first","33":"instock","34":"sale","35":"taxable","36":"shipping-taxable","37":"purchasable","38":"product-type-variable","39":"wvs-archive-product-wrapper"},"acf":[],"yoast_head":"<!-- This site is optimized with the Yoast SEO plugin v26.8 - https:\/\/yoast.com\/product\/yoast-seo-wordpress\/ -->\n<title>Saucony Triumph 23 damen -Laufschuhe- MioMioRun.com<\/title>\n<meta name=\"description\" content=\"Der neue Triumph 23 in der Damenversion ist ein Laufschuh, der f\u00fcr eine optimale D\u00e4mpfung bei allen L\u00e4ufen entwickelt wurde.\" \/>\n<meta name=\"robots\" content=\"index, follow, max-snippet:-1, max-image-preview:large, max-video-preview:-1\" \/>\n<link rel=\"canonical\" href=\"https:\/\/www.miomiorun.com\/de\/produkt\/triumph-23-damen\/\" \/>\n<meta property=\"og:locale\" content=\"de_DE\" \/>\n<meta property=\"og:type\" content=\"article\" \/>\n<meta property=\"og:title\" content=\"Saucony Triumph 23 damen -Laufschuhe- MioMioRun.com\" \/>\n<meta property=\"og:description\" content=\"Der neue Triumph 23 in der Damenversion ist ein Laufschuh, der f\u00fcr eine optimale D\u00e4mpfung bei allen L\u00e4ufen entwickelt wurde.\" \/>\n<meta property=\"og:url\" content=\"https:\/\/www.miomiorun.com\/de\/produkt\/triumph-23-damen\/\" \/>\n<meta property=\"og:site_name\" content=\"MioMioRun\" \/>\n<meta property=\"article:publisher\" content=\"https:\/\/www.facebook.com\/miomiorun\/\" \/>\n<meta property=\"article:modified_time\" content=\"2025-10-31T17:59:52+00:00\" \/>\n<meta property=\"og:image\" content=\"https:\/\/www.miomiorun.com\/app\/uploads\/2025\/06\/saucony-Triumph-23-W-aster-S11023-243.webp\" \/>\n\t<meta property=\"og:image:width\" content=\"600\" \/>\n\t<meta property=\"og:image:height\" content=\"600\" \/>\n\t<meta property=\"og:image:type\" content=\"image\/webp\" \/>\n<meta name=\"twitter:card\" content=\"summary_large_image\" \/>\n<meta name=\"twitter:label1\" content=\"Est. reading time\" \/>\n\t<meta name=\"twitter:data1\" content=\"1 minute\" \/>\n<script type=\"application\/ld+json\" class=\"yoast-schema-graph\">{\"@context\":\"https:\/\/schema.org\",\"@graph\":[{\"@type\":\"WebPage\",\"@id\":\"https:\/\/www.miomiorun.com\/de\/produkt\/triumph-23-damen\/\",\"url\":\"https:\/\/www.miomiorun.com\/de\/produkt\/triumph-23-damen\/\",\"name\":\"Saucony Triumph 23 damen -Laufschuhe- MioMioRun.com\",\"isPartOf\":{\"@id\":\"https:\/\/www.miomiorun.com\/de\/#website\"},\"primaryImageOfPage\":{\"@id\":\"https:\/\/www.miomiorun.com\/de\/produkt\/triumph-23-damen\/#primaryimage\"},\"image\":{\"@id\":\"https:\/\/www.miomiorun.com\/de\/produkt\/triumph-23-damen\/#primaryimage\"},\"thumbnailUrl\":\"https:\/\/www.miomiorun.com\/app\/uploads\/2025\/06\/saucony-Triumph-23-W-aster-S11023-243.webp\",\"datePublished\":\"2025-06-04T14:50:58+00:00\",\"dateModified\":\"2025-10-31T17:59:52+00:00\",\"description\":\"Der neue Triumph 23 in der Damenversion ist ein Laufschuh, der f\u00fcr eine optimale D\u00e4mpfung bei allen L\u00e4ufen entwickelt wurde.\",\"breadcrumb\":{\"@id\":\"https:\/\/www.miomiorun.com\/de\/produkt\/triumph-23-damen\/#breadcrumb\"},\"inLanguage\":\"de-DE\",\"potentialAction\":[{\"@type\":\"ReadAction\",\"target\":[\"https:\/\/www.miomiorun.com\/de\/produkt\/triumph-23-damen\/\"]}]},{\"@type\":\"ImageObject\",\"inLanguage\":\"de-DE\",\"@id\":\"https:\/\/www.miomiorun.com\/de\/produkt\/triumph-23-damen\/#primaryimage\",\"url\":\"https:\/\/www.miomiorun.com\/app\/uploads\/2025\/06\/saucony-Triumph-23-W-aster-S11023-243.webp\",\"contentUrl\":\"https:\/\/www.miomiorun.com\/app\/uploads\/2025\/06\/saucony-Triumph-23-W-aster-S11023-243.webp\",\"width\":600,\"height\":600,\"caption\":\"saucony Triumph 23 W aster S11023-243\"},{\"@type\":\"BreadcrumbList\",\"@id\":\"https:\/\/www.miomiorun.com\/de\/produkt\/triumph-23-damen\/#breadcrumb\",\"itemListElement\":[{\"@type\":\"ListItem\",\"position\":1,\"name\":\"Home\",\"item\":\"https:\/\/www.miomiorun.com\/de\/\"},{\"@type\":\"ListItem\",\"position\":2,\"name\":\"Shop\",\"item\":\"https:\/\/www.miomiorun.com\/shop\/\"},{\"@type\":\"ListItem\",\"position\":3,\"name\":\"Triumph 23 damen\"}]},{\"@type\":\"WebSite\",\"@id\":\"https:\/\/www.miomiorun.com\/de\/#website\",\"url\":\"https:\/\/www.miomiorun.com\/de\/\",\"name\":\"MioMioRun\",\"description\":\"100% Lauf- und Trailshop\",\"publisher\":{\"@id\":\"https:\/\/www.miomiorun.com\/de\/#organization\"},\"potentialAction\":[{\"@type\":\"SearchAction\",\"target\":{\"@type\":\"EntryPoint\",\"urlTemplate\":\"https:\/\/www.miomiorun.com\/de\/?s={search_term_string}\"},\"query-input\":{\"@type\":\"PropertyValueSpecification\",\"valueRequired\":true,\"valueName\":\"search_term_string\"}}],\"inLanguage\":\"de-DE\"},{\"@type\":\"Organization\",\"@id\":\"https:\/\/www.miomiorun.com\/de\/#organization\",\"name\":\"MioMio Run\",\"url\":\"https:\/\/www.miomiorun.com\/de\/\",\"logo\":{\"@type\":\"ImageObject\",\"inLanguage\":\"de-DE\",\"@id\":\"https:\/\/www.miomiorun.com\/de\/#\/schema\/logo\/image\/\",\"url\":\"https:\/\/www.miomiorun.com\/app\/uploads\/2019\/12\/logomio.png\",\"contentUrl\":\"https:\/\/www.miomiorun.com\/app\/uploads\/2019\/12\/logomio.png\",\"width\":115,\"height\":82,\"caption\":\"MioMio Run\"},\"image\":{\"@id\":\"https:\/\/www.miomiorun.com\/de\/#\/schema\/logo\/image\/\"},\"sameAs\":[\"https:\/\/www.facebook.com\/miomiorun\/\",\"https:\/\/www.instagram.com\/miomiorun\/\"]}]}<\/script>\n<!-- \/ Yoast SEO plugin. -->","yoast_head_json":{"title":"Saucony Triumph 23 damen -Laufschuhe- MioMioRun.com","description":"Der neue Triumph 23 in der Damenversion ist ein Laufschuh, der f\u00fcr eine optimale D\u00e4mpfung bei allen L\u00e4ufen entwickelt wurde.","robots":{"index":"index","follow":"follow","max-snippet":"max-snippet:-1","max-image-preview":"max-image-preview:large","max-video-preview":"max-video-preview:-1"},"canonical":"https:\/\/www.miomiorun.com\/de\/produkt\/triumph-23-damen\/","og_locale":"de_DE","og_type":"article","og_title":"Saucony Triumph 23 damen -Laufschuhe- MioMioRun.com","og_description":"Der neue Triumph 23 in der Damenversion ist ein Laufschuh, der f\u00fcr eine optimale D\u00e4mpfung bei allen L\u00e4ufen entwickelt wurde.","og_url":"https:\/\/www.miomiorun.com\/de\/produkt\/triumph-23-damen\/","og_site_name":"MioMioRun","article_publisher":"https:\/\/www.facebook.com\/miomiorun\/","article_modified_time":"2025-10-31T17:59:52+00:00","og_image":[{"width":600,"height":600,"url":"https:\/\/www.miomiorun.com\/app\/uploads\/2025\/06\/saucony-Triumph-23-W-aster-S11023-243.webp","type":"image\/webp"}],"twitter_card":"summary_large_image","twitter_misc":{"Est. reading time":"1 minute"},"schema":{"@context":"https:\/\/schema.org","@graph":[{"@type":"WebPage","@id":"https:\/\/www.miomiorun.com\/de\/produkt\/triumph-23-damen\/","url":"https:\/\/www.miomiorun.com\/de\/produkt\/triumph-23-damen\/","name":"Saucony Triumph 23 damen -Laufschuhe- MioMioRun.com","isPartOf":{"@id":"https:\/\/www.miomiorun.com\/de\/#website"},"primaryImageOfPage":{"@id":"https:\/\/www.miomiorun.com\/de\/produkt\/triumph-23-damen\/#primaryimage"},"image":{"@id":"https:\/\/www.miomiorun.com\/de\/produkt\/triumph-23-damen\/#primaryimage"},"thumbnailUrl":"https:\/\/www.miomiorun.com\/app\/uploads\/2025\/06\/saucony-Triumph-23-W-aster-S11023-243.webp","datePublished":"2025-06-04T14:50:58+00:00","dateModified":"2025-10-31T17:59:52+00:00","description":"Der neue Triumph 23 in der Damenversion ist ein Laufschuh, der f\u00fcr eine optimale D\u00e4mpfung bei allen L\u00e4ufen entwickelt wurde.","breadcrumb":{"@id":"https:\/\/www.miomiorun.com\/de\/produkt\/triumph-23-damen\/#breadcrumb"},"inLanguage":"de-DE","potentialAction":[{"@type":"ReadAction","target":["https:\/\/www.miomiorun.com\/de\/produkt\/triumph-23-damen\/"]}]},{"@type":"ImageObject","inLanguage":"de-DE","@id":"https:\/\/www.miomiorun.com\/de\/produkt\/triumph-23-damen\/#primaryimage","url":"https:\/\/www.miomiorun.com\/app\/uploads\/2025\/06\/saucony-Triumph-23-W-aster-S11023-243.webp","contentUrl":"https:\/\/www.miomiorun.com\/app\/uploads\/2025\/06\/saucony-Triumph-23-W-aster-S11023-243.webp","width":600,"height":600,"caption":"saucony Triumph 23 W aster S11023-243"},{"@type":"BreadcrumbList","@id":"https:\/\/www.miomiorun.com\/de\/produkt\/triumph-23-damen\/#breadcrumb","itemListElement":[{"@type":"ListItem","position":1,"name":"Home","item":"https:\/\/www.miomiorun.com\/de\/"},{"@type":"ListItem","position":2,"name":"Shop","item":"https:\/\/www.miomiorun.com\/shop\/"},{"@type":"ListItem","position":3,"name":"Triumph 23 damen"}]},{"@type":"WebSite","@id":"https:\/\/www.miomiorun.com\/de\/#website","url":"https:\/\/www.miomiorun.com\/de\/","name":"MioMioRun","description":"100% Lauf- und Trailshop","publisher":{"@id":"https:\/\/www.miomiorun.com\/de\/#organization"},"potentialAction":[{"@type":"SearchAction","target":{"@type":"EntryPoint","urlTemplate":"https:\/\/www.miomiorun.com\/de\/?s={search_term_string}"},"query-input":{"@type":"PropertyValueSpecification","valueRequired":true,"valueName":"search_term_string"}}],"inLanguage":"de-DE"},{"@type":"Organization","@id":"https:\/\/www.miomiorun.com\/de\/#organization","name":"MioMio Run","url":"https:\/\/www.miomiorun.com\/de\/","logo":{"@type":"ImageObject","inLanguage":"de-DE","@id":"https:\/\/www.miomiorun.com\/de\/#\/schema\/logo\/image\/","url":"https:\/\/www.miomiorun.com\/app\/uploads\/2019\/12\/logomio.png","contentUrl":"https:\/\/www.miomiorun.com\/app\/uploads\/2019\/12\/logomio.png","width":115,"height":82,"caption":"MioMio Run"},"image":{"@id":"https:\/\/www.miomiorun.com\/de\/#\/schema\/logo\/image\/"},"sameAs":["https:\/\/www.facebook.com\/miomiorun\/","https:\/\/www.instagram.com\/miomiorun\/"]}]}},"_links":{"self":[{"href":"https:\/\/www.miomiorun.com\/de\/wp-json\/wp\/v2\/product\/315476","targetHints":{"allow":["GET"]}}],"collection":[{"href":"https:\/\/www.miomiorun.com\/de\/wp-json\/wp\/v2\/product"}],"about":[{"href":"https:\/\/www.miomiorun.com\/de\/wp-json\/wp\/v2\/types\/product"}],"wp:featuredmedia":[{"embeddable":true,"href":"https:\/\/www.miomiorun.com\/de\/wp-json\/wp\/v2\/media\/316153"}],"wp:attachment":[{"href":"https:\/\/www.miomiorun.com\/de\/wp-json\/wp\/v2\/media?parent=315476"}],"wp:term":[{"taxonomy":"product_brand","embeddable":true,"href":"https:\/\/www.miomiorun.com\/de\/wp-json\/wp\/v2\/product_brand?post=315476"},{"taxonomy":"product_cat","embeddable":true,"href":"https:\/\/www.miomiorun.com\/de\/wp-json\/wp\/v2\/product_cat?post=315476"},{"taxonomy":"product_tag","embeddable":true,"href":"https:\/\/www.miomiorun.com\/de\/wp-json\/wp\/v2\/product_tag?post=315476"}],"curies":[{"name":"wp","href":"https:\/\/api.w.org\/{rel}","templated":true}]}}