{"id":315127,"date":"2025-06-04T11:41:42","date_gmt":"2025-06-04T09:41:42","guid":{"rendered":"https:\/\/miomiorun.com\/?post_type=product&#038;p=315127"},"modified":"2025-10-31T19:01:11","modified_gmt":"2025-10-31T18:01:11","slug":"treadflow-herren","status":"publish","type":"product","link":"https:\/\/www.miomiorun.com\/de\/produkt\/treadflow-herren\/","title":{"rendered":"Treadflow herren"},"content":{"rendered":"<p><div class=\"vc-row container\"><div class=\"vc-column\"><div class=\"vc-column-text\"><\/p>\n<p><strong>Technische Daten<\/strong><\/p>\n<p>Kategorie: reaktive D\u00e4mpfung<br \/>\nOffset: 10 mm (Ferse 32 mm \/ Vorfu\u00df 22 mm)<br \/>\nGewicht: 220,0 Gramm (Gr\u00f6\u00dfe UK 8,5)<br \/>\nIdeal f\u00fcr: Fitnessstudio und Fitnessaktivit\u00e4ten.<br \/>\nGewicht des Sportlers: 60\u201380 kg<br \/>\nLaufgeschwindigkeit: mittel (5,00 min\/km)<br \/>\n<a href=\"https:\/\/miomiorun.com\/guida-alle-specifiche-tecniche\/\">Leitfaden zu den technischen Spezifikationen<\/a><\/p>\n<p> <\/div><\/div><div class=\"vc-column\"><div class=\"vc-column-text\"><\/p>\n<p data-start=\"184\" data-end=\"562\">Finden Sie auch in der Halle Ihren Rhythmus mit den <strong data-start=\"226\" data-end=\"246\">adidas Treadflow<\/strong>, den speziell f\u00fcr das Training auf dem Laufband entwickelten Laufschuhen. <strong data-start=\"324\" data-end=\"387\">Leicht, atmungsaktiv und f\u00fcr maximale Frische konzipiert<\/strong>, kombinieren diese Schuhe ein Obermaterial aus technischem Mesh mit der fortschrittlichen <strong data-start=\"466\" data-end=\"479\">CLIMACOOL<\/strong>-Technologie, die deine F\u00fc\u00dfe auch bei intensiven Trainingseinheiten trocken und bequem h\u00e4lt.<\/p>\n<p data-start=\"564\" data-end=\"857\">Die <strong data-start=\"566\" data-end=\"601\">Lightstrike Pro-D\u00e4mpfung<\/strong> sorgt f\u00fcr ein reaktionsfreudiges und energiegeladenes Laufgef\u00fchl, w\u00e4hrend das ergonomische Design mit einem <strong data-start=\"672\" data-end=\"689\">10-mm-Sprengung<\/strong> Schritt f\u00fcr Schritt f\u00fcr Stabilit\u00e4t und Komfort sorgt. Mit einem Gewicht von nur <strong data-start=\"759\" data-end=\"773\">220 Gramm<\/strong> (Gr\u00f6\u00dfe UK 8,5) sind sie ideal f\u00fcr alle, die kompromisslose Geschwindigkeit und Leichtigkeit suchen.<\/p>\n<h4 data-start=\"864\" data-end=\"900\"><strong data-start=\"869\" data-end=\"900\">Hauptmerkmale:<\/strong><\/h4>\n<ul data-start=\"901\" data-end=\"1315\">\n<li data-start=\"901\" data-end=\"948\">\n<p data-start=\"903\" data-end=\"948\">Normale Passform mit <strong data-start=\"928\" data-end=\"948\">Schn\u00fcrverschluss<\/strong><\/p>\n<\/li>\n<li data-start=\"949\" data-end=\"1003\">\n<p data-start=\"951\" data-end=\"1003\">Obermaterial aus <strong data-start=\"961\" data-end=\"981\">atmungsaktivem Mesh<\/strong> und Synthetikmaterial<\/p>\n<\/li>\n<li data-start=\"1004\" data-end=\"1081\">\n<p data-start=\"1006\" data-end=\"1081\"><strong data-start=\"1017\" data-end=\"1030\">CLIMACOOL-Technologie<\/strong>: optimales Schwei\u00dfmanagement und schnelle Trocknung<\/p>\n<\/li>\n<li data-start=\"1082\" data-end=\"1155\">\n<p data-start=\"1084\" data-end=\"1155\"><strong data-start=\"1084\" data-end=\"1119\">Lightstrike Pro-D\u00e4mpfung<\/strong> f\u00fcr eine h\u00f6here Energier\u00fcckgabe<\/p>\n<\/li>\n<li data-start=\"1156\" data-end=\"1218\">\n<p data-start=\"1158\" data-end=\"1218\">Gummisohle f\u00fcr dauerhaften Halt auf Indoor-Oberfl\u00e4chen<\/p>\n<\/li>\n<\/ul>\n<p><\/div><\/div><\/div><div class=\"vc-row container\"><div class=\"vc-column\"><div style=\"height:32px\" class=\"vc-empty-space\"><\/div><\/div><\/div><\/p><\/p>\n","protected":false},"excerpt":{"rendered":"<ul>\n<li>Lightstrike Pro-D\u00e4mpfung<\/li>\n<li>CLIMACOOL-Technologie<\/li>\n<\/ul>\n","protected":false},"featured_media":316789,"template":"","meta":{"_acf_changed":false,"inline_featured_image":false},"product_brand":[],"product_cat":[6507,6506],"product_tag":[3403,6307],"class_list":{"0":"post-315127","1":"product","2":"type-product","3":"status-publish","4":"has-post-thumbnail","6":"product_cat-herren-schuhe-de","7":"product_cat-neutrale-herren-schuhe-de","8":"product_tag-adidas-de","9":"product_tag-adidas-herren-de","10":"pa_attivita-fitness-de","11":"pa_attivita-running-de","12":"pa_colore-treadflow-minton-purtea-powtea-de","13":"pa_marca-adidas-de","14":"pa_sesso-herren","15":"pa_size-42-de","17":"pa_size-43-de","18":"pa_size-45-de","19":"pa_size-46-de","21":"first","22":"instock","23":"sale","24":"taxable","25":"shipping-taxable","26":"purchasable","27":"product-type-variable","28":"wvs-archive-product-wrapper"},"acf":[],"yoast_head":"<!-- This site is optimized with the Yoast SEO plugin v26.8 - https:\/\/yoast.com\/product\/yoast-seo-wordpress\/ -->\n<title>Adidas Treadflow herren - Herren-Laufschuhe - MioMioRun<\/title>\n<meta name=\"description\" content=\"Leichte und atmungsaktive adidas Treadflow Laufschuhe, ideal f\u00fcr das Laufband. CLIMACOOL und Lightstrike Pro f\u00fcr Frische und D\u00e4mpfung.\" \/>\n<meta name=\"robots\" content=\"index, follow, max-snippet:-1, max-image-preview:large, max-video-preview:-1\" \/>\n<link rel=\"canonical\" href=\"https:\/\/www.miomiorun.com\/de\/produkt\/treadflow-herren\/\" \/>\n<meta property=\"og:locale\" content=\"de_DE\" \/>\n<meta property=\"og:type\" content=\"article\" \/>\n<meta property=\"og:title\" content=\"Adidas Treadflow herren - Herren-Laufschuhe - MioMioRun\" \/>\n<meta property=\"og:description\" content=\"Leichte und atmungsaktive adidas Treadflow Laufschuhe, ideal f\u00fcr das Laufband. CLIMACOOL und Lightstrike Pro f\u00fcr Frische und D\u00e4mpfung.\" \/>\n<meta property=\"og:url\" content=\"https:\/\/www.miomiorun.com\/de\/produkt\/treadflow-herren\/\" \/>\n<meta property=\"og:site_name\" content=\"MioMioRun\" \/>\n<meta property=\"article:publisher\" content=\"https:\/\/www.facebook.com\/miomiorun\/\" \/>\n<meta property=\"article:modified_time\" content=\"2025-10-31T18:01:11+00:00\" \/>\n<meta property=\"og:image\" content=\"https:\/\/www.miomiorun.com\/app\/uploads\/2025\/06\/adidas-Treadflow-minton-purtea-powtea-JR0433.webp\" \/>\n\t<meta property=\"og:image:width\" content=\"600\" \/>\n\t<meta property=\"og:image:height\" content=\"600\" \/>\n\t<meta property=\"og:image:type\" content=\"image\/webp\" \/>\n<meta name=\"twitter:card\" content=\"summary_large_image\" \/>\n<meta name=\"twitter:label1\" content=\"Est. reading time\" \/>\n\t<meta name=\"twitter:data1\" content=\"2 minutes\" \/>\n<script type=\"application\/ld+json\" class=\"yoast-schema-graph\">{\"@context\":\"https:\/\/schema.org\",\"@graph\":[{\"@type\":\"WebPage\",\"@id\":\"https:\/\/www.miomiorun.com\/de\/produkt\/treadflow-herren\/\",\"url\":\"https:\/\/www.miomiorun.com\/de\/produkt\/treadflow-herren\/\",\"name\":\"Adidas Treadflow herren - Herren-Laufschuhe - MioMioRun\",\"isPartOf\":{\"@id\":\"https:\/\/www.miomiorun.com\/de\/#website\"},\"primaryImageOfPage\":{\"@id\":\"https:\/\/www.miomiorun.com\/de\/produkt\/treadflow-herren\/#primaryimage\"},\"image\":{\"@id\":\"https:\/\/www.miomiorun.com\/de\/produkt\/treadflow-herren\/#primaryimage\"},\"thumbnailUrl\":\"https:\/\/www.miomiorun.com\/app\/uploads\/2025\/06\/adidas-Treadflow-minton-purtea-powtea-JR0433.webp\",\"datePublished\":\"2025-06-04T09:41:42+00:00\",\"dateModified\":\"2025-10-31T18:01:11+00:00\",\"description\":\"Leichte und atmungsaktive adidas Treadflow Laufschuhe, ideal f\u00fcr das Laufband. CLIMACOOL und Lightstrike Pro f\u00fcr Frische und D\u00e4mpfung.\",\"breadcrumb\":{\"@id\":\"https:\/\/www.miomiorun.com\/de\/produkt\/treadflow-herren\/#breadcrumb\"},\"inLanguage\":\"de-DE\",\"potentialAction\":[{\"@type\":\"ReadAction\",\"target\":[\"https:\/\/www.miomiorun.com\/de\/produkt\/treadflow-herren\/\"]}]},{\"@type\":\"ImageObject\",\"inLanguage\":\"de-DE\",\"@id\":\"https:\/\/www.miomiorun.com\/de\/produkt\/treadflow-herren\/#primaryimage\",\"url\":\"https:\/\/www.miomiorun.com\/app\/uploads\/2025\/06\/adidas-Treadflow-minton-purtea-powtea-JR0433.webp\",\"contentUrl\":\"https:\/\/www.miomiorun.com\/app\/uploads\/2025\/06\/adidas-Treadflow-minton-purtea-powtea-JR0433.webp\",\"width\":600,\"height\":600,\"caption\":\"adidas Treadflow minton purtea powtea JR0433\"},{\"@type\":\"BreadcrumbList\",\"@id\":\"https:\/\/www.miomiorun.com\/de\/produkt\/treadflow-herren\/#breadcrumb\",\"itemListElement\":[{\"@type\":\"ListItem\",\"position\":1,\"name\":\"Home\",\"item\":\"https:\/\/www.miomiorun.com\/de\/\"},{\"@type\":\"ListItem\",\"position\":2,\"name\":\"Shop\",\"item\":\"https:\/\/www.miomiorun.com\/shop\/\"},{\"@type\":\"ListItem\",\"position\":3,\"name\":\"Treadflow herren\"}]},{\"@type\":\"WebSite\",\"@id\":\"https:\/\/www.miomiorun.com\/de\/#website\",\"url\":\"https:\/\/www.miomiorun.com\/de\/\",\"name\":\"MioMioRun\",\"description\":\"100% Lauf- und Trailshop\",\"publisher\":{\"@id\":\"https:\/\/www.miomiorun.com\/de\/#organization\"},\"potentialAction\":[{\"@type\":\"SearchAction\",\"target\":{\"@type\":\"EntryPoint\",\"urlTemplate\":\"https:\/\/www.miomiorun.com\/de\/?s={search_term_string}\"},\"query-input\":{\"@type\":\"PropertyValueSpecification\",\"valueRequired\":true,\"valueName\":\"search_term_string\"}}],\"inLanguage\":\"de-DE\"},{\"@type\":\"Organization\",\"@id\":\"https:\/\/www.miomiorun.com\/de\/#organization\",\"name\":\"MioMio Run\",\"url\":\"https:\/\/www.miomiorun.com\/de\/\",\"logo\":{\"@type\":\"ImageObject\",\"inLanguage\":\"de-DE\",\"@id\":\"https:\/\/www.miomiorun.com\/de\/#\/schema\/logo\/image\/\",\"url\":\"https:\/\/www.miomiorun.com\/app\/uploads\/2019\/12\/logomio.png\",\"contentUrl\":\"https:\/\/www.miomiorun.com\/app\/uploads\/2019\/12\/logomio.png\",\"width\":115,\"height\":82,\"caption\":\"MioMio Run\"},\"image\":{\"@id\":\"https:\/\/www.miomiorun.com\/de\/#\/schema\/logo\/image\/\"},\"sameAs\":[\"https:\/\/www.facebook.com\/miomiorun\/\",\"https:\/\/www.instagram.com\/miomiorun\/\"]}]}<\/script>\n<!-- \/ Yoast SEO plugin. -->","yoast_head_json":{"title":"Adidas Treadflow herren - Herren-Laufschuhe - MioMioRun","description":"Leichte und atmungsaktive adidas Treadflow Laufschuhe, ideal f\u00fcr das Laufband. CLIMACOOL und Lightstrike Pro f\u00fcr Frische und D\u00e4mpfung.","robots":{"index":"index","follow":"follow","max-snippet":"max-snippet:-1","max-image-preview":"max-image-preview:large","max-video-preview":"max-video-preview:-1"},"canonical":"https:\/\/www.miomiorun.com\/de\/produkt\/treadflow-herren\/","og_locale":"de_DE","og_type":"article","og_title":"Adidas Treadflow herren - Herren-Laufschuhe - MioMioRun","og_description":"Leichte und atmungsaktive adidas Treadflow Laufschuhe, ideal f\u00fcr das Laufband. CLIMACOOL und Lightstrike Pro f\u00fcr Frische und D\u00e4mpfung.","og_url":"https:\/\/www.miomiorun.com\/de\/produkt\/treadflow-herren\/","og_site_name":"MioMioRun","article_publisher":"https:\/\/www.facebook.com\/miomiorun\/","article_modified_time":"2025-10-31T18:01:11+00:00","og_image":[{"width":600,"height":600,"url":"https:\/\/www.miomiorun.com\/app\/uploads\/2025\/06\/adidas-Treadflow-minton-purtea-powtea-JR0433.webp","type":"image\/webp"}],"twitter_card":"summary_large_image","twitter_misc":{"Est. reading time":"2 minutes"},"schema":{"@context":"https:\/\/schema.org","@graph":[{"@type":"WebPage","@id":"https:\/\/www.miomiorun.com\/de\/produkt\/treadflow-herren\/","url":"https:\/\/www.miomiorun.com\/de\/produkt\/treadflow-herren\/","name":"Adidas Treadflow herren - Herren-Laufschuhe - MioMioRun","isPartOf":{"@id":"https:\/\/www.miomiorun.com\/de\/#website"},"primaryImageOfPage":{"@id":"https:\/\/www.miomiorun.com\/de\/produkt\/treadflow-herren\/#primaryimage"},"image":{"@id":"https:\/\/www.miomiorun.com\/de\/produkt\/treadflow-herren\/#primaryimage"},"thumbnailUrl":"https:\/\/www.miomiorun.com\/app\/uploads\/2025\/06\/adidas-Treadflow-minton-purtea-powtea-JR0433.webp","datePublished":"2025-06-04T09:41:42+00:00","dateModified":"2025-10-31T18:01:11+00:00","description":"Leichte und atmungsaktive adidas Treadflow Laufschuhe, ideal f\u00fcr das Laufband. CLIMACOOL und Lightstrike Pro f\u00fcr Frische und D\u00e4mpfung.","breadcrumb":{"@id":"https:\/\/www.miomiorun.com\/de\/produkt\/treadflow-herren\/#breadcrumb"},"inLanguage":"de-DE","potentialAction":[{"@type":"ReadAction","target":["https:\/\/www.miomiorun.com\/de\/produkt\/treadflow-herren\/"]}]},{"@type":"ImageObject","inLanguage":"de-DE","@id":"https:\/\/www.miomiorun.com\/de\/produkt\/treadflow-herren\/#primaryimage","url":"https:\/\/www.miomiorun.com\/app\/uploads\/2025\/06\/adidas-Treadflow-minton-purtea-powtea-JR0433.webp","contentUrl":"https:\/\/www.miomiorun.com\/app\/uploads\/2025\/06\/adidas-Treadflow-minton-purtea-powtea-JR0433.webp","width":600,"height":600,"caption":"adidas Treadflow minton purtea powtea JR0433"},{"@type":"BreadcrumbList","@id":"https:\/\/www.miomiorun.com\/de\/produkt\/treadflow-herren\/#breadcrumb","itemListElement":[{"@type":"ListItem","position":1,"name":"Home","item":"https:\/\/www.miomiorun.com\/de\/"},{"@type":"ListItem","position":2,"name":"Shop","item":"https:\/\/www.miomiorun.com\/shop\/"},{"@type":"ListItem","position":3,"name":"Treadflow herren"}]},{"@type":"WebSite","@id":"https:\/\/www.miomiorun.com\/de\/#website","url":"https:\/\/www.miomiorun.com\/de\/","name":"MioMioRun","description":"100% Lauf- und Trailshop","publisher":{"@id":"https:\/\/www.miomiorun.com\/de\/#organization"},"potentialAction":[{"@type":"SearchAction","target":{"@type":"EntryPoint","urlTemplate":"https:\/\/www.miomiorun.com\/de\/?s={search_term_string}"},"query-input":{"@type":"PropertyValueSpecification","valueRequired":true,"valueName":"search_term_string"}}],"inLanguage":"de-DE"},{"@type":"Organization","@id":"https:\/\/www.miomiorun.com\/de\/#organization","name":"MioMio Run","url":"https:\/\/www.miomiorun.com\/de\/","logo":{"@type":"ImageObject","inLanguage":"de-DE","@id":"https:\/\/www.miomiorun.com\/de\/#\/schema\/logo\/image\/","url":"https:\/\/www.miomiorun.com\/app\/uploads\/2019\/12\/logomio.png","contentUrl":"https:\/\/www.miomiorun.com\/app\/uploads\/2019\/12\/logomio.png","width":115,"height":82,"caption":"MioMio Run"},"image":{"@id":"https:\/\/www.miomiorun.com\/de\/#\/schema\/logo\/image\/"},"sameAs":["https:\/\/www.facebook.com\/miomiorun\/","https:\/\/www.instagram.com\/miomiorun\/"]}]}},"_links":{"self":[{"href":"https:\/\/www.miomiorun.com\/de\/wp-json\/wp\/v2\/product\/315127","targetHints":{"allow":["GET"]}}],"collection":[{"href":"https:\/\/www.miomiorun.com\/de\/wp-json\/wp\/v2\/product"}],"about":[{"href":"https:\/\/www.miomiorun.com\/de\/wp-json\/wp\/v2\/types\/product"}],"wp:featuredmedia":[{"embeddable":true,"href":"https:\/\/www.miomiorun.com\/de\/wp-json\/wp\/v2\/media\/316789"}],"wp:attachment":[{"href":"https:\/\/www.miomiorun.com\/de\/wp-json\/wp\/v2\/media?parent=315127"}],"wp:term":[{"taxonomy":"product_brand","embeddable":true,"href":"https:\/\/www.miomiorun.com\/de\/wp-json\/wp\/v2\/product_brand?post=315127"},{"taxonomy":"product_cat","embeddable":true,"href":"https:\/\/www.miomiorun.com\/de\/wp-json\/wp\/v2\/product_cat?post=315127"},{"taxonomy":"product_tag","embeddable":true,"href":"https:\/\/www.miomiorun.com\/de\/wp-json\/wp\/v2\/product_tag?post=315127"}],"curies":[{"name":"wp","href":"https:\/\/api.w.org\/{rel}","templated":true}]}}