{"id":314860,"date":"2025-05-30T17:52:37","date_gmt":"2025-05-30T15:52:37","guid":{"rendered":"https:\/\/miomiorun.com\/?post_type=product&#038;p=314860"},"modified":"2026-05-08T22:50:05","modified_gmt":"2026-05-08T20:50:05","slug":"adizero-avanti-xc","status":"publish","type":"product","link":"https:\/\/www.miomiorun.com\/de\/produkt\/adizero-avanti-xc\/","title":{"rendered":"Adizero Avanti XC"},"content":{"rendered":"<p><div class=\"vc-row container\"><div class=\"vc-column\"><div class=\"vc-column-text\"><\/p>\n<h4>Technische Daten<\/h4>\n<p>Kategorie: Leichtathletikschuh f\u00fcr Crossl\u00e4ufe<br \/>\nOffset: 2 mm (20 mm \/ 22 mm)<\/p>\n<p>Gewicht: 182 g<br \/>\nIdeal f\u00fcr: schnelle Athleten und f\u00fcr Wettkampftraining. Dank seiner innovativen und reaktionsfreudigen D\u00e4mpfung macht er dich schneller und begleitet dich auf das Podium.<br \/>\nGewicht des Athleten: &lt; 70 kg<br \/>\nLaufgeschwindigkeit: &lt; 4,00 min\/km<br \/>\n<a href=\"https:\/\/miomiorun.com\/guida-alle-specifiche-tecniche\/\">Leitfaden zu den technischen Daten<\/a><\/p>\n<p><\/div><\/div><div class=\"vc-column\"><div class=\"vc-column-text\"><\/p>\n<p data-start=\"200\" data-end=\"502\">Gehen Sie jedes <strong data-start=\"222\" data-end=\"241\">Crosslauf<\/strong> mit der Gewissheit an, einen Schuh zu tragen, der daf\u00fcr entwickelt wurde, <strong data-start=\"303\" data-end=\"336\">Sie \u00fcber Ihre Grenzen hinaus zu bringen<\/strong>. Der <strong data-start=\"341\" data-end=\"369\">adidas Adizero Avanti XC<\/strong> wurde f\u00fcr L\u00e4ufer entwickelt, die ein H\u00f6chstma\u00df an Leichtigkeit, Grip und D\u00e4mpfung auf nat\u00fcrlichem und unebenem Gel\u00e4nde suchen. <\/p>\n<p data-start=\"504\" data-end=\"966\">Das <strong data-start=\"507\" data-end=\"537\">atmungsaktive Mesh-Obermaterial<\/strong> ist ultraleicht und dennoch stabil, umschlie\u00dft den Fu\u00df und sorgt f\u00fcr Komfort und Pr\u00e4zision bei jedem Schritt. Die Zwischensohle mit <strong data-start=\"648\" data-end=\"683\">Lightstrike Pro-D\u00e4mpfung<\/strong> absorbiert St\u00f6\u00dfe und gibt Energie zur\u00fcck, sodass du auch l\u00e4ngere Strecken mit Reaktionsfreudigkeit und Leichtigkeit bew\u00e4ltigen kannst. Die <strong data-start=\"815\" data-end=\"847\">Sohle mit Stollenplatte<\/strong> garantiert <strong data-start=\"862\" data-end=\"884\">hervorragende Haftung<\/strong> auf Schlamm, Gras, Kies und rutschigen Anstiegen: keine Ablenkung, nur Leistung.<\/p>\n<h4 data-start=\"973\" data-end=\"1009\"><strong data-start=\"978\" data-end=\"1009\">Hauptmerkmale:<\/strong><\/h4>\n<ul data-start=\"1010\" data-end=\"1312\">\n<li data-start=\"1010\" data-end=\"1057\">\n<p data-start=\"1012\" data-end=\"1057\"><strong data-start=\"1012\" data-end=\"1036\">Normale Passform<\/strong> mit Schn\u00fcrverschluss<\/p>\n<\/li>\n<li data-start=\"1058\" data-end=\"1115\">\n<p data-start=\"1060\" data-end=\"1115\"><strong data-start=\"1060\" data-end=\"1082\">Atmungsaktives Obermaterial<\/strong> aus Textil und Synthetik<\/p>\n<\/li>\n<li data-start=\"1116\" data-end=\"1160\">\n<p data-start=\"1118\" data-end=\"1160\"><strong data-start=\"1118\" data-end=\"1139\">Futter aus Textil<\/strong> f\u00fcr Komfort und Halt<\/p>\n<\/li>\n<li data-start=\"1161\" data-end=\"1234\">\n<p data-start=\"1163\" data-end=\"1234\"><strong data-start=\"1163\" data-end=\"1198\">Lightstrike Pro-D\u00e4mpfung<\/strong> f\u00fcr Energier\u00fcckgabe und Leichtigkeit<\/p>\n<\/li>\n<li data-start=\"1235\" data-end=\"1312\">\n<p data-start=\"1237\" data-end=\"1312\"><strong data-start=\"1237\" data-end=\"1279\">Synthetische Sohle mit Stollenplatte<\/strong> f\u00fcr Traktion auf nat\u00fcrlichem Untergrund<\/p>\n<\/li>\n<\/ul>\n<p><\/div><\/div><\/div><div class=\"vc-row container\"><div class=\"vc-column\"><div style=\"height:32px\" class=\"vc-empty-space\"><\/div><\/div><\/div><\/p>\n","protected":false},"excerpt":{"rendered":"<ul class=\"m-long-description__features\">\n<li class=\"m-long-description__feature\">Ultraleicht und reaktionsfreudig<\/li>\n<li>Crosslaufschuh<\/li>\n<\/ul>\n","protected":false},"featured_media":318376,"template":"","meta":{"_acf_changed":false,"inline_featured_image":false},"product_brand":[],"product_cat":[6507,6506,6474,6475],"product_tag":[3403,6309,6307],"class_list":{"0":"post-314860","1":"product","2":"type-product","3":"status-publish","4":"has-post-thumbnail","6":"product_cat-herren-schuhe-de","7":"product_cat-neutrale-herren-schuhe-de","8":"product_cat-damenschuhe","9":"product_cat-neutral","10":"product_tag-adidas-de","11":"product_tag-adidas-damen-de","12":"product_tag-adidas-herren-de","13":"pa_attivita-running-de","14":"pa_colore-adizero-avanti-xc-de","15":"pa_marca-adidas-de","16":"pa_sesso-herren","17":"pa_size-41-de","18":"pa_size-44-de","19":"pa_size-45-de","21":"first","22":"instock","23":"sale","24":"taxable","25":"shipping-taxable","26":"purchasable","27":"product-type-variable","28":"wvs-archive-product-wrapper"},"acf":[],"yoast_head":"<!-- This site is optimized with the Yoast SEO plugin v26.8 - https:\/\/yoast.com\/product\/yoast-seo-wordpress\/ -->\n<title>Adidas Adizero Avanti XC - Laufschuhe - MioMioRun<\/title>\n<meta name=\"description\" content=\"Adizero Avanti XC: Leichte und reaktionsfreudige Crosslaufschuhe mit Lightstrike Pro-D\u00e4mpfung und Stollensohle f\u00fcr maximalen Grip auf jedem Untergrund.\" \/>\n<meta name=\"robots\" content=\"index, follow, max-snippet:-1, max-image-preview:large, max-video-preview:-1\" \/>\n<link rel=\"canonical\" href=\"https:\/\/www.miomiorun.com\/de\/produkt\/adizero-avanti-xc\/\" \/>\n<meta property=\"og:locale\" content=\"de_DE\" \/>\n<meta property=\"og:type\" content=\"article\" \/>\n<meta property=\"og:title\" content=\"Adidas Adizero Avanti XC - Laufschuhe - MioMioRun\" \/>\n<meta property=\"og:description\" content=\"Adizero Avanti XC: Leichte und reaktionsfreudige Crosslaufschuhe mit Lightstrike Pro-D\u00e4mpfung und Stollensohle f\u00fcr maximalen Grip auf jedem Untergrund.\" \/>\n<meta property=\"og:url\" content=\"https:\/\/www.miomiorun.com\/de\/produkt\/adizero-avanti-xc\/\" \/>\n<meta property=\"og:site_name\" content=\"MioMioRun\" \/>\n<meta property=\"article:publisher\" content=\"https:\/\/www.facebook.com\/miomiorun\/\" \/>\n<meta property=\"article:modified_time\" content=\"2026-05-08T20:50:05+00:00\" \/>\n<meta property=\"og:image\" content=\"https:\/\/www.miomiorun.com\/app\/uploads\/2025\/06\/adidas-Adizero-Avanti-XC-JR5076.webp\" \/>\n\t<meta property=\"og:image:width\" content=\"600\" \/>\n\t<meta property=\"og:image:height\" content=\"600\" \/>\n\t<meta property=\"og:image:type\" content=\"image\/webp\" \/>\n<meta name=\"twitter:card\" content=\"summary_large_image\" \/>\n<meta name=\"twitter:label1\" content=\"Est. reading time\" \/>\n\t<meta name=\"twitter:data1\" content=\"1 minute\" \/>\n<script type=\"application\/ld+json\" class=\"yoast-schema-graph\">{\"@context\":\"https:\/\/schema.org\",\"@graph\":[{\"@type\":\"WebPage\",\"@id\":\"https:\/\/www.miomiorun.com\/de\/produkt\/adizero-avanti-xc\/\",\"url\":\"https:\/\/www.miomiorun.com\/de\/produkt\/adizero-avanti-xc\/\",\"name\":\"Adidas Adizero Avanti XC - Laufschuhe - MioMioRun\",\"isPartOf\":{\"@id\":\"https:\/\/www.miomiorun.com\/de\/#website\"},\"primaryImageOfPage\":{\"@id\":\"https:\/\/www.miomiorun.com\/de\/produkt\/adizero-avanti-xc\/#primaryimage\"},\"image\":{\"@id\":\"https:\/\/www.miomiorun.com\/de\/produkt\/adizero-avanti-xc\/#primaryimage\"},\"thumbnailUrl\":\"https:\/\/www.miomiorun.com\/app\/uploads\/2025\/06\/adidas-Adizero-Avanti-XC-JR5076.webp\",\"datePublished\":\"2025-05-30T15:52:37+00:00\",\"dateModified\":\"2026-05-08T20:50:05+00:00\",\"description\":\"Adizero Avanti XC: Leichte und reaktionsfreudige Crosslaufschuhe mit Lightstrike Pro-D\u00e4mpfung und Stollensohle f\u00fcr maximalen Grip auf jedem Untergrund.\",\"breadcrumb\":{\"@id\":\"https:\/\/www.miomiorun.com\/de\/produkt\/adizero-avanti-xc\/#breadcrumb\"},\"inLanguage\":\"de-DE\",\"potentialAction\":[{\"@type\":\"ReadAction\",\"target\":[\"https:\/\/www.miomiorun.com\/de\/produkt\/adizero-avanti-xc\/\"]}]},{\"@type\":\"ImageObject\",\"inLanguage\":\"de-DE\",\"@id\":\"https:\/\/www.miomiorun.com\/de\/produkt\/adizero-avanti-xc\/#primaryimage\",\"url\":\"https:\/\/www.miomiorun.com\/app\/uploads\/2025\/06\/adidas-Adizero-Avanti-XC-JR5076.webp\",\"contentUrl\":\"https:\/\/www.miomiorun.com\/app\/uploads\/2025\/06\/adidas-Adizero-Avanti-XC-JR5076.webp\",\"width\":600,\"height\":600,\"caption\":\"adidas Adizero Avanti XC JR5076\"},{\"@type\":\"BreadcrumbList\",\"@id\":\"https:\/\/www.miomiorun.com\/de\/produkt\/adizero-avanti-xc\/#breadcrumb\",\"itemListElement\":[{\"@type\":\"ListItem\",\"position\":1,\"name\":\"Home\",\"item\":\"https:\/\/www.miomiorun.com\/de\/\"},{\"@type\":\"ListItem\",\"position\":2,\"name\":\"Shop\",\"item\":\"https:\/\/www.miomiorun.com\/shop\/\"},{\"@type\":\"ListItem\",\"position\":3,\"name\":\"Adizero Avanti XC\"}]},{\"@type\":\"WebSite\",\"@id\":\"https:\/\/www.miomiorun.com\/de\/#website\",\"url\":\"https:\/\/www.miomiorun.com\/de\/\",\"name\":\"MioMioRun\",\"description\":\"100% Lauf- und Trailshop\",\"publisher\":{\"@id\":\"https:\/\/www.miomiorun.com\/de\/#organization\"},\"potentialAction\":[{\"@type\":\"SearchAction\",\"target\":{\"@type\":\"EntryPoint\",\"urlTemplate\":\"https:\/\/www.miomiorun.com\/de\/?s={search_term_string}\"},\"query-input\":{\"@type\":\"PropertyValueSpecification\",\"valueRequired\":true,\"valueName\":\"search_term_string\"}}],\"inLanguage\":\"de-DE\"},{\"@type\":\"Organization\",\"@id\":\"https:\/\/www.miomiorun.com\/de\/#organization\",\"name\":\"MioMio Run\",\"url\":\"https:\/\/www.miomiorun.com\/de\/\",\"logo\":{\"@type\":\"ImageObject\",\"inLanguage\":\"de-DE\",\"@id\":\"https:\/\/www.miomiorun.com\/de\/#\/schema\/logo\/image\/\",\"url\":\"https:\/\/www.miomiorun.com\/app\/uploads\/2019\/12\/logomio.png\",\"contentUrl\":\"https:\/\/www.miomiorun.com\/app\/uploads\/2019\/12\/logomio.png\",\"width\":115,\"height\":82,\"caption\":\"MioMio Run\"},\"image\":{\"@id\":\"https:\/\/www.miomiorun.com\/de\/#\/schema\/logo\/image\/\"},\"sameAs\":[\"https:\/\/www.facebook.com\/miomiorun\/\",\"https:\/\/www.instagram.com\/miomiorun\/\"]}]}<\/script>\n<!-- \/ Yoast SEO plugin. -->","yoast_head_json":{"title":"Adidas Adizero Avanti XC - Laufschuhe - MioMioRun","description":"Adizero Avanti XC: Leichte und reaktionsfreudige Crosslaufschuhe mit Lightstrike Pro-D\u00e4mpfung und Stollensohle f\u00fcr maximalen Grip auf jedem Untergrund.","robots":{"index":"index","follow":"follow","max-snippet":"max-snippet:-1","max-image-preview":"max-image-preview:large","max-video-preview":"max-video-preview:-1"},"canonical":"https:\/\/www.miomiorun.com\/de\/produkt\/adizero-avanti-xc\/","og_locale":"de_DE","og_type":"article","og_title":"Adidas Adizero Avanti XC - Laufschuhe - MioMioRun","og_description":"Adizero Avanti XC: Leichte und reaktionsfreudige Crosslaufschuhe mit Lightstrike Pro-D\u00e4mpfung und Stollensohle f\u00fcr maximalen Grip auf jedem Untergrund.","og_url":"https:\/\/www.miomiorun.com\/de\/produkt\/adizero-avanti-xc\/","og_site_name":"MioMioRun","article_publisher":"https:\/\/www.facebook.com\/miomiorun\/","article_modified_time":"2026-05-08T20:50:05+00:00","og_image":[{"width":600,"height":600,"url":"https:\/\/www.miomiorun.com\/app\/uploads\/2025\/06\/adidas-Adizero-Avanti-XC-JR5076.webp","type":"image\/webp"}],"twitter_card":"summary_large_image","twitter_misc":{"Est. reading time":"1 minute"},"schema":{"@context":"https:\/\/schema.org","@graph":[{"@type":"WebPage","@id":"https:\/\/www.miomiorun.com\/de\/produkt\/adizero-avanti-xc\/","url":"https:\/\/www.miomiorun.com\/de\/produkt\/adizero-avanti-xc\/","name":"Adidas Adizero Avanti XC - Laufschuhe - MioMioRun","isPartOf":{"@id":"https:\/\/www.miomiorun.com\/de\/#website"},"primaryImageOfPage":{"@id":"https:\/\/www.miomiorun.com\/de\/produkt\/adizero-avanti-xc\/#primaryimage"},"image":{"@id":"https:\/\/www.miomiorun.com\/de\/produkt\/adizero-avanti-xc\/#primaryimage"},"thumbnailUrl":"https:\/\/www.miomiorun.com\/app\/uploads\/2025\/06\/adidas-Adizero-Avanti-XC-JR5076.webp","datePublished":"2025-05-30T15:52:37+00:00","dateModified":"2026-05-08T20:50:05+00:00","description":"Adizero Avanti XC: Leichte und reaktionsfreudige Crosslaufschuhe mit Lightstrike Pro-D\u00e4mpfung und Stollensohle f\u00fcr maximalen Grip auf jedem Untergrund.","breadcrumb":{"@id":"https:\/\/www.miomiorun.com\/de\/produkt\/adizero-avanti-xc\/#breadcrumb"},"inLanguage":"de-DE","potentialAction":[{"@type":"ReadAction","target":["https:\/\/www.miomiorun.com\/de\/produkt\/adizero-avanti-xc\/"]}]},{"@type":"ImageObject","inLanguage":"de-DE","@id":"https:\/\/www.miomiorun.com\/de\/produkt\/adizero-avanti-xc\/#primaryimage","url":"https:\/\/www.miomiorun.com\/app\/uploads\/2025\/06\/adidas-Adizero-Avanti-XC-JR5076.webp","contentUrl":"https:\/\/www.miomiorun.com\/app\/uploads\/2025\/06\/adidas-Adizero-Avanti-XC-JR5076.webp","width":600,"height":600,"caption":"adidas Adizero Avanti XC JR5076"},{"@type":"BreadcrumbList","@id":"https:\/\/www.miomiorun.com\/de\/produkt\/adizero-avanti-xc\/#breadcrumb","itemListElement":[{"@type":"ListItem","position":1,"name":"Home","item":"https:\/\/www.miomiorun.com\/de\/"},{"@type":"ListItem","position":2,"name":"Shop","item":"https:\/\/www.miomiorun.com\/shop\/"},{"@type":"ListItem","position":3,"name":"Adizero Avanti XC"}]},{"@type":"WebSite","@id":"https:\/\/www.miomiorun.com\/de\/#website","url":"https:\/\/www.miomiorun.com\/de\/","name":"MioMioRun","description":"100% Lauf- und Trailshop","publisher":{"@id":"https:\/\/www.miomiorun.com\/de\/#organization"},"potentialAction":[{"@type":"SearchAction","target":{"@type":"EntryPoint","urlTemplate":"https:\/\/www.miomiorun.com\/de\/?s={search_term_string}"},"query-input":{"@type":"PropertyValueSpecification","valueRequired":true,"valueName":"search_term_string"}}],"inLanguage":"de-DE"},{"@type":"Organization","@id":"https:\/\/www.miomiorun.com\/de\/#organization","name":"MioMio Run","url":"https:\/\/www.miomiorun.com\/de\/","logo":{"@type":"ImageObject","inLanguage":"de-DE","@id":"https:\/\/www.miomiorun.com\/de\/#\/schema\/logo\/image\/","url":"https:\/\/www.miomiorun.com\/app\/uploads\/2019\/12\/logomio.png","contentUrl":"https:\/\/www.miomiorun.com\/app\/uploads\/2019\/12\/logomio.png","width":115,"height":82,"caption":"MioMio Run"},"image":{"@id":"https:\/\/www.miomiorun.com\/de\/#\/schema\/logo\/image\/"},"sameAs":["https:\/\/www.facebook.com\/miomiorun\/","https:\/\/www.instagram.com\/miomiorun\/"]}]}},"_links":{"self":[{"href":"https:\/\/www.miomiorun.com\/de\/wp-json\/wp\/v2\/product\/314860","targetHints":{"allow":["GET"]}}],"collection":[{"href":"https:\/\/www.miomiorun.com\/de\/wp-json\/wp\/v2\/product"}],"about":[{"href":"https:\/\/www.miomiorun.com\/de\/wp-json\/wp\/v2\/types\/product"}],"wp:featuredmedia":[{"embeddable":true,"href":"https:\/\/www.miomiorun.com\/de\/wp-json\/wp\/v2\/media\/318376"}],"wp:attachment":[{"href":"https:\/\/www.miomiorun.com\/de\/wp-json\/wp\/v2\/media?parent=314860"}],"wp:term":[{"taxonomy":"product_brand","embeddable":true,"href":"https:\/\/www.miomiorun.com\/de\/wp-json\/wp\/v2\/product_brand?post=314860"},{"taxonomy":"product_cat","embeddable":true,"href":"https:\/\/www.miomiorun.com\/de\/wp-json\/wp\/v2\/product_cat?post=314860"},{"taxonomy":"product_tag","embeddable":true,"href":"https:\/\/www.miomiorun.com\/de\/wp-json\/wp\/v2\/product_tag?post=314860"}],"curies":[{"name":"wp","href":"https:\/\/api.w.org\/{rel}","templated":true}]}}