{"id":313927,"date":"2025-04-14T16:42:05","date_gmt":"2025-04-14T14:42:05","guid":{"rendered":"https:\/\/miomiorun.com\/prodotto\/clifton-10-donna\/"},"modified":"2026-05-08T22:49:50","modified_gmt":"2026-05-08T20:49:50","slug":"clifton-10-damen","status":"publish","type":"product","link":"https:\/\/www.miomiorun.com\/de\/produkt\/clifton-10-damen\/","title":{"rendered":"Clifton 10 damen"},"content":{"rendered":"<p><div class=\"vc-row container\"><div class=\"vc-column\"><div class=\"vc-column-text\"><\/p>\n<h4>Technische Daten<\/h4>\n<p>Kategorie: Strukturierte D\u00e4mpfung<br \/>\nOffset: 8 mm<br \/>\nGewicht: 227 g<br \/>\nIdeal f\u00fcr: L\u00e4ufer und Walker mit neutralem Fu\u00dfabdruck, die ein Modell mit optimaler D\u00e4mpfung und hohem Komfort suchen, das St\u00f6\u00dfe beim Aufprall auf den Boden neutralisiert, f\u00fcr L\u00e4ufe und Wanderungen \u00fcber mittlere bis lange Distanzen.<br \/>\nGewicht des Sportlers: 60-70 kg<br \/>\nLaufgeschwindigkeit: mittel (5-6 min\/km)<br \/>\n<a href=\"https:\/\/miomiorun.com\/de\/leitfaden-fuer-technische-spezifikationen\/\">Leitfaden zu den technischen Daten<\/a><\/p>\n<p><\/div><\/div><div class=\"vc-column\"><div class=\"vc-column-text\"><\/p>\n<p class=\"\" data-start=\"175\" data-end=\"482\">Entdecken Sie die neue Generation des Clifton, dem Kultmodell, das seit \u00fcber 10 Jahren L\u00e4ufer bei ihren t\u00e4glichen L\u00e4ufen begleitet. Dieser Schuh wurde f\u00fcr alle entwickelt, die gerne mit Leichtigkeit und Zuverl\u00e4ssigkeit Kilometer sammeln, und revolutioniert das Konzept der D\u00e4mpfung, indem er ein noch fl\u00fcssigeres und sichereres Laufgef\u00fchl bietet.<\/p>\n<p class=\"\" data-start=\"484\" data-end=\"892\"><strong data-start=\"484\" data-end=\"532\">Der Clifton wurde f\u00fcr die Stra\u00dfe und zum Wandern entwickelt<\/strong> und verf\u00fcgt \u00fcber ein Obermaterial aus atmungsaktivem Jacquard-Gewebe und reflektierende Details, die auch bei l\u00e4ngeren oder abendlichen Ausfl\u00fcgen f\u00fcr Sichtbarkeit und Komfort sorgen. Das fl\u00fcssige <strong data-start=\"702\" data-end=\"724\">MetaRocker\u2122-System<\/strong> sorgt f\u00fcr einen nat\u00fcrlichen \u00dcbergang bei jedem Schritt, w\u00e4hrend die neue CMEVA-Zwischensohle und die geformte EVA-Einlegesohle eine weiche, stabile und dynamische Reaktion bieten.<br \/>\n<strong data-start=\"894\" data-end=\"931\">Was hat sich in der neuen Version ge\u00e4ndert?<\/strong><\/p>\n<p>3 mm mehr Sprengung f\u00fcr ein noch besseres Tragegef\u00fchl<\/p>\n<p>Doppelte Schn\u00fcrsenkelhalterung, damit die Zunge immer an ihrem Platz bleibt<\/p>\n<p>Verbesserte Ferse und Vorderfu\u00df f\u00fcr eine perfekte Passform<\/p>\n<p>Fl\u00fcssigerer und nat\u00fcrlicherer \u00dcbergang unter dem Fu\u00df<\/p>\n<h3 class=\"\" data-start=\"1180\" data-end=\"1207\"><strong data-start=\"1184\" data-end=\"1205\">Warum Sie sich daf\u00fcr entscheiden sollten<\/strong><\/h3>\n<ul>\n<li data-start=\"1208\" data-end=\"1447\">Ultraleicht und reaktionsfreudig<\/li>\n<li data-start=\"1208\" data-end=\"1447\">Pr\u00e4zise und komfortable D\u00e4mpfung<\/li>\n<li data-start=\"1208\" data-end=\"1447\">Maximale Atmungsaktivit\u00e4t dank Jacquard-Mesh<\/li>\n<li data-start=\"1208\" data-end=\"1447\">Reflektierende Details f\u00fcr sicheres Laufen<\/li>\n<li data-start=\"1208\" data-end=\"1447\">Widerstandsf\u00e4hig und stabil, f\u00fcr den t\u00e4glichen Gebrauch konzipiert<\/li>\n<\/ul>\n<p class=\"\" data-start=\"1449\" data-end=\"1597\">Wenn Sie einen zuverl\u00e4ssigen, leichten Schuh mit lang anhaltendem Komfort f\u00fcr Ihr t\u00e4gliches Training auf der Stra\u00dfe suchen, <strong data-start=\"1558\" data-end=\"1597\">ist Clifton das richtige Modell f\u00fcr Sie.<\/strong><\/p>\n<p><\/div><\/div><\/div><div class=\"vc-row container\"><div class=\"vc-column\"><div class=\"vc-column-text\"><\/p>\n<div style=\"width: 1298px;\" class=\"wp-video\"><video class=\"wp-video-shortcode\" id=\"video-313927-1\" width=\"1298\" height=\"1200\" loop autoplay preload=\"metadata\" controls=\"controls\"><source type=\"video\/webm\" src=\"https:\/\/miomiorun.com\/wp-content\/uploads\/2025\/04\/clifton-10.webm?_=1\" \/><a href=\"https:\/\/miomiorun.com\/wp-content\/uploads\/2025\/04\/clifton-10.webm\">https:\/\/miomiorun.com\/wp-content\/uploads\/2025\/04\/clifton-10.webm<\/a><\/video><\/div>\n<p><\/div><\/div><\/div><\/p><\/p>\n","protected":false},"excerpt":{"rendered":"<ul>\n<li>MetaRocker\u2122 Fluid<\/li>\n<li>3 mm zus\u00e4tzlicher Drop f\u00fcr ein noch besseres Tragegef\u00fchl<\/li>\n<li>Entwickelt f\u00fcr die Stra\u00dfe und zum Wandern<\/li>\n<\/ul>\n","protected":false},"featured_media":397990,"template":"","meta":{"_acf_changed":false,"inline_featured_image":false},"product_brand":[],"product_cat":[6474,6475],"product_tag":[3373,6228],"class_list":{"0":"post-313927","1":"product","2":"type-product","3":"status-publish","4":"has-post-thumbnail","6":"product_cat-damenschuhe","7":"product_cat-neutral","8":"product_tag-hoka-one-one-de","9":"product_tag-hoka-one-one-damen-de","10":"pa_attivita-gehen","11":"pa_attivita-lifestyle-de","12":"pa_attivita-running-de","13":"pa_colore-clifton-10-w-lilac-cream-tangerine-glow","14":"pa_colore-clifton-10-w-midnight-blue-starlight-glo","15":"pa_colore-clifton-10-w-neon-hoka-citrus-sunlight-de","16":"pa_colore-clifton-10-w-sea-glass-neon-flame","17":"pa_marca-hoka-de","18":"pa_sesso-damen","19":"pa_size-36-de","20":"pa_size-37-de","21":"pa_size-38-de","23":"pa_size-39-de","24":"pa_size-40-de","26":"pa_size-41-de","28":"first","29":"instock","30":"sale","31":"taxable","32":"shipping-taxable","33":"purchasable","34":"product-type-variable","35":"wvs-archive-product-wrapper"},"acf":[],"yoast_head":"<!-- This site is optimized with the Yoast SEO plugin v26.8 - https:\/\/yoast.com\/product\/yoast-seo-wordpress\/ -->\n<title>Hoka One One Clifton 10 damen - Laufschuhe - MioMioRun.com<\/title>\n<meta name=\"description\" content=\"Entdecken Sie den neuen HOKA Clifton: ein leichter, ged\u00e4mpfter und stabiler Laufschuh, ideal f\u00fcr Stra\u00dfenl\u00e4ufe und Wanderungen. T\u00e4glicher Komfort und fl\u00fcssige Leistung.\" \/>\n<meta name=\"robots\" content=\"index, follow, max-snippet:-1, max-image-preview:large, max-video-preview:-1\" \/>\n<link rel=\"canonical\" href=\"https:\/\/www.miomiorun.com\/de\/produkt\/clifton-10-damen\/\" \/>\n<meta property=\"og:locale\" content=\"de_DE\" \/>\n<meta property=\"og:type\" content=\"article\" \/>\n<meta property=\"og:title\" content=\"Hoka One One Clifton 10 damen - Laufschuhe - MioMioRun.com\" \/>\n<meta property=\"og:description\" content=\"Entdecken Sie den neuen HOKA Clifton: ein leichter, ged\u00e4mpfter und stabiler Laufschuh, ideal f\u00fcr Stra\u00dfenl\u00e4ufe und Wanderungen. T\u00e4glicher Komfort und fl\u00fcssige Leistung.\" \/>\n<meta property=\"og:url\" content=\"https:\/\/www.miomiorun.com\/de\/produkt\/clifton-10-damen\/\" \/>\n<meta property=\"og:site_name\" content=\"MioMioRun\" \/>\n<meta property=\"article:publisher\" content=\"https:\/\/www.facebook.com\/miomiorun\/\" \/>\n<meta property=\"article:modified_time\" content=\"2026-05-08T20:49:50+00:00\" \/>\n<meta property=\"og:image\" content=\"https:\/\/www.miomiorun.com\/app\/uploads\/2026\/02\/hoka-Clifton-10-W-sea-glass-neon-flame-1162031-SLSSN.webp\" \/>\n\t<meta property=\"og:image:width\" content=\"720\" \/>\n\t<meta property=\"og:image:height\" content=\"720\" \/>\n\t<meta property=\"og:image:type\" content=\"image\/webp\" \/>\n<meta name=\"twitter:card\" content=\"summary_large_image\" \/>\n<meta name=\"twitter:label1\" content=\"Est. reading time\" \/>\n\t<meta name=\"twitter:data1\" content=\"2 minutes\" \/>\n<script type=\"application\/ld+json\" class=\"yoast-schema-graph\">{\"@context\":\"https:\/\/schema.org\",\"@graph\":[{\"@type\":\"WebPage\",\"@id\":\"https:\/\/www.miomiorun.com\/de\/produkt\/clifton-10-damen\/\",\"url\":\"https:\/\/www.miomiorun.com\/de\/produkt\/clifton-10-damen\/\",\"name\":\"Hoka One One Clifton 10 damen - Laufschuhe - MioMioRun.com\",\"isPartOf\":{\"@id\":\"https:\/\/www.miomiorun.com\/de\/#website\"},\"primaryImageOfPage\":{\"@id\":\"https:\/\/www.miomiorun.com\/de\/produkt\/clifton-10-damen\/#primaryimage\"},\"image\":{\"@id\":\"https:\/\/www.miomiorun.com\/de\/produkt\/clifton-10-damen\/#primaryimage\"},\"thumbnailUrl\":\"https:\/\/www.miomiorun.com\/app\/uploads\/2026\/02\/hoka-Clifton-10-W-sea-glass-neon-flame-1162031-SLSSN.webp\",\"datePublished\":\"2025-04-14T14:42:05+00:00\",\"dateModified\":\"2026-05-08T20:49:50+00:00\",\"description\":\"Entdecken Sie den neuen HOKA Clifton: ein leichter, ged\u00e4mpfter und stabiler Laufschuh, ideal f\u00fcr Stra\u00dfenl\u00e4ufe und Wanderungen. T\u00e4glicher Komfort und fl\u00fcssige Leistung.\",\"breadcrumb\":{\"@id\":\"https:\/\/www.miomiorun.com\/de\/produkt\/clifton-10-damen\/#breadcrumb\"},\"inLanguage\":\"de-DE\",\"potentialAction\":[{\"@type\":\"ReadAction\",\"target\":[\"https:\/\/www.miomiorun.com\/de\/produkt\/clifton-10-damen\/\"]}]},{\"@type\":\"ImageObject\",\"inLanguage\":\"de-DE\",\"@id\":\"https:\/\/www.miomiorun.com\/de\/produkt\/clifton-10-damen\/#primaryimage\",\"url\":\"https:\/\/www.miomiorun.com\/app\/uploads\/2026\/02\/hoka-Clifton-10-W-sea-glass-neon-flame-1162031-SLSSN.webp\",\"contentUrl\":\"https:\/\/www.miomiorun.com\/app\/uploads\/2026\/02\/hoka-Clifton-10-W-sea-glass-neon-flame-1162031-SLSSN.webp\",\"width\":720,\"height\":720,\"caption\":\"hoka Clifton 10 W sea glass neon flame 1162031 SLSSN\"},{\"@type\":\"BreadcrumbList\",\"@id\":\"https:\/\/www.miomiorun.com\/de\/produkt\/clifton-10-damen\/#breadcrumb\",\"itemListElement\":[{\"@type\":\"ListItem\",\"position\":1,\"name\":\"Home\",\"item\":\"https:\/\/www.miomiorun.com\/de\/\"},{\"@type\":\"ListItem\",\"position\":2,\"name\":\"Shop\",\"item\":\"https:\/\/www.miomiorun.com\/shop\/\"},{\"@type\":\"ListItem\",\"position\":3,\"name\":\"Clifton 10 damen\"}]},{\"@type\":\"WebSite\",\"@id\":\"https:\/\/www.miomiorun.com\/de\/#website\",\"url\":\"https:\/\/www.miomiorun.com\/de\/\",\"name\":\"MioMioRun\",\"description\":\"100% Lauf- und Trailshop\",\"publisher\":{\"@id\":\"https:\/\/www.miomiorun.com\/de\/#organization\"},\"potentialAction\":[{\"@type\":\"SearchAction\",\"target\":{\"@type\":\"EntryPoint\",\"urlTemplate\":\"https:\/\/www.miomiorun.com\/de\/?s={search_term_string}\"},\"query-input\":{\"@type\":\"PropertyValueSpecification\",\"valueRequired\":true,\"valueName\":\"search_term_string\"}}],\"inLanguage\":\"de-DE\"},{\"@type\":\"Organization\",\"@id\":\"https:\/\/www.miomiorun.com\/de\/#organization\",\"name\":\"MioMio Run\",\"url\":\"https:\/\/www.miomiorun.com\/de\/\",\"logo\":{\"@type\":\"ImageObject\",\"inLanguage\":\"de-DE\",\"@id\":\"https:\/\/www.miomiorun.com\/de\/#\/schema\/logo\/image\/\",\"url\":\"https:\/\/www.miomiorun.com\/app\/uploads\/2019\/12\/logomio.png\",\"contentUrl\":\"https:\/\/www.miomiorun.com\/app\/uploads\/2019\/12\/logomio.png\",\"width\":115,\"height\":82,\"caption\":\"MioMio Run\"},\"image\":{\"@id\":\"https:\/\/www.miomiorun.com\/de\/#\/schema\/logo\/image\/\"},\"sameAs\":[\"https:\/\/www.facebook.com\/miomiorun\/\",\"https:\/\/www.instagram.com\/miomiorun\/\"]}]}<\/script>\n<!-- \/ Yoast SEO plugin. -->","yoast_head_json":{"title":"Hoka One One Clifton 10 damen - Laufschuhe - MioMioRun.com","description":"Entdecken Sie den neuen HOKA Clifton: ein leichter, ged\u00e4mpfter und stabiler Laufschuh, ideal f\u00fcr Stra\u00dfenl\u00e4ufe und Wanderungen. T\u00e4glicher Komfort und fl\u00fcssige Leistung.","robots":{"index":"index","follow":"follow","max-snippet":"max-snippet:-1","max-image-preview":"max-image-preview:large","max-video-preview":"max-video-preview:-1"},"canonical":"https:\/\/www.miomiorun.com\/de\/produkt\/clifton-10-damen\/","og_locale":"de_DE","og_type":"article","og_title":"Hoka One One Clifton 10 damen - Laufschuhe - MioMioRun.com","og_description":"Entdecken Sie den neuen HOKA Clifton: ein leichter, ged\u00e4mpfter und stabiler Laufschuh, ideal f\u00fcr Stra\u00dfenl\u00e4ufe und Wanderungen. T\u00e4glicher Komfort und fl\u00fcssige Leistung.","og_url":"https:\/\/www.miomiorun.com\/de\/produkt\/clifton-10-damen\/","og_site_name":"MioMioRun","article_publisher":"https:\/\/www.facebook.com\/miomiorun\/","article_modified_time":"2026-05-08T20:49:50+00:00","og_image":[{"width":720,"height":720,"url":"https:\/\/www.miomiorun.com\/app\/uploads\/2026\/02\/hoka-Clifton-10-W-sea-glass-neon-flame-1162031-SLSSN.webp","type":"image\/webp"}],"twitter_card":"summary_large_image","twitter_misc":{"Est. reading time":"2 minutes"},"schema":{"@context":"https:\/\/schema.org","@graph":[{"@type":"WebPage","@id":"https:\/\/www.miomiorun.com\/de\/produkt\/clifton-10-damen\/","url":"https:\/\/www.miomiorun.com\/de\/produkt\/clifton-10-damen\/","name":"Hoka One One Clifton 10 damen - Laufschuhe - MioMioRun.com","isPartOf":{"@id":"https:\/\/www.miomiorun.com\/de\/#website"},"primaryImageOfPage":{"@id":"https:\/\/www.miomiorun.com\/de\/produkt\/clifton-10-damen\/#primaryimage"},"image":{"@id":"https:\/\/www.miomiorun.com\/de\/produkt\/clifton-10-damen\/#primaryimage"},"thumbnailUrl":"https:\/\/www.miomiorun.com\/app\/uploads\/2026\/02\/hoka-Clifton-10-W-sea-glass-neon-flame-1162031-SLSSN.webp","datePublished":"2025-04-14T14:42:05+00:00","dateModified":"2026-05-08T20:49:50+00:00","description":"Entdecken Sie den neuen HOKA Clifton: ein leichter, ged\u00e4mpfter und stabiler Laufschuh, ideal f\u00fcr Stra\u00dfenl\u00e4ufe und Wanderungen. T\u00e4glicher Komfort und fl\u00fcssige Leistung.","breadcrumb":{"@id":"https:\/\/www.miomiorun.com\/de\/produkt\/clifton-10-damen\/#breadcrumb"},"inLanguage":"de-DE","potentialAction":[{"@type":"ReadAction","target":["https:\/\/www.miomiorun.com\/de\/produkt\/clifton-10-damen\/"]}]},{"@type":"ImageObject","inLanguage":"de-DE","@id":"https:\/\/www.miomiorun.com\/de\/produkt\/clifton-10-damen\/#primaryimage","url":"https:\/\/www.miomiorun.com\/app\/uploads\/2026\/02\/hoka-Clifton-10-W-sea-glass-neon-flame-1162031-SLSSN.webp","contentUrl":"https:\/\/www.miomiorun.com\/app\/uploads\/2026\/02\/hoka-Clifton-10-W-sea-glass-neon-flame-1162031-SLSSN.webp","width":720,"height":720,"caption":"hoka Clifton 10 W sea glass neon flame 1162031 SLSSN"},{"@type":"BreadcrumbList","@id":"https:\/\/www.miomiorun.com\/de\/produkt\/clifton-10-damen\/#breadcrumb","itemListElement":[{"@type":"ListItem","position":1,"name":"Home","item":"https:\/\/www.miomiorun.com\/de\/"},{"@type":"ListItem","position":2,"name":"Shop","item":"https:\/\/www.miomiorun.com\/shop\/"},{"@type":"ListItem","position":3,"name":"Clifton 10 damen"}]},{"@type":"WebSite","@id":"https:\/\/www.miomiorun.com\/de\/#website","url":"https:\/\/www.miomiorun.com\/de\/","name":"MioMioRun","description":"100% Lauf- und Trailshop","publisher":{"@id":"https:\/\/www.miomiorun.com\/de\/#organization"},"potentialAction":[{"@type":"SearchAction","target":{"@type":"EntryPoint","urlTemplate":"https:\/\/www.miomiorun.com\/de\/?s={search_term_string}"},"query-input":{"@type":"PropertyValueSpecification","valueRequired":true,"valueName":"search_term_string"}}],"inLanguage":"de-DE"},{"@type":"Organization","@id":"https:\/\/www.miomiorun.com\/de\/#organization","name":"MioMio Run","url":"https:\/\/www.miomiorun.com\/de\/","logo":{"@type":"ImageObject","inLanguage":"de-DE","@id":"https:\/\/www.miomiorun.com\/de\/#\/schema\/logo\/image\/","url":"https:\/\/www.miomiorun.com\/app\/uploads\/2019\/12\/logomio.png","contentUrl":"https:\/\/www.miomiorun.com\/app\/uploads\/2019\/12\/logomio.png","width":115,"height":82,"caption":"MioMio Run"},"image":{"@id":"https:\/\/www.miomiorun.com\/de\/#\/schema\/logo\/image\/"},"sameAs":["https:\/\/www.facebook.com\/miomiorun\/","https:\/\/www.instagram.com\/miomiorun\/"]}]}},"_links":{"self":[{"href":"https:\/\/www.miomiorun.com\/de\/wp-json\/wp\/v2\/product\/313927","targetHints":{"allow":["GET"]}}],"collection":[{"href":"https:\/\/www.miomiorun.com\/de\/wp-json\/wp\/v2\/product"}],"about":[{"href":"https:\/\/www.miomiorun.com\/de\/wp-json\/wp\/v2\/types\/product"}],"wp:featuredmedia":[{"embeddable":true,"href":"https:\/\/www.miomiorun.com\/de\/wp-json\/wp\/v2\/media\/397990"}],"wp:attachment":[{"href":"https:\/\/www.miomiorun.com\/de\/wp-json\/wp\/v2\/media?parent=313927"}],"wp:term":[{"taxonomy":"product_brand","embeddable":true,"href":"https:\/\/www.miomiorun.com\/de\/wp-json\/wp\/v2\/product_brand?post=313927"},{"taxonomy":"product_cat","embeddable":true,"href":"https:\/\/www.miomiorun.com\/de\/wp-json\/wp\/v2\/product_cat?post=313927"},{"taxonomy":"product_tag","embeddable":true,"href":"https:\/\/www.miomiorun.com\/de\/wp-json\/wp\/v2\/product_tag?post=313927"}],"curies":[{"name":"wp","href":"https:\/\/api.w.org\/{rel}","templated":true}]}}