{"id":311995,"date":"2025-05-13T11:27:12","date_gmt":"2025-05-13T09:27:12","guid":{"rendered":"https:\/\/miomiorun.com\/?post_type=product&#038;p=311995"},"modified":"2026-02-13T10:24:52","modified_gmt":"2026-02-13T09:24:52","slug":"adizero-evo-sl-herren","status":"publish","type":"product","link":"https:\/\/www.miomiorun.com\/de\/produkt\/adizero-evo-sl-herren\/","title":{"rendered":"Adizero EVO SL herren"},"content":{"rendered":"<table style=\"border-collapse: collapse;width: 100%\">\n<tbody>\n<tr>\n<td style=\"width: 33.3333%;vertical-align: top\"><strong>Technische Daten<\/strong><\/p>\n<p>Kategorie: reaktive D\u00e4mpfung<br \/>\nOffset: 6,5 mm<br \/>\nGewicht: 188 g<br \/>\nIdeal f\u00fcr: ambitionierte L\u00e4ufer, die neue pers\u00f6nliche Bestleistungen anstreben und die <strong data-start=\"1448\" data-end=\"1473\">Wettkampftechnologie<\/strong> auch im t\u00e4glichen Training nutzen m\u00f6chten.<br \/>\nGewicht des Athleten: 60-80 kg<br \/>\nLaufgeschwindigkeit: mittel-schnell (3,30-4,40 min\/km)<br \/>\n<a href=\"https:\/\/miomiorun.com\/guida-alle-specifiche-tecniche\/\">Leitfaden zu den technischen Spezifikationen<\/a><\/p>\n<div style=\"width: 720px;\" class=\"wp-video\"><video class=\"wp-video-shortcode\" id=\"video-311995-1\" width=\"720\" height=\"720\" loop autoplay preload=\"metadata\" controls=\"controls\"><source type=\"video\/webm\" src=\"https:\/\/miomiorun.com\/wp-content\/uploads\/2025\/05\/Scarpe_adizero_EVO_.webm?_=1\" \/><a href=\"https:\/\/miomiorun.com\/wp-content\/uploads\/2025\/05\/Scarpe_adizero_EVO_.webm\">https:\/\/miomiorun.com\/wp-content\/uploads\/2025\/05\/Scarpe_adizero_EVO_.webm<\/a><\/video><\/div>\n<p>&nbsp;<\/td>\n<td style=\"width: 66.6666%;vertical-align: top\">\n<p class=\"\" data-start=\"200\" data-end=\"545\">Entdecken Sie eine neue Dimension des Laufens mit den <strong data-start=\"246\" data-end=\"264\">adizero Evo SL<\/strong>, Schuhen, die von der erfolgreichen DNA der adizero-Familie inspiriert sind und f\u00fcr alle entwickelt wurden, die <strong data-start=\"348\" data-end=\"371\">hohe Leistung<\/strong>, <strong data-start=\"373\" data-end=\"387\">Reaktionsf\u00e4higkeit<\/strong> und <strong data-start=\"390\" data-end=\"406\">gewagten Stil<\/strong> suchen. Als direkte Weiterentwicklung des legend\u00e4ren Pro Evo 1 bieten diese Laufschuhe die perfekte Balance zwischen <strong data-start=\"510\" data-end=\"544\">Leichtigkeit, Geschwindigkeit und Komfort<\/strong>.<\/p>\n<p class=\"\" data-start=\"547\" data-end=\"817\">Perfekt f\u00fcr schnelle Trainingseinheiten und Wettk\u00e4mpfe, aber auch ideal f\u00fcr alle, die Geschwindigkeit zu ihrer t\u00e4glichen Routine machen m\u00f6chten. Der adizero Evo SL verf\u00fcgt \u00fcber eine <strong data-start=\"703\" data-end=\"722\">LIGHTSTRIKE PRO<\/strong>-Mischung, die bei jedem Schritt Energie zur\u00fcckgibt und ein reaktionsschnelles und fl\u00fcssiges Lauferlebnis garantiert.<\/p>\n<h3 class=\"\" data-start=\"824\" data-end=\"859\"><strong data-start=\"828\" data-end=\"859\">Hauptmerkmale:<\/strong><\/h3>\n<ul data-start=\"861\" data-end=\"1325\">\n<li class=\"\" data-start=\"861\" data-end=\"936\">\n<p class=\"\" data-start=\"863\" data-end=\"936\"><strong data-start=\"863\" data-end=\"898\">Lightstrike Pro-D\u00e4mpfung<\/strong> f\u00fcr eine h\u00f6here Energier\u00fcckgabe<\/p>\n<\/li>\n<li class=\"\" data-start=\"937\" data-end=\"1020\">\n<p class=\"\" data-start=\"939\" data-end=\"1020\"><strong data-start=\"939\" data-end=\"957\">Leichtes Obermaterial<\/strong> aus technischem Material, entwickelt f\u00fcr optimale Geschwindigkeit<\/p>\n<\/li>\n<li class=\"\" data-start=\"1082\" data-end=\"1169\">\n<p class=\"\" data-start=\"1084\" data-end=\"1169\"><strong data-start=\"1084\" data-end=\"1119\">Continental- und CL-Gummisohle<\/strong>: maximale Haftung auch bei wechselnden Bedingungen<\/p>\n<\/li>\n<li class=\"\" data-start=\"1216\" data-end=\"1263\">\n<p class=\"\" data-start=\"1218\" data-end=\"1263\">Vom Rennsport inspiriertes Design<\/p>\n<\/li>\n<li class=\"\" data-start=\"1264\" data-end=\"1325\">\n<p class=\"\" data-start=\"1266\" data-end=\"1325\">Zusammensetzung mit <strong data-start=\"1283\" data-end=\"1323\">mindestens 20 % recycelten Materialien<\/strong><\/p>\n<\/li>\n<\/ul>\n<\/td>\n<\/tr>\n<\/tbody>\n<\/table>\n<p>&nbsp;<\/p>\n","protected":false},"excerpt":{"rendered":"<ul>\n<li>Leichter, schneller und reaktionsfreudiger Laufschuh.<\/li>\n<li>Ideal f\u00fcr L\u00e4ufer, die schnell laufen und \u00fcber sich hinauswachsen wollen.<\/li>\n<\/ul>\n","protected":false},"featured_media":351935,"template":"","meta":{"_acf_changed":false,"inline_featured_image":false},"product_brand":[],"product_cat":[6507,6506],"product_tag":[3403,6307],"class_list":{"0":"post-311995","1":"product","2":"type-product","3":"status-publish","4":"has-post-thumbnail","6":"product_cat-herren-schuhe-de","7":"product_cat-neutrale-herren-schuhe-de","8":"product_tag-adidas-de","9":"product_tag-adidas-herren-de","10":"pa_attivita-fitness-de","11":"pa_attivita-running-de","12":"pa_colore-adidas-evo-sl-silvmt-lucred-ki3381-de","13":"pa_colore-adizero-evo-sl-m-silvmt-ironmt-halsil","14":"pa_colore-evo-sl-cblack-ftwwht-cblack-de","15":"pa_marca-adidas-de","16":"pa_sesso-herren","17":"pa_size-41-de","18":"pa_size-42-de","19":"pa_size-44-de","20":"pa_size-46-de","23":"first","24":"instock","25":"sale","26":"taxable","27":"shipping-taxable","28":"purchasable","29":"product-type-variable","30":"wvs-archive-product-wrapper"},"acf":[],"yoast_head":"<!-- This site is optimized with the Yoast SEO plugin v26.8 - https:\/\/yoast.com\/product\/yoast-seo-wordpress\/ -->\n<title>Adidas Adizero EVO SL herren - Laufschuhe f\u00fcr Herren - MioMioRun<\/title>\n<meta name=\"description\" content=\"Entdecken Sie den adidas Adizero Evo SL: ultraleichte und reaktionsfreudige Laufschuhe, inspiriert von der Geschwindigkeit des Pro Evo 1. Mit Lightstrike Pro-D\u00e4mpfung und Continental-Sohle.\" \/>\n<meta name=\"robots\" content=\"index, follow, max-snippet:-1, max-image-preview:large, max-video-preview:-1\" \/>\n<link rel=\"canonical\" href=\"https:\/\/www.miomiorun.com\/de\/produkt\/adizero-evo-sl-herren\/\" \/>\n<meta property=\"og:locale\" content=\"de_DE\" \/>\n<meta property=\"og:type\" content=\"article\" \/>\n<meta property=\"og:title\" content=\"Adidas Adizero EVO SL herren - Laufschuhe f\u00fcr Herren - MioMioRun\" \/>\n<meta property=\"og:description\" content=\"Entdecken Sie den adidas Adizero Evo SL: ultraleichte und reaktionsfreudige Laufschuhe, inspiriert von der Geschwindigkeit des Pro Evo 1. Mit Lightstrike Pro-D\u00e4mpfung und Continental-Sohle.\" \/>\n<meta property=\"og:url\" content=\"https:\/\/www.miomiorun.com\/de\/produkt\/adizero-evo-sl-herren\/\" \/>\n<meta property=\"og:site_name\" content=\"MioMioRun\" \/>\n<meta property=\"article:publisher\" content=\"https:\/\/www.facebook.com\/miomiorun\/\" \/>\n<meta property=\"article:modified_time\" content=\"2026-02-13T09:24:52+00:00\" \/>\n<meta property=\"og:image\" content=\"https:\/\/www.miomiorun.com\/app\/uploads\/2025\/09\/adidas-Evo-SL-ftwwht-cblack-ftwwht-JH6206.webp\" \/>\n\t<meta property=\"og:image:width\" content=\"720\" \/>\n\t<meta property=\"og:image:height\" content=\"720\" \/>\n\t<meta property=\"og:image:type\" content=\"image\/webp\" \/>\n<meta name=\"twitter:card\" content=\"summary_large_image\" \/>\n<meta name=\"twitter:label1\" content=\"Est. reading time\" \/>\n\t<meta name=\"twitter:data1\" content=\"2 minutes\" \/>\n<script type=\"application\/ld+json\" class=\"yoast-schema-graph\">{\"@context\":\"https:\/\/schema.org\",\"@graph\":[{\"@type\":\"WebPage\",\"@id\":\"https:\/\/www.miomiorun.com\/de\/produkt\/adizero-evo-sl-herren\/\",\"url\":\"https:\/\/www.miomiorun.com\/de\/produkt\/adizero-evo-sl-herren\/\",\"name\":\"Adidas Adizero EVO SL herren - Laufschuhe f\u00fcr Herren - MioMioRun\",\"isPartOf\":{\"@id\":\"https:\/\/www.miomiorun.com\/de\/#website\"},\"primaryImageOfPage\":{\"@id\":\"https:\/\/www.miomiorun.com\/de\/produkt\/adizero-evo-sl-herren\/#primaryimage\"},\"image\":{\"@id\":\"https:\/\/www.miomiorun.com\/de\/produkt\/adizero-evo-sl-herren\/#primaryimage\"},\"thumbnailUrl\":\"https:\/\/www.miomiorun.com\/app\/uploads\/2025\/09\/adidas-Evo-SL-ftwwht-cblack-ftwwht-JH6206.webp\",\"datePublished\":\"2025-05-13T09:27:12+00:00\",\"dateModified\":\"2026-02-13T09:24:52+00:00\",\"description\":\"Entdecken Sie den adidas Adizero Evo SL: ultraleichte und reaktionsfreudige Laufschuhe, inspiriert von der Geschwindigkeit des Pro Evo 1. Mit Lightstrike Pro-D\u00e4mpfung und Continental-Sohle.\",\"breadcrumb\":{\"@id\":\"https:\/\/www.miomiorun.com\/de\/produkt\/adizero-evo-sl-herren\/#breadcrumb\"},\"inLanguage\":\"de-DE\",\"potentialAction\":[{\"@type\":\"ReadAction\",\"target\":[\"https:\/\/www.miomiorun.com\/de\/produkt\/adizero-evo-sl-herren\/\"]}]},{\"@type\":\"ImageObject\",\"inLanguage\":\"de-DE\",\"@id\":\"https:\/\/www.miomiorun.com\/de\/produkt\/adizero-evo-sl-herren\/#primaryimage\",\"url\":\"https:\/\/www.miomiorun.com\/app\/uploads\/2025\/09\/adidas-Evo-SL-ftwwht-cblack-ftwwht-JH6206.webp\",\"contentUrl\":\"https:\/\/www.miomiorun.com\/app\/uploads\/2025\/09\/adidas-Evo-SL-ftwwht-cblack-ftwwht-JH6206.webp\",\"width\":720,\"height\":720,\"caption\":\"adidas Evo SL ftwwht cblack ftwwht JH6206\"},{\"@type\":\"BreadcrumbList\",\"@id\":\"https:\/\/www.miomiorun.com\/de\/produkt\/adizero-evo-sl-herren\/#breadcrumb\",\"itemListElement\":[{\"@type\":\"ListItem\",\"position\":1,\"name\":\"Home\",\"item\":\"https:\/\/www.miomiorun.com\/de\/\"},{\"@type\":\"ListItem\",\"position\":2,\"name\":\"Shop\",\"item\":\"https:\/\/www.miomiorun.com\/shop\/\"},{\"@type\":\"ListItem\",\"position\":3,\"name\":\"Adizero EVO SL herren\"}]},{\"@type\":\"WebSite\",\"@id\":\"https:\/\/www.miomiorun.com\/de\/#website\",\"url\":\"https:\/\/www.miomiorun.com\/de\/\",\"name\":\"MioMioRun\",\"description\":\"100% Lauf- und Trailshop\",\"publisher\":{\"@id\":\"https:\/\/www.miomiorun.com\/de\/#organization\"},\"potentialAction\":[{\"@type\":\"SearchAction\",\"target\":{\"@type\":\"EntryPoint\",\"urlTemplate\":\"https:\/\/www.miomiorun.com\/de\/?s={search_term_string}\"},\"query-input\":{\"@type\":\"PropertyValueSpecification\",\"valueRequired\":true,\"valueName\":\"search_term_string\"}}],\"inLanguage\":\"de-DE\"},{\"@type\":\"Organization\",\"@id\":\"https:\/\/www.miomiorun.com\/de\/#organization\",\"name\":\"MioMio Run\",\"url\":\"https:\/\/www.miomiorun.com\/de\/\",\"logo\":{\"@type\":\"ImageObject\",\"inLanguage\":\"de-DE\",\"@id\":\"https:\/\/www.miomiorun.com\/de\/#\/schema\/logo\/image\/\",\"url\":\"https:\/\/www.miomiorun.com\/app\/uploads\/2019\/12\/logomio.png\",\"contentUrl\":\"https:\/\/www.miomiorun.com\/app\/uploads\/2019\/12\/logomio.png\",\"width\":115,\"height\":82,\"caption\":\"MioMio Run\"},\"image\":{\"@id\":\"https:\/\/www.miomiorun.com\/de\/#\/schema\/logo\/image\/\"},\"sameAs\":[\"https:\/\/www.facebook.com\/miomiorun\/\",\"https:\/\/www.instagram.com\/miomiorun\/\"]}]}<\/script>\n<!-- \/ Yoast SEO plugin. -->","yoast_head_json":{"title":"Adidas Adizero EVO SL herren - Laufschuhe f\u00fcr Herren - MioMioRun","description":"Entdecken Sie den adidas Adizero Evo SL: ultraleichte und reaktionsfreudige Laufschuhe, inspiriert von der Geschwindigkeit des Pro Evo 1. Mit Lightstrike Pro-D\u00e4mpfung und Continental-Sohle.","robots":{"index":"index","follow":"follow","max-snippet":"max-snippet:-1","max-image-preview":"max-image-preview:large","max-video-preview":"max-video-preview:-1"},"canonical":"https:\/\/www.miomiorun.com\/de\/produkt\/adizero-evo-sl-herren\/","og_locale":"de_DE","og_type":"article","og_title":"Adidas Adizero EVO SL herren - Laufschuhe f\u00fcr Herren - MioMioRun","og_description":"Entdecken Sie den adidas Adizero Evo SL: ultraleichte und reaktionsfreudige Laufschuhe, inspiriert von der Geschwindigkeit des Pro Evo 1. Mit Lightstrike Pro-D\u00e4mpfung und Continental-Sohle.","og_url":"https:\/\/www.miomiorun.com\/de\/produkt\/adizero-evo-sl-herren\/","og_site_name":"MioMioRun","article_publisher":"https:\/\/www.facebook.com\/miomiorun\/","article_modified_time":"2026-02-13T09:24:52+00:00","og_image":[{"width":720,"height":720,"url":"https:\/\/www.miomiorun.com\/app\/uploads\/2025\/09\/adidas-Evo-SL-ftwwht-cblack-ftwwht-JH6206.webp","type":"image\/webp"}],"twitter_card":"summary_large_image","twitter_misc":{"Est. reading time":"2 minutes"},"schema":{"@context":"https:\/\/schema.org","@graph":[{"@type":"WebPage","@id":"https:\/\/www.miomiorun.com\/de\/produkt\/adizero-evo-sl-herren\/","url":"https:\/\/www.miomiorun.com\/de\/produkt\/adizero-evo-sl-herren\/","name":"Adidas Adizero EVO SL herren - Laufschuhe f\u00fcr Herren - MioMioRun","isPartOf":{"@id":"https:\/\/www.miomiorun.com\/de\/#website"},"primaryImageOfPage":{"@id":"https:\/\/www.miomiorun.com\/de\/produkt\/adizero-evo-sl-herren\/#primaryimage"},"image":{"@id":"https:\/\/www.miomiorun.com\/de\/produkt\/adizero-evo-sl-herren\/#primaryimage"},"thumbnailUrl":"https:\/\/www.miomiorun.com\/app\/uploads\/2025\/09\/adidas-Evo-SL-ftwwht-cblack-ftwwht-JH6206.webp","datePublished":"2025-05-13T09:27:12+00:00","dateModified":"2026-02-13T09:24:52+00:00","description":"Entdecken Sie den adidas Adizero Evo SL: ultraleichte und reaktionsfreudige Laufschuhe, inspiriert von der Geschwindigkeit des Pro Evo 1. Mit Lightstrike Pro-D\u00e4mpfung und Continental-Sohle.","breadcrumb":{"@id":"https:\/\/www.miomiorun.com\/de\/produkt\/adizero-evo-sl-herren\/#breadcrumb"},"inLanguage":"de-DE","potentialAction":[{"@type":"ReadAction","target":["https:\/\/www.miomiorun.com\/de\/produkt\/adizero-evo-sl-herren\/"]}]},{"@type":"ImageObject","inLanguage":"de-DE","@id":"https:\/\/www.miomiorun.com\/de\/produkt\/adizero-evo-sl-herren\/#primaryimage","url":"https:\/\/www.miomiorun.com\/app\/uploads\/2025\/09\/adidas-Evo-SL-ftwwht-cblack-ftwwht-JH6206.webp","contentUrl":"https:\/\/www.miomiorun.com\/app\/uploads\/2025\/09\/adidas-Evo-SL-ftwwht-cblack-ftwwht-JH6206.webp","width":720,"height":720,"caption":"adidas Evo SL ftwwht cblack ftwwht JH6206"},{"@type":"BreadcrumbList","@id":"https:\/\/www.miomiorun.com\/de\/produkt\/adizero-evo-sl-herren\/#breadcrumb","itemListElement":[{"@type":"ListItem","position":1,"name":"Home","item":"https:\/\/www.miomiorun.com\/de\/"},{"@type":"ListItem","position":2,"name":"Shop","item":"https:\/\/www.miomiorun.com\/shop\/"},{"@type":"ListItem","position":3,"name":"Adizero EVO SL herren"}]},{"@type":"WebSite","@id":"https:\/\/www.miomiorun.com\/de\/#website","url":"https:\/\/www.miomiorun.com\/de\/","name":"MioMioRun","description":"100% Lauf- und Trailshop","publisher":{"@id":"https:\/\/www.miomiorun.com\/de\/#organization"},"potentialAction":[{"@type":"SearchAction","target":{"@type":"EntryPoint","urlTemplate":"https:\/\/www.miomiorun.com\/de\/?s={search_term_string}"},"query-input":{"@type":"PropertyValueSpecification","valueRequired":true,"valueName":"search_term_string"}}],"inLanguage":"de-DE"},{"@type":"Organization","@id":"https:\/\/www.miomiorun.com\/de\/#organization","name":"MioMio Run","url":"https:\/\/www.miomiorun.com\/de\/","logo":{"@type":"ImageObject","inLanguage":"de-DE","@id":"https:\/\/www.miomiorun.com\/de\/#\/schema\/logo\/image\/","url":"https:\/\/www.miomiorun.com\/app\/uploads\/2019\/12\/logomio.png","contentUrl":"https:\/\/www.miomiorun.com\/app\/uploads\/2019\/12\/logomio.png","width":115,"height":82,"caption":"MioMio Run"},"image":{"@id":"https:\/\/www.miomiorun.com\/de\/#\/schema\/logo\/image\/"},"sameAs":["https:\/\/www.facebook.com\/miomiorun\/","https:\/\/www.instagram.com\/miomiorun\/"]}]}},"_links":{"self":[{"href":"https:\/\/www.miomiorun.com\/de\/wp-json\/wp\/v2\/product\/311995","targetHints":{"allow":["GET"]}}],"collection":[{"href":"https:\/\/www.miomiorun.com\/de\/wp-json\/wp\/v2\/product"}],"about":[{"href":"https:\/\/www.miomiorun.com\/de\/wp-json\/wp\/v2\/types\/product"}],"wp:featuredmedia":[{"embeddable":true,"href":"https:\/\/www.miomiorun.com\/de\/wp-json\/wp\/v2\/media\/351935"}],"wp:attachment":[{"href":"https:\/\/www.miomiorun.com\/de\/wp-json\/wp\/v2\/media?parent=311995"}],"wp:term":[{"taxonomy":"product_brand","embeddable":true,"href":"https:\/\/www.miomiorun.com\/de\/wp-json\/wp\/v2\/product_brand?post=311995"},{"taxonomy":"product_cat","embeddable":true,"href":"https:\/\/www.miomiorun.com\/de\/wp-json\/wp\/v2\/product_cat?post=311995"},{"taxonomy":"product_tag","embeddable":true,"href":"https:\/\/www.miomiorun.com\/de\/wp-json\/wp\/v2\/product_tag?post=311995"}],"curies":[{"name":"wp","href":"https:\/\/api.w.org\/{rel}","templated":true}]}}