{"id":310305,"date":"2025-05-06T12:20:45","date_gmt":"2025-05-06T10:20:45","guid":{"rendered":"https:\/\/miomiorun.com\/?post_type=product&#038;p=310305"},"modified":"2026-05-08T22:49:13","modified_gmt":"2026-05-08T20:49:13","slug":"t-shirt-race-black-damen","status":"publish","type":"product","link":"https:\/\/www.miomiorun.com\/de\/produkt\/t-shirt-race-black-damen\/","title":{"rendered":"T-shirt race black damen"},"content":{"rendered":"<p class=\"\" data-start=\"191\" data-end=\"530\">Wenn Leistung auf Innovation trifft, entsteht das <strong data-start=\"246\" data-end=\"280\">T-Shirt Road Elite von Wild Tee<\/strong>: das Spitzenmodell f\u00fcr alle, die auf der Stra\u00dfe laufen oder auf h\u00f6chstem Niveau Wettk\u00e4mpfe bestreiten. Dieses Shirt wurde f\u00fcr anspruchsvolle Athleten und fortgeschrittene L\u00e4ufer entwickelt und ist das Ergebnis fortschrittlicher Forschung in den Bereichen Material und Ergonomie, wobei besonderes Augenmerk auf Nachhaltigkeit gelegt wurde.<\/p>\n<p class=\"\" data-start=\"532\" data-end=\"912\"><strong data-start=\"532\" data-end=\"580\">Wettkampfleistung, innovative Materialien<\/strong><br data-start=\"580\" data-end=\"583\">Dieses Shirt aus <strong data-start=\"598\" data-end=\"630\">italienischem Openmesh 3D-Gewebe<\/strong>, das aus <strong data-start=\"650\" data-end=\"676\">recycelten Post-Consumer-Fasern<\/strong> hergestellt wird, garantiert au\u00dfergew\u00f6hnliche Atmungsaktivit\u00e4t und extrem schnelles Trocknen, selbst bei intensivsten Anstrengungen. Das extrem leichte und atmungsaktive Gewebe h\u00e4lt die Haut trocken und bietet kontinuierlichen Komfort \u00fcber jede Distanz.<\/p>\n<p class=\"\" data-start=\"914\" data-end=\"1210\"><strong data-start=\"914\" data-end=\"957\">Technischer Minimalismus, maximale Effizienz<\/strong><br data-start=\"957\" data-end=\"960\">Mit nur <strong data-start=\"969\" data-end=\"994\">55 Gramm in Gr\u00f6\u00dfe M<\/strong> ist das Road Elite eines der leichtesten Wettkampf-T-Shirts auf dem Markt. Der <strong data-start=\"1066\" data-end=\"1087\">ergonomische Schnitt<\/strong> passt sich den Bewegungen des K\u00f6rpers an, ohne ihn zu behindern, w\u00e4hrend die Konstruktion darauf ausgelegt ist, Reibung auf ein Minimum zu reduzieren.<\/p>\n<blockquote data-start=\"1212\" data-end=\"1414\">\n<p class=\"\" data-start=\"1214\" data-end=\"1414\"><em data-start=\"1217\" data-end=\"1232\">Technischer Hinweis:<\/em> Aufgrund der Empfindlichkeit des Gewebes wird <strong data-start=\"1274\" data-end=\"1315\">von der Verwendung mit Trinkrucks\u00e4cken<\/strong> und dem direkten Aufbringen der Startnummer abgeraten, um die Unversehrtheit und Leistungsf\u00e4higkeit des Produkts langfristig zu erhalten.\n<\/p>\n<\/blockquote>\n<p class=\"\" data-start=\"1416\" data-end=\"1678\"><strong data-start=\"1416\" data-end=\"1454\">Hergestellt in Europa, mit italienischem Herz<\/strong><br data-start=\"1454\" data-end=\"1457\">Dieses Trikot ist nicht nur ein technisches Kleidungsst\u00fcck, sondern auch ein Statement f\u00fcr Stil und Bewusstsein. Es wird vollst\u00e4ndig in der Europ\u00e4ischen Union aus hochwertigen italienischen Stoffen hergestellt und verk\u00f6rpert die Werte <strong data-start=\"1646\" data-end=\"1677\">Nachhaltigkeit und Leistung<\/strong>.<\/p><\/p>\n","protected":false},"excerpt":{"rendered":"<ul>\n<li>Ergonomischer Schnitt f\u00fcr optimale Bewegungsfreiheit<\/li>\n<li>Italienisches, recyceltes 3D-Openmesh-Gewebe.<\/li>\n<li>Unglaublich atmungsaktiv und schnell trocknend.<\/li>\n<\/ul>\n","protected":false},"featured_media":311301,"template":"","meta":{"_acf_changed":false,"inline_featured_image":false},"product_brand":[],"product_cat":[6401,6489],"product_tag":[3399,6288],"class_list":{"0":"post-310305","1":"product","2":"type-product","3":"status-publish","4":"has-post-thumbnail","6":"product_cat-damenbekleidung","7":"product_cat-dament-shirt-de","8":"product_tag-wild-tee-de","9":"product_tag-wild-tee-damen-de","10":"pa_attivita-fitness-de","11":"pa_attivita-gehen","12":"pa_attivita-running-de","13":"pa_attivita-trail-de","14":"pa_marca-wild-tee-de","15":"pa_sesso-damen","16":"pa_size-extra-small-de","17":"pa_size-small-de","18":"pa_size-medium-de","19":"pa_size-large-de","21":"first","22":"instock","23":"sale","24":"taxable","25":"shipping-taxable","26":"purchasable","27":"product-type-variable","28":"wvs-archive-product-wrapper"},"acf":[],"yoast_head":"<!-- This site is optimized with the Yoast SEO plugin v26.8 - https:\/\/yoast.com\/product\/yoast-seo-wordpress\/ -->\n<title>Wild Tee T-shirt race black damen - Laufshirt- MioMioRun<\/title>\n<meta name=\"description\" content=\"Ultraleichtes Wettkampf-T-Shirt Wild Tee aus recyceltem italienischem Openmesh 3D-Gewebe. Maximale Atmungsaktivit\u00e4t, ergonomischer Schnitt, ideal f\u00fcr Marathons und Stra\u00dfenwettk\u00e4mpfe.\" \/>\n<meta name=\"robots\" content=\"index, follow, max-snippet:-1, max-image-preview:large, max-video-preview:-1\" \/>\n<link rel=\"canonical\" href=\"https:\/\/www.miomiorun.com\/de\/produkt\/t-shirt-race-black-damen\/\" \/>\n<meta property=\"og:locale\" content=\"de_DE\" \/>\n<meta property=\"og:type\" content=\"article\" \/>\n<meta property=\"og:title\" content=\"Wild Tee T-shirt race black damen - Laufshirt- MioMioRun\" \/>\n<meta property=\"og:description\" content=\"Ultraleichtes Wettkampf-T-Shirt Wild Tee aus recyceltem italienischem Openmesh 3D-Gewebe. Maximale Atmungsaktivit\u00e4t, ergonomischer Schnitt, ideal f\u00fcr Marathons und Stra\u00dfenwettk\u00e4mpfe.\" \/>\n<meta property=\"og:url\" content=\"https:\/\/www.miomiorun.com\/de\/produkt\/t-shirt-race-black-damen\/\" \/>\n<meta property=\"og:site_name\" content=\"MioMioRun\" \/>\n<meta property=\"article:publisher\" content=\"https:\/\/www.facebook.com\/miomiorun\/\" \/>\n<meta property=\"article:modified_time\" content=\"2026-05-08T20:49:13+00:00\" \/>\n<meta property=\"og:image\" content=\"https:\/\/www.miomiorun.com\/app\/uploads\/2025\/05\/wild-tee-T-shirt-W-race-black-WT013WT205.webp\" \/>\n\t<meta property=\"og:image:width\" content=\"600\" \/>\n\t<meta property=\"og:image:height\" content=\"600\" \/>\n\t<meta property=\"og:image:type\" content=\"image\/webp\" \/>\n<meta name=\"twitter:card\" content=\"summary_large_image\" \/>\n<meta name=\"twitter:label1\" content=\"Est. reading time\" \/>\n\t<meta name=\"twitter:data1\" content=\"1 minute\" \/>\n<script type=\"application\/ld+json\" class=\"yoast-schema-graph\">{\"@context\":\"https:\/\/schema.org\",\"@graph\":[{\"@type\":\"WebPage\",\"@id\":\"https:\/\/www.miomiorun.com\/de\/produkt\/t-shirt-race-black-damen\/\",\"url\":\"https:\/\/www.miomiorun.com\/de\/produkt\/t-shirt-race-black-damen\/\",\"name\":\"Wild Tee T-shirt race black damen - Laufshirt- MioMioRun\",\"isPartOf\":{\"@id\":\"https:\/\/www.miomiorun.com\/de\/#website\"},\"primaryImageOfPage\":{\"@id\":\"https:\/\/www.miomiorun.com\/de\/produkt\/t-shirt-race-black-damen\/#primaryimage\"},\"image\":{\"@id\":\"https:\/\/www.miomiorun.com\/de\/produkt\/t-shirt-race-black-damen\/#primaryimage\"},\"thumbnailUrl\":\"https:\/\/www.miomiorun.com\/app\/uploads\/2025\/05\/wild-tee-T-shirt-W-race-black-WT013WT205.webp\",\"datePublished\":\"2025-05-06T10:20:45+00:00\",\"dateModified\":\"2026-05-08T20:49:13+00:00\",\"description\":\"Ultraleichtes Wettkampf-T-Shirt Wild Tee aus recyceltem italienischem Openmesh 3D-Gewebe. Maximale Atmungsaktivit\u00e4t, ergonomischer Schnitt, ideal f\u00fcr Marathons und Stra\u00dfenwettk\u00e4mpfe.\",\"breadcrumb\":{\"@id\":\"https:\/\/www.miomiorun.com\/de\/produkt\/t-shirt-race-black-damen\/#breadcrumb\"},\"inLanguage\":\"de-DE\",\"potentialAction\":[{\"@type\":\"ReadAction\",\"target\":[\"https:\/\/www.miomiorun.com\/de\/produkt\/t-shirt-race-black-damen\/\"]}]},{\"@type\":\"ImageObject\",\"inLanguage\":\"de-DE\",\"@id\":\"https:\/\/www.miomiorun.com\/de\/produkt\/t-shirt-race-black-damen\/#primaryimage\",\"url\":\"https:\/\/www.miomiorun.com\/app\/uploads\/2025\/05\/wild-tee-T-shirt-W-race-black-WT013WT205.webp\",\"contentUrl\":\"https:\/\/www.miomiorun.com\/app\/uploads\/2025\/05\/wild-tee-T-shirt-W-race-black-WT013WT205.webp\",\"width\":600,\"height\":600,\"caption\":\"wild tee T-shirt W race black WT013WT205\"},{\"@type\":\"BreadcrumbList\",\"@id\":\"https:\/\/www.miomiorun.com\/de\/produkt\/t-shirt-race-black-damen\/#breadcrumb\",\"itemListElement\":[{\"@type\":\"ListItem\",\"position\":1,\"name\":\"Home\",\"item\":\"https:\/\/www.miomiorun.com\/de\/\"},{\"@type\":\"ListItem\",\"position\":2,\"name\":\"Shop\",\"item\":\"https:\/\/www.miomiorun.com\/shop\/\"},{\"@type\":\"ListItem\",\"position\":3,\"name\":\"T-shirt race black damen\"}]},{\"@type\":\"WebSite\",\"@id\":\"https:\/\/www.miomiorun.com\/de\/#website\",\"url\":\"https:\/\/www.miomiorun.com\/de\/\",\"name\":\"MioMioRun\",\"description\":\"100% Lauf- und Trailshop\",\"publisher\":{\"@id\":\"https:\/\/www.miomiorun.com\/de\/#organization\"},\"potentialAction\":[{\"@type\":\"SearchAction\",\"target\":{\"@type\":\"EntryPoint\",\"urlTemplate\":\"https:\/\/www.miomiorun.com\/de\/?s={search_term_string}\"},\"query-input\":{\"@type\":\"PropertyValueSpecification\",\"valueRequired\":true,\"valueName\":\"search_term_string\"}}],\"inLanguage\":\"de-DE\"},{\"@type\":\"Organization\",\"@id\":\"https:\/\/www.miomiorun.com\/de\/#organization\",\"name\":\"MioMio Run\",\"url\":\"https:\/\/www.miomiorun.com\/de\/\",\"logo\":{\"@type\":\"ImageObject\",\"inLanguage\":\"de-DE\",\"@id\":\"https:\/\/www.miomiorun.com\/de\/#\/schema\/logo\/image\/\",\"url\":\"https:\/\/www.miomiorun.com\/app\/uploads\/2019\/12\/logomio.png\",\"contentUrl\":\"https:\/\/www.miomiorun.com\/app\/uploads\/2019\/12\/logomio.png\",\"width\":115,\"height\":82,\"caption\":\"MioMio Run\"},\"image\":{\"@id\":\"https:\/\/www.miomiorun.com\/de\/#\/schema\/logo\/image\/\"},\"sameAs\":[\"https:\/\/www.facebook.com\/miomiorun\/\",\"https:\/\/www.instagram.com\/miomiorun\/\"]}]}<\/script>\n<!-- \/ Yoast SEO plugin. -->","yoast_head_json":{"title":"Wild Tee T-shirt race black damen - Laufshirt- MioMioRun","description":"Ultraleichtes Wettkampf-T-Shirt Wild Tee aus recyceltem italienischem Openmesh 3D-Gewebe. Maximale Atmungsaktivit\u00e4t, ergonomischer Schnitt, ideal f\u00fcr Marathons und Stra\u00dfenwettk\u00e4mpfe.","robots":{"index":"index","follow":"follow","max-snippet":"max-snippet:-1","max-image-preview":"max-image-preview:large","max-video-preview":"max-video-preview:-1"},"canonical":"https:\/\/www.miomiorun.com\/de\/produkt\/t-shirt-race-black-damen\/","og_locale":"de_DE","og_type":"article","og_title":"Wild Tee T-shirt race black damen - Laufshirt- MioMioRun","og_description":"Ultraleichtes Wettkampf-T-Shirt Wild Tee aus recyceltem italienischem Openmesh 3D-Gewebe. Maximale Atmungsaktivit\u00e4t, ergonomischer Schnitt, ideal f\u00fcr Marathons und Stra\u00dfenwettk\u00e4mpfe.","og_url":"https:\/\/www.miomiorun.com\/de\/produkt\/t-shirt-race-black-damen\/","og_site_name":"MioMioRun","article_publisher":"https:\/\/www.facebook.com\/miomiorun\/","article_modified_time":"2026-05-08T20:49:13+00:00","og_image":[{"width":600,"height":600,"url":"https:\/\/www.miomiorun.com\/app\/uploads\/2025\/05\/wild-tee-T-shirt-W-race-black-WT013WT205.webp","type":"image\/webp"}],"twitter_card":"summary_large_image","twitter_misc":{"Est. reading time":"1 minute"},"schema":{"@context":"https:\/\/schema.org","@graph":[{"@type":"WebPage","@id":"https:\/\/www.miomiorun.com\/de\/produkt\/t-shirt-race-black-damen\/","url":"https:\/\/www.miomiorun.com\/de\/produkt\/t-shirt-race-black-damen\/","name":"Wild Tee T-shirt race black damen - Laufshirt- MioMioRun","isPartOf":{"@id":"https:\/\/www.miomiorun.com\/de\/#website"},"primaryImageOfPage":{"@id":"https:\/\/www.miomiorun.com\/de\/produkt\/t-shirt-race-black-damen\/#primaryimage"},"image":{"@id":"https:\/\/www.miomiorun.com\/de\/produkt\/t-shirt-race-black-damen\/#primaryimage"},"thumbnailUrl":"https:\/\/www.miomiorun.com\/app\/uploads\/2025\/05\/wild-tee-T-shirt-W-race-black-WT013WT205.webp","datePublished":"2025-05-06T10:20:45+00:00","dateModified":"2026-05-08T20:49:13+00:00","description":"Ultraleichtes Wettkampf-T-Shirt Wild Tee aus recyceltem italienischem Openmesh 3D-Gewebe. Maximale Atmungsaktivit\u00e4t, ergonomischer Schnitt, ideal f\u00fcr Marathons und Stra\u00dfenwettk\u00e4mpfe.","breadcrumb":{"@id":"https:\/\/www.miomiorun.com\/de\/produkt\/t-shirt-race-black-damen\/#breadcrumb"},"inLanguage":"de-DE","potentialAction":[{"@type":"ReadAction","target":["https:\/\/www.miomiorun.com\/de\/produkt\/t-shirt-race-black-damen\/"]}]},{"@type":"ImageObject","inLanguage":"de-DE","@id":"https:\/\/www.miomiorun.com\/de\/produkt\/t-shirt-race-black-damen\/#primaryimage","url":"https:\/\/www.miomiorun.com\/app\/uploads\/2025\/05\/wild-tee-T-shirt-W-race-black-WT013WT205.webp","contentUrl":"https:\/\/www.miomiorun.com\/app\/uploads\/2025\/05\/wild-tee-T-shirt-W-race-black-WT013WT205.webp","width":600,"height":600,"caption":"wild tee T-shirt W race black WT013WT205"},{"@type":"BreadcrumbList","@id":"https:\/\/www.miomiorun.com\/de\/produkt\/t-shirt-race-black-damen\/#breadcrumb","itemListElement":[{"@type":"ListItem","position":1,"name":"Home","item":"https:\/\/www.miomiorun.com\/de\/"},{"@type":"ListItem","position":2,"name":"Shop","item":"https:\/\/www.miomiorun.com\/shop\/"},{"@type":"ListItem","position":3,"name":"T-shirt race black damen"}]},{"@type":"WebSite","@id":"https:\/\/www.miomiorun.com\/de\/#website","url":"https:\/\/www.miomiorun.com\/de\/","name":"MioMioRun","description":"100% Lauf- und Trailshop","publisher":{"@id":"https:\/\/www.miomiorun.com\/de\/#organization"},"potentialAction":[{"@type":"SearchAction","target":{"@type":"EntryPoint","urlTemplate":"https:\/\/www.miomiorun.com\/de\/?s={search_term_string}"},"query-input":{"@type":"PropertyValueSpecification","valueRequired":true,"valueName":"search_term_string"}}],"inLanguage":"de-DE"},{"@type":"Organization","@id":"https:\/\/www.miomiorun.com\/de\/#organization","name":"MioMio Run","url":"https:\/\/www.miomiorun.com\/de\/","logo":{"@type":"ImageObject","inLanguage":"de-DE","@id":"https:\/\/www.miomiorun.com\/de\/#\/schema\/logo\/image\/","url":"https:\/\/www.miomiorun.com\/app\/uploads\/2019\/12\/logomio.png","contentUrl":"https:\/\/www.miomiorun.com\/app\/uploads\/2019\/12\/logomio.png","width":115,"height":82,"caption":"MioMio Run"},"image":{"@id":"https:\/\/www.miomiorun.com\/de\/#\/schema\/logo\/image\/"},"sameAs":["https:\/\/www.facebook.com\/miomiorun\/","https:\/\/www.instagram.com\/miomiorun\/"]}]}},"_links":{"self":[{"href":"https:\/\/www.miomiorun.com\/de\/wp-json\/wp\/v2\/product\/310305","targetHints":{"allow":["GET"]}}],"collection":[{"href":"https:\/\/www.miomiorun.com\/de\/wp-json\/wp\/v2\/product"}],"about":[{"href":"https:\/\/www.miomiorun.com\/de\/wp-json\/wp\/v2\/types\/product"}],"wp:featuredmedia":[{"embeddable":true,"href":"https:\/\/www.miomiorun.com\/de\/wp-json\/wp\/v2\/media\/311301"}],"wp:attachment":[{"href":"https:\/\/www.miomiorun.com\/de\/wp-json\/wp\/v2\/media?parent=310305"}],"wp:term":[{"taxonomy":"product_brand","embeddable":true,"href":"https:\/\/www.miomiorun.com\/de\/wp-json\/wp\/v2\/product_brand?post=310305"},{"taxonomy":"product_cat","embeddable":true,"href":"https:\/\/www.miomiorun.com\/de\/wp-json\/wp\/v2\/product_cat?post=310305"},{"taxonomy":"product_tag","embeddable":true,"href":"https:\/\/www.miomiorun.com\/de\/wp-json\/wp\/v2\/product_tag?post=310305"}],"curies":[{"name":"wp","href":"https:\/\/api.w.org\/{rel}","templated":true}]}}