{"id":310247,"date":"2025-05-06T11:28:21","date_gmt":"2025-05-06T09:28:21","guid":{"rendered":"https:\/\/miomiorun.com\/?post_type=product&#038;p=310247"},"modified":"2026-05-08T22:48:48","modified_gmt":"2026-05-08T20:48:48","slug":"gradient-fucsia-langarmshirt-damen","status":"publish","type":"product","link":"https:\/\/www.miomiorun.com\/de\/produkt\/gradient-fucsia-langarmshirt-damen\/","title":{"rendered":"Gradient Fucsia Langarmshirt damen"},"content":{"rendered":"<p class=\"\" data-start=\"246\" data-end=\"613\">Bringen Sie Ihr Training auf ein neues Level mit dem lang\u00e4rmeligen <strong data-start=\"322\" data-end=\"350\">Wild Tee Gradiente Donna<\/strong>, einer perfekten Kombination aus <strong data-start=\"381\" data-end=\"420\">technischer Funktionalit\u00e4t und gewagtem Stil<\/strong>. Diese Version pr\u00e4sentiert sich in einem v\u00f6llig neuen Look mit <strong data-start=\"471\" data-end=\"498\">Farbverlauf<\/strong>, der durch <strong data-start=\"511\" data-end=\"537\">neonfuchsiafarbene Akzente<\/strong> belebt wird und einen einzigartigen, auff\u00e4lligen und unverwechselbaren visuellen Effekt erzeugt.<\/p>\n<p class=\"\" data-start=\"615\" data-end=\"1011\">Dieses Shirt aus <strong data-start=\"629\" data-end=\"646\">Gotex-Gewebe<\/strong> von h\u00f6chster Qualit\u00e4t, das sich seidig weich anf\u00fchlt, bietet auch bei intensivem Training ein extrem angenehmes Tragegef\u00fchl auf der Haut. Das technische Design macht ihn <strong data-start=\"825\" data-end=\"850\">ultraleicht (115 g)<\/strong>, hochgradig <strong data-start=\"862\" data-end=\"877\">atmungsaktiv<\/strong> und f\u00fcr eine Vielzahl von Aktivit\u00e4ten geeignet: von <strong data-start=\"924\" data-end=\"965\">Wiederholungsl\u00e4ufen auf der Bahn bis hin zu Trails im Wald<\/strong>, ohne Kompromisse bei Leistung und Komfort einzugehen.<\/p>\n<p class=\"\" data-start=\"1013\" data-end=\"1170\">Perfekt kombinierbar mit der <strong data-start=\"1045\" data-end=\"1076\">passenden Funktionsm\u00fctze<\/strong> in derselben Farbgebung Gradiente: ein Must-have f\u00fcr alle, die sich auch in den Details von anderen abheben m\u00f6chten.<\/p>\n<h3 class=\"\" data-start=\"1177\" data-end=\"1212\"><strong data-start=\"1181\" data-end=\"1212\">Hauptmerkmale:<\/strong><\/h3>\n<ul data-start=\"1213\" data-end=\"1497\">\n<li class=\"\" data-start=\"1213\" data-end=\"1257\">\n<p class=\"\" data-start=\"1215\" data-end=\"1257\">Funktionsshirt mit langen \u00c4rmeln f\u00fcr Damen<\/p>\n<\/li>\n<li class=\"\" data-start=\"1258\" data-end=\"1316\">\n<p class=\"\" data-start=\"1260\" data-end=\"1316\">Neue Farbe \u201eGradiente\u201d mit Details in Neon-Fuchsia<\/p>\n<\/li>\n<li class=\"\" data-start=\"1317\" data-end=\"1378\">\n<p class=\"\" data-start=\"1319\" data-end=\"1378\">Gotex-Gewebe: extrem weich, hohe Atmungsaktivit\u00e4t<\/p>\n<\/li>\n<li class=\"\" data-start=\"1379\" data-end=\"1437\">\n<p class=\"\" data-start=\"1381\" data-end=\"1437\">Vielseitig: ideal f\u00fcr Stra\u00dfen-, Bahn- oder Trailrunning<\/p>\n<\/li>\n<li class=\"\" data-start=\"1438\" data-end=\"1458\">\n<p class=\"\" data-start=\"1440\" data-end=\"1458\">Gewicht: nur 115 g<\/p>\n<\/li>\n<li class=\"\" data-start=\"1459\" data-end=\"1497\">\n<p class=\"\" data-start=\"1461\" data-end=\"1497\">Italienisches Design, globale Leistung<\/p>\n<\/li>\n<\/ul>\n<p>&nbsp;<\/p><\/p>\n","protected":false},"excerpt":{"rendered":"<ul>\n<li class=\"\" data-start=\"1213\" data-end=\"1257\">\n<p class=\"\" data-start=\"1215\" data-end=\"1257\">Funktionsshirt mit langen \u00c4rmeln f\u00fcr Damen<\/p>\n<\/li>\n<li class=\"\" data-start=\"1258\" data-end=\"1316\">\n<p class=\"\" data-start=\"1260\" data-end=\"1316\">Neue Farbgebung \u201eGradiente\u201d mit Details in Neon-Fuchsia<\/p>\n<\/li>\n<li class=\"\" data-start=\"1317\" data-end=\"1378\">\n<p class=\"\" data-start=\"1319\" data-end=\"1378\">Gotex-Gewebe: extrem weich, hohe Atmungsaktivit\u00e4t<\/p>\n<\/li>\n<\/ul>\n","protected":false},"featured_media":311288,"template":"","meta":{"_acf_changed":false,"inline_featured_image":false},"product_brand":[],"product_cat":[6401,6486],"product_tag":[3399,6288],"class_list":{"0":"post-310247","1":"product","2":"type-product","3":"status-publish","4":"has-post-thumbnail","6":"product_cat-damenbekleidung","7":"product_cat-damenlangarmshirts","8":"product_tag-wild-tee-de","9":"product_tag-wild-tee-damen-de","10":"pa_attivita-fitness-de","11":"pa_attivita-gehen","12":"pa_attivita-running-de","13":"pa_attivita-trail-de","14":"pa_marca-wild-tee-de","15":"pa_sesso-damen","16":"pa_size-extra-small-de","17":"pa_size-small-de","18":"pa_size-medium-de","20":"first","21":"instock","22":"sale","23":"taxable","24":"shipping-taxable","25":"purchasable","26":"product-type-variable","27":"wvs-archive-product-wrapper"},"acf":[],"yoast_head":"<!-- This site is optimized with the Yoast SEO plugin v26.8 - https:\/\/yoast.com\/product\/yoast-seo-wordpress\/ -->\n<title>Wild Tee Gradient Fucsia Langarmshirt damen - Lang\u00e4rmeliges Laufshirt - MioMioRun<\/title>\n<meta name=\"description\" content=\"Technisches Langarmshirt Wild Tee Gradiente: leicht, atmungsaktiv und mit exklusivem Design in Neon-Fuchsia-Farbt\u00f6nen. Ideal f\u00fcr Trailrunning und Laufen.\" \/>\n<meta name=\"robots\" content=\"index, follow, max-snippet:-1, max-image-preview:large, max-video-preview:-1\" \/>\n<link rel=\"canonical\" href=\"https:\/\/www.miomiorun.com\/de\/produkt\/gradient-fucsia-langarmshirt-damen\/\" \/>\n<meta property=\"og:locale\" content=\"de_DE\" \/>\n<meta property=\"og:type\" content=\"article\" \/>\n<meta property=\"og:title\" content=\"Wild Tee Gradient Fucsia Langarmshirt damen - Lang\u00e4rmeliges Laufshirt - MioMioRun\" \/>\n<meta property=\"og:description\" content=\"Technisches Langarmshirt Wild Tee Gradiente: leicht, atmungsaktiv und mit exklusivem Design in Neon-Fuchsia-Farbt\u00f6nen. Ideal f\u00fcr Trailrunning und Laufen.\" \/>\n<meta property=\"og:url\" content=\"https:\/\/www.miomiorun.com\/de\/produkt\/gradient-fucsia-langarmshirt-damen\/\" \/>\n<meta property=\"og:site_name\" content=\"MioMioRun\" \/>\n<meta property=\"article:publisher\" content=\"https:\/\/www.facebook.com\/miomiorun\/\" \/>\n<meta property=\"article:modified_time\" content=\"2026-05-08T20:48:48+00:00\" \/>\n<meta property=\"og:image\" content=\"https:\/\/www.miomiorun.com\/app\/uploads\/2025\/05\/wild-tee-Longsleeve-W-gradient-fuchsia-WT007WT169.webp\" \/>\n\t<meta property=\"og:image:width\" content=\"600\" \/>\n\t<meta property=\"og:image:height\" content=\"600\" \/>\n\t<meta property=\"og:image:type\" content=\"image\/webp\" \/>\n<meta name=\"twitter:card\" content=\"summary_large_image\" \/>\n<meta name=\"twitter:label1\" content=\"Est. reading time\" \/>\n\t<meta name=\"twitter:data1\" content=\"1 minute\" \/>\n<script type=\"application\/ld+json\" class=\"yoast-schema-graph\">{\"@context\":\"https:\/\/schema.org\",\"@graph\":[{\"@type\":\"WebPage\",\"@id\":\"https:\/\/www.miomiorun.com\/de\/produkt\/gradient-fucsia-langarmshirt-damen\/\",\"url\":\"https:\/\/www.miomiorun.com\/de\/produkt\/gradient-fucsia-langarmshirt-damen\/\",\"name\":\"Wild Tee Gradient Fucsia Langarmshirt damen - Lang\u00e4rmeliges Laufshirt - MioMioRun\",\"isPartOf\":{\"@id\":\"https:\/\/www.miomiorun.com\/de\/#website\"},\"primaryImageOfPage\":{\"@id\":\"https:\/\/www.miomiorun.com\/de\/produkt\/gradient-fucsia-langarmshirt-damen\/#primaryimage\"},\"image\":{\"@id\":\"https:\/\/www.miomiorun.com\/de\/produkt\/gradient-fucsia-langarmshirt-damen\/#primaryimage\"},\"thumbnailUrl\":\"https:\/\/www.miomiorun.com\/app\/uploads\/2025\/05\/wild-tee-Longsleeve-W-gradient-fuchsia-WT007WT169.webp\",\"datePublished\":\"2025-05-06T09:28:21+00:00\",\"dateModified\":\"2026-05-08T20:48:48+00:00\",\"description\":\"Technisches Langarmshirt Wild Tee Gradiente: leicht, atmungsaktiv und mit exklusivem Design in Neon-Fuchsia-Farbt\u00f6nen. Ideal f\u00fcr Trailrunning und Laufen.\",\"breadcrumb\":{\"@id\":\"https:\/\/www.miomiorun.com\/de\/produkt\/gradient-fucsia-langarmshirt-damen\/#breadcrumb\"},\"inLanguage\":\"de-DE\",\"potentialAction\":[{\"@type\":\"ReadAction\",\"target\":[\"https:\/\/www.miomiorun.com\/de\/produkt\/gradient-fucsia-langarmshirt-damen\/\"]}]},{\"@type\":\"ImageObject\",\"inLanguage\":\"de-DE\",\"@id\":\"https:\/\/www.miomiorun.com\/de\/produkt\/gradient-fucsia-langarmshirt-damen\/#primaryimage\",\"url\":\"https:\/\/www.miomiorun.com\/app\/uploads\/2025\/05\/wild-tee-Longsleeve-W-gradient-fuchsia-WT007WT169.webp\",\"contentUrl\":\"https:\/\/www.miomiorun.com\/app\/uploads\/2025\/05\/wild-tee-Longsleeve-W-gradient-fuchsia-WT007WT169.webp\",\"width\":600,\"height\":600,\"caption\":\"wild tee Longsleeve W gradient fuchsia WT007WT169\"},{\"@type\":\"BreadcrumbList\",\"@id\":\"https:\/\/www.miomiorun.com\/de\/produkt\/gradient-fucsia-langarmshirt-damen\/#breadcrumb\",\"itemListElement\":[{\"@type\":\"ListItem\",\"position\":1,\"name\":\"Home\",\"item\":\"https:\/\/www.miomiorun.com\/de\/home-page\/\"},{\"@type\":\"ListItem\",\"position\":2,\"name\":\"Shop\",\"item\":\"https:\/\/www.miomiorun.com\/shop\/\"},{\"@type\":\"ListItem\",\"position\":3,\"name\":\"Gradient Fucsia Langarmshirt damen\"}]},{\"@type\":\"WebSite\",\"@id\":\"https:\/\/www.miomiorun.com\/de\/#website\",\"url\":\"https:\/\/www.miomiorun.com\/de\/\",\"name\":\"MioMioRun\",\"description\":\"100% Lauf- und Trailshop\",\"publisher\":{\"@id\":\"https:\/\/www.miomiorun.com\/de\/#organization\"},\"potentialAction\":[{\"@type\":\"SearchAction\",\"target\":{\"@type\":\"EntryPoint\",\"urlTemplate\":\"https:\/\/www.miomiorun.com\/de\/?s={search_term_string}\"},\"query-input\":{\"@type\":\"PropertyValueSpecification\",\"valueRequired\":true,\"valueName\":\"search_term_string\"}}],\"inLanguage\":\"de-DE\"},{\"@type\":\"Organization\",\"@id\":\"https:\/\/www.miomiorun.com\/de\/#organization\",\"name\":\"MioMio Run\",\"url\":\"https:\/\/www.miomiorun.com\/de\/\",\"logo\":{\"@type\":\"ImageObject\",\"inLanguage\":\"de-DE\",\"@id\":\"https:\/\/www.miomiorun.com\/de\/#\/schema\/logo\/image\/\",\"url\":\"https:\/\/www.miomiorun.com\/app\/uploads\/2019\/12\/logomio.png\",\"contentUrl\":\"https:\/\/www.miomiorun.com\/app\/uploads\/2019\/12\/logomio.png\",\"width\":115,\"height\":82,\"caption\":\"MioMio Run\"},\"image\":{\"@id\":\"https:\/\/www.miomiorun.com\/de\/#\/schema\/logo\/image\/\"},\"sameAs\":[\"https:\/\/www.facebook.com\/miomiorun\/\",\"https:\/\/www.instagram.com\/miomiorun\/\"]}]}<\/script>\n<!-- \/ Yoast SEO plugin. -->","yoast_head_json":{"title":"Wild Tee Gradient Fucsia Langarmshirt damen - Lang\u00e4rmeliges Laufshirt - MioMioRun","description":"Technisches Langarmshirt Wild Tee Gradiente: leicht, atmungsaktiv und mit exklusivem Design in Neon-Fuchsia-Farbt\u00f6nen. Ideal f\u00fcr Trailrunning und Laufen.","robots":{"index":"index","follow":"follow","max-snippet":"max-snippet:-1","max-image-preview":"max-image-preview:large","max-video-preview":"max-video-preview:-1"},"canonical":"https:\/\/www.miomiorun.com\/de\/produkt\/gradient-fucsia-langarmshirt-damen\/","og_locale":"de_DE","og_type":"article","og_title":"Wild Tee Gradient Fucsia Langarmshirt damen - Lang\u00e4rmeliges Laufshirt - MioMioRun","og_description":"Technisches Langarmshirt Wild Tee Gradiente: leicht, atmungsaktiv und mit exklusivem Design in Neon-Fuchsia-Farbt\u00f6nen. Ideal f\u00fcr Trailrunning und Laufen.","og_url":"https:\/\/www.miomiorun.com\/de\/produkt\/gradient-fucsia-langarmshirt-damen\/","og_site_name":"MioMioRun","article_publisher":"https:\/\/www.facebook.com\/miomiorun\/","article_modified_time":"2026-05-08T20:48:48+00:00","og_image":[{"width":600,"height":600,"url":"https:\/\/www.miomiorun.com\/app\/uploads\/2025\/05\/wild-tee-Longsleeve-W-gradient-fuchsia-WT007WT169.webp","type":"image\/webp"}],"twitter_card":"summary_large_image","twitter_misc":{"Est. reading time":"1 minute"},"schema":{"@context":"https:\/\/schema.org","@graph":[{"@type":"WebPage","@id":"https:\/\/www.miomiorun.com\/de\/produkt\/gradient-fucsia-langarmshirt-damen\/","url":"https:\/\/www.miomiorun.com\/de\/produkt\/gradient-fucsia-langarmshirt-damen\/","name":"Wild Tee Gradient Fucsia Langarmshirt damen - Lang\u00e4rmeliges Laufshirt - MioMioRun","isPartOf":{"@id":"https:\/\/www.miomiorun.com\/de\/#website"},"primaryImageOfPage":{"@id":"https:\/\/www.miomiorun.com\/de\/produkt\/gradient-fucsia-langarmshirt-damen\/#primaryimage"},"image":{"@id":"https:\/\/www.miomiorun.com\/de\/produkt\/gradient-fucsia-langarmshirt-damen\/#primaryimage"},"thumbnailUrl":"https:\/\/www.miomiorun.com\/app\/uploads\/2025\/05\/wild-tee-Longsleeve-W-gradient-fuchsia-WT007WT169.webp","datePublished":"2025-05-06T09:28:21+00:00","dateModified":"2026-05-08T20:48:48+00:00","description":"Technisches Langarmshirt Wild Tee Gradiente: leicht, atmungsaktiv und mit exklusivem Design in Neon-Fuchsia-Farbt\u00f6nen. Ideal f\u00fcr Trailrunning und Laufen.","breadcrumb":{"@id":"https:\/\/www.miomiorun.com\/de\/produkt\/gradient-fucsia-langarmshirt-damen\/#breadcrumb"},"inLanguage":"de-DE","potentialAction":[{"@type":"ReadAction","target":["https:\/\/www.miomiorun.com\/de\/produkt\/gradient-fucsia-langarmshirt-damen\/"]}]},{"@type":"ImageObject","inLanguage":"de-DE","@id":"https:\/\/www.miomiorun.com\/de\/produkt\/gradient-fucsia-langarmshirt-damen\/#primaryimage","url":"https:\/\/www.miomiorun.com\/app\/uploads\/2025\/05\/wild-tee-Longsleeve-W-gradient-fuchsia-WT007WT169.webp","contentUrl":"https:\/\/www.miomiorun.com\/app\/uploads\/2025\/05\/wild-tee-Longsleeve-W-gradient-fuchsia-WT007WT169.webp","width":600,"height":600,"caption":"wild tee Longsleeve W gradient fuchsia WT007WT169"},{"@type":"BreadcrumbList","@id":"https:\/\/www.miomiorun.com\/de\/produkt\/gradient-fucsia-langarmshirt-damen\/#breadcrumb","itemListElement":[{"@type":"ListItem","position":1,"name":"Home","item":"https:\/\/www.miomiorun.com\/de\/home-page\/"},{"@type":"ListItem","position":2,"name":"Shop","item":"https:\/\/www.miomiorun.com\/shop\/"},{"@type":"ListItem","position":3,"name":"Gradient Fucsia Langarmshirt damen"}]},{"@type":"WebSite","@id":"https:\/\/www.miomiorun.com\/de\/#website","url":"https:\/\/www.miomiorun.com\/de\/","name":"MioMioRun","description":"100% Lauf- und Trailshop","publisher":{"@id":"https:\/\/www.miomiorun.com\/de\/#organization"},"potentialAction":[{"@type":"SearchAction","target":{"@type":"EntryPoint","urlTemplate":"https:\/\/www.miomiorun.com\/de\/?s={search_term_string}"},"query-input":{"@type":"PropertyValueSpecification","valueRequired":true,"valueName":"search_term_string"}}],"inLanguage":"de-DE"},{"@type":"Organization","@id":"https:\/\/www.miomiorun.com\/de\/#organization","name":"MioMio Run","url":"https:\/\/www.miomiorun.com\/de\/","logo":{"@type":"ImageObject","inLanguage":"de-DE","@id":"https:\/\/www.miomiorun.com\/de\/#\/schema\/logo\/image\/","url":"https:\/\/www.miomiorun.com\/app\/uploads\/2019\/12\/logomio.png","contentUrl":"https:\/\/www.miomiorun.com\/app\/uploads\/2019\/12\/logomio.png","width":115,"height":82,"caption":"MioMio Run"},"image":{"@id":"https:\/\/www.miomiorun.com\/de\/#\/schema\/logo\/image\/"},"sameAs":["https:\/\/www.facebook.com\/miomiorun\/","https:\/\/www.instagram.com\/miomiorun\/"]}]}},"_links":{"self":[{"href":"https:\/\/www.miomiorun.com\/de\/wp-json\/wp\/v2\/product\/310247","targetHints":{"allow":["GET"]}}],"collection":[{"href":"https:\/\/www.miomiorun.com\/de\/wp-json\/wp\/v2\/product"}],"about":[{"href":"https:\/\/www.miomiorun.com\/de\/wp-json\/wp\/v2\/types\/product"}],"wp:featuredmedia":[{"embeddable":true,"href":"https:\/\/www.miomiorun.com\/de\/wp-json\/wp\/v2\/media\/311288"}],"wp:attachment":[{"href":"https:\/\/www.miomiorun.com\/de\/wp-json\/wp\/v2\/media?parent=310247"}],"wp:term":[{"taxonomy":"product_brand","embeddable":true,"href":"https:\/\/www.miomiorun.com\/de\/wp-json\/wp\/v2\/product_brand?post=310247"},{"taxonomy":"product_cat","embeddable":true,"href":"https:\/\/www.miomiorun.com\/de\/wp-json\/wp\/v2\/product_cat?post=310247"},{"taxonomy":"product_tag","embeddable":true,"href":"https:\/\/www.miomiorun.com\/de\/wp-json\/wp\/v2\/product_tag?post=310247"}],"curies":[{"name":"wp","href":"https:\/\/api.w.org\/{rel}","templated":true}]}}