{"id":309534,"date":"2025-05-03T19:07:41","date_gmt":"2025-05-03T17:07:41","guid":{"rendered":"https:\/\/miomiorun.com\/?post_type=product&#038;p=309534"},"modified":"2026-04-29T19:02:37","modified_gmt":"2026-04-29T17:02:37","slug":"mafate-x-herren","status":"publish","type":"product","link":"https:\/\/www.miomiorun.com\/de\/produkt\/mafate-x-herren\/","title":{"rendered":"Mafate X herren"},"content":{"rendered":"<div class=\"vc-row container\"><div class=\"vc-column\"><div class=\"vc-column-text\"><\/p>\n<p><strong>Technische Daten<\/strong><\/p>\n<p>Kategorie: Top-D\u00e4mpfung<br \/>\nOffset: 8 mm<br \/>\nGewicht: 344 g<br \/>\nIdeal f\u00fcr: Trailrunner und Bergwanderer, die ein gut ged\u00e4mpftes und sch\u00fctzendes Modell suchen, das auch auf langen Strecken h\u00f6chsten Komfort bietet.<br \/>\nGewicht des Sportlers: 70-90 kg<br \/>\nLaufgeschwindigkeit: mittel (5,00-6,00 min\/km)<br \/>\n<a href=\"https:\/\/miomiorun.com\/guida-alle-specifiche-tecniche\/\">Leitfaden zu den technischen Daten<\/a><\/p>\n<p><\/div><\/div><div class=\"vc-column\"><div class=\"vc-column-text\"><\/p>\n<h3 class=\"\" data-start=\"0\" data-end=\"68\">&nbsp;HOKA Mafate X \u2013 Dein Verb\u00fcndeter f\u00fcr anspruchsvolle Trails<\/h3>\n<p class=\"\" data-start=\"70\" data-end=\"377\">Bew\u00e4ltige Ger\u00f6llhalden, Steinbr\u00fcche und Ultramarathons mit dem <strong data-start=\"121\" data-end=\"133\">Mafate X<\/strong>, dem neuen Star unter den Trailrunning-Schuhen von HOKA. Entwickelt f\u00fcr alle, die sich durch nichts aufhalten lassen, bietet er eine einzigartige Mischung aus <strong data-start=\"252\" data-end=\"297\">Weichheit, Vorw\u00e4rtsantrieb und Schutz<\/strong>, sodass Sie stundenlang sicher und bequem auf dem schwierigsten Gel\u00e4nde laufen k\u00f6nnen.<\/p>\n<h4 class=\"\" data-start=\"384\" data-end=\"411\">&nbsp;Warum Sie ihn w\u00e4hlen sollten:<\/h4>\n<ul data-start=\"413\" data-end=\"1361\">\n<li class=\"\" data-start=\"413\" data-end=\"611\">\n<p class=\"\" data-start=\"415\" data-end=\"611\"><strong data-start=\"415\" data-end=\"451\">Erstklassige D\u00e4mpfung<\/strong><br data-start=\"451\" data-end=\"454\">Ein Rahmen aus <strong data-start=\"469\" data-end=\"497\">Schaumstoff mit doppelter Dichte<\/strong> in Kombination mit einer Oberschicht aus <strong data-start=\"533\" data-end=\"541\">PEBA<\/strong> sorgt f\u00fcr au\u00dfergew\u00f6hnliche Weichheit und kontinuierliche Energier\u00fcckgabe.<\/p>\n<\/li>\n<li class=\"\" data-start=\"613\" data-end=\"770\">\n<p class=\"\" data-start=\"615\" data-end=\"770\"><strong data-start=\"615\" data-end=\"643\">Antrieb bei jedem Schritt<\/strong><br data-start=\"643\" data-end=\"646\">Die <strong data-start=\"651\" data-end=\"694\">Gabelplatte aus Carbonfaser<\/strong> wird bei jedem Schritt aktiviert und sorgt f\u00fcr Schub und Reaktionsf\u00e4higkeit, wo sie gebraucht werden.\n<\/p>\n<\/li>\n<li class=\"\" data-start=\"772\" data-end=\"922\">\n<p class=\"\" data-start=\"774\" data-end=\"922\"><strong data-start=\"774\" data-end=\"794\">Unerbittlicher Grip<\/strong><br data-start=\"794\" data-end=\"797\">Die <strong data-start=\"808\" data-end=\"828\">Vibram\u00ae Megagrip<\/strong>-Sohle mit 3,5 mm Profil sorgt f\u00fcr Traktion und Stabilit\u00e4t auf Schlamm, Felsen und losem Untergrund.\n<\/p>\n<\/li>\n<li class=\"\" data-start=\"924\" data-end=\"1066\">\n<p class=\"\" data-start=\"926\" data-end=\"1066\"><strong data-start=\"926\" data-end=\"961\">Ultraleichtes, wasserabweisendes Obermaterial<\/strong><br data-start=\"961\" data-end=\"964\">Technisches Gewebe, das Wasser schnell ableitet und den Fu\u00df k\u00fchl und trocken h\u00e4lt.\n<\/p>\n<\/li>\n<li class=\"\" data-start=\"1068\" data-end=\"1232\">\n<p class=\"\" data-start=\"1070\" data-end=\"1232\"><strong data-start=\"1070\" data-end=\"1102\">Kompromissloser Schutz<\/strong><br data-start=\"1102\" data-end=\"1105\">Verst\u00e4rkte Zehenkappe, TPU-Fersenkappe und dynamische Zehenkappe (zum Patent angemeldet) sch\u00fctzen vor scharfen Felsen und Wurzeln.\n<\/p>\n<\/li>\n<li class=\"\" data-start=\"1234\" data-end=\"1361\">\n<p class=\"\" data-start=\"1236\" data-end=\"1361\"><strong data-start=\"1236\" data-end=\"1262\">Sichtbarkeit &amp; Sicherheit<\/strong><br data-start=\"1262\" data-end=\"1265\">Reflektierende Details sorgen daf\u00fcr, dass Sie auch bei schlechten Lichtverh\u00e4ltnissen immer gut sichtbar sind. <\/p>\n<\/li>\n<\/ul>\n<h4 class=\"\" data-start=\"1368\" data-end=\"1393\">&nbsp;Technische Daten:<\/h4>\n<ul data-start=\"1395\" data-end=\"1595\">\n<li class=\"\" data-start=\"1395\" data-end=\"1429\">\n<p class=\"\" data-start=\"1397\" data-end=\"1429\"><strong data-start=\"1397\" data-end=\"1406\">Gewicht:<\/strong> 344 g (Gr\u00f6\u00dfe 42 EU)<\/p>\n<\/li>\n<li class=\"\" data-start=\"1430\" data-end=\"1460\">\n<p class=\"\" data-start=\"1432\" data-end=\"1460\"><strong data-start=\"1432\" data-end=\"1453\">Sprengung:<\/strong> 8 mm<\/p>\n<\/li>\n<li class=\"\" data-start=\"1461\" data-end=\"1510\">\n<p class=\"\" data-start=\"1463\" data-end=\"1510\"><strong data-start=\"1463\" data-end=\"1479\">MetaRocker\u2122:<\/strong> flie\u00dfendes \u00dcbergangsdesign<\/p>\n<\/li>\n<li class=\"\" data-start=\"1511\" data-end=\"1595\">\n<p class=\"\" data-start=\"1513\" data-end=\"1595\"><strong data-start=\"1513\" data-end=\"1550\">Symmetrische D\u00e4mpfung:<\/strong> gleichm\u00e4\u00dfiger Komfort ohne technologische \u00dcbertreibungen<\/p>\n<\/li>\n<\/ul>\n<p class=\"\" data-start=\"1602\" data-end=\"1854\">Der <strong data-start=\"1605\" data-end=\"1617\">Mafate X<\/strong> ist nicht nur ein Schuh, er ist deine Eintrittskarte, um neue Grenzen zu erkunden. Von L\u00e4ufen in gro\u00dfer H\u00f6he bis hin zu Ultramarathons unterst\u00fctzt er dich mit einer weichen, aber reaktionsfreudigen D\u00e4mpfung, sch\u00fctzt jeden Schritt und treibt deine Leistung \u00fcber alle Grenzen hinaus. <\/p>\n<p><\/div><\/div><\/div>\n","protected":false},"excerpt":{"rendered":"<ul>\n<li data-start=\"415\" data-end=\"611\">Erstklassige D\u00e4mpfung<\/li>\n<li data-start=\"415\" data-end=\"611\">Antrieb bei jedem Schritt<\/li>\n<li data-start=\"415\" data-end=\"611\">Unerbittlicher Grip<\/li>\n<\/ul>\n","protected":false},"featured_media":427731,"template":"","meta":{"_acf_changed":false,"inline_featured_image":false},"product_brand":[],"product_cat":[6507,6504],"product_tag":[3373,6226],"class_list":{"0":"post-309534","1":"product","2":"type-product","3":"status-publish","4":"has-post-thumbnail","6":"product_cat-herren-schuhe-de","7":"product_cat-trail","8":"product_tag-hoka-one-one-de","9":"product_tag-hoka-one-one-herren-de","10":"pa_attivita-outdoor-de","11":"pa_attivita-trail-de","12":"pa_colore-mafate-x-neon-hoka-citrus-neon-rose-de","13":"pa_colore-mafate-x-sage-rosemary","14":"pa_marca-hoka-de","15":"pa_sesso-herren","16":"pa_size-41-de","17":"pa_size-42-de","19":"pa_size-43-de","20":"pa_size-44-de","22":"pa_size-45-de","23":"pa_size-46-de","25":"first","26":"instock","27":"sale","28":"taxable","29":"shipping-taxable","30":"purchasable","31":"product-type-variable","32":"has-default-attributes","33":"wvs-archive-product-wrapper"},"acf":[],"yoast_head":"<!-- This site is optimized with the Yoast SEO plugin v26.8 - https:\/\/yoast.com\/product\/yoast-seo-wordpress\/ -->\n<title>Hoka One One Mafate X herren - Trail-Schuhe - MioMioRun<\/title>\n<meta name=\"description\" content=\"Ultra-gepolsterter Trail-Schuh mit Schaumstoff in doppelter Dichte, Carbonfaserplatte und Vibram\u00ae Megagrip-Sohle. Komfort und Grip auf jedem Terrain.\" \/>\n<meta name=\"robots\" content=\"index, follow, max-snippet:-1, max-image-preview:large, max-video-preview:-1\" \/>\n<link rel=\"canonical\" href=\"https:\/\/www.miomiorun.com\/de\/produkt\/mafate-x-herren\/\" \/>\n<meta property=\"og:locale\" content=\"de_DE\" \/>\n<meta property=\"og:type\" content=\"article\" \/>\n<meta property=\"og:title\" content=\"Hoka One One Mafate X herren - Trail-Schuhe - MioMioRun\" \/>\n<meta property=\"og:description\" content=\"Ultra-gepolsterter Trail-Schuh mit Schaumstoff in doppelter Dichte, Carbonfaserplatte und Vibram\u00ae Megagrip-Sohle. Komfort und Grip auf jedem Terrain.\" \/>\n<meta property=\"og:url\" content=\"https:\/\/www.miomiorun.com\/de\/produkt\/mafate-x-herren\/\" \/>\n<meta property=\"og:site_name\" content=\"MioMioRun\" \/>\n<meta property=\"article:publisher\" content=\"https:\/\/www.facebook.com\/miomiorun\/\" \/>\n<meta property=\"article:modified_time\" content=\"2026-04-29T17:02:37+00:00\" \/>\n<meta property=\"og:image\" content=\"https:\/\/www.miomiorun.com\/app\/uploads\/2026\/04\/hoka-Mafate-X-sage-rosemary-1161990-SRSM.webp\" \/>\n\t<meta property=\"og:image:width\" content=\"720\" \/>\n\t<meta property=\"og:image:height\" content=\"720\" \/>\n\t<meta property=\"og:image:type\" content=\"image\/webp\" \/>\n<meta name=\"twitter:card\" content=\"summary_large_image\" \/>\n<meta name=\"twitter:label1\" content=\"Est. reading time\" \/>\n\t<meta name=\"twitter:data1\" content=\"2 minutes\" \/>\n<script type=\"application\/ld+json\" class=\"yoast-schema-graph\">{\"@context\":\"https:\/\/schema.org\",\"@graph\":[{\"@type\":\"WebPage\",\"@id\":\"https:\/\/www.miomiorun.com\/de\/produkt\/mafate-x-herren\/\",\"url\":\"https:\/\/www.miomiorun.com\/de\/produkt\/mafate-x-herren\/\",\"name\":\"Hoka One One Mafate X herren - Trail-Schuhe - MioMioRun\",\"isPartOf\":{\"@id\":\"https:\/\/www.miomiorun.com\/de\/#website\"},\"primaryImageOfPage\":{\"@id\":\"https:\/\/www.miomiorun.com\/de\/produkt\/mafate-x-herren\/#primaryimage\"},\"image\":{\"@id\":\"https:\/\/www.miomiorun.com\/de\/produkt\/mafate-x-herren\/#primaryimage\"},\"thumbnailUrl\":\"https:\/\/www.miomiorun.com\/app\/uploads\/2026\/04\/hoka-Mafate-X-sage-rosemary-1161990-SRSM.webp\",\"datePublished\":\"2025-05-03T17:07:41+00:00\",\"dateModified\":\"2026-04-29T17:02:37+00:00\",\"description\":\"Ultra-gepolsterter Trail-Schuh mit Schaumstoff in doppelter Dichte, Carbonfaserplatte und Vibram\u00ae Megagrip-Sohle. Komfort und Grip auf jedem Terrain.\",\"breadcrumb\":{\"@id\":\"https:\/\/www.miomiorun.com\/de\/produkt\/mafate-x-herren\/#breadcrumb\"},\"inLanguage\":\"de-DE\",\"potentialAction\":[{\"@type\":\"ReadAction\",\"target\":[\"https:\/\/www.miomiorun.com\/de\/produkt\/mafate-x-herren\/\"]}]},{\"@type\":\"ImageObject\",\"inLanguage\":\"de-DE\",\"@id\":\"https:\/\/www.miomiorun.com\/de\/produkt\/mafate-x-herren\/#primaryimage\",\"url\":\"https:\/\/www.miomiorun.com\/app\/uploads\/2026\/04\/hoka-Mafate-X-sage-rosemary-1161990-SRSM.webp\",\"contentUrl\":\"https:\/\/www.miomiorun.com\/app\/uploads\/2026\/04\/hoka-Mafate-X-sage-rosemary-1161990-SRSM.webp\",\"width\":720,\"height\":720,\"caption\":\"hoka Mafate X sage rosemary 1161990 SRSM\"},{\"@type\":\"BreadcrumbList\",\"@id\":\"https:\/\/www.miomiorun.com\/de\/produkt\/mafate-x-herren\/#breadcrumb\",\"itemListElement\":[{\"@type\":\"ListItem\",\"position\":1,\"name\":\"Home\",\"item\":\"https:\/\/www.miomiorun.com\/de\/\"},{\"@type\":\"ListItem\",\"position\":2,\"name\":\"Shop\",\"item\":\"https:\/\/www.miomiorun.com\/shop\/\"},{\"@type\":\"ListItem\",\"position\":3,\"name\":\"Mafate X herren\"}]},{\"@type\":\"WebSite\",\"@id\":\"https:\/\/www.miomiorun.com\/de\/#website\",\"url\":\"https:\/\/www.miomiorun.com\/de\/\",\"name\":\"MioMioRun\",\"description\":\"100% Lauf- und Trailshop\",\"publisher\":{\"@id\":\"https:\/\/www.miomiorun.com\/de\/#organization\"},\"potentialAction\":[{\"@type\":\"SearchAction\",\"target\":{\"@type\":\"EntryPoint\",\"urlTemplate\":\"https:\/\/www.miomiorun.com\/de\/?s={search_term_string}\"},\"query-input\":{\"@type\":\"PropertyValueSpecification\",\"valueRequired\":true,\"valueName\":\"search_term_string\"}}],\"inLanguage\":\"de-DE\"},{\"@type\":\"Organization\",\"@id\":\"https:\/\/www.miomiorun.com\/de\/#organization\",\"name\":\"MioMio Run\",\"url\":\"https:\/\/www.miomiorun.com\/de\/\",\"logo\":{\"@type\":\"ImageObject\",\"inLanguage\":\"de-DE\",\"@id\":\"https:\/\/www.miomiorun.com\/de\/#\/schema\/logo\/image\/\",\"url\":\"https:\/\/www.miomiorun.com\/app\/uploads\/2019\/12\/logomio.png\",\"contentUrl\":\"https:\/\/www.miomiorun.com\/app\/uploads\/2019\/12\/logomio.png\",\"width\":115,\"height\":82,\"caption\":\"MioMio Run\"},\"image\":{\"@id\":\"https:\/\/www.miomiorun.com\/de\/#\/schema\/logo\/image\/\"},\"sameAs\":[\"https:\/\/www.facebook.com\/miomiorun\/\",\"https:\/\/www.instagram.com\/miomiorun\/\"]}]}<\/script>\n<!-- \/ Yoast SEO plugin. -->","yoast_head_json":{"title":"Hoka One One Mafate X herren - Trail-Schuhe - MioMioRun","description":"Ultra-gepolsterter Trail-Schuh mit Schaumstoff in doppelter Dichte, Carbonfaserplatte und Vibram\u00ae Megagrip-Sohle. Komfort und Grip auf jedem Terrain.","robots":{"index":"index","follow":"follow","max-snippet":"max-snippet:-1","max-image-preview":"max-image-preview:large","max-video-preview":"max-video-preview:-1"},"canonical":"https:\/\/www.miomiorun.com\/de\/produkt\/mafate-x-herren\/","og_locale":"de_DE","og_type":"article","og_title":"Hoka One One Mafate X herren - Trail-Schuhe - MioMioRun","og_description":"Ultra-gepolsterter Trail-Schuh mit Schaumstoff in doppelter Dichte, Carbonfaserplatte und Vibram\u00ae Megagrip-Sohle. Komfort und Grip auf jedem Terrain.","og_url":"https:\/\/www.miomiorun.com\/de\/produkt\/mafate-x-herren\/","og_site_name":"MioMioRun","article_publisher":"https:\/\/www.facebook.com\/miomiorun\/","article_modified_time":"2026-04-29T17:02:37+00:00","og_image":[{"width":720,"height":720,"url":"https:\/\/www.miomiorun.com\/app\/uploads\/2026\/04\/hoka-Mafate-X-sage-rosemary-1161990-SRSM.webp","type":"image\/webp"}],"twitter_card":"summary_large_image","twitter_misc":{"Est. reading time":"2 minutes"},"schema":{"@context":"https:\/\/schema.org","@graph":[{"@type":"WebPage","@id":"https:\/\/www.miomiorun.com\/de\/produkt\/mafate-x-herren\/","url":"https:\/\/www.miomiorun.com\/de\/produkt\/mafate-x-herren\/","name":"Hoka One One Mafate X herren - Trail-Schuhe - MioMioRun","isPartOf":{"@id":"https:\/\/www.miomiorun.com\/de\/#website"},"primaryImageOfPage":{"@id":"https:\/\/www.miomiorun.com\/de\/produkt\/mafate-x-herren\/#primaryimage"},"image":{"@id":"https:\/\/www.miomiorun.com\/de\/produkt\/mafate-x-herren\/#primaryimage"},"thumbnailUrl":"https:\/\/www.miomiorun.com\/app\/uploads\/2026\/04\/hoka-Mafate-X-sage-rosemary-1161990-SRSM.webp","datePublished":"2025-05-03T17:07:41+00:00","dateModified":"2026-04-29T17:02:37+00:00","description":"Ultra-gepolsterter Trail-Schuh mit Schaumstoff in doppelter Dichte, Carbonfaserplatte und Vibram\u00ae Megagrip-Sohle. Komfort und Grip auf jedem Terrain.","breadcrumb":{"@id":"https:\/\/www.miomiorun.com\/de\/produkt\/mafate-x-herren\/#breadcrumb"},"inLanguage":"de-DE","potentialAction":[{"@type":"ReadAction","target":["https:\/\/www.miomiorun.com\/de\/produkt\/mafate-x-herren\/"]}]},{"@type":"ImageObject","inLanguage":"de-DE","@id":"https:\/\/www.miomiorun.com\/de\/produkt\/mafate-x-herren\/#primaryimage","url":"https:\/\/www.miomiorun.com\/app\/uploads\/2026\/04\/hoka-Mafate-X-sage-rosemary-1161990-SRSM.webp","contentUrl":"https:\/\/www.miomiorun.com\/app\/uploads\/2026\/04\/hoka-Mafate-X-sage-rosemary-1161990-SRSM.webp","width":720,"height":720,"caption":"hoka Mafate X sage rosemary 1161990 SRSM"},{"@type":"BreadcrumbList","@id":"https:\/\/www.miomiorun.com\/de\/produkt\/mafate-x-herren\/#breadcrumb","itemListElement":[{"@type":"ListItem","position":1,"name":"Home","item":"https:\/\/www.miomiorun.com\/de\/"},{"@type":"ListItem","position":2,"name":"Shop","item":"https:\/\/www.miomiorun.com\/shop\/"},{"@type":"ListItem","position":3,"name":"Mafate X herren"}]},{"@type":"WebSite","@id":"https:\/\/www.miomiorun.com\/de\/#website","url":"https:\/\/www.miomiorun.com\/de\/","name":"MioMioRun","description":"100% Lauf- und Trailshop","publisher":{"@id":"https:\/\/www.miomiorun.com\/de\/#organization"},"potentialAction":[{"@type":"SearchAction","target":{"@type":"EntryPoint","urlTemplate":"https:\/\/www.miomiorun.com\/de\/?s={search_term_string}"},"query-input":{"@type":"PropertyValueSpecification","valueRequired":true,"valueName":"search_term_string"}}],"inLanguage":"de-DE"},{"@type":"Organization","@id":"https:\/\/www.miomiorun.com\/de\/#organization","name":"MioMio Run","url":"https:\/\/www.miomiorun.com\/de\/","logo":{"@type":"ImageObject","inLanguage":"de-DE","@id":"https:\/\/www.miomiorun.com\/de\/#\/schema\/logo\/image\/","url":"https:\/\/www.miomiorun.com\/app\/uploads\/2019\/12\/logomio.png","contentUrl":"https:\/\/www.miomiorun.com\/app\/uploads\/2019\/12\/logomio.png","width":115,"height":82,"caption":"MioMio Run"},"image":{"@id":"https:\/\/www.miomiorun.com\/de\/#\/schema\/logo\/image\/"},"sameAs":["https:\/\/www.facebook.com\/miomiorun\/","https:\/\/www.instagram.com\/miomiorun\/"]}]}},"_links":{"self":[{"href":"https:\/\/www.miomiorun.com\/de\/wp-json\/wp\/v2\/product\/309534","targetHints":{"allow":["GET"]}}],"collection":[{"href":"https:\/\/www.miomiorun.com\/de\/wp-json\/wp\/v2\/product"}],"about":[{"href":"https:\/\/www.miomiorun.com\/de\/wp-json\/wp\/v2\/types\/product"}],"wp:featuredmedia":[{"embeddable":true,"href":"https:\/\/www.miomiorun.com\/de\/wp-json\/wp\/v2\/media\/427731"}],"wp:attachment":[{"href":"https:\/\/www.miomiorun.com\/de\/wp-json\/wp\/v2\/media?parent=309534"}],"wp:term":[{"taxonomy":"product_brand","embeddable":true,"href":"https:\/\/www.miomiorun.com\/de\/wp-json\/wp\/v2\/product_brand?post=309534"},{"taxonomy":"product_cat","embeddable":true,"href":"https:\/\/www.miomiorun.com\/de\/wp-json\/wp\/v2\/product_cat?post=309534"},{"taxonomy":"product_tag","embeddable":true,"href":"https:\/\/www.miomiorun.com\/de\/wp-json\/wp\/v2\/product_tag?post=309534"}],"curies":[{"name":"wp","href":"https:\/\/api.w.org\/{rel}","templated":true}]}}