{"id":309066,"date":"2025-05-02T17:08:55","date_gmt":"2025-05-02T15:08:55","guid":{"rendered":"https:\/\/miomiorun.com\/?post_type=product&#038;p=309066"},"modified":"2026-04-12T12:31:49","modified_gmt":"2026-04-12T10:31:49","slug":"infinite-elite-2-damen","status":"publish","type":"product","link":"https:\/\/www.miomiorun.com\/de\/produkt\/infinite-elite-2-damen\/","title":{"rendered":"Infinite Elite 2 damen"},"content":{"rendered":"<div class=\"vc-row container\"><div class=\"vc-column\"><div class=\"vc-column-text\"><\/p>\n<h4>Technische Daten<\/h4>\n<p>Kategorie: Super ged\u00e4mpft<br \/>\nOffset: 8 mm<br \/>\nGewicht: 238 g<br \/>\nIdeal f\u00fcr: passionierte L\u00e4ufer und Profis, die einen fortschrittlichen Schuh suchen, um ihre Leistung zu verbessern, der Komfort, Halt und Reaktionsf\u00e4higkeit w\u00e4hrend des Trainings und bei Wettk\u00e4mpfen bietet.<br \/>\nGewicht des Athleten: &gt; 70 kg<br \/>\nLaufgeschwindigkeit: &gt; 5,30 min\/km<br \/>\n<a href=\"https:\/\/miomiorun.com\/guida-alle-specifiche-tecniche\/\">Leitfaden zu den technischen Daten<\/a><\/p>\n<p><\/div><\/div><div class=\"vc-column\"><div class=\"vc-column-text\">Die <strong>UA Infinite Elite 2 Laufschuhe f\u00fcr Damen<\/strong> sind der Gipfel der Innovation im Laufsport und wurden entwickelt, um ein unvergleichliches Lauferlebnis zu bieten. Das Adaptive UA IntelliKnit-Obermaterial sorgt f\u00fcr eine individuelle Passform und umh\u00fcllt den Fu\u00df mit Mikrodetails und Texturen, die f\u00fcr optimalen Komfort und Stabilit\u00e4t sorgen. Diese Technologie h\u00e4lt den Fu\u00df in Position, sodass Sie Ihre Grenzen \u00fcberschreiten k\u00f6nnen.<\/p>\n<p>Die UA HOVR+-D\u00e4mpfung wurde verbessert, um die Elastizit\u00e4t zu erh\u00f6hen und bei jedem Schritt Energie zur\u00fcckzugeben, wodurch die Belastung reduziert und ein effizienteres Laufen gef\u00f6rdert wird. Das abgeschr\u00e4gte Fersendesign reduziert nicht nur die Bodenaufprallkraft, sondern verbessert auch die allgemeine Stabilit\u00e4t und sorgt f\u00fcr weichere und sicherere Landungen.<\/p>\n<p>Die leichte Thinweb-Gummisohle wurde entwickelt, um Haltbarkeit und Energier\u00fcckgabe dort zu bieten, wo sie ben\u00f6tigt wird, und sorgt f\u00fcr hervorragende Traktion auf verschiedenen Oberfl\u00e4chen. Mit einem Gef\u00e4lle von 8 mm und einem Gewicht von 326 g sind diese Schuhe ideal f\u00fcr L\u00e4ufer, die die richtige Balance zwischen Flexibilit\u00e4t und D\u00e4mpfung suchen.<\/p>\n<p>Dar\u00fcber hinaus umschlie\u00dft die 3D-geformte Einlegesohle den Fu\u00df f\u00fcr eine noch bequemere Passform, w\u00e4hrend der TPU-Fersenclip zus\u00e4tzliche Unterst\u00fctzung und Stabilit\u00e4t bietet und dank der asymmetrischen Zuglasche das Anziehen erleichtert.<\/p>\n<p>Mit dem UA Infinite Elite 2 wird jeder Lauf zu einem unvergleichlichen Erlebnis, denn er kombiniert fortschrittliche Technologie und ergonomisches Design, um Ihre Leistung optimal zu unterst\u00fctzen. <\/div><\/div><\/div>\n","protected":false},"excerpt":{"rendered":"<ul>\n<li>UA HOVR+ D\u00e4mpfung f\u00fcr mehr Elastizit\u00e4t und Energier\u00fcckgabe.<\/li>\n<li>Adaptive UA IntelliKnit-Obermaterial f\u00fcr eine individuelle und stabile Passform.<\/li>\n<li>Abgeschr\u00e4gtes Fersendesign, das St\u00f6\u00dfe reduziert und die Stabilit\u00e4t verbessert.<\/li>\n<\/ul>\n","protected":false},"featured_media":429369,"template":"","meta":{"_acf_changed":false,"inline_featured_image":false},"product_brand":[],"product_cat":[6474,6475],"product_tag":[20482,20495],"class_list":{"0":"post-309066","1":"product","2":"type-product","3":"status-publish","4":"has-post-thumbnail","6":"product_cat-damenschuhe","7":"product_cat-neutral","8":"product_tag-under-armour-de","9":"product_tag-under-armour-damen","10":"pa_attivita-gehen","11":"pa_attivita-lifestyle-de","12":"pa_attivita-running-de","13":"pa_colore-infinite-elite-2-w-blue-calm-anthracite-de","14":"pa_colore-infinite-elite-2-w-halo-gray-stream-de","15":"pa_marca-under-armour-de","16":"pa_sesso-damen","17":"pa_size-37-5-de","18":"pa_size-38-de","19":"pa_size-38-5-de","20":"pa_size-39-de","21":"pa_size-40-de","22":"pa_size-40-5-de","23":"pa_size-41-de","25":"first","26":"instock","27":"sale","28":"taxable","29":"shipping-taxable","30":"purchasable","31":"product-type-variable","32":"wvs-archive-product-wrapper"},"acf":[],"yoast_head":"<!-- This site is optimized with the Yoast SEO plugin v26.8 - https:\/\/yoast.com\/product\/yoast-seo-wordpress\/ -->\n<title>Under Armour Infinite Elite 2 damen - Laufschuhe - MioMioRun .com<\/title>\n<meta name=\"description\" content=\"UA Infinite Elite 2 Laufschuhe f\u00fcr Damen: UA HOVR+ D\u00e4mpfung, Adaptive UA IntelliKnit Obermaterial, abgeschr\u00e4gtes Fersendesign f\u00fcr ein \u00fcberragendes Laufgef\u00fchl.\" \/>\n<meta name=\"robots\" content=\"index, follow, max-snippet:-1, max-image-preview:large, max-video-preview:-1\" \/>\n<link rel=\"canonical\" href=\"https:\/\/www.miomiorun.com\/de\/produkt\/infinite-elite-2-damen\/\" \/>\n<meta property=\"og:locale\" content=\"de_DE\" \/>\n<meta property=\"og:type\" content=\"article\" \/>\n<meta property=\"og:title\" content=\"Under Armour Infinite Elite 2 damen - Laufschuhe - MioMioRun .com\" \/>\n<meta property=\"og:description\" content=\"UA Infinite Elite 2 Laufschuhe f\u00fcr Damen: UA HOVR+ D\u00e4mpfung, Adaptive UA IntelliKnit Obermaterial, abgeschr\u00e4gtes Fersendesign f\u00fcr ein \u00fcberragendes Laufgef\u00fchl.\" \/>\n<meta property=\"og:url\" content=\"https:\/\/www.miomiorun.com\/de\/produkt\/infinite-elite-2-damen\/\" \/>\n<meta property=\"og:site_name\" content=\"MioMioRun\" \/>\n<meta property=\"article:publisher\" content=\"https:\/\/www.facebook.com\/miomiorun\/\" \/>\n<meta property=\"article:modified_time\" content=\"2026-04-12T10:31:49+00:00\" \/>\n<meta property=\"og:image\" content=\"https:\/\/www.miomiorun.com\/app\/uploads\/2025\/05\/under-armour-Infinite-Elite-2-W-halo-gray-stream-3028178-0014.webp\" \/>\n\t<meta property=\"og:image:width\" content=\"600\" \/>\n\t<meta property=\"og:image:height\" content=\"600\" \/>\n\t<meta property=\"og:image:type\" content=\"image\/webp\" \/>\n<meta name=\"twitter:card\" content=\"summary_large_image\" \/>\n<meta name=\"twitter:label1\" content=\"Est. reading time\" \/>\n\t<meta name=\"twitter:data1\" content=\"3 minutes\" \/>\n<script type=\"application\/ld+json\" class=\"yoast-schema-graph\">{\"@context\":\"https:\/\/schema.org\",\"@graph\":[{\"@type\":\"WebPage\",\"@id\":\"https:\/\/www.miomiorun.com\/de\/produkt\/infinite-elite-2-damen\/\",\"url\":\"https:\/\/www.miomiorun.com\/de\/produkt\/infinite-elite-2-damen\/\",\"name\":\"Under Armour Infinite Elite 2 damen - Laufschuhe - MioMioRun .com\",\"isPartOf\":{\"@id\":\"https:\/\/www.miomiorun.com\/de\/#website\"},\"primaryImageOfPage\":{\"@id\":\"https:\/\/www.miomiorun.com\/de\/produkt\/infinite-elite-2-damen\/#primaryimage\"},\"image\":{\"@id\":\"https:\/\/www.miomiorun.com\/de\/produkt\/infinite-elite-2-damen\/#primaryimage\"},\"thumbnailUrl\":\"https:\/\/www.miomiorun.com\/app\/uploads\/2026\/04\/under-armour-INFINITE-ELITE-2-W-HALO-GRAY-STREAM-3028178-0014.webp\",\"datePublished\":\"2025-05-02T15:08:55+00:00\",\"dateModified\":\"2026-04-12T10:31:49+00:00\",\"description\":\"UA Infinite Elite 2 Laufschuhe f\u00fcr Damen: UA HOVR+ D\u00e4mpfung, Adaptive UA IntelliKnit Obermaterial, abgeschr\u00e4gtes Fersendesign f\u00fcr ein \u00fcberragendes Laufgef\u00fchl.\",\"breadcrumb\":{\"@id\":\"https:\/\/www.miomiorun.com\/de\/produkt\/infinite-elite-2-damen\/#breadcrumb\"},\"inLanguage\":\"de-DE\",\"potentialAction\":[{\"@type\":\"ReadAction\",\"target\":[\"https:\/\/www.miomiorun.com\/de\/produkt\/infinite-elite-2-damen\/\"]}]},{\"@type\":\"ImageObject\",\"inLanguage\":\"de-DE\",\"@id\":\"https:\/\/www.miomiorun.com\/de\/produkt\/infinite-elite-2-damen\/#primaryimage\",\"url\":\"https:\/\/www.miomiorun.com\/app\/uploads\/2026\/04\/under-armour-INFINITE-ELITE-2-W-HALO-GRAY-STREAM-3028178-0014.webp\",\"contentUrl\":\"https:\/\/www.miomiorun.com\/app\/uploads\/2026\/04\/under-armour-INFINITE-ELITE-2-W-HALO-GRAY-STREAM-3028178-0014.webp\",\"width\":720,\"height\":720,\"caption\":\"under armour INFINITE ELITE 2 W HALO GRAY STREAM 3028178 0014\"},{\"@type\":\"BreadcrumbList\",\"@id\":\"https:\/\/www.miomiorun.com\/de\/produkt\/infinite-elite-2-damen\/#breadcrumb\",\"itemListElement\":[{\"@type\":\"ListItem\",\"position\":1,\"name\":\"Home\",\"item\":\"https:\/\/www.miomiorun.com\/de\/\"},{\"@type\":\"ListItem\",\"position\":2,\"name\":\"Shop\",\"item\":\"https:\/\/www.miomiorun.com\/shop\/\"},{\"@type\":\"ListItem\",\"position\":3,\"name\":\"Infinite Elite 2 damen\"}]},{\"@type\":\"WebSite\",\"@id\":\"https:\/\/www.miomiorun.com\/de\/#website\",\"url\":\"https:\/\/www.miomiorun.com\/de\/\",\"name\":\"MioMioRun\",\"description\":\"100% Lauf- und Trailshop\",\"publisher\":{\"@id\":\"https:\/\/www.miomiorun.com\/de\/#organization\"},\"potentialAction\":[{\"@type\":\"SearchAction\",\"target\":{\"@type\":\"EntryPoint\",\"urlTemplate\":\"https:\/\/www.miomiorun.com\/de\/?s={search_term_string}\"},\"query-input\":{\"@type\":\"PropertyValueSpecification\",\"valueRequired\":true,\"valueName\":\"search_term_string\"}}],\"inLanguage\":\"de-DE\"},{\"@type\":\"Organization\",\"@id\":\"https:\/\/www.miomiorun.com\/de\/#organization\",\"name\":\"MioMio Run\",\"url\":\"https:\/\/www.miomiorun.com\/de\/\",\"logo\":{\"@type\":\"ImageObject\",\"inLanguage\":\"de-DE\",\"@id\":\"https:\/\/www.miomiorun.com\/de\/#\/schema\/logo\/image\/\",\"url\":\"https:\/\/www.miomiorun.com\/app\/uploads\/2019\/12\/logomio.png\",\"contentUrl\":\"https:\/\/www.miomiorun.com\/app\/uploads\/2019\/12\/logomio.png\",\"width\":115,\"height\":82,\"caption\":\"MioMio Run\"},\"image\":{\"@id\":\"https:\/\/www.miomiorun.com\/de\/#\/schema\/logo\/image\/\"},\"sameAs\":[\"https:\/\/www.facebook.com\/miomiorun\/\",\"https:\/\/www.instagram.com\/miomiorun\/\"]}]}<\/script>\n<!-- \/ Yoast SEO plugin. -->","yoast_head_json":{"title":"Under Armour Infinite Elite 2 damen - Laufschuhe - MioMioRun .com","description":"UA Infinite Elite 2 Laufschuhe f\u00fcr Damen: UA HOVR+ D\u00e4mpfung, Adaptive UA IntelliKnit Obermaterial, abgeschr\u00e4gtes Fersendesign f\u00fcr ein \u00fcberragendes Laufgef\u00fchl.","robots":{"index":"index","follow":"follow","max-snippet":"max-snippet:-1","max-image-preview":"max-image-preview:large","max-video-preview":"max-video-preview:-1"},"canonical":"https:\/\/www.miomiorun.com\/de\/produkt\/infinite-elite-2-damen\/","og_locale":"de_DE","og_type":"article","og_title":"Under Armour Infinite Elite 2 damen - Laufschuhe - MioMioRun .com","og_description":"UA Infinite Elite 2 Laufschuhe f\u00fcr Damen: UA HOVR+ D\u00e4mpfung, Adaptive UA IntelliKnit Obermaterial, abgeschr\u00e4gtes Fersendesign f\u00fcr ein \u00fcberragendes Laufgef\u00fchl.","og_url":"https:\/\/www.miomiorun.com\/de\/produkt\/infinite-elite-2-damen\/","og_site_name":"MioMioRun","article_publisher":"https:\/\/www.facebook.com\/miomiorun\/","article_modified_time":"2026-04-12T10:31:49+00:00","og_image":[{"width":600,"height":600,"url":"https:\/\/www.miomiorun.com\/app\/uploads\/2025\/05\/under-armour-Infinite-Elite-2-W-halo-gray-stream-3028178-0014.webp","type":"image\/webp"}],"twitter_card":"summary_large_image","twitter_misc":{"Est. reading time":"3 minutes"},"schema":{"@context":"https:\/\/schema.org","@graph":[{"@type":"WebPage","@id":"https:\/\/www.miomiorun.com\/de\/produkt\/infinite-elite-2-damen\/","url":"https:\/\/www.miomiorun.com\/de\/produkt\/infinite-elite-2-damen\/","name":"Under Armour Infinite Elite 2 damen - Laufschuhe - MioMioRun .com","isPartOf":{"@id":"https:\/\/www.miomiorun.com\/de\/#website"},"primaryImageOfPage":{"@id":"https:\/\/www.miomiorun.com\/de\/produkt\/infinite-elite-2-damen\/#primaryimage"},"image":{"@id":"https:\/\/www.miomiorun.com\/de\/produkt\/infinite-elite-2-damen\/#primaryimage"},"thumbnailUrl":"https:\/\/www.miomiorun.com\/app\/uploads\/2026\/04\/under-armour-INFINITE-ELITE-2-W-HALO-GRAY-STREAM-3028178-0014.webp","datePublished":"2025-05-02T15:08:55+00:00","dateModified":"2026-04-12T10:31:49+00:00","description":"UA Infinite Elite 2 Laufschuhe f\u00fcr Damen: UA HOVR+ D\u00e4mpfung, Adaptive UA IntelliKnit Obermaterial, abgeschr\u00e4gtes Fersendesign f\u00fcr ein \u00fcberragendes Laufgef\u00fchl.","breadcrumb":{"@id":"https:\/\/www.miomiorun.com\/de\/produkt\/infinite-elite-2-damen\/#breadcrumb"},"inLanguage":"de-DE","potentialAction":[{"@type":"ReadAction","target":["https:\/\/www.miomiorun.com\/de\/produkt\/infinite-elite-2-damen\/"]}]},{"@type":"ImageObject","inLanguage":"de-DE","@id":"https:\/\/www.miomiorun.com\/de\/produkt\/infinite-elite-2-damen\/#primaryimage","url":"https:\/\/www.miomiorun.com\/app\/uploads\/2026\/04\/under-armour-INFINITE-ELITE-2-W-HALO-GRAY-STREAM-3028178-0014.webp","contentUrl":"https:\/\/www.miomiorun.com\/app\/uploads\/2026\/04\/under-armour-INFINITE-ELITE-2-W-HALO-GRAY-STREAM-3028178-0014.webp","width":720,"height":720,"caption":"under armour INFINITE ELITE 2 W HALO GRAY STREAM 3028178 0014"},{"@type":"BreadcrumbList","@id":"https:\/\/www.miomiorun.com\/de\/produkt\/infinite-elite-2-damen\/#breadcrumb","itemListElement":[{"@type":"ListItem","position":1,"name":"Home","item":"https:\/\/www.miomiorun.com\/de\/"},{"@type":"ListItem","position":2,"name":"Shop","item":"https:\/\/www.miomiorun.com\/shop\/"},{"@type":"ListItem","position":3,"name":"Infinite Elite 2 damen"}]},{"@type":"WebSite","@id":"https:\/\/www.miomiorun.com\/de\/#website","url":"https:\/\/www.miomiorun.com\/de\/","name":"MioMioRun","description":"100% Lauf- und Trailshop","publisher":{"@id":"https:\/\/www.miomiorun.com\/de\/#organization"},"potentialAction":[{"@type":"SearchAction","target":{"@type":"EntryPoint","urlTemplate":"https:\/\/www.miomiorun.com\/de\/?s={search_term_string}"},"query-input":{"@type":"PropertyValueSpecification","valueRequired":true,"valueName":"search_term_string"}}],"inLanguage":"de-DE"},{"@type":"Organization","@id":"https:\/\/www.miomiorun.com\/de\/#organization","name":"MioMio Run","url":"https:\/\/www.miomiorun.com\/de\/","logo":{"@type":"ImageObject","inLanguage":"de-DE","@id":"https:\/\/www.miomiorun.com\/de\/#\/schema\/logo\/image\/","url":"https:\/\/www.miomiorun.com\/app\/uploads\/2019\/12\/logomio.png","contentUrl":"https:\/\/www.miomiorun.com\/app\/uploads\/2019\/12\/logomio.png","width":115,"height":82,"caption":"MioMio Run"},"image":{"@id":"https:\/\/www.miomiorun.com\/de\/#\/schema\/logo\/image\/"},"sameAs":["https:\/\/www.facebook.com\/miomiorun\/","https:\/\/www.instagram.com\/miomiorun\/"]}]}},"_links":{"self":[{"href":"https:\/\/www.miomiorun.com\/de\/wp-json\/wp\/v2\/product\/309066","targetHints":{"allow":["GET"]}}],"collection":[{"href":"https:\/\/www.miomiorun.com\/de\/wp-json\/wp\/v2\/product"}],"about":[{"href":"https:\/\/www.miomiorun.com\/de\/wp-json\/wp\/v2\/types\/product"}],"wp:featuredmedia":[{"embeddable":true,"href":"https:\/\/www.miomiorun.com\/de\/wp-json\/wp\/v2\/media\/429369"}],"wp:attachment":[{"href":"https:\/\/www.miomiorun.com\/de\/wp-json\/wp\/v2\/media?parent=309066"}],"wp:term":[{"taxonomy":"product_brand","embeddable":true,"href":"https:\/\/www.miomiorun.com\/de\/wp-json\/wp\/v2\/product_brand?post=309066"},{"taxonomy":"product_cat","embeddable":true,"href":"https:\/\/www.miomiorun.com\/de\/wp-json\/wp\/v2\/product_cat?post=309066"},{"taxonomy":"product_tag","embeddable":true,"href":"https:\/\/www.miomiorun.com\/de\/wp-json\/wp\/v2\/product_tag?post=309066"}],"curies":[{"name":"wp","href":"https:\/\/api.w.org\/{rel}","templated":true}]}}