{"id":308002,"date":"2025-04-23T16:42:30","date_gmt":"2025-04-23T14:42:30","guid":{"rendered":"https:\/\/miomiorun.com\/?post_type=product&#038;p=308002"},"modified":"2025-10-30T11:38:08","modified_gmt":"2025-10-30T10:38:08","slug":"antelope-3-0-shorts-damen","status":"publish","type":"product","link":"https:\/\/www.miomiorun.com\/de\/produkt\/antelope-3-0-shorts-damen\/","title":{"rendered":"Antelope 3.0 shorts damen"},"content":{"rendered":"<p class=\"\" data-start=\"243\" data-end=\"622\">Die neue Version 3.0 unseres Bestsellers ist da: <strong data-start=\"295\" data-end=\"315\">Die Antelope 3.0<\/strong> wurden \u00fcberarbeitet, um dir noch mehr Bewegungsfreiheit und Komfort beim Laufen in der Stadt und auf Trails zu bieten. Mit einer <strong data-start=\"462\" data-end=\"496\">etwas gr\u00f6\u00dferen L\u00e4nge<\/strong> und einer bequemen <strong data-start=\"509\" data-end=\"542\">2-in-1-Innenhose<\/strong> sind sie die ideale Wahl f\u00fcr L\u00e4ufer und Trailrunner, die keine Kompromisse eingehen wollen.<\/p>\n<p class=\"\" data-start=\"624\" data-end=\"794\">Sie eignen sich perfekt f\u00fcr Wettk\u00e4mpfe, intensives Training oder lange Ausfl\u00fcge in die Natur und verbinden <strong data-start=\"703\" data-end=\"746\">Leichtigkeit, Atmungsaktivit\u00e4t und Widerstandsf\u00e4higkeit<\/strong> mit einem minimalistischen und zugleich technischen Look.<\/p>\n<h3 class=\"\" data-start=\"801\" data-end=\"834\"><strong data-start=\"805\" data-end=\"834\">Technische Eigenschaften:<\/strong><\/h3>\n<ul data-start=\"835\" data-end=\"1379\">\n<li class=\"\" data-start=\"835\" data-end=\"960\">\n<p class=\"\" data-start=\"837\" data-end=\"960\"><strong data-start=\"837\" data-end=\"863\">Eng anliegende Innenhose<\/strong> mit umgekehrten, scheuerfreien N\u00e4hten f\u00fcr optimalen Komfort auch nach vielen Kilometern.\n<\/p>\n<\/li>\n<li class=\"\" data-start=\"961\" data-end=\"1104\">\n<p class=\"\" data-start=\"963\" data-end=\"1104\"><strong data-start=\"963\" data-end=\"986\">Intelligente Taschen<\/strong>: insgesamt 3 \u2013 2 seitliche Taschen (eine mit YKK-Rei\u00dfverschluss) f\u00fcr Gels oder Riegel und 1 hintere Tasche mit YKK-Rei\u00dfverschluss f\u00fcr Schl\u00fcssel oder Smartphone. <\/p>\n<\/li>\n<li class=\"\" data-start=\"1105\" data-end=\"1187\">\n<p class=\"\" data-start=\"1107\" data-end=\"1187\"><strong data-start=\"1107\" data-end=\"1125\">Europ\u00e4isches Design<\/strong>: ergonomischer Schnitt, in Italien entwickelt, in der Sahara getestet. <\/p>\n<\/li>\n<li class=\"\" data-start=\"1188\" data-end=\"1272\">\n<p class=\"\" data-start=\"1190\" data-end=\"1272\"><strong data-start=\"1190\" data-end=\"1210\">Reflektierendes Logo<\/strong> f\u00fcr gute Sichtbarkeit auch bei schlechten Lichtverh\u00e4ltnissen. <\/p>\n<\/li>\n<li class=\"\" data-start=\"1273\" data-end=\"1342\">\n<p class=\"\" data-start=\"1275\" data-end=\"1342\"><strong data-start=\"1275\" data-end=\"1297\">Verstellbarer Kordelzug<\/strong> in Ton-in-Ton-Farbe mit Wild Tee-Logo. <\/p>\n<\/li>\n<li class=\"\" data-start=\"1343\" data-end=\"1379\">\n<p class=\"\" data-start=\"1345\" data-end=\"1379\"><strong data-start=\"1345\" data-end=\"1366\">Extrem leicht<\/strong>: nur 110 g. <\/p>\n<\/li>\n<\/ul>\n<h3 class=\"\" data-start=\"1386\" data-end=\"1412\"><strong data-start=\"1390\" data-end=\"1412\">Warum Sie sich f\u00fcr sie entscheiden sollten:<\/strong><\/h3>\n<p class=\"\" data-start=\"1413\" data-end=\"1601\">Wenn Sie auf der Suche nach einer technischen, atmungsaktiven und funktionellen Laufhose mit einem Hauch von Wild Tee-Stil sind, ist die <strong data-start=\"1516\" data-end=\"1532\">Antelope 3.0<\/strong> der perfekte Trainingspartner f\u00fcr jede entschlossene L\u00e4uferin. <\/p>\n<p class=\"\" data-start=\"1603\" data-end=\"1653\"><\/p>\n","protected":false},"excerpt":{"rendered":"<ul data-start=\"835\" data-end=\"1379\">\n<li class=\"\" data-start=\"835\" data-end=\"960\">\n<p class=\"\" data-start=\"837\" data-end=\"960\">Eng anliegende Innenhose<\/p>\n<\/li>\n<li class=\"\" data-start=\"961\" data-end=\"1104\">\n<p class=\"\" data-start=\"963\" data-end=\"1104\">Intelligente Taschen<\/p>\n<\/li>\n<li class=\"\" data-start=\"1105\" data-end=\"1187\">\n<p class=\"\" data-start=\"1107\" data-end=\"1187\">Europ\u00e4isches Design<\/p>\n<\/li>\n<\/ul>\n","protected":false},"featured_media":308491,"template":"","meta":{"_acf_changed":false,"inline_featured_image":false},"product_brand":[],"product_cat":[6401,6488],"product_tag":[3399,6288],"class_list":{"0":"post-308002","1":"product","2":"type-product","3":"status-publish","4":"has-post-thumbnail","6":"product_cat-damenbekleidung","7":"product_cat-damenshorts-de","8":"product_tag-wild-tee-de","9":"product_tag-wild-tee-damen-de","10":"pa_attivita-gehen","11":"pa_attivita-running-de","12":"pa_attivita-trail-de","13":"pa_colore-antelope-3-0-w-black-de","14":"pa_colore-antelope-3-0-w-fallen-rock","15":"pa_colore-antelope-3-0-w-green-bay-de","16":"pa_marca-wild-tee-de","17":"pa_sesso-damen","18":"pa_size-extra-small-de","19":"pa_size-small-de","20":"pa_size-medium-de","21":"pa_size-large-de","23":"first","24":"instock","25":"sale","26":"taxable","27":"shipping-taxable","28":"purchasable","29":"product-type-variable","30":"wvs-archive-product-wrapper"},"acf":[],"yoast_head":"<!-- This site is optimized with the Yoast SEO plugin v26.8 - https:\/\/yoast.com\/product\/yoast-seo-wordpress\/ -->\n<title>Wild Tee Antelope 3.0 shorts damen - Damen-Shorts- MioMioRun<\/title>\n<meta name=\"description\" content=\"Entdecken Sie die Antelope 3.0 Lauf- und Trailshorts f\u00fcr Damen: leicht, atmungsaktiv und mit eng anliegender 2-in-1-Innenhose. Entdecken Sie sie mit uns.\" \/>\n<meta name=\"robots\" content=\"index, follow, max-snippet:-1, max-image-preview:large, max-video-preview:-1\" \/>\n<link rel=\"canonical\" href=\"https:\/\/www.miomiorun.com\/de\/produkt\/antelope-3-0-shorts-damen\/\" \/>\n<meta property=\"og:locale\" content=\"de_DE\" \/>\n<meta property=\"og:type\" content=\"article\" \/>\n<meta property=\"og:title\" content=\"Wild Tee Antelope 3.0 shorts damen - Damen-Shorts- MioMioRun\" \/>\n<meta property=\"og:description\" content=\"Entdecken Sie die Antelope 3.0 Lauf- und Trailshorts f\u00fcr Damen: leicht, atmungsaktiv und mit eng anliegender 2-in-1-Innenhose. Entdecken Sie sie mit uns.\" \/>\n<meta property=\"og:url\" content=\"https:\/\/www.miomiorun.com\/de\/produkt\/antelope-3-0-shorts-damen\/\" \/>\n<meta property=\"og:site_name\" content=\"MioMioRun\" \/>\n<meta property=\"article:publisher\" content=\"https:\/\/www.facebook.com\/miomiorun\/\" \/>\n<meta property=\"article:modified_time\" content=\"2025-10-30T10:38:08+00:00\" \/>\n<meta property=\"og:image\" content=\"https:\/\/www.miomiorun.com\/app\/uploads\/2025\/04\/wild-tee-Antelope-3.0-W-green-bay-WT210WT08.webp\" \/>\n\t<meta property=\"og:image:width\" content=\"600\" \/>\n\t<meta property=\"og:image:height\" content=\"600\" \/>\n\t<meta property=\"og:image:type\" content=\"image\/webp\" \/>\n<meta name=\"twitter:card\" content=\"summary_large_image\" \/>\n<meta name=\"twitter:label1\" content=\"Est. reading time\" \/>\n\t<meta name=\"twitter:data1\" content=\"1 minute\" \/>\n<script type=\"application\/ld+json\" class=\"yoast-schema-graph\">{\"@context\":\"https:\/\/schema.org\",\"@graph\":[{\"@type\":\"WebPage\",\"@id\":\"https:\/\/www.miomiorun.com\/de\/produkt\/antelope-3-0-shorts-damen\/\",\"url\":\"https:\/\/www.miomiorun.com\/de\/produkt\/antelope-3-0-shorts-damen\/\",\"name\":\"Wild Tee Antelope 3.0 shorts damen - Damen-Shorts- MioMioRun\",\"isPartOf\":{\"@id\":\"https:\/\/www.miomiorun.com\/de\/#website\"},\"primaryImageOfPage\":{\"@id\":\"https:\/\/www.miomiorun.com\/de\/produkt\/antelope-3-0-shorts-damen\/#primaryimage\"},\"image\":{\"@id\":\"https:\/\/www.miomiorun.com\/de\/produkt\/antelope-3-0-shorts-damen\/#primaryimage\"},\"thumbnailUrl\":\"https:\/\/www.miomiorun.com\/app\/uploads\/2025\/04\/wild-tee-Antelope-3.0-W-green-bay-WT210WT08.webp\",\"datePublished\":\"2025-04-23T14:42:30+00:00\",\"dateModified\":\"2025-10-30T10:38:08+00:00\",\"description\":\"Entdecken Sie die Antelope 3.0 Lauf- und Trailshorts f\u00fcr Damen: leicht, atmungsaktiv und mit eng anliegender 2-in-1-Innenhose. Entdecken Sie sie mit uns.\",\"breadcrumb\":{\"@id\":\"https:\/\/www.miomiorun.com\/de\/produkt\/antelope-3-0-shorts-damen\/#breadcrumb\"},\"inLanguage\":\"de-DE\",\"potentialAction\":[{\"@type\":\"ReadAction\",\"target\":[\"https:\/\/www.miomiorun.com\/de\/produkt\/antelope-3-0-shorts-damen\/\"]}]},{\"@type\":\"ImageObject\",\"inLanguage\":\"de-DE\",\"@id\":\"https:\/\/www.miomiorun.com\/de\/produkt\/antelope-3-0-shorts-damen\/#primaryimage\",\"url\":\"https:\/\/www.miomiorun.com\/app\/uploads\/2025\/04\/wild-tee-Antelope-3.0-W-green-bay-WT210WT08.webp\",\"contentUrl\":\"https:\/\/www.miomiorun.com\/app\/uploads\/2025\/04\/wild-tee-Antelope-3.0-W-green-bay-WT210WT08.webp\",\"width\":600,\"height\":600,\"caption\":\"wild tee Antelope 3.0 W green bay WT210WT08\"},{\"@type\":\"BreadcrumbList\",\"@id\":\"https:\/\/www.miomiorun.com\/de\/produkt\/antelope-3-0-shorts-damen\/#breadcrumb\",\"itemListElement\":[{\"@type\":\"ListItem\",\"position\":1,\"name\":\"Home\",\"item\":\"https:\/\/www.miomiorun.com\/de\/\"},{\"@type\":\"ListItem\",\"position\":2,\"name\":\"Shop\",\"item\":\"https:\/\/www.miomiorun.com\/shop\/\"},{\"@type\":\"ListItem\",\"position\":3,\"name\":\"Antelope 3.0 shorts damen\"}]},{\"@type\":\"WebSite\",\"@id\":\"https:\/\/www.miomiorun.com\/de\/#website\",\"url\":\"https:\/\/www.miomiorun.com\/de\/\",\"name\":\"MioMioRun\",\"description\":\"100% Lauf- und Trailshop\",\"publisher\":{\"@id\":\"https:\/\/www.miomiorun.com\/de\/#organization\"},\"potentialAction\":[{\"@type\":\"SearchAction\",\"target\":{\"@type\":\"EntryPoint\",\"urlTemplate\":\"https:\/\/www.miomiorun.com\/de\/?s={search_term_string}\"},\"query-input\":{\"@type\":\"PropertyValueSpecification\",\"valueRequired\":true,\"valueName\":\"search_term_string\"}}],\"inLanguage\":\"de-DE\"},{\"@type\":\"Organization\",\"@id\":\"https:\/\/www.miomiorun.com\/de\/#organization\",\"name\":\"MioMio Run\",\"url\":\"https:\/\/www.miomiorun.com\/de\/\",\"logo\":{\"@type\":\"ImageObject\",\"inLanguage\":\"de-DE\",\"@id\":\"https:\/\/www.miomiorun.com\/de\/#\/schema\/logo\/image\/\",\"url\":\"https:\/\/www.miomiorun.com\/app\/uploads\/2019\/12\/logomio.png\",\"contentUrl\":\"https:\/\/www.miomiorun.com\/app\/uploads\/2019\/12\/logomio.png\",\"width\":115,\"height\":82,\"caption\":\"MioMio Run\"},\"image\":{\"@id\":\"https:\/\/www.miomiorun.com\/de\/#\/schema\/logo\/image\/\"},\"sameAs\":[\"https:\/\/www.facebook.com\/miomiorun\/\",\"https:\/\/www.instagram.com\/miomiorun\/\"]}]}<\/script>\n<!-- \/ Yoast SEO plugin. -->","yoast_head_json":{"title":"Wild Tee Antelope 3.0 shorts damen - Damen-Shorts- MioMioRun","description":"Entdecken Sie die Antelope 3.0 Lauf- und Trailshorts f\u00fcr Damen: leicht, atmungsaktiv und mit eng anliegender 2-in-1-Innenhose. Entdecken Sie sie mit uns.","robots":{"index":"index","follow":"follow","max-snippet":"max-snippet:-1","max-image-preview":"max-image-preview:large","max-video-preview":"max-video-preview:-1"},"canonical":"https:\/\/www.miomiorun.com\/de\/produkt\/antelope-3-0-shorts-damen\/","og_locale":"de_DE","og_type":"article","og_title":"Wild Tee Antelope 3.0 shorts damen - Damen-Shorts- MioMioRun","og_description":"Entdecken Sie die Antelope 3.0 Lauf- und Trailshorts f\u00fcr Damen: leicht, atmungsaktiv und mit eng anliegender 2-in-1-Innenhose. Entdecken Sie sie mit uns.","og_url":"https:\/\/www.miomiorun.com\/de\/produkt\/antelope-3-0-shorts-damen\/","og_site_name":"MioMioRun","article_publisher":"https:\/\/www.facebook.com\/miomiorun\/","article_modified_time":"2025-10-30T10:38:08+00:00","og_image":[{"width":600,"height":600,"url":"https:\/\/www.miomiorun.com\/app\/uploads\/2025\/04\/wild-tee-Antelope-3.0-W-green-bay-WT210WT08.webp","type":"image\/webp"}],"twitter_card":"summary_large_image","twitter_misc":{"Est. reading time":"1 minute"},"schema":{"@context":"https:\/\/schema.org","@graph":[{"@type":"WebPage","@id":"https:\/\/www.miomiorun.com\/de\/produkt\/antelope-3-0-shorts-damen\/","url":"https:\/\/www.miomiorun.com\/de\/produkt\/antelope-3-0-shorts-damen\/","name":"Wild Tee Antelope 3.0 shorts damen - Damen-Shorts- MioMioRun","isPartOf":{"@id":"https:\/\/www.miomiorun.com\/de\/#website"},"primaryImageOfPage":{"@id":"https:\/\/www.miomiorun.com\/de\/produkt\/antelope-3-0-shorts-damen\/#primaryimage"},"image":{"@id":"https:\/\/www.miomiorun.com\/de\/produkt\/antelope-3-0-shorts-damen\/#primaryimage"},"thumbnailUrl":"https:\/\/www.miomiorun.com\/app\/uploads\/2025\/04\/wild-tee-Antelope-3.0-W-green-bay-WT210WT08.webp","datePublished":"2025-04-23T14:42:30+00:00","dateModified":"2025-10-30T10:38:08+00:00","description":"Entdecken Sie die Antelope 3.0 Lauf- und Trailshorts f\u00fcr Damen: leicht, atmungsaktiv und mit eng anliegender 2-in-1-Innenhose. Entdecken Sie sie mit uns.","breadcrumb":{"@id":"https:\/\/www.miomiorun.com\/de\/produkt\/antelope-3-0-shorts-damen\/#breadcrumb"},"inLanguage":"de-DE","potentialAction":[{"@type":"ReadAction","target":["https:\/\/www.miomiorun.com\/de\/produkt\/antelope-3-0-shorts-damen\/"]}]},{"@type":"ImageObject","inLanguage":"de-DE","@id":"https:\/\/www.miomiorun.com\/de\/produkt\/antelope-3-0-shorts-damen\/#primaryimage","url":"https:\/\/www.miomiorun.com\/app\/uploads\/2025\/04\/wild-tee-Antelope-3.0-W-green-bay-WT210WT08.webp","contentUrl":"https:\/\/www.miomiorun.com\/app\/uploads\/2025\/04\/wild-tee-Antelope-3.0-W-green-bay-WT210WT08.webp","width":600,"height":600,"caption":"wild tee Antelope 3.0 W green bay WT210WT08"},{"@type":"BreadcrumbList","@id":"https:\/\/www.miomiorun.com\/de\/produkt\/antelope-3-0-shorts-damen\/#breadcrumb","itemListElement":[{"@type":"ListItem","position":1,"name":"Home","item":"https:\/\/www.miomiorun.com\/de\/"},{"@type":"ListItem","position":2,"name":"Shop","item":"https:\/\/www.miomiorun.com\/shop\/"},{"@type":"ListItem","position":3,"name":"Antelope 3.0 shorts damen"}]},{"@type":"WebSite","@id":"https:\/\/www.miomiorun.com\/de\/#website","url":"https:\/\/www.miomiorun.com\/de\/","name":"MioMioRun","description":"100% Lauf- und Trailshop","publisher":{"@id":"https:\/\/www.miomiorun.com\/de\/#organization"},"potentialAction":[{"@type":"SearchAction","target":{"@type":"EntryPoint","urlTemplate":"https:\/\/www.miomiorun.com\/de\/?s={search_term_string}"},"query-input":{"@type":"PropertyValueSpecification","valueRequired":true,"valueName":"search_term_string"}}],"inLanguage":"de-DE"},{"@type":"Organization","@id":"https:\/\/www.miomiorun.com\/de\/#organization","name":"MioMio Run","url":"https:\/\/www.miomiorun.com\/de\/","logo":{"@type":"ImageObject","inLanguage":"de-DE","@id":"https:\/\/www.miomiorun.com\/de\/#\/schema\/logo\/image\/","url":"https:\/\/www.miomiorun.com\/app\/uploads\/2019\/12\/logomio.png","contentUrl":"https:\/\/www.miomiorun.com\/app\/uploads\/2019\/12\/logomio.png","width":115,"height":82,"caption":"MioMio Run"},"image":{"@id":"https:\/\/www.miomiorun.com\/de\/#\/schema\/logo\/image\/"},"sameAs":["https:\/\/www.facebook.com\/miomiorun\/","https:\/\/www.instagram.com\/miomiorun\/"]}]}},"_links":{"self":[{"href":"https:\/\/www.miomiorun.com\/de\/wp-json\/wp\/v2\/product\/308002","targetHints":{"allow":["GET"]}}],"collection":[{"href":"https:\/\/www.miomiorun.com\/de\/wp-json\/wp\/v2\/product"}],"about":[{"href":"https:\/\/www.miomiorun.com\/de\/wp-json\/wp\/v2\/types\/product"}],"wp:featuredmedia":[{"embeddable":true,"href":"https:\/\/www.miomiorun.com\/de\/wp-json\/wp\/v2\/media\/308491"}],"wp:attachment":[{"href":"https:\/\/www.miomiorun.com\/de\/wp-json\/wp\/v2\/media?parent=308002"}],"wp:term":[{"taxonomy":"product_brand","embeddable":true,"href":"https:\/\/www.miomiorun.com\/de\/wp-json\/wp\/v2\/product_brand?post=308002"},{"taxonomy":"product_cat","embeddable":true,"href":"https:\/\/www.miomiorun.com\/de\/wp-json\/wp\/v2\/product_cat?post=308002"},{"taxonomy":"product_tag","embeddable":true,"href":"https:\/\/www.miomiorun.com\/de\/wp-json\/wp\/v2\/product_tag?post=308002"}],"curies":[{"name":"wp","href":"https:\/\/api.w.org\/{rel}","templated":true}]}}