{"id":307844,"date":"2025-04-23T16:11:35","date_gmt":"2025-04-23T14:11:35","guid":{"rendered":"https:\/\/miomiorun.com\/?post_type=product&#038;p=307844"},"modified":"2025-11-04T09:39:05","modified_gmt":"2025-11-04T08:39:05","slug":"shorts-everglades-herren","status":"publish","type":"product","link":"https:\/\/www.miomiorun.com\/de\/produkt\/shorts-everglades-herren\/","title":{"rendered":"Shorts everglades herren"},"content":{"rendered":"<p class=\"\" data-start=\"263\" data-end=\"676\">Entworfen, um den zeitlosen Charme von Leichtathletikshorts zu evozieren, und unter den extremen Bedingungen des Marathon des Sables getestet, sind die <strong data-start=\"412\" data-end=\"426\">Everglades<\/strong> eine neue Ikone der Funktionsbekleidung f\u00fcr anspruchsvolle L\u00e4ufer. <br data-start=\"504\" data-end=\"507\">Diese Unisex-Shorts sind eine absolute Neuheit der Kollektion <strong data-start=\"540\" data-end=\"565\">Fr\u00fchjahr\/Sommer 2025<\/strong> und bieten <strong data-start=\"616\" data-end=\"675\">maximale Bewegungsfreiheit, Leichtigkeit und Funktionalit\u00e4t<\/strong>.<\/p>\n<p class=\"\" data-start=\"678\" data-end=\"886\">Mit einer <strong data-start=\"685\" data-end=\"697\">m\u00e4nnlichen Passform<\/strong> \u2013 f\u00fcr Frauen wird eine Nummer kleiner empfohlen \u2013 und einer Struktur <strong data-start=\"763\" data-end=\"785\">ohne Innenhose<\/strong> sind sie ideal f\u00fcr diejenigen, die eine lockerere Passform bevorzugen oder individuelle Funktionsunterw\u00e4sche tragen.<\/p>\n<h4 class=\"\" data-start=\"888\" data-end=\"920\">Hauptmerkmale:<\/h4>\n<ul data-start=\"921\" data-end=\"1425\">\n<li class=\"\" data-start=\"921\" data-end=\"1004\">\n<p class=\"\" data-start=\"923\" data-end=\"1004\"><strong data-start=\"923\" data-end=\"950\">Kurzes, minimalistisches Design<\/strong>, perfekt f\u00fcr intensive Stra\u00dfenl\u00e4ufe und schnelle Trails.<\/p>\n<\/li>\n<li class=\"\" data-start=\"1005\" data-end=\"1156\">\n<p class=\"\" data-start=\"1007\" data-end=\"1156\"><strong data-start=\"1007\" data-end=\"1032\">3 intelligente Taschen<\/strong>: zwei elastische Seitentaschen f\u00fcr Gels oder Energieriegel + eine R\u00fcckentasche mit <strong data-start=\"1113\" data-end=\"1124\">YKK-Rei\u00dfverschluss<\/strong> f\u00fcr Schl\u00fcssel oder Smartphone. <\/p>\n<\/li>\n<li class=\"\" data-start=\"1157\" data-end=\"1248\">\n<p class=\"\" data-start=\"1159\" data-end=\"1248\"><strong data-start=\"1159\" data-end=\"1189\">Verstellbarer Kordelzug in der Taille<\/strong>, farblich abgestimmt und mit Logo, f\u00fcr eine perfekte Passform.<\/p>\n<\/li>\n<li class=\"\" data-start=\"1249\" data-end=\"1342\">\n<p class=\"\" data-start=\"1251\" data-end=\"1342\"><strong data-start=\"1251\" data-end=\"1276\">Reflektierende 3M\u2122-Logos<\/strong> f\u00fcr bessere Sichtbarkeit und Sicherheit bei schlechten Lichtverh\u00e4ltnissen.<\/p>\n<\/li>\n<li class=\"\" data-start=\"1343\" data-end=\"1425\">\n<p class=\"\" data-start=\"1345\" data-end=\"1425\"><strong data-start=\"1345\" data-end=\"1371\">Nur 99 Gramm Gewicht<\/strong> in Gr\u00f6\u00dfe M: Sie werden gar nicht merken, dass Sie sie tragen. <\/p>\n<\/li>\n<\/ul>\n<p class=\"\" data-start=\"1427\" data-end=\"1608\">Hergestellt in <strong data-start=\"1441\" data-end=\"1449\">China<\/strong>, entwickelt in <strong data-start=\"1465\" data-end=\"1475\">Italien<\/strong> und getestet in den extremsten W\u00fcsten: Die <strong data-start=\"1515\" data-end=\"1536\">Everglades Shorts<\/strong> begleiten dich \u00fcberall hin, von der <strong data-start=\"1581\" data-end=\"1607\">Stra\u00dfe bis zum Ultra-Trail<\/strong>.<\/p><\/p>\n","protected":false},"excerpt":{"rendered":"<ul>\n<li>Kurzes, minimalistisches Design<\/li>\n<li>3 intelligente Taschen<\/li>\n<li>Nur 99 Gramm Gewicht<\/li>\n<\/ul>\n","protected":false},"featured_media":308440,"template":"","meta":{"_acf_changed":false,"inline_featured_image":false},"product_brand":[],"product_cat":[6540,6510],"product_tag":[3399,6294],"class_list":{"0":"post-307844","1":"product","2":"type-product","3":"status-publish","4":"has-post-thumbnail","6":"product_cat-herrenbekleidung","7":"product_cat-shorts","8":"product_tag-wild-tee-de","9":"product_tag-wild-tee-herren-de","10":"pa_attivita-fitness-de","11":"pa_attivita-gehen","12":"pa_attivita-running-de","13":"pa_colore-shorts-m-everglades-black-de","14":"pa_colore-shorts-m-everglades-green-bay","15":"pa_marca-wild-tee-de","16":"pa_sesso-herren","17":"pa_size-small-de","18":"pa_size-medium-de","19":"pa_size-large-de","20":"pa_size-extra-large-de","22":"first","23":"instock","24":"sale","25":"taxable","26":"shipping-taxable","27":"purchasable","28":"product-type-variable","29":"wvs-archive-product-wrapper"},"acf":[],"yoast_head":"<!-- This site is optimized with the Yoast SEO plugin v26.8 - https:\/\/yoast.com\/product\/yoast-seo-wordpress\/ -->\n<title>Wild Tee Shorts everglades herren - Herrenshorts - MioMioRun<\/title>\n<meta name=\"description\" content=\"Wild Tee Everglades Marathon-Shorts: ultraleicht, mit 3 Taschen und athletischer Passform. Ohne Innenslip, in der Sahara getestet. Ideal f\u00fcr lange Strecken.\" \/>\n<meta name=\"robots\" content=\"index, follow, max-snippet:-1, max-image-preview:large, max-video-preview:-1\" \/>\n<link rel=\"canonical\" href=\"https:\/\/www.miomiorun.com\/de\/produkt\/shorts-everglades-herren\/\" \/>\n<meta property=\"og:locale\" content=\"de_DE\" \/>\n<meta property=\"og:type\" content=\"article\" \/>\n<meta property=\"og:title\" content=\"Wild Tee Shorts everglades herren - Herrenshorts - MioMioRun\" \/>\n<meta property=\"og:description\" content=\"Wild Tee Everglades Marathon-Shorts: ultraleicht, mit 3 Taschen und athletischer Passform. Ohne Innenslip, in der Sahara getestet. Ideal f\u00fcr lange Strecken.\" \/>\n<meta property=\"og:url\" content=\"https:\/\/www.miomiorun.com\/de\/produkt\/shorts-everglades-herren\/\" \/>\n<meta property=\"og:site_name\" content=\"MioMioRun\" \/>\n<meta property=\"article:publisher\" content=\"https:\/\/www.facebook.com\/miomiorun\/\" \/>\n<meta property=\"article:modified_time\" content=\"2025-11-04T08:39:05+00:00\" \/>\n<meta property=\"og:image\" content=\"https:\/\/www.miomiorun.com\/app\/uploads\/2025\/04\/wild-tee-Shorts-M-everglades-black-WT120WT05.webp\" \/>\n\t<meta property=\"og:image:width\" content=\"600\" \/>\n\t<meta property=\"og:image:height\" content=\"600\" \/>\n\t<meta property=\"og:image:type\" content=\"image\/webp\" \/>\n<meta name=\"twitter:card\" content=\"summary_large_image\" \/>\n<meta name=\"twitter:label1\" content=\"Est. reading time\" \/>\n\t<meta name=\"twitter:data1\" content=\"1 minute\" \/>\n<script type=\"application\/ld+json\" class=\"yoast-schema-graph\">{\"@context\":\"https:\/\/schema.org\",\"@graph\":[{\"@type\":\"WebPage\",\"@id\":\"https:\/\/www.miomiorun.com\/de\/produkt\/shorts-everglades-herren\/\",\"url\":\"https:\/\/www.miomiorun.com\/de\/produkt\/shorts-everglades-herren\/\",\"name\":\"Wild Tee Shorts everglades herren - Herrenshorts - MioMioRun\",\"isPartOf\":{\"@id\":\"https:\/\/www.miomiorun.com\/de\/#website\"},\"primaryImageOfPage\":{\"@id\":\"https:\/\/www.miomiorun.com\/de\/produkt\/shorts-everglades-herren\/#primaryimage\"},\"image\":{\"@id\":\"https:\/\/www.miomiorun.com\/de\/produkt\/shorts-everglades-herren\/#primaryimage\"},\"thumbnailUrl\":\"https:\/\/www.miomiorun.com\/app\/uploads\/2025\/04\/wild-tee-Shorts-M-everglades-black-WT120WT05.webp\",\"datePublished\":\"2025-04-23T14:11:35+00:00\",\"dateModified\":\"2025-11-04T08:39:05+00:00\",\"description\":\"Wild Tee Everglades Marathon-Shorts: ultraleicht, mit 3 Taschen und athletischer Passform. Ohne Innenslip, in der Sahara getestet. Ideal f\u00fcr lange Strecken.\",\"breadcrumb\":{\"@id\":\"https:\/\/www.miomiorun.com\/de\/produkt\/shorts-everglades-herren\/#breadcrumb\"},\"inLanguage\":\"de-DE\",\"potentialAction\":[{\"@type\":\"ReadAction\",\"target\":[\"https:\/\/www.miomiorun.com\/de\/produkt\/shorts-everglades-herren\/\"]}]},{\"@type\":\"ImageObject\",\"inLanguage\":\"de-DE\",\"@id\":\"https:\/\/www.miomiorun.com\/de\/produkt\/shorts-everglades-herren\/#primaryimage\",\"url\":\"https:\/\/www.miomiorun.com\/app\/uploads\/2025\/04\/wild-tee-Shorts-M-everglades-black-WT120WT05.webp\",\"contentUrl\":\"https:\/\/www.miomiorun.com\/app\/uploads\/2025\/04\/wild-tee-Shorts-M-everglades-black-WT120WT05.webp\",\"width\":600,\"height\":600,\"caption\":\"wild tee Shorts M everglades black WT120WT05\"},{\"@type\":\"BreadcrumbList\",\"@id\":\"https:\/\/www.miomiorun.com\/de\/produkt\/shorts-everglades-herren\/#breadcrumb\",\"itemListElement\":[{\"@type\":\"ListItem\",\"position\":1,\"name\":\"Home\",\"item\":\"https:\/\/www.miomiorun.com\/de\/\"},{\"@type\":\"ListItem\",\"position\":2,\"name\":\"Shop\",\"item\":\"https:\/\/www.miomiorun.com\/shop\/\"},{\"@type\":\"ListItem\",\"position\":3,\"name\":\"Shorts everglades herren\"}]},{\"@type\":\"WebSite\",\"@id\":\"https:\/\/www.miomiorun.com\/de\/#website\",\"url\":\"https:\/\/www.miomiorun.com\/de\/\",\"name\":\"MioMioRun\",\"description\":\"100% Lauf- und Trailshop\",\"publisher\":{\"@id\":\"https:\/\/www.miomiorun.com\/de\/#organization\"},\"potentialAction\":[{\"@type\":\"SearchAction\",\"target\":{\"@type\":\"EntryPoint\",\"urlTemplate\":\"https:\/\/www.miomiorun.com\/de\/?s={search_term_string}\"},\"query-input\":{\"@type\":\"PropertyValueSpecification\",\"valueRequired\":true,\"valueName\":\"search_term_string\"}}],\"inLanguage\":\"de-DE\"},{\"@type\":\"Organization\",\"@id\":\"https:\/\/www.miomiorun.com\/de\/#organization\",\"name\":\"MioMio Run\",\"url\":\"https:\/\/www.miomiorun.com\/de\/\",\"logo\":{\"@type\":\"ImageObject\",\"inLanguage\":\"de-DE\",\"@id\":\"https:\/\/www.miomiorun.com\/de\/#\/schema\/logo\/image\/\",\"url\":\"https:\/\/www.miomiorun.com\/app\/uploads\/2019\/12\/logomio.png\",\"contentUrl\":\"https:\/\/www.miomiorun.com\/app\/uploads\/2019\/12\/logomio.png\",\"width\":115,\"height\":82,\"caption\":\"MioMio Run\"},\"image\":{\"@id\":\"https:\/\/www.miomiorun.com\/de\/#\/schema\/logo\/image\/\"},\"sameAs\":[\"https:\/\/www.facebook.com\/miomiorun\/\",\"https:\/\/www.instagram.com\/miomiorun\/\"]}]}<\/script>\n<!-- \/ Yoast SEO plugin. -->","yoast_head_json":{"title":"Wild Tee Shorts everglades herren - Herrenshorts - MioMioRun","description":"Wild Tee Everglades Marathon-Shorts: ultraleicht, mit 3 Taschen und athletischer Passform. Ohne Innenslip, in der Sahara getestet. Ideal f\u00fcr lange Strecken.","robots":{"index":"index","follow":"follow","max-snippet":"max-snippet:-1","max-image-preview":"max-image-preview:large","max-video-preview":"max-video-preview:-1"},"canonical":"https:\/\/www.miomiorun.com\/de\/produkt\/shorts-everglades-herren\/","og_locale":"de_DE","og_type":"article","og_title":"Wild Tee Shorts everglades herren - Herrenshorts - MioMioRun","og_description":"Wild Tee Everglades Marathon-Shorts: ultraleicht, mit 3 Taschen und athletischer Passform. Ohne Innenslip, in der Sahara getestet. Ideal f\u00fcr lange Strecken.","og_url":"https:\/\/www.miomiorun.com\/de\/produkt\/shorts-everglades-herren\/","og_site_name":"MioMioRun","article_publisher":"https:\/\/www.facebook.com\/miomiorun\/","article_modified_time":"2025-11-04T08:39:05+00:00","og_image":[{"width":600,"height":600,"url":"https:\/\/www.miomiorun.com\/app\/uploads\/2025\/04\/wild-tee-Shorts-M-everglades-black-WT120WT05.webp","type":"image\/webp"}],"twitter_card":"summary_large_image","twitter_misc":{"Est. reading time":"1 minute"},"schema":{"@context":"https:\/\/schema.org","@graph":[{"@type":"WebPage","@id":"https:\/\/www.miomiorun.com\/de\/produkt\/shorts-everglades-herren\/","url":"https:\/\/www.miomiorun.com\/de\/produkt\/shorts-everglades-herren\/","name":"Wild Tee Shorts everglades herren - Herrenshorts - MioMioRun","isPartOf":{"@id":"https:\/\/www.miomiorun.com\/de\/#website"},"primaryImageOfPage":{"@id":"https:\/\/www.miomiorun.com\/de\/produkt\/shorts-everglades-herren\/#primaryimage"},"image":{"@id":"https:\/\/www.miomiorun.com\/de\/produkt\/shorts-everglades-herren\/#primaryimage"},"thumbnailUrl":"https:\/\/www.miomiorun.com\/app\/uploads\/2025\/04\/wild-tee-Shorts-M-everglades-black-WT120WT05.webp","datePublished":"2025-04-23T14:11:35+00:00","dateModified":"2025-11-04T08:39:05+00:00","description":"Wild Tee Everglades Marathon-Shorts: ultraleicht, mit 3 Taschen und athletischer Passform. Ohne Innenslip, in der Sahara getestet. Ideal f\u00fcr lange Strecken.","breadcrumb":{"@id":"https:\/\/www.miomiorun.com\/de\/produkt\/shorts-everglades-herren\/#breadcrumb"},"inLanguage":"de-DE","potentialAction":[{"@type":"ReadAction","target":["https:\/\/www.miomiorun.com\/de\/produkt\/shorts-everglades-herren\/"]}]},{"@type":"ImageObject","inLanguage":"de-DE","@id":"https:\/\/www.miomiorun.com\/de\/produkt\/shorts-everglades-herren\/#primaryimage","url":"https:\/\/www.miomiorun.com\/app\/uploads\/2025\/04\/wild-tee-Shorts-M-everglades-black-WT120WT05.webp","contentUrl":"https:\/\/www.miomiorun.com\/app\/uploads\/2025\/04\/wild-tee-Shorts-M-everglades-black-WT120WT05.webp","width":600,"height":600,"caption":"wild tee Shorts M everglades black WT120WT05"},{"@type":"BreadcrumbList","@id":"https:\/\/www.miomiorun.com\/de\/produkt\/shorts-everglades-herren\/#breadcrumb","itemListElement":[{"@type":"ListItem","position":1,"name":"Home","item":"https:\/\/www.miomiorun.com\/de\/"},{"@type":"ListItem","position":2,"name":"Shop","item":"https:\/\/www.miomiorun.com\/shop\/"},{"@type":"ListItem","position":3,"name":"Shorts everglades herren"}]},{"@type":"WebSite","@id":"https:\/\/www.miomiorun.com\/de\/#website","url":"https:\/\/www.miomiorun.com\/de\/","name":"MioMioRun","description":"100% Lauf- und Trailshop","publisher":{"@id":"https:\/\/www.miomiorun.com\/de\/#organization"},"potentialAction":[{"@type":"SearchAction","target":{"@type":"EntryPoint","urlTemplate":"https:\/\/www.miomiorun.com\/de\/?s={search_term_string}"},"query-input":{"@type":"PropertyValueSpecification","valueRequired":true,"valueName":"search_term_string"}}],"inLanguage":"de-DE"},{"@type":"Organization","@id":"https:\/\/www.miomiorun.com\/de\/#organization","name":"MioMio Run","url":"https:\/\/www.miomiorun.com\/de\/","logo":{"@type":"ImageObject","inLanguage":"de-DE","@id":"https:\/\/www.miomiorun.com\/de\/#\/schema\/logo\/image\/","url":"https:\/\/www.miomiorun.com\/app\/uploads\/2019\/12\/logomio.png","contentUrl":"https:\/\/www.miomiorun.com\/app\/uploads\/2019\/12\/logomio.png","width":115,"height":82,"caption":"MioMio Run"},"image":{"@id":"https:\/\/www.miomiorun.com\/de\/#\/schema\/logo\/image\/"},"sameAs":["https:\/\/www.facebook.com\/miomiorun\/","https:\/\/www.instagram.com\/miomiorun\/"]}]}},"_links":{"self":[{"href":"https:\/\/www.miomiorun.com\/de\/wp-json\/wp\/v2\/product\/307844","targetHints":{"allow":["GET"]}}],"collection":[{"href":"https:\/\/www.miomiorun.com\/de\/wp-json\/wp\/v2\/product"}],"about":[{"href":"https:\/\/www.miomiorun.com\/de\/wp-json\/wp\/v2\/types\/product"}],"wp:featuredmedia":[{"embeddable":true,"href":"https:\/\/www.miomiorun.com\/de\/wp-json\/wp\/v2\/media\/308440"}],"wp:attachment":[{"href":"https:\/\/www.miomiorun.com\/de\/wp-json\/wp\/v2\/media?parent=307844"}],"wp:term":[{"taxonomy":"product_brand","embeddable":true,"href":"https:\/\/www.miomiorun.com\/de\/wp-json\/wp\/v2\/product_brand?post=307844"},{"taxonomy":"product_cat","embeddable":true,"href":"https:\/\/www.miomiorun.com\/de\/wp-json\/wp\/v2\/product_cat?post=307844"},{"taxonomy":"product_tag","embeddable":true,"href":"https:\/\/www.miomiorun.com\/de\/wp-json\/wp\/v2\/product_tag?post=307844"}],"curies":[{"name":"wp","href":"https:\/\/api.w.org\/{rel}","templated":true}]}}