{"id":307712,"date":"2025-04-23T16:03:08","date_gmt":"2025-04-23T14:03:08","guid":{"rendered":"https:\/\/miomiorun.com\/?post_type=product&#038;p=307712"},"modified":"2025-10-30T11:41:09","modified_gmt":"2025-10-30T10:41:09","slug":"bryce-3-0-shorts-herren","status":"publish","type":"product","link":"https:\/\/www.miomiorun.com\/de\/produkt\/bryce-3-0-shorts-herren\/","title":{"rendered":"Bryce 3.0 Shorts herren"},"content":{"rendered":"<p class=\"\" data-start=\"243\" data-end=\"590\">St\u00fcrze dich mit der <strong data-start=\"297\" data-end=\"361\">dritten Generation der beliebtesten Laufshorts aller Zeiten<\/strong> auf deine Stra\u00dfen- oder Trail-Runs. Die neuen <strong data-start=\"371\" data-end=\"394\">Wild Tee Shorts 3.0<\/strong> behalten alles, was das Originalmodell legend\u00e4r gemacht hat, und verbessern es durch einen <strong data-start=\"483\" data-end=\"527\">etwas l\u00e4ngeren Schnitt am Bein<\/strong> und einen <strong data-start=\"533\" data-end=\"589\">h\u00f6heren Komfort dank des integrierten Innenslips<\/strong>.<\/p>\n<p class=\"\" data-start=\"592\" data-end=\"829\">Diese Shorts f\u00fcr <strong data-start=\"646\" data-end=\"673\">Lauf- und Trailrunning<\/strong> wurden f\u00fcr anspruchsvolle L\u00e4ufer entwickelt und sind <strong data-start=\"679\" data-end=\"703\">ultraleicht (110 g)<\/strong>, extrem atmungsaktiv und mit einer <strong data-start=\"746\" data-end=\"770\">5-Taschen-Struktur<\/strong> ausgestattet, damit du alles Notwendige w\u00e4hrend des Trainings mitnehmen kannst.<\/p>\n<h3 class=\"\" data-start=\"836\" data-end=\"870\">Hauptmerkmale:<\/h3>\n<ul data-start=\"871\" data-end=\"1461\">\n<li class=\"\" data-start=\"871\" data-end=\"959\">\n<p class=\"\" data-start=\"873\" data-end=\"959\"><strong data-start=\"876\" data-end=\"916\">Innenhose mit umgekehrten N\u00e4hten<\/strong> gegen Reibung f\u00fcr dauerhaften Komfort<\/p>\n<\/li>\n<li class=\"\" data-start=\"960\" data-end=\"1061\">\n<p class=\"\" data-start=\"962\" data-end=\"1061\">&nbsp;<strong data-start=\"965\" data-end=\"998\">Leichtes und atmungsaktives Material<\/strong> mit <strong data-start=\"1004\" data-end=\"1023\">Mesh-Einsatz<\/strong> zwischen den Beinen f\u00fcr zus\u00e4tzliche Bel\u00fcftung<\/p>\n<\/li>\n<li class=\"\" data-start=\"1062\" data-end=\"1210\">\n<p class=\"\" data-start=\"1064\" data-end=\"1093\">&nbsp;<strong data-start=\"1067\" data-end=\"1090\">5 praktische Taschen<\/strong>:<\/p>\n<ul data-start=\"1096\" data-end=\"1210\">\n<li class=\"\" data-start=\"1096\" data-end=\"1136\">\n<p class=\"\" data-start=\"1098\" data-end=\"1136\">2 Seitentaschen f\u00fcr Gels oder Riegel<\/p>\n<\/li>\n<li class=\"\" data-start=\"1139\" data-end=\"1210\">\n<p class=\"\" data-start=\"1141\" data-end=\"1210\">1 Ges\u00e4\u00dftasche mit <strong data-start=\"1164\" data-end=\"1175\">YKK-Rei\u00dfverschluss<\/strong>, ideal f\u00fcr Schl\u00fcssel oder Smartphone<\/p>\n<\/li>\n<\/ul>\n<\/li>\n<li class=\"\" data-start=\"1211\" data-end=\"1269\">\n<p class=\"\" data-start=\"1213\" data-end=\"1269\">&nbsp;<strong data-start=\"1216\" data-end=\"1246\">Verstellbarer Kordelzug an der Taille<\/strong> mit Wild Tee-Logo<\/p>\n<\/li>\n<li class=\"\" data-start=\"1270\" data-end=\"1349\">\n<p class=\"\" data-start=\"1272\" data-end=\"1349\">&nbsp;<strong data-start=\"1274\" data-end=\"1295\">Reflektierende Logos<\/strong> am rechten Bein und auf der R\u00fcckseite f\u00fcr optimale Sichtbarkeit<\/p>\n<\/li>\n<li class=\"\" data-start=\"1350\" data-end=\"1440\">\n<p class=\"\" data-start=\"1352\" data-end=\"1440\">&nbsp;Italienisches Design, <strong data-start=\"1372\" data-end=\"1394\">in der Sahara getestet<\/strong>, in China mit ausgew\u00e4hlter Qualit\u00e4t hergestellt<\/p>\n<\/li>\n<li class=\"\" data-start=\"1441\" data-end=\"1461\">\n<p class=\"\" data-start=\"1443\" data-end=\"1461\">&nbsp;<strong data-start=\"1446\" data-end=\"1461\">Gewicht: 110 g<\/strong><\/p>\n<\/li>\n<\/ul>\n<h3 class=\"\" data-start=\"1468\" data-end=\"1486\">&nbsp;Ideal f\u00fcr:<\/h3>\n<p class=\"\" data-start=\"1487\" data-end=\"1720\">Wettk\u00e4mpfe und Trainingseinheiten im Bereich Running und Trailrunning<br data-start=\"1526\" data-end=\"1529\">Alle, die Leichtigkeit lieben, aber nicht auf Funktionalit\u00e4t verzichten m\u00f6chten<br data-start=\"1586\" data-end=\"1589\">Sportler, die reibungsfreie und atmungsaktive Kleidung suchen<br data-start=\"1643\" data-end=\"1646\">L\u00e4ufer, die Gels, Riegel und ihr Handy mitnehmen m\u00f6chten, ohne einen Rucksack zu tragen<\/p>\n","protected":false},"excerpt":{"rendered":"<ul>\n<li>Wettk\u00e4mpfe und Trainingseinheiten im Bereich Running und Trailrunning<\/li>\n<li>Wer Leichtigkeit liebt, aber nicht auf Funktionalit\u00e4t verzichten m\u00f6chte<\/li>\n<li>Sportler, die reibungsfreie und atmungsaktive Kleidung suchen<\/li>\n<\/ul>\n","protected":false},"featured_media":308387,"template":"","meta":{"_acf_changed":false,"inline_featured_image":false},"product_brand":[],"product_cat":[6540,6510],"product_tag":[3399,6294],"class_list":{"0":"post-307712","1":"product","2":"type-product","3":"status-publish","4":"has-post-thumbnail","6":"product_cat-herrenbekleidung","7":"product_cat-shorts","8":"product_tag-wild-tee-de","9":"product_tag-wild-tee-herren-de","10":"pa_attivita-gehen","11":"pa_attivita-running-de","12":"pa_attivita-trail-de","13":"pa_colore-shorts-m-bryce-3-0-black-de","14":"pa_colore-shorts-m-bryce-3-0-fallen-rock-de","15":"pa_marca-wild-tee-de","16":"pa_sesso-herren","17":"pa_size-small-de","18":"pa_size-medium-de","19":"pa_size-large-de","20":"pa_size-extra-large-de","22":"first","23":"instock","24":"sale","25":"taxable","26":"shipping-taxable","27":"purchasable","28":"product-type-variable","29":"wvs-archive-product-wrapper"},"acf":[],"yoast_head":"<!-- This site is optimized with the Yoast SEO plugin v26.8 - https:\/\/yoast.com\/product\/yoast-seo-wordpress\/ -->\n<title>Wild Tee Bryce 3.0 Shorts herren - Herren-Shorts - MioMioRun<\/title>\n<meta name=\"description\" content=\"Entdecken Sie die neuen Bryce 3.0 von Wild Tee: leicht, atmungsaktiv, mit 5 Taschen und Innenslip. Ideal zum Laufen und Trailrunning. Komfort und Funktionalit\u00e4t bei jedem Schritt.\" \/>\n<meta name=\"robots\" content=\"index, follow, max-snippet:-1, max-image-preview:large, max-video-preview:-1\" \/>\n<link rel=\"canonical\" href=\"https:\/\/www.miomiorun.com\/de\/produkt\/bryce-3-0-shorts-herren\/\" \/>\n<meta property=\"og:locale\" content=\"de_DE\" \/>\n<meta property=\"og:type\" content=\"article\" \/>\n<meta property=\"og:title\" content=\"Wild Tee Bryce 3.0 Shorts herren - Herren-Shorts - MioMioRun\" \/>\n<meta property=\"og:description\" content=\"Entdecken Sie die neuen Bryce 3.0 von Wild Tee: leicht, atmungsaktiv, mit 5 Taschen und Innenslip. Ideal zum Laufen und Trailrunning. Komfort und Funktionalit\u00e4t bei jedem Schritt.\" \/>\n<meta property=\"og:url\" content=\"https:\/\/www.miomiorun.com\/de\/produkt\/bryce-3-0-shorts-herren\/\" \/>\n<meta property=\"og:site_name\" content=\"MioMioRun\" \/>\n<meta property=\"article:publisher\" content=\"https:\/\/www.facebook.com\/miomiorun\/\" \/>\n<meta property=\"article:modified_time\" content=\"2025-10-30T10:41:09+00:00\" \/>\n<meta property=\"og:image\" content=\"https:\/\/www.miomiorun.com\/app\/uploads\/2025\/04\/wild-tee-Shorts-M-bryce-3.0-black-WT110WT05.webp\" \/>\n\t<meta property=\"og:image:width\" content=\"600\" \/>\n\t<meta property=\"og:image:height\" content=\"600\" \/>\n\t<meta property=\"og:image:type\" content=\"image\/webp\" \/>\n<meta name=\"twitter:card\" content=\"summary_large_image\" \/>\n<meta name=\"twitter:label1\" content=\"Est. reading time\" \/>\n\t<meta name=\"twitter:data1\" content=\"1 minute\" \/>\n<script type=\"application\/ld+json\" class=\"yoast-schema-graph\">{\"@context\":\"https:\/\/schema.org\",\"@graph\":[{\"@type\":\"WebPage\",\"@id\":\"https:\/\/www.miomiorun.com\/de\/produkt\/bryce-3-0-shorts-herren\/\",\"url\":\"https:\/\/www.miomiorun.com\/de\/produkt\/bryce-3-0-shorts-herren\/\",\"name\":\"Wild Tee Bryce 3.0 Shorts herren - Herren-Shorts - MioMioRun\",\"isPartOf\":{\"@id\":\"https:\/\/www.miomiorun.com\/de\/#website\"},\"primaryImageOfPage\":{\"@id\":\"https:\/\/www.miomiorun.com\/de\/produkt\/bryce-3-0-shorts-herren\/#primaryimage\"},\"image\":{\"@id\":\"https:\/\/www.miomiorun.com\/de\/produkt\/bryce-3-0-shorts-herren\/#primaryimage\"},\"thumbnailUrl\":\"https:\/\/www.miomiorun.com\/app\/uploads\/2025\/04\/wild-tee-Shorts-M-bryce-3.0-black-WT110WT05.webp\",\"datePublished\":\"2025-04-23T14:03:08+00:00\",\"dateModified\":\"2025-10-30T10:41:09+00:00\",\"description\":\"Entdecken Sie die neuen Bryce 3.0 von Wild Tee: leicht, atmungsaktiv, mit 5 Taschen und Innenslip. Ideal zum Laufen und Trailrunning. Komfort und Funktionalit\u00e4t bei jedem Schritt.\",\"breadcrumb\":{\"@id\":\"https:\/\/www.miomiorun.com\/de\/produkt\/bryce-3-0-shorts-herren\/#breadcrumb\"},\"inLanguage\":\"de-DE\",\"potentialAction\":[{\"@type\":\"ReadAction\",\"target\":[\"https:\/\/www.miomiorun.com\/de\/produkt\/bryce-3-0-shorts-herren\/\"]}]},{\"@type\":\"ImageObject\",\"inLanguage\":\"de-DE\",\"@id\":\"https:\/\/www.miomiorun.com\/de\/produkt\/bryce-3-0-shorts-herren\/#primaryimage\",\"url\":\"https:\/\/www.miomiorun.com\/app\/uploads\/2025\/04\/wild-tee-Shorts-M-bryce-3.0-black-WT110WT05.webp\",\"contentUrl\":\"https:\/\/www.miomiorun.com\/app\/uploads\/2025\/04\/wild-tee-Shorts-M-bryce-3.0-black-WT110WT05.webp\",\"width\":600,\"height\":600,\"caption\":\"wild tee Shorts M bryce 3.0 black WT110WT05\"},{\"@type\":\"BreadcrumbList\",\"@id\":\"https:\/\/www.miomiorun.com\/de\/produkt\/bryce-3-0-shorts-herren\/#breadcrumb\",\"itemListElement\":[{\"@type\":\"ListItem\",\"position\":1,\"name\":\"Home\",\"item\":\"https:\/\/www.miomiorun.com\/de\/\"},{\"@type\":\"ListItem\",\"position\":2,\"name\":\"Shop\",\"item\":\"https:\/\/www.miomiorun.com\/shop\/\"},{\"@type\":\"ListItem\",\"position\":3,\"name\":\"Bryce 3.0 Shorts herren\"}]},{\"@type\":\"WebSite\",\"@id\":\"https:\/\/www.miomiorun.com\/de\/#website\",\"url\":\"https:\/\/www.miomiorun.com\/de\/\",\"name\":\"MioMioRun\",\"description\":\"100% Lauf- und Trailshop\",\"publisher\":{\"@id\":\"https:\/\/www.miomiorun.com\/de\/#organization\"},\"potentialAction\":[{\"@type\":\"SearchAction\",\"target\":{\"@type\":\"EntryPoint\",\"urlTemplate\":\"https:\/\/www.miomiorun.com\/de\/?s={search_term_string}\"},\"query-input\":{\"@type\":\"PropertyValueSpecification\",\"valueRequired\":true,\"valueName\":\"search_term_string\"}}],\"inLanguage\":\"de-DE\"},{\"@type\":\"Organization\",\"@id\":\"https:\/\/www.miomiorun.com\/de\/#organization\",\"name\":\"MioMio Run\",\"url\":\"https:\/\/www.miomiorun.com\/de\/\",\"logo\":{\"@type\":\"ImageObject\",\"inLanguage\":\"de-DE\",\"@id\":\"https:\/\/www.miomiorun.com\/de\/#\/schema\/logo\/image\/\",\"url\":\"https:\/\/www.miomiorun.com\/app\/uploads\/2019\/12\/logomio.png\",\"contentUrl\":\"https:\/\/www.miomiorun.com\/app\/uploads\/2019\/12\/logomio.png\",\"width\":115,\"height\":82,\"caption\":\"MioMio Run\"},\"image\":{\"@id\":\"https:\/\/www.miomiorun.com\/de\/#\/schema\/logo\/image\/\"},\"sameAs\":[\"https:\/\/www.facebook.com\/miomiorun\/\",\"https:\/\/www.instagram.com\/miomiorun\/\"]}]}<\/script>\n<!-- \/ Yoast SEO plugin. -->","yoast_head_json":{"title":"Wild Tee Bryce 3.0 Shorts herren - Herren-Shorts - MioMioRun","description":"Entdecken Sie die neuen Bryce 3.0 von Wild Tee: leicht, atmungsaktiv, mit 5 Taschen und Innenslip. Ideal zum Laufen und Trailrunning. Komfort und Funktionalit\u00e4t bei jedem Schritt.","robots":{"index":"index","follow":"follow","max-snippet":"max-snippet:-1","max-image-preview":"max-image-preview:large","max-video-preview":"max-video-preview:-1"},"canonical":"https:\/\/www.miomiorun.com\/de\/produkt\/bryce-3-0-shorts-herren\/","og_locale":"de_DE","og_type":"article","og_title":"Wild Tee Bryce 3.0 Shorts herren - Herren-Shorts - MioMioRun","og_description":"Entdecken Sie die neuen Bryce 3.0 von Wild Tee: leicht, atmungsaktiv, mit 5 Taschen und Innenslip. Ideal zum Laufen und Trailrunning. Komfort und Funktionalit\u00e4t bei jedem Schritt.","og_url":"https:\/\/www.miomiorun.com\/de\/produkt\/bryce-3-0-shorts-herren\/","og_site_name":"MioMioRun","article_publisher":"https:\/\/www.facebook.com\/miomiorun\/","article_modified_time":"2025-10-30T10:41:09+00:00","og_image":[{"width":600,"height":600,"url":"https:\/\/www.miomiorun.com\/app\/uploads\/2025\/04\/wild-tee-Shorts-M-bryce-3.0-black-WT110WT05.webp","type":"image\/webp"}],"twitter_card":"summary_large_image","twitter_misc":{"Est. reading time":"1 minute"},"schema":{"@context":"https:\/\/schema.org","@graph":[{"@type":"WebPage","@id":"https:\/\/www.miomiorun.com\/de\/produkt\/bryce-3-0-shorts-herren\/","url":"https:\/\/www.miomiorun.com\/de\/produkt\/bryce-3-0-shorts-herren\/","name":"Wild Tee Bryce 3.0 Shorts herren - Herren-Shorts - MioMioRun","isPartOf":{"@id":"https:\/\/www.miomiorun.com\/de\/#website"},"primaryImageOfPage":{"@id":"https:\/\/www.miomiorun.com\/de\/produkt\/bryce-3-0-shorts-herren\/#primaryimage"},"image":{"@id":"https:\/\/www.miomiorun.com\/de\/produkt\/bryce-3-0-shorts-herren\/#primaryimage"},"thumbnailUrl":"https:\/\/www.miomiorun.com\/app\/uploads\/2025\/04\/wild-tee-Shorts-M-bryce-3.0-black-WT110WT05.webp","datePublished":"2025-04-23T14:03:08+00:00","dateModified":"2025-10-30T10:41:09+00:00","description":"Entdecken Sie die neuen Bryce 3.0 von Wild Tee: leicht, atmungsaktiv, mit 5 Taschen und Innenslip. Ideal zum Laufen und Trailrunning. Komfort und Funktionalit\u00e4t bei jedem Schritt.","breadcrumb":{"@id":"https:\/\/www.miomiorun.com\/de\/produkt\/bryce-3-0-shorts-herren\/#breadcrumb"},"inLanguage":"de-DE","potentialAction":[{"@type":"ReadAction","target":["https:\/\/www.miomiorun.com\/de\/produkt\/bryce-3-0-shorts-herren\/"]}]},{"@type":"ImageObject","inLanguage":"de-DE","@id":"https:\/\/www.miomiorun.com\/de\/produkt\/bryce-3-0-shorts-herren\/#primaryimage","url":"https:\/\/www.miomiorun.com\/app\/uploads\/2025\/04\/wild-tee-Shorts-M-bryce-3.0-black-WT110WT05.webp","contentUrl":"https:\/\/www.miomiorun.com\/app\/uploads\/2025\/04\/wild-tee-Shorts-M-bryce-3.0-black-WT110WT05.webp","width":600,"height":600,"caption":"wild tee Shorts M bryce 3.0 black WT110WT05"},{"@type":"BreadcrumbList","@id":"https:\/\/www.miomiorun.com\/de\/produkt\/bryce-3-0-shorts-herren\/#breadcrumb","itemListElement":[{"@type":"ListItem","position":1,"name":"Home","item":"https:\/\/www.miomiorun.com\/de\/"},{"@type":"ListItem","position":2,"name":"Shop","item":"https:\/\/www.miomiorun.com\/shop\/"},{"@type":"ListItem","position":3,"name":"Bryce 3.0 Shorts herren"}]},{"@type":"WebSite","@id":"https:\/\/www.miomiorun.com\/de\/#website","url":"https:\/\/www.miomiorun.com\/de\/","name":"MioMioRun","description":"100% Lauf- und Trailshop","publisher":{"@id":"https:\/\/www.miomiorun.com\/de\/#organization"},"potentialAction":[{"@type":"SearchAction","target":{"@type":"EntryPoint","urlTemplate":"https:\/\/www.miomiorun.com\/de\/?s={search_term_string}"},"query-input":{"@type":"PropertyValueSpecification","valueRequired":true,"valueName":"search_term_string"}}],"inLanguage":"de-DE"},{"@type":"Organization","@id":"https:\/\/www.miomiorun.com\/de\/#organization","name":"MioMio Run","url":"https:\/\/www.miomiorun.com\/de\/","logo":{"@type":"ImageObject","inLanguage":"de-DE","@id":"https:\/\/www.miomiorun.com\/de\/#\/schema\/logo\/image\/","url":"https:\/\/www.miomiorun.com\/app\/uploads\/2019\/12\/logomio.png","contentUrl":"https:\/\/www.miomiorun.com\/app\/uploads\/2019\/12\/logomio.png","width":115,"height":82,"caption":"MioMio Run"},"image":{"@id":"https:\/\/www.miomiorun.com\/de\/#\/schema\/logo\/image\/"},"sameAs":["https:\/\/www.facebook.com\/miomiorun\/","https:\/\/www.instagram.com\/miomiorun\/"]}]}},"_links":{"self":[{"href":"https:\/\/www.miomiorun.com\/de\/wp-json\/wp\/v2\/product\/307712","targetHints":{"allow":["GET"]}}],"collection":[{"href":"https:\/\/www.miomiorun.com\/de\/wp-json\/wp\/v2\/product"}],"about":[{"href":"https:\/\/www.miomiorun.com\/de\/wp-json\/wp\/v2\/types\/product"}],"wp:featuredmedia":[{"embeddable":true,"href":"https:\/\/www.miomiorun.com\/de\/wp-json\/wp\/v2\/media\/308387"}],"wp:attachment":[{"href":"https:\/\/www.miomiorun.com\/de\/wp-json\/wp\/v2\/media?parent=307712"}],"wp:term":[{"taxonomy":"product_brand","embeddable":true,"href":"https:\/\/www.miomiorun.com\/de\/wp-json\/wp\/v2\/product_brand?post=307712"},{"taxonomy":"product_cat","embeddable":true,"href":"https:\/\/www.miomiorun.com\/de\/wp-json\/wp\/v2\/product_cat?post=307712"},{"taxonomy":"product_tag","embeddable":true,"href":"https:\/\/www.miomiorun.com\/de\/wp-json\/wp\/v2\/product_tag?post=307712"}],"curies":[{"name":"wp","href":"https:\/\/api.w.org\/{rel}","templated":true}]}}