{"id":307641,"date":"2025-04-23T15:46:39","date_gmt":"2025-04-23T13:46:39","guid":{"rendered":"https:\/\/miomiorun.com\/?post_type=product&#038;p=307641"},"modified":"2025-10-30T11:43:43","modified_gmt":"2025-10-30T10:43:43","slug":"singlet-race-black-herren","status":"publish","type":"product","link":"https:\/\/www.miomiorun.com\/de\/produkt\/singlet-race-black-herren\/","title":{"rendered":"Singlet race black herren"},"content":{"rendered":"<p class=\"\" data-start=\"257\" data-end=\"589\">Das <strong data-start=\"260\" data-end=\"295\">Wild Tee Openmesh 3D-Unterhemd<\/strong> ist der H\u00f6hepunkt der Innovation von Wild Tee f\u00fcr Stra\u00dfenl\u00e4ufe und Wettk\u00e4mpfe. Entwickelt f\u00fcr alle, die <strong data-start=\"414\" data-end=\"456\">extreme Leistung bei minimalem Gewicht<\/strong> suchen, ist dieses Laufshirt mit einem Gewicht von <strong data-start=\"487\" data-end=\"505\">nur 47 Gramm<\/strong> (in Gr\u00f6\u00dfe M) die ideale Wahl f\u00fcr L\u00e4ufer und Sportler, die keine Kompromisse eingehen wollen.<\/p>\n<p class=\"\" data-start=\"591\" data-end=\"979\">Es besteht aus <strong data-start=\"606\" data-end=\"638\">italienischem Openmesh 3D-Gewebe<\/strong>, das aus <strong data-start=\"652\" data-end=\"688\">recyceltem Post-Consumer-Material<\/strong> hergestellt wird, und bietet <strong data-start=\"696\" data-end=\"722\">maximale Atmungsaktivit\u00e4t<\/strong>, <strong data-start=\"724\" data-end=\"750\">sofortige Trocknung<\/strong> und ein <strong data-start=\"757\" data-end=\"794\">anhaltendes Frischegef\u00fchl<\/strong>, selbst unter anspruchsvollsten Bedingungen. Der <strong data-start=\"839\" data-end=\"860\">ergonomische Schnitt<\/strong> garantiert absolute Bewegungsfreiheit, w\u00e4hrend die vollst\u00e4ndig <strong data-start=\"934\" data-end=\"945\">europ\u00e4ische<\/strong> Herstellung Qualit\u00e4t und Nachhaltigkeit gew\u00e4hrleistet.<\/p>\n<h3 class=\"\" data-start=\"986\" data-end=\"1018\">&nbsp;Technische Eigenschaften:<\/h3>\n<ul>\n<li data-start=\"1021\" data-end=\"1072\"><strong data-start=\"1026\" data-end=\"1070\">Italienisches, recyceltes 3D-Openmesh-Gewebe<\/strong><\/li>\n<li class=\"\" data-start=\"1073\" data-end=\"1120\">\n<p class=\"\" data-start=\"1075\" data-end=\"1120\"><strong data-start=\"1078\" data-end=\"1092\">Federleicht<\/strong>: nur <strong data-start=\"1099\" data-end=\"1107\">47 g<\/strong> (Gr\u00f6\u00dfe M)<\/p>\n<\/li>\n<li class=\"\" data-start=\"1121\" data-end=\"1189\">\n<p class=\"\" data-start=\"1123\" data-end=\"1189\"><strong data-start=\"1126\" data-end=\"1147\">Super atmungsaktiv<\/strong> und <strong data-start=\"1150\" data-end=\"1163\">schnelltrocknend<\/strong> f\u00fcr hohe Leistungsf\u00e4higkeit<\/p>\n<\/li>\n<li class=\"\" data-start=\"1190\" data-end=\"1252\">\n<p class=\"\" data-start=\"1192\" data-end=\"1252\"><strong data-start=\"1195\" data-end=\"1216\">Ergonomischer Schnitt<\/strong> f\u00fcr eine pr\u00e4zise und bequeme Passform<\/p>\n<\/li>\n<li class=\"\" data-start=\"1253\" data-end=\"1308\">\n<p class=\"\" data-start=\"1255\" data-end=\"1308\"><strong data-start=\"1258\" data-end=\"1280\">Hergestellt in Europa<\/strong> aus nachhaltigen Materialien<\/p>\n<\/li>\n<\/ul>\n<h3 class=\"\" data-start=\"1315\" data-end=\"1338\">Wichtiger Hinweis:<\/h3>\n<p class=\"\" data-start=\"1339\" data-end=\"1478\">Um die Unversehrtheit des technischen Gewebes zu gew\u00e4hrleisten, wird <strong data-start=\"1390\" data-end=\"1434\">von der Verwendung mit Trinkrucks\u00e4cken<\/strong> und <strong data-start=\"1437\" data-end=\"1477\">dem direkten Anbringen der Startnummer<\/strong> abgeraten.<\/p>\n<h3 class=\"\" data-start=\"1485\" data-end=\"1511\">&nbsp;F\u00fcr wen ist es perfekt geeignet:<\/h3>\n<p class=\"\" data-start=\"1512\" data-end=\"1742\">Stra\u00dfenl\u00e4ufer und Wettkampfsportler<br data-start=\"1547\" data-end=\"1550\">Alle, die <strong data-start=\"1562\" data-end=\"1612\">absolute Leichtigkeit und hervorragende Atmungsaktivit\u00e4t<\/strong><br data-start=\"1612\" data-end=\"1615\">suchen Liebhaber von technischer Bekleidung, die <strong data-start=\"1655\" data-end=\"1687\">nachhaltig und in Europa hergestellt<\/strong><br data-start=\"1687\" data-end=\"1690\">ist Wettk\u00e4mpfe und Wettbewerbe bei hei\u00dfen Wetterbedingungen<\/p>\n<\/p><\/p>\n","protected":false},"excerpt":{"rendered":"<ul>\n<li>Hohe Atmungsaktivit\u00e4t<\/li>\n<li>Weich und bequem<\/li>\n<li>Ergonomischer Schnitt<\/li>\n<\/ul>\n","protected":false},"featured_media":308328,"template":"","meta":{"_acf_changed":false,"inline_featured_image":false},"product_brand":[],"product_cat":[6540,6513],"product_tag":[3399,6294],"class_list":{"0":"post-307641","1":"product","2":"type-product","3":"status-publish","4":"has-post-thumbnail","6":"product_cat-herrenbekleidung","7":"product_cat-tank-tops","8":"product_tag-wild-tee-de","9":"product_tag-wild-tee-herren-de","10":"pa_attivita-gehen","11":"pa_attivita-running-de","12":"pa_attivita-trail-de","13":"pa_marca-wild-tee-de","14":"pa_sesso-herren","15":"pa_size-small-de","16":"pa_size-medium-de","17":"pa_size-large-de","18":"pa_size-extra-large-de","20":"first","21":"instock","22":"sale","23":"taxable","24":"shipping-taxable","25":"purchasable","26":"product-type-variable","27":"wvs-archive-product-wrapper"},"acf":[],"yoast_head":"<!-- This site is optimized with the Yoast SEO plugin v26.8 - https:\/\/yoast.com\/product\/yoast-seo-wordpress\/ -->\n<title>Wild Tee Singlet race black herren - Lauf-Tanktop- MioMioRun<\/title>\n<meta name=\"description\" content=\"Ultraleichtes Laufshirt, Wild Tee Wettkampf-Tanktop, Funktionsshirt f\u00fcr Stra\u00dfenl\u00e4ufe, atmungsaktives Herren-Wettkampf-Tanktop, recyceltes Openmesh-Tanktop\" \/>\n<meta name=\"robots\" content=\"index, follow, max-snippet:-1, max-image-preview:large, max-video-preview:-1\" \/>\n<link rel=\"canonical\" href=\"https:\/\/www.miomiorun.com\/de\/produkt\/singlet-race-black-herren\/\" \/>\n<meta property=\"og:locale\" content=\"de_DE\" \/>\n<meta property=\"og:type\" content=\"article\" \/>\n<meta property=\"og:title\" content=\"Wild Tee Singlet race black herren - Lauf-Tanktop- MioMioRun\" \/>\n<meta property=\"og:description\" content=\"Ultraleichtes Laufshirt, Wild Tee Wettkampf-Tanktop, Funktionsshirt f\u00fcr Stra\u00dfenl\u00e4ufe, atmungsaktives Herren-Wettkampf-Tanktop, recyceltes Openmesh-Tanktop\" \/>\n<meta property=\"og:url\" content=\"https:\/\/www.miomiorun.com\/de\/produkt\/singlet-race-black-herren\/\" \/>\n<meta property=\"og:site_name\" content=\"MioMioRun\" \/>\n<meta property=\"article:publisher\" content=\"https:\/\/www.facebook.com\/miomiorun\/\" \/>\n<meta property=\"article:modified_time\" content=\"2025-10-30T10:43:43+00:00\" \/>\n<meta property=\"og:image\" content=\"https:\/\/www.miomiorun.com\/app\/uploads\/2025\/04\/wild-tee-Singlet-M-race-black-WT018WT206.webp\" \/>\n\t<meta property=\"og:image:width\" content=\"600\" \/>\n\t<meta property=\"og:image:height\" content=\"600\" \/>\n\t<meta property=\"og:image:type\" content=\"image\/webp\" \/>\n<meta name=\"twitter:card\" content=\"summary_large_image\" \/>\n<meta name=\"twitter:label1\" content=\"Est. reading time\" \/>\n\t<meta name=\"twitter:data1\" content=\"1 minute\" \/>\n<script type=\"application\/ld+json\" class=\"yoast-schema-graph\">{\"@context\":\"https:\/\/schema.org\",\"@graph\":[{\"@type\":\"WebPage\",\"@id\":\"https:\/\/www.miomiorun.com\/de\/produkt\/singlet-race-black-herren\/\",\"url\":\"https:\/\/www.miomiorun.com\/de\/produkt\/singlet-race-black-herren\/\",\"name\":\"Wild Tee Singlet race black herren - Lauf-Tanktop- MioMioRun\",\"isPartOf\":{\"@id\":\"https:\/\/www.miomiorun.com\/de\/#website\"},\"primaryImageOfPage\":{\"@id\":\"https:\/\/www.miomiorun.com\/de\/produkt\/singlet-race-black-herren\/#primaryimage\"},\"image\":{\"@id\":\"https:\/\/www.miomiorun.com\/de\/produkt\/singlet-race-black-herren\/#primaryimage\"},\"thumbnailUrl\":\"https:\/\/www.miomiorun.com\/app\/uploads\/2025\/04\/wild-tee-Singlet-M-race-black-WT018WT206.webp\",\"datePublished\":\"2025-04-23T13:46:39+00:00\",\"dateModified\":\"2025-10-30T10:43:43+00:00\",\"description\":\"Ultraleichtes Laufshirt, Wild Tee Wettkampf-Tanktop, Funktionsshirt f\u00fcr Stra\u00dfenl\u00e4ufe, atmungsaktives Herren-Wettkampf-Tanktop, recyceltes Openmesh-Tanktop\",\"breadcrumb\":{\"@id\":\"https:\/\/www.miomiorun.com\/de\/produkt\/singlet-race-black-herren\/#breadcrumb\"},\"inLanguage\":\"de-DE\",\"potentialAction\":[{\"@type\":\"ReadAction\",\"target\":[\"https:\/\/www.miomiorun.com\/de\/produkt\/singlet-race-black-herren\/\"]}]},{\"@type\":\"ImageObject\",\"inLanguage\":\"de-DE\",\"@id\":\"https:\/\/www.miomiorun.com\/de\/produkt\/singlet-race-black-herren\/#primaryimage\",\"url\":\"https:\/\/www.miomiorun.com\/app\/uploads\/2025\/04\/wild-tee-Singlet-M-race-black-WT018WT206.webp\",\"contentUrl\":\"https:\/\/www.miomiorun.com\/app\/uploads\/2025\/04\/wild-tee-Singlet-M-race-black-WT018WT206.webp\",\"width\":600,\"height\":600,\"caption\":\"wild tee Singlet M race black WT018WT206\"},{\"@type\":\"BreadcrumbList\",\"@id\":\"https:\/\/www.miomiorun.com\/de\/produkt\/singlet-race-black-herren\/#breadcrumb\",\"itemListElement\":[{\"@type\":\"ListItem\",\"position\":1,\"name\":\"Home\",\"item\":\"https:\/\/www.miomiorun.com\/de\/\"},{\"@type\":\"ListItem\",\"position\":2,\"name\":\"Shop\",\"item\":\"https:\/\/www.miomiorun.com\/shop\/\"},{\"@type\":\"ListItem\",\"position\":3,\"name\":\"Singlet race black herren\"}]},{\"@type\":\"WebSite\",\"@id\":\"https:\/\/www.miomiorun.com\/de\/#website\",\"url\":\"https:\/\/www.miomiorun.com\/de\/\",\"name\":\"MioMioRun\",\"description\":\"100% Lauf- und Trailshop\",\"publisher\":{\"@id\":\"https:\/\/www.miomiorun.com\/de\/#organization\"},\"potentialAction\":[{\"@type\":\"SearchAction\",\"target\":{\"@type\":\"EntryPoint\",\"urlTemplate\":\"https:\/\/www.miomiorun.com\/de\/?s={search_term_string}\"},\"query-input\":{\"@type\":\"PropertyValueSpecification\",\"valueRequired\":true,\"valueName\":\"search_term_string\"}}],\"inLanguage\":\"de-DE\"},{\"@type\":\"Organization\",\"@id\":\"https:\/\/www.miomiorun.com\/de\/#organization\",\"name\":\"MioMio Run\",\"url\":\"https:\/\/www.miomiorun.com\/de\/\",\"logo\":{\"@type\":\"ImageObject\",\"inLanguage\":\"de-DE\",\"@id\":\"https:\/\/www.miomiorun.com\/de\/#\/schema\/logo\/image\/\",\"url\":\"https:\/\/www.miomiorun.com\/app\/uploads\/2019\/12\/logomio.png\",\"contentUrl\":\"https:\/\/www.miomiorun.com\/app\/uploads\/2019\/12\/logomio.png\",\"width\":115,\"height\":82,\"caption\":\"MioMio Run\"},\"image\":{\"@id\":\"https:\/\/www.miomiorun.com\/de\/#\/schema\/logo\/image\/\"},\"sameAs\":[\"https:\/\/www.facebook.com\/miomiorun\/\",\"https:\/\/www.instagram.com\/miomiorun\/\"]}]}<\/script>\n<!-- \/ Yoast SEO plugin. -->","yoast_head_json":{"title":"Wild Tee Singlet race black herren - Lauf-Tanktop- MioMioRun","description":"Ultraleichtes Laufshirt, Wild Tee Wettkampf-Tanktop, Funktionsshirt f\u00fcr Stra\u00dfenl\u00e4ufe, atmungsaktives Herren-Wettkampf-Tanktop, recyceltes Openmesh-Tanktop","robots":{"index":"index","follow":"follow","max-snippet":"max-snippet:-1","max-image-preview":"max-image-preview:large","max-video-preview":"max-video-preview:-1"},"canonical":"https:\/\/www.miomiorun.com\/de\/produkt\/singlet-race-black-herren\/","og_locale":"de_DE","og_type":"article","og_title":"Wild Tee Singlet race black herren - Lauf-Tanktop- MioMioRun","og_description":"Ultraleichtes Laufshirt, Wild Tee Wettkampf-Tanktop, Funktionsshirt f\u00fcr Stra\u00dfenl\u00e4ufe, atmungsaktives Herren-Wettkampf-Tanktop, recyceltes Openmesh-Tanktop","og_url":"https:\/\/www.miomiorun.com\/de\/produkt\/singlet-race-black-herren\/","og_site_name":"MioMioRun","article_publisher":"https:\/\/www.facebook.com\/miomiorun\/","article_modified_time":"2025-10-30T10:43:43+00:00","og_image":[{"width":600,"height":600,"url":"https:\/\/www.miomiorun.com\/app\/uploads\/2025\/04\/wild-tee-Singlet-M-race-black-WT018WT206.webp","type":"image\/webp"}],"twitter_card":"summary_large_image","twitter_misc":{"Est. reading time":"1 minute"},"schema":{"@context":"https:\/\/schema.org","@graph":[{"@type":"WebPage","@id":"https:\/\/www.miomiorun.com\/de\/produkt\/singlet-race-black-herren\/","url":"https:\/\/www.miomiorun.com\/de\/produkt\/singlet-race-black-herren\/","name":"Wild Tee Singlet race black herren - Lauf-Tanktop- MioMioRun","isPartOf":{"@id":"https:\/\/www.miomiorun.com\/de\/#website"},"primaryImageOfPage":{"@id":"https:\/\/www.miomiorun.com\/de\/produkt\/singlet-race-black-herren\/#primaryimage"},"image":{"@id":"https:\/\/www.miomiorun.com\/de\/produkt\/singlet-race-black-herren\/#primaryimage"},"thumbnailUrl":"https:\/\/www.miomiorun.com\/app\/uploads\/2025\/04\/wild-tee-Singlet-M-race-black-WT018WT206.webp","datePublished":"2025-04-23T13:46:39+00:00","dateModified":"2025-10-30T10:43:43+00:00","description":"Ultraleichtes Laufshirt, Wild Tee Wettkampf-Tanktop, Funktionsshirt f\u00fcr Stra\u00dfenl\u00e4ufe, atmungsaktives Herren-Wettkampf-Tanktop, recyceltes Openmesh-Tanktop","breadcrumb":{"@id":"https:\/\/www.miomiorun.com\/de\/produkt\/singlet-race-black-herren\/#breadcrumb"},"inLanguage":"de-DE","potentialAction":[{"@type":"ReadAction","target":["https:\/\/www.miomiorun.com\/de\/produkt\/singlet-race-black-herren\/"]}]},{"@type":"ImageObject","inLanguage":"de-DE","@id":"https:\/\/www.miomiorun.com\/de\/produkt\/singlet-race-black-herren\/#primaryimage","url":"https:\/\/www.miomiorun.com\/app\/uploads\/2025\/04\/wild-tee-Singlet-M-race-black-WT018WT206.webp","contentUrl":"https:\/\/www.miomiorun.com\/app\/uploads\/2025\/04\/wild-tee-Singlet-M-race-black-WT018WT206.webp","width":600,"height":600,"caption":"wild tee Singlet M race black WT018WT206"},{"@type":"BreadcrumbList","@id":"https:\/\/www.miomiorun.com\/de\/produkt\/singlet-race-black-herren\/#breadcrumb","itemListElement":[{"@type":"ListItem","position":1,"name":"Home","item":"https:\/\/www.miomiorun.com\/de\/"},{"@type":"ListItem","position":2,"name":"Shop","item":"https:\/\/www.miomiorun.com\/shop\/"},{"@type":"ListItem","position":3,"name":"Singlet race black herren"}]},{"@type":"WebSite","@id":"https:\/\/www.miomiorun.com\/de\/#website","url":"https:\/\/www.miomiorun.com\/de\/","name":"MioMioRun","description":"100% Lauf- und Trailshop","publisher":{"@id":"https:\/\/www.miomiorun.com\/de\/#organization"},"potentialAction":[{"@type":"SearchAction","target":{"@type":"EntryPoint","urlTemplate":"https:\/\/www.miomiorun.com\/de\/?s={search_term_string}"},"query-input":{"@type":"PropertyValueSpecification","valueRequired":true,"valueName":"search_term_string"}}],"inLanguage":"de-DE"},{"@type":"Organization","@id":"https:\/\/www.miomiorun.com\/de\/#organization","name":"MioMio Run","url":"https:\/\/www.miomiorun.com\/de\/","logo":{"@type":"ImageObject","inLanguage":"de-DE","@id":"https:\/\/www.miomiorun.com\/de\/#\/schema\/logo\/image\/","url":"https:\/\/www.miomiorun.com\/app\/uploads\/2019\/12\/logomio.png","contentUrl":"https:\/\/www.miomiorun.com\/app\/uploads\/2019\/12\/logomio.png","width":115,"height":82,"caption":"MioMio Run"},"image":{"@id":"https:\/\/www.miomiorun.com\/de\/#\/schema\/logo\/image\/"},"sameAs":["https:\/\/www.facebook.com\/miomiorun\/","https:\/\/www.instagram.com\/miomiorun\/"]}]}},"_links":{"self":[{"href":"https:\/\/www.miomiorun.com\/de\/wp-json\/wp\/v2\/product\/307641","targetHints":{"allow":["GET"]}}],"collection":[{"href":"https:\/\/www.miomiorun.com\/de\/wp-json\/wp\/v2\/product"}],"about":[{"href":"https:\/\/www.miomiorun.com\/de\/wp-json\/wp\/v2\/types\/product"}],"wp:featuredmedia":[{"embeddable":true,"href":"https:\/\/www.miomiorun.com\/de\/wp-json\/wp\/v2\/media\/308328"}],"wp:attachment":[{"href":"https:\/\/www.miomiorun.com\/de\/wp-json\/wp\/v2\/media?parent=307641"}],"wp:term":[{"taxonomy":"product_brand","embeddable":true,"href":"https:\/\/www.miomiorun.com\/de\/wp-json\/wp\/v2\/product_brand?post=307641"},{"taxonomy":"product_cat","embeddable":true,"href":"https:\/\/www.miomiorun.com\/de\/wp-json\/wp\/v2\/product_cat?post=307641"},{"taxonomy":"product_tag","embeddable":true,"href":"https:\/\/www.miomiorun.com\/de\/wp-json\/wp\/v2\/product_tag?post=307641"}],"curies":[{"name":"wp","href":"https:\/\/api.w.org\/{rel}","templated":true}]}}