{"id":307287,"date":"2025-04-22T18:48:44","date_gmt":"2025-04-22T16:48:44","guid":{"rendered":"https:\/\/miomiorun.com\/?post_type=product&#038;p=307287"},"modified":"2026-05-08T22:45:21","modified_gmt":"2026-05-08T20:45:21","slug":"adistar-byd-herren","status":"publish","type":"product","link":"https:\/\/www.miomiorun.com\/de\/produkt\/adistar-byd-herren\/","title":{"rendered":"Adistar Byd herren"},"content":{"rendered":"<p><div class=\"vc-row container\"><div class=\"vc-column\"><div class=\"vc-column-text\"><\/p>\n<h4>Technische Daten<\/h4>\n<p>Kategorie: Strukturierte D\u00e4mpfung<br \/>\nOffset: 6 mm<br \/>\nGewicht: 290 g<br \/>\nIdeal f\u00fcr: L\u00e4ufer und Walker mit mittlerem bis hohem Gewicht und neutralem Fu\u00dfabdruck, die ein Modell mit maximaler D\u00e4mpfung und Struktur f\u00fcr lange Lauf- oder Walkingstrecken suchen.<br \/>\nGewicht des Sportlers: &gt;75 kg<br \/>\nLaufgeschwindigkeit: langsam (&gt;5 min\/km)<br \/>\n<a href=\"https:\/\/miomiorun.com\/de\/leitfaden-fuer-technische-spezifikationen\/\">Leitfaden zu den technischen Spezifikationen<\/a><\/p>\n<p><\/div><\/div><div class=\"vc-column\"><div class=\"vc-column-text\"><\/p>\n<h3 class=\"subtitle___9ljbp\">Laufschuhe f\u00fcr zus\u00e4tzlichen Halt, teilweise aus recycelten Materialien hergestellt.<\/p>\n<p class=\"gl-vspace\">Wenn dein Trainingsplan Langstreckenl\u00e4ufe vorsieht, sind diese <strong>Adistar Byd<\/strong> Laufschuhe f\u00fcr Herren die ideale Wahl. Die REPETITOR 2.0-Zwischensohle sorgt f\u00fcr optimale Energier\u00fcckgabe und umschlie\u00dft die Ferse, um Kilometer f\u00fcr Kilometer zus\u00e4tzlichen Halt zu bieten. Die Lightstrike Pro-D\u00e4mpfung und die Distance Drive-Carbonplatte helfen dir, auch auf langen Strecken dein Bestes zu geben. Die Continental\u2122-Gummisohle bietet auch bei N\u00e4sse einen hervorragenden Grip, sodass du dich ohne Ablenkungen auf das Laufen konzentrieren kannst. Dieses Produkt enth\u00e4lt mindestens 20 % recycelte Materialien.<br \/>\n<strong>Eigenschaften:<\/p>\n<ul class=\"gl-list\">\n<li class=\"gl-vspace-bpall-small\">Normale Passform<\/li>\n<li class=\"gl-vspace-bpall-small\">Schn\u00fcrverschluss<\/li>\n<li class=\"gl-vspace-bpall-small\">Obermaterial aus Textil<\/li>\n<li class=\"gl-vspace-bpall-small\">Futter aus Textil<\/li>\n<li class=\"gl-vspace-bpall-small\">Lightstrike Pro-D\u00e4mpfung<\/li>\n<li class=\"gl-vspace-bpall-small\">REPETITOR 2.0-Zwischensohle<\/li>\n<li class=\"gl-vspace-bpall-small\">Continental\u2122-Gummisohle<\/li>\n<li class=\"gl-vspace-bpall-small\">Dieses Produkt enth\u00e4lt mindestens 20 % recycelte Materialien<\/li>\n<\/ul>\n<h2>Technologien<\/h2>\n<div class=\"accordion__content___29x9h\">\n<div class=\"content-padding___2kVWQ\">\n<div class=\"technologies-section___3gZqW technologies-section--no-img___B_YZF\">\n<div class=\"technologies-content-container--no-img___wNKqW\">\n<h3 class=\"technologies-content-name___kkx_0\">LIGHTSTRIKE PRO<\/h3>\n<div class=\"technologies-content-title___moWj6\"><strong>Rekordverd\u00e4chtige Leichtigkeit<\/strong><\/div>\n<p class=\"technologies-content-subtitle___2bGCf\">Die adidas Lightstrike Pro-D\u00e4mpfung wurde entwickelt, um dir mehr Geschwindigkeit und Energie zur\u00fcckzugeben.<\/p>\n<\/div>\n<\/div>\n<div class=\"technologies-section___3gZqW technologies-section--no-img___B_YZF\">\n<div class=\"technologies-content-container--no-img___wNKqW\">\n<h3 class=\"technologies-content-name___kkx_0\">REPETITOR<\/h3>\n<div class=\"technologies-content-title___moWj6\"><strong>Energier\u00fcckgabe auch bei l\u00e4ngeren L\u00e4ufen<\/strong><\/div>\n<p class=\"technologies-content-subtitle___2bGCf\">Repetitor bietet ein konstantes Ma\u00df an Stabilit\u00e4t und Energier\u00fcckgabe, um l\u00e4nger eine optimale Leistung zu erzielen. <\/p>\n<\/div>\n<\/div>\n<\/div>\n<\/div>\n<p><\/div><\/div><\/div><\/strong><\/p>\n<\/h3>\n","protected":false},"excerpt":{"rendered":"<ul>\n<li>Vielseitiger Schuh f\u00fcr lange Strecken.<\/li>\n<li>Mit Carbonplatte, damit du dein Bestes geben kannst.<\/li>\n<\/ul>\n","protected":false},"featured_media":352115,"template":"","meta":{"_acf_changed":false,"inline_featured_image":false},"product_brand":[],"product_cat":[6507,6506],"product_tag":[3403,6307],"class_list":{"0":"post-307287","1":"product","2":"type-product","3":"status-publish","4":"has-post-thumbnail","6":"product_cat-herren-schuhe-de","7":"product_cat-neutrale-herren-schuhe-de","8":"product_tag-adidas-de","9":"product_tag-adidas-herren-de","10":"pa_attivita-gehen","11":"pa_attivita-running-de","12":"pa_colore-adistar-byd-core-black-de","13":"pa_marca-adidas-de","14":"pa_sesso-herren","15":"pa_size-41-de","16":"pa_size-46-de","18":"first","19":"instock","20":"sale","21":"taxable","22":"shipping-taxable","23":"purchasable","24":"product-type-variable","25":"wvs-archive-product-wrapper"},"acf":[],"yoast_head":"<!-- This site is optimized with the Yoast SEO plugin v26.8 - https:\/\/yoast.com\/product\/yoast-seo-wordpress\/ -->\n<title>Adidas Adistar Byd herren - Laufschuhe - MioMioRun.com<\/title>\n<meta name=\"description\" content=\"Wenn Ihr Trainingsprogramm Langstreckenl\u00e4ufe vorsieht, sind diese Adistar Byd Laufschuhe f\u00fcr Herren die ideale Wahl.\" \/>\n<meta name=\"robots\" content=\"index, follow, max-snippet:-1, max-image-preview:large, max-video-preview:-1\" \/>\n<link rel=\"canonical\" href=\"https:\/\/www.miomiorun.com\/de\/produkt\/adistar-byd-herren\/\" \/>\n<meta property=\"og:locale\" content=\"de_DE\" \/>\n<meta property=\"og:type\" content=\"article\" \/>\n<meta property=\"og:title\" content=\"Adidas Adistar Byd herren - Laufschuhe - MioMioRun.com\" \/>\n<meta property=\"og:description\" content=\"Wenn Ihr Trainingsprogramm Langstreckenl\u00e4ufe vorsieht, sind diese Adistar Byd Laufschuhe f\u00fcr Herren die ideale Wahl.\" \/>\n<meta property=\"og:url\" content=\"https:\/\/www.miomiorun.com\/de\/produkt\/adistar-byd-herren\/\" \/>\n<meta property=\"og:site_name\" content=\"MioMioRun\" \/>\n<meta property=\"article:publisher\" content=\"https:\/\/www.facebook.com\/miomiorun\/\" \/>\n<meta property=\"article:modified_time\" content=\"2026-05-08T20:45:21+00:00\" \/>\n<meta property=\"og:image\" content=\"https:\/\/www.miomiorun.com\/app\/uploads\/2025\/09\/adidas-Adistar-BYD-core-black-JR0281.webp\" \/>\n\t<meta property=\"og:image:width\" content=\"720\" \/>\n\t<meta property=\"og:image:height\" content=\"720\" \/>\n\t<meta property=\"og:image:type\" content=\"image\/webp\" \/>\n<meta name=\"twitter:card\" content=\"summary_large_image\" \/>\n<meta name=\"twitter:label1\" content=\"Est. reading time\" \/>\n\t<meta name=\"twitter:data1\" content=\"1 minute\" \/>\n<script type=\"application\/ld+json\" class=\"yoast-schema-graph\">{\"@context\":\"https:\/\/schema.org\",\"@graph\":[{\"@type\":\"WebPage\",\"@id\":\"https:\/\/www.miomiorun.com\/de\/produkt\/adistar-byd-herren\/\",\"url\":\"https:\/\/www.miomiorun.com\/de\/produkt\/adistar-byd-herren\/\",\"name\":\"Adidas Adistar Byd herren - Laufschuhe - MioMioRun.com\",\"isPartOf\":{\"@id\":\"https:\/\/www.miomiorun.com\/de\/#website\"},\"primaryImageOfPage\":{\"@id\":\"https:\/\/www.miomiorun.com\/de\/produkt\/adistar-byd-herren\/#primaryimage\"},\"image\":{\"@id\":\"https:\/\/www.miomiorun.com\/de\/produkt\/adistar-byd-herren\/#primaryimage\"},\"thumbnailUrl\":\"https:\/\/www.miomiorun.com\/app\/uploads\/2025\/09\/adidas-Adistar-BYD-core-black-JR0281.webp\",\"datePublished\":\"2025-04-22T16:48:44+00:00\",\"dateModified\":\"2026-05-08T20:45:21+00:00\",\"description\":\"Wenn Ihr Trainingsprogramm Langstreckenl\u00e4ufe vorsieht, sind diese Adistar Byd Laufschuhe f\u00fcr Herren die ideale Wahl.\",\"breadcrumb\":{\"@id\":\"https:\/\/www.miomiorun.com\/de\/produkt\/adistar-byd-herren\/#breadcrumb\"},\"inLanguage\":\"de-DE\",\"potentialAction\":[{\"@type\":\"ReadAction\",\"target\":[\"https:\/\/www.miomiorun.com\/de\/produkt\/adistar-byd-herren\/\"]}]},{\"@type\":\"ImageObject\",\"inLanguage\":\"de-DE\",\"@id\":\"https:\/\/www.miomiorun.com\/de\/produkt\/adistar-byd-herren\/#primaryimage\",\"url\":\"https:\/\/www.miomiorun.com\/app\/uploads\/2025\/09\/adidas-Adistar-BYD-core-black-JR0281.webp\",\"contentUrl\":\"https:\/\/www.miomiorun.com\/app\/uploads\/2025\/09\/adidas-Adistar-BYD-core-black-JR0281.webp\",\"width\":720,\"height\":720,\"caption\":\"adidas Adistar BYD core black JR0281\"},{\"@type\":\"BreadcrumbList\",\"@id\":\"https:\/\/www.miomiorun.com\/de\/produkt\/adistar-byd-herren\/#breadcrumb\",\"itemListElement\":[{\"@type\":\"ListItem\",\"position\":1,\"name\":\"Home\",\"item\":\"https:\/\/www.miomiorun.com\/de\/\"},{\"@type\":\"ListItem\",\"position\":2,\"name\":\"Shop\",\"item\":\"https:\/\/www.miomiorun.com\/shop\/\"},{\"@type\":\"ListItem\",\"position\":3,\"name\":\"Adistar Byd herren\"}]},{\"@type\":\"WebSite\",\"@id\":\"https:\/\/www.miomiorun.com\/de\/#website\",\"url\":\"https:\/\/www.miomiorun.com\/de\/\",\"name\":\"MioMioRun\",\"description\":\"100% Lauf- und Trailshop\",\"publisher\":{\"@id\":\"https:\/\/www.miomiorun.com\/de\/#organization\"},\"potentialAction\":[{\"@type\":\"SearchAction\",\"target\":{\"@type\":\"EntryPoint\",\"urlTemplate\":\"https:\/\/www.miomiorun.com\/de\/?s={search_term_string}\"},\"query-input\":{\"@type\":\"PropertyValueSpecification\",\"valueRequired\":true,\"valueName\":\"search_term_string\"}}],\"inLanguage\":\"de-DE\"},{\"@type\":\"Organization\",\"@id\":\"https:\/\/www.miomiorun.com\/de\/#organization\",\"name\":\"MioMio Run\",\"url\":\"https:\/\/www.miomiorun.com\/de\/\",\"logo\":{\"@type\":\"ImageObject\",\"inLanguage\":\"de-DE\",\"@id\":\"https:\/\/www.miomiorun.com\/de\/#\/schema\/logo\/image\/\",\"url\":\"https:\/\/www.miomiorun.com\/app\/uploads\/2019\/12\/logomio.png\",\"contentUrl\":\"https:\/\/www.miomiorun.com\/app\/uploads\/2019\/12\/logomio.png\",\"width\":115,\"height\":82,\"caption\":\"MioMio Run\"},\"image\":{\"@id\":\"https:\/\/www.miomiorun.com\/de\/#\/schema\/logo\/image\/\"},\"sameAs\":[\"https:\/\/www.facebook.com\/miomiorun\/\",\"https:\/\/www.instagram.com\/miomiorun\/\"]}]}<\/script>\n<!-- \/ Yoast SEO plugin. -->","yoast_head_json":{"title":"Adidas Adistar Byd herren - Laufschuhe - MioMioRun.com","description":"Wenn Ihr Trainingsprogramm Langstreckenl\u00e4ufe vorsieht, sind diese Adistar Byd Laufschuhe f\u00fcr Herren die ideale Wahl.","robots":{"index":"index","follow":"follow","max-snippet":"max-snippet:-1","max-image-preview":"max-image-preview:large","max-video-preview":"max-video-preview:-1"},"canonical":"https:\/\/www.miomiorun.com\/de\/produkt\/adistar-byd-herren\/","og_locale":"de_DE","og_type":"article","og_title":"Adidas Adistar Byd herren - Laufschuhe - MioMioRun.com","og_description":"Wenn Ihr Trainingsprogramm Langstreckenl\u00e4ufe vorsieht, sind diese Adistar Byd Laufschuhe f\u00fcr Herren die ideale Wahl.","og_url":"https:\/\/www.miomiorun.com\/de\/produkt\/adistar-byd-herren\/","og_site_name":"MioMioRun","article_publisher":"https:\/\/www.facebook.com\/miomiorun\/","article_modified_time":"2026-05-08T20:45:21+00:00","og_image":[{"width":720,"height":720,"url":"https:\/\/www.miomiorun.com\/app\/uploads\/2025\/09\/adidas-Adistar-BYD-core-black-JR0281.webp","type":"image\/webp"}],"twitter_card":"summary_large_image","twitter_misc":{"Est. reading time":"1 minute"},"schema":{"@context":"https:\/\/schema.org","@graph":[{"@type":"WebPage","@id":"https:\/\/www.miomiorun.com\/de\/produkt\/adistar-byd-herren\/","url":"https:\/\/www.miomiorun.com\/de\/produkt\/adistar-byd-herren\/","name":"Adidas Adistar Byd herren - Laufschuhe - MioMioRun.com","isPartOf":{"@id":"https:\/\/www.miomiorun.com\/de\/#website"},"primaryImageOfPage":{"@id":"https:\/\/www.miomiorun.com\/de\/produkt\/adistar-byd-herren\/#primaryimage"},"image":{"@id":"https:\/\/www.miomiorun.com\/de\/produkt\/adistar-byd-herren\/#primaryimage"},"thumbnailUrl":"https:\/\/www.miomiorun.com\/app\/uploads\/2025\/09\/adidas-Adistar-BYD-core-black-JR0281.webp","datePublished":"2025-04-22T16:48:44+00:00","dateModified":"2026-05-08T20:45:21+00:00","description":"Wenn Ihr Trainingsprogramm Langstreckenl\u00e4ufe vorsieht, sind diese Adistar Byd Laufschuhe f\u00fcr Herren die ideale Wahl.","breadcrumb":{"@id":"https:\/\/www.miomiorun.com\/de\/produkt\/adistar-byd-herren\/#breadcrumb"},"inLanguage":"de-DE","potentialAction":[{"@type":"ReadAction","target":["https:\/\/www.miomiorun.com\/de\/produkt\/adistar-byd-herren\/"]}]},{"@type":"ImageObject","inLanguage":"de-DE","@id":"https:\/\/www.miomiorun.com\/de\/produkt\/adistar-byd-herren\/#primaryimage","url":"https:\/\/www.miomiorun.com\/app\/uploads\/2025\/09\/adidas-Adistar-BYD-core-black-JR0281.webp","contentUrl":"https:\/\/www.miomiorun.com\/app\/uploads\/2025\/09\/adidas-Adistar-BYD-core-black-JR0281.webp","width":720,"height":720,"caption":"adidas Adistar BYD core black JR0281"},{"@type":"BreadcrumbList","@id":"https:\/\/www.miomiorun.com\/de\/produkt\/adistar-byd-herren\/#breadcrumb","itemListElement":[{"@type":"ListItem","position":1,"name":"Home","item":"https:\/\/www.miomiorun.com\/de\/"},{"@type":"ListItem","position":2,"name":"Shop","item":"https:\/\/www.miomiorun.com\/shop\/"},{"@type":"ListItem","position":3,"name":"Adistar Byd herren"}]},{"@type":"WebSite","@id":"https:\/\/www.miomiorun.com\/de\/#website","url":"https:\/\/www.miomiorun.com\/de\/","name":"MioMioRun","description":"100% Lauf- und Trailshop","publisher":{"@id":"https:\/\/www.miomiorun.com\/de\/#organization"},"potentialAction":[{"@type":"SearchAction","target":{"@type":"EntryPoint","urlTemplate":"https:\/\/www.miomiorun.com\/de\/?s={search_term_string}"},"query-input":{"@type":"PropertyValueSpecification","valueRequired":true,"valueName":"search_term_string"}}],"inLanguage":"de-DE"},{"@type":"Organization","@id":"https:\/\/www.miomiorun.com\/de\/#organization","name":"MioMio Run","url":"https:\/\/www.miomiorun.com\/de\/","logo":{"@type":"ImageObject","inLanguage":"de-DE","@id":"https:\/\/www.miomiorun.com\/de\/#\/schema\/logo\/image\/","url":"https:\/\/www.miomiorun.com\/app\/uploads\/2019\/12\/logomio.png","contentUrl":"https:\/\/www.miomiorun.com\/app\/uploads\/2019\/12\/logomio.png","width":115,"height":82,"caption":"MioMio Run"},"image":{"@id":"https:\/\/www.miomiorun.com\/de\/#\/schema\/logo\/image\/"},"sameAs":["https:\/\/www.facebook.com\/miomiorun\/","https:\/\/www.instagram.com\/miomiorun\/"]}]}},"_links":{"self":[{"href":"https:\/\/www.miomiorun.com\/de\/wp-json\/wp\/v2\/product\/307287","targetHints":{"allow":["GET"]}}],"collection":[{"href":"https:\/\/www.miomiorun.com\/de\/wp-json\/wp\/v2\/product"}],"about":[{"href":"https:\/\/www.miomiorun.com\/de\/wp-json\/wp\/v2\/types\/product"}],"wp:featuredmedia":[{"embeddable":true,"href":"https:\/\/www.miomiorun.com\/de\/wp-json\/wp\/v2\/media\/352115"}],"wp:attachment":[{"href":"https:\/\/www.miomiorun.com\/de\/wp-json\/wp\/v2\/media?parent=307287"}],"wp:term":[{"taxonomy":"product_brand","embeddable":true,"href":"https:\/\/www.miomiorun.com\/de\/wp-json\/wp\/v2\/product_brand?post=307287"},{"taxonomy":"product_cat","embeddable":true,"href":"https:\/\/www.miomiorun.com\/de\/wp-json\/wp\/v2\/product_cat?post=307287"},{"taxonomy":"product_tag","embeddable":true,"href":"https:\/\/www.miomiorun.com\/de\/wp-json\/wp\/v2\/product_tag?post=307287"}],"curies":[{"name":"wp","href":"https:\/\/api.w.org\/{rel}","templated":true}]}}