{"id":306766,"date":"2025-04-22T12:29:34","date_gmt":"2025-04-22T10:29:34","guid":{"rendered":"https:\/\/miomiorun.com\/?post_type=product&#038;p=306766"},"modified":"2025-10-30T11:13:23","modified_gmt":"2025-10-30T10:13:23","slug":"pant-traverse-damen","status":"publish","type":"product","link":"https:\/\/www.miomiorun.com\/de\/produkt\/pant-traverse-damen\/","title":{"rendered":"Pant Traverse damen"},"content":{"rendered":"<p class=\"\" data-start=\"265\" data-end=\"629\">Entdecken Sie die neue <strong data-start=\"281\" data-end=\"298\">Pant Traverse<\/strong>, eines der interessantesten Modelle der SS25-Kollektion, das f\u00fcr alle entwickelt wurde, die leichtes Trekking, Wanderungen im Mittelgebirge und den direkten Kontakt mit der Natur lieben. Eine Funktionshose, die <strong data-start=\"504\" data-end=\"544\">Vielseitigkeit, Leichtigkeit und Schutz<\/strong> vereint, perfekt f\u00fcr unterwegs und f\u00fcr jede Outdoor-Situation geeignet.<\/p>\n<p class=\"\" data-start=\"631\" data-end=\"985\"><strong data-start=\"631\" data-end=\"672\">Diese Hose aus Endurance Light-Gewebe<\/strong> garantiert <strong data-start=\"697\" data-end=\"725\">Leichtigkeit und Kompaktheit<\/strong>, ohne die W\u00e4rmeisolierung zu beeintr\u00e4chtigen, und ist somit ideal f\u00fcr die \u00dcbergangszeit oder in H\u00f6henlagen. Die superleichten und elastischen Eins\u00e4tze aus <strong data-start=\"832\" data-end=\"850\">Stretch Series<\/strong> sorgen f\u00fcr maximale Bewegungsfreiheit und begleiten Sie Schritt f\u00fcr Schritt auf den anspruchsvollsten Wanderwegen. <\/p>\n<h3 class=\"\" data-start=\"987\" data-end=\"1021\"><strong data-start=\"993\" data-end=\"1021\">Technische Eigenschaften<\/strong><\/h3>\n<ul data-start=\"1022\" data-end=\"1634\">\n<li class=\"\" data-start=\"1022\" data-end=\"1124\">\n<p class=\"\" data-start=\"1024\" data-end=\"1124\"><strong data-start=\"1024\" data-end=\"1064\">Seitliche Eingrifftaschen mit Rei\u00dfverschluss<\/strong>: damit Sie w\u00e4hrend der Aktivit\u00e4t alles Notwendige sicher verstauen k\u00f6nnen<\/p>\n<\/li>\n<li class=\"\" data-start=\"1125\" data-end=\"1208\">\n<p class=\"\" data-start=\"1127\" data-end=\"1208\"><strong data-start=\"1127\" data-end=\"1164\">Seitentasche mit elastischem Rand<\/strong>: leicht zug\u00e4nglich und praktisch f\u00fcr schnell ben\u00f6tigte Gegenst\u00e4nde<\/p>\n<\/li>\n<li class=\"\" data-start=\"1209\" data-end=\"1267\">\n<p class=\"\" data-start=\"1211\" data-end=\"1267\"><strong data-start=\"1211\" data-end=\"1238\">Elastischer Bund<\/strong>: Komfort ohne einzuengen<\/p>\n<\/li>\n<li class=\"\" data-start=\"1268\" data-end=\"1381\">\n<p class=\"\" data-start=\"1270\" data-end=\"1381\"><strong data-start=\"1270\" data-end=\"1345\">Bund mit Rei\u00dfverschluss und ultraflachen, hochfesten Druckkn\u00f6pfen<\/strong>: Sicherheit und perfekte Passform<\/p>\n<\/li>\n<li class=\"\" data-start=\"1382\" data-end=\"1474\">\n<p class=\"\" data-start=\"1384\" data-end=\"1474\"><strong data-start=\"1384\" data-end=\"1425\">Verstellbarer Saum mit elastischem Kordelzug<\/strong>: passt die Hose an Stiefel oder Trailschuhe an<\/p>\n<\/li>\n<li class=\"\" data-start=\"1475\" data-end=\"1570\">\n<p class=\"\" data-start=\"1477\" data-end=\"1570\"><strong data-start=\"1477\" data-end=\"1498\">Reflektierende Logos<\/strong>: f\u00fcr bessere Sichtbarkeit in der D\u00e4mmerung oder bei schlechten Lichtverh\u00e4ltnissen<\/p>\n<\/li>\n<li class=\"\" data-start=\"1571\" data-end=\"1634\">\n<p class=\"\" data-start=\"1573\" data-end=\"1634\"><strong data-start=\"1573\" data-end=\"1608\">Kontrastfarbene N\u00e4hte<\/strong>: moderner, technischer Look<\/p>\n<\/li>\n<\/ul>\n<h3 class=\"\" data-start=\"1636\" data-end=\"1664\">&nbsp;<strong data-start=\"1643\" data-end=\"1664\">Warum Sie sich daf\u00fcr entscheiden sollten<\/strong><\/h3>\n<p class=\"\" data-start=\"1665\" data-end=\"1979\">\u2714 Perfekt f\u00fcr leichte Trekkingtouren und Ausfl\u00fcge im Fr\u00fchling und Sommer<br data-start=\"1732\" data-end=\"1735\">\u2714 Superkompakt und leicht im Rucksack zu verstauen<br data-start=\"1783\" data-end=\"1786\"> \u2714 Extrem elastisch und bequem in jeder Situation<br data-start=\"1843\" data-end=\"1846\">\u2714 Klares, technisches Design, auch f\u00fcr die Freizeit im Freien geeignet<br data-start=\"1912\" data-end=\"1915\">\u2714 Funktionale Details f\u00fcr echte Bergfreunde<\/p><\/p>\n","protected":false},"excerpt":{"rendered":"<p><strong data-start=\"1559\" data-end=\"1581\">Leicht und kompakt<\/strong>: l\u00e4sst sich leicht im Rucksack verstauen<br data-start=\"1614\" data-end=\"1617\"><strong data-start=\"1619\" data-end=\"1642\">Technisch und elastisch<\/strong>: passt sich jeder Bewegung an<br data-start=\"1673\" data-end=\"1676\"><strong data-start=\"1678\" data-end=\"1702\">Praktisch und funktional<\/strong>: mit sicheren Taschen und verstellbaren Details<br data-start=\"1749\" data-end=\"1752\"><strong data-start=\"1754\" data-end=\"1785\">Unter allen Bedingungen sichtbar<\/strong>: reflektierende Logos f\u00fcr mehr Sicherheit<\/p>\n","protected":false},"featured_media":306747,"template":"","meta":{"_acf_changed":false,"inline_featured_image":false},"product_brand":[],"product_cat":[6401,6487],"product_tag":[3370,6237],"class_list":{"0":"post-306766","1":"product","2":"type-product","3":"status-publish","4":"has-post-thumbnail","6":"product_cat-damenbekleidung","7":"product_cat-damenhosen","8":"product_tag-crazy-idea-de","9":"product_tag-crazy-idea-damen-de","10":"pa_attivita-lifestyle-de","11":"pa_attivita-outdoor-de","12":"pa_colore-pant-traverse-w-pop-de","13":"pa_marca-crazy-idea-de","14":"pa_sesso-damen","15":"pa_size-40-de","16":"pa_size-42-de","17":"pa_size-44-de","18":"pa_size-46-de","20":"first","21":"instock","22":"sale","23":"taxable","24":"shipping-taxable","25":"purchasable","26":"product-type-variable","27":"wvs-archive-product-wrapper"},"acf":[],"yoast_head":"<!-- This site is optimized with the Yoast SEO plugin v26.8 - https:\/\/yoast.com\/product\/yoast-seo-wordpress\/ -->\n<title>Crazy Idea Pant Traverse damen - Trekkinghosen - MioMioRun<\/title>\n<meta name=\"description\" content=\"Entdecken Sie die Pant Traverse SS25, die leichte und kompakte Funktionshose, ideal f\u00fcr Trekking und Wanderungen im Mittelgebirge. Maximaler Komfort und Schutz.\" \/>\n<meta name=\"robots\" content=\"index, follow, max-snippet:-1, max-image-preview:large, max-video-preview:-1\" \/>\n<link rel=\"canonical\" href=\"https:\/\/www.miomiorun.com\/de\/produkt\/pant-traverse-damen\/\" \/>\n<meta property=\"og:locale\" content=\"de_DE\" \/>\n<meta property=\"og:type\" content=\"article\" \/>\n<meta property=\"og:title\" content=\"Crazy Idea Pant Traverse damen - Trekkinghosen - MioMioRun\" \/>\n<meta property=\"og:description\" content=\"Entdecken Sie die Pant Traverse SS25, die leichte und kompakte Funktionshose, ideal f\u00fcr Trekking und Wanderungen im Mittelgebirge. Maximaler Komfort und Schutz.\" \/>\n<meta property=\"og:url\" content=\"https:\/\/www.miomiorun.com\/de\/produkt\/pant-traverse-damen\/\" \/>\n<meta property=\"og:site_name\" content=\"MioMioRun\" \/>\n<meta property=\"article:publisher\" content=\"https:\/\/www.facebook.com\/miomiorun\/\" \/>\n<meta property=\"article:modified_time\" content=\"2025-10-30T10:13:23+00:00\" \/>\n<meta property=\"og:image\" content=\"https:\/\/www.miomiorun.com\/app\/uploads\/2025\/04\/crazy-Pant-Traverse-W-pop-S25015154D-0063.webp\" \/>\n\t<meta property=\"og:image:width\" content=\"600\" \/>\n\t<meta property=\"og:image:height\" content=\"600\" \/>\n\t<meta property=\"og:image:type\" content=\"image\/webp\" \/>\n<meta name=\"twitter:card\" content=\"summary_large_image\" \/>\n<meta name=\"twitter:label1\" content=\"Est. reading time\" \/>\n\t<meta name=\"twitter:data1\" content=\"1 minute\" \/>\n<script type=\"application\/ld+json\" class=\"yoast-schema-graph\">{\"@context\":\"https:\/\/schema.org\",\"@graph\":[{\"@type\":\"WebPage\",\"@id\":\"https:\/\/www.miomiorun.com\/de\/produkt\/pant-traverse-damen\/\",\"url\":\"https:\/\/www.miomiorun.com\/de\/produkt\/pant-traverse-damen\/\",\"name\":\"Crazy Idea Pant Traverse damen - Trekkinghosen - MioMioRun\",\"isPartOf\":{\"@id\":\"https:\/\/www.miomiorun.com\/de\/#website\"},\"primaryImageOfPage\":{\"@id\":\"https:\/\/www.miomiorun.com\/de\/produkt\/pant-traverse-damen\/#primaryimage\"},\"image\":{\"@id\":\"https:\/\/www.miomiorun.com\/de\/produkt\/pant-traverse-damen\/#primaryimage\"},\"thumbnailUrl\":\"https:\/\/www.miomiorun.com\/app\/uploads\/2025\/04\/crazy-Pant-Traverse-W-pop-S25015154D-0063.webp\",\"datePublished\":\"2025-04-22T10:29:34+00:00\",\"dateModified\":\"2025-10-30T10:13:23+00:00\",\"description\":\"Entdecken Sie die Pant Traverse SS25, die leichte und kompakte Funktionshose, ideal f\u00fcr Trekking und Wanderungen im Mittelgebirge. Maximaler Komfort und Schutz.\",\"breadcrumb\":{\"@id\":\"https:\/\/www.miomiorun.com\/de\/produkt\/pant-traverse-damen\/#breadcrumb\"},\"inLanguage\":\"de-DE\",\"potentialAction\":[{\"@type\":\"ReadAction\",\"target\":[\"https:\/\/www.miomiorun.com\/de\/produkt\/pant-traverse-damen\/\"]}]},{\"@type\":\"ImageObject\",\"inLanguage\":\"de-DE\",\"@id\":\"https:\/\/www.miomiorun.com\/de\/produkt\/pant-traverse-damen\/#primaryimage\",\"url\":\"https:\/\/www.miomiorun.com\/app\/uploads\/2025\/04\/crazy-Pant-Traverse-W-pop-S25015154D-0063.webp\",\"contentUrl\":\"https:\/\/www.miomiorun.com\/app\/uploads\/2025\/04\/crazy-Pant-Traverse-W-pop-S25015154D-0063.webp\",\"width\":600,\"height\":600,\"caption\":\"crazy Pant Traverse W pop S25015154D-0063\"},{\"@type\":\"BreadcrumbList\",\"@id\":\"https:\/\/www.miomiorun.com\/de\/produkt\/pant-traverse-damen\/#breadcrumb\",\"itemListElement\":[{\"@type\":\"ListItem\",\"position\":1,\"name\":\"Home\",\"item\":\"https:\/\/www.miomiorun.com\/de\/\"},{\"@type\":\"ListItem\",\"position\":2,\"name\":\"Shop\",\"item\":\"https:\/\/www.miomiorun.com\/shop\/\"},{\"@type\":\"ListItem\",\"position\":3,\"name\":\"Pant Traverse damen\"}]},{\"@type\":\"WebSite\",\"@id\":\"https:\/\/www.miomiorun.com\/de\/#website\",\"url\":\"https:\/\/www.miomiorun.com\/de\/\",\"name\":\"MioMioRun\",\"description\":\"100% Lauf- und Trailshop\",\"publisher\":{\"@id\":\"https:\/\/www.miomiorun.com\/de\/#organization\"},\"potentialAction\":[{\"@type\":\"SearchAction\",\"target\":{\"@type\":\"EntryPoint\",\"urlTemplate\":\"https:\/\/www.miomiorun.com\/de\/?s={search_term_string}\"},\"query-input\":{\"@type\":\"PropertyValueSpecification\",\"valueRequired\":true,\"valueName\":\"search_term_string\"}}],\"inLanguage\":\"de-DE\"},{\"@type\":\"Organization\",\"@id\":\"https:\/\/www.miomiorun.com\/de\/#organization\",\"name\":\"MioMio Run\",\"url\":\"https:\/\/www.miomiorun.com\/de\/\",\"logo\":{\"@type\":\"ImageObject\",\"inLanguage\":\"de-DE\",\"@id\":\"https:\/\/www.miomiorun.com\/de\/#\/schema\/logo\/image\/\",\"url\":\"https:\/\/www.miomiorun.com\/app\/uploads\/2019\/12\/logomio.png\",\"contentUrl\":\"https:\/\/www.miomiorun.com\/app\/uploads\/2019\/12\/logomio.png\",\"width\":115,\"height\":82,\"caption\":\"MioMio Run\"},\"image\":{\"@id\":\"https:\/\/www.miomiorun.com\/de\/#\/schema\/logo\/image\/\"},\"sameAs\":[\"https:\/\/www.facebook.com\/miomiorun\/\",\"https:\/\/www.instagram.com\/miomiorun\/\"]}]}<\/script>\n<!-- \/ Yoast SEO plugin. -->","yoast_head_json":{"title":"Crazy Idea Pant Traverse damen - Trekkinghosen - MioMioRun","description":"Entdecken Sie die Pant Traverse SS25, die leichte und kompakte Funktionshose, ideal f\u00fcr Trekking und Wanderungen im Mittelgebirge. Maximaler Komfort und Schutz.","robots":{"index":"index","follow":"follow","max-snippet":"max-snippet:-1","max-image-preview":"max-image-preview:large","max-video-preview":"max-video-preview:-1"},"canonical":"https:\/\/www.miomiorun.com\/de\/produkt\/pant-traverse-damen\/","og_locale":"de_DE","og_type":"article","og_title":"Crazy Idea Pant Traverse damen - Trekkinghosen - MioMioRun","og_description":"Entdecken Sie die Pant Traverse SS25, die leichte und kompakte Funktionshose, ideal f\u00fcr Trekking und Wanderungen im Mittelgebirge. Maximaler Komfort und Schutz.","og_url":"https:\/\/www.miomiorun.com\/de\/produkt\/pant-traverse-damen\/","og_site_name":"MioMioRun","article_publisher":"https:\/\/www.facebook.com\/miomiorun\/","article_modified_time":"2025-10-30T10:13:23+00:00","og_image":[{"width":600,"height":600,"url":"https:\/\/www.miomiorun.com\/app\/uploads\/2025\/04\/crazy-Pant-Traverse-W-pop-S25015154D-0063.webp","type":"image\/webp"}],"twitter_card":"summary_large_image","twitter_misc":{"Est. reading time":"1 minute"},"schema":{"@context":"https:\/\/schema.org","@graph":[{"@type":"WebPage","@id":"https:\/\/www.miomiorun.com\/de\/produkt\/pant-traverse-damen\/","url":"https:\/\/www.miomiorun.com\/de\/produkt\/pant-traverse-damen\/","name":"Crazy Idea Pant Traverse damen - Trekkinghosen - MioMioRun","isPartOf":{"@id":"https:\/\/www.miomiorun.com\/de\/#website"},"primaryImageOfPage":{"@id":"https:\/\/www.miomiorun.com\/de\/produkt\/pant-traverse-damen\/#primaryimage"},"image":{"@id":"https:\/\/www.miomiorun.com\/de\/produkt\/pant-traverse-damen\/#primaryimage"},"thumbnailUrl":"https:\/\/www.miomiorun.com\/app\/uploads\/2025\/04\/crazy-Pant-Traverse-W-pop-S25015154D-0063.webp","datePublished":"2025-04-22T10:29:34+00:00","dateModified":"2025-10-30T10:13:23+00:00","description":"Entdecken Sie die Pant Traverse SS25, die leichte und kompakte Funktionshose, ideal f\u00fcr Trekking und Wanderungen im Mittelgebirge. Maximaler Komfort und Schutz.","breadcrumb":{"@id":"https:\/\/www.miomiorun.com\/de\/produkt\/pant-traverse-damen\/#breadcrumb"},"inLanguage":"de-DE","potentialAction":[{"@type":"ReadAction","target":["https:\/\/www.miomiorun.com\/de\/produkt\/pant-traverse-damen\/"]}]},{"@type":"ImageObject","inLanguage":"de-DE","@id":"https:\/\/www.miomiorun.com\/de\/produkt\/pant-traverse-damen\/#primaryimage","url":"https:\/\/www.miomiorun.com\/app\/uploads\/2025\/04\/crazy-Pant-Traverse-W-pop-S25015154D-0063.webp","contentUrl":"https:\/\/www.miomiorun.com\/app\/uploads\/2025\/04\/crazy-Pant-Traverse-W-pop-S25015154D-0063.webp","width":600,"height":600,"caption":"crazy Pant Traverse W pop S25015154D-0063"},{"@type":"BreadcrumbList","@id":"https:\/\/www.miomiorun.com\/de\/produkt\/pant-traverse-damen\/#breadcrumb","itemListElement":[{"@type":"ListItem","position":1,"name":"Home","item":"https:\/\/www.miomiorun.com\/de\/"},{"@type":"ListItem","position":2,"name":"Shop","item":"https:\/\/www.miomiorun.com\/shop\/"},{"@type":"ListItem","position":3,"name":"Pant Traverse damen"}]},{"@type":"WebSite","@id":"https:\/\/www.miomiorun.com\/de\/#website","url":"https:\/\/www.miomiorun.com\/de\/","name":"MioMioRun","description":"100% Lauf- und Trailshop","publisher":{"@id":"https:\/\/www.miomiorun.com\/de\/#organization"},"potentialAction":[{"@type":"SearchAction","target":{"@type":"EntryPoint","urlTemplate":"https:\/\/www.miomiorun.com\/de\/?s={search_term_string}"},"query-input":{"@type":"PropertyValueSpecification","valueRequired":true,"valueName":"search_term_string"}}],"inLanguage":"de-DE"},{"@type":"Organization","@id":"https:\/\/www.miomiorun.com\/de\/#organization","name":"MioMio Run","url":"https:\/\/www.miomiorun.com\/de\/","logo":{"@type":"ImageObject","inLanguage":"de-DE","@id":"https:\/\/www.miomiorun.com\/de\/#\/schema\/logo\/image\/","url":"https:\/\/www.miomiorun.com\/app\/uploads\/2019\/12\/logomio.png","contentUrl":"https:\/\/www.miomiorun.com\/app\/uploads\/2019\/12\/logomio.png","width":115,"height":82,"caption":"MioMio Run"},"image":{"@id":"https:\/\/www.miomiorun.com\/de\/#\/schema\/logo\/image\/"},"sameAs":["https:\/\/www.facebook.com\/miomiorun\/","https:\/\/www.instagram.com\/miomiorun\/"]}]}},"_links":{"self":[{"href":"https:\/\/www.miomiorun.com\/de\/wp-json\/wp\/v2\/product\/306766","targetHints":{"allow":["GET"]}}],"collection":[{"href":"https:\/\/www.miomiorun.com\/de\/wp-json\/wp\/v2\/product"}],"about":[{"href":"https:\/\/www.miomiorun.com\/de\/wp-json\/wp\/v2\/types\/product"}],"wp:featuredmedia":[{"embeddable":true,"href":"https:\/\/www.miomiorun.com\/de\/wp-json\/wp\/v2\/media\/306747"}],"wp:attachment":[{"href":"https:\/\/www.miomiorun.com\/de\/wp-json\/wp\/v2\/media?parent=306766"}],"wp:term":[{"taxonomy":"product_brand","embeddable":true,"href":"https:\/\/www.miomiorun.com\/de\/wp-json\/wp\/v2\/product_brand?post=306766"},{"taxonomy":"product_cat","embeddable":true,"href":"https:\/\/www.miomiorun.com\/de\/wp-json\/wp\/v2\/product_cat?post=306766"},{"taxonomy":"product_tag","embeddable":true,"href":"https:\/\/www.miomiorun.com\/de\/wp-json\/wp\/v2\/product_tag?post=306766"}],"curies":[{"name":"wp","href":"https:\/\/api.w.org\/{rel}","templated":true}]}}