{"id":304001,"date":"2025-04-15T16:04:20","date_gmt":"2025-04-15T14:04:20","guid":{"rendered":"https:\/\/miomiorun.com\/?post_type=product&#038;p=304001"},"modified":"2026-05-08T22:44:01","modified_gmt":"2026-05-08T20:44:01","slug":"pant-traverse-herren","status":"publish","type":"product","link":"https:\/\/www.miomiorun.com\/de\/produkt\/pant-traverse-herren\/","title":{"rendered":"Pant Traverse herren"},"content":{"rendered":"<p>Die <\/p>\n<p class=\"\" data-start=\"152\" data-end=\"492\">Traverse Pant wurde f\u00fcr Trekking entwickelt, eignet sich aber dank ihres minimalistischen Designs und ihrer technischen Konstruktion auch perfekt f\u00fcr <strong data-start=\"280\" data-end=\"319\">Urban Running und einen aktiven Lebensstil<\/strong>. Sie besteht aus <strong data-start=\"335\" data-end=\"354\">Endurance Light<\/strong> mit Eins\u00e4tzen aus <strong data-start=\"367\" data-end=\"385\">Stretch Series<\/strong> und bietet eine leichte, elastische und bequeme Passform, die Ihnen Bewegungsfreiheit in alle Richtungen erm\u00f6glicht.<\/p>\n<h3 class=\"\" data-start=\"494\" data-end=\"519\"><strong data-start=\"498\" data-end=\"519\">Produktvorteile:<\/strong><\/h3>\n<ul data-start=\"520\" data-end=\"732\">\n<li class=\"\" data-start=\"520\" data-end=\"574\">\n<p class=\"\" data-start=\"522\" data-end=\"574\"><strong data-start=\"522\" data-end=\"549\">Elastischer Bund<\/strong> mit verstellbarem Verschluss. <\/p>\n<\/li>\n<li class=\"\" data-start=\"575\" data-end=\"619\">\n<p class=\"\" data-start=\"577\" data-end=\"619\"><strong data-start=\"577\" data-end=\"596\">Praktische Taschen<\/strong> mit Rei\u00dfverschluss und Easy Pocket. <\/p>\n<\/li>\n<li class=\"\" data-start=\"620\" data-end=\"682\">\n<p class=\"\" data-start=\"622\" data-end=\"682\"><strong data-start=\"622\" data-end=\"646\">Reflektierende Details<\/strong> f\u00fcr maximale Sichtbarkeit in der Stadt.<\/p>\n<\/li>\n<li class=\"\" data-start=\"683\" data-end=\"732\">\n<p class=\"\" data-start=\"685\" data-end=\"732\"><strong data-start=\"685\" data-end=\"705\">Verstellbarer Saum<\/strong> f\u00fcr eine individuelle Passform.<\/p>\n<\/li>\n<\/ul>\n<p class=\"\" data-start=\"734\" data-end=\"891\"><strong data-start=\"734\" data-end=\"778\">Bequem, technisch und mit essentiellem Stil<\/strong> \u2013 die Traverse Pant ist perfekt f\u00fcr deine Laufeinheiten, schnellen Spazierg\u00e4nge und dynamischen Tage in der Stadt.<\/p><\/p>\n","protected":false},"excerpt":{"rendered":"<ul>\n<li>Bequem<\/li>\n<li>Technisch<\/li>\n<li>Schlichter Stil<\/li>\n<\/ul>\n","protected":false},"featured_media":306026,"template":"","meta":{"_acf_changed":false,"inline_featured_image":false},"product_brand":[],"product_cat":[6515,6540,6509],"product_tag":[3370,6238],"class_list":{"0":"post-304001","1":"product","2":"type-product","3":"status-publish","4":"has-post-thumbnail","6":"product_cat-herren-de","7":"product_cat-herrenbekleidung","8":"product_cat-lange-hosen","9":"product_tag-crazy-idea-de","10":"product_tag-crazy-idea-herren-de","11":"pa_attivita-gehen","12":"pa_attivita-outdoor-de","13":"pa_colore-pant-traverse-man-resina-de","14":"pa_marca-crazy-idea-de","15":"pa_sesso-herren","16":"pa_size-54-de","17":"pa_size-48-de","18":"pa_size-50-de","19":"pa_size-52-de","21":"first","22":"instock","23":"sale","24":"taxable","25":"shipping-taxable","26":"purchasable","27":"product-type-variable","28":"wvs-archive-product-wrapper"},"acf":[],"yoast_head":"<!-- This site is optimized with the Yoast SEO plugin v26.8 - https:\/\/yoast.com\/product\/yoast-seo-wordpress\/ -->\n<title>Crazy Idea Pant Traverse herren - Herrenhosen - MioMioRun<\/title>\n<meta name=\"description\" content=\"Entdecken Sie die Traverse Pant, die leichte und vielseitige Funktionshose f\u00fcr Urban Running, Trekking und Outdoor-Aktivit\u00e4ten. Komfort, Elastizit\u00e4t und reflektierende Details.\" \/>\n<meta name=\"robots\" content=\"index, follow, max-snippet:-1, max-image-preview:large, max-video-preview:-1\" \/>\n<link rel=\"canonical\" href=\"https:\/\/www.miomiorun.com\/de\/produkt\/pant-traverse-herren\/\" \/>\n<meta property=\"og:locale\" content=\"de_DE\" \/>\n<meta property=\"og:type\" content=\"article\" \/>\n<meta property=\"og:title\" content=\"Crazy Idea Pant Traverse herren - Herrenhosen - MioMioRun\" \/>\n<meta property=\"og:description\" content=\"Entdecken Sie die Traverse Pant, die leichte und vielseitige Funktionshose f\u00fcr Urban Running, Trekking und Outdoor-Aktivit\u00e4ten. Komfort, Elastizit\u00e4t und reflektierende Details.\" \/>\n<meta property=\"og:url\" content=\"https:\/\/www.miomiorun.com\/de\/produkt\/pant-traverse-herren\/\" \/>\n<meta property=\"og:site_name\" content=\"MioMioRun\" \/>\n<meta property=\"article:publisher\" content=\"https:\/\/www.facebook.com\/miomiorun\/\" \/>\n<meta property=\"article:modified_time\" content=\"2026-05-08T20:44:01+00:00\" \/>\n<meta property=\"og:image\" content=\"https:\/\/www.miomiorun.com\/app\/uploads\/2025\/04\/crazy-Pant-traverse-man-resina-S25015245U-0086.webp\" \/>\n\t<meta property=\"og:image:width\" content=\"600\" \/>\n\t<meta property=\"og:image:height\" content=\"600\" \/>\n\t<meta property=\"og:image:type\" content=\"image\/webp\" \/>\n<meta name=\"twitter:card\" content=\"summary_large_image\" \/>\n<meta name=\"twitter:label1\" content=\"Est. reading time\" \/>\n\t<meta name=\"twitter:data1\" content=\"1 minute\" \/>\n<script type=\"application\/ld+json\" class=\"yoast-schema-graph\">{\"@context\":\"https:\/\/schema.org\",\"@graph\":[{\"@type\":\"WebPage\",\"@id\":\"https:\/\/www.miomiorun.com\/de\/produkt\/pant-traverse-herren\/\",\"url\":\"https:\/\/www.miomiorun.com\/de\/produkt\/pant-traverse-herren\/\",\"name\":\"Crazy Idea Pant Traverse herren - Herrenhosen - MioMioRun\",\"isPartOf\":{\"@id\":\"https:\/\/www.miomiorun.com\/de\/#website\"},\"primaryImageOfPage\":{\"@id\":\"https:\/\/www.miomiorun.com\/de\/produkt\/pant-traverse-herren\/#primaryimage\"},\"image\":{\"@id\":\"https:\/\/www.miomiorun.com\/de\/produkt\/pant-traverse-herren\/#primaryimage\"},\"thumbnailUrl\":\"https:\/\/www.miomiorun.com\/app\/uploads\/2025\/04\/crazy-Pant-traverse-man-resina-S25015245U-0086.webp\",\"datePublished\":\"2025-04-15T14:04:20+00:00\",\"dateModified\":\"2026-05-08T20:44:01+00:00\",\"description\":\"Entdecken Sie die Traverse Pant, die leichte und vielseitige Funktionshose f\u00fcr Urban Running, Trekking und Outdoor-Aktivit\u00e4ten. Komfort, Elastizit\u00e4t und reflektierende Details.\",\"breadcrumb\":{\"@id\":\"https:\/\/www.miomiorun.com\/de\/produkt\/pant-traverse-herren\/#breadcrumb\"},\"inLanguage\":\"de-DE\",\"potentialAction\":[{\"@type\":\"ReadAction\",\"target\":[\"https:\/\/www.miomiorun.com\/de\/produkt\/pant-traverse-herren\/\"]}]},{\"@type\":\"ImageObject\",\"inLanguage\":\"de-DE\",\"@id\":\"https:\/\/www.miomiorun.com\/de\/produkt\/pant-traverse-herren\/#primaryimage\",\"url\":\"https:\/\/www.miomiorun.com\/app\/uploads\/2025\/04\/crazy-Pant-traverse-man-resina-S25015245U-0086.webp\",\"contentUrl\":\"https:\/\/www.miomiorun.com\/app\/uploads\/2025\/04\/crazy-Pant-traverse-man-resina-S25015245U-0086.webp\",\"width\":600,\"height\":600,\"caption\":\"crazy Pant traverse man resina S25015245U-0086\"},{\"@type\":\"BreadcrumbList\",\"@id\":\"https:\/\/www.miomiorun.com\/de\/produkt\/pant-traverse-herren\/#breadcrumb\",\"itemListElement\":[{\"@type\":\"ListItem\",\"position\":1,\"name\":\"Home\",\"item\":\"https:\/\/www.miomiorun.com\/de\/\"},{\"@type\":\"ListItem\",\"position\":2,\"name\":\"Shop\",\"item\":\"https:\/\/www.miomiorun.com\/shop\/\"},{\"@type\":\"ListItem\",\"position\":3,\"name\":\"Pant Traverse herren\"}]},{\"@type\":\"WebSite\",\"@id\":\"https:\/\/www.miomiorun.com\/de\/#website\",\"url\":\"https:\/\/www.miomiorun.com\/de\/\",\"name\":\"MioMioRun\",\"description\":\"100% Lauf- und Trailshop\",\"publisher\":{\"@id\":\"https:\/\/www.miomiorun.com\/de\/#organization\"},\"potentialAction\":[{\"@type\":\"SearchAction\",\"target\":{\"@type\":\"EntryPoint\",\"urlTemplate\":\"https:\/\/www.miomiorun.com\/de\/?s={search_term_string}\"},\"query-input\":{\"@type\":\"PropertyValueSpecification\",\"valueRequired\":true,\"valueName\":\"search_term_string\"}}],\"inLanguage\":\"de-DE\"},{\"@type\":\"Organization\",\"@id\":\"https:\/\/www.miomiorun.com\/de\/#organization\",\"name\":\"MioMio Run\",\"url\":\"https:\/\/www.miomiorun.com\/de\/\",\"logo\":{\"@type\":\"ImageObject\",\"inLanguage\":\"de-DE\",\"@id\":\"https:\/\/www.miomiorun.com\/de\/#\/schema\/logo\/image\/\",\"url\":\"https:\/\/www.miomiorun.com\/app\/uploads\/2019\/12\/logomio.png\",\"contentUrl\":\"https:\/\/www.miomiorun.com\/app\/uploads\/2019\/12\/logomio.png\",\"width\":115,\"height\":82,\"caption\":\"MioMio Run\"},\"image\":{\"@id\":\"https:\/\/www.miomiorun.com\/de\/#\/schema\/logo\/image\/\"},\"sameAs\":[\"https:\/\/www.facebook.com\/miomiorun\/\",\"https:\/\/www.instagram.com\/miomiorun\/\"]}]}<\/script>\n<!-- \/ Yoast SEO plugin. -->","yoast_head_json":{"title":"Crazy Idea Pant Traverse herren - Herrenhosen - MioMioRun","description":"Entdecken Sie die Traverse Pant, die leichte und vielseitige Funktionshose f\u00fcr Urban Running, Trekking und Outdoor-Aktivit\u00e4ten. Komfort, Elastizit\u00e4t und reflektierende Details.","robots":{"index":"index","follow":"follow","max-snippet":"max-snippet:-1","max-image-preview":"max-image-preview:large","max-video-preview":"max-video-preview:-1"},"canonical":"https:\/\/www.miomiorun.com\/de\/produkt\/pant-traverse-herren\/","og_locale":"de_DE","og_type":"article","og_title":"Crazy Idea Pant Traverse herren - Herrenhosen - MioMioRun","og_description":"Entdecken Sie die Traverse Pant, die leichte und vielseitige Funktionshose f\u00fcr Urban Running, Trekking und Outdoor-Aktivit\u00e4ten. Komfort, Elastizit\u00e4t und reflektierende Details.","og_url":"https:\/\/www.miomiorun.com\/de\/produkt\/pant-traverse-herren\/","og_site_name":"MioMioRun","article_publisher":"https:\/\/www.facebook.com\/miomiorun\/","article_modified_time":"2026-05-08T20:44:01+00:00","og_image":[{"width":600,"height":600,"url":"https:\/\/www.miomiorun.com\/app\/uploads\/2025\/04\/crazy-Pant-traverse-man-resina-S25015245U-0086.webp","type":"image\/webp"}],"twitter_card":"summary_large_image","twitter_misc":{"Est. reading time":"1 minute"},"schema":{"@context":"https:\/\/schema.org","@graph":[{"@type":"WebPage","@id":"https:\/\/www.miomiorun.com\/de\/produkt\/pant-traverse-herren\/","url":"https:\/\/www.miomiorun.com\/de\/produkt\/pant-traverse-herren\/","name":"Crazy Idea Pant Traverse herren - Herrenhosen - MioMioRun","isPartOf":{"@id":"https:\/\/www.miomiorun.com\/de\/#website"},"primaryImageOfPage":{"@id":"https:\/\/www.miomiorun.com\/de\/produkt\/pant-traverse-herren\/#primaryimage"},"image":{"@id":"https:\/\/www.miomiorun.com\/de\/produkt\/pant-traverse-herren\/#primaryimage"},"thumbnailUrl":"https:\/\/www.miomiorun.com\/app\/uploads\/2025\/04\/crazy-Pant-traverse-man-resina-S25015245U-0086.webp","datePublished":"2025-04-15T14:04:20+00:00","dateModified":"2026-05-08T20:44:01+00:00","description":"Entdecken Sie die Traverse Pant, die leichte und vielseitige Funktionshose f\u00fcr Urban Running, Trekking und Outdoor-Aktivit\u00e4ten. Komfort, Elastizit\u00e4t und reflektierende Details.","breadcrumb":{"@id":"https:\/\/www.miomiorun.com\/de\/produkt\/pant-traverse-herren\/#breadcrumb"},"inLanguage":"de-DE","potentialAction":[{"@type":"ReadAction","target":["https:\/\/www.miomiorun.com\/de\/produkt\/pant-traverse-herren\/"]}]},{"@type":"ImageObject","inLanguage":"de-DE","@id":"https:\/\/www.miomiorun.com\/de\/produkt\/pant-traverse-herren\/#primaryimage","url":"https:\/\/www.miomiorun.com\/app\/uploads\/2025\/04\/crazy-Pant-traverse-man-resina-S25015245U-0086.webp","contentUrl":"https:\/\/www.miomiorun.com\/app\/uploads\/2025\/04\/crazy-Pant-traverse-man-resina-S25015245U-0086.webp","width":600,"height":600,"caption":"crazy Pant traverse man resina S25015245U-0086"},{"@type":"BreadcrumbList","@id":"https:\/\/www.miomiorun.com\/de\/produkt\/pant-traverse-herren\/#breadcrumb","itemListElement":[{"@type":"ListItem","position":1,"name":"Home","item":"https:\/\/www.miomiorun.com\/de\/"},{"@type":"ListItem","position":2,"name":"Shop","item":"https:\/\/www.miomiorun.com\/shop\/"},{"@type":"ListItem","position":3,"name":"Pant Traverse herren"}]},{"@type":"WebSite","@id":"https:\/\/www.miomiorun.com\/de\/#website","url":"https:\/\/www.miomiorun.com\/de\/","name":"MioMioRun","description":"100% Lauf- und Trailshop","publisher":{"@id":"https:\/\/www.miomiorun.com\/de\/#organization"},"potentialAction":[{"@type":"SearchAction","target":{"@type":"EntryPoint","urlTemplate":"https:\/\/www.miomiorun.com\/de\/?s={search_term_string}"},"query-input":{"@type":"PropertyValueSpecification","valueRequired":true,"valueName":"search_term_string"}}],"inLanguage":"de-DE"},{"@type":"Organization","@id":"https:\/\/www.miomiorun.com\/de\/#organization","name":"MioMio Run","url":"https:\/\/www.miomiorun.com\/de\/","logo":{"@type":"ImageObject","inLanguage":"de-DE","@id":"https:\/\/www.miomiorun.com\/de\/#\/schema\/logo\/image\/","url":"https:\/\/www.miomiorun.com\/app\/uploads\/2019\/12\/logomio.png","contentUrl":"https:\/\/www.miomiorun.com\/app\/uploads\/2019\/12\/logomio.png","width":115,"height":82,"caption":"MioMio Run"},"image":{"@id":"https:\/\/www.miomiorun.com\/de\/#\/schema\/logo\/image\/"},"sameAs":["https:\/\/www.facebook.com\/miomiorun\/","https:\/\/www.instagram.com\/miomiorun\/"]}]}},"_links":{"self":[{"href":"https:\/\/www.miomiorun.com\/de\/wp-json\/wp\/v2\/product\/304001","targetHints":{"allow":["GET"]}}],"collection":[{"href":"https:\/\/www.miomiorun.com\/de\/wp-json\/wp\/v2\/product"}],"about":[{"href":"https:\/\/www.miomiorun.com\/de\/wp-json\/wp\/v2\/types\/product"}],"wp:featuredmedia":[{"embeddable":true,"href":"https:\/\/www.miomiorun.com\/de\/wp-json\/wp\/v2\/media\/306026"}],"wp:attachment":[{"href":"https:\/\/www.miomiorun.com\/de\/wp-json\/wp\/v2\/media?parent=304001"}],"wp:term":[{"taxonomy":"product_brand","embeddable":true,"href":"https:\/\/www.miomiorun.com\/de\/wp-json\/wp\/v2\/product_brand?post=304001"},{"taxonomy":"product_cat","embeddable":true,"href":"https:\/\/www.miomiorun.com\/de\/wp-json\/wp\/v2\/product_cat?post=304001"},{"taxonomy":"product_tag","embeddable":true,"href":"https:\/\/www.miomiorun.com\/de\/wp-json\/wp\/v2\/product_tag?post=304001"}],"curies":[{"name":"wp","href":"https:\/\/api.w.org\/{rel}","templated":true}]}}