{"id":303750,"date":"2025-04-15T12:28:29","date_gmt":"2025-04-15T10:28:29","guid":{"rendered":"https:\/\/miomiorun.com\/?post_type=product&#038;p=303750"},"modified":"2026-05-08T22:43:30","modified_gmt":"2026-05-08T20:43:30","slug":"jkt-legend-shell-herren","status":"publish","type":"product","link":"https:\/\/www.miomiorun.com\/de\/produkt\/jkt-legend-shell-herren\/","title":{"rendered":"Jkt Legend Shell herren"},"content":{"rendered":"<p class=\"\" data-start=\"163\" data-end=\"463\">St\u00fcrzen Sie sich stilvoll in Ihre Outdoor-Abenteuer. Die neue <strong data-start=\"238\" data-end=\"258\">Jkt Legend Shell<\/strong> ist viel mehr als nur eine Jacke: Sie ist eine technische, wasser- und winddichte Shelljacke, die sich durch <strong data-start=\"374\" data-end=\"408\">exklusive und extravagante Prints<\/strong> auszeichnet, die auch regnerischen Tagen Pers\u00f6nlichkeit verleihen.<\/p>\n<p class=\"\" data-start=\"465\" data-end=\"812\">Sie besteht aus <strong data-start=\"480\" data-end=\"507\">elastischem Softshell<\/strong> und einer <strong data-start=\"519\" data-end=\"532\">X-Buckler<\/strong>-Membran mit einer Wassers\u00e4ule von 8K mm und garantiert <strong data-start=\"573\" data-end=\"607\">vollst\u00e4ndigen Schutz vor schlechtem Wetter<\/strong>, Elastizit\u00e4t und maximalen Komfort. Perfekt f\u00fcr Trekkingtouren im Regen, leichte Wanderungen oder als Schutzjacke f\u00fcr den Alltag, kombiniert sie <strong data-start=\"767\" data-end=\"811\">fortschrittliche Funktionalit\u00e4t und originelles Design<\/strong>.<\/p>\n<h4 class=\"\" data-start=\"814\" data-end=\"850\"><strong data-start=\"819\" data-end=\"850\">Hauptmerkmale:<\/strong><\/h4>\n<ul data-start=\"851\" data-end=\"1297\">\n<li class=\"\" data-start=\"851\" data-end=\"903\">\n<p class=\"\" data-start=\"853\" data-end=\"903\"><strong data-start=\"853\" data-end=\"881\">Wasserdicht und winddicht<\/strong>, mit 8K-mm-Membran<\/p>\n<\/li>\n<li class=\"\" data-start=\"904\" data-end=\"970\">\n<p class=\"\" data-start=\"906\" data-end=\"970\"><strong data-start=\"906\" data-end=\"938\">Kapuze mit elastischem Rand<\/strong> f\u00fcr anpassbaren Schutz<\/p>\n<\/li>\n<li class=\"\" data-start=\"971\" data-end=\"1024\">\n<p class=\"\" data-start=\"973\" data-end=\"1024\"><strong data-start=\"973\" data-end=\"996\">Rei\u00dfverschlusstaschen<\/strong> f\u00fcr Sicherheit und Funktionalit\u00e4t<\/p>\n<\/li>\n<li class=\"\" data-start=\"1025\" data-end=\"1088\">\n<p class=\"\" data-start=\"1027\" data-end=\"1088\"><strong data-start=\"1027\" data-end=\"1054\">Rei\u00dfverschluss vorne mit Windschutzleiste<\/strong> f\u00fcr maximalen Komfort am Hals<\/p>\n<\/li>\n<li class=\"\" data-start=\"1089\" data-end=\"1162\">\n<p class=\"\" data-start=\"1091\" data-end=\"1162\"><strong data-start=\"1091\" data-end=\"1134\">Thermisch verschwei\u00dfte N\u00e4hte im oberen Bereich<\/strong> f\u00fcr zus\u00e4tzlichen Schutz<\/p>\n<\/li>\n<li class=\"\" data-start=\"1163\" data-end=\"1227\">\n<p class=\"\" data-start=\"1165\" data-end=\"1227\"><strong data-start=\"1165\" data-end=\"1200\">Elastisches Softshell-Material<\/strong> f\u00fcr Bewegungsfreiheit<\/p>\n<\/li>\n<li class=\"\" data-start=\"1228\" data-end=\"1297\">\n<p class=\"\" data-start=\"1230\" data-end=\"1297\"><strong data-start=\"1230\" data-end=\"1250\">Exklusive Prints<\/strong> f\u00fcr einen einzigartigen Look, auf und abseits der Wanderwege<\/p>\n<\/li>\n<\/ul>\n<p class=\"\" data-start=\"1299\" data-end=\"1403\">Leicht, kompakt und immer bereit, mit <strong data-start=\"1374\" data-end=\"1402\">Charakter und Funktionalit\u00e4t<\/strong> allen Wetterkapriolen zu trotzen.<\/p>\n","protected":false},"excerpt":{"rendered":"<ul data-start=\"851\" data-end=\"1297\">\n<li class=\"\" data-start=\"851\" data-end=\"903\">\n<p class=\"\" data-start=\"853\" data-end=\"903\">Wasserdicht und winddicht<\/p>\n<\/li>\n<li class=\"\" data-start=\"904\" data-end=\"970\">\n<p class=\"\" data-start=\"906\" data-end=\"970\">Kapuze mit elastischem Rand<\/p>\n<\/li>\n<li class=\"\" data-start=\"971\" data-end=\"1024\">\n<p class=\"\" data-start=\"973\" data-end=\"1024\">Handtaschen mit Rei\u00dfverschluss<\/p>\n<\/li>\n<\/ul>\n","protected":false},"featured_media":431712,"template":"","meta":{"_acf_changed":false,"inline_featured_image":false},"product_brand":[],"product_cat":[6540,6512],"product_tag":[3370,6238],"class_list":{"0":"post-303750","1":"product","2":"type-product","3":"status-publish","4":"has-post-thumbnail","6":"product_cat-herrenbekleidung","7":"product_cat-jacken","8":"product_tag-crazy-idea-de","9":"product_tag-crazy-idea-herren-de","10":"pa_attivita-gehen","11":"pa_attivita-lifestyle-de","12":"pa_attivita-outdoor-de","13":"pa_colore-jkt-legend-shell-m-lost-in-paradise","14":"pa_colore-jkt-legend-shell-magic-mountain-de","15":"pa_colore-jkt-legend-shell-pine-tree-de","16":"pa_colore-jkt-legend-shell-shadow","17":"pa_marca-crazy-idea-de","18":"pa_sesso-herren","19":"pa_size-small-de","20":"pa_size-medium-de","21":"pa_size-large-de","22":"pa_size-extra-large-de","24":"first","25":"instock","26":"sale","27":"taxable","28":"shipping-taxable","29":"purchasable","30":"product-type-variable","31":"wvs-archive-product-wrapper"},"acf":[],"yoast_head":"<!-- This site is optimized with the Yoast SEO plugin v26.8 - https:\/\/yoast.com\/product\/yoast-seo-wordpress\/ -->\n<title>Crazy Idea Jkt Legend Shell herren - Herrenjacken - MioMioRun<\/title>\n<meta name=\"description\" content=\"Entdecken Sie die Jkt Legend Shell: eine wasser- und winddichte Jacke mit einer 8K-mm-Membran und exklusiven Prints. Perfekt f\u00fcr Trekking, Outdoor-Aktivit\u00e4ten und die Stadt.\" \/>\n<meta name=\"robots\" content=\"index, follow, max-snippet:-1, max-image-preview:large, max-video-preview:-1\" \/>\n<link rel=\"canonical\" href=\"https:\/\/www.miomiorun.com\/de\/produkt\/jkt-legend-shell-herren\/\" \/>\n<meta property=\"og:locale\" content=\"de_DE\" \/>\n<meta property=\"og:type\" content=\"article\" \/>\n<meta property=\"og:title\" content=\"Crazy Idea Jkt Legend Shell herren - Herrenjacken - MioMioRun\" \/>\n<meta property=\"og:description\" content=\"Entdecken Sie die Jkt Legend Shell: eine wasser- und winddichte Jacke mit einer 8K-mm-Membran und exklusiven Prints. Perfekt f\u00fcr Trekking, Outdoor-Aktivit\u00e4ten und die Stadt.\" \/>\n<meta property=\"og:url\" content=\"https:\/\/www.miomiorun.com\/de\/produkt\/jkt-legend-shell-herren\/\" \/>\n<meta property=\"og:site_name\" content=\"MioMioRun\" \/>\n<meta property=\"article:publisher\" content=\"https:\/\/www.facebook.com\/miomiorun\/\" \/>\n<meta property=\"article:modified_time\" content=\"2026-05-08T20:43:30+00:00\" \/>\n<meta property=\"og:image\" content=\"https:\/\/www.miomiorun.com\/app\/uploads\/2026\/04\/crazy-JKT-legend-shell-shadow-S26055221U-X066.webp\" \/>\n\t<meta property=\"og:image:width\" content=\"720\" \/>\n\t<meta property=\"og:image:height\" content=\"720\" \/>\n\t<meta property=\"og:image:type\" content=\"image\/webp\" \/>\n<meta name=\"twitter:card\" content=\"summary_large_image\" \/>\n<meta name=\"twitter:label1\" content=\"Est. reading time\" \/>\n\t<meta name=\"twitter:data1\" content=\"1 minute\" \/>\n<script type=\"application\/ld+json\" class=\"yoast-schema-graph\">{\"@context\":\"https:\/\/schema.org\",\"@graph\":[{\"@type\":\"WebPage\",\"@id\":\"https:\/\/www.miomiorun.com\/de\/produkt\/jkt-legend-shell-herren\/\",\"url\":\"https:\/\/www.miomiorun.com\/de\/produkt\/jkt-legend-shell-herren\/\",\"name\":\"Crazy Idea Jkt Legend Shell herren - Herrenjacken - MioMioRun\",\"isPartOf\":{\"@id\":\"https:\/\/www.miomiorun.com\/de\/#website\"},\"primaryImageOfPage\":{\"@id\":\"https:\/\/www.miomiorun.com\/de\/produkt\/jkt-legend-shell-herren\/#primaryimage\"},\"image\":{\"@id\":\"https:\/\/www.miomiorun.com\/de\/produkt\/jkt-legend-shell-herren\/#primaryimage\"},\"thumbnailUrl\":\"https:\/\/www.miomiorun.com\/app\/uploads\/2026\/04\/crazy-JKT-legend-shell-shadow-S26055221U-X066.webp\",\"datePublished\":\"2025-04-15T10:28:29+00:00\",\"dateModified\":\"2026-05-08T20:43:30+00:00\",\"description\":\"Entdecken Sie die Jkt Legend Shell: eine wasser- und winddichte Jacke mit einer 8K-mm-Membran und exklusiven Prints. Perfekt f\u00fcr Trekking, Outdoor-Aktivit\u00e4ten und die Stadt.\",\"breadcrumb\":{\"@id\":\"https:\/\/www.miomiorun.com\/de\/produkt\/jkt-legend-shell-herren\/#breadcrumb\"},\"inLanguage\":\"de-DE\",\"potentialAction\":[{\"@type\":\"ReadAction\",\"target\":[\"https:\/\/www.miomiorun.com\/de\/produkt\/jkt-legend-shell-herren\/\"]}]},{\"@type\":\"ImageObject\",\"inLanguage\":\"de-DE\",\"@id\":\"https:\/\/www.miomiorun.com\/de\/produkt\/jkt-legend-shell-herren\/#primaryimage\",\"url\":\"https:\/\/www.miomiorun.com\/app\/uploads\/2026\/04\/crazy-JKT-legend-shell-shadow-S26055221U-X066.webp\",\"contentUrl\":\"https:\/\/www.miomiorun.com\/app\/uploads\/2026\/04\/crazy-JKT-legend-shell-shadow-S26055221U-X066.webp\",\"width\":720,\"height\":720,\"caption\":\"crazy JKT legend shell shadow S26055221U-X066\"},{\"@type\":\"BreadcrumbList\",\"@id\":\"https:\/\/www.miomiorun.com\/de\/produkt\/jkt-legend-shell-herren\/#breadcrumb\",\"itemListElement\":[{\"@type\":\"ListItem\",\"position\":1,\"name\":\"Home\",\"item\":\"https:\/\/www.miomiorun.com\/de\/home-page\/\"},{\"@type\":\"ListItem\",\"position\":2,\"name\":\"Shop\",\"item\":\"https:\/\/www.miomiorun.com\/shop\/\"},{\"@type\":\"ListItem\",\"position\":3,\"name\":\"Jkt Legend Shell herren\"}]},{\"@type\":\"WebSite\",\"@id\":\"https:\/\/www.miomiorun.com\/de\/#website\",\"url\":\"https:\/\/www.miomiorun.com\/de\/\",\"name\":\"MioMioRun\",\"description\":\"100% Lauf- und Trailshop\",\"publisher\":{\"@id\":\"https:\/\/www.miomiorun.com\/de\/#organization\"},\"potentialAction\":[{\"@type\":\"SearchAction\",\"target\":{\"@type\":\"EntryPoint\",\"urlTemplate\":\"https:\/\/www.miomiorun.com\/de\/?s={search_term_string}\"},\"query-input\":{\"@type\":\"PropertyValueSpecification\",\"valueRequired\":true,\"valueName\":\"search_term_string\"}}],\"inLanguage\":\"de-DE\"},{\"@type\":\"Organization\",\"@id\":\"https:\/\/www.miomiorun.com\/de\/#organization\",\"name\":\"MioMio Run\",\"url\":\"https:\/\/www.miomiorun.com\/de\/\",\"logo\":{\"@type\":\"ImageObject\",\"inLanguage\":\"de-DE\",\"@id\":\"https:\/\/www.miomiorun.com\/de\/#\/schema\/logo\/image\/\",\"url\":\"https:\/\/www.miomiorun.com\/app\/uploads\/2019\/12\/logomio.png\",\"contentUrl\":\"https:\/\/www.miomiorun.com\/app\/uploads\/2019\/12\/logomio.png\",\"width\":115,\"height\":82,\"caption\":\"MioMio Run\"},\"image\":{\"@id\":\"https:\/\/www.miomiorun.com\/de\/#\/schema\/logo\/image\/\"},\"sameAs\":[\"https:\/\/www.facebook.com\/miomiorun\/\",\"https:\/\/www.instagram.com\/miomiorun\/\"]}]}<\/script>\n<!-- \/ Yoast SEO plugin. -->","yoast_head_json":{"title":"Crazy Idea Jkt Legend Shell herren - Herrenjacken - MioMioRun","description":"Entdecken Sie die Jkt Legend Shell: eine wasser- und winddichte Jacke mit einer 8K-mm-Membran und exklusiven Prints. Perfekt f\u00fcr Trekking, Outdoor-Aktivit\u00e4ten und die Stadt.","robots":{"index":"index","follow":"follow","max-snippet":"max-snippet:-1","max-image-preview":"max-image-preview:large","max-video-preview":"max-video-preview:-1"},"canonical":"https:\/\/www.miomiorun.com\/de\/produkt\/jkt-legend-shell-herren\/","og_locale":"de_DE","og_type":"article","og_title":"Crazy Idea Jkt Legend Shell herren - Herrenjacken - MioMioRun","og_description":"Entdecken Sie die Jkt Legend Shell: eine wasser- und winddichte Jacke mit einer 8K-mm-Membran und exklusiven Prints. Perfekt f\u00fcr Trekking, Outdoor-Aktivit\u00e4ten und die Stadt.","og_url":"https:\/\/www.miomiorun.com\/de\/produkt\/jkt-legend-shell-herren\/","og_site_name":"MioMioRun","article_publisher":"https:\/\/www.facebook.com\/miomiorun\/","article_modified_time":"2026-05-08T20:43:30+00:00","og_image":[{"width":720,"height":720,"url":"https:\/\/www.miomiorun.com\/app\/uploads\/2026\/04\/crazy-JKT-legend-shell-shadow-S26055221U-X066.webp","type":"image\/webp"}],"twitter_card":"summary_large_image","twitter_misc":{"Est. reading time":"1 minute"},"schema":{"@context":"https:\/\/schema.org","@graph":[{"@type":"WebPage","@id":"https:\/\/www.miomiorun.com\/de\/produkt\/jkt-legend-shell-herren\/","url":"https:\/\/www.miomiorun.com\/de\/produkt\/jkt-legend-shell-herren\/","name":"Crazy Idea Jkt Legend Shell herren - Herrenjacken - MioMioRun","isPartOf":{"@id":"https:\/\/www.miomiorun.com\/de\/#website"},"primaryImageOfPage":{"@id":"https:\/\/www.miomiorun.com\/de\/produkt\/jkt-legend-shell-herren\/#primaryimage"},"image":{"@id":"https:\/\/www.miomiorun.com\/de\/produkt\/jkt-legend-shell-herren\/#primaryimage"},"thumbnailUrl":"https:\/\/www.miomiorun.com\/app\/uploads\/2026\/04\/crazy-JKT-legend-shell-shadow-S26055221U-X066.webp","datePublished":"2025-04-15T10:28:29+00:00","dateModified":"2026-05-08T20:43:30+00:00","description":"Entdecken Sie die Jkt Legend Shell: eine wasser- und winddichte Jacke mit einer 8K-mm-Membran und exklusiven Prints. Perfekt f\u00fcr Trekking, Outdoor-Aktivit\u00e4ten und die Stadt.","breadcrumb":{"@id":"https:\/\/www.miomiorun.com\/de\/produkt\/jkt-legend-shell-herren\/#breadcrumb"},"inLanguage":"de-DE","potentialAction":[{"@type":"ReadAction","target":["https:\/\/www.miomiorun.com\/de\/produkt\/jkt-legend-shell-herren\/"]}]},{"@type":"ImageObject","inLanguage":"de-DE","@id":"https:\/\/www.miomiorun.com\/de\/produkt\/jkt-legend-shell-herren\/#primaryimage","url":"https:\/\/www.miomiorun.com\/app\/uploads\/2026\/04\/crazy-JKT-legend-shell-shadow-S26055221U-X066.webp","contentUrl":"https:\/\/www.miomiorun.com\/app\/uploads\/2026\/04\/crazy-JKT-legend-shell-shadow-S26055221U-X066.webp","width":720,"height":720,"caption":"crazy JKT legend shell shadow S26055221U-X066"},{"@type":"BreadcrumbList","@id":"https:\/\/www.miomiorun.com\/de\/produkt\/jkt-legend-shell-herren\/#breadcrumb","itemListElement":[{"@type":"ListItem","position":1,"name":"Home","item":"https:\/\/www.miomiorun.com\/de\/home-page\/"},{"@type":"ListItem","position":2,"name":"Shop","item":"https:\/\/www.miomiorun.com\/shop\/"},{"@type":"ListItem","position":3,"name":"Jkt Legend Shell herren"}]},{"@type":"WebSite","@id":"https:\/\/www.miomiorun.com\/de\/#website","url":"https:\/\/www.miomiorun.com\/de\/","name":"MioMioRun","description":"100% Lauf- und Trailshop","publisher":{"@id":"https:\/\/www.miomiorun.com\/de\/#organization"},"potentialAction":[{"@type":"SearchAction","target":{"@type":"EntryPoint","urlTemplate":"https:\/\/www.miomiorun.com\/de\/?s={search_term_string}"},"query-input":{"@type":"PropertyValueSpecification","valueRequired":true,"valueName":"search_term_string"}}],"inLanguage":"de-DE"},{"@type":"Organization","@id":"https:\/\/www.miomiorun.com\/de\/#organization","name":"MioMio Run","url":"https:\/\/www.miomiorun.com\/de\/","logo":{"@type":"ImageObject","inLanguage":"de-DE","@id":"https:\/\/www.miomiorun.com\/de\/#\/schema\/logo\/image\/","url":"https:\/\/www.miomiorun.com\/app\/uploads\/2019\/12\/logomio.png","contentUrl":"https:\/\/www.miomiorun.com\/app\/uploads\/2019\/12\/logomio.png","width":115,"height":82,"caption":"MioMio Run"},"image":{"@id":"https:\/\/www.miomiorun.com\/de\/#\/schema\/logo\/image\/"},"sameAs":["https:\/\/www.facebook.com\/miomiorun\/","https:\/\/www.instagram.com\/miomiorun\/"]}]}},"_links":{"self":[{"href":"https:\/\/www.miomiorun.com\/de\/wp-json\/wp\/v2\/product\/303750","targetHints":{"allow":["GET"]}}],"collection":[{"href":"https:\/\/www.miomiorun.com\/de\/wp-json\/wp\/v2\/product"}],"about":[{"href":"https:\/\/www.miomiorun.com\/de\/wp-json\/wp\/v2\/types\/product"}],"wp:featuredmedia":[{"embeddable":true,"href":"https:\/\/www.miomiorun.com\/de\/wp-json\/wp\/v2\/media\/431712"}],"wp:attachment":[{"href":"https:\/\/www.miomiorun.com\/de\/wp-json\/wp\/v2\/media?parent=303750"}],"wp:term":[{"taxonomy":"product_brand","embeddable":true,"href":"https:\/\/www.miomiorun.com\/de\/wp-json\/wp\/v2\/product_brand?post=303750"},{"taxonomy":"product_cat","embeddable":true,"href":"https:\/\/www.miomiorun.com\/de\/wp-json\/wp\/v2\/product_cat?post=303750"},{"taxonomy":"product_tag","embeddable":true,"href":"https:\/\/www.miomiorun.com\/de\/wp-json\/wp\/v2\/product_tag?post=303750"}],"curies":[{"name":"wp","href":"https:\/\/api.w.org\/{rel}","templated":true}]}}