{"id":302942,"date":"2025-04-14T18:31:58","date_gmt":"2025-04-14T16:31:58","guid":{"rendered":"https:\/\/miomiorun.com\/?post_type=product&#038;p=302942"},"modified":"2026-05-09T10:17:03","modified_gmt":"2026-05-09T08:17:03","slug":"pull-traverse-damen","status":"publish","type":"product","link":"https:\/\/www.miomiorun.com\/de\/produkt\/pull-traverse-damen\/","title":{"rendered":"Pull Traverse damen"},"content":{"rendered":"<p class=\"\" data-start=\"158\" data-end=\"467\">Die neue <strong data-start=\"173\" data-end=\"190\">Traverse Pull<\/strong> aus der SS25-Kollektion ist f\u00fcr alle gedacht, die die Berge mit Leichtigkeit und Funktionalit\u00e4t erleben m\u00f6chten. Diese technische Midlayer-Jacke eignet sich perfekt f\u00fcr <strong data-start=\"334\" data-end=\"354\">leichtes Trekking<\/strong> und <strong data-start=\"360\" data-end=\"392\">Wanderungen im Mittelgebirge<\/strong> und vereint Leistung und Komfort in einem essentiellen und zeitgem\u00e4\u00dfen Design.<\/p>\n<p class=\"\" data-start=\"469\" data-end=\"970\">Sie besteht aus <strong data-start=\"484\" data-end=\"503\">Endurance Light<\/strong>, einem leichten, kompakten Material, das eine hervorragende W\u00e4rmeleistung bietet, und wird durch Eins\u00e4tze aus <strong data-start=\"609\" data-end=\"627\">Stretch Series<\/strong> erg\u00e4nzt, die noch elastischer und leichter sind und f\u00fcr <strong data-start=\"682\" data-end=\"715\">absolute Bewegungsfreiheit<\/strong> sorgen. Jedes Detail wurde entwickelt, um Sie in jeder Situation zu begleiten: von der ergonomischen Passform bis zur <strong data-start=\"813\" data-end=\"842\">Kapuze mit Schlitz f\u00fcr den Schwanz<\/strong>, von den <strong data-start=\"850\" data-end=\"881\">flachen Kontrastn\u00e4hten<\/strong> bis zu den <strong data-start=\"887\" data-end=\"910\">Daumenl\u00f6chern<\/strong> und den <strong data-start=\"920\" data-end=\"941\">reflektierenden Logos<\/strong>, die die Sichtbarkeit erh\u00f6hen.<\/p>\n<p class=\"\" data-start=\"972\" data-end=\"1132\"><strong data-start=\"972\" data-end=\"989\">Traverse Pull<\/strong> ist ein vielseitiges Kleidungsst\u00fcck, ideal als Zwischenschicht an k\u00e4lteren Tagen oder als leichter Schutz bei pl\u00f6tzlichen Wetterumschw\u00fcngen.<\/p>\n<h3 class=\"\" data-start=\"1139\" data-end=\"1173\"><strong data-start=\"1143\" data-end=\"1173\">Hauptmerkmale:<\/strong><\/h3>\n<ul data-start=\"1174\" data-end=\"1621\">\n<li class=\"\" data-start=\"1174\" data-end=\"1236\">\n<p class=\"\" data-start=\"1176\" data-end=\"1236\"><strong data-start=\"1184\" data-end=\"1203\">Endurance Light<\/strong>-Gewebe: warm, leicht und komprimierbar<\/p>\n<\/li>\n<li class=\"\" data-start=\"1237\" data-end=\"1311\">\n<p class=\"\" data-start=\"1239\" data-end=\"1311\">Eins\u00e4tze aus <strong data-start=\"1251\" data-end=\"1269\">Stretch Series<\/strong>: maximaler Komfort und Bewegungsfreiheit<\/p>\n<\/li>\n<li class=\"\" data-start=\"1312\" data-end=\"1354\">\n<p class=\"\" data-start=\"1314\" data-end=\"1354\"><strong data-start=\"1314\" data-end=\"1352\">Durchgehender Rei\u00dfverschluss vorne<\/strong><\/p>\n<\/li>\n<li class=\"\" data-start=\"1355\" data-end=\"1401\">\n<p class=\"\" data-start=\"1357\" data-end=\"1401\"><strong data-start=\"1357\" data-end=\"1376\">Flache N\u00e4hte<\/strong> in Kontrastfarbe<\/p>\n<\/li>\n<li class=\"\" data-start=\"1402\" data-end=\"1441\">\n<p class=\"\" data-start=\"1404\" data-end=\"1441\"><strong data-start=\"1404\" data-end=\"1419\">Bequeme und funktionelle Handtaschen<\/strong>\n<\/p>\n<li class=\"\" data-start=\"1442\" data-end=\"1493\">\n<p class=\"\" data-start=\"1444\" data-end=\"1493\"><strong data-start=\"1444\" data-end=\"1468\">Ergonomische Kapuze<\/strong> mit \u00d6ffnung f\u00fcr den Schwanz<\/p>\n<\/li>\n<li class=\"\" data-start=\"1494\" data-end=\"1551\">\n<p class=\"\" data-start=\"1496\" data-end=\"1551\"><strong data-start=\"1496\" data-end=\"1520\">Daumenloch<\/strong> f\u00fcr perfekten Sitz<\/p>\n<\/li>\n<li class=\"\" data-start=\"1552\" data-end=\"1621\">\n<p class=\"\" data-start=\"1554\" data-end=\"1621\"><strong data-start=\"1554\" data-end=\"1575\">Reflektierende Logos<\/strong> f\u00fcr gute Sichtbarkeit bei schlechten Lichtverh\u00e4ltnissen<\/p>\n<\/li>\n<\/li>\n<\/ul><\/p>\n","protected":false},"excerpt":{"rendered":"<ul data-start=\"1174\" data-end=\"1621\">\n<li class=\"\" data-start=\"1174\" data-end=\"1236\">\n<p class=\"\" data-start=\"1176\" data-end=\"1236\">Endurance Light-Gewebe: warm, leicht und komprimierbar<\/p>\n<\/li>\n<li class=\"\" data-start=\"1237\" data-end=\"1311\">\n<p class=\"\" data-start=\"1239\" data-end=\"1311\">Eins\u00e4tze aus Stretch Series: maximaler Komfort und Bewegungsfreiheit<\/p>\n<\/li>\n<li class=\"\" data-start=\"1312\" data-end=\"1354\">\n<p class=\"\" data-start=\"1314\" data-end=\"1354\"><strong data-start=\"1314\" data-end=\"1352\">Durchgehender Rei\u00dfverschluss vorne<\/strong><\/p>\n<\/li>\n<\/ul>\n","protected":false},"featured_media":85732,"template":"","meta":{"_acf_changed":false,"inline_featured_image":false},"product_brand":[],"product_cat":[6401,6486],"product_tag":[3370,6237],"class_list":{"0":"post-302942","1":"product","2":"type-product","3":"status-publish","4":"has-post-thumbnail","6":"product_cat-damenbekleidung","7":"product_cat-damenlangarmshirts","8":"product_tag-crazy-idea-de","9":"product_tag-crazy-idea-damen-de","10":"pa_attivita-gehen","11":"pa_attivita-outdoor-de","12":"pa_colore-pull-traverse-w-lake-de","13":"pa_marca-crazy-idea-de","14":"pa_sesso-damen","15":"pa_size-extra-small-de","16":"pa_size-small-de","17":"pa_size-large-de","19":"first","20":"instock","21":"sale","22":"taxable","23":"shipping-taxable","24":"purchasable","25":"product-type-variable","26":"wvs-archive-product-wrapper"},"acf":[],"yoast_head":"<!-- This site is optimized with the Yoast SEO plugin v26.8 - https:\/\/yoast.com\/product\/yoast-seo-wordpress\/ -->\n<title>Crazy Idea Pull Traverse damen - Laufshirt - MioMioRun<\/title>\n<meta name=\"description\" content=\"Entdecken Sie Traverse Pull: die leichte und kompakte Funktionsjacke f\u00fcr Trekking und Wanderungen. Sie besteht aus Endurance Light- und Stretch Series-Material und bietet Komfort, W\u00e4rme und Bewegungsfreiheit.\" \/>\n<meta name=\"robots\" content=\"index, follow, max-snippet:-1, max-image-preview:large, max-video-preview:-1\" \/>\n<link rel=\"canonical\" href=\"https:\/\/www.miomiorun.com\/de\/produkt\/pull-traverse-damen\/\" \/>\n<meta property=\"og:locale\" content=\"de_DE\" \/>\n<meta property=\"og:type\" content=\"article\" \/>\n<meta property=\"og:title\" content=\"Crazy Idea Pull Traverse damen - Laufshirt - MioMioRun\" \/>\n<meta property=\"og:description\" content=\"Entdecken Sie Traverse Pull: die leichte und kompakte Funktionsjacke f\u00fcr Trekking und Wanderungen. Sie besteht aus Endurance Light- und Stretch Series-Material und bietet Komfort, W\u00e4rme und Bewegungsfreiheit.\" \/>\n<meta property=\"og:url\" content=\"https:\/\/www.miomiorun.com\/de\/produkt\/pull-traverse-damen\/\" \/>\n<meta property=\"og:site_name\" content=\"MioMioRun\" \/>\n<meta property=\"article:publisher\" content=\"https:\/\/www.facebook.com\/miomiorun\/\" \/>\n<meta property=\"article:modified_time\" content=\"2026-05-09T08:17:03+00:00\" \/>\n<meta property=\"og:image\" content=\"https:\/\/www.miomiorun.com\/app\/uploads\/2022\/09\/crazy-idea-pull-oxygen-W-lambada-W22055142D-0044.jpg\" \/>\n\t<meta property=\"og:image:width\" content=\"600\" \/>\n\t<meta property=\"og:image:height\" content=\"600\" \/>\n\t<meta property=\"og:image:type\" content=\"image\/jpeg\" \/>\n<meta name=\"twitter:card\" content=\"summary_large_image\" \/>\n<meta name=\"twitter:label1\" content=\"Est. reading time\" \/>\n\t<meta name=\"twitter:data1\" content=\"1 minute\" \/>\n<script type=\"application\/ld+json\" class=\"yoast-schema-graph\">{\"@context\":\"https:\/\/schema.org\",\"@graph\":[{\"@type\":\"WebPage\",\"@id\":\"https:\/\/www.miomiorun.com\/de\/produkt\/pull-traverse-damen\/\",\"url\":\"https:\/\/www.miomiorun.com\/de\/produkt\/pull-traverse-damen\/\",\"name\":\"Crazy Idea Pull Traverse damen - Laufshirt - MioMioRun\",\"isPartOf\":{\"@id\":\"https:\/\/www.miomiorun.com\/de\/#website\"},\"primaryImageOfPage\":{\"@id\":\"https:\/\/www.miomiorun.com\/de\/produkt\/pull-traverse-damen\/#primaryimage\"},\"image\":{\"@id\":\"https:\/\/www.miomiorun.com\/de\/produkt\/pull-traverse-damen\/#primaryimage\"},\"thumbnailUrl\":\"https:\/\/www.miomiorun.com\/app\/uploads\/2022\/09\/crazy-idea-pull-oxygen-W-lambada-W22055142D-0044.jpg\",\"datePublished\":\"2025-04-14T16:31:58+00:00\",\"dateModified\":\"2026-05-09T08:17:03+00:00\",\"description\":\"Entdecken Sie Traverse Pull: die leichte und kompakte Funktionsjacke f\u00fcr Trekking und Wanderungen. Sie besteht aus Endurance Light- und Stretch Series-Material und bietet Komfort, W\u00e4rme und Bewegungsfreiheit.\",\"breadcrumb\":{\"@id\":\"https:\/\/www.miomiorun.com\/de\/produkt\/pull-traverse-damen\/#breadcrumb\"},\"inLanguage\":\"de-DE\",\"potentialAction\":[{\"@type\":\"ReadAction\",\"target\":[\"https:\/\/www.miomiorun.com\/de\/produkt\/pull-traverse-damen\/\"]}]},{\"@type\":\"ImageObject\",\"inLanguage\":\"de-DE\",\"@id\":\"https:\/\/www.miomiorun.com\/de\/produkt\/pull-traverse-damen\/#primaryimage\",\"url\":\"https:\/\/www.miomiorun.com\/app\/uploads\/2022\/09\/crazy-idea-pull-oxygen-W-lambada-W22055142D-0044.jpg\",\"contentUrl\":\"https:\/\/www.miomiorun.com\/app\/uploads\/2022\/09\/crazy-idea-pull-oxygen-W-lambada-W22055142D-0044.jpg\",\"width\":600,\"height\":600,\"caption\":\"crazy-idea-pull-oxygen-W-lambada-W22055142D-0044\"},{\"@type\":\"BreadcrumbList\",\"@id\":\"https:\/\/www.miomiorun.com\/de\/produkt\/pull-traverse-damen\/#breadcrumb\",\"itemListElement\":[{\"@type\":\"ListItem\",\"position\":1,\"name\":\"Home\",\"item\":\"https:\/\/www.miomiorun.com\/de\/\"},{\"@type\":\"ListItem\",\"position\":2,\"name\":\"Shop\",\"item\":\"https:\/\/www.miomiorun.com\/shop\/\"},{\"@type\":\"ListItem\",\"position\":3,\"name\":\"Pull Traverse damen\"}]},{\"@type\":\"WebSite\",\"@id\":\"https:\/\/www.miomiorun.com\/de\/#website\",\"url\":\"https:\/\/www.miomiorun.com\/de\/\",\"name\":\"MioMioRun\",\"description\":\"100% Lauf- und Trailshop\",\"publisher\":{\"@id\":\"https:\/\/www.miomiorun.com\/de\/#organization\"},\"potentialAction\":[{\"@type\":\"SearchAction\",\"target\":{\"@type\":\"EntryPoint\",\"urlTemplate\":\"https:\/\/www.miomiorun.com\/de\/?s={search_term_string}\"},\"query-input\":{\"@type\":\"PropertyValueSpecification\",\"valueRequired\":true,\"valueName\":\"search_term_string\"}}],\"inLanguage\":\"de-DE\"},{\"@type\":\"Organization\",\"@id\":\"https:\/\/www.miomiorun.com\/de\/#organization\",\"name\":\"MioMio Run\",\"url\":\"https:\/\/www.miomiorun.com\/de\/\",\"logo\":{\"@type\":\"ImageObject\",\"inLanguage\":\"de-DE\",\"@id\":\"https:\/\/www.miomiorun.com\/de\/#\/schema\/logo\/image\/\",\"url\":\"https:\/\/www.miomiorun.com\/app\/uploads\/2019\/12\/logomio.png\",\"contentUrl\":\"https:\/\/www.miomiorun.com\/app\/uploads\/2019\/12\/logomio.png\",\"width\":115,\"height\":82,\"caption\":\"MioMio Run\"},\"image\":{\"@id\":\"https:\/\/www.miomiorun.com\/de\/#\/schema\/logo\/image\/\"},\"sameAs\":[\"https:\/\/www.facebook.com\/miomiorun\/\",\"https:\/\/www.instagram.com\/miomiorun\/\"]}]}<\/script>\n<!-- \/ Yoast SEO plugin. -->","yoast_head_json":{"title":"Crazy Idea Pull Traverse damen - Laufshirt - MioMioRun","description":"Entdecken Sie Traverse Pull: die leichte und kompakte Funktionsjacke f\u00fcr Trekking und Wanderungen. Sie besteht aus Endurance Light- und Stretch Series-Material und bietet Komfort, W\u00e4rme und Bewegungsfreiheit.","robots":{"index":"index","follow":"follow","max-snippet":"max-snippet:-1","max-image-preview":"max-image-preview:large","max-video-preview":"max-video-preview:-1"},"canonical":"https:\/\/www.miomiorun.com\/de\/produkt\/pull-traverse-damen\/","og_locale":"de_DE","og_type":"article","og_title":"Crazy Idea Pull Traverse damen - Laufshirt - MioMioRun","og_description":"Entdecken Sie Traverse Pull: die leichte und kompakte Funktionsjacke f\u00fcr Trekking und Wanderungen. Sie besteht aus Endurance Light- und Stretch Series-Material und bietet Komfort, W\u00e4rme und Bewegungsfreiheit.","og_url":"https:\/\/www.miomiorun.com\/de\/produkt\/pull-traverse-damen\/","og_site_name":"MioMioRun","article_publisher":"https:\/\/www.facebook.com\/miomiorun\/","article_modified_time":"2026-05-09T08:17:03+00:00","og_image":[{"width":600,"height":600,"url":"https:\/\/www.miomiorun.com\/app\/uploads\/2022\/09\/crazy-idea-pull-oxygen-W-lambada-W22055142D-0044.jpg","type":"image\/jpeg"}],"twitter_card":"summary_large_image","twitter_misc":{"Est. reading time":"1 minute"},"schema":{"@context":"https:\/\/schema.org","@graph":[{"@type":"WebPage","@id":"https:\/\/www.miomiorun.com\/de\/produkt\/pull-traverse-damen\/","url":"https:\/\/www.miomiorun.com\/de\/produkt\/pull-traverse-damen\/","name":"Crazy Idea Pull Traverse damen - Laufshirt - MioMioRun","isPartOf":{"@id":"https:\/\/www.miomiorun.com\/de\/#website"},"primaryImageOfPage":{"@id":"https:\/\/www.miomiorun.com\/de\/produkt\/pull-traverse-damen\/#primaryimage"},"image":{"@id":"https:\/\/www.miomiorun.com\/de\/produkt\/pull-traverse-damen\/#primaryimage"},"thumbnailUrl":"https:\/\/www.miomiorun.com\/app\/uploads\/2022\/09\/crazy-idea-pull-oxygen-W-lambada-W22055142D-0044.jpg","datePublished":"2025-04-14T16:31:58+00:00","dateModified":"2026-05-09T08:17:03+00:00","description":"Entdecken Sie Traverse Pull: die leichte und kompakte Funktionsjacke f\u00fcr Trekking und Wanderungen. Sie besteht aus Endurance Light- und Stretch Series-Material und bietet Komfort, W\u00e4rme und Bewegungsfreiheit.","breadcrumb":{"@id":"https:\/\/www.miomiorun.com\/de\/produkt\/pull-traverse-damen\/#breadcrumb"},"inLanguage":"de-DE","potentialAction":[{"@type":"ReadAction","target":["https:\/\/www.miomiorun.com\/de\/produkt\/pull-traverse-damen\/"]}]},{"@type":"ImageObject","inLanguage":"de-DE","@id":"https:\/\/www.miomiorun.com\/de\/produkt\/pull-traverse-damen\/#primaryimage","url":"https:\/\/www.miomiorun.com\/app\/uploads\/2022\/09\/crazy-idea-pull-oxygen-W-lambada-W22055142D-0044.jpg","contentUrl":"https:\/\/www.miomiorun.com\/app\/uploads\/2022\/09\/crazy-idea-pull-oxygen-W-lambada-W22055142D-0044.jpg","width":600,"height":600,"caption":"crazy-idea-pull-oxygen-W-lambada-W22055142D-0044"},{"@type":"BreadcrumbList","@id":"https:\/\/www.miomiorun.com\/de\/produkt\/pull-traverse-damen\/#breadcrumb","itemListElement":[{"@type":"ListItem","position":1,"name":"Home","item":"https:\/\/www.miomiorun.com\/de\/"},{"@type":"ListItem","position":2,"name":"Shop","item":"https:\/\/www.miomiorun.com\/shop\/"},{"@type":"ListItem","position":3,"name":"Pull Traverse damen"}]},{"@type":"WebSite","@id":"https:\/\/www.miomiorun.com\/de\/#website","url":"https:\/\/www.miomiorun.com\/de\/","name":"MioMioRun","description":"100% Lauf- und Trailshop","publisher":{"@id":"https:\/\/www.miomiorun.com\/de\/#organization"},"potentialAction":[{"@type":"SearchAction","target":{"@type":"EntryPoint","urlTemplate":"https:\/\/www.miomiorun.com\/de\/?s={search_term_string}"},"query-input":{"@type":"PropertyValueSpecification","valueRequired":true,"valueName":"search_term_string"}}],"inLanguage":"de-DE"},{"@type":"Organization","@id":"https:\/\/www.miomiorun.com\/de\/#organization","name":"MioMio Run","url":"https:\/\/www.miomiorun.com\/de\/","logo":{"@type":"ImageObject","inLanguage":"de-DE","@id":"https:\/\/www.miomiorun.com\/de\/#\/schema\/logo\/image\/","url":"https:\/\/www.miomiorun.com\/app\/uploads\/2019\/12\/logomio.png","contentUrl":"https:\/\/www.miomiorun.com\/app\/uploads\/2019\/12\/logomio.png","width":115,"height":82,"caption":"MioMio Run"},"image":{"@id":"https:\/\/www.miomiorun.com\/de\/#\/schema\/logo\/image\/"},"sameAs":["https:\/\/www.facebook.com\/miomiorun\/","https:\/\/www.instagram.com\/miomiorun\/"]}]}},"_links":{"self":[{"href":"https:\/\/www.miomiorun.com\/de\/wp-json\/wp\/v2\/product\/302942","targetHints":{"allow":["GET"]}}],"collection":[{"href":"https:\/\/www.miomiorun.com\/de\/wp-json\/wp\/v2\/product"}],"about":[{"href":"https:\/\/www.miomiorun.com\/de\/wp-json\/wp\/v2\/types\/product"}],"wp:featuredmedia":[{"embeddable":true,"href":"https:\/\/www.miomiorun.com\/de\/wp-json\/wp\/v2\/media\/85732"}],"wp:attachment":[{"href":"https:\/\/www.miomiorun.com\/de\/wp-json\/wp\/v2\/media?parent=302942"}],"wp:term":[{"taxonomy":"product_brand","embeddable":true,"href":"https:\/\/www.miomiorun.com\/de\/wp-json\/wp\/v2\/product_brand?post=302942"},{"taxonomy":"product_cat","embeddable":true,"href":"https:\/\/www.miomiorun.com\/de\/wp-json\/wp\/v2\/product_cat?post=302942"},{"taxonomy":"product_tag","embeddable":true,"href":"https:\/\/www.miomiorun.com\/de\/wp-json\/wp\/v2\/product_tag?post=302942"}],"curies":[{"name":"wp","href":"https:\/\/api.w.org\/{rel}","templated":true}]}}