{"id":302017,"date":"2025-04-14T16:22:12","date_gmt":"2025-04-14T14:22:12","guid":{"rendered":"https:\/\/miomiorun.com\/?post_type=product&#038;p=302017"},"modified":"2026-01-24T17:39:34","modified_gmt":"2026-01-24T16:39:34","slug":"clifton-10-herren","status":"publish","type":"product","link":"https:\/\/www.miomiorun.com\/de\/produkt\/clifton-10-herren\/","title":{"rendered":"Clifton 10 herren"},"content":{"rendered":"<p><div class=\"vc-row container\"><div class=\"vc-column\"><div class=\"vc-column-text\"><\/p>\n<h4>Technische Daten<\/h4>\n<p>Kategorie: Weiche D\u00e4mpfung<br \/>\nVersatz: 8 mm<br \/>\nGewicht: 278 g<br \/>\nIdeal f\u00fcr: L\u00e4ufer und Walker mit neutralem Fu\u00df, die ein optimal ged\u00e4mpftes und bequemes Modell suchen, das den Aufprall auf den Boden neutralisiert, f\u00fcr mittlere bis lange Strecken.<br \/>\nGewicht des Athleten: 70-80 kg<br \/>\nLauftempo: mittel (5-6 min\/km)<br \/>\n<a href=\"https:\/\/miomiorun.com\/de\/leitfaden-fuer-technische-spezifikationen\/\">Technische Daten<\/a><\/p>\n<p><\/div><\/div><div class=\"vc-column\"><div class=\"vc-column-text\"><\/p>\n<p class=\"\" data-end=\"482\" data-start=\"175\">Entdecken Sie die neue Generation des Clifton, des kultigen Modells, das L\u00e4uferinnen und L\u00e4ufer seit \u00fcber 10 Jahren bei ihren t\u00e4glichen L\u00e4ufen begleitet. Dieser Schuh, der f\u00fcr diejenigen entwickelt wurde, die ihre Kilometer mit Leichtigkeit und Zuverl\u00e4ssigkeit zur\u00fccklegen m\u00f6chten, erneuert das Konzept der D\u00e4mpfung und bietet ein noch fl\u00fcssigeres und gesch\u00fctztes Lauferlebnis.<\/p>\n<p class=\"\" data-end=\"892\" data-start=\"484\">Der Clifton <strong data-end=\"532\" data-start=\"484\">wurde f\u00fcr die Stra\u00dfe und f\u00fcr Wanderungen entwickelt und<\/strong> verf\u00fcgt \u00fcber ein atmungsaktives Jacquard-Obermaterial und reflektierende Details, die auch bei l\u00e4ngeren oder abendlichen Ausfl\u00fcgen f\u00fcr Sichtbarkeit und Komfort sorgen. Das <strong data-end=\"724\" data-start=\"702\">flie\u00dfende MetaRocker\u2122-System<\/strong> f\u00f6rdert einen nat\u00fcrlichen Schritt-zu-Schritt-\u00dcbergang, w\u00e4hrend die neue CMEVA-Zwischensohle und die konturierte EVA-Einlegesohle eine weiche, stabile und dynamische Reaktion bieten.<\/p>\n<p><strong data-end=\"931\" data-start=\"894\">Was \u00e4ndert sich bei der neuen Version?<\/strong><\/p>\n<p>3 mm mehr Sprengung f\u00fcr ein angenehmeres Tragegef\u00fchl<\/p>\n<p>Doppelter Schn\u00fcrverschluss, um die Zunge an ihrem Platz zu halten<\/p>\n<p>Verbesserte Ferse und Vorfu\u00df f\u00fcr eine tadellose Passform<\/p>\n<p>Weicherer und nat\u00fcrlicherer \u00dcbergang unter dem Fu\u00df<\/p>\n<h3 class=\"\" data-end=\"1207\" data-start=\"1180\"><strong data-end=\"1205\" data-start=\"1184\">Warum w\u00e4hlen Sie ihn<\/strong><\/h3>\n<ul>\n<li data-end=\"1447\" data-start=\"1208\">Ultraleicht und reaktionsschnell<\/li>\n<li data-end=\"1447\" data-start=\"1208\">Pr\u00e4zise und komfortable D\u00e4mpfung<\/li>\n<li data-end=\"1447\" data-start=\"1208\">Maximale Atmungsaktivit\u00e4t dank Jacquard-Mesh<\/li>\n<li data-end=\"1447\" data-start=\"1208\">Reflektierende Details f\u00fcr sicheres Laufen<\/li>\n<li data-end=\"1447\" data-start=\"1208\">Langlebig und stabil, entwickelt, um Sie jeden Tag zu begleiten<\/li>\n<\/ul>\n<p class=\"\" data-end=\"1597\" data-start=\"1449\">Wenn Sie einen zuverl\u00e4ssigen, leichten Schuh mit lang anhaltendem Komfort f\u00fcr Ihr t\u00e4gliches Stra\u00dfentraining suchen, <strong data-end=\"1597\" data-start=\"1558\">ist der Clifton das richtige Modell f\u00fcr Sie<\/strong>.<\/p>\n<p><\/div><\/div><\/div><div class=\"vc-row container\"><div class=\"vc-column\"><\/div><\/div><\/p>\n","protected":false},"excerpt":{"rendered":"<ul>\n<li>MetaRocker\u2122 fluid<\/li>\n<li>3 mm extra Drop f\u00fcr ein umh\u00fcllendes Gef\u00fchl<\/li>\n<li>Entwickelt f\u00fcr die Stra\u00dfe und das Gehen<\/li>\n<\/ul>\n","protected":false},"featured_media":428049,"template":"","meta":{"_acf_changed":false,"inline_featured_image":false},"product_brand":[],"product_cat":[6507,6506],"product_tag":[3373,6226],"class_list":{"0":"post-302017","1":"product","2":"type-product","3":"status-publish","4":"has-post-thumbnail","6":"product_cat-herren-schuhe-de","7":"product_cat-neutrale-herren-schuhe-de","8":"product_tag-hoka-one-one-de","9":"product_tag-hoka-one-one-herren-de","10":"pa_attivita-gehen","11":"pa_attivita-lifestyle-de","12":"pa_attivita-running-de","13":"pa_colore-clifton-10-ash-grey-neon-green","14":"pa_colore-clifton-10-putty-grout","15":"pa_colore-clifton-10-sage-neon-flame","16":"pa_colore-clifton-10-yellow-gold-tidal-wave","17":"pa_marca-hoka-de","18":"pa_sesso-herren","19":"pa_size-41-de","20":"pa_size-42-de","22":"pa_size-43-de","23":"pa_size-44-de","25":"pa_size-45-de","26":"pa_size-46-de","28":"pa_size-47-de","30":"first","31":"instock","32":"sale","33":"taxable","34":"shipping-taxable","35":"purchasable","36":"product-type-variable","37":"wvs-archive-product-wrapper"},"acf":[],"yoast_head":"<!-- This site is optimized with the Yoast SEO plugin v26.8 - https:\/\/yoast.com\/product\/yoast-seo-wordpress\/ -->\n<title>Hoka Clifton 10 herren - Herren-Laufschuhe - MioMioRun .com<\/title>\n<meta name=\"description\" content=\"Entdecken Sie den neuen HOKA Clifton: ein leichter, ged\u00e4mpfter und stabiler Laufschuh, ideal f\u00fcr Stra\u00dfenl\u00e4ufe und Spazierg\u00e4nge. T\u00e4glicher Komfort und reibungslose Leistung\" \/>\n<meta name=\"robots\" content=\"index, follow, max-snippet:-1, max-image-preview:large, max-video-preview:-1\" \/>\n<link rel=\"canonical\" href=\"https:\/\/www.miomiorun.com\/de\/produkt\/clifton-10-herren\/\" \/>\n<meta property=\"og:locale\" content=\"de_DE\" \/>\n<meta property=\"og:type\" content=\"article\" \/>\n<meta property=\"og:title\" content=\"Hoka Clifton 10 herren - Herren-Laufschuhe - MioMioRun .com\" \/>\n<meta property=\"og:description\" content=\"Entdecken Sie den neuen HOKA Clifton: ein leichter, ged\u00e4mpfter und stabiler Laufschuh, ideal f\u00fcr Stra\u00dfenl\u00e4ufe und Spazierg\u00e4nge. T\u00e4glicher Komfort und reibungslose Leistung\" \/>\n<meta property=\"og:url\" content=\"https:\/\/www.miomiorun.com\/de\/produkt\/clifton-10-herren\/\" \/>\n<meta property=\"og:site_name\" content=\"MioMioRun\" \/>\n<meta property=\"article:publisher\" content=\"https:\/\/www.facebook.com\/miomiorun\/\" \/>\n<meta property=\"article:modified_time\" content=\"2026-01-24T16:39:34+00:00\" \/>\n<meta property=\"og:image\" content=\"https:\/\/www.miomiorun.com\/app\/uploads\/2025\/04\/hoka-Clifton-10-mint-fluorite-luna-moth-1162030-MTFL.webp\" \/>\n\t<meta property=\"og:image:width\" content=\"600\" \/>\n\t<meta property=\"og:image:height\" content=\"600\" \/>\n\t<meta property=\"og:image:type\" content=\"image\/webp\" \/>\n<meta name=\"twitter:card\" content=\"summary_large_image\" \/>\n<meta name=\"twitter:label1\" content=\"Est. reading time\" \/>\n\t<meta name=\"twitter:data1\" content=\"1 minute\" \/>\n<script type=\"application\/ld+json\" class=\"yoast-schema-graph\">{\"@context\":\"https:\/\/schema.org\",\"@graph\":[{\"@type\":\"WebPage\",\"@id\":\"https:\/\/www.miomiorun.com\/de\/produkt\/clifton-10-herren\/\",\"url\":\"https:\/\/www.miomiorun.com\/de\/produkt\/clifton-10-herren\/\",\"name\":\"Hoka Clifton 10 herren - Herren-Laufschuhe - MioMioRun .com\",\"isPartOf\":{\"@id\":\"https:\/\/www.miomiorun.com\/de\/#website\"},\"primaryImageOfPage\":{\"@id\":\"https:\/\/www.miomiorun.com\/de\/produkt\/clifton-10-herren\/#primaryimage\"},\"image\":{\"@id\":\"https:\/\/www.miomiorun.com\/de\/produkt\/clifton-10-herren\/#primaryimage\"},\"thumbnailUrl\":\"https:\/\/www.miomiorun.com\/app\/uploads\/2026\/04\/hoka-Clifton-10-yellow-gold-tidal-wave-1162030-YDT.webp\",\"datePublished\":\"2025-04-14T14:22:12+00:00\",\"dateModified\":\"2026-01-24T16:39:34+00:00\",\"description\":\"Entdecken Sie den neuen HOKA Clifton: ein leichter, ged\u00e4mpfter und stabiler Laufschuh, ideal f\u00fcr Stra\u00dfenl\u00e4ufe und Spazierg\u00e4nge. T\u00e4glicher Komfort und reibungslose Leistung\",\"breadcrumb\":{\"@id\":\"https:\/\/www.miomiorun.com\/de\/produkt\/clifton-10-herren\/#breadcrumb\"},\"inLanguage\":\"de-DE\",\"potentialAction\":[{\"@type\":\"ReadAction\",\"target\":[\"https:\/\/www.miomiorun.com\/de\/produkt\/clifton-10-herren\/\"]}]},{\"@type\":\"ImageObject\",\"inLanguage\":\"de-DE\",\"@id\":\"https:\/\/www.miomiorun.com\/de\/produkt\/clifton-10-herren\/#primaryimage\",\"url\":\"https:\/\/www.miomiorun.com\/app\/uploads\/2026\/04\/hoka-Clifton-10-yellow-gold-tidal-wave-1162030-YDT.webp\",\"contentUrl\":\"https:\/\/www.miomiorun.com\/app\/uploads\/2026\/04\/hoka-Clifton-10-yellow-gold-tidal-wave-1162030-YDT.webp\",\"width\":720,\"height\":720,\"caption\":\"hoka Clifton 10 yellow gold tidal wave 1162030 YDT\"},{\"@type\":\"BreadcrumbList\",\"@id\":\"https:\/\/www.miomiorun.com\/de\/produkt\/clifton-10-herren\/#breadcrumb\",\"itemListElement\":[{\"@type\":\"ListItem\",\"position\":1,\"name\":\"Home\",\"item\":\"https:\/\/www.miomiorun.com\/de\/\"},{\"@type\":\"ListItem\",\"position\":2,\"name\":\"Shop\",\"item\":\"https:\/\/www.miomiorun.com\/shop\/\"},{\"@type\":\"ListItem\",\"position\":3,\"name\":\"Clifton 10 herren\"}]},{\"@type\":\"WebSite\",\"@id\":\"https:\/\/www.miomiorun.com\/de\/#website\",\"url\":\"https:\/\/www.miomiorun.com\/de\/\",\"name\":\"MioMioRun\",\"description\":\"100% Lauf- und Trailshop\",\"publisher\":{\"@id\":\"https:\/\/www.miomiorun.com\/de\/#organization\"},\"potentialAction\":[{\"@type\":\"SearchAction\",\"target\":{\"@type\":\"EntryPoint\",\"urlTemplate\":\"https:\/\/www.miomiorun.com\/de\/?s={search_term_string}\"},\"query-input\":{\"@type\":\"PropertyValueSpecification\",\"valueRequired\":true,\"valueName\":\"search_term_string\"}}],\"inLanguage\":\"de-DE\"},{\"@type\":\"Organization\",\"@id\":\"https:\/\/www.miomiorun.com\/de\/#organization\",\"name\":\"MioMio Run\",\"url\":\"https:\/\/www.miomiorun.com\/de\/\",\"logo\":{\"@type\":\"ImageObject\",\"inLanguage\":\"de-DE\",\"@id\":\"https:\/\/www.miomiorun.com\/de\/#\/schema\/logo\/image\/\",\"url\":\"https:\/\/www.miomiorun.com\/app\/uploads\/2019\/12\/logomio.png\",\"contentUrl\":\"https:\/\/www.miomiorun.com\/app\/uploads\/2019\/12\/logomio.png\",\"width\":115,\"height\":82,\"caption\":\"MioMio Run\"},\"image\":{\"@id\":\"https:\/\/www.miomiorun.com\/de\/#\/schema\/logo\/image\/\"},\"sameAs\":[\"https:\/\/www.facebook.com\/miomiorun\/\",\"https:\/\/www.instagram.com\/miomiorun\/\"]}]}<\/script>\n<!-- \/ Yoast SEO plugin. -->","yoast_head_json":{"title":"Hoka Clifton 10 herren - Herren-Laufschuhe - MioMioRun .com","description":"Entdecken Sie den neuen HOKA Clifton: ein leichter, ged\u00e4mpfter und stabiler Laufschuh, ideal f\u00fcr Stra\u00dfenl\u00e4ufe und Spazierg\u00e4nge. T\u00e4glicher Komfort und reibungslose Leistung","robots":{"index":"index","follow":"follow","max-snippet":"max-snippet:-1","max-image-preview":"max-image-preview:large","max-video-preview":"max-video-preview:-1"},"canonical":"https:\/\/www.miomiorun.com\/de\/produkt\/clifton-10-herren\/","og_locale":"de_DE","og_type":"article","og_title":"Hoka Clifton 10 herren - Herren-Laufschuhe - MioMioRun .com","og_description":"Entdecken Sie den neuen HOKA Clifton: ein leichter, ged\u00e4mpfter und stabiler Laufschuh, ideal f\u00fcr Stra\u00dfenl\u00e4ufe und Spazierg\u00e4nge. T\u00e4glicher Komfort und reibungslose Leistung","og_url":"https:\/\/www.miomiorun.com\/de\/produkt\/clifton-10-herren\/","og_site_name":"MioMioRun","article_publisher":"https:\/\/www.facebook.com\/miomiorun\/","article_modified_time":"2026-01-24T16:39:34+00:00","og_image":[{"width":600,"height":600,"url":"https:\/\/www.miomiorun.com\/app\/uploads\/2025\/04\/hoka-Clifton-10-mint-fluorite-luna-moth-1162030-MTFL.webp","type":"image\/webp"}],"twitter_card":"summary_large_image","twitter_misc":{"Est. reading time":"1 minute"},"schema":{"@context":"https:\/\/schema.org","@graph":[{"@type":"WebPage","@id":"https:\/\/www.miomiorun.com\/de\/produkt\/clifton-10-herren\/","url":"https:\/\/www.miomiorun.com\/de\/produkt\/clifton-10-herren\/","name":"Hoka Clifton 10 herren - Herren-Laufschuhe - MioMioRun .com","isPartOf":{"@id":"https:\/\/www.miomiorun.com\/de\/#website"},"primaryImageOfPage":{"@id":"https:\/\/www.miomiorun.com\/de\/produkt\/clifton-10-herren\/#primaryimage"},"image":{"@id":"https:\/\/www.miomiorun.com\/de\/produkt\/clifton-10-herren\/#primaryimage"},"thumbnailUrl":"https:\/\/www.miomiorun.com\/app\/uploads\/2026\/04\/hoka-Clifton-10-yellow-gold-tidal-wave-1162030-YDT.webp","datePublished":"2025-04-14T14:22:12+00:00","dateModified":"2026-01-24T16:39:34+00:00","description":"Entdecken Sie den neuen HOKA Clifton: ein leichter, ged\u00e4mpfter und stabiler Laufschuh, ideal f\u00fcr Stra\u00dfenl\u00e4ufe und Spazierg\u00e4nge. T\u00e4glicher Komfort und reibungslose Leistung","breadcrumb":{"@id":"https:\/\/www.miomiorun.com\/de\/produkt\/clifton-10-herren\/#breadcrumb"},"inLanguage":"de-DE","potentialAction":[{"@type":"ReadAction","target":["https:\/\/www.miomiorun.com\/de\/produkt\/clifton-10-herren\/"]}]},{"@type":"ImageObject","inLanguage":"de-DE","@id":"https:\/\/www.miomiorun.com\/de\/produkt\/clifton-10-herren\/#primaryimage","url":"https:\/\/www.miomiorun.com\/app\/uploads\/2026\/04\/hoka-Clifton-10-yellow-gold-tidal-wave-1162030-YDT.webp","contentUrl":"https:\/\/www.miomiorun.com\/app\/uploads\/2026\/04\/hoka-Clifton-10-yellow-gold-tidal-wave-1162030-YDT.webp","width":720,"height":720,"caption":"hoka Clifton 10 yellow gold tidal wave 1162030 YDT"},{"@type":"BreadcrumbList","@id":"https:\/\/www.miomiorun.com\/de\/produkt\/clifton-10-herren\/#breadcrumb","itemListElement":[{"@type":"ListItem","position":1,"name":"Home","item":"https:\/\/www.miomiorun.com\/de\/"},{"@type":"ListItem","position":2,"name":"Shop","item":"https:\/\/www.miomiorun.com\/shop\/"},{"@type":"ListItem","position":3,"name":"Clifton 10 herren"}]},{"@type":"WebSite","@id":"https:\/\/www.miomiorun.com\/de\/#website","url":"https:\/\/www.miomiorun.com\/de\/","name":"MioMioRun","description":"100% Lauf- und Trailshop","publisher":{"@id":"https:\/\/www.miomiorun.com\/de\/#organization"},"potentialAction":[{"@type":"SearchAction","target":{"@type":"EntryPoint","urlTemplate":"https:\/\/www.miomiorun.com\/de\/?s={search_term_string}"},"query-input":{"@type":"PropertyValueSpecification","valueRequired":true,"valueName":"search_term_string"}}],"inLanguage":"de-DE"},{"@type":"Organization","@id":"https:\/\/www.miomiorun.com\/de\/#organization","name":"MioMio Run","url":"https:\/\/www.miomiorun.com\/de\/","logo":{"@type":"ImageObject","inLanguage":"de-DE","@id":"https:\/\/www.miomiorun.com\/de\/#\/schema\/logo\/image\/","url":"https:\/\/www.miomiorun.com\/app\/uploads\/2019\/12\/logomio.png","contentUrl":"https:\/\/www.miomiorun.com\/app\/uploads\/2019\/12\/logomio.png","width":115,"height":82,"caption":"MioMio Run"},"image":{"@id":"https:\/\/www.miomiorun.com\/de\/#\/schema\/logo\/image\/"},"sameAs":["https:\/\/www.facebook.com\/miomiorun\/","https:\/\/www.instagram.com\/miomiorun\/"]}]}},"_links":{"self":[{"href":"https:\/\/www.miomiorun.com\/de\/wp-json\/wp\/v2\/product\/302017","targetHints":{"allow":["GET"]}}],"collection":[{"href":"https:\/\/www.miomiorun.com\/de\/wp-json\/wp\/v2\/product"}],"about":[{"href":"https:\/\/www.miomiorun.com\/de\/wp-json\/wp\/v2\/types\/product"}],"wp:featuredmedia":[{"embeddable":true,"href":"https:\/\/www.miomiorun.com\/de\/wp-json\/wp\/v2\/media\/428049"}],"wp:attachment":[{"href":"https:\/\/www.miomiorun.com\/de\/wp-json\/wp\/v2\/media?parent=302017"}],"wp:term":[{"taxonomy":"product_brand","embeddable":true,"href":"https:\/\/www.miomiorun.com\/de\/wp-json\/wp\/v2\/product_brand?post=302017"},{"taxonomy":"product_cat","embeddable":true,"href":"https:\/\/www.miomiorun.com\/de\/wp-json\/wp\/v2\/product_cat?post=302017"},{"taxonomy":"product_tag","embeddable":true,"href":"https:\/\/www.miomiorun.com\/de\/wp-json\/wp\/v2\/product_tag?post=302017"}],"curies":[{"name":"wp","href":"https:\/\/api.w.org\/{rel}","templated":true}]}}