{"id":295838,"date":"2025-04-11T11:35:04","date_gmt":"2025-04-11T09:35:04","guid":{"rendered":"https:\/\/miomiorun.com\/?post_type=product&#038;p=295838"},"modified":"2026-05-08T22:38:13","modified_gmt":"2026-05-08T20:38:13","slug":"lava-windjacke-damen","status":"publish","type":"product","link":"https:\/\/www.miomiorun.com\/de\/produkt\/lava-windjacke-damen\/","title":{"rendered":"Lava Windjacke damen"},"content":{"rendered":"<p class=\"\" data-start=\"107\" data-end=\"553\"><strong data-start=\"107\" data-end=\"159\">Bew\u00e4ltige jeden Lauf, auch den unvorhersehbarsten.<\/strong><br data-start=\"159\" data-end=\"162\">Diese leichte Windjacke wurde f\u00fcr L\u00e4uferinnen entwickelt, die sich nicht vor dem Wetter f\u00fcrchten, und ist dein idealer Begleiter bei Wind und Wetter. Sie besteht aus schwarzem Stretchmaterial mit Cr\u00eape-Effekt, passt sich perfekt deinen Bewegungen an und zeigt bei jedem Schritt fuchsiafarbene Nuancen. Sie ist kompakt und funktionell, l\u00e4sst sich leicht in der Innentasche verstauen und kann dich \u00fcberallhin begleiten, bereit zum Einsatz, wenn du sie brauchst.<\/p>\n<p class=\"\" data-start=\"555\" data-end=\"730\">Der durchgehende Rei\u00dfverschluss sorgt f\u00fcr Praktikabilit\u00e4t, w\u00e4hrend das ultraleichte Gewicht von nur <strong data-start=\"638\" data-end=\"651\">85 Gramm<\/strong> sie perfekt macht, um sie immer dabei zu haben, beim Training oder beim Wettkampf.<\/p>\n<p class=\"\" data-start=\"737\" data-end=\"770\"><strong data-start=\"737\" data-end=\"768\">Hauptmerkmale:<\/strong><\/p>\n<ul data-start=\"771\" data-end=\"964\">\n<li class=\"\" data-start=\"771\" data-end=\"817\">\n<p class=\"\" data-start=\"773\" data-end=\"817\">Ultraleichte und bequeme Windjacke<\/p>\n<\/li>\n<li class=\"\" data-start=\"818\" data-end=\"875\">\n<p class=\"\" data-start=\"820\" data-end=\"875\">Schwarzes Stretchmaterial mit Cr\u00eape-Effekt<\/p>\n<\/li>\n<li class=\"\" data-start=\"876\" data-end=\"911\">\n<p class=\"\" data-start=\"878\" data-end=\"911\">In der Innentasche verstaubar<\/p>\n<\/li>\n<li class=\"\" data-start=\"912\" data-end=\"946\">\n<p class=\"\" data-start=\"914\" data-end=\"946\">Durchgehender Rei\u00dfverschluss vorne<\/p>\n<\/li>\n<li class=\"\" data-start=\"947\" data-end=\"964\">\n<p class=\"\" data-start=\"949\" data-end=\"964\">Gewicht: <strong data-start=\"955\" data-end=\"964\">85 g<\/strong><\/p>\n<\/li>\n<\/ul><\/p>\n","protected":false},"excerpt":{"rendered":"<ul data-start=\"771\" data-end=\"964\">\n<li class=\"\" data-start=\"771\" data-end=\"817\">\n<p class=\"\" data-start=\"773\" data-end=\"817\">Ultraleichte und bequeme Windjacke<\/p>\n<\/li>\n<li class=\"\" data-start=\"818\" data-end=\"875\">\n<p class=\"\" data-start=\"820\" data-end=\"875\">Schwarzes Stretchmaterial mit Cr\u00eape-Effekt und fuchsiafarbenem Kern<\/p>\n<\/li>\n<li class=\"\" data-start=\"876\" data-end=\"911\">\n<p class=\"\" data-start=\"878\" data-end=\"911\">In der Innentasche zusammenfaltbar<\/p>\n<\/li>\n<\/ul>\n","protected":false},"featured_media":308632,"template":"","meta":{"_acf_changed":false,"inline_featured_image":false},"product_brand":[],"product_cat":[6401,6404],"product_tag":[3399,6288],"class_list":{"0":"post-295838","1":"product","2":"type-product","3":"status-publish","4":"has-post-thumbnail","6":"product_cat-damenbekleidung","7":"product_cat-damenjacken","8":"product_tag-wild-tee-de","9":"product_tag-wild-tee-damen-de","10":"pa_attivita-gehen","11":"pa_attivita-running-de","12":"pa_attivita-trail-de","13":"pa_marca-wild-tee-de","14":"pa_sesso-damen","15":"pa_size-extra-small-de","16":"pa_size-small-de","17":"pa_size-medium-de","19":"first","20":"instock","21":"sale","22":"taxable","23":"shipping-taxable","24":"purchasable","25":"product-type-variable","26":"wvs-archive-product-wrapper"},"acf":[],"yoast_head":"<!-- This site is optimized with the Yoast SEO plugin v26.8 - https:\/\/yoast.com\/product\/yoast-seo-wordpress\/ -->\n<title>Wild Tee Lava Windjacke damen - Damenjacke - MioMioRun<\/title>\n<meta name=\"description\" content=\"Ultraleichte Laufwindjacke f\u00fcr Damen aus Stretchstoff mit Cr\u00eape-Effekt. In der Innentasche zusammenfaltbar. Nur 85 g schwer. Perfekt bei schlechtem Wetter.\" \/>\n<meta name=\"robots\" content=\"index, follow, max-snippet:-1, max-image-preview:large, max-video-preview:-1\" \/>\n<link rel=\"canonical\" href=\"https:\/\/www.miomiorun.com\/de\/produkt\/lava-windjacke-damen\/\" \/>\n<meta property=\"og:locale\" content=\"de_DE\" \/>\n<meta property=\"og:type\" content=\"article\" \/>\n<meta property=\"og:title\" content=\"Wild Tee Lava Windjacke damen - Damenjacke - MioMioRun\" \/>\n<meta property=\"og:description\" content=\"Ultraleichte Laufwindjacke f\u00fcr Damen aus Stretchstoff mit Cr\u00eape-Effekt. In der Innentasche zusammenfaltbar. Nur 85 g schwer. Perfekt bei schlechtem Wetter.\" \/>\n<meta property=\"og:url\" content=\"https:\/\/www.miomiorun.com\/de\/produkt\/lava-windjacke-damen\/\" \/>\n<meta property=\"og:site_name\" content=\"MioMioRun\" \/>\n<meta property=\"article:publisher\" content=\"https:\/\/www.facebook.com\/miomiorun\/\" \/>\n<meta property=\"article:modified_time\" content=\"2026-05-08T20:38:13+00:00\" \/>\n<meta property=\"og:image\" content=\"https:\/\/www.miomiorun.com\/app\/uploads\/2025\/04\/wild-tee-Lava-jacket-W-fuchsia-WT750WT04.webp\" \/>\n\t<meta property=\"og:image:width\" content=\"600\" \/>\n\t<meta property=\"og:image:height\" content=\"600\" \/>\n\t<meta property=\"og:image:type\" content=\"image\/webp\" \/>\n<meta name=\"twitter:card\" content=\"summary_large_image\" \/>\n<meta name=\"twitter:label1\" content=\"Est. reading time\" \/>\n\t<meta name=\"twitter:data1\" content=\"2 minutes\" \/>\n<script type=\"application\/ld+json\" class=\"yoast-schema-graph\">{\"@context\":\"https:\/\/schema.org\",\"@graph\":[{\"@type\":\"WebPage\",\"@id\":\"https:\/\/www.miomiorun.com\/de\/produkt\/lava-windjacke-damen\/\",\"url\":\"https:\/\/www.miomiorun.com\/de\/produkt\/lava-windjacke-damen\/\",\"name\":\"Wild Tee Lava Windjacke damen - Damenjacke - MioMioRun\",\"isPartOf\":{\"@id\":\"https:\/\/www.miomiorun.com\/de\/#website\"},\"primaryImageOfPage\":{\"@id\":\"https:\/\/www.miomiorun.com\/de\/produkt\/lava-windjacke-damen\/#primaryimage\"},\"image\":{\"@id\":\"https:\/\/www.miomiorun.com\/de\/produkt\/lava-windjacke-damen\/#primaryimage\"},\"thumbnailUrl\":\"https:\/\/www.miomiorun.com\/app\/uploads\/2025\/04\/wild-tee-Lava-jacket-W-fuchsia-WT750WT04.webp\",\"datePublished\":\"2025-04-11T09:35:04+00:00\",\"dateModified\":\"2026-05-08T20:38:13+00:00\",\"description\":\"Ultraleichte Laufwindjacke f\u00fcr Damen aus Stretchstoff mit Cr\u00eape-Effekt. In der Innentasche zusammenfaltbar. Nur 85 g schwer. Perfekt bei schlechtem Wetter.\",\"breadcrumb\":{\"@id\":\"https:\/\/www.miomiorun.com\/de\/produkt\/lava-windjacke-damen\/#breadcrumb\"},\"inLanguage\":\"de-DE\",\"potentialAction\":[{\"@type\":\"ReadAction\",\"target\":[\"https:\/\/www.miomiorun.com\/de\/produkt\/lava-windjacke-damen\/\"]}]},{\"@type\":\"ImageObject\",\"inLanguage\":\"de-DE\",\"@id\":\"https:\/\/www.miomiorun.com\/de\/produkt\/lava-windjacke-damen\/#primaryimage\",\"url\":\"https:\/\/www.miomiorun.com\/app\/uploads\/2025\/04\/wild-tee-Lava-jacket-W-fuchsia-WT750WT04.webp\",\"contentUrl\":\"https:\/\/www.miomiorun.com\/app\/uploads\/2025\/04\/wild-tee-Lava-jacket-W-fuchsia-WT750WT04.webp\",\"width\":600,\"height\":600,\"caption\":\"wild tee Lava jacket W fuchsia WT750WT04\"},{\"@type\":\"BreadcrumbList\",\"@id\":\"https:\/\/www.miomiorun.com\/de\/produkt\/lava-windjacke-damen\/#breadcrumb\",\"itemListElement\":[{\"@type\":\"ListItem\",\"position\":1,\"name\":\"Home\",\"item\":\"https:\/\/www.miomiorun.com\/de\/home-page\/\"},{\"@type\":\"ListItem\",\"position\":2,\"name\":\"Shop\",\"item\":\"https:\/\/www.miomiorun.com\/shop\/\"},{\"@type\":\"ListItem\",\"position\":3,\"name\":\"Lava Windjacke damen\"}]},{\"@type\":\"WebSite\",\"@id\":\"https:\/\/www.miomiorun.com\/de\/#website\",\"url\":\"https:\/\/www.miomiorun.com\/de\/\",\"name\":\"MioMioRun\",\"description\":\"100% Lauf- und Trailshop\",\"publisher\":{\"@id\":\"https:\/\/www.miomiorun.com\/de\/#organization\"},\"potentialAction\":[{\"@type\":\"SearchAction\",\"target\":{\"@type\":\"EntryPoint\",\"urlTemplate\":\"https:\/\/www.miomiorun.com\/de\/?s={search_term_string}\"},\"query-input\":{\"@type\":\"PropertyValueSpecification\",\"valueRequired\":true,\"valueName\":\"search_term_string\"}}],\"inLanguage\":\"de-DE\"},{\"@type\":\"Organization\",\"@id\":\"https:\/\/www.miomiorun.com\/de\/#organization\",\"name\":\"MioMio Run\",\"url\":\"https:\/\/www.miomiorun.com\/de\/\",\"logo\":{\"@type\":\"ImageObject\",\"inLanguage\":\"de-DE\",\"@id\":\"https:\/\/www.miomiorun.com\/de\/#\/schema\/logo\/image\/\",\"url\":\"https:\/\/www.miomiorun.com\/app\/uploads\/2019\/12\/logomio.png\",\"contentUrl\":\"https:\/\/www.miomiorun.com\/app\/uploads\/2019\/12\/logomio.png\",\"width\":115,\"height\":82,\"caption\":\"MioMio Run\"},\"image\":{\"@id\":\"https:\/\/www.miomiorun.com\/de\/#\/schema\/logo\/image\/\"},\"sameAs\":[\"https:\/\/www.facebook.com\/miomiorun\/\",\"https:\/\/www.instagram.com\/miomiorun\/\"]}]}<\/script>\n<!-- \/ Yoast SEO plugin. -->","yoast_head_json":{"title":"Wild Tee Lava Windjacke damen - Damenjacke - MioMioRun","description":"Ultraleichte Laufwindjacke f\u00fcr Damen aus Stretchstoff mit Cr\u00eape-Effekt. In der Innentasche zusammenfaltbar. Nur 85 g schwer. Perfekt bei schlechtem Wetter.","robots":{"index":"index","follow":"follow","max-snippet":"max-snippet:-1","max-image-preview":"max-image-preview:large","max-video-preview":"max-video-preview:-1"},"canonical":"https:\/\/www.miomiorun.com\/de\/produkt\/lava-windjacke-damen\/","og_locale":"de_DE","og_type":"article","og_title":"Wild Tee Lava Windjacke damen - Damenjacke - MioMioRun","og_description":"Ultraleichte Laufwindjacke f\u00fcr Damen aus Stretchstoff mit Cr\u00eape-Effekt. In der Innentasche zusammenfaltbar. Nur 85 g schwer. Perfekt bei schlechtem Wetter.","og_url":"https:\/\/www.miomiorun.com\/de\/produkt\/lava-windjacke-damen\/","og_site_name":"MioMioRun","article_publisher":"https:\/\/www.facebook.com\/miomiorun\/","article_modified_time":"2026-05-08T20:38:13+00:00","og_image":[{"width":600,"height":600,"url":"https:\/\/www.miomiorun.com\/app\/uploads\/2025\/04\/wild-tee-Lava-jacket-W-fuchsia-WT750WT04.webp","type":"image\/webp"}],"twitter_card":"summary_large_image","twitter_misc":{"Est. reading time":"2 minutes"},"schema":{"@context":"https:\/\/schema.org","@graph":[{"@type":"WebPage","@id":"https:\/\/www.miomiorun.com\/de\/produkt\/lava-windjacke-damen\/","url":"https:\/\/www.miomiorun.com\/de\/produkt\/lava-windjacke-damen\/","name":"Wild Tee Lava Windjacke damen - Damenjacke - MioMioRun","isPartOf":{"@id":"https:\/\/www.miomiorun.com\/de\/#website"},"primaryImageOfPage":{"@id":"https:\/\/www.miomiorun.com\/de\/produkt\/lava-windjacke-damen\/#primaryimage"},"image":{"@id":"https:\/\/www.miomiorun.com\/de\/produkt\/lava-windjacke-damen\/#primaryimage"},"thumbnailUrl":"https:\/\/www.miomiorun.com\/app\/uploads\/2025\/04\/wild-tee-Lava-jacket-W-fuchsia-WT750WT04.webp","datePublished":"2025-04-11T09:35:04+00:00","dateModified":"2026-05-08T20:38:13+00:00","description":"Ultraleichte Laufwindjacke f\u00fcr Damen aus Stretchstoff mit Cr\u00eape-Effekt. In der Innentasche zusammenfaltbar. Nur 85 g schwer. Perfekt bei schlechtem Wetter.","breadcrumb":{"@id":"https:\/\/www.miomiorun.com\/de\/produkt\/lava-windjacke-damen\/#breadcrumb"},"inLanguage":"de-DE","potentialAction":[{"@type":"ReadAction","target":["https:\/\/www.miomiorun.com\/de\/produkt\/lava-windjacke-damen\/"]}]},{"@type":"ImageObject","inLanguage":"de-DE","@id":"https:\/\/www.miomiorun.com\/de\/produkt\/lava-windjacke-damen\/#primaryimage","url":"https:\/\/www.miomiorun.com\/app\/uploads\/2025\/04\/wild-tee-Lava-jacket-W-fuchsia-WT750WT04.webp","contentUrl":"https:\/\/www.miomiorun.com\/app\/uploads\/2025\/04\/wild-tee-Lava-jacket-W-fuchsia-WT750WT04.webp","width":600,"height":600,"caption":"wild tee Lava jacket W fuchsia WT750WT04"},{"@type":"BreadcrumbList","@id":"https:\/\/www.miomiorun.com\/de\/produkt\/lava-windjacke-damen\/#breadcrumb","itemListElement":[{"@type":"ListItem","position":1,"name":"Home","item":"https:\/\/www.miomiorun.com\/de\/home-page\/"},{"@type":"ListItem","position":2,"name":"Shop","item":"https:\/\/www.miomiorun.com\/shop\/"},{"@type":"ListItem","position":3,"name":"Lava Windjacke damen"}]},{"@type":"WebSite","@id":"https:\/\/www.miomiorun.com\/de\/#website","url":"https:\/\/www.miomiorun.com\/de\/","name":"MioMioRun","description":"100% Lauf- und Trailshop","publisher":{"@id":"https:\/\/www.miomiorun.com\/de\/#organization"},"potentialAction":[{"@type":"SearchAction","target":{"@type":"EntryPoint","urlTemplate":"https:\/\/www.miomiorun.com\/de\/?s={search_term_string}"},"query-input":{"@type":"PropertyValueSpecification","valueRequired":true,"valueName":"search_term_string"}}],"inLanguage":"de-DE"},{"@type":"Organization","@id":"https:\/\/www.miomiorun.com\/de\/#organization","name":"MioMio Run","url":"https:\/\/www.miomiorun.com\/de\/","logo":{"@type":"ImageObject","inLanguage":"de-DE","@id":"https:\/\/www.miomiorun.com\/de\/#\/schema\/logo\/image\/","url":"https:\/\/www.miomiorun.com\/app\/uploads\/2019\/12\/logomio.png","contentUrl":"https:\/\/www.miomiorun.com\/app\/uploads\/2019\/12\/logomio.png","width":115,"height":82,"caption":"MioMio Run"},"image":{"@id":"https:\/\/www.miomiorun.com\/de\/#\/schema\/logo\/image\/"},"sameAs":["https:\/\/www.facebook.com\/miomiorun\/","https:\/\/www.instagram.com\/miomiorun\/"]}]}},"_links":{"self":[{"href":"https:\/\/www.miomiorun.com\/de\/wp-json\/wp\/v2\/product\/295838","targetHints":{"allow":["GET"]}}],"collection":[{"href":"https:\/\/www.miomiorun.com\/de\/wp-json\/wp\/v2\/product"}],"about":[{"href":"https:\/\/www.miomiorun.com\/de\/wp-json\/wp\/v2\/types\/product"}],"wp:featuredmedia":[{"embeddable":true,"href":"https:\/\/www.miomiorun.com\/de\/wp-json\/wp\/v2\/media\/308632"}],"wp:attachment":[{"href":"https:\/\/www.miomiorun.com\/de\/wp-json\/wp\/v2\/media?parent=295838"}],"wp:term":[{"taxonomy":"product_brand","embeddable":true,"href":"https:\/\/www.miomiorun.com\/de\/wp-json\/wp\/v2\/product_brand?post=295838"},{"taxonomy":"product_cat","embeddable":true,"href":"https:\/\/www.miomiorun.com\/de\/wp-json\/wp\/v2\/product_cat?post=295838"},{"taxonomy":"product_tag","embeddable":true,"href":"https:\/\/www.miomiorun.com\/de\/wp-json\/wp\/v2\/product_tag?post=295838"}],"curies":[{"name":"wp","href":"https:\/\/api.w.org\/{rel}","templated":true}]}}