{"id":295055,"date":"2025-04-11T11:05:57","date_gmt":"2025-04-11T09:05:57","guid":{"rendered":"https:\/\/miomiorun.com\/?post_type=product&#038;p=295055"},"modified":"2025-10-30T10:22:44","modified_gmt":"2025-10-30T09:22:44","slug":"lava-windjacke-mit-kapuze-herren","status":"publish","type":"product","link":"https:\/\/www.miomiorun.com\/de\/produkt\/lava-windjacke-mit-kapuze-herren\/","title":{"rendered":"Lava Windjacke mit Kapuze herren"},"content":{"rendered":"<p class=\"\" data-start=\"79\" data-end=\"383\">Begegnen Sie Wind und Unvorhergesehenem mit Stil und Funktionalit\u00e4t. Diese <strong data-start=\"143\" data-end=\"175\">Windjacke mit Kapuze<\/strong> begleitet Sie auf jedem Ausflug, selbst unter den widrigsten Bedingungen. Leicht, kompakt und \u00e4u\u00dferst bequem, wird sie zu einem unverzichtbaren Begleiter bei Ihrem Training und Ihren Outdoor-Abenteuern. <\/p>\n<p class=\"\" data-start=\"385\" data-end=\"647\">Sie besteht aus <strong data-start=\"399\" data-end=\"436\">Stretchmaterial mit Cr\u00eape-Effekt<\/strong> und passt sich perfekt den Bewegungen Ihres K\u00f6rpers an, sodass Sie sich ganz nat\u00fcrlich bewegen k\u00f6nnen. Die Falten des Stoffes \u00f6ffnen und schlie\u00dfen sich und offenbaren ein elegantes Innenleben, das auch an grauen Tagen f\u00fcr einen Hauch von Stil sorgt.<\/p>\n<p class=\"\" data-start=\"649\" data-end=\"771\">Wenn Sie sie nicht ben\u00f6tigen, k\u00f6nnen Sie sie einfach in ihrer <strong data-start=\"698\" data-end=\"715\">Innentasche<\/strong> verstauen: Sie nimmt nur wenig Platz ein und ist immer einsatzbereit. <\/p>\n<p class=\"\" data-start=\"773\" data-end=\"802\"><strong data-start=\"773\" data-end=\"801\">Technische Merkmale<\/strong>:<\/p>\n<ul data-start=\"803\" data-end=\"980\">\n<li class=\"\" data-start=\"803\" data-end=\"848\">\n<p class=\"\" data-start=\"805\" data-end=\"848\">Ultraleichte winddichte Jacke mit Kapuze<\/p>\n<\/li>\n<li class=\"\" data-start=\"849\" data-end=\"888\">\n<p class=\"\" data-start=\"851\" data-end=\"888\">Stretchstoff mit Cr\u00eape-Effekt<\/p>\n<\/li>\n<li class=\"\" data-start=\"849\" data-end=\"888\">\n<p class=\"\" data-start=\"851\" data-end=\"888\">In der eigenen Innentasche verstaubar<\/p>\n<\/li>\n<li class=\"\" data-start=\"932\" data-end=\"962\">\n<p class=\"\" data-start=\"934\" data-end=\"962\">Maximale Bewegungsfreiheit<\/p>\n<\/li>\n<li class=\"\" data-start=\"963\" data-end=\"980\">\n<p class=\"\" data-start=\"965\" data-end=\"980\">Gewicht: nur 93 g<\/p>\n<\/li>\n<\/ul>\n<p class=\"\" data-start=\"982\" data-end=\"1054\"><strong data-start=\"982\" data-end=\"1018\">Funktionalit\u00e4t. Leichtigkeit. Stil.<\/strong> Alles, was Sie brauchen, immer dabei.<\/p>\n","protected":false},"excerpt":{"rendered":"<ul data-start=\"803\" data-end=\"980\">\n<li class=\"\" data-start=\"803\" data-end=\"848\">\n<p class=\"\" data-start=\"805\" data-end=\"848\">Ultraleichte Windjacke mit Kapuze<\/p>\n<\/li>\n<li class=\"\" data-start=\"849\" data-end=\"888\">\n<p class=\"\" data-start=\"851\" data-end=\"888\">Stretchmaterial mit blauem Cr\u00eape-Effekt<\/p>\n<\/li>\n<li class=\"\" data-start=\"889\" data-end=\"931\">\n<p class=\"\" data-start=\"891\" data-end=\"931\">In der eigenen Innentasche verstaubar<\/p>\n<\/li>\n<\/ul>\n","protected":false},"featured_media":308613,"template":"","meta":{"_acf_changed":false,"inline_featured_image":false},"product_brand":[],"product_cat":[6540,6512],"product_tag":[3399,6294],"class_list":{"0":"post-295055","1":"product","2":"type-product","3":"status-publish","4":"has-post-thumbnail","6":"product_cat-herrenbekleidung","7":"product_cat-jacken","8":"product_tag-wild-tee-de","9":"product_tag-wild-tee-herren-de","10":"pa_attivita-gehen","11":"pa_attivita-running-de","12":"pa_colore-lava-hoodie-m-blue","13":"pa_colore-lava-hoodie-m-green","14":"pa_marca-wild-tee-de","15":"pa_sesso-herren","16":"pa_size-small-de","17":"pa_size-medium-de","18":"pa_size-large-de","19":"pa_size-extra-large-de","21":"first","22":"instock","23":"sale","24":"taxable","25":"shipping-taxable","26":"purchasable","27":"product-type-variable","28":"wvs-archive-product-wrapper"},"acf":[],"yoast_head":"<!-- This site is optimized with the Yoast SEO plugin v26.8 - https:\/\/yoast.com\/product\/yoast-seo-wordpress\/ -->\n<title>Wild Tee Lava Windjacke mit Kapuze herren - Herrenjacke - MioMioRun<\/title>\n<meta name=\"description\" content=\"Ultraleichte, faltbare Laufwindjacke. Aus Stretchmaterial mit Cr\u00eape-Effekt. Komfort, Schutz und Stil in nur 93 Gramm.\" \/>\n<meta name=\"robots\" content=\"index, follow, max-snippet:-1, max-image-preview:large, max-video-preview:-1\" \/>\n<link rel=\"canonical\" href=\"https:\/\/www.miomiorun.com\/de\/produkt\/lava-windjacke-mit-kapuze-herren\/\" \/>\n<meta property=\"og:locale\" content=\"de_DE\" \/>\n<meta property=\"og:type\" content=\"article\" \/>\n<meta property=\"og:title\" content=\"Wild Tee Lava Windjacke mit Kapuze herren - Herrenjacke - MioMioRun\" \/>\n<meta property=\"og:description\" content=\"Ultraleichte, faltbare Laufwindjacke. Aus Stretchmaterial mit Cr\u00eape-Effekt. Komfort, Schutz und Stil in nur 93 Gramm.\" \/>\n<meta property=\"og:url\" content=\"https:\/\/www.miomiorun.com\/de\/produkt\/lava-windjacke-mit-kapuze-herren\/\" \/>\n<meta property=\"og:site_name\" content=\"MioMioRun\" \/>\n<meta property=\"article:publisher\" content=\"https:\/\/www.facebook.com\/miomiorun\/\" \/>\n<meta property=\"article:modified_time\" content=\"2025-10-30T09:22:44+00:00\" \/>\n<meta property=\"og:image\" content=\"https:\/\/www.miomiorun.com\/app\/uploads\/2025\/04\/wild-tee-Lava-hoodie-M-blue-WT705WT05.webp\" \/>\n\t<meta property=\"og:image:width\" content=\"600\" \/>\n\t<meta property=\"og:image:height\" content=\"600\" \/>\n\t<meta property=\"og:image:type\" content=\"image\/webp\" \/>\n<meta name=\"twitter:card\" content=\"summary_large_image\" \/>\n<meta name=\"twitter:label1\" content=\"Est. reading time\" \/>\n\t<meta name=\"twitter:data1\" content=\"2 minutes\" \/>\n<script type=\"application\/ld+json\" class=\"yoast-schema-graph\">{\"@context\":\"https:\/\/schema.org\",\"@graph\":[{\"@type\":\"WebPage\",\"@id\":\"https:\/\/www.miomiorun.com\/de\/produkt\/lava-windjacke-mit-kapuze-herren\/\",\"url\":\"https:\/\/www.miomiorun.com\/de\/produkt\/lava-windjacke-mit-kapuze-herren\/\",\"name\":\"Wild Tee Lava Windjacke mit Kapuze herren - Herrenjacke - MioMioRun\",\"isPartOf\":{\"@id\":\"https:\/\/www.miomiorun.com\/de\/#website\"},\"primaryImageOfPage\":{\"@id\":\"https:\/\/www.miomiorun.com\/de\/produkt\/lava-windjacke-mit-kapuze-herren\/#primaryimage\"},\"image\":{\"@id\":\"https:\/\/www.miomiorun.com\/de\/produkt\/lava-windjacke-mit-kapuze-herren\/#primaryimage\"},\"thumbnailUrl\":\"https:\/\/www.miomiorun.com\/app\/uploads\/2025\/04\/wild-tee-Lava-hoodie-M-blue-WT705WT05.webp\",\"datePublished\":\"2025-04-11T09:05:57+00:00\",\"dateModified\":\"2025-10-30T09:22:44+00:00\",\"description\":\"Ultraleichte, faltbare Laufwindjacke. Aus Stretchmaterial mit Cr\u00eape-Effekt. Komfort, Schutz und Stil in nur 93 Gramm.\",\"breadcrumb\":{\"@id\":\"https:\/\/www.miomiorun.com\/de\/produkt\/lava-windjacke-mit-kapuze-herren\/#breadcrumb\"},\"inLanguage\":\"de-DE\",\"potentialAction\":[{\"@type\":\"ReadAction\",\"target\":[\"https:\/\/www.miomiorun.com\/de\/produkt\/lava-windjacke-mit-kapuze-herren\/\"]}]},{\"@type\":\"ImageObject\",\"inLanguage\":\"de-DE\",\"@id\":\"https:\/\/www.miomiorun.com\/de\/produkt\/lava-windjacke-mit-kapuze-herren\/#primaryimage\",\"url\":\"https:\/\/www.miomiorun.com\/app\/uploads\/2025\/04\/wild-tee-Lava-hoodie-M-blue-WT705WT05.webp\",\"contentUrl\":\"https:\/\/www.miomiorun.com\/app\/uploads\/2025\/04\/wild-tee-Lava-hoodie-M-blue-WT705WT05.webp\",\"width\":600,\"height\":600,\"caption\":\"wild tee Lava hoodie M blue WT705WT05\"},{\"@type\":\"BreadcrumbList\",\"@id\":\"https:\/\/www.miomiorun.com\/de\/produkt\/lava-windjacke-mit-kapuze-herren\/#breadcrumb\",\"itemListElement\":[{\"@type\":\"ListItem\",\"position\":1,\"name\":\"Home\",\"item\":\"https:\/\/www.miomiorun.com\/de\/\"},{\"@type\":\"ListItem\",\"position\":2,\"name\":\"Shop\",\"item\":\"https:\/\/www.miomiorun.com\/shop\/\"},{\"@type\":\"ListItem\",\"position\":3,\"name\":\"Lava Windjacke mit Kapuze herren\"}]},{\"@type\":\"WebSite\",\"@id\":\"https:\/\/www.miomiorun.com\/de\/#website\",\"url\":\"https:\/\/www.miomiorun.com\/de\/\",\"name\":\"MioMioRun\",\"description\":\"100% Lauf- und Trailshop\",\"publisher\":{\"@id\":\"https:\/\/www.miomiorun.com\/de\/#organization\"},\"potentialAction\":[{\"@type\":\"SearchAction\",\"target\":{\"@type\":\"EntryPoint\",\"urlTemplate\":\"https:\/\/www.miomiorun.com\/de\/?s={search_term_string}\"},\"query-input\":{\"@type\":\"PropertyValueSpecification\",\"valueRequired\":true,\"valueName\":\"search_term_string\"}}],\"inLanguage\":\"de-DE\"},{\"@type\":\"Organization\",\"@id\":\"https:\/\/www.miomiorun.com\/de\/#organization\",\"name\":\"MioMio Run\",\"url\":\"https:\/\/www.miomiorun.com\/de\/\",\"logo\":{\"@type\":\"ImageObject\",\"inLanguage\":\"de-DE\",\"@id\":\"https:\/\/www.miomiorun.com\/de\/#\/schema\/logo\/image\/\",\"url\":\"https:\/\/www.miomiorun.com\/app\/uploads\/2019\/12\/logomio.png\",\"contentUrl\":\"https:\/\/www.miomiorun.com\/app\/uploads\/2019\/12\/logomio.png\",\"width\":115,\"height\":82,\"caption\":\"MioMio Run\"},\"image\":{\"@id\":\"https:\/\/www.miomiorun.com\/de\/#\/schema\/logo\/image\/\"},\"sameAs\":[\"https:\/\/www.facebook.com\/miomiorun\/\",\"https:\/\/www.instagram.com\/miomiorun\/\"]}]}<\/script>\n<!-- \/ Yoast SEO plugin. -->","yoast_head_json":{"title":"Wild Tee Lava Windjacke mit Kapuze herren - Herrenjacke - MioMioRun","description":"Ultraleichte, faltbare Laufwindjacke. Aus Stretchmaterial mit Cr\u00eape-Effekt. Komfort, Schutz und Stil in nur 93 Gramm.","robots":{"index":"index","follow":"follow","max-snippet":"max-snippet:-1","max-image-preview":"max-image-preview:large","max-video-preview":"max-video-preview:-1"},"canonical":"https:\/\/www.miomiorun.com\/de\/produkt\/lava-windjacke-mit-kapuze-herren\/","og_locale":"de_DE","og_type":"article","og_title":"Wild Tee Lava Windjacke mit Kapuze herren - Herrenjacke - MioMioRun","og_description":"Ultraleichte, faltbare Laufwindjacke. Aus Stretchmaterial mit Cr\u00eape-Effekt. Komfort, Schutz und Stil in nur 93 Gramm.","og_url":"https:\/\/www.miomiorun.com\/de\/produkt\/lava-windjacke-mit-kapuze-herren\/","og_site_name":"MioMioRun","article_publisher":"https:\/\/www.facebook.com\/miomiorun\/","article_modified_time":"2025-10-30T09:22:44+00:00","og_image":[{"width":600,"height":600,"url":"https:\/\/www.miomiorun.com\/app\/uploads\/2025\/04\/wild-tee-Lava-hoodie-M-blue-WT705WT05.webp","type":"image\/webp"}],"twitter_card":"summary_large_image","twitter_misc":{"Est. reading time":"2 minutes"},"schema":{"@context":"https:\/\/schema.org","@graph":[{"@type":"WebPage","@id":"https:\/\/www.miomiorun.com\/de\/produkt\/lava-windjacke-mit-kapuze-herren\/","url":"https:\/\/www.miomiorun.com\/de\/produkt\/lava-windjacke-mit-kapuze-herren\/","name":"Wild Tee Lava Windjacke mit Kapuze herren - Herrenjacke - MioMioRun","isPartOf":{"@id":"https:\/\/www.miomiorun.com\/de\/#website"},"primaryImageOfPage":{"@id":"https:\/\/www.miomiorun.com\/de\/produkt\/lava-windjacke-mit-kapuze-herren\/#primaryimage"},"image":{"@id":"https:\/\/www.miomiorun.com\/de\/produkt\/lava-windjacke-mit-kapuze-herren\/#primaryimage"},"thumbnailUrl":"https:\/\/www.miomiorun.com\/app\/uploads\/2025\/04\/wild-tee-Lava-hoodie-M-blue-WT705WT05.webp","datePublished":"2025-04-11T09:05:57+00:00","dateModified":"2025-10-30T09:22:44+00:00","description":"Ultraleichte, faltbare Laufwindjacke. Aus Stretchmaterial mit Cr\u00eape-Effekt. Komfort, Schutz und Stil in nur 93 Gramm.","breadcrumb":{"@id":"https:\/\/www.miomiorun.com\/de\/produkt\/lava-windjacke-mit-kapuze-herren\/#breadcrumb"},"inLanguage":"de-DE","potentialAction":[{"@type":"ReadAction","target":["https:\/\/www.miomiorun.com\/de\/produkt\/lava-windjacke-mit-kapuze-herren\/"]}]},{"@type":"ImageObject","inLanguage":"de-DE","@id":"https:\/\/www.miomiorun.com\/de\/produkt\/lava-windjacke-mit-kapuze-herren\/#primaryimage","url":"https:\/\/www.miomiorun.com\/app\/uploads\/2025\/04\/wild-tee-Lava-hoodie-M-blue-WT705WT05.webp","contentUrl":"https:\/\/www.miomiorun.com\/app\/uploads\/2025\/04\/wild-tee-Lava-hoodie-M-blue-WT705WT05.webp","width":600,"height":600,"caption":"wild tee Lava hoodie M blue WT705WT05"},{"@type":"BreadcrumbList","@id":"https:\/\/www.miomiorun.com\/de\/produkt\/lava-windjacke-mit-kapuze-herren\/#breadcrumb","itemListElement":[{"@type":"ListItem","position":1,"name":"Home","item":"https:\/\/www.miomiorun.com\/de\/"},{"@type":"ListItem","position":2,"name":"Shop","item":"https:\/\/www.miomiorun.com\/shop\/"},{"@type":"ListItem","position":3,"name":"Lava Windjacke mit Kapuze herren"}]},{"@type":"WebSite","@id":"https:\/\/www.miomiorun.com\/de\/#website","url":"https:\/\/www.miomiorun.com\/de\/","name":"MioMioRun","description":"100% Lauf- und Trailshop","publisher":{"@id":"https:\/\/www.miomiorun.com\/de\/#organization"},"potentialAction":[{"@type":"SearchAction","target":{"@type":"EntryPoint","urlTemplate":"https:\/\/www.miomiorun.com\/de\/?s={search_term_string}"},"query-input":{"@type":"PropertyValueSpecification","valueRequired":true,"valueName":"search_term_string"}}],"inLanguage":"de-DE"},{"@type":"Organization","@id":"https:\/\/www.miomiorun.com\/de\/#organization","name":"MioMio Run","url":"https:\/\/www.miomiorun.com\/de\/","logo":{"@type":"ImageObject","inLanguage":"de-DE","@id":"https:\/\/www.miomiorun.com\/de\/#\/schema\/logo\/image\/","url":"https:\/\/www.miomiorun.com\/app\/uploads\/2019\/12\/logomio.png","contentUrl":"https:\/\/www.miomiorun.com\/app\/uploads\/2019\/12\/logomio.png","width":115,"height":82,"caption":"MioMio Run"},"image":{"@id":"https:\/\/www.miomiorun.com\/de\/#\/schema\/logo\/image\/"},"sameAs":["https:\/\/www.facebook.com\/miomiorun\/","https:\/\/www.instagram.com\/miomiorun\/"]}]}},"_links":{"self":[{"href":"https:\/\/www.miomiorun.com\/de\/wp-json\/wp\/v2\/product\/295055","targetHints":{"allow":["GET"]}}],"collection":[{"href":"https:\/\/www.miomiorun.com\/de\/wp-json\/wp\/v2\/product"}],"about":[{"href":"https:\/\/www.miomiorun.com\/de\/wp-json\/wp\/v2\/types\/product"}],"wp:featuredmedia":[{"embeddable":true,"href":"https:\/\/www.miomiorun.com\/de\/wp-json\/wp\/v2\/media\/308613"}],"wp:attachment":[{"href":"https:\/\/www.miomiorun.com\/de\/wp-json\/wp\/v2\/media?parent=295055"}],"wp:term":[{"taxonomy":"product_brand","embeddable":true,"href":"https:\/\/www.miomiorun.com\/de\/wp-json\/wp\/v2\/product_brand?post=295055"},{"taxonomy":"product_cat","embeddable":true,"href":"https:\/\/www.miomiorun.com\/de\/wp-json\/wp\/v2\/product_cat?post=295055"},{"taxonomy":"product_tag","embeddable":true,"href":"https:\/\/www.miomiorun.com\/de\/wp-json\/wp\/v2\/product_tag?post=295055"}],"curies":[{"name":"wp","href":"https:\/\/api.w.org\/{rel}","templated":true}]}}