{"id":294610,"date":"2025-04-11T10:42:45","date_gmt":"2025-04-11T08:42:45","guid":{"rendered":"https:\/\/miomiorun.com\/?post_type=product&#038;p=294610"},"modified":"2026-05-08T22:12:45","modified_gmt":"2026-05-08T20:12:45","slug":"color-block-lilla-langarmshirt-damen","status":"publish","type":"product","link":"https:\/\/www.miomiorun.com\/de\/produkt\/color-block-lilla-langarmshirt-damen\/","title":{"rendered":"Color Block Lilla Langarmshirt Damen"},"content":{"rendered":"<p class=\"\" data-start=\"83\" data-end=\"453\">Energie, Freiheit, Pers\u00f6nlichkeit: Dieses technische Langarmshirt verk\u00f6rpert alles, was deinen Lauf einzigartig macht. Die Farbakzente in Lila, Rosa, Violett und Braun verschmelzen zu einem k\u00fchnen, dynamischen Design, erg\u00e4nzt durch den Schriftzug \u201eThe Wild Side\u201d auf dem linken \u00c4rmel \u2013 eine Einladung, dich wieder mit deiner authentischsten Natur zu verbinden. <\/p>\n<p class=\"\" data-start=\"455\" data-end=\"737\">Dieses Shirt aus <strong data-start=\"477\" data-end=\"514\">ultraweichem und atmungsaktivem Gotex-Material<\/strong> f\u00fchlt sich seidig auf der Haut an und bietet zuverl\u00e4ssige Leistung bei jedem Lauf. Egal, ob du Intervalltraining machst oder einen Trail im Wald genie\u00dft, es garantiert dir Komfort und Bewegungsfreiheit. <\/p>\n<p class=\"\" data-start=\"739\" data-end=\"770\"><strong data-start=\"739\" data-end=\"769\">Hauptmerkmale<\/strong>:<\/p>\n<ul data-start=\"771\" data-end=\"1048\">\n<li class=\"\" data-start=\"771\" data-end=\"849\">\n<p class=\"\" data-start=\"773\" data-end=\"849\">Funktionales Langarmshirt mit mehrfarbigem Block- und Streifendesign<\/p>\n<\/li>\n<li class=\"\" data-start=\"850\" data-end=\"895\">\n<p class=\"\" data-start=\"852\" data-end=\"895\">Leichtes, seidenweiches Gotex-Gewebe<\/p>\n<\/li>\n<li class=\"\" data-start=\"896\" data-end=\"973\">\n<p class=\"\" data-start=\"898\" data-end=\"973\">Atmungsaktiv, schnell trocknend, ideal f\u00fcr Outdoor-Aktivit\u00e4ten und Laufen<\/p>\n<\/li>\n<li class=\"\" data-start=\"974\" data-end=\"1025\">\n<p class=\"\" data-start=\"976\" data-end=\"1025\">Aufdruck \u201eThe Wild Side\u201d auf dem \u00c4rmel<\/p>\n<\/li>\n<li class=\"\" data-start=\"1026\" data-end=\"1048\">\n<p class=\"\" data-start=\"1028\" data-end=\"1048\"><strong data-start=\"1028\" data-end=\"1037\">Gewicht:<\/strong> nur 115 g<\/p>\n<\/li>\n<\/ul>\n","protected":false},"excerpt":{"rendered":"<ul>\n<li class=\"\" data-start=\"850\" data-end=\"895\">\n<p class=\"\" data-start=\"852\" data-end=\"895\">Leichtes und seidenweiches Gotex-Gewebe<\/p>\n<\/li>\n<li class=\"\" data-start=\"896\" data-end=\"973\">\n<p class=\"\" data-start=\"898\" data-end=\"973\">Atmungsaktiv, schnell trocknend, ideal f\u00fcr Outdoor-Aktivit\u00e4ten und Running<\/p>\n<\/li>\n<\/ul>\n","protected":false},"featured_media":308627,"template":"","meta":{"_acf_changed":false,"inline_featured_image":false},"product_brand":[],"product_cat":[6401,6486],"product_tag":[3399,6288],"class_list":{"0":"post-294610","1":"product","2":"type-product","3":"status-publish","4":"has-post-thumbnail","6":"product_cat-damenbekleidung","7":"product_cat-damenlangarmshirts","8":"product_tag-wild-tee-de","9":"product_tag-wild-tee-damen-de","10":"pa_attivita-gehen","11":"pa_attivita-running-de","12":"pa_attivita-trail-de","13":"pa_marca-wild-tee-de","14":"pa_sesso-damen","15":"pa_size-extra-small-de","16":"pa_size-small-de","17":"pa_size-medium-de","19":"first","20":"instock","21":"sale","22":"taxable","23":"shipping-taxable","24":"purchasable","25":"product-type-variable","26":"wvs-archive-product-wrapper"},"acf":[],"yoast_head":"<!-- This site is optimized with the Yoast SEO plugin v26.8 - https:\/\/yoast.com\/product\/yoast-seo-wordpress\/ -->\n<title>Wild Tee Color Block Lilla Langarmshirt Damen - Langarmshirt Running - MioMioRun<\/title>\n<meta name=\"description\" content=\"Lang\u00e4rmeliges Funktionsshirt aus ultraweichem Gotex-Material. Mehrfarbiges Design und Aufdruck. Leicht, atmungsaktiv, ideal f\u00fcr die Laufbahn und Trails.\" \/>\n<meta name=\"robots\" content=\"index, follow, max-snippet:-1, max-image-preview:large, max-video-preview:-1\" \/>\n<link rel=\"canonical\" href=\"https:\/\/www.miomiorun.com\/de\/produkt\/color-block-lilla-langarmshirt-damen\/\" \/>\n<meta property=\"og:locale\" content=\"de_DE\" \/>\n<meta property=\"og:type\" content=\"article\" \/>\n<meta property=\"og:title\" content=\"Wild Tee Color Block Lilla Langarmshirt Damen - Langarmshirt Running - MioMioRun\" \/>\n<meta property=\"og:description\" content=\"Lang\u00e4rmeliges Funktionsshirt aus ultraweichem Gotex-Material. Mehrfarbiges Design und Aufdruck. Leicht, atmungsaktiv, ideal f\u00fcr die Laufbahn und Trails.\" \/>\n<meta property=\"og:url\" content=\"https:\/\/www.miomiorun.com\/de\/produkt\/color-block-lilla-langarmshirt-damen\/\" \/>\n<meta property=\"og:site_name\" content=\"MioMioRun\" \/>\n<meta property=\"article:publisher\" content=\"https:\/\/www.facebook.com\/miomiorun\/\" \/>\n<meta property=\"article:modified_time\" content=\"2026-05-08T20:12:45+00:00\" \/>\n<meta property=\"og:image\" content=\"https:\/\/www.miomiorun.com\/app\/uploads\/2025\/04\/wild-tee-Longsleeve-W-color-black-lillac-WT007WT142.webp\" \/>\n\t<meta property=\"og:image:width\" content=\"600\" \/>\n\t<meta property=\"og:image:height\" content=\"600\" \/>\n\t<meta property=\"og:image:type\" content=\"image\/webp\" \/>\n<meta name=\"twitter:card\" content=\"summary_large_image\" \/>\n<meta name=\"twitter:label1\" content=\"Est. reading time\" \/>\n\t<meta name=\"twitter:data1\" content=\"1 minute\" \/>\n<script type=\"application\/ld+json\" class=\"yoast-schema-graph\">{\"@context\":\"https:\/\/schema.org\",\"@graph\":[{\"@type\":\"WebPage\",\"@id\":\"https:\/\/www.miomiorun.com\/de\/produkt\/color-block-lilla-langarmshirt-damen\/\",\"url\":\"https:\/\/www.miomiorun.com\/de\/produkt\/color-block-lilla-langarmshirt-damen\/\",\"name\":\"Wild Tee Color Block Lilla Langarmshirt Damen - Langarmshirt Running - MioMioRun\",\"isPartOf\":{\"@id\":\"https:\/\/www.miomiorun.com\/de\/#website\"},\"primaryImageOfPage\":{\"@id\":\"https:\/\/www.miomiorun.com\/de\/produkt\/color-block-lilla-langarmshirt-damen\/#primaryimage\"},\"image\":{\"@id\":\"https:\/\/www.miomiorun.com\/de\/produkt\/color-block-lilla-langarmshirt-damen\/#primaryimage\"},\"thumbnailUrl\":\"https:\/\/www.miomiorun.com\/app\/uploads\/2025\/04\/wild-tee-Longsleeve-W-color-black-lillac-WT007WT142.webp\",\"datePublished\":\"2025-04-11T08:42:45+00:00\",\"dateModified\":\"2026-05-08T20:12:45+00:00\",\"description\":\"Lang\u00e4rmeliges Funktionsshirt aus ultraweichem Gotex-Material. Mehrfarbiges Design und Aufdruck. Leicht, atmungsaktiv, ideal f\u00fcr die Laufbahn und Trails.\",\"breadcrumb\":{\"@id\":\"https:\/\/www.miomiorun.com\/de\/produkt\/color-block-lilla-langarmshirt-damen\/#breadcrumb\"},\"inLanguage\":\"de-DE\",\"potentialAction\":[{\"@type\":\"ReadAction\",\"target\":[\"https:\/\/www.miomiorun.com\/de\/produkt\/color-block-lilla-langarmshirt-damen\/\"]}]},{\"@type\":\"ImageObject\",\"inLanguage\":\"de-DE\",\"@id\":\"https:\/\/www.miomiorun.com\/de\/produkt\/color-block-lilla-langarmshirt-damen\/#primaryimage\",\"url\":\"https:\/\/www.miomiorun.com\/app\/uploads\/2025\/04\/wild-tee-Longsleeve-W-color-black-lillac-WT007WT142.webp\",\"contentUrl\":\"https:\/\/www.miomiorun.com\/app\/uploads\/2025\/04\/wild-tee-Longsleeve-W-color-black-lillac-WT007WT142.webp\",\"width\":600,\"height\":600,\"caption\":\"wild tee Longsleeve W color black lillac WT007WT142\"},{\"@type\":\"BreadcrumbList\",\"@id\":\"https:\/\/www.miomiorun.com\/de\/produkt\/color-block-lilla-langarmshirt-damen\/#breadcrumb\",\"itemListElement\":[{\"@type\":\"ListItem\",\"position\":1,\"name\":\"Home\",\"item\":\"https:\/\/www.miomiorun.com\/de\/home-page\/\"},{\"@type\":\"ListItem\",\"position\":2,\"name\":\"Shop\",\"item\":\"https:\/\/www.miomiorun.com\/shop\/\"},{\"@type\":\"ListItem\",\"position\":3,\"name\":\"Color Block Lilla Langarmshirt Damen\"}]},{\"@type\":\"WebSite\",\"@id\":\"https:\/\/www.miomiorun.com\/de\/#website\",\"url\":\"https:\/\/www.miomiorun.com\/de\/\",\"name\":\"MioMioRun\",\"description\":\"100% Lauf- und Trailshop\",\"publisher\":{\"@id\":\"https:\/\/www.miomiorun.com\/de\/#organization\"},\"potentialAction\":[{\"@type\":\"SearchAction\",\"target\":{\"@type\":\"EntryPoint\",\"urlTemplate\":\"https:\/\/www.miomiorun.com\/de\/?s={search_term_string}\"},\"query-input\":{\"@type\":\"PropertyValueSpecification\",\"valueRequired\":true,\"valueName\":\"search_term_string\"}}],\"inLanguage\":\"de-DE\"},{\"@type\":\"Organization\",\"@id\":\"https:\/\/www.miomiorun.com\/de\/#organization\",\"name\":\"MioMio Run\",\"url\":\"https:\/\/www.miomiorun.com\/de\/\",\"logo\":{\"@type\":\"ImageObject\",\"inLanguage\":\"de-DE\",\"@id\":\"https:\/\/www.miomiorun.com\/de\/#\/schema\/logo\/image\/\",\"url\":\"https:\/\/www.miomiorun.com\/app\/uploads\/2019\/12\/logomio.png\",\"contentUrl\":\"https:\/\/www.miomiorun.com\/app\/uploads\/2019\/12\/logomio.png\",\"width\":115,\"height\":82,\"caption\":\"MioMio Run\"},\"image\":{\"@id\":\"https:\/\/www.miomiorun.com\/de\/#\/schema\/logo\/image\/\"},\"sameAs\":[\"https:\/\/www.facebook.com\/miomiorun\/\",\"https:\/\/www.instagram.com\/miomiorun\/\"]}]}<\/script>\n<!-- \/ Yoast SEO plugin. -->","yoast_head_json":{"title":"Wild Tee Color Block Lilla Langarmshirt Damen - Langarmshirt Running - MioMioRun","description":"Lang\u00e4rmeliges Funktionsshirt aus ultraweichem Gotex-Material. Mehrfarbiges Design und Aufdruck. Leicht, atmungsaktiv, ideal f\u00fcr die Laufbahn und Trails.","robots":{"index":"index","follow":"follow","max-snippet":"max-snippet:-1","max-image-preview":"max-image-preview:large","max-video-preview":"max-video-preview:-1"},"canonical":"https:\/\/www.miomiorun.com\/de\/produkt\/color-block-lilla-langarmshirt-damen\/","og_locale":"de_DE","og_type":"article","og_title":"Wild Tee Color Block Lilla Langarmshirt Damen - Langarmshirt Running - MioMioRun","og_description":"Lang\u00e4rmeliges Funktionsshirt aus ultraweichem Gotex-Material. Mehrfarbiges Design und Aufdruck. Leicht, atmungsaktiv, ideal f\u00fcr die Laufbahn und Trails.","og_url":"https:\/\/www.miomiorun.com\/de\/produkt\/color-block-lilla-langarmshirt-damen\/","og_site_name":"MioMioRun","article_publisher":"https:\/\/www.facebook.com\/miomiorun\/","article_modified_time":"2026-05-08T20:12:45+00:00","og_image":[{"width":600,"height":600,"url":"https:\/\/www.miomiorun.com\/app\/uploads\/2025\/04\/wild-tee-Longsleeve-W-color-black-lillac-WT007WT142.webp","type":"image\/webp"}],"twitter_card":"summary_large_image","twitter_misc":{"Est. reading time":"1 minute"},"schema":{"@context":"https:\/\/schema.org","@graph":[{"@type":"WebPage","@id":"https:\/\/www.miomiorun.com\/de\/produkt\/color-block-lilla-langarmshirt-damen\/","url":"https:\/\/www.miomiorun.com\/de\/produkt\/color-block-lilla-langarmshirt-damen\/","name":"Wild Tee Color Block Lilla Langarmshirt Damen - Langarmshirt Running - MioMioRun","isPartOf":{"@id":"https:\/\/www.miomiorun.com\/de\/#website"},"primaryImageOfPage":{"@id":"https:\/\/www.miomiorun.com\/de\/produkt\/color-block-lilla-langarmshirt-damen\/#primaryimage"},"image":{"@id":"https:\/\/www.miomiorun.com\/de\/produkt\/color-block-lilla-langarmshirt-damen\/#primaryimage"},"thumbnailUrl":"https:\/\/www.miomiorun.com\/app\/uploads\/2025\/04\/wild-tee-Longsleeve-W-color-black-lillac-WT007WT142.webp","datePublished":"2025-04-11T08:42:45+00:00","dateModified":"2026-05-08T20:12:45+00:00","description":"Lang\u00e4rmeliges Funktionsshirt aus ultraweichem Gotex-Material. Mehrfarbiges Design und Aufdruck. Leicht, atmungsaktiv, ideal f\u00fcr die Laufbahn und Trails.","breadcrumb":{"@id":"https:\/\/www.miomiorun.com\/de\/produkt\/color-block-lilla-langarmshirt-damen\/#breadcrumb"},"inLanguage":"de-DE","potentialAction":[{"@type":"ReadAction","target":["https:\/\/www.miomiorun.com\/de\/produkt\/color-block-lilla-langarmshirt-damen\/"]}]},{"@type":"ImageObject","inLanguage":"de-DE","@id":"https:\/\/www.miomiorun.com\/de\/produkt\/color-block-lilla-langarmshirt-damen\/#primaryimage","url":"https:\/\/www.miomiorun.com\/app\/uploads\/2025\/04\/wild-tee-Longsleeve-W-color-black-lillac-WT007WT142.webp","contentUrl":"https:\/\/www.miomiorun.com\/app\/uploads\/2025\/04\/wild-tee-Longsleeve-W-color-black-lillac-WT007WT142.webp","width":600,"height":600,"caption":"wild tee Longsleeve W color black lillac WT007WT142"},{"@type":"BreadcrumbList","@id":"https:\/\/www.miomiorun.com\/de\/produkt\/color-block-lilla-langarmshirt-damen\/#breadcrumb","itemListElement":[{"@type":"ListItem","position":1,"name":"Home","item":"https:\/\/www.miomiorun.com\/de\/home-page\/"},{"@type":"ListItem","position":2,"name":"Shop","item":"https:\/\/www.miomiorun.com\/shop\/"},{"@type":"ListItem","position":3,"name":"Color Block Lilla Langarmshirt Damen"}]},{"@type":"WebSite","@id":"https:\/\/www.miomiorun.com\/de\/#website","url":"https:\/\/www.miomiorun.com\/de\/","name":"MioMioRun","description":"100% Lauf- und Trailshop","publisher":{"@id":"https:\/\/www.miomiorun.com\/de\/#organization"},"potentialAction":[{"@type":"SearchAction","target":{"@type":"EntryPoint","urlTemplate":"https:\/\/www.miomiorun.com\/de\/?s={search_term_string}"},"query-input":{"@type":"PropertyValueSpecification","valueRequired":true,"valueName":"search_term_string"}}],"inLanguage":"de-DE"},{"@type":"Organization","@id":"https:\/\/www.miomiorun.com\/de\/#organization","name":"MioMio Run","url":"https:\/\/www.miomiorun.com\/de\/","logo":{"@type":"ImageObject","inLanguage":"de-DE","@id":"https:\/\/www.miomiorun.com\/de\/#\/schema\/logo\/image\/","url":"https:\/\/www.miomiorun.com\/app\/uploads\/2019\/12\/logomio.png","contentUrl":"https:\/\/www.miomiorun.com\/app\/uploads\/2019\/12\/logomio.png","width":115,"height":82,"caption":"MioMio Run"},"image":{"@id":"https:\/\/www.miomiorun.com\/de\/#\/schema\/logo\/image\/"},"sameAs":["https:\/\/www.facebook.com\/miomiorun\/","https:\/\/www.instagram.com\/miomiorun\/"]}]}},"_links":{"self":[{"href":"https:\/\/www.miomiorun.com\/de\/wp-json\/wp\/v2\/product\/294610","targetHints":{"allow":["GET"]}}],"collection":[{"href":"https:\/\/www.miomiorun.com\/de\/wp-json\/wp\/v2\/product"}],"about":[{"href":"https:\/\/www.miomiorun.com\/de\/wp-json\/wp\/v2\/types\/product"}],"wp:featuredmedia":[{"embeddable":true,"href":"https:\/\/www.miomiorun.com\/de\/wp-json\/wp\/v2\/media\/308627"}],"wp:attachment":[{"href":"https:\/\/www.miomiorun.com\/de\/wp-json\/wp\/v2\/media?parent=294610"}],"wp:term":[{"taxonomy":"product_brand","embeddable":true,"href":"https:\/\/www.miomiorun.com\/de\/wp-json\/wp\/v2\/product_brand?post=294610"},{"taxonomy":"product_cat","embeddable":true,"href":"https:\/\/www.miomiorun.com\/de\/wp-json\/wp\/v2\/product_cat?post=294610"},{"taxonomy":"product_tag","embeddable":true,"href":"https:\/\/www.miomiorun.com\/de\/wp-json\/wp\/v2\/product_tag?post=294610"}],"curies":[{"name":"wp","href":"https:\/\/api.w.org\/{rel}","templated":true}]}}