{"id":291023,"date":"2025-04-10T18:52:33","date_gmt":"2025-04-10T16:52:33","guid":{"rendered":"https:\/\/miomiorun.com\/?post_type=product&#038;p=291023"},"modified":"2026-05-08T22:38:30","modified_gmt":"2026-05-08T20:38:30","slug":"reconnect-beige-langarm-herren","status":"publish","type":"product","link":"https:\/\/www.miomiorun.com\/de\/produkt\/reconnect-beige-langarm-herren\/","title":{"rendered":"Reconnect Beige Langarm herren"},"content":{"rendered":"<p class=\"\" data-start=\"72\" data-end=\"125\"><strong data-start=\"72\" data-end=\"125\">Finde wieder eine Verbindung zu dem, was wirklich z\u00e4hlt.<\/strong><\/p>\n<p class=\"\" data-start=\"127\" data-end=\"528\">Von der ikonischen Bio-Baumwollkollektion bis hin zu technischer Performance: Das Shirt \u201eReconnect with your Nature\u201d h\u00e4lt erstmals Einzug in die Welt des Sports und beh\u00e4lt dabei seine kraftvolle und authentische Botschaft bei. Dieses neue Modell, inspiriert von der Herbstkollektion 2023, kombiniert unser Bestseller-Design mit einem hochleistungsf\u00e4higen Stoff, der dich mit maximalem Komfort von der Laufbahn bis zum Wanderweg begleitet. <\/p>\n<p class=\"\" data-start=\"530\" data-end=\"812\">Dieses Langarmshirt aus seidenweichem, hoch atmungsaktivem Gotex-Funktionsstoff ist ideal f\u00fcr die \u00dcbergangszeit, k\u00fchlere Laufeinheiten oder Outdoor-Aktivit\u00e4ten. Der dezente, aber aussagekr\u00e4ftige Aufdruck auf der R\u00fcckseite steht f\u00fcr Freiheit, Natur und Bewegung. <\/p>\n<p class=\"\" data-start=\"814\" data-end=\"845\"><strong data-start=\"814\" data-end=\"845\">Hauptmerkmale:<\/strong><\/p>\n<ul data-start=\"846\" data-end=\"1150\">\n<li class=\"\" data-start=\"846\" data-end=\"922\">\n<p class=\"\" data-start=\"848\" data-end=\"922\">Gotex-Material: ultraleicht, seidig auf der Haut und schnell trocknend. <\/p>\n<\/li>\n<li class=\"\" data-start=\"923\" data-end=\"991\">\n<p class=\"\" data-start=\"925\" data-end=\"991\">Technische Passform, ideal zum Laufen und f\u00fcr Outdoor-Aktivit\u00e4ten. <\/p>\n<\/li>\n<li class=\"\" data-start=\"992\" data-end=\"1052\">\n<p class=\"\" data-start=\"994\" data-end=\"1052\">Aufdruck \u201eReconnect with your Nature\u201d auf der R\u00fcckseite. <\/p>\n<\/li>\n<li class=\"\" data-start=\"1053\" data-end=\"1075\">\n<p class=\"\" data-start=\"1055\" data-end=\"1075\">Gewicht: nur 125 g.<\/p>\n<\/li>\n<li class=\"\" data-start=\"1076\" data-end=\"1150\">\n<p class=\"\" data-start=\"1078\" data-end=\"1150\">Perfekt f\u00fcr Training, Ausfl\u00fcge und Momente der Entspannung in der Stadt.<\/p>\n<\/li>\n<\/ul>\n","protected":false},"excerpt":{"rendered":"<ul data-start=\"846\" data-end=\"1150\">\n<li class=\"\" data-start=\"846\" data-end=\"922\">\n<p class=\"\" data-start=\"848\" data-end=\"922\">Gotex-Gewebe: ultraleicht, seidig auf der Haut und schnell trocknend.<\/p>\n<\/li>\n<li class=\"\" data-start=\"923\" data-end=\"991\">\n<p class=\"\" data-start=\"925\" data-end=\"991\">Technische Passform, ideal zum Laufen und f\u00fcr Outdoor-Aktivit\u00e4ten.<\/p>\n<\/li>\n<\/ul>\n","protected":false},"featured_media":308689,"template":"","meta":{"_acf_changed":false,"inline_featured_image":false},"product_brand":[],"product_cat":[6540,6541],"product_tag":[3399,6294],"class_list":{"0":"post-291023","1":"product","2":"type-product","3":"status-publish","4":"has-post-thumbnail","6":"product_cat-herrenbekleidung","7":"product_cat-langarmshirt","8":"product_tag-wild-tee-de","9":"product_tag-wild-tee-herren-de","10":"pa_attivita-gehen","11":"pa_attivita-outdoor-de","12":"pa_attivita-running-de","13":"pa_marca-wild-tee-de","14":"pa_sesso-herren","15":"pa_size-small-de","16":"pa_size-medium-de","17":"pa_size-extra-large-de","19":"first","20":"instock","21":"sale","22":"taxable","23":"shipping-taxable","24":"purchasable","25":"product-type-variable","26":"wvs-archive-product-wrapper"},"acf":[],"yoast_head":"<!-- This site is optimized with the Yoast SEO plugin v26.8 - https:\/\/yoast.com\/product\/yoast-seo-wordpress\/ -->\n<title>Wild Tee Reconnect Beige Langarm herren - Laufshirt running - MioMioRun<\/title>\n<meta name=\"description\" content=\"Lang\u00e4rmeliges Funktionsshirt mit dem Aufdruck \u201eReconnect with your Nature\u201d. Ultraweiches und atmungsaktives Gotex-Material, ideal f\u00fcr Training und Wettk\u00e4mpfe.\" \/>\n<meta name=\"robots\" content=\"index, follow, max-snippet:-1, max-image-preview:large, max-video-preview:-1\" \/>\n<link rel=\"canonical\" href=\"https:\/\/www.miomiorun.com\/de\/produkt\/reconnect-beige-langarm-herren\/\" \/>\n<meta property=\"og:locale\" content=\"de_DE\" \/>\n<meta property=\"og:type\" content=\"article\" \/>\n<meta property=\"og:title\" content=\"Wild Tee Reconnect Beige Langarm herren - Laufshirt running - MioMioRun\" \/>\n<meta property=\"og:description\" content=\"Lang\u00e4rmeliges Funktionsshirt mit dem Aufdruck \u201eReconnect with your Nature\u201d. Ultraweiches und atmungsaktives Gotex-Material, ideal f\u00fcr Training und Wettk\u00e4mpfe.\" \/>\n<meta property=\"og:url\" content=\"https:\/\/www.miomiorun.com\/de\/produkt\/reconnect-beige-langarm-herren\/\" \/>\n<meta property=\"og:site_name\" content=\"MioMioRun\" \/>\n<meta property=\"article:publisher\" content=\"https:\/\/www.facebook.com\/miomiorun\/\" \/>\n<meta property=\"article:modified_time\" content=\"2026-05-08T20:38:30+00:00\" \/>\n<meta property=\"og:image\" content=\"https:\/\/www.miomiorun.com\/app\/uploads\/2025\/04\/wild-tee-Longsleeve-M-reconnect-WT006WT168.webp\" \/>\n\t<meta property=\"og:image:width\" content=\"600\" \/>\n\t<meta property=\"og:image:height\" content=\"600\" \/>\n\t<meta property=\"og:image:type\" content=\"image\/webp\" \/>\n<meta name=\"twitter:card\" content=\"summary_large_image\" \/>\n<meta name=\"twitter:label1\" content=\"Est. reading time\" \/>\n\t<meta name=\"twitter:data1\" content=\"1 minute\" \/>\n<script type=\"application\/ld+json\" class=\"yoast-schema-graph\">{\"@context\":\"https:\/\/schema.org\",\"@graph\":[{\"@type\":\"WebPage\",\"@id\":\"https:\/\/www.miomiorun.com\/de\/produkt\/reconnect-beige-langarm-herren\/\",\"url\":\"https:\/\/www.miomiorun.com\/de\/produkt\/reconnect-beige-langarm-herren\/\",\"name\":\"Wild Tee Reconnect Beige Langarm herren - Laufshirt running - MioMioRun\",\"isPartOf\":{\"@id\":\"https:\/\/www.miomiorun.com\/de\/#website\"},\"primaryImageOfPage\":{\"@id\":\"https:\/\/www.miomiorun.com\/de\/produkt\/reconnect-beige-langarm-herren\/#primaryimage\"},\"image\":{\"@id\":\"https:\/\/www.miomiorun.com\/de\/produkt\/reconnect-beige-langarm-herren\/#primaryimage\"},\"thumbnailUrl\":\"https:\/\/www.miomiorun.com\/app\/uploads\/2025\/04\/wild-tee-Longsleeve-M-reconnect-WT006WT168.webp\",\"datePublished\":\"2025-04-10T16:52:33+00:00\",\"dateModified\":\"2026-05-08T20:38:30+00:00\",\"description\":\"Lang\u00e4rmeliges Funktionsshirt mit dem Aufdruck \u201eReconnect with your Nature\u201d. Ultraweiches und atmungsaktives Gotex-Material, ideal f\u00fcr Training und Wettk\u00e4mpfe.\",\"breadcrumb\":{\"@id\":\"https:\/\/www.miomiorun.com\/de\/produkt\/reconnect-beige-langarm-herren\/#breadcrumb\"},\"inLanguage\":\"de-DE\",\"potentialAction\":[{\"@type\":\"ReadAction\",\"target\":[\"https:\/\/www.miomiorun.com\/de\/produkt\/reconnect-beige-langarm-herren\/\"]}]},{\"@type\":\"ImageObject\",\"inLanguage\":\"de-DE\",\"@id\":\"https:\/\/www.miomiorun.com\/de\/produkt\/reconnect-beige-langarm-herren\/#primaryimage\",\"url\":\"https:\/\/www.miomiorun.com\/app\/uploads\/2025\/04\/wild-tee-Longsleeve-M-reconnect-WT006WT168.webp\",\"contentUrl\":\"https:\/\/www.miomiorun.com\/app\/uploads\/2025\/04\/wild-tee-Longsleeve-M-reconnect-WT006WT168.webp\",\"width\":600,\"height\":600,\"caption\":\"wild tee Longsleeve M reconnect WT006WT168\"},{\"@type\":\"BreadcrumbList\",\"@id\":\"https:\/\/www.miomiorun.com\/de\/produkt\/reconnect-beige-langarm-herren\/#breadcrumb\",\"itemListElement\":[{\"@type\":\"ListItem\",\"position\":1,\"name\":\"Home\",\"item\":\"https:\/\/www.miomiorun.com\/de\/home-page\/\"},{\"@type\":\"ListItem\",\"position\":2,\"name\":\"Shop\",\"item\":\"https:\/\/www.miomiorun.com\/shop\/\"},{\"@type\":\"ListItem\",\"position\":3,\"name\":\"Reconnect Beige Langarm herren\"}]},{\"@type\":\"WebSite\",\"@id\":\"https:\/\/www.miomiorun.com\/de\/#website\",\"url\":\"https:\/\/www.miomiorun.com\/de\/\",\"name\":\"MioMioRun\",\"description\":\"100% Lauf- und Trailshop\",\"publisher\":{\"@id\":\"https:\/\/www.miomiorun.com\/de\/#organization\"},\"potentialAction\":[{\"@type\":\"SearchAction\",\"target\":{\"@type\":\"EntryPoint\",\"urlTemplate\":\"https:\/\/www.miomiorun.com\/de\/?s={search_term_string}\"},\"query-input\":{\"@type\":\"PropertyValueSpecification\",\"valueRequired\":true,\"valueName\":\"search_term_string\"}}],\"inLanguage\":\"de-DE\"},{\"@type\":\"Organization\",\"@id\":\"https:\/\/www.miomiorun.com\/de\/#organization\",\"name\":\"MioMio Run\",\"url\":\"https:\/\/www.miomiorun.com\/de\/\",\"logo\":{\"@type\":\"ImageObject\",\"inLanguage\":\"de-DE\",\"@id\":\"https:\/\/www.miomiorun.com\/de\/#\/schema\/logo\/image\/\",\"url\":\"https:\/\/www.miomiorun.com\/app\/uploads\/2019\/12\/logomio.png\",\"contentUrl\":\"https:\/\/www.miomiorun.com\/app\/uploads\/2019\/12\/logomio.png\",\"width\":115,\"height\":82,\"caption\":\"MioMio Run\"},\"image\":{\"@id\":\"https:\/\/www.miomiorun.com\/de\/#\/schema\/logo\/image\/\"},\"sameAs\":[\"https:\/\/www.facebook.com\/miomiorun\/\",\"https:\/\/www.instagram.com\/miomiorun\/\"]}]}<\/script>\n<!-- \/ Yoast SEO plugin. -->","yoast_head_json":{"title":"Wild Tee Reconnect Beige Langarm herren - Laufshirt running - MioMioRun","description":"Lang\u00e4rmeliges Funktionsshirt mit dem Aufdruck \u201eReconnect with your Nature\u201d. Ultraweiches und atmungsaktives Gotex-Material, ideal f\u00fcr Training und Wettk\u00e4mpfe.","robots":{"index":"index","follow":"follow","max-snippet":"max-snippet:-1","max-image-preview":"max-image-preview:large","max-video-preview":"max-video-preview:-1"},"canonical":"https:\/\/www.miomiorun.com\/de\/produkt\/reconnect-beige-langarm-herren\/","og_locale":"de_DE","og_type":"article","og_title":"Wild Tee Reconnect Beige Langarm herren - Laufshirt running - MioMioRun","og_description":"Lang\u00e4rmeliges Funktionsshirt mit dem Aufdruck \u201eReconnect with your Nature\u201d. Ultraweiches und atmungsaktives Gotex-Material, ideal f\u00fcr Training und Wettk\u00e4mpfe.","og_url":"https:\/\/www.miomiorun.com\/de\/produkt\/reconnect-beige-langarm-herren\/","og_site_name":"MioMioRun","article_publisher":"https:\/\/www.facebook.com\/miomiorun\/","article_modified_time":"2026-05-08T20:38:30+00:00","og_image":[{"width":600,"height":600,"url":"https:\/\/www.miomiorun.com\/app\/uploads\/2025\/04\/wild-tee-Longsleeve-M-reconnect-WT006WT168.webp","type":"image\/webp"}],"twitter_card":"summary_large_image","twitter_misc":{"Est. reading time":"1 minute"},"schema":{"@context":"https:\/\/schema.org","@graph":[{"@type":"WebPage","@id":"https:\/\/www.miomiorun.com\/de\/produkt\/reconnect-beige-langarm-herren\/","url":"https:\/\/www.miomiorun.com\/de\/produkt\/reconnect-beige-langarm-herren\/","name":"Wild Tee Reconnect Beige Langarm herren - Laufshirt running - MioMioRun","isPartOf":{"@id":"https:\/\/www.miomiorun.com\/de\/#website"},"primaryImageOfPage":{"@id":"https:\/\/www.miomiorun.com\/de\/produkt\/reconnect-beige-langarm-herren\/#primaryimage"},"image":{"@id":"https:\/\/www.miomiorun.com\/de\/produkt\/reconnect-beige-langarm-herren\/#primaryimage"},"thumbnailUrl":"https:\/\/www.miomiorun.com\/app\/uploads\/2025\/04\/wild-tee-Longsleeve-M-reconnect-WT006WT168.webp","datePublished":"2025-04-10T16:52:33+00:00","dateModified":"2026-05-08T20:38:30+00:00","description":"Lang\u00e4rmeliges Funktionsshirt mit dem Aufdruck \u201eReconnect with your Nature\u201d. Ultraweiches und atmungsaktives Gotex-Material, ideal f\u00fcr Training und Wettk\u00e4mpfe.","breadcrumb":{"@id":"https:\/\/www.miomiorun.com\/de\/produkt\/reconnect-beige-langarm-herren\/#breadcrumb"},"inLanguage":"de-DE","potentialAction":[{"@type":"ReadAction","target":["https:\/\/www.miomiorun.com\/de\/produkt\/reconnect-beige-langarm-herren\/"]}]},{"@type":"ImageObject","inLanguage":"de-DE","@id":"https:\/\/www.miomiorun.com\/de\/produkt\/reconnect-beige-langarm-herren\/#primaryimage","url":"https:\/\/www.miomiorun.com\/app\/uploads\/2025\/04\/wild-tee-Longsleeve-M-reconnect-WT006WT168.webp","contentUrl":"https:\/\/www.miomiorun.com\/app\/uploads\/2025\/04\/wild-tee-Longsleeve-M-reconnect-WT006WT168.webp","width":600,"height":600,"caption":"wild tee Longsleeve M reconnect WT006WT168"},{"@type":"BreadcrumbList","@id":"https:\/\/www.miomiorun.com\/de\/produkt\/reconnect-beige-langarm-herren\/#breadcrumb","itemListElement":[{"@type":"ListItem","position":1,"name":"Home","item":"https:\/\/www.miomiorun.com\/de\/home-page\/"},{"@type":"ListItem","position":2,"name":"Shop","item":"https:\/\/www.miomiorun.com\/shop\/"},{"@type":"ListItem","position":3,"name":"Reconnect Beige Langarm herren"}]},{"@type":"WebSite","@id":"https:\/\/www.miomiorun.com\/de\/#website","url":"https:\/\/www.miomiorun.com\/de\/","name":"MioMioRun","description":"100% Lauf- und Trailshop","publisher":{"@id":"https:\/\/www.miomiorun.com\/de\/#organization"},"potentialAction":[{"@type":"SearchAction","target":{"@type":"EntryPoint","urlTemplate":"https:\/\/www.miomiorun.com\/de\/?s={search_term_string}"},"query-input":{"@type":"PropertyValueSpecification","valueRequired":true,"valueName":"search_term_string"}}],"inLanguage":"de-DE"},{"@type":"Organization","@id":"https:\/\/www.miomiorun.com\/de\/#organization","name":"MioMio Run","url":"https:\/\/www.miomiorun.com\/de\/","logo":{"@type":"ImageObject","inLanguage":"de-DE","@id":"https:\/\/www.miomiorun.com\/de\/#\/schema\/logo\/image\/","url":"https:\/\/www.miomiorun.com\/app\/uploads\/2019\/12\/logomio.png","contentUrl":"https:\/\/www.miomiorun.com\/app\/uploads\/2019\/12\/logomio.png","width":115,"height":82,"caption":"MioMio Run"},"image":{"@id":"https:\/\/www.miomiorun.com\/de\/#\/schema\/logo\/image\/"},"sameAs":["https:\/\/www.facebook.com\/miomiorun\/","https:\/\/www.instagram.com\/miomiorun\/"]}]}},"_links":{"self":[{"href":"https:\/\/www.miomiorun.com\/de\/wp-json\/wp\/v2\/product\/291023","targetHints":{"allow":["GET"]}}],"collection":[{"href":"https:\/\/www.miomiorun.com\/de\/wp-json\/wp\/v2\/product"}],"about":[{"href":"https:\/\/www.miomiorun.com\/de\/wp-json\/wp\/v2\/types\/product"}],"wp:featuredmedia":[{"embeddable":true,"href":"https:\/\/www.miomiorun.com\/de\/wp-json\/wp\/v2\/media\/308689"}],"wp:attachment":[{"href":"https:\/\/www.miomiorun.com\/de\/wp-json\/wp\/v2\/media?parent=291023"}],"wp:term":[{"taxonomy":"product_brand","embeddable":true,"href":"https:\/\/www.miomiorun.com\/de\/wp-json\/wp\/v2\/product_brand?post=291023"},{"taxonomy":"product_cat","embeddable":true,"href":"https:\/\/www.miomiorun.com\/de\/wp-json\/wp\/v2\/product_cat?post=291023"},{"taxonomy":"product_tag","embeddable":true,"href":"https:\/\/www.miomiorun.com\/de\/wp-json\/wp\/v2\/product_tag?post=291023"}],"curies":[{"name":"wp","href":"https:\/\/api.w.org\/{rel}","templated":true}]}}