{"id":288498,"date":"2025-04-10T17:44:49","date_gmt":"2025-04-10T15:44:49","guid":{"rendered":"https:\/\/miomiorun.com\/?post_type=product&#038;p=288498"},"modified":"2025-10-29T18:50:46","modified_gmt":"2025-10-29T17:50:46","slug":"race-teal-led-tanktop-damen","status":"publish","type":"product","link":"https:\/\/www.miomiorun.com\/de\/produkt\/race-teal-led-tanktop-damen\/","title":{"rendered":"Race Teal LED Tanktop damen"},"content":{"rendered":"<p class=\"\" data-start=\"145\" data-end=\"582\">Dieses technische Damen-Tanktop wurde entwickelt, um bei steigenden Temperaturen und hohen Leistungsanforderungen H\u00f6chstleistungen zu erbringen. Es ist die ideale Wahl f\u00fcr Wettk\u00e4mpfe, intensives Training oder anspruchsvolle Sommerausfl\u00fcge. Es besteht aus unserem exklusiven, zu 100 % recycelten <strong data-start=\"411\" data-end=\"426\">OPENMESH 3D<\/strong>-Material und wird in Italien hergestellt. Es garantiert au\u00dfergew\u00f6hnliche Atmungsaktivit\u00e4t und ein konstantes Gef\u00fchl von Frische, selbst bei intensivster Anstrengung.<\/p>\n<p class=\"\" data-start=\"584\" data-end=\"920\">Mit einem <strong data-start=\"587\" data-end=\"619\">Federgewicht von nur 42 Gramm<\/strong> (Gr\u00f6\u00dfe S) ist es auf der Haut praktisch nicht zu sp\u00fcren, w\u00e4hrend der ergonomische Schnitt maximale Bewegungsfreiheit gew\u00e4hrleistet. Die schnelle Trocknung und die ultraweiche Haptik runden dieses hochwertige Funktionskleidungsst\u00fcck ab, das perfekt f\u00fcr alle ist, die Leichtigkeit, Komfort und Leistung in einem einzigen Produkt suchen.<\/p>\n<p class=\"\" data-start=\"922\" data-end=\"944\"><strong data-start=\"922\" data-end=\"944\">Produktdetails:<\/strong><\/p>\n<ul data-start=\"945\" data-end=\"1227\">\n<li class=\"\" data-start=\"945\" data-end=\"978\">\n<p class=\"\" data-start=\"947\" data-end=\"978\">Ultraleichtes Gewicht: nur 42 g<\/p>\n<\/li>\n<li class=\"\" data-start=\"979\" data-end=\"1017\">\n<p class=\"\" data-start=\"981\" data-end=\"1017\">Atmungsaktiv und schnell trocknend<\/p>\n<\/li>\n<li class=\"\" data-start=\"1018\" data-end=\"1067\">\n<p class=\"\" data-start=\"1020\" data-end=\"1067\">Extremer Komfort durch weiches und leichtes Material<\/p>\n<\/li>\n<li class=\"\" data-start=\"1068\" data-end=\"1121\">\n<p class=\"\" data-start=\"1070\" data-end=\"1121\">Ergonomischer Schnitt f\u00fcr eine leistungsstarke Passform<\/p>\n<\/li>\n<li class=\"\" data-start=\"1122\" data-end=\"1173\">\n<p class=\"\" data-start=\"1124\" data-end=\"1173\"><strong data-start=\"1124\" data-end=\"1139\">OPENMESH 3D<\/strong>, 100 % recycelt \u2013 Made in Italy<\/p>\n<\/li>\n<li class=\"\" data-start=\"1174\" data-end=\"1227\">\n<p class=\"\" data-start=\"1176\" data-end=\"1227\">Rennsport-Grafik in der neuen Farbe LED-Wassergr\u00fcn<\/p>\n<\/li>\n<\/ul>\n<p class=\"\" data-start=\"1229\" data-end=\"1278\">Heben Sie sich im Rennen ab. Laufen Sie leichtf\u00fc\u00dfig. Laufen Sie frei.<\/p><\/p>\n","protected":false},"excerpt":{"rendered":"<ul data-start=\"945\" data-end=\"1227\">\n<li class=\"\" data-start=\"979\" data-end=\"1017\">\n<p class=\"\" data-start=\"981\" data-end=\"1017\">Atmungsaktiv und schnell trocknend<\/p>\n<\/li>\n<li class=\"\" data-start=\"979\" data-end=\"1017\">\n<p class=\"\" data-start=\"981\" data-end=\"1017\">Extremer Komfort durch weiches und leichtes Material<\/p>\n<\/li>\n<\/ul>\n","protected":false},"featured_media":308637,"template":"","meta":{"_acf_changed":false,"inline_featured_image":false},"product_brand":[],"product_cat":[6401,6403],"product_tag":[3399,6288],"class_list":{"0":"post-288498","1":"product","2":"type-product","3":"status-publish","4":"has-post-thumbnail","6":"product_cat-damenbekleidung","7":"product_cat-damentank-tops","8":"product_tag-wild-tee-de","9":"product_tag-wild-tee-damen-de","10":"pa_attivita-fitness-de","11":"pa_attivita-gehen","12":"pa_attivita-running-de","13":"pa_attivita-trail-de","14":"pa_marca-wild-tee-de","15":"pa_sesso-damen","16":"pa_size-extra-small-de","17":"pa_size-small-de","19":"first","20":"instock","21":"sale","22":"taxable","23":"shipping-taxable","24":"purchasable","25":"product-type-variable","26":"wvs-archive-product-wrapper"},"acf":[],"yoast_head":"<!-- This site is optimized with the Yoast SEO plugin v26.8 - https:\/\/yoast.com\/product\/yoast-seo-wordpress\/ -->\n<title>Wild TeeRace Teal LED Tanktop damen - tanktop running - MioMioRun<\/title>\n<meta name=\"description\" content=\"Ultraleichtes Damen-Laufshirt aus recyceltem OPENMESH 3D-Gewebe, hergestellt in Italien. Atmungsaktiv, bequem und ideal f\u00fcr Wettk\u00e4mpfe und intensives Training.\" \/>\n<meta name=\"robots\" content=\"index, follow, max-snippet:-1, max-image-preview:large, max-video-preview:-1\" \/>\n<link rel=\"canonical\" href=\"https:\/\/www.miomiorun.com\/de\/produkt\/race-teal-led-tanktop-damen\/\" \/>\n<meta property=\"og:locale\" content=\"de_DE\" \/>\n<meta property=\"og:type\" content=\"article\" \/>\n<meta property=\"og:title\" content=\"Wild TeeRace Teal LED Tanktop damen - tanktop running - MioMioRun\" \/>\n<meta property=\"og:description\" content=\"Ultraleichtes Damen-Laufshirt aus recyceltem OPENMESH 3D-Gewebe, hergestellt in Italien. Atmungsaktiv, bequem und ideal f\u00fcr Wettk\u00e4mpfe und intensives Training.\" \/>\n<meta property=\"og:url\" content=\"https:\/\/www.miomiorun.com\/de\/produkt\/race-teal-led-tanktop-damen\/\" \/>\n<meta property=\"og:site_name\" content=\"MioMioRun\" \/>\n<meta property=\"article:publisher\" content=\"https:\/\/www.facebook.com\/miomiorun\/\" \/>\n<meta property=\"article:modified_time\" content=\"2025-10-29T17:50:46+00:00\" \/>\n<meta property=\"og:image\" content=\"https:\/\/www.miomiorun.com\/app\/uploads\/2025\/04\/wild-tee-Singlet-W-race-teal-led-WT005WT162.webp\" \/>\n\t<meta property=\"og:image:width\" content=\"600\" \/>\n\t<meta property=\"og:image:height\" content=\"600\" \/>\n\t<meta property=\"og:image:type\" content=\"image\/webp\" \/>\n<meta name=\"twitter:card\" content=\"summary_large_image\" \/>\n<meta name=\"twitter:label1\" content=\"Est. reading time\" \/>\n\t<meta name=\"twitter:data1\" content=\"1 minute\" \/>\n<script type=\"application\/ld+json\" class=\"yoast-schema-graph\">{\"@context\":\"https:\/\/schema.org\",\"@graph\":[{\"@type\":\"WebPage\",\"@id\":\"https:\/\/www.miomiorun.com\/de\/produkt\/race-teal-led-tanktop-damen\/\",\"url\":\"https:\/\/www.miomiorun.com\/de\/produkt\/race-teal-led-tanktop-damen\/\",\"name\":\"Wild TeeRace Teal LED Tanktop damen - tanktop running - MioMioRun\",\"isPartOf\":{\"@id\":\"https:\/\/www.miomiorun.com\/de\/#website\"},\"primaryImageOfPage\":{\"@id\":\"https:\/\/www.miomiorun.com\/de\/produkt\/race-teal-led-tanktop-damen\/#primaryimage\"},\"image\":{\"@id\":\"https:\/\/www.miomiorun.com\/de\/produkt\/race-teal-led-tanktop-damen\/#primaryimage\"},\"thumbnailUrl\":\"https:\/\/www.miomiorun.com\/app\/uploads\/2025\/04\/wild-tee-Singlet-W-race-teal-led-WT005WT162.webp\",\"datePublished\":\"2025-04-10T15:44:49+00:00\",\"dateModified\":\"2025-10-29T17:50:46+00:00\",\"description\":\"Ultraleichtes Damen-Laufshirt aus recyceltem OPENMESH 3D-Gewebe, hergestellt in Italien. Atmungsaktiv, bequem und ideal f\u00fcr Wettk\u00e4mpfe und intensives Training.\",\"breadcrumb\":{\"@id\":\"https:\/\/www.miomiorun.com\/de\/produkt\/race-teal-led-tanktop-damen\/#breadcrumb\"},\"inLanguage\":\"de-DE\",\"potentialAction\":[{\"@type\":\"ReadAction\",\"target\":[\"https:\/\/www.miomiorun.com\/de\/produkt\/race-teal-led-tanktop-damen\/\"]}]},{\"@type\":\"ImageObject\",\"inLanguage\":\"de-DE\",\"@id\":\"https:\/\/www.miomiorun.com\/de\/produkt\/race-teal-led-tanktop-damen\/#primaryimage\",\"url\":\"https:\/\/www.miomiorun.com\/app\/uploads\/2025\/04\/wild-tee-Singlet-W-race-teal-led-WT005WT162.webp\",\"contentUrl\":\"https:\/\/www.miomiorun.com\/app\/uploads\/2025\/04\/wild-tee-Singlet-W-race-teal-led-WT005WT162.webp\",\"width\":600,\"height\":600,\"caption\":\"wild tee Singlet W race teal led WT005WT162\"},{\"@type\":\"BreadcrumbList\",\"@id\":\"https:\/\/www.miomiorun.com\/de\/produkt\/race-teal-led-tanktop-damen\/#breadcrumb\",\"itemListElement\":[{\"@type\":\"ListItem\",\"position\":1,\"name\":\"Home\",\"item\":\"https:\/\/www.miomiorun.com\/de\/\"},{\"@type\":\"ListItem\",\"position\":2,\"name\":\"Shop\",\"item\":\"https:\/\/www.miomiorun.com\/shop\/\"},{\"@type\":\"ListItem\",\"position\":3,\"name\":\"Race Teal LED Tanktop damen\"}]},{\"@type\":\"WebSite\",\"@id\":\"https:\/\/www.miomiorun.com\/de\/#website\",\"url\":\"https:\/\/www.miomiorun.com\/de\/\",\"name\":\"MioMioRun\",\"description\":\"100% Lauf- und Trailshop\",\"publisher\":{\"@id\":\"https:\/\/www.miomiorun.com\/de\/#organization\"},\"potentialAction\":[{\"@type\":\"SearchAction\",\"target\":{\"@type\":\"EntryPoint\",\"urlTemplate\":\"https:\/\/www.miomiorun.com\/de\/?s={search_term_string}\"},\"query-input\":{\"@type\":\"PropertyValueSpecification\",\"valueRequired\":true,\"valueName\":\"search_term_string\"}}],\"inLanguage\":\"de-DE\"},{\"@type\":\"Organization\",\"@id\":\"https:\/\/www.miomiorun.com\/de\/#organization\",\"name\":\"MioMio Run\",\"url\":\"https:\/\/www.miomiorun.com\/de\/\",\"logo\":{\"@type\":\"ImageObject\",\"inLanguage\":\"de-DE\",\"@id\":\"https:\/\/www.miomiorun.com\/de\/#\/schema\/logo\/image\/\",\"url\":\"https:\/\/www.miomiorun.com\/app\/uploads\/2019\/12\/logomio.png\",\"contentUrl\":\"https:\/\/www.miomiorun.com\/app\/uploads\/2019\/12\/logomio.png\",\"width\":115,\"height\":82,\"caption\":\"MioMio Run\"},\"image\":{\"@id\":\"https:\/\/www.miomiorun.com\/de\/#\/schema\/logo\/image\/\"},\"sameAs\":[\"https:\/\/www.facebook.com\/miomiorun\/\",\"https:\/\/www.instagram.com\/miomiorun\/\"]}]}<\/script>\n<!-- \/ Yoast SEO plugin. -->","yoast_head_json":{"title":"Wild TeeRace Teal LED Tanktop damen - tanktop running - MioMioRun","description":"Ultraleichtes Damen-Laufshirt aus recyceltem OPENMESH 3D-Gewebe, hergestellt in Italien. Atmungsaktiv, bequem und ideal f\u00fcr Wettk\u00e4mpfe und intensives Training.","robots":{"index":"index","follow":"follow","max-snippet":"max-snippet:-1","max-image-preview":"max-image-preview:large","max-video-preview":"max-video-preview:-1"},"canonical":"https:\/\/www.miomiorun.com\/de\/produkt\/race-teal-led-tanktop-damen\/","og_locale":"de_DE","og_type":"article","og_title":"Wild TeeRace Teal LED Tanktop damen - tanktop running - MioMioRun","og_description":"Ultraleichtes Damen-Laufshirt aus recyceltem OPENMESH 3D-Gewebe, hergestellt in Italien. Atmungsaktiv, bequem und ideal f\u00fcr Wettk\u00e4mpfe und intensives Training.","og_url":"https:\/\/www.miomiorun.com\/de\/produkt\/race-teal-led-tanktop-damen\/","og_site_name":"MioMioRun","article_publisher":"https:\/\/www.facebook.com\/miomiorun\/","article_modified_time":"2025-10-29T17:50:46+00:00","og_image":[{"width":600,"height":600,"url":"https:\/\/www.miomiorun.com\/app\/uploads\/2025\/04\/wild-tee-Singlet-W-race-teal-led-WT005WT162.webp","type":"image\/webp"}],"twitter_card":"summary_large_image","twitter_misc":{"Est. reading time":"1 minute"},"schema":{"@context":"https:\/\/schema.org","@graph":[{"@type":"WebPage","@id":"https:\/\/www.miomiorun.com\/de\/produkt\/race-teal-led-tanktop-damen\/","url":"https:\/\/www.miomiorun.com\/de\/produkt\/race-teal-led-tanktop-damen\/","name":"Wild TeeRace Teal LED Tanktop damen - tanktop running - MioMioRun","isPartOf":{"@id":"https:\/\/www.miomiorun.com\/de\/#website"},"primaryImageOfPage":{"@id":"https:\/\/www.miomiorun.com\/de\/produkt\/race-teal-led-tanktop-damen\/#primaryimage"},"image":{"@id":"https:\/\/www.miomiorun.com\/de\/produkt\/race-teal-led-tanktop-damen\/#primaryimage"},"thumbnailUrl":"https:\/\/www.miomiorun.com\/app\/uploads\/2025\/04\/wild-tee-Singlet-W-race-teal-led-WT005WT162.webp","datePublished":"2025-04-10T15:44:49+00:00","dateModified":"2025-10-29T17:50:46+00:00","description":"Ultraleichtes Damen-Laufshirt aus recyceltem OPENMESH 3D-Gewebe, hergestellt in Italien. Atmungsaktiv, bequem und ideal f\u00fcr Wettk\u00e4mpfe und intensives Training.","breadcrumb":{"@id":"https:\/\/www.miomiorun.com\/de\/produkt\/race-teal-led-tanktop-damen\/#breadcrumb"},"inLanguage":"de-DE","potentialAction":[{"@type":"ReadAction","target":["https:\/\/www.miomiorun.com\/de\/produkt\/race-teal-led-tanktop-damen\/"]}]},{"@type":"ImageObject","inLanguage":"de-DE","@id":"https:\/\/www.miomiorun.com\/de\/produkt\/race-teal-led-tanktop-damen\/#primaryimage","url":"https:\/\/www.miomiorun.com\/app\/uploads\/2025\/04\/wild-tee-Singlet-W-race-teal-led-WT005WT162.webp","contentUrl":"https:\/\/www.miomiorun.com\/app\/uploads\/2025\/04\/wild-tee-Singlet-W-race-teal-led-WT005WT162.webp","width":600,"height":600,"caption":"wild tee Singlet W race teal led WT005WT162"},{"@type":"BreadcrumbList","@id":"https:\/\/www.miomiorun.com\/de\/produkt\/race-teal-led-tanktop-damen\/#breadcrumb","itemListElement":[{"@type":"ListItem","position":1,"name":"Home","item":"https:\/\/www.miomiorun.com\/de\/"},{"@type":"ListItem","position":2,"name":"Shop","item":"https:\/\/www.miomiorun.com\/shop\/"},{"@type":"ListItem","position":3,"name":"Race Teal LED Tanktop damen"}]},{"@type":"WebSite","@id":"https:\/\/www.miomiorun.com\/de\/#website","url":"https:\/\/www.miomiorun.com\/de\/","name":"MioMioRun","description":"100% Lauf- und Trailshop","publisher":{"@id":"https:\/\/www.miomiorun.com\/de\/#organization"},"potentialAction":[{"@type":"SearchAction","target":{"@type":"EntryPoint","urlTemplate":"https:\/\/www.miomiorun.com\/de\/?s={search_term_string}"},"query-input":{"@type":"PropertyValueSpecification","valueRequired":true,"valueName":"search_term_string"}}],"inLanguage":"de-DE"},{"@type":"Organization","@id":"https:\/\/www.miomiorun.com\/de\/#organization","name":"MioMio Run","url":"https:\/\/www.miomiorun.com\/de\/","logo":{"@type":"ImageObject","inLanguage":"de-DE","@id":"https:\/\/www.miomiorun.com\/de\/#\/schema\/logo\/image\/","url":"https:\/\/www.miomiorun.com\/app\/uploads\/2019\/12\/logomio.png","contentUrl":"https:\/\/www.miomiorun.com\/app\/uploads\/2019\/12\/logomio.png","width":115,"height":82,"caption":"MioMio Run"},"image":{"@id":"https:\/\/www.miomiorun.com\/de\/#\/schema\/logo\/image\/"},"sameAs":["https:\/\/www.facebook.com\/miomiorun\/","https:\/\/www.instagram.com\/miomiorun\/"]}]}},"_links":{"self":[{"href":"https:\/\/www.miomiorun.com\/de\/wp-json\/wp\/v2\/product\/288498","targetHints":{"allow":["GET"]}}],"collection":[{"href":"https:\/\/www.miomiorun.com\/de\/wp-json\/wp\/v2\/product"}],"about":[{"href":"https:\/\/www.miomiorun.com\/de\/wp-json\/wp\/v2\/types\/product"}],"wp:featuredmedia":[{"embeddable":true,"href":"https:\/\/www.miomiorun.com\/de\/wp-json\/wp\/v2\/media\/308637"}],"wp:attachment":[{"href":"https:\/\/www.miomiorun.com\/de\/wp-json\/wp\/v2\/media?parent=288498"}],"wp:term":[{"taxonomy":"product_brand","embeddable":true,"href":"https:\/\/www.miomiorun.com\/de\/wp-json\/wp\/v2\/product_brand?post=288498"},{"taxonomy":"product_cat","embeddable":true,"href":"https:\/\/www.miomiorun.com\/de\/wp-json\/wp\/v2\/product_cat?post=288498"},{"taxonomy":"product_tag","embeddable":true,"href":"https:\/\/www.miomiorun.com\/de\/wp-json\/wp\/v2\/product_tag?post=288498"}],"curies":[{"name":"wp","href":"https:\/\/api.w.org\/{rel}","templated":true}]}}