{"id":273707,"date":"2025-04-09T16:20:15","date_gmt":"2025-04-09T14:20:15","guid":{"rendered":"https:\/\/miomiorun.com\/?post_type=product&#038;p=273707"},"modified":"2025-10-30T10:27:15","modified_gmt":"2025-10-30T09:27:15","slug":"fly-by-2-in-1-shorts-damen","status":"publish","type":"product","link":"https:\/\/www.miomiorun.com\/de\/produkt\/fly-by-2-in-1-shorts-damen\/","title":{"rendered":"Fly by 2-in-1 Shorts damen"},"content":{"rendered":"<p>Entdecken Sie die perfekte Kombination aus Leistung und Komfort mit den <strong data-start=\"269\" data-end=\"305\">UA Fly-By 2-in-1 Shorts f\u00fcr Damen<\/strong>. Diese Shorts wurden f\u00fcr intensive sportliche Aktivit\u00e4ten entwickelt und verf\u00fcgen \u00fcber ein innovatives 2-in-1-System mit integrierter Innenhose, die bei jedem Training optimalen Halt bietet. Sie bestehen aus hochwertigen Funktionsstoffen, garantieren hervorragende Atmungsaktivit\u00e4t, schnelles Trocknen und eine ergonomische Passform, die maximale Bewegungsfreiheit gew\u00e4hrleistet. Das moderne und funktionelle Design macht sie ideal sowohl f\u00fcr das Training im Fitnessstudio als auch f\u00fcr das Training im Freien und ist somit die perfekte Wahl f\u00fcr alle, die ein Kleidungsst\u00fcck suchen, das Technologie und Stil vereint.<\/p>\n<h3>Eigenschaften:<\/h3>\n<ul>\n<li>\u00c4u\u00dfere Shorts aus leichtem, bequemem und strapazierf\u00e4higem Material<\/li>\n<li>Das Material absorbiert Schwei\u00df und trocknet sehr schnell<\/li>\n<li>Ultra-atmungsaktive Mesh-Eins\u00e4tze sorgen f\u00fcr zus\u00e4tzliche Bel\u00fcftung<\/li>\n<li>Integrierte Kompressionsshorts f\u00fcr zus\u00e4tzlichen Halt und Schutz<\/li>\n<li>Mittellanger, geraffter Bund mit innenliegendem Kordelzug f\u00fcr maximalen Komfort<\/li>\n<li>Die unsichtbare Rei\u00dfverschlusstasche auf der rechten Seite bietet Platz f\u00fcr Kopfh\u00f6rer, Schl\u00fcssel oder Kreditkarte\/Ausweis<\/li>\n<li>Das Hauptmaterial besteht zu mindestens 90 % aus recyceltem Polyester, ausgenommen Verzierungen und Dekorationen<\/li>\n<\/ul>\n<h3 class=\"css-8rgusf\">Passform und Pflege:<\/h3>\n<div id=\"acc-3\" class=\"g-accordion-content collapse\">\n<ul class=\"t-tabs_data\">\n<li class=\"t-tabs_list\"><span class=\"t-bold_font\">Passform:&nbsp;<\/span>Essentielle Passform, weder zu eng noch zu weit. <\/li>\n<li class=\"t-tabs_list\">Kalt in der Waschmaschine mit \u00e4hnlichen Farben waschen. <\/li>\n<li class=\"t-tabs_list\">Bei Bedarf nur chlorfreies Bleichmittel verwenden. <\/li>\n<li class=\"t-tabs_list\">Bei niedriger Temperatur im Trockner trocknen<\/li>\n<li class=\"t-tabs_list\">Nicht b\u00fcgeln<\/li>\n<li class=\"t-tabs_list\">Keinen Weichsp\u00fcler verwenden<\/li>\n<li class=\"t-tabs_list\">Nicht chemisch reinigen<\/li>\n<\/ul>\n<\/div>\n<p>&nbsp;<\/p>\n<p>&nbsp;<\/p>\n","protected":false},"excerpt":{"rendered":"<ul>\n<li class=\"\" data-start=\"1251\" data-end=\"1327\">\n<p class=\"\" data-start=\"1253\" data-end=\"1327\">Integriertes 2-in-1-System mit Innenhose f\u00fcr optimalen Halt.<\/p>\n<\/li>\n<li class=\"\" data-start=\"1328\" data-end=\"1408\">\n<p class=\"\" data-start=\"1330\" data-end=\"1408\">Atmungsaktives und schnell trocknendes Funktionsmaterial f\u00fcr lang anhaltenden Komfort.<\/p>\n<\/li>\n<li class=\"\" data-start=\"1409\" data-end=\"1477\">\n<p class=\"\" data-start=\"1411\" data-end=\"1477\">Ergonomische Passform f\u00fcr absolute Bewegungsfreiheit.<\/p>\n<\/li>\n<\/ul>\n","protected":false},"featured_media":273687,"template":"","meta":{"_acf_changed":false,"inline_featured_image":false},"product_brand":[],"product_cat":[6401,6488],"product_tag":[20482,20495],"class_list":{"0":"post-273707","1":"product","2":"type-product","3":"status-publish","4":"has-post-thumbnail","6":"product_cat-damenbekleidung","7":"product_cat-damenshorts-de","8":"product_tag-under-armour-de","9":"product_tag-under-armour-damen","10":"pa_attivita-running-de","11":"pa_colore-fly-by-2-in-1-shorts-w-black-de","12":"pa_marca-under-armour-de","13":"pa_sesso-damen","14":"pa_size-small-de","15":"pa_size-medium-de","17":"first","18":"instock","19":"sale","20":"taxable","21":"shipping-taxable","22":"purchasable","23":"product-type-variable","24":"wvs-archive-product-wrapper"},"acf":[],"yoast_head":"<!-- This site is optimized with the Yoast SEO plugin v26.8 - https:\/\/yoast.com\/product\/yoast-seo-wordpress\/ -->\n<title>Under Armour Fly by 2-in-1 Shorts damen - Damen-Shorts- MioMioRun<\/title>\n<meta name=\"description\" content=\"UA Fly-By 2-in-1-Shorts f\u00fcr Damen: Halt, Komfort und innovativer Stil f\u00fcr H\u00f6chstleistungen. Jetzt kaufen!\" \/>\n<meta name=\"robots\" content=\"index, follow, max-snippet:-1, max-image-preview:large, max-video-preview:-1\" \/>\n<link rel=\"canonical\" href=\"https:\/\/www.miomiorun.com\/de\/produkt\/fly-by-2-in-1-shorts-damen\/\" \/>\n<meta property=\"og:locale\" content=\"de_DE\" \/>\n<meta property=\"og:type\" content=\"article\" \/>\n<meta property=\"og:title\" content=\"Under Armour Fly by 2-in-1 Shorts damen - Damen-Shorts- MioMioRun\" \/>\n<meta property=\"og:description\" content=\"UA Fly-By 2-in-1-Shorts f\u00fcr Damen: Halt, Komfort und innovativer Stil f\u00fcr H\u00f6chstleistungen. Jetzt kaufen!\" \/>\n<meta property=\"og:url\" content=\"https:\/\/www.miomiorun.com\/de\/produkt\/fly-by-2-in-1-shorts-damen\/\" \/>\n<meta property=\"og:site_name\" content=\"MioMioRun\" \/>\n<meta property=\"article:publisher\" content=\"https:\/\/www.facebook.com\/miomiorun\/\" \/>\n<meta property=\"article:modified_time\" content=\"2025-10-30T09:27:15+00:00\" \/>\n<meta property=\"og:image\" content=\"https:\/\/www.miomiorun.com\/app\/uploads\/2025\/04\/under-armour-Fly-by-2-in-1-shorts-W-black-1382440-0001.webp\" \/>\n\t<meta property=\"og:image:width\" content=\"600\" \/>\n\t<meta property=\"og:image:height\" content=\"600\" \/>\n\t<meta property=\"og:image:type\" content=\"image\/webp\" \/>\n<meta name=\"twitter:card\" content=\"summary_large_image\" \/>\n<meta name=\"twitter:label1\" content=\"Est. reading time\" \/>\n\t<meta name=\"twitter:data1\" content=\"2 minutes\" \/>\n<script type=\"application\/ld+json\" class=\"yoast-schema-graph\">{\"@context\":\"https:\/\/schema.org\",\"@graph\":[{\"@type\":\"WebPage\",\"@id\":\"https:\/\/www.miomiorun.com\/de\/produkt\/fly-by-2-in-1-shorts-damen\/\",\"url\":\"https:\/\/www.miomiorun.com\/de\/produkt\/fly-by-2-in-1-shorts-damen\/\",\"name\":\"Under Armour Fly by 2-in-1 Shorts damen - Damen-Shorts- MioMioRun\",\"isPartOf\":{\"@id\":\"https:\/\/www.miomiorun.com\/de\/#website\"},\"primaryImageOfPage\":{\"@id\":\"https:\/\/www.miomiorun.com\/de\/produkt\/fly-by-2-in-1-shorts-damen\/#primaryimage\"},\"image\":{\"@id\":\"https:\/\/www.miomiorun.com\/de\/produkt\/fly-by-2-in-1-shorts-damen\/#primaryimage\"},\"thumbnailUrl\":\"https:\/\/www.miomiorun.com\/app\/uploads\/2025\/04\/under-armour-Fly-by-2-in-1-shorts-W-black-1382440-0001.webp\",\"datePublished\":\"2025-04-09T14:20:15+00:00\",\"dateModified\":\"2025-10-30T09:27:15+00:00\",\"description\":\"UA Fly-By 2-in-1-Shorts f\u00fcr Damen: Halt, Komfort und innovativer Stil f\u00fcr H\u00f6chstleistungen. Jetzt kaufen!\",\"breadcrumb\":{\"@id\":\"https:\/\/www.miomiorun.com\/de\/produkt\/fly-by-2-in-1-shorts-damen\/#breadcrumb\"},\"inLanguage\":\"de-DE\",\"potentialAction\":[{\"@type\":\"ReadAction\",\"target\":[\"https:\/\/www.miomiorun.com\/de\/produkt\/fly-by-2-in-1-shorts-damen\/\"]}]},{\"@type\":\"ImageObject\",\"inLanguage\":\"de-DE\",\"@id\":\"https:\/\/www.miomiorun.com\/de\/produkt\/fly-by-2-in-1-shorts-damen\/#primaryimage\",\"url\":\"https:\/\/www.miomiorun.com\/app\/uploads\/2025\/04\/under-armour-Fly-by-2-in-1-shorts-W-black-1382440-0001.webp\",\"contentUrl\":\"https:\/\/www.miomiorun.com\/app\/uploads\/2025\/04\/under-armour-Fly-by-2-in-1-shorts-W-black-1382440-0001.webp\",\"width\":600,\"height\":600,\"caption\":\"under armour Fly by 2 in 1 shorts W black 1382440-0001\"},{\"@type\":\"BreadcrumbList\",\"@id\":\"https:\/\/www.miomiorun.com\/de\/produkt\/fly-by-2-in-1-shorts-damen\/#breadcrumb\",\"itemListElement\":[{\"@type\":\"ListItem\",\"position\":1,\"name\":\"Home\",\"item\":\"https:\/\/www.miomiorun.com\/de\/\"},{\"@type\":\"ListItem\",\"position\":2,\"name\":\"Shop\",\"item\":\"https:\/\/www.miomiorun.com\/shop\/\"},{\"@type\":\"ListItem\",\"position\":3,\"name\":\"Fly by 2-in-1 Shorts damen\"}]},{\"@type\":\"WebSite\",\"@id\":\"https:\/\/www.miomiorun.com\/de\/#website\",\"url\":\"https:\/\/www.miomiorun.com\/de\/\",\"name\":\"MioMioRun\",\"description\":\"100% Lauf- und Trailshop\",\"publisher\":{\"@id\":\"https:\/\/www.miomiorun.com\/de\/#organization\"},\"potentialAction\":[{\"@type\":\"SearchAction\",\"target\":{\"@type\":\"EntryPoint\",\"urlTemplate\":\"https:\/\/www.miomiorun.com\/de\/?s={search_term_string}\"},\"query-input\":{\"@type\":\"PropertyValueSpecification\",\"valueRequired\":true,\"valueName\":\"search_term_string\"}}],\"inLanguage\":\"de-DE\"},{\"@type\":\"Organization\",\"@id\":\"https:\/\/www.miomiorun.com\/de\/#organization\",\"name\":\"MioMio Run\",\"url\":\"https:\/\/www.miomiorun.com\/de\/\",\"logo\":{\"@type\":\"ImageObject\",\"inLanguage\":\"de-DE\",\"@id\":\"https:\/\/www.miomiorun.com\/de\/#\/schema\/logo\/image\/\",\"url\":\"https:\/\/www.miomiorun.com\/app\/uploads\/2019\/12\/logomio.png\",\"contentUrl\":\"https:\/\/www.miomiorun.com\/app\/uploads\/2019\/12\/logomio.png\",\"width\":115,\"height\":82,\"caption\":\"MioMio Run\"},\"image\":{\"@id\":\"https:\/\/www.miomiorun.com\/de\/#\/schema\/logo\/image\/\"},\"sameAs\":[\"https:\/\/www.facebook.com\/miomiorun\/\",\"https:\/\/www.instagram.com\/miomiorun\/\"]}]}<\/script>\n<!-- \/ Yoast SEO plugin. -->","yoast_head_json":{"title":"Under Armour Fly by 2-in-1 Shorts damen - Damen-Shorts- MioMioRun","description":"UA Fly-By 2-in-1-Shorts f\u00fcr Damen: Halt, Komfort und innovativer Stil f\u00fcr H\u00f6chstleistungen. Jetzt kaufen!","robots":{"index":"index","follow":"follow","max-snippet":"max-snippet:-1","max-image-preview":"max-image-preview:large","max-video-preview":"max-video-preview:-1"},"canonical":"https:\/\/www.miomiorun.com\/de\/produkt\/fly-by-2-in-1-shorts-damen\/","og_locale":"de_DE","og_type":"article","og_title":"Under Armour Fly by 2-in-1 Shorts damen - Damen-Shorts- MioMioRun","og_description":"UA Fly-By 2-in-1-Shorts f\u00fcr Damen: Halt, Komfort und innovativer Stil f\u00fcr H\u00f6chstleistungen. Jetzt kaufen!","og_url":"https:\/\/www.miomiorun.com\/de\/produkt\/fly-by-2-in-1-shorts-damen\/","og_site_name":"MioMioRun","article_publisher":"https:\/\/www.facebook.com\/miomiorun\/","article_modified_time":"2025-10-30T09:27:15+00:00","og_image":[{"width":600,"height":600,"url":"https:\/\/www.miomiorun.com\/app\/uploads\/2025\/04\/under-armour-Fly-by-2-in-1-shorts-W-black-1382440-0001.webp","type":"image\/webp"}],"twitter_card":"summary_large_image","twitter_misc":{"Est. reading time":"2 minutes"},"schema":{"@context":"https:\/\/schema.org","@graph":[{"@type":"WebPage","@id":"https:\/\/www.miomiorun.com\/de\/produkt\/fly-by-2-in-1-shorts-damen\/","url":"https:\/\/www.miomiorun.com\/de\/produkt\/fly-by-2-in-1-shorts-damen\/","name":"Under Armour Fly by 2-in-1 Shorts damen - Damen-Shorts- MioMioRun","isPartOf":{"@id":"https:\/\/www.miomiorun.com\/de\/#website"},"primaryImageOfPage":{"@id":"https:\/\/www.miomiorun.com\/de\/produkt\/fly-by-2-in-1-shorts-damen\/#primaryimage"},"image":{"@id":"https:\/\/www.miomiorun.com\/de\/produkt\/fly-by-2-in-1-shorts-damen\/#primaryimage"},"thumbnailUrl":"https:\/\/www.miomiorun.com\/app\/uploads\/2025\/04\/under-armour-Fly-by-2-in-1-shorts-W-black-1382440-0001.webp","datePublished":"2025-04-09T14:20:15+00:00","dateModified":"2025-10-30T09:27:15+00:00","description":"UA Fly-By 2-in-1-Shorts f\u00fcr Damen: Halt, Komfort und innovativer Stil f\u00fcr H\u00f6chstleistungen. Jetzt kaufen!","breadcrumb":{"@id":"https:\/\/www.miomiorun.com\/de\/produkt\/fly-by-2-in-1-shorts-damen\/#breadcrumb"},"inLanguage":"de-DE","potentialAction":[{"@type":"ReadAction","target":["https:\/\/www.miomiorun.com\/de\/produkt\/fly-by-2-in-1-shorts-damen\/"]}]},{"@type":"ImageObject","inLanguage":"de-DE","@id":"https:\/\/www.miomiorun.com\/de\/produkt\/fly-by-2-in-1-shorts-damen\/#primaryimage","url":"https:\/\/www.miomiorun.com\/app\/uploads\/2025\/04\/under-armour-Fly-by-2-in-1-shorts-W-black-1382440-0001.webp","contentUrl":"https:\/\/www.miomiorun.com\/app\/uploads\/2025\/04\/under-armour-Fly-by-2-in-1-shorts-W-black-1382440-0001.webp","width":600,"height":600,"caption":"under armour Fly by 2 in 1 shorts W black 1382440-0001"},{"@type":"BreadcrumbList","@id":"https:\/\/www.miomiorun.com\/de\/produkt\/fly-by-2-in-1-shorts-damen\/#breadcrumb","itemListElement":[{"@type":"ListItem","position":1,"name":"Home","item":"https:\/\/www.miomiorun.com\/de\/"},{"@type":"ListItem","position":2,"name":"Shop","item":"https:\/\/www.miomiorun.com\/shop\/"},{"@type":"ListItem","position":3,"name":"Fly by 2-in-1 Shorts damen"}]},{"@type":"WebSite","@id":"https:\/\/www.miomiorun.com\/de\/#website","url":"https:\/\/www.miomiorun.com\/de\/","name":"MioMioRun","description":"100% Lauf- und Trailshop","publisher":{"@id":"https:\/\/www.miomiorun.com\/de\/#organization"},"potentialAction":[{"@type":"SearchAction","target":{"@type":"EntryPoint","urlTemplate":"https:\/\/www.miomiorun.com\/de\/?s={search_term_string}"},"query-input":{"@type":"PropertyValueSpecification","valueRequired":true,"valueName":"search_term_string"}}],"inLanguage":"de-DE"},{"@type":"Organization","@id":"https:\/\/www.miomiorun.com\/de\/#organization","name":"MioMio Run","url":"https:\/\/www.miomiorun.com\/de\/","logo":{"@type":"ImageObject","inLanguage":"de-DE","@id":"https:\/\/www.miomiorun.com\/de\/#\/schema\/logo\/image\/","url":"https:\/\/www.miomiorun.com\/app\/uploads\/2019\/12\/logomio.png","contentUrl":"https:\/\/www.miomiorun.com\/app\/uploads\/2019\/12\/logomio.png","width":115,"height":82,"caption":"MioMio Run"},"image":{"@id":"https:\/\/www.miomiorun.com\/de\/#\/schema\/logo\/image\/"},"sameAs":["https:\/\/www.facebook.com\/miomiorun\/","https:\/\/www.instagram.com\/miomiorun\/"]}]}},"_links":{"self":[{"href":"https:\/\/www.miomiorun.com\/de\/wp-json\/wp\/v2\/product\/273707","targetHints":{"allow":["GET"]}}],"collection":[{"href":"https:\/\/www.miomiorun.com\/de\/wp-json\/wp\/v2\/product"}],"about":[{"href":"https:\/\/www.miomiorun.com\/de\/wp-json\/wp\/v2\/types\/product"}],"wp:featuredmedia":[{"embeddable":true,"href":"https:\/\/www.miomiorun.com\/de\/wp-json\/wp\/v2\/media\/273687"}],"wp:attachment":[{"href":"https:\/\/www.miomiorun.com\/de\/wp-json\/wp\/v2\/media?parent=273707"}],"wp:term":[{"taxonomy":"product_brand","embeddable":true,"href":"https:\/\/www.miomiorun.com\/de\/wp-json\/wp\/v2\/product_brand?post=273707"},{"taxonomy":"product_cat","embeddable":true,"href":"https:\/\/www.miomiorun.com\/de\/wp-json\/wp\/v2\/product_cat?post=273707"},{"taxonomy":"product_tag","embeddable":true,"href":"https:\/\/www.miomiorun.com\/de\/wp-json\/wp\/v2\/product_tag?post=273707"}],"curies":[{"name":"wp","href":"https:\/\/api.w.org\/{rel}","templated":true}]}}