{"id":273668,"date":"2025-04-09T15:35:29","date_gmt":"2025-04-09T13:35:29","guid":{"rendered":"https:\/\/miomiorun.com\/?post_type=product&#038;p=273668"},"modified":"2026-05-08T22:38:37","modified_gmt":"2026-05-08T20:38:37","slug":"foresta-t-shirt-herren","status":"publish","type":"product","link":"https:\/\/www.miomiorun.com\/de\/produkt\/foresta-t-shirt-herren\/","title":{"rendered":"Foresta T-Shirt Herren"},"content":{"rendered":"<p class=\"\" data-start=\"170\" data-end=\"453\">Entdecken Sie die Magie der Natur mit dem Funktionsshirt \u201eForesta\u201c, das von der stillen Kraft unber\u00fchrter W\u00e4lder inspiriert ist. Dieses leichte, atmungsaktive Shirt mit seinem ausdrucksstarken Design begleitet Sie \u00fcberall hin \u2013 von Ultra-Trail-Wettk\u00e4mpfen bis hin zu langen, eindringlichen Trekkingtouren.<\/p>\n<p class=\"\" data-start=\"455\" data-end=\"763\">Es besteht aus <strong data-start=\"469\" data-end=\"495\">ultraleichtem Micromesh<\/strong> und f\u00fchlt sich <strong data-start=\"521\" data-end=\"554\">seidig weich auf der Haut<\/strong> an, w\u00e4hrend es auch bei intensiven Aktivit\u00e4ten eine hohe Schwei\u00dfableitung gew\u00e4hrleistet. Die technische Passform garantiert Komfort, Bewegungsfreiheit und eine perfekte Regulierung der K\u00f6rpertemperatur.<\/p>\n<p class=\"\" data-start=\"765\" data-end=\"931\">Dank seines <strong data-start=\"780\" data-end=\"799\">geringen Gewichts von nur 105 Gramm<\/strong> werden Sie vergessen, dass Sie es tragen, w\u00e4hrend Sie H\u00f6henunterschiede, W\u00e4lder und Pfade unter der Sonne oder im Schatten der Berge bew\u00e4ltigen.<\/p>\n<p data-start=\"765\" data-end=\"931\">\n","protected":false},"excerpt":{"rendered":"<ul>\n<li>Aus ultraleichtem Micromesh gefertigt<\/li>\n<li>Ideal f\u00fcr Ultra-Trail-Wettk\u00e4mpfe und l\u00e4ngere Trekkingtouren<\/li>\n<\/ul>\n","protected":false},"featured_media":308667,"template":"","meta":{"_acf_changed":false,"inline_featured_image":false},"product_brand":[],"product_cat":[6540,6508],"product_tag":[3399,6294],"class_list":{"0":"post-273668","1":"product","2":"type-product","3":"status-publish","4":"has-post-thumbnail","6":"product_cat-herrenbekleidung","7":"product_cat-herrent-shirt","8":"product_tag-wild-tee-de","9":"product_tag-wild-tee-herren-de","10":"pa_attivita-gehen","11":"pa_attivita-running-de","12":"pa_attivita-trail-de","13":"pa_marca-wild-tee-de","14":"pa_sesso-herren","15":"pa_size-small-de","16":"pa_size-medium-de","17":"pa_size-large-de","18":"pa_size-extra-large-de","20":"first","21":"instock","22":"sale","23":"taxable","24":"shipping-taxable","25":"purchasable","26":"product-type-variable","27":"wvs-archive-product-wrapper"},"acf":[],"yoast_head":"<!-- This site is optimized with the Yoast SEO plugin v26.8 - https:\/\/yoast.com\/product\/yoast-seo-wordpress\/ -->\n<title>Wild Tee Foresta T-Shirt Herren -Laufshirt - MioMioRun.com<\/title>\n<meta name=\"description\" content=\"Leichtes und atmungsaktives Funktionsshirt aus Micromesh, inspiriert vom Wald. Ideal f\u00fcr Ultra-Trails, Trekking und Outdoor-Aktivit\u00e4ten. Weich wie Seide. Nur 105 g.\" \/>\n<meta name=\"robots\" content=\"index, follow, max-snippet:-1, max-image-preview:large, max-video-preview:-1\" \/>\n<link rel=\"canonical\" href=\"https:\/\/www.miomiorun.com\/de\/produkt\/foresta-t-shirt-herren\/\" \/>\n<meta property=\"og:locale\" content=\"de_DE\" \/>\n<meta property=\"og:type\" content=\"article\" \/>\n<meta property=\"og:title\" content=\"Wild Tee Foresta T-Shirt Herren -Laufshirt - MioMioRun.com\" \/>\n<meta property=\"og:description\" content=\"Leichtes und atmungsaktives Funktionsshirt aus Micromesh, inspiriert vom Wald. Ideal f\u00fcr Ultra-Trails, Trekking und Outdoor-Aktivit\u00e4ten. Weich wie Seide. Nur 105 g.\" \/>\n<meta property=\"og:url\" content=\"https:\/\/www.miomiorun.com\/de\/produkt\/foresta-t-shirt-herren\/\" \/>\n<meta property=\"og:site_name\" content=\"MioMioRun\" \/>\n<meta property=\"article:publisher\" content=\"https:\/\/www.facebook.com\/miomiorun\/\" \/>\n<meta property=\"article:modified_time\" content=\"2026-05-08T20:38:37+00:00\" \/>\n<meta property=\"og:image\" content=\"https:\/\/www.miomiorun.com\/app\/uploads\/2025\/04\/wild-tee-FOREST-TECH-T-SHIRT-WT001WT60.webp\" \/>\n\t<meta property=\"og:image:width\" content=\"600\" \/>\n\t<meta property=\"og:image:height\" content=\"600\" \/>\n\t<meta property=\"og:image:type\" content=\"image\/webp\" \/>\n<meta name=\"twitter:card\" content=\"summary_large_image\" \/>\n<meta name=\"twitter:label1\" content=\"Est. reading time\" \/>\n\t<meta name=\"twitter:data1\" content=\"1 minute\" \/>\n<script type=\"application\/ld+json\" class=\"yoast-schema-graph\">{\"@context\":\"https:\/\/schema.org\",\"@graph\":[{\"@type\":\"WebPage\",\"@id\":\"https:\/\/www.miomiorun.com\/de\/produkt\/foresta-t-shirt-herren\/\",\"url\":\"https:\/\/www.miomiorun.com\/de\/produkt\/foresta-t-shirt-herren\/\",\"name\":\"Wild Tee Foresta T-Shirt Herren -Laufshirt - MioMioRun.com\",\"isPartOf\":{\"@id\":\"https:\/\/www.miomiorun.com\/de\/#website\"},\"primaryImageOfPage\":{\"@id\":\"https:\/\/www.miomiorun.com\/de\/produkt\/foresta-t-shirt-herren\/#primaryimage\"},\"image\":{\"@id\":\"https:\/\/www.miomiorun.com\/de\/produkt\/foresta-t-shirt-herren\/#primaryimage\"},\"thumbnailUrl\":\"https:\/\/www.miomiorun.com\/app\/uploads\/2025\/04\/wild-tee-FOREST-TECH-T-SHIRT-WT001WT60.webp\",\"datePublished\":\"2025-04-09T13:35:29+00:00\",\"dateModified\":\"2026-05-08T20:38:37+00:00\",\"description\":\"Leichtes und atmungsaktives Funktionsshirt aus Micromesh, inspiriert vom Wald. Ideal f\u00fcr Ultra-Trails, Trekking und Outdoor-Aktivit\u00e4ten. Weich wie Seide. Nur 105 g.\",\"breadcrumb\":{\"@id\":\"https:\/\/www.miomiorun.com\/de\/produkt\/foresta-t-shirt-herren\/#breadcrumb\"},\"inLanguage\":\"de-DE\",\"potentialAction\":[{\"@type\":\"ReadAction\",\"target\":[\"https:\/\/www.miomiorun.com\/de\/produkt\/foresta-t-shirt-herren\/\"]}]},{\"@type\":\"ImageObject\",\"inLanguage\":\"de-DE\",\"@id\":\"https:\/\/www.miomiorun.com\/de\/produkt\/foresta-t-shirt-herren\/#primaryimage\",\"url\":\"https:\/\/www.miomiorun.com\/app\/uploads\/2025\/04\/wild-tee-FOREST-TECH-T-SHIRT-WT001WT60.webp\",\"contentUrl\":\"https:\/\/www.miomiorun.com\/app\/uploads\/2025\/04\/wild-tee-FOREST-TECH-T-SHIRT-WT001WT60.webp\",\"width\":600,\"height\":600,\"caption\":\"wild tee FOREST TECH T-SHIRT WT001WT60\"},{\"@type\":\"BreadcrumbList\",\"@id\":\"https:\/\/www.miomiorun.com\/de\/produkt\/foresta-t-shirt-herren\/#breadcrumb\",\"itemListElement\":[{\"@type\":\"ListItem\",\"position\":1,\"name\":\"Home\",\"item\":\"https:\/\/www.miomiorun.com\/de\/home-page\/\"},{\"@type\":\"ListItem\",\"position\":2,\"name\":\"Shop\",\"item\":\"https:\/\/www.miomiorun.com\/shop\/\"},{\"@type\":\"ListItem\",\"position\":3,\"name\":\"Foresta T-Shirt Herren\"}]},{\"@type\":\"WebSite\",\"@id\":\"https:\/\/www.miomiorun.com\/de\/#website\",\"url\":\"https:\/\/www.miomiorun.com\/de\/\",\"name\":\"MioMioRun\",\"description\":\"100% Lauf- und Trailshop\",\"publisher\":{\"@id\":\"https:\/\/www.miomiorun.com\/de\/#organization\"},\"potentialAction\":[{\"@type\":\"SearchAction\",\"target\":{\"@type\":\"EntryPoint\",\"urlTemplate\":\"https:\/\/www.miomiorun.com\/de\/?s={search_term_string}\"},\"query-input\":{\"@type\":\"PropertyValueSpecification\",\"valueRequired\":true,\"valueName\":\"search_term_string\"}}],\"inLanguage\":\"de-DE\"},{\"@type\":\"Organization\",\"@id\":\"https:\/\/www.miomiorun.com\/de\/#organization\",\"name\":\"MioMio Run\",\"url\":\"https:\/\/www.miomiorun.com\/de\/\",\"logo\":{\"@type\":\"ImageObject\",\"inLanguage\":\"de-DE\",\"@id\":\"https:\/\/www.miomiorun.com\/de\/#\/schema\/logo\/image\/\",\"url\":\"https:\/\/www.miomiorun.com\/app\/uploads\/2019\/12\/logomio.png\",\"contentUrl\":\"https:\/\/www.miomiorun.com\/app\/uploads\/2019\/12\/logomio.png\",\"width\":115,\"height\":82,\"caption\":\"MioMio Run\"},\"image\":{\"@id\":\"https:\/\/www.miomiorun.com\/de\/#\/schema\/logo\/image\/\"},\"sameAs\":[\"https:\/\/www.facebook.com\/miomiorun\/\",\"https:\/\/www.instagram.com\/miomiorun\/\"]}]}<\/script>\n<!-- \/ Yoast SEO plugin. -->","yoast_head_json":{"title":"Wild Tee Foresta T-Shirt Herren -Laufshirt - MioMioRun.com","description":"Leichtes und atmungsaktives Funktionsshirt aus Micromesh, inspiriert vom Wald. Ideal f\u00fcr Ultra-Trails, Trekking und Outdoor-Aktivit\u00e4ten. Weich wie Seide. Nur 105 g.","robots":{"index":"index","follow":"follow","max-snippet":"max-snippet:-1","max-image-preview":"max-image-preview:large","max-video-preview":"max-video-preview:-1"},"canonical":"https:\/\/www.miomiorun.com\/de\/produkt\/foresta-t-shirt-herren\/","og_locale":"de_DE","og_type":"article","og_title":"Wild Tee Foresta T-Shirt Herren -Laufshirt - MioMioRun.com","og_description":"Leichtes und atmungsaktives Funktionsshirt aus Micromesh, inspiriert vom Wald. Ideal f\u00fcr Ultra-Trails, Trekking und Outdoor-Aktivit\u00e4ten. Weich wie Seide. Nur 105 g.","og_url":"https:\/\/www.miomiorun.com\/de\/produkt\/foresta-t-shirt-herren\/","og_site_name":"MioMioRun","article_publisher":"https:\/\/www.facebook.com\/miomiorun\/","article_modified_time":"2026-05-08T20:38:37+00:00","og_image":[{"width":600,"height":600,"url":"https:\/\/www.miomiorun.com\/app\/uploads\/2025\/04\/wild-tee-FOREST-TECH-T-SHIRT-WT001WT60.webp","type":"image\/webp"}],"twitter_card":"summary_large_image","twitter_misc":{"Est. reading time":"1 minute"},"schema":{"@context":"https:\/\/schema.org","@graph":[{"@type":"WebPage","@id":"https:\/\/www.miomiorun.com\/de\/produkt\/foresta-t-shirt-herren\/","url":"https:\/\/www.miomiorun.com\/de\/produkt\/foresta-t-shirt-herren\/","name":"Wild Tee Foresta T-Shirt Herren -Laufshirt - MioMioRun.com","isPartOf":{"@id":"https:\/\/www.miomiorun.com\/de\/#website"},"primaryImageOfPage":{"@id":"https:\/\/www.miomiorun.com\/de\/produkt\/foresta-t-shirt-herren\/#primaryimage"},"image":{"@id":"https:\/\/www.miomiorun.com\/de\/produkt\/foresta-t-shirt-herren\/#primaryimage"},"thumbnailUrl":"https:\/\/www.miomiorun.com\/app\/uploads\/2025\/04\/wild-tee-FOREST-TECH-T-SHIRT-WT001WT60.webp","datePublished":"2025-04-09T13:35:29+00:00","dateModified":"2026-05-08T20:38:37+00:00","description":"Leichtes und atmungsaktives Funktionsshirt aus Micromesh, inspiriert vom Wald. Ideal f\u00fcr Ultra-Trails, Trekking und Outdoor-Aktivit\u00e4ten. Weich wie Seide. Nur 105 g.","breadcrumb":{"@id":"https:\/\/www.miomiorun.com\/de\/produkt\/foresta-t-shirt-herren\/#breadcrumb"},"inLanguage":"de-DE","potentialAction":[{"@type":"ReadAction","target":["https:\/\/www.miomiorun.com\/de\/produkt\/foresta-t-shirt-herren\/"]}]},{"@type":"ImageObject","inLanguage":"de-DE","@id":"https:\/\/www.miomiorun.com\/de\/produkt\/foresta-t-shirt-herren\/#primaryimage","url":"https:\/\/www.miomiorun.com\/app\/uploads\/2025\/04\/wild-tee-FOREST-TECH-T-SHIRT-WT001WT60.webp","contentUrl":"https:\/\/www.miomiorun.com\/app\/uploads\/2025\/04\/wild-tee-FOREST-TECH-T-SHIRT-WT001WT60.webp","width":600,"height":600,"caption":"wild tee FOREST TECH T-SHIRT WT001WT60"},{"@type":"BreadcrumbList","@id":"https:\/\/www.miomiorun.com\/de\/produkt\/foresta-t-shirt-herren\/#breadcrumb","itemListElement":[{"@type":"ListItem","position":1,"name":"Home","item":"https:\/\/www.miomiorun.com\/de\/home-page\/"},{"@type":"ListItem","position":2,"name":"Shop","item":"https:\/\/www.miomiorun.com\/shop\/"},{"@type":"ListItem","position":3,"name":"Foresta T-Shirt Herren"}]},{"@type":"WebSite","@id":"https:\/\/www.miomiorun.com\/de\/#website","url":"https:\/\/www.miomiorun.com\/de\/","name":"MioMioRun","description":"100% Lauf- und Trailshop","publisher":{"@id":"https:\/\/www.miomiorun.com\/de\/#organization"},"potentialAction":[{"@type":"SearchAction","target":{"@type":"EntryPoint","urlTemplate":"https:\/\/www.miomiorun.com\/de\/?s={search_term_string}"},"query-input":{"@type":"PropertyValueSpecification","valueRequired":true,"valueName":"search_term_string"}}],"inLanguage":"de-DE"},{"@type":"Organization","@id":"https:\/\/www.miomiorun.com\/de\/#organization","name":"MioMio Run","url":"https:\/\/www.miomiorun.com\/de\/","logo":{"@type":"ImageObject","inLanguage":"de-DE","@id":"https:\/\/www.miomiorun.com\/de\/#\/schema\/logo\/image\/","url":"https:\/\/www.miomiorun.com\/app\/uploads\/2019\/12\/logomio.png","contentUrl":"https:\/\/www.miomiorun.com\/app\/uploads\/2019\/12\/logomio.png","width":115,"height":82,"caption":"MioMio Run"},"image":{"@id":"https:\/\/www.miomiorun.com\/de\/#\/schema\/logo\/image\/"},"sameAs":["https:\/\/www.facebook.com\/miomiorun\/","https:\/\/www.instagram.com\/miomiorun\/"]}]}},"_links":{"self":[{"href":"https:\/\/www.miomiorun.com\/de\/wp-json\/wp\/v2\/product\/273668","targetHints":{"allow":["GET"]}}],"collection":[{"href":"https:\/\/www.miomiorun.com\/de\/wp-json\/wp\/v2\/product"}],"about":[{"href":"https:\/\/www.miomiorun.com\/de\/wp-json\/wp\/v2\/types\/product"}],"wp:featuredmedia":[{"embeddable":true,"href":"https:\/\/www.miomiorun.com\/de\/wp-json\/wp\/v2\/media\/308667"}],"wp:attachment":[{"href":"https:\/\/www.miomiorun.com\/de\/wp-json\/wp\/v2\/media?parent=273668"}],"wp:term":[{"taxonomy":"product_brand","embeddable":true,"href":"https:\/\/www.miomiorun.com\/de\/wp-json\/wp\/v2\/product_brand?post=273668"},{"taxonomy":"product_cat","embeddable":true,"href":"https:\/\/www.miomiorun.com\/de\/wp-json\/wp\/v2\/product_cat?post=273668"},{"taxonomy":"product_tag","embeddable":true,"href":"https:\/\/www.miomiorun.com\/de\/wp-json\/wp\/v2\/product_tag?post=273668"}],"curies":[{"name":"wp","href":"https:\/\/api.w.org\/{rel}","templated":true}]}}