{"id":273628,"date":"2025-04-09T12:25:43","date_gmt":"2025-04-09T10:25:43","guid":{"rendered":"https:\/\/miomiorun.com\/?post_type=product&#038;p=273628"},"modified":"2025-05-24T12:33:54","modified_gmt":"2025-05-24T10:33:54","slug":"endurance-tre-cime-di-lavaredo-hut","status":"publish","type":"product","link":"https:\/\/www.miomiorun.com\/de\/produkt\/endurance-tre-cime-di-lavaredo-hut\/","title":{"rendered":"Endurance Tre Cime di Lavaredo Hut"},"content":{"rendered":"<p class=\"\" data-end=\"554\" data-start=\"107\"><strong data-end=\"168\" data-start=\"107\">Eine ikonische Hommage an die legend\u00e4ren Drei Zinnen.<\/strong><br data-end=\"171\" data-start=\"168\" \/>Zum ersten Mal erscheint eines der ikonischsten Designs von Wild Tee auf unserer ber\u00fchmten <strong data-end=\"287\" data-start=\"265\">Endurance-M\u00fctze<\/strong>: eine Hommage an die Natur, harte Arbeit und die Sch\u00f6nheit der Dolomiten. Diese f\u00fcr den <strong data-end=\"435\" data-start=\"408\">Mailand-Marathon 2023<\/strong> in limitierter Auflage produzierte M\u00fctze ist nicht nur ein technisches Accessoire, sondern auch ein Sammlerst\u00fcck f\u00fcr alle, die das Laufen und die Berge lieben.<\/p>\n<p class=\"\" data-end=\"1064\" data-start=\"556\"><strong data-end=\"614\" data-start=\"556\">Entwickelt f\u00fcr Ausdauer, entwickelt f\u00fcr Leichtigkeit.<\/strong><br data-end=\"617\" data-start=\"614\" \/><strong data-end=\"654\" data-start=\"633\">Mit<\/strong> nur <strong data-end=\"654\" data-start=\"633\">25 Gramm<\/strong> ist diese M\u00fctze ultraleicht, <strong data-end=\"726\" data-start=\"688\">faltbar und waschmaschinenfest<\/strong>. Die <strong data-end=\"760\" data-start=\"731\">flexible, gepolsterte Krempe<\/strong> bietet Komfort und Schutz, w\u00e4hrend die <strong data-end=\"839\" data-start=\"798\">atmungsaktiven Mesh-Seitenteile<\/strong> eine optimale Bel\u00fcftung auch bei den intensivsten Anstrengungen gew\u00e4hrleisten. Die <strong data-is-only-node=\"\" data-end=\"949\" data-start=\"916\">Vorderseite und das Oberteil<\/strong> sind mit der exklusiven 3 Peaks-Grafik bedruckt, w\u00e4hrend das <strong data-end=\"1039\" data-start=\"1013\">gestickte Wild Tee-Logo<\/strong> die Qualit\u00e4t best\u00e4tigt.<\/p>\n<p class=\"\" data-end=\"1211\" data-start=\"1066\"><strong data-end=\"1089\" data-start=\"1066\">Verstellbarer Verschluss<\/strong> f\u00fcr eine perfekte Passform, Einheitsgr\u00f6\u00dfe.<br data-end=\"1151\" data-start=\"1148\" \/>Wear the legend, take the Dolomites with you on every ride.<\/p>\n","protected":false},"excerpt":{"rendered":"<ul class=\"m-long-description__features\">\n<li class=\"m-long-description__feature\">Schnelltrocknend<\/li>\n<li class=\"m-long-description__feature\">Verstellbare Passform<\/li>\n<\/ul>\n","protected":false},"featured_media":308536,"template":"","meta":{"_acf_changed":false,"inline_featured_image":false},"product_brand":[],"product_cat":[6342,6372,6374],"product_tag":[3399],"class_list":{"0":"post-273628","1":"product","2":"type-product","3":"status-publish","4":"has-post-thumbnail","6":"product_cat-zubehoer","7":"product_cat-aufwaermausruestung-de","8":"product_cat-haar-de","9":"product_tag-wild-tee-de","10":"pa_attivita-gehen","11":"pa_attivita-outdoor-de","12":"pa_attivita-running-de","13":"pa_attivita-trail-de","14":"pa_marca-wild-tee-de","15":"pa_sesso-damen","16":"pa_sesso-herren","18":"first","19":"instock","20":"sale","21":"taxable","22":"shipping-taxable","23":"purchasable","24":"product-type-simple"},"acf":[],"yoast_head":"<!-- This site is optimized with the Yoast SEO plugin v26.8 - https:\/\/yoast.com\/product\/yoast-seo-wordpress\/ -->\n<title>Wild Tee Endurance Tre Cime di Lavaredo Hut - Laufende M\u00fctze - MioMioRun<\/title>\n<meta name=\"description\" content=\"Technische Ausdauerm\u00fctze mit limitierter Grafik von Tre Cime di Lavaredo f\u00fcr Marathons und Trailrunning. Leicht, atmungsaktiv, verstellbar und waschbar.\" \/>\n<meta name=\"robots\" content=\"index, follow, max-snippet:-1, max-image-preview:large, max-video-preview:-1\" \/>\n<link rel=\"canonical\" href=\"https:\/\/www.miomiorun.com\/de\/produkt\/endurance-tre-cime-di-lavaredo-hut\/\" \/>\n<meta property=\"og:locale\" content=\"de_DE\" \/>\n<meta property=\"og:type\" content=\"article\" \/>\n<meta property=\"og:title\" content=\"Wild Tee Endurance Tre Cime di Lavaredo Hut - Laufende M\u00fctze - MioMioRun\" \/>\n<meta property=\"og:description\" content=\"Technische Ausdauerm\u00fctze mit limitierter Grafik von Tre Cime di Lavaredo f\u00fcr Marathons und Trailrunning. Leicht, atmungsaktiv, verstellbar und waschbar.\" \/>\n<meta property=\"og:url\" content=\"https:\/\/www.miomiorun.com\/de\/produkt\/endurance-tre-cime-di-lavaredo-hut\/\" \/>\n<meta property=\"og:site_name\" content=\"MioMioRun\" \/>\n<meta property=\"article:publisher\" content=\"https:\/\/www.facebook.com\/miomiorun\/\" \/>\n<meta property=\"article:modified_time\" content=\"2025-05-24T10:33:54+00:00\" \/>\n<meta property=\"og:image\" content=\"https:\/\/www.miomiorun.com\/app\/uploads\/2025\/04\/wild-tee-Endurance-hat-tre-cime-di-lavaredo-WT090WT23.webp\" \/>\n\t<meta property=\"og:image:width\" content=\"600\" \/>\n\t<meta property=\"og:image:height\" content=\"600\" \/>\n\t<meta property=\"og:image:type\" content=\"image\/webp\" \/>\n<meta name=\"twitter:card\" content=\"summary_large_image\" \/>\n<meta name=\"twitter:label1\" content=\"Est. reading time\" \/>\n\t<meta name=\"twitter:data1\" content=\"1 minute\" \/>\n<script type=\"application\/ld+json\" class=\"yoast-schema-graph\">{\"@context\":\"https:\/\/schema.org\",\"@graph\":[{\"@type\":\"WebPage\",\"@id\":\"https:\/\/www.miomiorun.com\/de\/produkt\/endurance-tre-cime-di-lavaredo-hut\/\",\"url\":\"https:\/\/www.miomiorun.com\/de\/produkt\/endurance-tre-cime-di-lavaredo-hut\/\",\"name\":\"Wild Tee Endurance Tre Cime di Lavaredo Hut - Laufende M\u00fctze - MioMioRun\",\"isPartOf\":{\"@id\":\"https:\/\/www.miomiorun.com\/de\/#website\"},\"primaryImageOfPage\":{\"@id\":\"https:\/\/www.miomiorun.com\/de\/produkt\/endurance-tre-cime-di-lavaredo-hut\/#primaryimage\"},\"image\":{\"@id\":\"https:\/\/www.miomiorun.com\/de\/produkt\/endurance-tre-cime-di-lavaredo-hut\/#primaryimage\"},\"thumbnailUrl\":\"https:\/\/www.miomiorun.com\/app\/uploads\/2025\/04\/wild-tee-Endurance-hat-tre-cime-di-lavaredo-WT090WT23.webp\",\"datePublished\":\"2025-04-09T10:25:43+00:00\",\"dateModified\":\"2025-05-24T10:33:54+00:00\",\"description\":\"Technische Ausdauerm\u00fctze mit limitierter Grafik von Tre Cime di Lavaredo f\u00fcr Marathons und Trailrunning. Leicht, atmungsaktiv, verstellbar und waschbar.\",\"breadcrumb\":{\"@id\":\"https:\/\/www.miomiorun.com\/de\/produkt\/endurance-tre-cime-di-lavaredo-hut\/#breadcrumb\"},\"inLanguage\":\"de-DE\",\"potentialAction\":[{\"@type\":\"ReadAction\",\"target\":[\"https:\/\/www.miomiorun.com\/de\/produkt\/endurance-tre-cime-di-lavaredo-hut\/\"]}]},{\"@type\":\"ImageObject\",\"inLanguage\":\"de-DE\",\"@id\":\"https:\/\/www.miomiorun.com\/de\/produkt\/endurance-tre-cime-di-lavaredo-hut\/#primaryimage\",\"url\":\"https:\/\/www.miomiorun.com\/app\/uploads\/2025\/04\/wild-tee-Endurance-hat-tre-cime-di-lavaredo-WT090WT23.webp\",\"contentUrl\":\"https:\/\/www.miomiorun.com\/app\/uploads\/2025\/04\/wild-tee-Endurance-hat-tre-cime-di-lavaredo-WT090WT23.webp\",\"width\":600,\"height\":600,\"caption\":\"wild tee Endurance hat tre cime di lavaredo WT090WT23\"},{\"@type\":\"BreadcrumbList\",\"@id\":\"https:\/\/www.miomiorun.com\/de\/produkt\/endurance-tre-cime-di-lavaredo-hut\/#breadcrumb\",\"itemListElement\":[{\"@type\":\"ListItem\",\"position\":1,\"name\":\"Home\",\"item\":\"https:\/\/www.miomiorun.com\/de\/\"},{\"@type\":\"ListItem\",\"position\":2,\"name\":\"Shop\",\"item\":\"https:\/\/www.miomiorun.com\/shop\/\"},{\"@type\":\"ListItem\",\"position\":3,\"name\":\"Endurance Tre Cime di Lavaredo Hut\"}]},{\"@type\":\"WebSite\",\"@id\":\"https:\/\/www.miomiorun.com\/de\/#website\",\"url\":\"https:\/\/www.miomiorun.com\/de\/\",\"name\":\"MioMioRun\",\"description\":\"100% Lauf- und Trailshop\",\"publisher\":{\"@id\":\"https:\/\/www.miomiorun.com\/de\/#organization\"},\"potentialAction\":[{\"@type\":\"SearchAction\",\"target\":{\"@type\":\"EntryPoint\",\"urlTemplate\":\"https:\/\/www.miomiorun.com\/de\/?s={search_term_string}\"},\"query-input\":{\"@type\":\"PropertyValueSpecification\",\"valueRequired\":true,\"valueName\":\"search_term_string\"}}],\"inLanguage\":\"de-DE\"},{\"@type\":\"Organization\",\"@id\":\"https:\/\/www.miomiorun.com\/de\/#organization\",\"name\":\"MioMio Run\",\"url\":\"https:\/\/www.miomiorun.com\/de\/\",\"logo\":{\"@type\":\"ImageObject\",\"inLanguage\":\"de-DE\",\"@id\":\"https:\/\/www.miomiorun.com\/de\/#\/schema\/logo\/image\/\",\"url\":\"https:\/\/www.miomiorun.com\/app\/uploads\/2019\/12\/logomio.png\",\"contentUrl\":\"https:\/\/www.miomiorun.com\/app\/uploads\/2019\/12\/logomio.png\",\"width\":115,\"height\":82,\"caption\":\"MioMio Run\"},\"image\":{\"@id\":\"https:\/\/www.miomiorun.com\/de\/#\/schema\/logo\/image\/\"},\"sameAs\":[\"https:\/\/www.facebook.com\/miomiorun\/\",\"https:\/\/www.instagram.com\/miomiorun\/\"]}]}<\/script>\n<!-- \/ Yoast SEO plugin. -->","yoast_head_json":{"title":"Wild Tee Endurance Tre Cime di Lavaredo Hut - Laufende M\u00fctze - MioMioRun","description":"Technische Ausdauerm\u00fctze mit limitierter Grafik von Tre Cime di Lavaredo f\u00fcr Marathons und Trailrunning. Leicht, atmungsaktiv, verstellbar und waschbar.","robots":{"index":"index","follow":"follow","max-snippet":"max-snippet:-1","max-image-preview":"max-image-preview:large","max-video-preview":"max-video-preview:-1"},"canonical":"https:\/\/www.miomiorun.com\/de\/produkt\/endurance-tre-cime-di-lavaredo-hut\/","og_locale":"de_DE","og_type":"article","og_title":"Wild Tee Endurance Tre Cime di Lavaredo Hut - Laufende M\u00fctze - MioMioRun","og_description":"Technische Ausdauerm\u00fctze mit limitierter Grafik von Tre Cime di Lavaredo f\u00fcr Marathons und Trailrunning. Leicht, atmungsaktiv, verstellbar und waschbar.","og_url":"https:\/\/www.miomiorun.com\/de\/produkt\/endurance-tre-cime-di-lavaredo-hut\/","og_site_name":"MioMioRun","article_publisher":"https:\/\/www.facebook.com\/miomiorun\/","article_modified_time":"2025-05-24T10:33:54+00:00","og_image":[{"width":600,"height":600,"url":"https:\/\/www.miomiorun.com\/app\/uploads\/2025\/04\/wild-tee-Endurance-hat-tre-cime-di-lavaredo-WT090WT23.webp","type":"image\/webp"}],"twitter_card":"summary_large_image","twitter_misc":{"Est. reading time":"1 minute"},"schema":{"@context":"https:\/\/schema.org","@graph":[{"@type":"WebPage","@id":"https:\/\/www.miomiorun.com\/de\/produkt\/endurance-tre-cime-di-lavaredo-hut\/","url":"https:\/\/www.miomiorun.com\/de\/produkt\/endurance-tre-cime-di-lavaredo-hut\/","name":"Wild Tee Endurance Tre Cime di Lavaredo Hut - Laufende M\u00fctze - MioMioRun","isPartOf":{"@id":"https:\/\/www.miomiorun.com\/de\/#website"},"primaryImageOfPage":{"@id":"https:\/\/www.miomiorun.com\/de\/produkt\/endurance-tre-cime-di-lavaredo-hut\/#primaryimage"},"image":{"@id":"https:\/\/www.miomiorun.com\/de\/produkt\/endurance-tre-cime-di-lavaredo-hut\/#primaryimage"},"thumbnailUrl":"https:\/\/www.miomiorun.com\/app\/uploads\/2025\/04\/wild-tee-Endurance-hat-tre-cime-di-lavaredo-WT090WT23.webp","datePublished":"2025-04-09T10:25:43+00:00","dateModified":"2025-05-24T10:33:54+00:00","description":"Technische Ausdauerm\u00fctze mit limitierter Grafik von Tre Cime di Lavaredo f\u00fcr Marathons und Trailrunning. Leicht, atmungsaktiv, verstellbar und waschbar.","breadcrumb":{"@id":"https:\/\/www.miomiorun.com\/de\/produkt\/endurance-tre-cime-di-lavaredo-hut\/#breadcrumb"},"inLanguage":"de-DE","potentialAction":[{"@type":"ReadAction","target":["https:\/\/www.miomiorun.com\/de\/produkt\/endurance-tre-cime-di-lavaredo-hut\/"]}]},{"@type":"ImageObject","inLanguage":"de-DE","@id":"https:\/\/www.miomiorun.com\/de\/produkt\/endurance-tre-cime-di-lavaredo-hut\/#primaryimage","url":"https:\/\/www.miomiorun.com\/app\/uploads\/2025\/04\/wild-tee-Endurance-hat-tre-cime-di-lavaredo-WT090WT23.webp","contentUrl":"https:\/\/www.miomiorun.com\/app\/uploads\/2025\/04\/wild-tee-Endurance-hat-tre-cime-di-lavaredo-WT090WT23.webp","width":600,"height":600,"caption":"wild tee Endurance hat tre cime di lavaredo WT090WT23"},{"@type":"BreadcrumbList","@id":"https:\/\/www.miomiorun.com\/de\/produkt\/endurance-tre-cime-di-lavaredo-hut\/#breadcrumb","itemListElement":[{"@type":"ListItem","position":1,"name":"Home","item":"https:\/\/www.miomiorun.com\/de\/"},{"@type":"ListItem","position":2,"name":"Shop","item":"https:\/\/www.miomiorun.com\/shop\/"},{"@type":"ListItem","position":3,"name":"Endurance Tre Cime di Lavaredo Hut"}]},{"@type":"WebSite","@id":"https:\/\/www.miomiorun.com\/de\/#website","url":"https:\/\/www.miomiorun.com\/de\/","name":"MioMioRun","description":"100% Lauf- und Trailshop","publisher":{"@id":"https:\/\/www.miomiorun.com\/de\/#organization"},"potentialAction":[{"@type":"SearchAction","target":{"@type":"EntryPoint","urlTemplate":"https:\/\/www.miomiorun.com\/de\/?s={search_term_string}"},"query-input":{"@type":"PropertyValueSpecification","valueRequired":true,"valueName":"search_term_string"}}],"inLanguage":"de-DE"},{"@type":"Organization","@id":"https:\/\/www.miomiorun.com\/de\/#organization","name":"MioMio Run","url":"https:\/\/www.miomiorun.com\/de\/","logo":{"@type":"ImageObject","inLanguage":"de-DE","@id":"https:\/\/www.miomiorun.com\/de\/#\/schema\/logo\/image\/","url":"https:\/\/www.miomiorun.com\/app\/uploads\/2019\/12\/logomio.png","contentUrl":"https:\/\/www.miomiorun.com\/app\/uploads\/2019\/12\/logomio.png","width":115,"height":82,"caption":"MioMio Run"},"image":{"@id":"https:\/\/www.miomiorun.com\/de\/#\/schema\/logo\/image\/"},"sameAs":["https:\/\/www.facebook.com\/miomiorun\/","https:\/\/www.instagram.com\/miomiorun\/"]}]}},"_links":{"self":[{"href":"https:\/\/www.miomiorun.com\/de\/wp-json\/wp\/v2\/product\/273628","targetHints":{"allow":["GET"]}}],"collection":[{"href":"https:\/\/www.miomiorun.com\/de\/wp-json\/wp\/v2\/product"}],"about":[{"href":"https:\/\/www.miomiorun.com\/de\/wp-json\/wp\/v2\/types\/product"}],"wp:featuredmedia":[{"embeddable":true,"href":"https:\/\/www.miomiorun.com\/de\/wp-json\/wp\/v2\/media\/308536"}],"wp:attachment":[{"href":"https:\/\/www.miomiorun.com\/de\/wp-json\/wp\/v2\/media?parent=273628"}],"wp:term":[{"taxonomy":"product_brand","embeddable":true,"href":"https:\/\/www.miomiorun.com\/de\/wp-json\/wp\/v2\/product_brand?post=273628"},{"taxonomy":"product_cat","embeddable":true,"href":"https:\/\/www.miomiorun.com\/de\/wp-json\/wp\/v2\/product_cat?post=273628"},{"taxonomy":"product_tag","embeddable":true,"href":"https:\/\/www.miomiorun.com\/de\/wp-json\/wp\/v2\/product_tag?post=273628"}],"curies":[{"name":"wp","href":"https:\/\/api.w.org\/{rel}","templated":true}]}}