{"id":273519,"date":"2025-04-09T11:16:09","date_gmt":"2025-04-09T09:16:09","guid":{"rendered":"https:\/\/miomiorun.com\/?post_type=product&#038;p=273519"},"modified":"2025-05-23T16:36:48","modified_gmt":"2025-05-23T14:36:48","slug":"black-canyon-waterproof-jacket-unisex","status":"publish","type":"product","link":"https:\/\/www.miomiorun.com\/de\/produkt\/black-canyon-waterproof-jacket-unisex\/","title":{"rendered":"Black Canyon Waterproof Jacket Unisex"},"content":{"rendered":"<p class=\"\" data-end=\"538\" data-start=\"218\">Mit der <strong data-end=\"312\" data-start=\"282\">Black Canyon Unisex-Jacke<\/strong>, die Schutz, Leichtigkeit und maximale Funktionalit\u00e4t bietet, kannst du auch bei Regen die anspruchsvollsten Rennen bestreiten. Perfekt f\u00fcr Trailrunning, Stra\u00dfentraining oder Wanderungen bei widrigen Wetterbedingungen, ist diese Jacke eine Kombination aus Technologie und Funktionalit\u00e4t.<\/p>\n<h4 class=\"\" data-end=\"587\" data-start=\"540\"><strong data-end=\"587\" data-start=\"545\">Maximale Wasserdichtigkeit und Atmungsaktivit\u00e4t<\/strong><\/h4>\n<p class=\"\" data-end=\"948\" data-start=\"588\">Aus <strong data-end=\"641\" data-start=\"602\">halbtransparentem, beschichtetem Polyester<\/strong> mit <strong data-end=\"667\" data-start=\"646\">verschwei\u00dften N\u00e4hten<\/strong> und <strong data-end=\"685\" data-start=\"670\">gummierten Rei\u00dfverschl\u00fcssen<\/strong> bietet sie einen <strong data-end=\"750\" data-start=\"702\">wasserdichten Schutz von bis zu 10.000 mm H\u2082O<\/strong> und h\u00e4lt Sie selbst bei starkem Regen trocken. Gleichzeitig sorgt die hohe <strong data-end=\"882\" data-start=\"842\">Atmungsaktivit\u00e4t (MVP 10.000 g\/m\u00b2\/24h)<\/strong> daf\u00fcr, dass die Haut auch bei l\u00e4ngerer Anstrengung atmen kann.<\/p>\n<h4 class=\"\" data-end=\"982\" data-start=\"950\"><strong data-end=\"982\" data-start=\"955\">Ultraleicht und kompakt<\/strong><\/h4>\n<p class=\"\" data-end=\"1202\" data-start=\"983\"><strong data-end=\"1028\" data-start=\"990\">Mit einem Gewicht von nur 128 Gramm (Gr\u00f6\u00dfe M)<\/strong> ist sie unglaublich leicht und <strong data-end=\"1091\" data-start=\"1058\">kann<\/strong> in der praktischen <strong data-end=\"1136\" data-start=\"1106\">\u00c4rmeltasche mit Rei\u00dfverschluss<\/strong> <strong data-end=\"1091\" data-start=\"1058\">verstaut werden<\/strong>, die sich auch perfekt f\u00fcr die Aufbewahrung kleiner Gegenst\u00e4nde w\u00e4hrend der Aktivit\u00e4t eignet.<\/p>\n<h4 class=\"\" data-end=\"1252\" data-start=\"1204\"><strong data-end=\"1252\" data-start=\"1209\">Intelligentes Design f\u00fcr anspruchsvolle Athleten<\/strong><\/h4>\n<p class=\"\" data-end=\"1316\" data-start=\"1253\">Jedes Detail wurde entwickelt, um die Leistung zu optimieren:<\/p>\n<ul data-end=\"1673\" data-start=\"1317\">\n<li class=\"\" data-end=\"1387\" data-start=\"1317\">\n<p class=\"\" data-end=\"1387\" data-start=\"1319\"><strong data-end=\"1337\" data-start=\"1319\">Unisex-Passform<\/strong> und technischer Schnitt, der den Bewegungen des K\u00f6rpers folgt.<\/p>\n<\/li>\n<li class=\"\" data-end=\"1477\" data-start=\"1388\">\n<p class=\"\" data-end=\"1477\" data-start=\"1390\"><strong data-end=\"1427\" data-start=\"1390\">Elastische \u00c4rmel und Kapuze<\/strong> f\u00fcr einen stabilen Sitz und ohne Auslaufen.<\/p>\n<\/li>\n<li class=\"\" data-end=\"1583\" data-start=\"1478\">\n<p class=\"\" data-end=\"1583\" data-start=\"1480\"><strong data-end=\"1514\" data-start=\"1480\">Sicherheitsknopf auf der Brust<\/strong>, der verhindert, dass die Jacke bei ge\u00f6ffnetem Rei\u00dfverschluss vollst\u00e4ndig ge\u00f6ffnet wird.<\/p>\n<\/li>\n<li class=\"\" data-end=\"1673\" data-start=\"1584\">\n<p class=\"\" data-end=\"1673\" data-start=\"1586\"><strong data-end=\"1630\" data-start=\"1586\">Reflektierende Logos vorne und hinten<\/strong> f\u00fcr optimale Sichtbarkeit in der Dunkelheit.<\/p>\n<\/li>\n<\/ul>\n<p><strong data-end=\"1703\" data-start=\"1680\">Black Canyon Unisex<\/strong> ist die ideale Wahl f\u00fcr alle, die auch vor dem Wetter nicht Halt machen: Technologie, Schutz und Komfort in einem unverzichtbaren Kleidungsst\u00fcck f\u00fcr jeden L\u00e4ufer oder Outdoor-Enthusiasten.<\/p>\n<section class=\"elementor-element elementor-element-060a251 slideanim elementor-section-boxed elementor-section-height-default elementor-section-height-default elementor-section elementor-inner-section slide\" data-element_type=\"section\" data-id=\"060a251\">\n<div class=\"elementor-container elementor-column-gap-default\">\n<div class=\"elementor-row\">\n<div class=\"elementor-element elementor-element-745c9fa elementor-column elementor-col-25 elementor-inner-column\" data-element_type=\"column\" data-id=\"745c9fa\">\n<div class=\"elementor-column-wrap elementor-element-populated\">\n<div class=\"elementor-widget-wrap\">\n<div class=\"elementor-element elementor-element-993ef1d elementor-widget elementor-widget-image\" data-widget_type=\"image.default\" data-element_type=\"widget\" data-id=\"993ef1d\">\n<div class=\"elementor-widget-container\">\n<div class=\"elementor-image\"><\/div>\n<\/div>\n<\/div>\n<div class=\"elementor-element elementor-element-d8c2186 elementor-widget elementor-widget-text-editor\" data-widget_type=\"text-editor.default\" data-element_type=\"widget\" data-id=\"d8c2186\">\n<div class=\"elementor-widget-container\">\n<div class=\"elementor-text-editor elementor-clearfix\"><\/div>\n<\/div>\n<\/div>\n<\/div>\n<\/div>\n<\/div>\n<div class=\"elementor-element elementor-element-08eab01 elementor-column elementor-col-25 elementor-inner-column\" data-element_type=\"column\" data-id=\"08eab01\">\n<div class=\"elementor-column-wrap elementor-element-populated\">\n<div class=\"elementor-widget-wrap\">\n<div class=\"elementor-element elementor-element-771b82b elementor-widget elementor-widget-text-editor\" data-widget_type=\"text-editor.default\" data-element_type=\"widget\" data-id=\"771b82b\">\n<div class=\"elementor-widget-container\">\n<div class=\"elementor-text-editor elementor-clearfix\">\n<p>&nbsp;<\/p>\n<\/div>\n<\/div>\n<\/div>\n<\/div>\n<\/div>\n<\/div>\n<\/div>\n<\/div>\n<\/section>\n","protected":false},"excerpt":{"rendered":"<ul>\n<li>Unisex-Passform<\/li>\n<li>Sicherheitsknopf auf der Brust<\/li>\n<li>Wasserdicht bis 10.000 mm H\u2082O<\/li>\n<\/ul>\n","protected":false},"featured_media":308661,"template":"","meta":{"_acf_changed":false,"inline_featured_image":false},"product_brand":[],"product_cat":[6540,6512,6401,6404],"product_tag":[3399,6288,6294],"class_list":{"0":"post-273519","1":"product","2":"type-product","3":"status-publish","4":"has-post-thumbnail","6":"product_cat-herrenbekleidung","7":"product_cat-jacken","8":"product_cat-damenbekleidung","9":"product_cat-damenjacken","10":"product_tag-wild-tee-de","11":"product_tag-wild-tee-damen-de","12":"product_tag-wild-tee-herren-de","13":"pa_attivita-gehen","14":"pa_attivita-running-de","15":"pa_attivita-trail-de","16":"pa_marca-wild-tee-de","17":"pa_sesso-damen","18":"pa_sesso-herren","19":"pa_size-xxs-de","20":"pa_size-extra-small-de","21":"pa_size-small-de","22":"pa_size-medium-de","23":"pa_size-large-de","24":"pa_size-extra-large-de","26":"first","27":"instock","28":"sale","29":"taxable","30":"shipping-taxable","31":"purchasable","32":"product-type-variable","33":"wvs-archive-product-wrapper"},"acf":[],"yoast_head":"<!-- This site is optimized with the Yoast SEO plugin v26.8 - https:\/\/yoast.com\/product\/yoast-seo-wordpress\/ -->\n<title>Wild Tee Black Canyon Waterproof Jacket Unisex - Laufjacke - MioMioRun<\/title>\n<meta name=\"description\" content=\"Ultraleichte, wasserdichte und atmungsaktive Black Canyon Unisex-Jacke mit hitzeversiegelten Rei\u00dfverschl\u00fcssen und reflektierenden Details. Perfekt zum Laufen und Trailrunning.\" \/>\n<meta name=\"robots\" content=\"index, follow, max-snippet:-1, max-image-preview:large, max-video-preview:-1\" \/>\n<link rel=\"canonical\" href=\"https:\/\/www.miomiorun.com\/de\/produkt\/black-canyon-waterproof-jacket-unisex\/\" \/>\n<meta property=\"og:locale\" content=\"de_DE\" \/>\n<meta property=\"og:type\" content=\"article\" \/>\n<meta property=\"og:title\" content=\"Wild Tee Black Canyon Waterproof Jacket Unisex - Laufjacke - MioMioRun\" \/>\n<meta property=\"og:description\" content=\"Ultraleichte, wasserdichte und atmungsaktive Black Canyon Unisex-Jacke mit hitzeversiegelten Rei\u00dfverschl\u00fcssen und reflektierenden Details. Perfekt zum Laufen und Trailrunning.\" \/>\n<meta property=\"og:url\" content=\"https:\/\/www.miomiorun.com\/de\/produkt\/black-canyon-waterproof-jacket-unisex\/\" \/>\n<meta property=\"og:site_name\" content=\"MioMioRun\" \/>\n<meta property=\"article:publisher\" content=\"https:\/\/www.facebook.com\/miomiorun\/\" \/>\n<meta property=\"article:modified_time\" content=\"2025-05-23T14:36:48+00:00\" \/>\n<meta property=\"og:image\" content=\"https:\/\/www.miomiorun.com\/app\/uploads\/2025\/04\/wild-tee-Black-canyon-WR-jacket-WT720WT01.webp\" \/>\n\t<meta property=\"og:image:width\" content=\"600\" \/>\n\t<meta property=\"og:image:height\" content=\"600\" \/>\n\t<meta property=\"og:image:type\" content=\"image\/webp\" \/>\n<meta name=\"twitter:card\" content=\"summary_large_image\" \/>\n<meta name=\"twitter:label1\" content=\"Est. reading time\" \/>\n\t<meta name=\"twitter:data1\" content=\"1 minute\" \/>\n<script type=\"application\/ld+json\" class=\"yoast-schema-graph\">{\"@context\":\"https:\/\/schema.org\",\"@graph\":[{\"@type\":\"WebPage\",\"@id\":\"https:\/\/www.miomiorun.com\/de\/produkt\/black-canyon-waterproof-jacket-unisex\/\",\"url\":\"https:\/\/www.miomiorun.com\/de\/produkt\/black-canyon-waterproof-jacket-unisex\/\",\"name\":\"Wild Tee Black Canyon Waterproof Jacket Unisex - Laufjacke - MioMioRun\",\"isPartOf\":{\"@id\":\"https:\/\/www.miomiorun.com\/de\/#website\"},\"primaryImageOfPage\":{\"@id\":\"https:\/\/www.miomiorun.com\/de\/produkt\/black-canyon-waterproof-jacket-unisex\/#primaryimage\"},\"image\":{\"@id\":\"https:\/\/www.miomiorun.com\/de\/produkt\/black-canyon-waterproof-jacket-unisex\/#primaryimage\"},\"thumbnailUrl\":\"https:\/\/www.miomiorun.com\/app\/uploads\/2025\/04\/wild-tee-Black-canyon-WR-jacket-WT720WT01.webp\",\"datePublished\":\"2025-04-09T09:16:09+00:00\",\"dateModified\":\"2025-05-23T14:36:48+00:00\",\"description\":\"Ultraleichte, wasserdichte und atmungsaktive Black Canyon Unisex-Jacke mit hitzeversiegelten Rei\u00dfverschl\u00fcssen und reflektierenden Details. Perfekt zum Laufen und Trailrunning.\",\"breadcrumb\":{\"@id\":\"https:\/\/www.miomiorun.com\/de\/produkt\/black-canyon-waterproof-jacket-unisex\/#breadcrumb\"},\"inLanguage\":\"de-DE\",\"potentialAction\":[{\"@type\":\"ReadAction\",\"target\":[\"https:\/\/www.miomiorun.com\/de\/produkt\/black-canyon-waterproof-jacket-unisex\/\"]}]},{\"@type\":\"ImageObject\",\"inLanguage\":\"de-DE\",\"@id\":\"https:\/\/www.miomiorun.com\/de\/produkt\/black-canyon-waterproof-jacket-unisex\/#primaryimage\",\"url\":\"https:\/\/www.miomiorun.com\/app\/uploads\/2025\/04\/wild-tee-Black-canyon-WR-jacket-WT720WT01.webp\",\"contentUrl\":\"https:\/\/www.miomiorun.com\/app\/uploads\/2025\/04\/wild-tee-Black-canyon-WR-jacket-WT720WT01.webp\",\"width\":600,\"height\":600,\"caption\":\"wild tee Black canyon WR jacket WT720WT01\"},{\"@type\":\"BreadcrumbList\",\"@id\":\"https:\/\/www.miomiorun.com\/de\/produkt\/black-canyon-waterproof-jacket-unisex\/#breadcrumb\",\"itemListElement\":[{\"@type\":\"ListItem\",\"position\":1,\"name\":\"Home\",\"item\":\"https:\/\/www.miomiorun.com\/de\/\"},{\"@type\":\"ListItem\",\"position\":2,\"name\":\"Shop\",\"item\":\"https:\/\/www.miomiorun.com\/shop\/\"},{\"@type\":\"ListItem\",\"position\":3,\"name\":\"Black Canyon Waterproof Jacket Unisex\"}]},{\"@type\":\"WebSite\",\"@id\":\"https:\/\/www.miomiorun.com\/de\/#website\",\"url\":\"https:\/\/www.miomiorun.com\/de\/\",\"name\":\"MioMioRun\",\"description\":\"100% Lauf- und Trailshop\",\"publisher\":{\"@id\":\"https:\/\/www.miomiorun.com\/de\/#organization\"},\"potentialAction\":[{\"@type\":\"SearchAction\",\"target\":{\"@type\":\"EntryPoint\",\"urlTemplate\":\"https:\/\/www.miomiorun.com\/de\/?s={search_term_string}\"},\"query-input\":{\"@type\":\"PropertyValueSpecification\",\"valueRequired\":true,\"valueName\":\"search_term_string\"}}],\"inLanguage\":\"de-DE\"},{\"@type\":\"Organization\",\"@id\":\"https:\/\/www.miomiorun.com\/de\/#organization\",\"name\":\"MioMio Run\",\"url\":\"https:\/\/www.miomiorun.com\/de\/\",\"logo\":{\"@type\":\"ImageObject\",\"inLanguage\":\"de-DE\",\"@id\":\"https:\/\/www.miomiorun.com\/de\/#\/schema\/logo\/image\/\",\"url\":\"https:\/\/www.miomiorun.com\/app\/uploads\/2019\/12\/logomio.png\",\"contentUrl\":\"https:\/\/www.miomiorun.com\/app\/uploads\/2019\/12\/logomio.png\",\"width\":115,\"height\":82,\"caption\":\"MioMio Run\"},\"image\":{\"@id\":\"https:\/\/www.miomiorun.com\/de\/#\/schema\/logo\/image\/\"},\"sameAs\":[\"https:\/\/www.facebook.com\/miomiorun\/\",\"https:\/\/www.instagram.com\/miomiorun\/\"]}]}<\/script>\n<!-- \/ Yoast SEO plugin. -->","yoast_head_json":{"title":"Wild Tee Black Canyon Waterproof Jacket Unisex - Laufjacke - MioMioRun","description":"Ultraleichte, wasserdichte und atmungsaktive Black Canyon Unisex-Jacke mit hitzeversiegelten Rei\u00dfverschl\u00fcssen und reflektierenden Details. Perfekt zum Laufen und Trailrunning.","robots":{"index":"index","follow":"follow","max-snippet":"max-snippet:-1","max-image-preview":"max-image-preview:large","max-video-preview":"max-video-preview:-1"},"canonical":"https:\/\/www.miomiorun.com\/de\/produkt\/black-canyon-waterproof-jacket-unisex\/","og_locale":"de_DE","og_type":"article","og_title":"Wild Tee Black Canyon Waterproof Jacket Unisex - Laufjacke - MioMioRun","og_description":"Ultraleichte, wasserdichte und atmungsaktive Black Canyon Unisex-Jacke mit hitzeversiegelten Rei\u00dfverschl\u00fcssen und reflektierenden Details. Perfekt zum Laufen und Trailrunning.","og_url":"https:\/\/www.miomiorun.com\/de\/produkt\/black-canyon-waterproof-jacket-unisex\/","og_site_name":"MioMioRun","article_publisher":"https:\/\/www.facebook.com\/miomiorun\/","article_modified_time":"2025-05-23T14:36:48+00:00","og_image":[{"width":600,"height":600,"url":"https:\/\/www.miomiorun.com\/app\/uploads\/2025\/04\/wild-tee-Black-canyon-WR-jacket-WT720WT01.webp","type":"image\/webp"}],"twitter_card":"summary_large_image","twitter_misc":{"Est. reading time":"1 minute"},"schema":{"@context":"https:\/\/schema.org","@graph":[{"@type":"WebPage","@id":"https:\/\/www.miomiorun.com\/de\/produkt\/black-canyon-waterproof-jacket-unisex\/","url":"https:\/\/www.miomiorun.com\/de\/produkt\/black-canyon-waterproof-jacket-unisex\/","name":"Wild Tee Black Canyon Waterproof Jacket Unisex - Laufjacke - MioMioRun","isPartOf":{"@id":"https:\/\/www.miomiorun.com\/de\/#website"},"primaryImageOfPage":{"@id":"https:\/\/www.miomiorun.com\/de\/produkt\/black-canyon-waterproof-jacket-unisex\/#primaryimage"},"image":{"@id":"https:\/\/www.miomiorun.com\/de\/produkt\/black-canyon-waterproof-jacket-unisex\/#primaryimage"},"thumbnailUrl":"https:\/\/www.miomiorun.com\/app\/uploads\/2025\/04\/wild-tee-Black-canyon-WR-jacket-WT720WT01.webp","datePublished":"2025-04-09T09:16:09+00:00","dateModified":"2025-05-23T14:36:48+00:00","description":"Ultraleichte, wasserdichte und atmungsaktive Black Canyon Unisex-Jacke mit hitzeversiegelten Rei\u00dfverschl\u00fcssen und reflektierenden Details. Perfekt zum Laufen und Trailrunning.","breadcrumb":{"@id":"https:\/\/www.miomiorun.com\/de\/produkt\/black-canyon-waterproof-jacket-unisex\/#breadcrumb"},"inLanguage":"de-DE","potentialAction":[{"@type":"ReadAction","target":["https:\/\/www.miomiorun.com\/de\/produkt\/black-canyon-waterproof-jacket-unisex\/"]}]},{"@type":"ImageObject","inLanguage":"de-DE","@id":"https:\/\/www.miomiorun.com\/de\/produkt\/black-canyon-waterproof-jacket-unisex\/#primaryimage","url":"https:\/\/www.miomiorun.com\/app\/uploads\/2025\/04\/wild-tee-Black-canyon-WR-jacket-WT720WT01.webp","contentUrl":"https:\/\/www.miomiorun.com\/app\/uploads\/2025\/04\/wild-tee-Black-canyon-WR-jacket-WT720WT01.webp","width":600,"height":600,"caption":"wild tee Black canyon WR jacket WT720WT01"},{"@type":"BreadcrumbList","@id":"https:\/\/www.miomiorun.com\/de\/produkt\/black-canyon-waterproof-jacket-unisex\/#breadcrumb","itemListElement":[{"@type":"ListItem","position":1,"name":"Home","item":"https:\/\/www.miomiorun.com\/de\/"},{"@type":"ListItem","position":2,"name":"Shop","item":"https:\/\/www.miomiorun.com\/shop\/"},{"@type":"ListItem","position":3,"name":"Black Canyon Waterproof Jacket Unisex"}]},{"@type":"WebSite","@id":"https:\/\/www.miomiorun.com\/de\/#website","url":"https:\/\/www.miomiorun.com\/de\/","name":"MioMioRun","description":"100% Lauf- und Trailshop","publisher":{"@id":"https:\/\/www.miomiorun.com\/de\/#organization"},"potentialAction":[{"@type":"SearchAction","target":{"@type":"EntryPoint","urlTemplate":"https:\/\/www.miomiorun.com\/de\/?s={search_term_string}"},"query-input":{"@type":"PropertyValueSpecification","valueRequired":true,"valueName":"search_term_string"}}],"inLanguage":"de-DE"},{"@type":"Organization","@id":"https:\/\/www.miomiorun.com\/de\/#organization","name":"MioMio Run","url":"https:\/\/www.miomiorun.com\/de\/","logo":{"@type":"ImageObject","inLanguage":"de-DE","@id":"https:\/\/www.miomiorun.com\/de\/#\/schema\/logo\/image\/","url":"https:\/\/www.miomiorun.com\/app\/uploads\/2019\/12\/logomio.png","contentUrl":"https:\/\/www.miomiorun.com\/app\/uploads\/2019\/12\/logomio.png","width":115,"height":82,"caption":"MioMio Run"},"image":{"@id":"https:\/\/www.miomiorun.com\/de\/#\/schema\/logo\/image\/"},"sameAs":["https:\/\/www.facebook.com\/miomiorun\/","https:\/\/www.instagram.com\/miomiorun\/"]}]}},"_links":{"self":[{"href":"https:\/\/www.miomiorun.com\/de\/wp-json\/wp\/v2\/product\/273519","targetHints":{"allow":["GET"]}}],"collection":[{"href":"https:\/\/www.miomiorun.com\/de\/wp-json\/wp\/v2\/product"}],"about":[{"href":"https:\/\/www.miomiorun.com\/de\/wp-json\/wp\/v2\/types\/product"}],"wp:featuredmedia":[{"embeddable":true,"href":"https:\/\/www.miomiorun.com\/de\/wp-json\/wp\/v2\/media\/308661"}],"wp:attachment":[{"href":"https:\/\/www.miomiorun.com\/de\/wp-json\/wp\/v2\/media?parent=273519"}],"wp:term":[{"taxonomy":"product_brand","embeddable":true,"href":"https:\/\/www.miomiorun.com\/de\/wp-json\/wp\/v2\/product_brand?post=273519"},{"taxonomy":"product_cat","embeddable":true,"href":"https:\/\/www.miomiorun.com\/de\/wp-json\/wp\/v2\/product_cat?post=273519"},{"taxonomy":"product_tag","embeddable":true,"href":"https:\/\/www.miomiorun.com\/de\/wp-json\/wp\/v2\/product_tag?post=273519"}],"curies":[{"name":"wp","href":"https:\/\/api.w.org\/{rel}","templated":true}]}}