{"id":272934,"date":"2025-04-08T12:08:54","date_gmt":"2025-04-08T10:08:54","guid":{"rendered":"https:\/\/miomiorun.com\/?post_type=product&#038;p=272934"},"modified":"2025-05-23T17:49:59","modified_gmt":"2025-05-23T15:49:59","slug":"launch-pro-3-shorts-damen","status":"publish","type":"product","link":"https:\/\/www.miomiorun.com\/de\/produkt\/launch-pro-3-shorts-damen\/","title":{"rendered":"Launch Pro 3&#8221; Shorts damen"},"content":{"rendered":"<p class=\"\" data-end=\"592\" data-start=\"233\">Stellen Sie sich jeder Herausforderung mit der ultimativen Leichtigkeit und Freiheit. <strong data-end=\"339\" data-start=\"311\">Die Race Shorts f\u00fcr Frauen<\/strong> bieten <strong data-end=\"413\" data-start=\"375\">Komfort, Atmungsaktivit\u00e4t und Unterst\u00fctzung<\/strong> in den Momenten, in denen jede Sekunde z\u00e4hlt. Sie sind ideal f\u00fcr Rennen, hochintensives Training oder hei\u00dfe Tage und sorgen daf\u00fcr, dass du dich frei f\u00fchlst und dich nur auf dein Ziel konzentrierst.<\/p>\n<h4 class=\"\" data-end=\"630\" data-start=\"594\"><strong data-end=\"630\" data-start=\"599\">Hauptmerkmale:<\/strong><\/h4>\n<ul data-end=\"1193\" data-start=\"632\">\n<li class=\"\" data-end=\"739\" data-start=\"632\">\n<p class=\"\" data-end=\"739\" data-start=\"634\"><strong data-end=\"673\" data-start=\"634\">Ultraleichtes und atmungsaktives Material<\/strong>: Garantiert optimale Bel\u00fcftung auch an den schw\u00fclsten Tagen.<\/p>\n<\/li>\n<li class=\"\" data-end=\"816\" data-start=\"740\">\n<p class=\"\" data-end=\"816\" data-start=\"742\"><strong data-end=\"770\" data-start=\"742\">4-Wege-Stretch<\/strong>: macht jede Bewegung mit, ohne einzuengen.<\/p>\n<\/li>\n<li class=\"\" data-end=\"910\" data-start=\"817\">\n<p class=\"\" data-end=\"910\" data-start=\"819\"><strong data-end=\"874\" data-start=\"819\">Integrierter ultra-bequemer Innenslip aus Strick<\/strong> f\u00fcr sanften und sicheren Halt.<\/p>\n<\/li>\n<li class=\"\" data-end=\"1022\" data-start=\"911\">\n<p class=\"\" data-end=\"1022\" data-start=\"913\"><strong data-end=\"936\" data-start=\"913\">Mittelhoher Bund<\/strong> mit <strong data-end=\"961\" data-start=\"941\">innenliegendem Kordelzug<\/strong>: h\u00e4lt die Passform fest und eng, ohne zu dr\u00fccken.<\/p>\n<\/li>\n<li class=\"\" data-end=\"1116\" data-start=\"1023\">\n<p class=\"\" data-end=\"1116\" data-start=\"1025\"><strong data-end=\"1053\" data-start=\"1025\">Rei\u00dfverschlusstasche auf der R\u00fcckseite<\/strong>: perfekt f\u00fcr Gels, Schl\u00fcssel oder kleine Gegenst\u00e4nde, die Sie bei sich tragen.<\/p>\n<\/li>\n<li class=\"\" data-end=\"1193\" data-start=\"1117\">\n<p class=\"\" data-end=\"1193\" data-start=\"1119\"><strong data-end=\"1144\" data-start=\"1119\">Enge Passform<\/strong>, entwickelt, um sich mit Ihnen zu bewegen, ohne im Weg zu sein.<\/p>\n<\/li>\n<\/ul>\n<p class=\"\" data-end=\"1369\" data-start=\"1195\">Mit einer essentiellen Silhouette und einem auf Leistung ausgelegten Schnitt sind diese Shorts dein perfekter Verb\u00fcndeter f\u00fcr einen <strong data-end=\"1335\" data-start=\"1307\">leichten und sicheren Lauf<\/strong>, vom ersten bis zum letzten Kilometer.<\/p>\n","protected":false},"excerpt":{"rendered":"<ul>\n<li>ultraleicht<\/li>\n<li>atmungsaktiv<\/li>\n<li>wesentliche Linie<\/li>\n<\/ul>\n","protected":false},"featured_media":273572,"template":"","meta":{"_acf_changed":false,"inline_featured_image":false},"product_brand":[],"product_cat":[6401,6488],"product_tag":[20482,20495],"class_list":{"0":"post-272934","1":"product","2":"type-product","3":"status-publish","4":"has-post-thumbnail","6":"product_cat-damenbekleidung","7":"product_cat-damenshorts-de","8":"product_tag-under-armour-de","9":"product_tag-under-armour-damen","10":"pa_attivita-gehen","11":"pa_attivita-running-de","12":"pa_colore-launch-pro-3-shorts-w-black-de","13":"pa_colore-launch-pro-3-shorts-w-silica-green-de","14":"pa_marca-under-armour-de","15":"pa_sesso-damen","16":"pa_size-extra-small-de","17":"pa_size-small-de","18":"pa_size-medium-de","20":"first","21":"instock","22":"sale","23":"taxable","24":"shipping-taxable","25":"purchasable","26":"product-type-variable","27":"wvs-archive-product-wrapper"},"acf":[],"yoast_head":"<!-- This site is optimized with the Yoast SEO plugin v26.8 - https:\/\/yoast.com\/product\/yoast-seo-wordpress\/ -->\n<title>Under Armour Launch Pro 3&#039;&#039; Shorts damen - Damenshorts- MioMioRun<\/title>\n<meta name=\"description\" content=\"Ultraleichte und atmungsaktive Damen-Race-Shorts mit Innenslip, 4-Wege-Stretchmaterial und Rei\u00dfverschlusstasche. Komfort und Freiheit f\u00fcr Ihre intensivsten Rennen.\" \/>\n<meta name=\"robots\" content=\"index, follow, max-snippet:-1, max-image-preview:large, max-video-preview:-1\" \/>\n<link rel=\"canonical\" href=\"https:\/\/www.miomiorun.com\/de\/produkt\/launch-pro-3-shorts-damen\/\" \/>\n<meta property=\"og:locale\" content=\"de_DE\" \/>\n<meta property=\"og:type\" content=\"article\" \/>\n<meta property=\"og:title\" content=\"Under Armour Launch Pro 3&#039;&#039; Shorts damen - Damenshorts- MioMioRun\" \/>\n<meta property=\"og:description\" content=\"Ultraleichte und atmungsaktive Damen-Race-Shorts mit Innenslip, 4-Wege-Stretchmaterial und Rei\u00dfverschlusstasche. Komfort und Freiheit f\u00fcr Ihre intensivsten Rennen.\" \/>\n<meta property=\"og:url\" content=\"https:\/\/www.miomiorun.com\/de\/produkt\/launch-pro-3-shorts-damen\/\" \/>\n<meta property=\"og:site_name\" content=\"MioMioRun\" \/>\n<meta property=\"article:publisher\" content=\"https:\/\/www.facebook.com\/miomiorun\/\" \/>\n<meta property=\"article:modified_time\" content=\"2025-05-23T15:49:59+00:00\" \/>\n<meta property=\"og:image\" content=\"https:\/\/www.miomiorun.com\/app\/uploads\/2025\/04\/under-armour-Launch-Pro-3-shorts-W-black-1386331-0001.webp\" \/>\n\t<meta property=\"og:image:width\" content=\"600\" \/>\n\t<meta property=\"og:image:height\" content=\"600\" \/>\n\t<meta property=\"og:image:type\" content=\"image\/webp\" \/>\n<meta name=\"twitter:card\" content=\"summary_large_image\" \/>\n<meta name=\"twitter:label1\" content=\"Est. reading time\" \/>\n\t<meta name=\"twitter:data1\" content=\"1 minute\" \/>\n<script type=\"application\/ld+json\" class=\"yoast-schema-graph\">{\"@context\":\"https:\/\/schema.org\",\"@graph\":[{\"@type\":\"WebPage\",\"@id\":\"https:\/\/www.miomiorun.com\/de\/produkt\/launch-pro-3-shorts-damen\/\",\"url\":\"https:\/\/www.miomiorun.com\/de\/produkt\/launch-pro-3-shorts-damen\/\",\"name\":\"Under Armour Launch Pro 3'' Shorts damen - Damenshorts- MioMioRun\",\"isPartOf\":{\"@id\":\"https:\/\/www.miomiorun.com\/de\/#website\"},\"primaryImageOfPage\":{\"@id\":\"https:\/\/www.miomiorun.com\/de\/produkt\/launch-pro-3-shorts-damen\/#primaryimage\"},\"image\":{\"@id\":\"https:\/\/www.miomiorun.com\/de\/produkt\/launch-pro-3-shorts-damen\/#primaryimage\"},\"thumbnailUrl\":\"https:\/\/www.miomiorun.com\/app\/uploads\/2025\/04\/under-armour-Launch-Pro-3-shorts-W-black-1386331-0001.webp\",\"datePublished\":\"2025-04-08T10:08:54+00:00\",\"dateModified\":\"2025-05-23T15:49:59+00:00\",\"description\":\"Ultraleichte und atmungsaktive Damen-Race-Shorts mit Innenslip, 4-Wege-Stretchmaterial und Rei\u00dfverschlusstasche. Komfort und Freiheit f\u00fcr Ihre intensivsten Rennen.\",\"breadcrumb\":{\"@id\":\"https:\/\/www.miomiorun.com\/de\/produkt\/launch-pro-3-shorts-damen\/#breadcrumb\"},\"inLanguage\":\"de-DE\",\"potentialAction\":[{\"@type\":\"ReadAction\",\"target\":[\"https:\/\/www.miomiorun.com\/de\/produkt\/launch-pro-3-shorts-damen\/\"]}]},{\"@type\":\"ImageObject\",\"inLanguage\":\"de-DE\",\"@id\":\"https:\/\/www.miomiorun.com\/de\/produkt\/launch-pro-3-shorts-damen\/#primaryimage\",\"url\":\"https:\/\/www.miomiorun.com\/app\/uploads\/2025\/04\/under-armour-Launch-Pro-3-shorts-W-black-1386331-0001.webp\",\"contentUrl\":\"https:\/\/www.miomiorun.com\/app\/uploads\/2025\/04\/under-armour-Launch-Pro-3-shorts-W-black-1386331-0001.webp\",\"width\":600,\"height\":600,\"caption\":\"under armour Launch Pro 3 shorts W black 1386331-0001\"},{\"@type\":\"BreadcrumbList\",\"@id\":\"https:\/\/www.miomiorun.com\/de\/produkt\/launch-pro-3-shorts-damen\/#breadcrumb\",\"itemListElement\":[{\"@type\":\"ListItem\",\"position\":1,\"name\":\"Home\",\"item\":\"https:\/\/www.miomiorun.com\/de\/\"},{\"@type\":\"ListItem\",\"position\":2,\"name\":\"Shop\",\"item\":\"https:\/\/www.miomiorun.com\/shop\/\"},{\"@type\":\"ListItem\",\"position\":3,\"name\":\"Launch Pro 3&#8221; Shorts damen\"}]},{\"@type\":\"WebSite\",\"@id\":\"https:\/\/www.miomiorun.com\/de\/#website\",\"url\":\"https:\/\/www.miomiorun.com\/de\/\",\"name\":\"MioMioRun\",\"description\":\"100% Lauf- und Trailshop\",\"publisher\":{\"@id\":\"https:\/\/www.miomiorun.com\/de\/#organization\"},\"potentialAction\":[{\"@type\":\"SearchAction\",\"target\":{\"@type\":\"EntryPoint\",\"urlTemplate\":\"https:\/\/www.miomiorun.com\/de\/?s={search_term_string}\"},\"query-input\":{\"@type\":\"PropertyValueSpecification\",\"valueRequired\":true,\"valueName\":\"search_term_string\"}}],\"inLanguage\":\"de-DE\"},{\"@type\":\"Organization\",\"@id\":\"https:\/\/www.miomiorun.com\/de\/#organization\",\"name\":\"MioMio Run\",\"url\":\"https:\/\/www.miomiorun.com\/de\/\",\"logo\":{\"@type\":\"ImageObject\",\"inLanguage\":\"de-DE\",\"@id\":\"https:\/\/www.miomiorun.com\/de\/#\/schema\/logo\/image\/\",\"url\":\"https:\/\/www.miomiorun.com\/app\/uploads\/2019\/12\/logomio.png\",\"contentUrl\":\"https:\/\/www.miomiorun.com\/app\/uploads\/2019\/12\/logomio.png\",\"width\":115,\"height\":82,\"caption\":\"MioMio Run\"},\"image\":{\"@id\":\"https:\/\/www.miomiorun.com\/de\/#\/schema\/logo\/image\/\"},\"sameAs\":[\"https:\/\/www.facebook.com\/miomiorun\/\",\"https:\/\/www.instagram.com\/miomiorun\/\"]}]}<\/script>\n<!-- \/ Yoast SEO plugin. -->","yoast_head_json":{"title":"Under Armour Launch Pro 3'' Shorts damen - Damenshorts- MioMioRun","description":"Ultraleichte und atmungsaktive Damen-Race-Shorts mit Innenslip, 4-Wege-Stretchmaterial und Rei\u00dfverschlusstasche. Komfort und Freiheit f\u00fcr Ihre intensivsten Rennen.","robots":{"index":"index","follow":"follow","max-snippet":"max-snippet:-1","max-image-preview":"max-image-preview:large","max-video-preview":"max-video-preview:-1"},"canonical":"https:\/\/www.miomiorun.com\/de\/produkt\/launch-pro-3-shorts-damen\/","og_locale":"de_DE","og_type":"article","og_title":"Under Armour Launch Pro 3'' Shorts damen - Damenshorts- MioMioRun","og_description":"Ultraleichte und atmungsaktive Damen-Race-Shorts mit Innenslip, 4-Wege-Stretchmaterial und Rei\u00dfverschlusstasche. Komfort und Freiheit f\u00fcr Ihre intensivsten Rennen.","og_url":"https:\/\/www.miomiorun.com\/de\/produkt\/launch-pro-3-shorts-damen\/","og_site_name":"MioMioRun","article_publisher":"https:\/\/www.facebook.com\/miomiorun\/","article_modified_time":"2025-05-23T15:49:59+00:00","og_image":[{"width":600,"height":600,"url":"https:\/\/www.miomiorun.com\/app\/uploads\/2025\/04\/under-armour-Launch-Pro-3-shorts-W-black-1386331-0001.webp","type":"image\/webp"}],"twitter_card":"summary_large_image","twitter_misc":{"Est. reading time":"1 minute"},"schema":{"@context":"https:\/\/schema.org","@graph":[{"@type":"WebPage","@id":"https:\/\/www.miomiorun.com\/de\/produkt\/launch-pro-3-shorts-damen\/","url":"https:\/\/www.miomiorun.com\/de\/produkt\/launch-pro-3-shorts-damen\/","name":"Under Armour Launch Pro 3'' Shorts damen - Damenshorts- MioMioRun","isPartOf":{"@id":"https:\/\/www.miomiorun.com\/de\/#website"},"primaryImageOfPage":{"@id":"https:\/\/www.miomiorun.com\/de\/produkt\/launch-pro-3-shorts-damen\/#primaryimage"},"image":{"@id":"https:\/\/www.miomiorun.com\/de\/produkt\/launch-pro-3-shorts-damen\/#primaryimage"},"thumbnailUrl":"https:\/\/www.miomiorun.com\/app\/uploads\/2025\/04\/under-armour-Launch-Pro-3-shorts-W-black-1386331-0001.webp","datePublished":"2025-04-08T10:08:54+00:00","dateModified":"2025-05-23T15:49:59+00:00","description":"Ultraleichte und atmungsaktive Damen-Race-Shorts mit Innenslip, 4-Wege-Stretchmaterial und Rei\u00dfverschlusstasche. Komfort und Freiheit f\u00fcr Ihre intensivsten Rennen.","breadcrumb":{"@id":"https:\/\/www.miomiorun.com\/de\/produkt\/launch-pro-3-shorts-damen\/#breadcrumb"},"inLanguage":"de-DE","potentialAction":[{"@type":"ReadAction","target":["https:\/\/www.miomiorun.com\/de\/produkt\/launch-pro-3-shorts-damen\/"]}]},{"@type":"ImageObject","inLanguage":"de-DE","@id":"https:\/\/www.miomiorun.com\/de\/produkt\/launch-pro-3-shorts-damen\/#primaryimage","url":"https:\/\/www.miomiorun.com\/app\/uploads\/2025\/04\/under-armour-Launch-Pro-3-shorts-W-black-1386331-0001.webp","contentUrl":"https:\/\/www.miomiorun.com\/app\/uploads\/2025\/04\/under-armour-Launch-Pro-3-shorts-W-black-1386331-0001.webp","width":600,"height":600,"caption":"under armour Launch Pro 3 shorts W black 1386331-0001"},{"@type":"BreadcrumbList","@id":"https:\/\/www.miomiorun.com\/de\/produkt\/launch-pro-3-shorts-damen\/#breadcrumb","itemListElement":[{"@type":"ListItem","position":1,"name":"Home","item":"https:\/\/www.miomiorun.com\/de\/"},{"@type":"ListItem","position":2,"name":"Shop","item":"https:\/\/www.miomiorun.com\/shop\/"},{"@type":"ListItem","position":3,"name":"Launch Pro 3&#8221; Shorts damen"}]},{"@type":"WebSite","@id":"https:\/\/www.miomiorun.com\/de\/#website","url":"https:\/\/www.miomiorun.com\/de\/","name":"MioMioRun","description":"100% Lauf- und Trailshop","publisher":{"@id":"https:\/\/www.miomiorun.com\/de\/#organization"},"potentialAction":[{"@type":"SearchAction","target":{"@type":"EntryPoint","urlTemplate":"https:\/\/www.miomiorun.com\/de\/?s={search_term_string}"},"query-input":{"@type":"PropertyValueSpecification","valueRequired":true,"valueName":"search_term_string"}}],"inLanguage":"de-DE"},{"@type":"Organization","@id":"https:\/\/www.miomiorun.com\/de\/#organization","name":"MioMio Run","url":"https:\/\/www.miomiorun.com\/de\/","logo":{"@type":"ImageObject","inLanguage":"de-DE","@id":"https:\/\/www.miomiorun.com\/de\/#\/schema\/logo\/image\/","url":"https:\/\/www.miomiorun.com\/app\/uploads\/2019\/12\/logomio.png","contentUrl":"https:\/\/www.miomiorun.com\/app\/uploads\/2019\/12\/logomio.png","width":115,"height":82,"caption":"MioMio Run"},"image":{"@id":"https:\/\/www.miomiorun.com\/de\/#\/schema\/logo\/image\/"},"sameAs":["https:\/\/www.facebook.com\/miomiorun\/","https:\/\/www.instagram.com\/miomiorun\/"]}]}},"_links":{"self":[{"href":"https:\/\/www.miomiorun.com\/de\/wp-json\/wp\/v2\/product\/272934","targetHints":{"allow":["GET"]}}],"collection":[{"href":"https:\/\/www.miomiorun.com\/de\/wp-json\/wp\/v2\/product"}],"about":[{"href":"https:\/\/www.miomiorun.com\/de\/wp-json\/wp\/v2\/types\/product"}],"wp:featuredmedia":[{"embeddable":true,"href":"https:\/\/www.miomiorun.com\/de\/wp-json\/wp\/v2\/media\/273572"}],"wp:attachment":[{"href":"https:\/\/www.miomiorun.com\/de\/wp-json\/wp\/v2\/media?parent=272934"}],"wp:term":[{"taxonomy":"product_brand","embeddable":true,"href":"https:\/\/www.miomiorun.com\/de\/wp-json\/wp\/v2\/product_brand?post=272934"},{"taxonomy":"product_cat","embeddable":true,"href":"https:\/\/www.miomiorun.com\/de\/wp-json\/wp\/v2\/product_cat?post=272934"},{"taxonomy":"product_tag","embeddable":true,"href":"https:\/\/www.miomiorun.com\/de\/wp-json\/wp\/v2\/product_tag?post=272934"}],"curies":[{"name":"wp","href":"https:\/\/api.w.org\/{rel}","templated":true}]}}