{"id":272856,"date":"2025-04-08T11:29:00","date_gmt":"2025-04-08T09:29:00","guid":{"rendered":"https:\/\/miomiorun.com\/?post_type=product&#038;p=272856"},"modified":"2025-05-23T17:52:04","modified_gmt":"2025-05-23T15:52:04","slug":"core-essence-mesh-singlet-damen","status":"publish","type":"product","link":"https:\/\/www.miomiorun.com\/de\/produkt\/core-essence-mesh-singlet-damen\/","title":{"rendered":"Core Essence Mesh Singlet damen"},"content":{"rendered":"<p>Das <strong>Craft<\/strong> <strong>CORE Essence Mesh Singlet<\/strong> wurde f\u00fcr aktive Frauen entwickelt, die bei Outdoor-Ausfl\u00fcgen und beim Laufen Leistung und Komfort suchen.<br \/>\nAus <strong>recyceltem Polyester<\/strong> gefertigt, bietet dieses Singlet hervorragende <strong>Atmungsaktivit\u00e4t<\/strong> und optimales Feuchtigkeitsmanagement. Strategisch platzierte <strong>Mesh-Eins\u00e4tze<\/strong> auf dem R\u00fccken sorgen f\u00fcr eine hervorragende <strong>Bel\u00fcftung<\/strong> und halten die Haut auch bei intensiver Anstrengung k\u00fchl und trocken. Der sportliche Schnitt und das elegante Design garantieren absolute <strong>Bewegungsfreiheit<\/strong> und einen modernen Stil.<br \/>\nDie technische Zusammensetzung dieses Tanktops macht es zu einem idealen Verb\u00fcndeten f\u00fcr Ihre sportlichen Aktivit\u00e4ten. Das recycelte Polyester f\u00fchlt sich <strong>weich<\/strong> an, ist <strong>leicht<\/strong> und <strong>strapazierf\u00e4hig<\/strong> und sorgt f\u00fcr optimalen Komfort beim Training. Au\u00dferdem <strong>trocknet<\/strong> dieses Material <strong>schnell<\/strong> und verhindert, dass du dich nach dem Training kalt und nass f\u00fchlst.<br \/>\nMit dem <strong>CORE Essence Mesh Singlet <\/strong>wirst du mit Leichtigkeit und Leistung das Beste aus deinen Lauf- und Outdoor-Sessions machen.<\/p>\n<p><strong>TECHNISCHE EIGENSCHAFTEN:<\/strong><\/p>\n<p>&#8211; Weiches Netzgewebe aus recyceltem Polyester und Elastan<\/p>\n<p>&#8211; Nahtloses Design<\/p>\n<p>&#8211; Gerippter Halsausschnitt<\/p>\n<p>&#8211; Gerippte Armausschnitte<\/p>\n<p>&#8211; Enge Passform<\/p>\n","protected":false},"excerpt":{"rendered":"<p>\u2022 Tessuto sottile e leggero realizzato in poliestere riciclato<br \/>\n\u2022 Struttura aderente<br \/>\n\u2022 Design senza cuciture<\/p>\n","protected":false},"featured_media":272354,"template":"","meta":{"_acf_changed":false,"inline_featured_image":false},"product_brand":[],"product_cat":[6401,6403],"product_tag":[6304,6232],"class_list":{"0":"post-272856","1":"product","2":"type-product","3":"status-publish","4":"has-post-thumbnail","6":"product_cat-damenbekleidung","7":"product_cat-damentank-tops","8":"product_tag-craft-de","9":"product_tag-craft-damen-de","10":"pa_attivita-gehen","11":"pa_attivita-outdoor-de","12":"pa_attivita-running-de","13":"pa_attivita-trail-de","14":"pa_colore-core-essence-mesh-singlet-w-aster-de","15":"pa_marca-craft-de","16":"pa_sesso-damen","17":"pa_size-small-de","18":"pa_size-medium-de","19":"pa_size-large-de","21":"first","22":"instock","23":"sale","24":"taxable","25":"shipping-taxable","26":"purchasable","27":"product-type-variable","28":"wvs-archive-product-wrapper"},"acf":[],"yoast_head":"<!-- This site is optimized with the Yoast SEO plugin v26.8 - https:\/\/yoast.com\/product\/yoast-seo-wordpress\/ -->\n<title>Craft Core Essence Mesh Singlet damen - Lauf Tanktop- MioMioRun<\/title>\n<meta name=\"description\" content=\"Ultraatmungsaktives, technisches Damen-Tank-Top aus recyceltem Mesh, perfekt f\u00fcr L\u00e4ufe und hochintensives Training. Leichtigkeit und Frische immer dabei\" \/>\n<meta name=\"robots\" content=\"index, follow, max-snippet:-1, max-image-preview:large, max-video-preview:-1\" \/>\n<link rel=\"canonical\" href=\"https:\/\/www.miomiorun.com\/de\/produkt\/core-essence-mesh-singlet-damen\/\" \/>\n<meta property=\"og:locale\" content=\"de_DE\" \/>\n<meta property=\"og:type\" content=\"article\" \/>\n<meta property=\"og:title\" content=\"Craft Core Essence Mesh Singlet damen - Lauf Tanktop- MioMioRun\" \/>\n<meta property=\"og:description\" content=\"Ultraatmungsaktives, technisches Damen-Tank-Top aus recyceltem Mesh, perfekt f\u00fcr L\u00e4ufe und hochintensives Training. Leichtigkeit und Frische immer dabei\" \/>\n<meta property=\"og:url\" content=\"https:\/\/www.miomiorun.com\/de\/produkt\/core-essence-mesh-singlet-damen\/\" \/>\n<meta property=\"og:site_name\" content=\"MioMioRun\" \/>\n<meta property=\"article:publisher\" content=\"https:\/\/www.facebook.com\/miomiorun\/\" \/>\n<meta property=\"article:modified_time\" content=\"2025-05-23T15:52:04+00:00\" \/>\n<meta property=\"og:image\" content=\"https:\/\/www.miomiorun.com\/app\/uploads\/2025\/04\/craft-Core-essence-mesh-singlet-W-aster-1914698-746000.webp\" \/>\n\t<meta property=\"og:image:width\" content=\"600\" \/>\n\t<meta property=\"og:image:height\" content=\"600\" \/>\n\t<meta property=\"og:image:type\" content=\"image\/webp\" \/>\n<meta name=\"twitter:card\" content=\"summary_large_image\" \/>\n<meta name=\"twitter:label1\" content=\"Est. reading time\" \/>\n\t<meta name=\"twitter:data1\" content=\"1 minute\" \/>\n<script type=\"application\/ld+json\" class=\"yoast-schema-graph\">{\"@context\":\"https:\/\/schema.org\",\"@graph\":[{\"@type\":\"WebPage\",\"@id\":\"https:\/\/www.miomiorun.com\/de\/produkt\/core-essence-mesh-singlet-damen\/\",\"url\":\"https:\/\/www.miomiorun.com\/de\/produkt\/core-essence-mesh-singlet-damen\/\",\"name\":\"Craft Core Essence Mesh Singlet damen - Lauf Tanktop- MioMioRun\",\"isPartOf\":{\"@id\":\"https:\/\/www.miomiorun.com\/de\/#website\"},\"primaryImageOfPage\":{\"@id\":\"https:\/\/www.miomiorun.com\/de\/produkt\/core-essence-mesh-singlet-damen\/#primaryimage\"},\"image\":{\"@id\":\"https:\/\/www.miomiorun.com\/de\/produkt\/core-essence-mesh-singlet-damen\/#primaryimage\"},\"thumbnailUrl\":\"https:\/\/www.miomiorun.com\/app\/uploads\/2025\/04\/craft-Core-essence-mesh-singlet-W-aster-1914698-746000.webp\",\"datePublished\":\"2025-04-08T09:29:00+00:00\",\"dateModified\":\"2025-05-23T15:52:04+00:00\",\"description\":\"Ultraatmungsaktives, technisches Damen-Tank-Top aus recyceltem Mesh, perfekt f\u00fcr L\u00e4ufe und hochintensives Training. Leichtigkeit und Frische immer dabei\",\"breadcrumb\":{\"@id\":\"https:\/\/www.miomiorun.com\/de\/produkt\/core-essence-mesh-singlet-damen\/#breadcrumb\"},\"inLanguage\":\"de-DE\",\"potentialAction\":[{\"@type\":\"ReadAction\",\"target\":[\"https:\/\/www.miomiorun.com\/de\/produkt\/core-essence-mesh-singlet-damen\/\"]}]},{\"@type\":\"ImageObject\",\"inLanguage\":\"de-DE\",\"@id\":\"https:\/\/www.miomiorun.com\/de\/produkt\/core-essence-mesh-singlet-damen\/#primaryimage\",\"url\":\"https:\/\/www.miomiorun.com\/app\/uploads\/2025\/04\/craft-Core-essence-mesh-singlet-W-aster-1914698-746000.webp\",\"contentUrl\":\"https:\/\/www.miomiorun.com\/app\/uploads\/2025\/04\/craft-Core-essence-mesh-singlet-W-aster-1914698-746000.webp\",\"width\":600,\"height\":600,\"caption\":\"craft Core essence mesh singlet W aster 1914698-746000\"},{\"@type\":\"BreadcrumbList\",\"@id\":\"https:\/\/www.miomiorun.com\/de\/produkt\/core-essence-mesh-singlet-damen\/#breadcrumb\",\"itemListElement\":[{\"@type\":\"ListItem\",\"position\":1,\"name\":\"Home\",\"item\":\"https:\/\/www.miomiorun.com\/de\/\"},{\"@type\":\"ListItem\",\"position\":2,\"name\":\"Shop\",\"item\":\"https:\/\/www.miomiorun.com\/shop\/\"},{\"@type\":\"ListItem\",\"position\":3,\"name\":\"Core Essence Mesh Singlet damen\"}]},{\"@type\":\"WebSite\",\"@id\":\"https:\/\/www.miomiorun.com\/de\/#website\",\"url\":\"https:\/\/www.miomiorun.com\/de\/\",\"name\":\"MioMioRun\",\"description\":\"100% Lauf- und Trailshop\",\"publisher\":{\"@id\":\"https:\/\/www.miomiorun.com\/de\/#organization\"},\"potentialAction\":[{\"@type\":\"SearchAction\",\"target\":{\"@type\":\"EntryPoint\",\"urlTemplate\":\"https:\/\/www.miomiorun.com\/de\/?s={search_term_string}\"},\"query-input\":{\"@type\":\"PropertyValueSpecification\",\"valueRequired\":true,\"valueName\":\"search_term_string\"}}],\"inLanguage\":\"de-DE\"},{\"@type\":\"Organization\",\"@id\":\"https:\/\/www.miomiorun.com\/de\/#organization\",\"name\":\"MioMio Run\",\"url\":\"https:\/\/www.miomiorun.com\/de\/\",\"logo\":{\"@type\":\"ImageObject\",\"inLanguage\":\"de-DE\",\"@id\":\"https:\/\/www.miomiorun.com\/de\/#\/schema\/logo\/image\/\",\"url\":\"https:\/\/www.miomiorun.com\/app\/uploads\/2019\/12\/logomio.png\",\"contentUrl\":\"https:\/\/www.miomiorun.com\/app\/uploads\/2019\/12\/logomio.png\",\"width\":115,\"height\":82,\"caption\":\"MioMio Run\"},\"image\":{\"@id\":\"https:\/\/www.miomiorun.com\/de\/#\/schema\/logo\/image\/\"},\"sameAs\":[\"https:\/\/www.facebook.com\/miomiorun\/\",\"https:\/\/www.instagram.com\/miomiorun\/\"]}]}<\/script>\n<!-- \/ Yoast SEO plugin. -->","yoast_head_json":{"title":"Craft Core Essence Mesh Singlet damen - Lauf Tanktop- MioMioRun","description":"Ultraatmungsaktives, technisches Damen-Tank-Top aus recyceltem Mesh, perfekt f\u00fcr L\u00e4ufe und hochintensives Training. Leichtigkeit und Frische immer dabei","robots":{"index":"index","follow":"follow","max-snippet":"max-snippet:-1","max-image-preview":"max-image-preview:large","max-video-preview":"max-video-preview:-1"},"canonical":"https:\/\/www.miomiorun.com\/de\/produkt\/core-essence-mesh-singlet-damen\/","og_locale":"de_DE","og_type":"article","og_title":"Craft Core Essence Mesh Singlet damen - Lauf Tanktop- MioMioRun","og_description":"Ultraatmungsaktives, technisches Damen-Tank-Top aus recyceltem Mesh, perfekt f\u00fcr L\u00e4ufe und hochintensives Training. Leichtigkeit und Frische immer dabei","og_url":"https:\/\/www.miomiorun.com\/de\/produkt\/core-essence-mesh-singlet-damen\/","og_site_name":"MioMioRun","article_publisher":"https:\/\/www.facebook.com\/miomiorun\/","article_modified_time":"2025-05-23T15:52:04+00:00","og_image":[{"width":600,"height":600,"url":"https:\/\/www.miomiorun.com\/app\/uploads\/2025\/04\/craft-Core-essence-mesh-singlet-W-aster-1914698-746000.webp","type":"image\/webp"}],"twitter_card":"summary_large_image","twitter_misc":{"Est. reading time":"1 minute"},"schema":{"@context":"https:\/\/schema.org","@graph":[{"@type":"WebPage","@id":"https:\/\/www.miomiorun.com\/de\/produkt\/core-essence-mesh-singlet-damen\/","url":"https:\/\/www.miomiorun.com\/de\/produkt\/core-essence-mesh-singlet-damen\/","name":"Craft Core Essence Mesh Singlet damen - Lauf Tanktop- MioMioRun","isPartOf":{"@id":"https:\/\/www.miomiorun.com\/de\/#website"},"primaryImageOfPage":{"@id":"https:\/\/www.miomiorun.com\/de\/produkt\/core-essence-mesh-singlet-damen\/#primaryimage"},"image":{"@id":"https:\/\/www.miomiorun.com\/de\/produkt\/core-essence-mesh-singlet-damen\/#primaryimage"},"thumbnailUrl":"https:\/\/www.miomiorun.com\/app\/uploads\/2025\/04\/craft-Core-essence-mesh-singlet-W-aster-1914698-746000.webp","datePublished":"2025-04-08T09:29:00+00:00","dateModified":"2025-05-23T15:52:04+00:00","description":"Ultraatmungsaktives, technisches Damen-Tank-Top aus recyceltem Mesh, perfekt f\u00fcr L\u00e4ufe und hochintensives Training. Leichtigkeit und Frische immer dabei","breadcrumb":{"@id":"https:\/\/www.miomiorun.com\/de\/produkt\/core-essence-mesh-singlet-damen\/#breadcrumb"},"inLanguage":"de-DE","potentialAction":[{"@type":"ReadAction","target":["https:\/\/www.miomiorun.com\/de\/produkt\/core-essence-mesh-singlet-damen\/"]}]},{"@type":"ImageObject","inLanguage":"de-DE","@id":"https:\/\/www.miomiorun.com\/de\/produkt\/core-essence-mesh-singlet-damen\/#primaryimage","url":"https:\/\/www.miomiorun.com\/app\/uploads\/2025\/04\/craft-Core-essence-mesh-singlet-W-aster-1914698-746000.webp","contentUrl":"https:\/\/www.miomiorun.com\/app\/uploads\/2025\/04\/craft-Core-essence-mesh-singlet-W-aster-1914698-746000.webp","width":600,"height":600,"caption":"craft Core essence mesh singlet W aster 1914698-746000"},{"@type":"BreadcrumbList","@id":"https:\/\/www.miomiorun.com\/de\/produkt\/core-essence-mesh-singlet-damen\/#breadcrumb","itemListElement":[{"@type":"ListItem","position":1,"name":"Home","item":"https:\/\/www.miomiorun.com\/de\/"},{"@type":"ListItem","position":2,"name":"Shop","item":"https:\/\/www.miomiorun.com\/shop\/"},{"@type":"ListItem","position":3,"name":"Core Essence Mesh Singlet damen"}]},{"@type":"WebSite","@id":"https:\/\/www.miomiorun.com\/de\/#website","url":"https:\/\/www.miomiorun.com\/de\/","name":"MioMioRun","description":"100% Lauf- und Trailshop","publisher":{"@id":"https:\/\/www.miomiorun.com\/de\/#organization"},"potentialAction":[{"@type":"SearchAction","target":{"@type":"EntryPoint","urlTemplate":"https:\/\/www.miomiorun.com\/de\/?s={search_term_string}"},"query-input":{"@type":"PropertyValueSpecification","valueRequired":true,"valueName":"search_term_string"}}],"inLanguage":"de-DE"},{"@type":"Organization","@id":"https:\/\/www.miomiorun.com\/de\/#organization","name":"MioMio Run","url":"https:\/\/www.miomiorun.com\/de\/","logo":{"@type":"ImageObject","inLanguage":"de-DE","@id":"https:\/\/www.miomiorun.com\/de\/#\/schema\/logo\/image\/","url":"https:\/\/www.miomiorun.com\/app\/uploads\/2019\/12\/logomio.png","contentUrl":"https:\/\/www.miomiorun.com\/app\/uploads\/2019\/12\/logomio.png","width":115,"height":82,"caption":"MioMio Run"},"image":{"@id":"https:\/\/www.miomiorun.com\/de\/#\/schema\/logo\/image\/"},"sameAs":["https:\/\/www.facebook.com\/miomiorun\/","https:\/\/www.instagram.com\/miomiorun\/"]}]}},"_links":{"self":[{"href":"https:\/\/www.miomiorun.com\/de\/wp-json\/wp\/v2\/product\/272856","targetHints":{"allow":["GET"]}}],"collection":[{"href":"https:\/\/www.miomiorun.com\/de\/wp-json\/wp\/v2\/product"}],"about":[{"href":"https:\/\/www.miomiorun.com\/de\/wp-json\/wp\/v2\/types\/product"}],"wp:featuredmedia":[{"embeddable":true,"href":"https:\/\/www.miomiorun.com\/de\/wp-json\/wp\/v2\/media\/272354"}],"wp:attachment":[{"href":"https:\/\/www.miomiorun.com\/de\/wp-json\/wp\/v2\/media?parent=272856"}],"wp:term":[{"taxonomy":"product_brand","embeddable":true,"href":"https:\/\/www.miomiorun.com\/de\/wp-json\/wp\/v2\/product_brand?post=272856"},{"taxonomy":"product_cat","embeddable":true,"href":"https:\/\/www.miomiorun.com\/de\/wp-json\/wp\/v2\/product_cat?post=272856"},{"taxonomy":"product_tag","embeddable":true,"href":"https:\/\/www.miomiorun.com\/de\/wp-json\/wp\/v2\/product_tag?post=272856"}],"curies":[{"name":"wp","href":"https:\/\/api.w.org\/{rel}","templated":true}]}}