{"id":272786,"date":"2025-04-08T11:10:56","date_gmt":"2025-04-08T09:10:56","guid":{"rendered":"https:\/\/miomiorun.com\/?post_type=product&#038;p=272786"},"modified":"2025-05-23T19:18:40","modified_gmt":"2025-05-23T17:18:40","slug":"rise-t-shirt-herren","status":"publish","type":"product","link":"https:\/\/www.miomiorun.com\/de\/produkt\/rise-t-shirt-herren\/","title":{"rendered":"Rise T-Shirt herren"},"content":{"rendered":"<p class=\"\" data-end=\"522\" data-start=\"224\">Mit dem <strong data-end=\"277\" data-start=\"254\">Men&#8217;s Rise Jersey<\/strong>, einer technischen Zwischenschicht, die f\u00fcr Trekking, Klettern und anspruchsvollste Outdoor-Aktivit\u00e4ten entwickelt wurde, l\u00e4sst sich jede Jahreszeit bew\u00e4ltigen. Hergestellt aus <strong data-end=\"417\" data-start=\"392\">Polartec\u00ae Power Grid\u2122<\/strong> mit <strong data-end=\"446\" data-start=\"422\">recyceltem Polyester<\/strong>, garantiert es ein perfektes Gleichgewicht zwischen W\u00e4rme, Atmungsaktivit\u00e4t und Leichtigkeit.<\/p>\n<p class=\"\" data-end=\"917\" data-start=\"524\">Die <strong data-end=\"550\" data-start=\"527\">Gitterstruktur<\/strong> des Gewebes beg\u00fcnstigt die Ableitung von Schwei\u00df und h\u00e4lt die K\u00f6rpertemperatur auch bei erh\u00f6hter Anstrengung konstant. Die <strong data-end=\"710\" data-start=\"696\">Fresh Face-Behandlung<\/strong> auf pflanzlicher Basis reduziert unangenehme Ger\u00fcche, sodass Sie das Shirt l\u00e4nger und mit weniger W\u00e4schen tragen k\u00f6nnen. Au\u00dferdem bietet das Material <strong data-end=\"860\" data-start=\"849\">UPF 15+<\/strong> Schutz vor UV-Strahlen, ideal f\u00fcr die exponiertesten H\u00f6henlagen.<\/p>\n<p class=\"\" data-end=\"1111\" data-start=\"919\">Die <strong data-end=\"968\" data-start=\"934\">kontrastierenden Stretch-Fleece-Eins\u00e4tze<\/strong> passen sich Ihren Bewegungen an und sorgen f\u00fcr absolute Freiheit, w\u00e4hrend <strong data-end=\"1048\" data-start=\"1030\">die Rei\u00dfverschlusstaschen<\/strong> perfekt sind, um kleine Dinge sicher aufzubewahren.<\/p>\n<h3 class=\"\" data-end=\"1153\" data-start=\"1118\"><strong data-end=\"1153\" data-start=\"1122\">Hauptmerkmale:<\/strong><\/h3>\n<ul data-end=\"1464\" data-start=\"1155\">\n<li class=\"\" data-end=\"1203\" data-start=\"1155\">\n<p class=\"\" data-end=\"1203\" data-start=\"1157\">Technische Zwischenschicht aus <strong data-end=\"1203\" data-start=\"1178\">Polartec\u00ae Power Grid\u2122<\/strong>.<\/p>\n<\/li>\n<li class=\"\" data-end=\"1284\" data-start=\"1204\">\n<p class=\"\" data-end=\"1284\" data-start=\"1206\"><strong data-end=\"1229\" data-start=\"1206\">Atmungsaktives<\/strong>, schnell trocknendes <strong data-end=\"1229\" data-start=\"1206\">Gewebe<\/strong> mit UPF 15+ Sonnenschutz<\/p>\n<\/li>\n<li class=\"\" data-end=\"1340\" data-start=\"1285\">\n<p class=\"\" data-end=\"1340\" data-start=\"1287\"><strong data-end=\"1313\" data-start=\"1287\">Geruchshemmende<\/strong> Fresh <strong data-end=\"1313\" data-start=\"1287\">Face-Behandlung<\/strong> auf Pflanzenbasis<\/p>\n<\/li>\n<li class=\"\" data-end=\"1391\" data-start=\"1341\">\n<p class=\"\" data-end=\"1391\" data-start=\"1343\">Stretch-Fleece-Eins\u00e4tze f\u00fcr <strong data-end=\"1391\" data-start=\"1371\">maximale Bewegungsfreiheit<\/strong><\/p>\n<\/li>\n<li class=\"\" data-end=\"1446\" data-start=\"1392\">\n<p class=\"\" data-end=\"1446\" data-start=\"1394\">Durchgehender Frontrei\u00dfverschluss und <strong data-end=\"1446\" data-start=\"1419\">zwei Rei\u00dfverschluss-Handtaschen<\/strong><\/p>\n<\/li>\n<li class=\"\" data-end=\"1464\" data-start=\"1447\">\n<p class=\"\" data-end=\"1464\" data-start=\"1449\"><strong data-end=\"1464\" data-start=\"1449\">Gewicht: 290 g<\/strong><\/p>\n<\/li>\n<\/ul>\n","protected":false},"excerpt":{"rendered":"<ul>\n<li>W\u00e4rmeregulierende Mittelschicht<\/li>\n<li>F\u00fcr Trekking das ganze Jahr \u00fcber<\/li>\n<\/ul>\n","protected":false},"featured_media":273283,"template":"","meta":{"_acf_changed":false,"inline_featured_image":false},"product_brand":[],"product_cat":[6540,6541],"product_tag":[3379,6270],"class_list":{"0":"post-272786","1":"product","2":"type-product","3":"status-publish","4":"has-post-thumbnail","6":"product_cat-herrenbekleidung","7":"product_cat-langarmshirt","8":"product_tag-montura-de","9":"product_tag-montura-herren-de","10":"pa_attivita-gehen","11":"pa_attivita-outdoor-de","12":"pa_colore-rise-maglia-black-sunny-lime-de","13":"pa_marca-montura-de","14":"pa_sesso-herren","15":"pa_size-medium-de","16":"pa_size-extra-large-de","18":"first","19":"instock","20":"sale","21":"taxable","22":"shipping-taxable","23":"purchasable","24":"product-type-variable","25":"wvs-archive-product-wrapper"},"acf":[],"yoast_head":"<!-- This site is optimized with the Yoast SEO plugin v26.8 - https:\/\/yoast.com\/product\/yoast-seo-wordpress\/ -->\n<title>Montura Rise T-Shirt herren -Laufshirt - MioMioRun.com<\/title>\n<meta name=\"description\" content=\"Technisches Trikot f\u00fcr M\u00e4nner aus Polartec\u00ae Power Grid\u2122, ideal f\u00fcr Trekking und Klettern. Atmungsaktiv, temperaturregulierend und geruchshemmend, f\u00fcr Komfort und Bewegungsfreiheit\" \/>\n<meta name=\"robots\" content=\"index, follow, max-snippet:-1, max-image-preview:large, max-video-preview:-1\" \/>\n<link rel=\"canonical\" href=\"https:\/\/www.miomiorun.com\/de\/produkt\/rise-t-shirt-herren\/\" \/>\n<meta property=\"og:locale\" content=\"de_DE\" \/>\n<meta property=\"og:type\" content=\"article\" \/>\n<meta property=\"og:title\" content=\"Montura Rise T-Shirt herren -Laufshirt - MioMioRun.com\" \/>\n<meta property=\"og:description\" content=\"Technisches Trikot f\u00fcr M\u00e4nner aus Polartec\u00ae Power Grid\u2122, ideal f\u00fcr Trekking und Klettern. Atmungsaktiv, temperaturregulierend und geruchshemmend, f\u00fcr Komfort und Bewegungsfreiheit\" \/>\n<meta property=\"og:url\" content=\"https:\/\/www.miomiorun.com\/de\/produkt\/rise-t-shirt-herren\/\" \/>\n<meta property=\"og:site_name\" content=\"MioMioRun\" \/>\n<meta property=\"article:publisher\" content=\"https:\/\/www.facebook.com\/miomiorun\/\" \/>\n<meta property=\"article:modified_time\" content=\"2025-05-23T17:18:40+00:00\" \/>\n<meta property=\"og:image\" content=\"https:\/\/www.miomiorun.com\/app\/uploads\/2025\/04\/montura-Rise-maglia-black-sunny-lime-MMAP20X.90202.webp\" \/>\n\t<meta property=\"og:image:width\" content=\"600\" \/>\n\t<meta property=\"og:image:height\" content=\"600\" \/>\n\t<meta property=\"og:image:type\" content=\"image\/webp\" \/>\n<meta name=\"twitter:card\" content=\"summary_large_image\" \/>\n<meta name=\"twitter:label1\" content=\"Est. reading time\" \/>\n\t<meta name=\"twitter:data1\" content=\"1 minute\" \/>\n<script type=\"application\/ld+json\" class=\"yoast-schema-graph\">{\"@context\":\"https:\/\/schema.org\",\"@graph\":[{\"@type\":\"WebPage\",\"@id\":\"https:\/\/www.miomiorun.com\/de\/produkt\/rise-t-shirt-herren\/\",\"url\":\"https:\/\/www.miomiorun.com\/de\/produkt\/rise-t-shirt-herren\/\",\"name\":\"Montura Rise T-Shirt herren -Laufshirt - MioMioRun.com\",\"isPartOf\":{\"@id\":\"https:\/\/www.miomiorun.com\/de\/#website\"},\"primaryImageOfPage\":{\"@id\":\"https:\/\/www.miomiorun.com\/de\/produkt\/rise-t-shirt-herren\/#primaryimage\"},\"image\":{\"@id\":\"https:\/\/www.miomiorun.com\/de\/produkt\/rise-t-shirt-herren\/#primaryimage\"},\"thumbnailUrl\":\"https:\/\/www.miomiorun.com\/app\/uploads\/2025\/04\/montura-Rise-maglia-black-sunny-lime-MMAP20X.90202.webp\",\"datePublished\":\"2025-04-08T09:10:56+00:00\",\"dateModified\":\"2025-05-23T17:18:40+00:00\",\"description\":\"Technisches Trikot f\u00fcr M\u00e4nner aus Polartec\u00ae Power Grid\u2122, ideal f\u00fcr Trekking und Klettern. Atmungsaktiv, temperaturregulierend und geruchshemmend, f\u00fcr Komfort und Bewegungsfreiheit\",\"breadcrumb\":{\"@id\":\"https:\/\/www.miomiorun.com\/de\/produkt\/rise-t-shirt-herren\/#breadcrumb\"},\"inLanguage\":\"de-DE\",\"potentialAction\":[{\"@type\":\"ReadAction\",\"target\":[\"https:\/\/www.miomiorun.com\/de\/produkt\/rise-t-shirt-herren\/\"]}]},{\"@type\":\"ImageObject\",\"inLanguage\":\"de-DE\",\"@id\":\"https:\/\/www.miomiorun.com\/de\/produkt\/rise-t-shirt-herren\/#primaryimage\",\"url\":\"https:\/\/www.miomiorun.com\/app\/uploads\/2025\/04\/montura-Rise-maglia-black-sunny-lime-MMAP20X.90202.webp\",\"contentUrl\":\"https:\/\/www.miomiorun.com\/app\/uploads\/2025\/04\/montura-Rise-maglia-black-sunny-lime-MMAP20X.90202.webp\",\"width\":600,\"height\":600,\"caption\":\"montura Rise maglia black sunny lime MMAP20X.90202\"},{\"@type\":\"BreadcrumbList\",\"@id\":\"https:\/\/www.miomiorun.com\/de\/produkt\/rise-t-shirt-herren\/#breadcrumb\",\"itemListElement\":[{\"@type\":\"ListItem\",\"position\":1,\"name\":\"Home\",\"item\":\"https:\/\/www.miomiorun.com\/de\/\"},{\"@type\":\"ListItem\",\"position\":2,\"name\":\"Shop\",\"item\":\"https:\/\/www.miomiorun.com\/shop\/\"},{\"@type\":\"ListItem\",\"position\":3,\"name\":\"Rise T-Shirt herren\"}]},{\"@type\":\"WebSite\",\"@id\":\"https:\/\/www.miomiorun.com\/de\/#website\",\"url\":\"https:\/\/www.miomiorun.com\/de\/\",\"name\":\"MioMioRun\",\"description\":\"100% Lauf- und Trailshop\",\"publisher\":{\"@id\":\"https:\/\/www.miomiorun.com\/de\/#organization\"},\"potentialAction\":[{\"@type\":\"SearchAction\",\"target\":{\"@type\":\"EntryPoint\",\"urlTemplate\":\"https:\/\/www.miomiorun.com\/de\/?s={search_term_string}\"},\"query-input\":{\"@type\":\"PropertyValueSpecification\",\"valueRequired\":true,\"valueName\":\"search_term_string\"}}],\"inLanguage\":\"de-DE\"},{\"@type\":\"Organization\",\"@id\":\"https:\/\/www.miomiorun.com\/de\/#organization\",\"name\":\"MioMio Run\",\"url\":\"https:\/\/www.miomiorun.com\/de\/\",\"logo\":{\"@type\":\"ImageObject\",\"inLanguage\":\"de-DE\",\"@id\":\"https:\/\/www.miomiorun.com\/de\/#\/schema\/logo\/image\/\",\"url\":\"https:\/\/www.miomiorun.com\/app\/uploads\/2019\/12\/logomio.png\",\"contentUrl\":\"https:\/\/www.miomiorun.com\/app\/uploads\/2019\/12\/logomio.png\",\"width\":115,\"height\":82,\"caption\":\"MioMio Run\"},\"image\":{\"@id\":\"https:\/\/www.miomiorun.com\/de\/#\/schema\/logo\/image\/\"},\"sameAs\":[\"https:\/\/www.facebook.com\/miomiorun\/\",\"https:\/\/www.instagram.com\/miomiorun\/\"]}]}<\/script>\n<!-- \/ Yoast SEO plugin. -->","yoast_head_json":{"title":"Montura Rise T-Shirt herren -Laufshirt - MioMioRun.com","description":"Technisches Trikot f\u00fcr M\u00e4nner aus Polartec\u00ae Power Grid\u2122, ideal f\u00fcr Trekking und Klettern. Atmungsaktiv, temperaturregulierend und geruchshemmend, f\u00fcr Komfort und Bewegungsfreiheit","robots":{"index":"index","follow":"follow","max-snippet":"max-snippet:-1","max-image-preview":"max-image-preview:large","max-video-preview":"max-video-preview:-1"},"canonical":"https:\/\/www.miomiorun.com\/de\/produkt\/rise-t-shirt-herren\/","og_locale":"de_DE","og_type":"article","og_title":"Montura Rise T-Shirt herren -Laufshirt - MioMioRun.com","og_description":"Technisches Trikot f\u00fcr M\u00e4nner aus Polartec\u00ae Power Grid\u2122, ideal f\u00fcr Trekking und Klettern. Atmungsaktiv, temperaturregulierend und geruchshemmend, f\u00fcr Komfort und Bewegungsfreiheit","og_url":"https:\/\/www.miomiorun.com\/de\/produkt\/rise-t-shirt-herren\/","og_site_name":"MioMioRun","article_publisher":"https:\/\/www.facebook.com\/miomiorun\/","article_modified_time":"2025-05-23T17:18:40+00:00","og_image":[{"width":600,"height":600,"url":"https:\/\/www.miomiorun.com\/app\/uploads\/2025\/04\/montura-Rise-maglia-black-sunny-lime-MMAP20X.90202.webp","type":"image\/webp"}],"twitter_card":"summary_large_image","twitter_misc":{"Est. reading time":"1 minute"},"schema":{"@context":"https:\/\/schema.org","@graph":[{"@type":"WebPage","@id":"https:\/\/www.miomiorun.com\/de\/produkt\/rise-t-shirt-herren\/","url":"https:\/\/www.miomiorun.com\/de\/produkt\/rise-t-shirt-herren\/","name":"Montura Rise T-Shirt herren -Laufshirt - MioMioRun.com","isPartOf":{"@id":"https:\/\/www.miomiorun.com\/de\/#website"},"primaryImageOfPage":{"@id":"https:\/\/www.miomiorun.com\/de\/produkt\/rise-t-shirt-herren\/#primaryimage"},"image":{"@id":"https:\/\/www.miomiorun.com\/de\/produkt\/rise-t-shirt-herren\/#primaryimage"},"thumbnailUrl":"https:\/\/www.miomiorun.com\/app\/uploads\/2025\/04\/montura-Rise-maglia-black-sunny-lime-MMAP20X.90202.webp","datePublished":"2025-04-08T09:10:56+00:00","dateModified":"2025-05-23T17:18:40+00:00","description":"Technisches Trikot f\u00fcr M\u00e4nner aus Polartec\u00ae Power Grid\u2122, ideal f\u00fcr Trekking und Klettern. Atmungsaktiv, temperaturregulierend und geruchshemmend, f\u00fcr Komfort und Bewegungsfreiheit","breadcrumb":{"@id":"https:\/\/www.miomiorun.com\/de\/produkt\/rise-t-shirt-herren\/#breadcrumb"},"inLanguage":"de-DE","potentialAction":[{"@type":"ReadAction","target":["https:\/\/www.miomiorun.com\/de\/produkt\/rise-t-shirt-herren\/"]}]},{"@type":"ImageObject","inLanguage":"de-DE","@id":"https:\/\/www.miomiorun.com\/de\/produkt\/rise-t-shirt-herren\/#primaryimage","url":"https:\/\/www.miomiorun.com\/app\/uploads\/2025\/04\/montura-Rise-maglia-black-sunny-lime-MMAP20X.90202.webp","contentUrl":"https:\/\/www.miomiorun.com\/app\/uploads\/2025\/04\/montura-Rise-maglia-black-sunny-lime-MMAP20X.90202.webp","width":600,"height":600,"caption":"montura Rise maglia black sunny lime MMAP20X.90202"},{"@type":"BreadcrumbList","@id":"https:\/\/www.miomiorun.com\/de\/produkt\/rise-t-shirt-herren\/#breadcrumb","itemListElement":[{"@type":"ListItem","position":1,"name":"Home","item":"https:\/\/www.miomiorun.com\/de\/"},{"@type":"ListItem","position":2,"name":"Shop","item":"https:\/\/www.miomiorun.com\/shop\/"},{"@type":"ListItem","position":3,"name":"Rise T-Shirt herren"}]},{"@type":"WebSite","@id":"https:\/\/www.miomiorun.com\/de\/#website","url":"https:\/\/www.miomiorun.com\/de\/","name":"MioMioRun","description":"100% Lauf- und Trailshop","publisher":{"@id":"https:\/\/www.miomiorun.com\/de\/#organization"},"potentialAction":[{"@type":"SearchAction","target":{"@type":"EntryPoint","urlTemplate":"https:\/\/www.miomiorun.com\/de\/?s={search_term_string}"},"query-input":{"@type":"PropertyValueSpecification","valueRequired":true,"valueName":"search_term_string"}}],"inLanguage":"de-DE"},{"@type":"Organization","@id":"https:\/\/www.miomiorun.com\/de\/#organization","name":"MioMio Run","url":"https:\/\/www.miomiorun.com\/de\/","logo":{"@type":"ImageObject","inLanguage":"de-DE","@id":"https:\/\/www.miomiorun.com\/de\/#\/schema\/logo\/image\/","url":"https:\/\/www.miomiorun.com\/app\/uploads\/2019\/12\/logomio.png","contentUrl":"https:\/\/www.miomiorun.com\/app\/uploads\/2019\/12\/logomio.png","width":115,"height":82,"caption":"MioMio Run"},"image":{"@id":"https:\/\/www.miomiorun.com\/de\/#\/schema\/logo\/image\/"},"sameAs":["https:\/\/www.facebook.com\/miomiorun\/","https:\/\/www.instagram.com\/miomiorun\/"]}]}},"_links":{"self":[{"href":"https:\/\/www.miomiorun.com\/de\/wp-json\/wp\/v2\/product\/272786","targetHints":{"allow":["GET"]}}],"collection":[{"href":"https:\/\/www.miomiorun.com\/de\/wp-json\/wp\/v2\/product"}],"about":[{"href":"https:\/\/www.miomiorun.com\/de\/wp-json\/wp\/v2\/types\/product"}],"wp:featuredmedia":[{"embeddable":true,"href":"https:\/\/www.miomiorun.com\/de\/wp-json\/wp\/v2\/media\/273283"}],"wp:attachment":[{"href":"https:\/\/www.miomiorun.com\/de\/wp-json\/wp\/v2\/media?parent=272786"}],"wp:term":[{"taxonomy":"product_brand","embeddable":true,"href":"https:\/\/www.miomiorun.com\/de\/wp-json\/wp\/v2\/product_brand?post=272786"},{"taxonomy":"product_cat","embeddable":true,"href":"https:\/\/www.miomiorun.com\/de\/wp-json\/wp\/v2\/product_cat?post=272786"},{"taxonomy":"product_tag","embeddable":true,"href":"https:\/\/www.miomiorun.com\/de\/wp-json\/wp\/v2\/product_tag?post=272786"}],"curies":[{"name":"wp","href":"https:\/\/api.w.org\/{rel}","templated":true}]}}