{"id":272687,"date":"2025-04-08T09:44:13","date_gmt":"2025-04-08T07:44:13","guid":{"rendered":"https:\/\/miomiorun.com\/?post_type=product&#038;p=272687"},"modified":"2025-10-30T16:20:58","modified_gmt":"2025-10-30T15:20:58","slug":"rise-pants-herren","status":"publish","type":"product","link":"https:\/\/www.miomiorun.com\/de\/produkt\/rise-pants-herren\/","title":{"rendered":"Rise Pants herren"},"content":{"rendered":"<p class=\"\" data-start=\"247\" data-end=\"304\"><strong data-start=\"247\" data-end=\"304\">Bewegungsfreiheit und Leichtigkeit f\u00fcr jedes Abenteuer.<\/strong><\/p>\n<p class=\"\" data-start=\"306\" data-end=\"640\">Entdecken Sie die neuen <strong data-start=\"321\" data-end=\"347\">Rise-Hosen f\u00fcr Herren<\/strong>, die Sie mit Komfort und Stil von anspruchsvollen Wanderungen bis hin zu Freizeitausfl\u00fcgen begleiten. Dank des <strong data-start=\"484\" data-end=\"521\">4-Wege-Stretch-Nylongewebes<\/strong> passt sich diese Hose jedem Ihrer Schritte an und garantiert auch auf dynamischen Strecken Atmungsaktivit\u00e4t und Flexibilit\u00e4t.<\/p>\n<p class=\"\" data-start=\"642\" data-end=\"834\">Die <strong data-start=\"645\" data-end=\"690\">PFAS-freie DWR-Impr\u00e4gnierung<\/strong> sch\u00fctzt vor leichtem Regen, w\u00e4hrend der <strong data-start=\"733\" data-end=\"758\">UV-Schutz UPF 50+<\/strong> Sie vor Sonnenstrahlen sch\u00fctzt, sodass sie perfekt f\u00fcr die w\u00e4rmeren Jahreszeiten geeignet sind.<\/p>\n<p class=\"\" data-start=\"836\" data-end=\"1057\">Der <strong data-start=\"839\" data-end=\"882\">elastische Bund im Pull-on-Stil<\/strong> sorgt f\u00fcr eine bequeme und praktische Passform, selbst an den aktivsten Tagen. In den <strong data-start=\"963\" data-end=\"995\">Seiten- und Ges\u00e4\u00dftaschen<\/strong> kannst du wichtige Kleinigkeiten immer dabei haben.<\/p>\n<h3 class=\"\" data-start=\"1064\" data-end=\"1098\">Hauptmerkmale:<\/h3>\n<ul data-start=\"1100\" data-end=\"1376\">\n<li class=\"\" data-start=\"1100\" data-end=\"1164\">\n<p class=\"\" data-start=\"1102\" data-end=\"1164\">4-Wege-Stretch-Nylongewebe mit DWR-Behandlung (PFAS-frei)<\/p>\n<\/li>\n<li class=\"\" data-start=\"1165\" data-end=\"1194\">\n<p class=\"\" data-start=\"1167\" data-end=\"1194\">Sonnenschutz UPF 50+<\/p>\n<\/li>\n<li class=\"\" data-start=\"1195\" data-end=\"1243\">\n<p class=\"\" data-start=\"1197\" data-end=\"1243\">Elastischer Bund f\u00fcr einfaches Anziehen<\/p>\n<\/li>\n<li class=\"\" data-start=\"1244\" data-end=\"1295\">\n<p class=\"\" data-start=\"1246\" data-end=\"1295\">Offene Seitentaschen + Seitentasche mit Rei\u00dfverschluss<\/p>\n<\/li>\n<li class=\"\" data-start=\"1296\" data-end=\"1324\">\n<p class=\"\" data-start=\"1298\" data-end=\"1324\">Offene Ges\u00e4\u00dftaschen<\/p>\n<\/li>\n<li class=\"\" data-start=\"1325\" data-end=\"1362\">\n<p class=\"\" data-start=\"1327\" data-end=\"1362\">Leichte und atmungsaktive Passform<\/p>\n<\/li>\n<li class=\"\" data-start=\"1363\" data-end=\"1376\">\n<p class=\"\" data-start=\"1365\" data-end=\"1376\">Gewicht: 230 g<\/p>\n<\/li>\n<\/ul>\n","protected":false},"excerpt":{"rendered":"<ul>\n<li data-start=\"1408\" data-end=\"1434\">Wandern und Trekking<\/li>\n<li class=\"\" data-start=\"1435\" data-end=\"1453\">\n<p class=\"\" data-start=\"1437\" data-end=\"1453\">Laufen im Sommer<\/p>\n<\/li>\n<li class=\"\" data-start=\"1454\" data-end=\"1484\">\n<p class=\"\" data-start=\"1456\" data-end=\"1484\">Outdoor-Aktivit\u00e4ten und Fitness<\/p>\n<\/li>\n<li class=\"\" data-start=\"1485\" data-end=\"1506\">\n<p class=\"\" data-start=\"1487\" data-end=\"1506\">Aktive Freizeitgestaltung<\/p>\n<\/li>\n<\/ul>\n","protected":false},"featured_media":273210,"template":"","meta":{"_acf_changed":false,"inline_featured_image":false},"product_brand":[],"product_cat":[6540,6509],"product_tag":[3379,6270],"class_list":{"0":"post-272687","1":"product","2":"type-product","3":"status-publish","4":"has-post-thumbnail","6":"product_cat-herrenbekleidung","7":"product_cat-lange-hosen","8":"product_tag-montura-de","9":"product_tag-montura-herren-de","10":"pa_attivita-gehen","11":"pa_attivita-outdoor-de","12":"pa_colore-rise-pants-black-de","13":"pa_marca-montura-de","14":"pa_sesso-herren","15":"pa_size-small-de","16":"pa_size-large-de","18":"first","19":"instock","20":"sale","21":"taxable","22":"shipping-taxable","23":"purchasable","24":"product-type-variable","25":"wvs-archive-product-wrapper"},"acf":[],"yoast_head":"<!-- This site is optimized with the Yoast SEO plugin v26.8 - https:\/\/yoast.com\/product\/yoast-seo-wordpress\/ -->\n<title>Montura Rise Pants herren - lange Sommerhosen - MioMioRun<\/title>\n<meta name=\"description\" content=\"Leichte Herrenhose aus 4-Wege-Stretch-Nylon mit DWR-Behandlung und UPF-Schutz. Atmungsaktiv, bequem und ideal f\u00fcr Trekking, Laufen und Sommeraktivit\u00e4ten im Freien.\" \/>\n<meta name=\"robots\" content=\"index, follow, max-snippet:-1, max-image-preview:large, max-video-preview:-1\" \/>\n<link rel=\"canonical\" href=\"https:\/\/www.miomiorun.com\/de\/produkt\/rise-pants-herren\/\" \/>\n<meta property=\"og:locale\" content=\"de_DE\" \/>\n<meta property=\"og:type\" content=\"article\" \/>\n<meta property=\"og:title\" content=\"Montura Rise Pants herren - lange Sommerhosen - MioMioRun\" \/>\n<meta property=\"og:description\" content=\"Leichte Herrenhose aus 4-Wege-Stretch-Nylon mit DWR-Behandlung und UPF-Schutz. Atmungsaktiv, bequem und ideal f\u00fcr Trekking, Laufen und Sommeraktivit\u00e4ten im Freien.\" \/>\n<meta property=\"og:url\" content=\"https:\/\/www.miomiorun.com\/de\/produkt\/rise-pants-herren\/\" \/>\n<meta property=\"og:site_name\" content=\"MioMioRun\" \/>\n<meta property=\"article:publisher\" content=\"https:\/\/www.facebook.com\/miomiorun\/\" \/>\n<meta property=\"article:modified_time\" content=\"2025-10-30T15:20:58+00:00\" \/>\n<meta property=\"og:image\" content=\"https:\/\/www.miomiorun.com\/app\/uploads\/2025\/04\/montura-Rise-pants-black-MPLR81X.90.webp\" \/>\n\t<meta property=\"og:image:width\" content=\"600\" \/>\n\t<meta property=\"og:image:height\" content=\"600\" \/>\n\t<meta property=\"og:image:type\" content=\"image\/webp\" \/>\n<meta name=\"twitter:card\" content=\"summary_large_image\" \/>\n<meta name=\"twitter:label1\" content=\"Est. reading time\" \/>\n\t<meta name=\"twitter:data1\" content=\"2 minutes\" \/>\n<script type=\"application\/ld+json\" class=\"yoast-schema-graph\">{\"@context\":\"https:\/\/schema.org\",\"@graph\":[{\"@type\":\"WebPage\",\"@id\":\"https:\/\/www.miomiorun.com\/de\/produkt\/rise-pants-herren\/\",\"url\":\"https:\/\/www.miomiorun.com\/de\/produkt\/rise-pants-herren\/\",\"name\":\"Montura Rise Pants herren - lange Sommerhosen - MioMioRun\",\"isPartOf\":{\"@id\":\"https:\/\/www.miomiorun.com\/de\/#website\"},\"primaryImageOfPage\":{\"@id\":\"https:\/\/www.miomiorun.com\/de\/produkt\/rise-pants-herren\/#primaryimage\"},\"image\":{\"@id\":\"https:\/\/www.miomiorun.com\/de\/produkt\/rise-pants-herren\/#primaryimage\"},\"thumbnailUrl\":\"https:\/\/www.miomiorun.com\/app\/uploads\/2025\/04\/montura-Rise-pants-black-MPLR81X.90.webp\",\"datePublished\":\"2025-04-08T07:44:13+00:00\",\"dateModified\":\"2025-10-30T15:20:58+00:00\",\"description\":\"Leichte Herrenhose aus 4-Wege-Stretch-Nylon mit DWR-Behandlung und UPF-Schutz. Atmungsaktiv, bequem und ideal f\u00fcr Trekking, Laufen und Sommeraktivit\u00e4ten im Freien.\",\"breadcrumb\":{\"@id\":\"https:\/\/www.miomiorun.com\/de\/produkt\/rise-pants-herren\/#breadcrumb\"},\"inLanguage\":\"de-DE\",\"potentialAction\":[{\"@type\":\"ReadAction\",\"target\":[\"https:\/\/www.miomiorun.com\/de\/produkt\/rise-pants-herren\/\"]}]},{\"@type\":\"ImageObject\",\"inLanguage\":\"de-DE\",\"@id\":\"https:\/\/www.miomiorun.com\/de\/produkt\/rise-pants-herren\/#primaryimage\",\"url\":\"https:\/\/www.miomiorun.com\/app\/uploads\/2025\/04\/montura-Rise-pants-black-MPLR81X.90.webp\",\"contentUrl\":\"https:\/\/www.miomiorun.com\/app\/uploads\/2025\/04\/montura-Rise-pants-black-MPLR81X.90.webp\",\"width\":600,\"height\":600,\"caption\":\"montura Rise pants black MPLR81X.90\"},{\"@type\":\"BreadcrumbList\",\"@id\":\"https:\/\/www.miomiorun.com\/de\/produkt\/rise-pants-herren\/#breadcrumb\",\"itemListElement\":[{\"@type\":\"ListItem\",\"position\":1,\"name\":\"Home\",\"item\":\"https:\/\/www.miomiorun.com\/de\/\"},{\"@type\":\"ListItem\",\"position\":2,\"name\":\"Shop\",\"item\":\"https:\/\/www.miomiorun.com\/shop\/\"},{\"@type\":\"ListItem\",\"position\":3,\"name\":\"Rise Pants herren\"}]},{\"@type\":\"WebSite\",\"@id\":\"https:\/\/www.miomiorun.com\/de\/#website\",\"url\":\"https:\/\/www.miomiorun.com\/de\/\",\"name\":\"MioMioRun\",\"description\":\"100% Lauf- und Trailshop\",\"publisher\":{\"@id\":\"https:\/\/www.miomiorun.com\/de\/#organization\"},\"potentialAction\":[{\"@type\":\"SearchAction\",\"target\":{\"@type\":\"EntryPoint\",\"urlTemplate\":\"https:\/\/www.miomiorun.com\/de\/?s={search_term_string}\"},\"query-input\":{\"@type\":\"PropertyValueSpecification\",\"valueRequired\":true,\"valueName\":\"search_term_string\"}}],\"inLanguage\":\"de-DE\"},{\"@type\":\"Organization\",\"@id\":\"https:\/\/www.miomiorun.com\/de\/#organization\",\"name\":\"MioMio Run\",\"url\":\"https:\/\/www.miomiorun.com\/de\/\",\"logo\":{\"@type\":\"ImageObject\",\"inLanguage\":\"de-DE\",\"@id\":\"https:\/\/www.miomiorun.com\/de\/#\/schema\/logo\/image\/\",\"url\":\"https:\/\/www.miomiorun.com\/app\/uploads\/2019\/12\/logomio.png\",\"contentUrl\":\"https:\/\/www.miomiorun.com\/app\/uploads\/2019\/12\/logomio.png\",\"width\":115,\"height\":82,\"caption\":\"MioMio Run\"},\"image\":{\"@id\":\"https:\/\/www.miomiorun.com\/de\/#\/schema\/logo\/image\/\"},\"sameAs\":[\"https:\/\/www.facebook.com\/miomiorun\/\",\"https:\/\/www.instagram.com\/miomiorun\/\"]}]}<\/script>\n<!-- \/ Yoast SEO plugin. -->","yoast_head_json":{"title":"Montura Rise Pants herren - lange Sommerhosen - MioMioRun","description":"Leichte Herrenhose aus 4-Wege-Stretch-Nylon mit DWR-Behandlung und UPF-Schutz. Atmungsaktiv, bequem und ideal f\u00fcr Trekking, Laufen und Sommeraktivit\u00e4ten im Freien.","robots":{"index":"index","follow":"follow","max-snippet":"max-snippet:-1","max-image-preview":"max-image-preview:large","max-video-preview":"max-video-preview:-1"},"canonical":"https:\/\/www.miomiorun.com\/de\/produkt\/rise-pants-herren\/","og_locale":"de_DE","og_type":"article","og_title":"Montura Rise Pants herren - lange Sommerhosen - MioMioRun","og_description":"Leichte Herrenhose aus 4-Wege-Stretch-Nylon mit DWR-Behandlung und UPF-Schutz. Atmungsaktiv, bequem und ideal f\u00fcr Trekking, Laufen und Sommeraktivit\u00e4ten im Freien.","og_url":"https:\/\/www.miomiorun.com\/de\/produkt\/rise-pants-herren\/","og_site_name":"MioMioRun","article_publisher":"https:\/\/www.facebook.com\/miomiorun\/","article_modified_time":"2025-10-30T15:20:58+00:00","og_image":[{"width":600,"height":600,"url":"https:\/\/www.miomiorun.com\/app\/uploads\/2025\/04\/montura-Rise-pants-black-MPLR81X.90.webp","type":"image\/webp"}],"twitter_card":"summary_large_image","twitter_misc":{"Est. reading time":"2 minutes"},"schema":{"@context":"https:\/\/schema.org","@graph":[{"@type":"WebPage","@id":"https:\/\/www.miomiorun.com\/de\/produkt\/rise-pants-herren\/","url":"https:\/\/www.miomiorun.com\/de\/produkt\/rise-pants-herren\/","name":"Montura Rise Pants herren - lange Sommerhosen - MioMioRun","isPartOf":{"@id":"https:\/\/www.miomiorun.com\/de\/#website"},"primaryImageOfPage":{"@id":"https:\/\/www.miomiorun.com\/de\/produkt\/rise-pants-herren\/#primaryimage"},"image":{"@id":"https:\/\/www.miomiorun.com\/de\/produkt\/rise-pants-herren\/#primaryimage"},"thumbnailUrl":"https:\/\/www.miomiorun.com\/app\/uploads\/2025\/04\/montura-Rise-pants-black-MPLR81X.90.webp","datePublished":"2025-04-08T07:44:13+00:00","dateModified":"2025-10-30T15:20:58+00:00","description":"Leichte Herrenhose aus 4-Wege-Stretch-Nylon mit DWR-Behandlung und UPF-Schutz. Atmungsaktiv, bequem und ideal f\u00fcr Trekking, Laufen und Sommeraktivit\u00e4ten im Freien.","breadcrumb":{"@id":"https:\/\/www.miomiorun.com\/de\/produkt\/rise-pants-herren\/#breadcrumb"},"inLanguage":"de-DE","potentialAction":[{"@type":"ReadAction","target":["https:\/\/www.miomiorun.com\/de\/produkt\/rise-pants-herren\/"]}]},{"@type":"ImageObject","inLanguage":"de-DE","@id":"https:\/\/www.miomiorun.com\/de\/produkt\/rise-pants-herren\/#primaryimage","url":"https:\/\/www.miomiorun.com\/app\/uploads\/2025\/04\/montura-Rise-pants-black-MPLR81X.90.webp","contentUrl":"https:\/\/www.miomiorun.com\/app\/uploads\/2025\/04\/montura-Rise-pants-black-MPLR81X.90.webp","width":600,"height":600,"caption":"montura Rise pants black MPLR81X.90"},{"@type":"BreadcrumbList","@id":"https:\/\/www.miomiorun.com\/de\/produkt\/rise-pants-herren\/#breadcrumb","itemListElement":[{"@type":"ListItem","position":1,"name":"Home","item":"https:\/\/www.miomiorun.com\/de\/"},{"@type":"ListItem","position":2,"name":"Shop","item":"https:\/\/www.miomiorun.com\/shop\/"},{"@type":"ListItem","position":3,"name":"Rise Pants herren"}]},{"@type":"WebSite","@id":"https:\/\/www.miomiorun.com\/de\/#website","url":"https:\/\/www.miomiorun.com\/de\/","name":"MioMioRun","description":"100% Lauf- und Trailshop","publisher":{"@id":"https:\/\/www.miomiorun.com\/de\/#organization"},"potentialAction":[{"@type":"SearchAction","target":{"@type":"EntryPoint","urlTemplate":"https:\/\/www.miomiorun.com\/de\/?s={search_term_string}"},"query-input":{"@type":"PropertyValueSpecification","valueRequired":true,"valueName":"search_term_string"}}],"inLanguage":"de-DE"},{"@type":"Organization","@id":"https:\/\/www.miomiorun.com\/de\/#organization","name":"MioMio Run","url":"https:\/\/www.miomiorun.com\/de\/","logo":{"@type":"ImageObject","inLanguage":"de-DE","@id":"https:\/\/www.miomiorun.com\/de\/#\/schema\/logo\/image\/","url":"https:\/\/www.miomiorun.com\/app\/uploads\/2019\/12\/logomio.png","contentUrl":"https:\/\/www.miomiorun.com\/app\/uploads\/2019\/12\/logomio.png","width":115,"height":82,"caption":"MioMio Run"},"image":{"@id":"https:\/\/www.miomiorun.com\/de\/#\/schema\/logo\/image\/"},"sameAs":["https:\/\/www.facebook.com\/miomiorun\/","https:\/\/www.instagram.com\/miomiorun\/"]}]}},"_links":{"self":[{"href":"https:\/\/www.miomiorun.com\/de\/wp-json\/wp\/v2\/product\/272687","targetHints":{"allow":["GET"]}}],"collection":[{"href":"https:\/\/www.miomiorun.com\/de\/wp-json\/wp\/v2\/product"}],"about":[{"href":"https:\/\/www.miomiorun.com\/de\/wp-json\/wp\/v2\/types\/product"}],"wp:featuredmedia":[{"embeddable":true,"href":"https:\/\/www.miomiorun.com\/de\/wp-json\/wp\/v2\/media\/273210"}],"wp:attachment":[{"href":"https:\/\/www.miomiorun.com\/de\/wp-json\/wp\/v2\/media?parent=272687"}],"wp:term":[{"taxonomy":"product_brand","embeddable":true,"href":"https:\/\/www.miomiorun.com\/de\/wp-json\/wp\/v2\/product_brand?post=272687"},{"taxonomy":"product_cat","embeddable":true,"href":"https:\/\/www.miomiorun.com\/de\/wp-json\/wp\/v2\/product_cat?post=272687"},{"taxonomy":"product_tag","embeddable":true,"href":"https:\/\/www.miomiorun.com\/de\/wp-json\/wp\/v2\/product_tag?post=272687"}],"curies":[{"name":"wp","href":"https:\/\/api.w.org\/{rel}","templated":true}]}}