{"id":272565,"date":"2025-04-07T18:49:46","date_gmt":"2025-04-07T16:49:46","guid":{"rendered":"https:\/\/miomiorun.com\/?post_type=product&#038;p=272565"},"modified":"2025-05-24T18:27:27","modified_gmt":"2025-05-24T16:27:27","slug":"run-dream-3-4-pants-damen","status":"publish","type":"product","link":"https:\/\/www.miomiorun.com\/de\/produkt\/run-dream-3-4-pants-damen\/","title":{"rendered":"Run Dream 3\/4 Pants damen"},"content":{"rendered":"<p class=\"\" data-end=\"297\" data-start=\"249\"><strong data-end=\"297\" data-start=\"249\">Komfort, Frische und Freiheit bei jedem Lauf.<\/strong><\/p>\n<p class=\"\" data-end=\"484\" data-start=\"299\">Die <strong data-end=\"376\" data-start=\"350\">Run Dream 3\/4 Leggings<\/strong> wurde f\u00fcr das Laufen und aerobe Aktivit\u00e4ten entwickelt und kombiniert Komfort und Leistung, um dich bei deinen Laufausfl\u00fcgen zu begleiten, auch an hei\u00dfen Tagen.<\/p>\n<p class=\"\" data-end=\"828\" data-start=\"486\">Die Leggings aus <strong data-end=\"524\" data-start=\"500\">Stretch-Jersey<\/strong> mit <strong data-end=\"551\" data-start=\"540\">Creora\u00ae-Technologie<\/strong> und <strong data-end=\"571\" data-start=\"554\">UV-Schutz<\/strong> bieten eine eng anliegende und stabile Passform, perfekt f\u00fcr das Laufen ohne Ablenkung. <strong data-end=\"696\" data-start=\"677\">Mesh-Eins\u00e4tze<\/strong> verbessern die Atmungsaktivit\u00e4t, w\u00e4hrend das hochdichte Gewebe die Schwei\u00dfverdunstung f\u00f6rdert, damit Sie immer trocken bleiben.<\/p>\n<p class=\"\" data-end=\"1026\" data-start=\"830\">Der <strong data-end=\"855\" data-start=\"833\">elastische Bund<\/strong> mit <strong data-end=\"882\" data-start=\"860\">verstellbarem Kordelzug<\/strong> sorgt f\u00fcr einen sicheren Sitz, w\u00e4hrend die <strong data-end=\"949\" data-start=\"923\">offenen Seitentaschen<\/strong> ideal sind, um Schl\u00fcssel, Gels oder andere Kleinigkeiten zu verstauen.<\/p>\n<h3 class=\"\" data-end=\"1067\" data-start=\"1033\">Wichtigste Merkmale:<\/h3>\n<ul data-end=\"1322\" data-start=\"1069\">\n<li class=\"\" data-end=\"1102\" data-start=\"1069\">\n<p class=\"\" data-end=\"1102\" data-start=\"1071\">Bequeme, eng anliegende Passform<\/p>\n<\/li>\n<li class=\"\" data-end=\"1151\" data-start=\"1103\">\n<p class=\"\" data-end=\"1151\" data-start=\"1105\">Stretch-Jersey-Stoff mit <strong data-end=\"1149\" data-start=\"1132\">UV-Schutz<\/strong><\/p>\n<\/li>\n<li class=\"\" data-end=\"1201\" data-start=\"1152\">\n<p class=\"\" data-end=\"1201\" data-start=\"1154\">Mesh-Eins\u00e4tze f\u00fcr bessere Bel\u00fcftung<\/p>\n<\/li>\n<li class=\"\" data-end=\"1251\" data-start=\"1202\">\n<p class=\"\" data-end=\"1251\" data-start=\"1204\">Elastischer Bund mit <strong data-end=\"1249\" data-start=\"1227\">verstellbarem Kordelzug<\/strong><\/p>\n<\/li>\n<li class=\"\" data-end=\"1308\" data-start=\"1252\">\n<p class=\"\" data-end=\"1308\" data-start=\"1254\"><strong data-end=\"1283\" data-start=\"1254\">Offene Taschen an der H\u00fcfte<\/strong> f\u00fcr das N\u00f6tigste<\/p>\n<\/li>\n<li class=\"\" data-end=\"1322\" data-start=\"1309\">\n<p class=\"\" data-end=\"1322\" data-start=\"1311\">Gewicht: 150 g<\/p>\n<\/li>\n<\/ul>\n<p>&nbsp;<\/p>\n<div class=\"attribute_container tw-pb-24 last-of-type:tw-pb-0\">\n<div class=\"content__image-wrapper tw-w-fit\">\n<div class=\"content__image tw-relative tw-w-[3.2rem]\"><img loading=\"lazy\" decoding=\"async\" class=\"tw-absolute tw-top-0 tw-left-0 tw-w-full tw-h-full\" src=\"https:\/\/www.montura.com\/cdn\/shop\/files\/020_TrailRunning_Black.svg?v=1709126484&amp;width=200\" srcset=\"\/\/www.montura.com\/cdn\/shop\/files\/020_TrailRunning_Black.svg?v=1709126484&amp;width=200 200w\" alt=\"\" width=\"90\" height=\"90\" \/><\/div>\n<\/div>\n<p class=\"tw-text-greyish-brown tw-text-wrap tw-text-xs tw-pt-[0.4rem]\">Kleidungsst\u00fcck f\u00fcr Trailrunning<\/p>\n<\/div>\n","protected":false},"excerpt":{"rendered":"<ul>\n<li>Outdoor-Aktivit\u00e4ten in der Zwischensaison<\/li>\n<li>Cardio- und Fitnesstraining<\/li>\n<\/ul>\n","protected":false},"featured_media":273118,"template":"","meta":{"_acf_changed":false,"inline_featured_image":false},"product_brand":[],"product_cat":[6400,6401,6487],"product_tag":[3379,6254],"class_list":{"0":"post-272565","1":"product","2":"type-product","3":"status-publish","4":"has-post-thumbnail","6":"product_cat-damen","7":"product_cat-damenbekleidung","8":"product_cat-damenhosen","9":"product_tag-montura-de","10":"product_tag-montura-damen-de","11":"pa_attivita-gehen","12":"pa_attivita-outdoor-de","13":"pa_colore-run-dream-3-4-pants-w-black-de","14":"pa_marca-montura-de","15":"pa_sesso-damen","16":"pa_size-medium-de","18":"first","19":"instock","20":"sale","21":"taxable","22":"shipping-taxable","23":"purchasable","24":"product-type-variable","25":"wvs-archive-product-wrapper"},"acf":[],"yoast_head":"<!-- This site is optimized with the Yoast SEO plugin v26.8 - https:\/\/yoast.com\/product\/yoast-seo-wordpress\/ -->\n<title>Montura Run Dream 3\/4 Pants damen - 3\/4 lange Hosen- MioMioRun<\/title>\n<meta name=\"description\" content=\"3\/4-lange Leggings f\u00fcr Frauen, ideal zum Laufen. Bequem, atmungsaktiv, mit Netzeins\u00e4tzen, UV-Schutz und Seitentaschen. Perfekt f\u00fcr Laufen und Fitness.\" \/>\n<meta name=\"robots\" content=\"index, follow, max-snippet:-1, max-image-preview:large, max-video-preview:-1\" \/>\n<link rel=\"canonical\" href=\"https:\/\/www.miomiorun.com\/de\/produkt\/run-dream-3-4-pants-damen\/\" \/>\n<meta property=\"og:locale\" content=\"de_DE\" \/>\n<meta property=\"og:type\" content=\"article\" \/>\n<meta property=\"og:title\" content=\"Montura Run Dream 3\/4 Pants damen - 3\/4 lange Hosen- MioMioRun\" \/>\n<meta property=\"og:description\" content=\"3\/4-lange Leggings f\u00fcr Frauen, ideal zum Laufen. Bequem, atmungsaktiv, mit Netzeins\u00e4tzen, UV-Schutz und Seitentaschen. Perfekt f\u00fcr Laufen und Fitness.\" \/>\n<meta property=\"og:url\" content=\"https:\/\/www.miomiorun.com\/de\/produkt\/run-dream-3-4-pants-damen\/\" \/>\n<meta property=\"og:site_name\" content=\"MioMioRun\" \/>\n<meta property=\"article:publisher\" content=\"https:\/\/www.facebook.com\/miomiorun\/\" \/>\n<meta property=\"article:modified_time\" content=\"2025-05-24T16:27:27+00:00\" \/>\n<meta property=\"og:image\" content=\"https:\/\/www.miomiorun.com\/app\/uploads\/2025\/04\/montura-Run-dream-3-4-pants-W-black-MPTR03W.90.webp\" \/>\n\t<meta property=\"og:image:width\" content=\"600\" \/>\n\t<meta property=\"og:image:height\" content=\"600\" \/>\n\t<meta property=\"og:image:type\" content=\"image\/webp\" \/>\n<meta name=\"twitter:card\" content=\"summary_large_image\" \/>\n<meta name=\"twitter:label1\" content=\"Est. reading time\" \/>\n\t<meta name=\"twitter:data1\" content=\"2 minutes\" \/>\n<script type=\"application\/ld+json\" class=\"yoast-schema-graph\">{\"@context\":\"https:\/\/schema.org\",\"@graph\":[{\"@type\":\"WebPage\",\"@id\":\"https:\/\/www.miomiorun.com\/de\/produkt\/run-dream-3-4-pants-damen\/\",\"url\":\"https:\/\/www.miomiorun.com\/de\/produkt\/run-dream-3-4-pants-damen\/\",\"name\":\"Montura Run Dream 3\/4 Pants damen - 3\/4 lange Hosen- MioMioRun\",\"isPartOf\":{\"@id\":\"https:\/\/www.miomiorun.com\/de\/#website\"},\"primaryImageOfPage\":{\"@id\":\"https:\/\/www.miomiorun.com\/de\/produkt\/run-dream-3-4-pants-damen\/#primaryimage\"},\"image\":{\"@id\":\"https:\/\/www.miomiorun.com\/de\/produkt\/run-dream-3-4-pants-damen\/#primaryimage\"},\"thumbnailUrl\":\"https:\/\/www.miomiorun.com\/app\/uploads\/2025\/04\/montura-Run-dream-3-4-pants-W-black-MPTR03W.90.webp\",\"datePublished\":\"2025-04-07T16:49:46+00:00\",\"dateModified\":\"2025-05-24T16:27:27+00:00\",\"description\":\"3\/4-lange Leggings f\u00fcr Frauen, ideal zum Laufen. Bequem, atmungsaktiv, mit Netzeins\u00e4tzen, UV-Schutz und Seitentaschen. Perfekt f\u00fcr Laufen und Fitness.\",\"breadcrumb\":{\"@id\":\"https:\/\/www.miomiorun.com\/de\/produkt\/run-dream-3-4-pants-damen\/#breadcrumb\"},\"inLanguage\":\"de-DE\",\"potentialAction\":[{\"@type\":\"ReadAction\",\"target\":[\"https:\/\/www.miomiorun.com\/de\/produkt\/run-dream-3-4-pants-damen\/\"]}]},{\"@type\":\"ImageObject\",\"inLanguage\":\"de-DE\",\"@id\":\"https:\/\/www.miomiorun.com\/de\/produkt\/run-dream-3-4-pants-damen\/#primaryimage\",\"url\":\"https:\/\/www.miomiorun.com\/app\/uploads\/2025\/04\/montura-Run-dream-3-4-pants-W-black-MPTR03W.90.webp\",\"contentUrl\":\"https:\/\/www.miomiorun.com\/app\/uploads\/2025\/04\/montura-Run-dream-3-4-pants-W-black-MPTR03W.90.webp\",\"width\":600,\"height\":600,\"caption\":\"montura Run dream 3 4 pants W black MPTR03W.90\"},{\"@type\":\"BreadcrumbList\",\"@id\":\"https:\/\/www.miomiorun.com\/de\/produkt\/run-dream-3-4-pants-damen\/#breadcrumb\",\"itemListElement\":[{\"@type\":\"ListItem\",\"position\":1,\"name\":\"Home\",\"item\":\"https:\/\/www.miomiorun.com\/de\/\"},{\"@type\":\"ListItem\",\"position\":2,\"name\":\"Shop\",\"item\":\"https:\/\/www.miomiorun.com\/shop\/\"},{\"@type\":\"ListItem\",\"position\":3,\"name\":\"Run Dream 3\/4 Pants damen\"}]},{\"@type\":\"WebSite\",\"@id\":\"https:\/\/www.miomiorun.com\/de\/#website\",\"url\":\"https:\/\/www.miomiorun.com\/de\/\",\"name\":\"MioMioRun\",\"description\":\"100% Lauf- und Trailshop\",\"publisher\":{\"@id\":\"https:\/\/www.miomiorun.com\/de\/#organization\"},\"potentialAction\":[{\"@type\":\"SearchAction\",\"target\":{\"@type\":\"EntryPoint\",\"urlTemplate\":\"https:\/\/www.miomiorun.com\/de\/?s={search_term_string}\"},\"query-input\":{\"@type\":\"PropertyValueSpecification\",\"valueRequired\":true,\"valueName\":\"search_term_string\"}}],\"inLanguage\":\"de-DE\"},{\"@type\":\"Organization\",\"@id\":\"https:\/\/www.miomiorun.com\/de\/#organization\",\"name\":\"MioMio Run\",\"url\":\"https:\/\/www.miomiorun.com\/de\/\",\"logo\":{\"@type\":\"ImageObject\",\"inLanguage\":\"de-DE\",\"@id\":\"https:\/\/www.miomiorun.com\/de\/#\/schema\/logo\/image\/\",\"url\":\"https:\/\/www.miomiorun.com\/app\/uploads\/2019\/12\/logomio.png\",\"contentUrl\":\"https:\/\/www.miomiorun.com\/app\/uploads\/2019\/12\/logomio.png\",\"width\":115,\"height\":82,\"caption\":\"MioMio Run\"},\"image\":{\"@id\":\"https:\/\/www.miomiorun.com\/de\/#\/schema\/logo\/image\/\"},\"sameAs\":[\"https:\/\/www.facebook.com\/miomiorun\/\",\"https:\/\/www.instagram.com\/miomiorun\/\"]}]}<\/script>\n<!-- \/ Yoast SEO plugin. -->","yoast_head_json":{"title":"Montura Run Dream 3\/4 Pants damen - 3\/4 lange Hosen- MioMioRun","description":"3\/4-lange Leggings f\u00fcr Frauen, ideal zum Laufen. Bequem, atmungsaktiv, mit Netzeins\u00e4tzen, UV-Schutz und Seitentaschen. Perfekt f\u00fcr Laufen und Fitness.","robots":{"index":"index","follow":"follow","max-snippet":"max-snippet:-1","max-image-preview":"max-image-preview:large","max-video-preview":"max-video-preview:-1"},"canonical":"https:\/\/www.miomiorun.com\/de\/produkt\/run-dream-3-4-pants-damen\/","og_locale":"de_DE","og_type":"article","og_title":"Montura Run Dream 3\/4 Pants damen - 3\/4 lange Hosen- MioMioRun","og_description":"3\/4-lange Leggings f\u00fcr Frauen, ideal zum Laufen. Bequem, atmungsaktiv, mit Netzeins\u00e4tzen, UV-Schutz und Seitentaschen. Perfekt f\u00fcr Laufen und Fitness.","og_url":"https:\/\/www.miomiorun.com\/de\/produkt\/run-dream-3-4-pants-damen\/","og_site_name":"MioMioRun","article_publisher":"https:\/\/www.facebook.com\/miomiorun\/","article_modified_time":"2025-05-24T16:27:27+00:00","og_image":[{"width":600,"height":600,"url":"https:\/\/www.miomiorun.com\/app\/uploads\/2025\/04\/montura-Run-dream-3-4-pants-W-black-MPTR03W.90.webp","type":"image\/webp"}],"twitter_card":"summary_large_image","twitter_misc":{"Est. reading time":"2 minutes"},"schema":{"@context":"https:\/\/schema.org","@graph":[{"@type":"WebPage","@id":"https:\/\/www.miomiorun.com\/de\/produkt\/run-dream-3-4-pants-damen\/","url":"https:\/\/www.miomiorun.com\/de\/produkt\/run-dream-3-4-pants-damen\/","name":"Montura Run Dream 3\/4 Pants damen - 3\/4 lange Hosen- MioMioRun","isPartOf":{"@id":"https:\/\/www.miomiorun.com\/de\/#website"},"primaryImageOfPage":{"@id":"https:\/\/www.miomiorun.com\/de\/produkt\/run-dream-3-4-pants-damen\/#primaryimage"},"image":{"@id":"https:\/\/www.miomiorun.com\/de\/produkt\/run-dream-3-4-pants-damen\/#primaryimage"},"thumbnailUrl":"https:\/\/www.miomiorun.com\/app\/uploads\/2025\/04\/montura-Run-dream-3-4-pants-W-black-MPTR03W.90.webp","datePublished":"2025-04-07T16:49:46+00:00","dateModified":"2025-05-24T16:27:27+00:00","description":"3\/4-lange Leggings f\u00fcr Frauen, ideal zum Laufen. Bequem, atmungsaktiv, mit Netzeins\u00e4tzen, UV-Schutz und Seitentaschen. Perfekt f\u00fcr Laufen und Fitness.","breadcrumb":{"@id":"https:\/\/www.miomiorun.com\/de\/produkt\/run-dream-3-4-pants-damen\/#breadcrumb"},"inLanguage":"de-DE","potentialAction":[{"@type":"ReadAction","target":["https:\/\/www.miomiorun.com\/de\/produkt\/run-dream-3-4-pants-damen\/"]}]},{"@type":"ImageObject","inLanguage":"de-DE","@id":"https:\/\/www.miomiorun.com\/de\/produkt\/run-dream-3-4-pants-damen\/#primaryimage","url":"https:\/\/www.miomiorun.com\/app\/uploads\/2025\/04\/montura-Run-dream-3-4-pants-W-black-MPTR03W.90.webp","contentUrl":"https:\/\/www.miomiorun.com\/app\/uploads\/2025\/04\/montura-Run-dream-3-4-pants-W-black-MPTR03W.90.webp","width":600,"height":600,"caption":"montura Run dream 3 4 pants W black MPTR03W.90"},{"@type":"BreadcrumbList","@id":"https:\/\/www.miomiorun.com\/de\/produkt\/run-dream-3-4-pants-damen\/#breadcrumb","itemListElement":[{"@type":"ListItem","position":1,"name":"Home","item":"https:\/\/www.miomiorun.com\/de\/"},{"@type":"ListItem","position":2,"name":"Shop","item":"https:\/\/www.miomiorun.com\/shop\/"},{"@type":"ListItem","position":3,"name":"Run Dream 3\/4 Pants damen"}]},{"@type":"WebSite","@id":"https:\/\/www.miomiorun.com\/de\/#website","url":"https:\/\/www.miomiorun.com\/de\/","name":"MioMioRun","description":"100% Lauf- und Trailshop","publisher":{"@id":"https:\/\/www.miomiorun.com\/de\/#organization"},"potentialAction":[{"@type":"SearchAction","target":{"@type":"EntryPoint","urlTemplate":"https:\/\/www.miomiorun.com\/de\/?s={search_term_string}"},"query-input":{"@type":"PropertyValueSpecification","valueRequired":true,"valueName":"search_term_string"}}],"inLanguage":"de-DE"},{"@type":"Organization","@id":"https:\/\/www.miomiorun.com\/de\/#organization","name":"MioMio Run","url":"https:\/\/www.miomiorun.com\/de\/","logo":{"@type":"ImageObject","inLanguage":"de-DE","@id":"https:\/\/www.miomiorun.com\/de\/#\/schema\/logo\/image\/","url":"https:\/\/www.miomiorun.com\/app\/uploads\/2019\/12\/logomio.png","contentUrl":"https:\/\/www.miomiorun.com\/app\/uploads\/2019\/12\/logomio.png","width":115,"height":82,"caption":"MioMio Run"},"image":{"@id":"https:\/\/www.miomiorun.com\/de\/#\/schema\/logo\/image\/"},"sameAs":["https:\/\/www.facebook.com\/miomiorun\/","https:\/\/www.instagram.com\/miomiorun\/"]}]}},"_links":{"self":[{"href":"https:\/\/www.miomiorun.com\/de\/wp-json\/wp\/v2\/product\/272565","targetHints":{"allow":["GET"]}}],"collection":[{"href":"https:\/\/www.miomiorun.com\/de\/wp-json\/wp\/v2\/product"}],"about":[{"href":"https:\/\/www.miomiorun.com\/de\/wp-json\/wp\/v2\/types\/product"}],"wp:featuredmedia":[{"embeddable":true,"href":"https:\/\/www.miomiorun.com\/de\/wp-json\/wp\/v2\/media\/273118"}],"wp:attachment":[{"href":"https:\/\/www.miomiorun.com\/de\/wp-json\/wp\/v2\/media?parent=272565"}],"wp:term":[{"taxonomy":"product_brand","embeddable":true,"href":"https:\/\/www.miomiorun.com\/de\/wp-json\/wp\/v2\/product_brand?post=272565"},{"taxonomy":"product_cat","embeddable":true,"href":"https:\/\/www.miomiorun.com\/de\/wp-json\/wp\/v2\/product_cat?post=272565"},{"taxonomy":"product_tag","embeddable":true,"href":"https:\/\/www.miomiorun.com\/de\/wp-json\/wp\/v2\/product_tag?post=272565"}],"curies":[{"name":"wp","href":"https:\/\/api.w.org\/{rel}","templated":true}]}}