{"id":272541,"date":"2025-04-07T18:30:39","date_gmt":"2025-04-07T16:30:39","guid":{"rendered":"https:\/\/miomiorun.com\/?post_type=product&#038;p=272541"},"modified":"2025-05-24T18:28:53","modified_gmt":"2025-05-24T16:28:53","slug":"seed-hooded-jacket-herren","status":"publish","type":"product","link":"https:\/\/www.miomiorun.com\/de\/produkt\/seed-hooded-jacket-herren\/","title":{"rendered":"Seed Hooded Jacket herren"},"content":{"rendered":"<p class=\"\" data-end=\"295\" data-start=\"258\"><strong data-end=\"295\" data-start=\"258\">Winddicht. Warm. Bereit f\u00fcr alles.<\/strong><\/p>\n<p class=\"\" data-end=\"499\" data-start=\"297\">Stellen Sie sich den Unw\u00e4gbarkeiten der Berge mit der <strong data-end=\"369\" data-start=\"346\">Seed Jacke f\u00fcr M\u00e4nner<\/strong>, die Schutz, Atmungsaktivit\u00e4t und Bewegungsfreiheit beim Trekking, Klettern und intensiven Outdoor-Aktivit\u00e4ten bietet.<\/p>\n<p class=\"\" data-end=\"864\" data-start=\"501\">Dieser technische Windbreaker kombiniert ein <strong data-end=\"586\" data-start=\"541\">doppelt gewebtes Polyester-Hybridgewebe<\/strong> mit <strong data-end=\"623\" data-start=\"602\">Stretch-Softshell-Eins\u00e4tzen<\/strong> und <strong data-end=\"665\" data-start=\"638\">DWR-Nylon-Details<\/strong> f\u00fcr die perfekte Kombination aus W\u00e4rme, Strapazierf\u00e4higkeit und Komfort. Die <strong data-end=\"764\" data-start=\"733\">interne Gitterstruktur<\/strong> f\u00f6rdert die Schwei\u00dfverdunstung und h\u00e4lt den K\u00f6rper auch bei Belastung auf der richtigen Temperatur.<\/p>\n<p class=\"\" data-end=\"1104\" data-start=\"866\">Die <strong data-end=\"891\" data-start=\"869\">angeschnittene Kapuze<\/strong>, die <strong data-end=\"920\" data-start=\"895\">elastischen \u00c4rmelb\u00fcndchen<\/strong> und der<strong data-end=\"944\" data-start=\"925\">verstellbare Saum<\/strong> bieten umfassenden Schutz vor Wind und K\u00e4lte. In zwei <strong data-end=\"1025\" data-start=\"1001\">gro\u00dfen Rei\u00dfverschlusstaschen<\/strong> und einer Innentasche k\u00f6nnen Sie Ihre wichtigsten Utensilien sicher verstauen.<\/p>\n<h3 class=\"\" data-end=\"1145\" data-start=\"1111\">Wichtigste Eigenschaften:<\/h3>\n<ul data-end=\"1521\" data-start=\"1147\">\n<li class=\"\" data-end=\"1229\" data-start=\"1147\">\n<p class=\"\" data-end=\"1229\" data-start=\"1149\"><strong data-end=\"1193\" data-start=\"1149\">Technisches Doppelgewebe + Softshell-Gewebe<\/strong> f\u00fcr Windschutz und W\u00e4rme<\/p>\n<\/li>\n<li class=\"\" data-end=\"1303\" data-start=\"1230\">\n<p class=\"\" data-end=\"1303\" data-start=\"1232\"><strong data-end=\"1271\" data-start=\"1232\">DWR-Stretch-Nylon-Details<\/strong>: maximale Bewegungsfreiheit<\/p>\n<\/li>\n<li class=\"\" data-end=\"1374\" data-start=\"1304\">\n<p class=\"\" data-end=\"1374\" data-start=\"1306\"><strong data-end=\"1335\" data-start=\"1306\">Mesh-Innenfutter<\/strong>: atmungsaktiv und schnell trocknend<\/p>\n<\/li>\n<li class=\"\" data-end=\"1452\" data-start=\"1375\">\n<p class=\"\" data-end=\"1452\" data-start=\"1377\"><strong data-end=\"1427\" data-start=\"1377\">Eng anliegende Kapuze, verstellbare \u00c4rmelb\u00fcndchen und Saum<\/strong> f\u00fcr W\u00e4rmeisolierung<\/p>\n<\/li>\n<li class=\"\" data-end=\"1503\" data-start=\"1453\">\n<p class=\"\" data-end=\"1503\" data-start=\"1455\"><strong data-end=\"1501\" data-start=\"1455\">Eingrifftaschen mit Rei\u00dfverschluss + offene Innentasche<\/strong><\/p>\n<\/li>\n<li class=\"\" data-end=\"1521\" data-start=\"1504\">\n<p class=\"\" data-end=\"1521\" data-start=\"1506\"><strong data-end=\"1521\" data-start=\"1506\">Gewicht: 380 g<\/strong><\/p>\n<\/li>\n<\/ul>\n","protected":false},"excerpt":{"rendered":"<ul>\n<li>Multisport-Einsatz in der Zwischensaison<\/li>\n<li>Ideal zum Wandern und f\u00fcr Outdoor-Aktivit\u00e4ten bei wechselnden Bedingungen<\/li>\n<\/ul>\n","protected":false},"featured_media":272891,"template":"","meta":{"_acf_changed":false,"inline_featured_image":false},"product_brand":[],"product_cat":[6540,6512],"product_tag":[3379,6270],"class_list":{"0":"post-272541","1":"product","2":"type-product","3":"status-publish","4":"has-post-thumbnail","6":"product_cat-herrenbekleidung","7":"product_cat-jacken","8":"product_tag-montura-de","9":"product_tag-montura-herren-de","10":"pa_attivita-gehen","11":"pa_attivita-outdoor-de","12":"pa_colore-seed-hooded-jacket-b-blue-graphite-blue-de","13":"pa_marca-montura-de","14":"pa_sesso-herren","15":"pa_size-extra-large-de","17":"first","18":"instock","19":"sale","20":"taxable","21":"shipping-taxable","22":"purchasable","23":"product-type-variable","24":"wvs-archive-product-wrapper"},"acf":[],"yoast_head":"<!-- This site is optimized with the Yoast SEO plugin v26.8 - https:\/\/yoast.com\/product\/yoast-seo-wordpress\/ -->\n<title>Montura Seed Hooded Jacket herren - Herrenjacke- MioMioRun<\/title>\n<meta name=\"description\" content=\"Winddichte und wasserabweisende Outdoor-Jacke f\u00fcr Herren. Warm, atmungsaktiv und strapazierf\u00e4hig, perfekt f\u00fcr Trekking, Klettern und Bergabenteuer.\" \/>\n<meta name=\"robots\" content=\"index, follow, max-snippet:-1, max-image-preview:large, max-video-preview:-1\" \/>\n<link rel=\"canonical\" href=\"https:\/\/www.miomiorun.com\/de\/produkt\/seed-hooded-jacket-herren\/\" \/>\n<meta property=\"og:locale\" content=\"de_DE\" \/>\n<meta property=\"og:type\" content=\"article\" \/>\n<meta property=\"og:title\" content=\"Montura Seed Hooded Jacket herren - Herrenjacke- MioMioRun\" \/>\n<meta property=\"og:description\" content=\"Winddichte und wasserabweisende Outdoor-Jacke f\u00fcr Herren. Warm, atmungsaktiv und strapazierf\u00e4hig, perfekt f\u00fcr Trekking, Klettern und Bergabenteuer.\" \/>\n<meta property=\"og:url\" content=\"https:\/\/www.miomiorun.com\/de\/produkt\/seed-hooded-jacket-herren\/\" \/>\n<meta property=\"og:site_name\" content=\"MioMioRun\" \/>\n<meta property=\"article:publisher\" content=\"https:\/\/www.facebook.com\/miomiorun\/\" \/>\n<meta property=\"article:modified_time\" content=\"2025-05-24T16:28:53+00:00\" \/>\n<meta property=\"og:image\" content=\"https:\/\/www.miomiorun.com\/app\/uploads\/2025\/04\/montura-Seed-hooded-jacket-verde-salvia-sunny-li-MJAW23X.49202.webp\" \/>\n\t<meta property=\"og:image:width\" content=\"600\" \/>\n\t<meta property=\"og:image:height\" content=\"600\" \/>\n\t<meta property=\"og:image:type\" content=\"image\/webp\" \/>\n<meta name=\"twitter:card\" content=\"summary_large_image\" \/>\n<meta name=\"twitter:label1\" content=\"Est. reading time\" \/>\n\t<meta name=\"twitter:data1\" content=\"2 minutes\" \/>\n<script type=\"application\/ld+json\" class=\"yoast-schema-graph\">{\"@context\":\"https:\/\/schema.org\",\"@graph\":[{\"@type\":\"WebPage\",\"@id\":\"https:\/\/www.miomiorun.com\/de\/produkt\/seed-hooded-jacket-herren\/\",\"url\":\"https:\/\/www.miomiorun.com\/de\/produkt\/seed-hooded-jacket-herren\/\",\"name\":\"Montura Seed Hooded Jacket herren - Herrenjacke- MioMioRun\",\"isPartOf\":{\"@id\":\"https:\/\/www.miomiorun.com\/de\/#website\"},\"primaryImageOfPage\":{\"@id\":\"https:\/\/www.miomiorun.com\/de\/produkt\/seed-hooded-jacket-herren\/#primaryimage\"},\"image\":{\"@id\":\"https:\/\/www.miomiorun.com\/de\/produkt\/seed-hooded-jacket-herren\/#primaryimage\"},\"thumbnailUrl\":\"https:\/\/www.miomiorun.com\/app\/uploads\/2025\/04\/montura-Seed-hooded-jacket-verde-salvia-sunny-li-MJAW23X.49202.webp\",\"datePublished\":\"2025-04-07T16:30:39+00:00\",\"dateModified\":\"2025-05-24T16:28:53+00:00\",\"description\":\"Winddichte und wasserabweisende Outdoor-Jacke f\u00fcr Herren. Warm, atmungsaktiv und strapazierf\u00e4hig, perfekt f\u00fcr Trekking, Klettern und Bergabenteuer.\",\"breadcrumb\":{\"@id\":\"https:\/\/www.miomiorun.com\/de\/produkt\/seed-hooded-jacket-herren\/#breadcrumb\"},\"inLanguage\":\"de-DE\",\"potentialAction\":[{\"@type\":\"ReadAction\",\"target\":[\"https:\/\/www.miomiorun.com\/de\/produkt\/seed-hooded-jacket-herren\/\"]}]},{\"@type\":\"ImageObject\",\"inLanguage\":\"de-DE\",\"@id\":\"https:\/\/www.miomiorun.com\/de\/produkt\/seed-hooded-jacket-herren\/#primaryimage\",\"url\":\"https:\/\/www.miomiorun.com\/app\/uploads\/2025\/04\/montura-Seed-hooded-jacket-verde-salvia-sunny-li-MJAW23X.49202.webp\",\"contentUrl\":\"https:\/\/www.miomiorun.com\/app\/uploads\/2025\/04\/montura-Seed-hooded-jacket-verde-salvia-sunny-li-MJAW23X.49202.webp\",\"width\":600,\"height\":600,\"caption\":\"montura Seed hooded jacket verde salvia sunny li MJAW23X.49202\"},{\"@type\":\"BreadcrumbList\",\"@id\":\"https:\/\/www.miomiorun.com\/de\/produkt\/seed-hooded-jacket-herren\/#breadcrumb\",\"itemListElement\":[{\"@type\":\"ListItem\",\"position\":1,\"name\":\"Home\",\"item\":\"https:\/\/www.miomiorun.com\/de\/\"},{\"@type\":\"ListItem\",\"position\":2,\"name\":\"Shop\",\"item\":\"https:\/\/www.miomiorun.com\/shop\/\"},{\"@type\":\"ListItem\",\"position\":3,\"name\":\"Seed Hooded Jacket herren\"}]},{\"@type\":\"WebSite\",\"@id\":\"https:\/\/www.miomiorun.com\/de\/#website\",\"url\":\"https:\/\/www.miomiorun.com\/de\/\",\"name\":\"MioMioRun\",\"description\":\"100% Lauf- und Trailshop\",\"publisher\":{\"@id\":\"https:\/\/www.miomiorun.com\/de\/#organization\"},\"potentialAction\":[{\"@type\":\"SearchAction\",\"target\":{\"@type\":\"EntryPoint\",\"urlTemplate\":\"https:\/\/www.miomiorun.com\/de\/?s={search_term_string}\"},\"query-input\":{\"@type\":\"PropertyValueSpecification\",\"valueRequired\":true,\"valueName\":\"search_term_string\"}}],\"inLanguage\":\"de-DE\"},{\"@type\":\"Organization\",\"@id\":\"https:\/\/www.miomiorun.com\/de\/#organization\",\"name\":\"MioMio Run\",\"url\":\"https:\/\/www.miomiorun.com\/de\/\",\"logo\":{\"@type\":\"ImageObject\",\"inLanguage\":\"de-DE\",\"@id\":\"https:\/\/www.miomiorun.com\/de\/#\/schema\/logo\/image\/\",\"url\":\"https:\/\/www.miomiorun.com\/app\/uploads\/2019\/12\/logomio.png\",\"contentUrl\":\"https:\/\/www.miomiorun.com\/app\/uploads\/2019\/12\/logomio.png\",\"width\":115,\"height\":82,\"caption\":\"MioMio Run\"},\"image\":{\"@id\":\"https:\/\/www.miomiorun.com\/de\/#\/schema\/logo\/image\/\"},\"sameAs\":[\"https:\/\/www.facebook.com\/miomiorun\/\",\"https:\/\/www.instagram.com\/miomiorun\/\"]}]}<\/script>\n<!-- \/ Yoast SEO plugin. -->","yoast_head_json":{"title":"Montura Seed Hooded Jacket herren - Herrenjacke- MioMioRun","description":"Winddichte und wasserabweisende Outdoor-Jacke f\u00fcr Herren. Warm, atmungsaktiv und strapazierf\u00e4hig, perfekt f\u00fcr Trekking, Klettern und Bergabenteuer.","robots":{"index":"index","follow":"follow","max-snippet":"max-snippet:-1","max-image-preview":"max-image-preview:large","max-video-preview":"max-video-preview:-1"},"canonical":"https:\/\/www.miomiorun.com\/de\/produkt\/seed-hooded-jacket-herren\/","og_locale":"de_DE","og_type":"article","og_title":"Montura Seed Hooded Jacket herren - Herrenjacke- MioMioRun","og_description":"Winddichte und wasserabweisende Outdoor-Jacke f\u00fcr Herren. Warm, atmungsaktiv und strapazierf\u00e4hig, perfekt f\u00fcr Trekking, Klettern und Bergabenteuer.","og_url":"https:\/\/www.miomiorun.com\/de\/produkt\/seed-hooded-jacket-herren\/","og_site_name":"MioMioRun","article_publisher":"https:\/\/www.facebook.com\/miomiorun\/","article_modified_time":"2025-05-24T16:28:53+00:00","og_image":[{"width":600,"height":600,"url":"https:\/\/www.miomiorun.com\/app\/uploads\/2025\/04\/montura-Seed-hooded-jacket-verde-salvia-sunny-li-MJAW23X.49202.webp","type":"image\/webp"}],"twitter_card":"summary_large_image","twitter_misc":{"Est. reading time":"2 minutes"},"schema":{"@context":"https:\/\/schema.org","@graph":[{"@type":"WebPage","@id":"https:\/\/www.miomiorun.com\/de\/produkt\/seed-hooded-jacket-herren\/","url":"https:\/\/www.miomiorun.com\/de\/produkt\/seed-hooded-jacket-herren\/","name":"Montura Seed Hooded Jacket herren - Herrenjacke- MioMioRun","isPartOf":{"@id":"https:\/\/www.miomiorun.com\/de\/#website"},"primaryImageOfPage":{"@id":"https:\/\/www.miomiorun.com\/de\/produkt\/seed-hooded-jacket-herren\/#primaryimage"},"image":{"@id":"https:\/\/www.miomiorun.com\/de\/produkt\/seed-hooded-jacket-herren\/#primaryimage"},"thumbnailUrl":"https:\/\/www.miomiorun.com\/app\/uploads\/2025\/04\/montura-Seed-hooded-jacket-verde-salvia-sunny-li-MJAW23X.49202.webp","datePublished":"2025-04-07T16:30:39+00:00","dateModified":"2025-05-24T16:28:53+00:00","description":"Winddichte und wasserabweisende Outdoor-Jacke f\u00fcr Herren. Warm, atmungsaktiv und strapazierf\u00e4hig, perfekt f\u00fcr Trekking, Klettern und Bergabenteuer.","breadcrumb":{"@id":"https:\/\/www.miomiorun.com\/de\/produkt\/seed-hooded-jacket-herren\/#breadcrumb"},"inLanguage":"de-DE","potentialAction":[{"@type":"ReadAction","target":["https:\/\/www.miomiorun.com\/de\/produkt\/seed-hooded-jacket-herren\/"]}]},{"@type":"ImageObject","inLanguage":"de-DE","@id":"https:\/\/www.miomiorun.com\/de\/produkt\/seed-hooded-jacket-herren\/#primaryimage","url":"https:\/\/www.miomiorun.com\/app\/uploads\/2025\/04\/montura-Seed-hooded-jacket-verde-salvia-sunny-li-MJAW23X.49202.webp","contentUrl":"https:\/\/www.miomiorun.com\/app\/uploads\/2025\/04\/montura-Seed-hooded-jacket-verde-salvia-sunny-li-MJAW23X.49202.webp","width":600,"height":600,"caption":"montura Seed hooded jacket verde salvia sunny li MJAW23X.49202"},{"@type":"BreadcrumbList","@id":"https:\/\/www.miomiorun.com\/de\/produkt\/seed-hooded-jacket-herren\/#breadcrumb","itemListElement":[{"@type":"ListItem","position":1,"name":"Home","item":"https:\/\/www.miomiorun.com\/de\/"},{"@type":"ListItem","position":2,"name":"Shop","item":"https:\/\/www.miomiorun.com\/shop\/"},{"@type":"ListItem","position":3,"name":"Seed Hooded Jacket herren"}]},{"@type":"WebSite","@id":"https:\/\/www.miomiorun.com\/de\/#website","url":"https:\/\/www.miomiorun.com\/de\/","name":"MioMioRun","description":"100% Lauf- und Trailshop","publisher":{"@id":"https:\/\/www.miomiorun.com\/de\/#organization"},"potentialAction":[{"@type":"SearchAction","target":{"@type":"EntryPoint","urlTemplate":"https:\/\/www.miomiorun.com\/de\/?s={search_term_string}"},"query-input":{"@type":"PropertyValueSpecification","valueRequired":true,"valueName":"search_term_string"}}],"inLanguage":"de-DE"},{"@type":"Organization","@id":"https:\/\/www.miomiorun.com\/de\/#organization","name":"MioMio Run","url":"https:\/\/www.miomiorun.com\/de\/","logo":{"@type":"ImageObject","inLanguage":"de-DE","@id":"https:\/\/www.miomiorun.com\/de\/#\/schema\/logo\/image\/","url":"https:\/\/www.miomiorun.com\/app\/uploads\/2019\/12\/logomio.png","contentUrl":"https:\/\/www.miomiorun.com\/app\/uploads\/2019\/12\/logomio.png","width":115,"height":82,"caption":"MioMio Run"},"image":{"@id":"https:\/\/www.miomiorun.com\/de\/#\/schema\/logo\/image\/"},"sameAs":["https:\/\/www.facebook.com\/miomiorun\/","https:\/\/www.instagram.com\/miomiorun\/"]}]}},"_links":{"self":[{"href":"https:\/\/www.miomiorun.com\/de\/wp-json\/wp\/v2\/product\/272541","targetHints":{"allow":["GET"]}}],"collection":[{"href":"https:\/\/www.miomiorun.com\/de\/wp-json\/wp\/v2\/product"}],"about":[{"href":"https:\/\/www.miomiorun.com\/de\/wp-json\/wp\/v2\/types\/product"}],"wp:featuredmedia":[{"embeddable":true,"href":"https:\/\/www.miomiorun.com\/de\/wp-json\/wp\/v2\/media\/272891"}],"wp:attachment":[{"href":"https:\/\/www.miomiorun.com\/de\/wp-json\/wp\/v2\/media?parent=272541"}],"wp:term":[{"taxonomy":"product_brand","embeddable":true,"href":"https:\/\/www.miomiorun.com\/de\/wp-json\/wp\/v2\/product_brand?post=272541"},{"taxonomy":"product_cat","embeddable":true,"href":"https:\/\/www.miomiorun.com\/de\/wp-json\/wp\/v2\/product_cat?post=272541"},{"taxonomy":"product_tag","embeddable":true,"href":"https:\/\/www.miomiorun.com\/de\/wp-json\/wp\/v2\/product_tag?post=272541"}],"curies":[{"name":"wp","href":"https:\/\/api.w.org\/{rel}","templated":true}]}}