{"id":272102,"date":"2025-04-04T17:33:09","date_gmt":"2025-04-04T15:33:09","guid":{"rendered":"https:\/\/miomiorun.com\/?post_type=product&#038;p=272102"},"modified":"2025-10-30T16:17:26","modified_gmt":"2025-10-30T15:17:26","slug":"singlet-race-red-herren","status":"publish","type":"product","link":"https:\/\/www.miomiorun.com\/de\/produkt\/singlet-race-red-herren\/","title":{"rendered":"Singlet race red herren"},"content":{"rendered":"<p class=\"\" data-start=\"268\" data-end=\"349\"><strong data-start=\"268\" data-end=\"349\">Entwickelt f\u00fcr alle, die bis an ihre Grenzen gehen. Perfekt, wenn die Hitze keine Gnade kennt.<\/strong><\/p>\n<p class=\"\" data-start=\"351\" data-end=\"574\">Dieses Tanktop wurde f\u00fcr Sportler entwickelt, die hochintensives Lauftraining betreiben: <strong data-start=\"432\" data-end=\"476\">Wettk\u00e4mpfe, hartes Training, gl\u00fchend hei\u00dfe Tage<\/strong>. Es ist so leicht, dass du es kaum sp\u00fcrst, und so atmungsaktiv, dass du den Schwei\u00df vergisst.<\/p>\n<p class=\"\" data-start=\"576\" data-end=\"899\">Die wahre Revolution? Das <strong data-start=\"608\" data-end=\"623\">OPENMESH 3D<\/strong>-Gewebe, 100 % <strong data-start=\"630\" data-end=\"659\">recycelt und Made in Italy<\/strong>. Seine dreidimensionale Struktur sorgt f\u00fcr maximale Bel\u00fcftung und schnelles Trocknen, selbst in den intensivsten Momenten.<br data-start=\"780\" data-end=\"783\">Mit seinem Racing-Look in <strong data-start=\"805\" data-end=\"830\">roter Renngrafik<\/strong> hebt dieses Tanktop dein Sportoutfit auf ein neues Level.<\/p>\n<h3 class=\"\" data-start=\"906\" data-end=\"946\"><strong data-start=\"916\" data-end=\"946\">Hauptmerkmale<\/strong><\/h3>\n<ul data-start=\"948\" data-end=\"1310\">\n<li class=\"\" data-start=\"948\" data-end=\"992\">\n<p class=\"\" data-start=\"950\" data-end=\"992\"><strong data-start=\"950\" data-end=\"964\">Federleicht<\/strong>: nur <strong data-start=\"971\" data-end=\"979\">47 g<\/strong> (Gr\u00f6\u00dfe M)<\/p>\n<\/li>\n<li class=\"\" data-start=\"993\" data-end=\"1046\">\n<p class=\"\" data-start=\"995\" data-end=\"1046\"><strong data-start=\"995\" data-end=\"1023\">Sehr hohe Atmungsaktivit\u00e4t<\/strong> und schnelle Trocknung<\/p>\n<\/li>\n<li class=\"\" data-start=\"1047\" data-end=\"1102\">\n<p class=\"\" data-start=\"1049\" data-end=\"1102\"><strong data-start=\"1049\" data-end=\"1072\">Feuchtigkeitsableitendes OPENMESH 3D-Gewebe<\/strong>, 100 % recycelt<\/p>\n<\/li>\n<li class=\"\" data-start=\"1103\" data-end=\"1146\">\n<p class=\"\" data-start=\"1105\" data-end=\"1146\"><strong data-start=\"1105\" data-end=\"1144\">Extrem weich und bequem<\/strong><\/p>\n<\/li>\n<li class=\"\" data-start=\"1147\" data-end=\"1204\">\n<p class=\"\" data-start=\"1149\" data-end=\"1204\"><strong data-start=\"1149\" data-end=\"1170\">Ergonomischer Schnitt<\/strong> f\u00fcr absolute Bewegungsfreiheit<\/p>\n<\/li>\n<li class=\"\" data-start=\"1205\" data-end=\"1263\">\n<p class=\"\" data-start=\"1207\" data-end=\"1263\"><strong data-start=\"1207\" data-end=\"1232\">Rote Renn-Grafik<\/strong>, aggressiver und dynamischer Stil<\/p>\n<\/li>\n<\/ul>\n","protected":false},"excerpt":{"rendered":"<ul>\n<li>Hohe Atmungsaktivit\u00e4t<\/li>\n<li>Weich und bequem<\/li>\n<li>Ergonomischer Schnitt<\/li>\n<\/ul>\n","protected":false},"featured_media":308318,"template":"","meta":{"_acf_changed":false,"inline_featured_image":false},"product_brand":[],"product_cat":[6540,6513],"product_tag":[3399,6294],"class_list":{"0":"post-272102","1":"product","2":"type-product","3":"status-publish","4":"has-post-thumbnail","6":"product_cat-herrenbekleidung","7":"product_cat-tank-tops","8":"product_tag-wild-tee-de","9":"product_tag-wild-tee-herren-de","10":"pa_attivita-gehen","11":"pa_attivita-running-de","12":"pa_attivita-trail-de","13":"pa_marca-wild-tee-de","14":"pa_sesso-herren","15":"pa_size-small-de","16":"pa_size-medium-de","17":"pa_size-large-de","18":"pa_size-extra-large-de","20":"first","21":"instock","22":"sale","23":"taxable","24":"shipping-taxable","25":"purchasable","26":"product-type-variable","27":"wvs-archive-product-wrapper"},"acf":[],"yoast_head":"<!-- This site is optimized with the Yoast SEO plugin v26.8 - https:\/\/yoast.com\/product\/yoast-seo-wordpress\/ -->\n<title>Wild Tee Singlet race red herren - Lauf-Tanktop - MioMioRun<\/title>\n<meta name=\"description\" content=\"Wild Tee Herren-Wettkampf-Tanktop. Recyceltes OPENMESH 3D, 47 g, atmungsaktiv und bequem. Ideal f\u00fcr Running, Trail, Ultra und Sommertraining. Entdecken Sie es mit uns.\" \/>\n<meta name=\"robots\" content=\"index, follow, max-snippet:-1, max-image-preview:large, max-video-preview:-1\" \/>\n<link rel=\"canonical\" href=\"https:\/\/www.miomiorun.com\/de\/produkt\/singlet-race-red-herren\/\" \/>\n<meta property=\"og:locale\" content=\"de_DE\" \/>\n<meta property=\"og:type\" content=\"article\" \/>\n<meta property=\"og:title\" content=\"Wild Tee Singlet race red herren - Lauf-Tanktop - MioMioRun\" \/>\n<meta property=\"og:description\" content=\"Wild Tee Herren-Wettkampf-Tanktop. Recyceltes OPENMESH 3D, 47 g, atmungsaktiv und bequem. Ideal f\u00fcr Running, Trail, Ultra und Sommertraining. Entdecken Sie es mit uns.\" \/>\n<meta property=\"og:url\" content=\"https:\/\/www.miomiorun.com\/de\/produkt\/singlet-race-red-herren\/\" \/>\n<meta property=\"og:site_name\" content=\"MioMioRun\" \/>\n<meta property=\"article:publisher\" content=\"https:\/\/www.facebook.com\/miomiorun\/\" \/>\n<meta property=\"article:modified_time\" content=\"2025-10-30T15:17:26+00:00\" \/>\n<meta property=\"og:image\" content=\"https:\/\/www.miomiorun.com\/app\/uploads\/2025\/04\/wild-tee-Singlet-M-race-red-WT018WT172.webp\" \/>\n\t<meta property=\"og:image:width\" content=\"600\" \/>\n\t<meta property=\"og:image:height\" content=\"600\" \/>\n\t<meta property=\"og:image:type\" content=\"image\/webp\" \/>\n<meta name=\"twitter:card\" content=\"summary_large_image\" \/>\n<meta name=\"twitter:label1\" content=\"Est. reading time\" \/>\n\t<meta name=\"twitter:data1\" content=\"1 minute\" \/>\n<script type=\"application\/ld+json\" class=\"yoast-schema-graph\">{\"@context\":\"https:\/\/schema.org\",\"@graph\":[{\"@type\":\"WebPage\",\"@id\":\"https:\/\/www.miomiorun.com\/de\/produkt\/singlet-race-red-herren\/\",\"url\":\"https:\/\/www.miomiorun.com\/de\/produkt\/singlet-race-red-herren\/\",\"name\":\"Wild Tee Singlet race red herren - Lauf-Tanktop - MioMioRun\",\"isPartOf\":{\"@id\":\"https:\/\/www.miomiorun.com\/de\/#website\"},\"primaryImageOfPage\":{\"@id\":\"https:\/\/www.miomiorun.com\/de\/produkt\/singlet-race-red-herren\/#primaryimage\"},\"image\":{\"@id\":\"https:\/\/www.miomiorun.com\/de\/produkt\/singlet-race-red-herren\/#primaryimage\"},\"thumbnailUrl\":\"https:\/\/www.miomiorun.com\/app\/uploads\/2025\/04\/wild-tee-Singlet-M-race-red-WT018WT172.webp\",\"datePublished\":\"2025-04-04T15:33:09+00:00\",\"dateModified\":\"2025-10-30T15:17:26+00:00\",\"description\":\"Wild Tee Herren-Wettkampf-Tanktop. Recyceltes OPENMESH 3D, 47 g, atmungsaktiv und bequem. Ideal f\u00fcr Running, Trail, Ultra und Sommertraining. Entdecken Sie es mit uns.\",\"breadcrumb\":{\"@id\":\"https:\/\/www.miomiorun.com\/de\/produkt\/singlet-race-red-herren\/#breadcrumb\"},\"inLanguage\":\"de-DE\",\"potentialAction\":[{\"@type\":\"ReadAction\",\"target\":[\"https:\/\/www.miomiorun.com\/de\/produkt\/singlet-race-red-herren\/\"]}]},{\"@type\":\"ImageObject\",\"inLanguage\":\"de-DE\",\"@id\":\"https:\/\/www.miomiorun.com\/de\/produkt\/singlet-race-red-herren\/#primaryimage\",\"url\":\"https:\/\/www.miomiorun.com\/app\/uploads\/2025\/04\/wild-tee-Singlet-M-race-red-WT018WT172.webp\",\"contentUrl\":\"https:\/\/www.miomiorun.com\/app\/uploads\/2025\/04\/wild-tee-Singlet-M-race-red-WT018WT172.webp\",\"width\":600,\"height\":600,\"caption\":\"wild tee Singlet M race red WT018WT172\"},{\"@type\":\"BreadcrumbList\",\"@id\":\"https:\/\/www.miomiorun.com\/de\/produkt\/singlet-race-red-herren\/#breadcrumb\",\"itemListElement\":[{\"@type\":\"ListItem\",\"position\":1,\"name\":\"Home\",\"item\":\"https:\/\/www.miomiorun.com\/de\/\"},{\"@type\":\"ListItem\",\"position\":2,\"name\":\"Shop\",\"item\":\"https:\/\/www.miomiorun.com\/shop\/\"},{\"@type\":\"ListItem\",\"position\":3,\"name\":\"Singlet race red herren\"}]},{\"@type\":\"WebSite\",\"@id\":\"https:\/\/www.miomiorun.com\/de\/#website\",\"url\":\"https:\/\/www.miomiorun.com\/de\/\",\"name\":\"MioMioRun\",\"description\":\"100% Lauf- und Trailshop\",\"publisher\":{\"@id\":\"https:\/\/www.miomiorun.com\/de\/#organization\"},\"potentialAction\":[{\"@type\":\"SearchAction\",\"target\":{\"@type\":\"EntryPoint\",\"urlTemplate\":\"https:\/\/www.miomiorun.com\/de\/?s={search_term_string}\"},\"query-input\":{\"@type\":\"PropertyValueSpecification\",\"valueRequired\":true,\"valueName\":\"search_term_string\"}}],\"inLanguage\":\"de-DE\"},{\"@type\":\"Organization\",\"@id\":\"https:\/\/www.miomiorun.com\/de\/#organization\",\"name\":\"MioMio Run\",\"url\":\"https:\/\/www.miomiorun.com\/de\/\",\"logo\":{\"@type\":\"ImageObject\",\"inLanguage\":\"de-DE\",\"@id\":\"https:\/\/www.miomiorun.com\/de\/#\/schema\/logo\/image\/\",\"url\":\"https:\/\/www.miomiorun.com\/app\/uploads\/2019\/12\/logomio.png\",\"contentUrl\":\"https:\/\/www.miomiorun.com\/app\/uploads\/2019\/12\/logomio.png\",\"width\":115,\"height\":82,\"caption\":\"MioMio Run\"},\"image\":{\"@id\":\"https:\/\/www.miomiorun.com\/de\/#\/schema\/logo\/image\/\"},\"sameAs\":[\"https:\/\/www.facebook.com\/miomiorun\/\",\"https:\/\/www.instagram.com\/miomiorun\/\"]}]}<\/script>\n<!-- \/ Yoast SEO plugin. -->","yoast_head_json":{"title":"Wild Tee Singlet race red herren - Lauf-Tanktop - MioMioRun","description":"Wild Tee Herren-Wettkampf-Tanktop. Recyceltes OPENMESH 3D, 47 g, atmungsaktiv und bequem. Ideal f\u00fcr Running, Trail, Ultra und Sommertraining. Entdecken Sie es mit uns.","robots":{"index":"index","follow":"follow","max-snippet":"max-snippet:-1","max-image-preview":"max-image-preview:large","max-video-preview":"max-video-preview:-1"},"canonical":"https:\/\/www.miomiorun.com\/de\/produkt\/singlet-race-red-herren\/","og_locale":"de_DE","og_type":"article","og_title":"Wild Tee Singlet race red herren - Lauf-Tanktop - MioMioRun","og_description":"Wild Tee Herren-Wettkampf-Tanktop. Recyceltes OPENMESH 3D, 47 g, atmungsaktiv und bequem. Ideal f\u00fcr Running, Trail, Ultra und Sommertraining. Entdecken Sie es mit uns.","og_url":"https:\/\/www.miomiorun.com\/de\/produkt\/singlet-race-red-herren\/","og_site_name":"MioMioRun","article_publisher":"https:\/\/www.facebook.com\/miomiorun\/","article_modified_time":"2025-10-30T15:17:26+00:00","og_image":[{"width":600,"height":600,"url":"https:\/\/www.miomiorun.com\/app\/uploads\/2025\/04\/wild-tee-Singlet-M-race-red-WT018WT172.webp","type":"image\/webp"}],"twitter_card":"summary_large_image","twitter_misc":{"Est. reading time":"1 minute"},"schema":{"@context":"https:\/\/schema.org","@graph":[{"@type":"WebPage","@id":"https:\/\/www.miomiorun.com\/de\/produkt\/singlet-race-red-herren\/","url":"https:\/\/www.miomiorun.com\/de\/produkt\/singlet-race-red-herren\/","name":"Wild Tee Singlet race red herren - Lauf-Tanktop - MioMioRun","isPartOf":{"@id":"https:\/\/www.miomiorun.com\/de\/#website"},"primaryImageOfPage":{"@id":"https:\/\/www.miomiorun.com\/de\/produkt\/singlet-race-red-herren\/#primaryimage"},"image":{"@id":"https:\/\/www.miomiorun.com\/de\/produkt\/singlet-race-red-herren\/#primaryimage"},"thumbnailUrl":"https:\/\/www.miomiorun.com\/app\/uploads\/2025\/04\/wild-tee-Singlet-M-race-red-WT018WT172.webp","datePublished":"2025-04-04T15:33:09+00:00","dateModified":"2025-10-30T15:17:26+00:00","description":"Wild Tee Herren-Wettkampf-Tanktop. Recyceltes OPENMESH 3D, 47 g, atmungsaktiv und bequem. Ideal f\u00fcr Running, Trail, Ultra und Sommertraining. Entdecken Sie es mit uns.","breadcrumb":{"@id":"https:\/\/www.miomiorun.com\/de\/produkt\/singlet-race-red-herren\/#breadcrumb"},"inLanguage":"de-DE","potentialAction":[{"@type":"ReadAction","target":["https:\/\/www.miomiorun.com\/de\/produkt\/singlet-race-red-herren\/"]}]},{"@type":"ImageObject","inLanguage":"de-DE","@id":"https:\/\/www.miomiorun.com\/de\/produkt\/singlet-race-red-herren\/#primaryimage","url":"https:\/\/www.miomiorun.com\/app\/uploads\/2025\/04\/wild-tee-Singlet-M-race-red-WT018WT172.webp","contentUrl":"https:\/\/www.miomiorun.com\/app\/uploads\/2025\/04\/wild-tee-Singlet-M-race-red-WT018WT172.webp","width":600,"height":600,"caption":"wild tee Singlet M race red WT018WT172"},{"@type":"BreadcrumbList","@id":"https:\/\/www.miomiorun.com\/de\/produkt\/singlet-race-red-herren\/#breadcrumb","itemListElement":[{"@type":"ListItem","position":1,"name":"Home","item":"https:\/\/www.miomiorun.com\/de\/"},{"@type":"ListItem","position":2,"name":"Shop","item":"https:\/\/www.miomiorun.com\/shop\/"},{"@type":"ListItem","position":3,"name":"Singlet race red herren"}]},{"@type":"WebSite","@id":"https:\/\/www.miomiorun.com\/de\/#website","url":"https:\/\/www.miomiorun.com\/de\/","name":"MioMioRun","description":"100% Lauf- und Trailshop","publisher":{"@id":"https:\/\/www.miomiorun.com\/de\/#organization"},"potentialAction":[{"@type":"SearchAction","target":{"@type":"EntryPoint","urlTemplate":"https:\/\/www.miomiorun.com\/de\/?s={search_term_string}"},"query-input":{"@type":"PropertyValueSpecification","valueRequired":true,"valueName":"search_term_string"}}],"inLanguage":"de-DE"},{"@type":"Organization","@id":"https:\/\/www.miomiorun.com\/de\/#organization","name":"MioMio Run","url":"https:\/\/www.miomiorun.com\/de\/","logo":{"@type":"ImageObject","inLanguage":"de-DE","@id":"https:\/\/www.miomiorun.com\/de\/#\/schema\/logo\/image\/","url":"https:\/\/www.miomiorun.com\/app\/uploads\/2019\/12\/logomio.png","contentUrl":"https:\/\/www.miomiorun.com\/app\/uploads\/2019\/12\/logomio.png","width":115,"height":82,"caption":"MioMio Run"},"image":{"@id":"https:\/\/www.miomiorun.com\/de\/#\/schema\/logo\/image\/"},"sameAs":["https:\/\/www.facebook.com\/miomiorun\/","https:\/\/www.instagram.com\/miomiorun\/"]}]}},"_links":{"self":[{"href":"https:\/\/www.miomiorun.com\/de\/wp-json\/wp\/v2\/product\/272102","targetHints":{"allow":["GET"]}}],"collection":[{"href":"https:\/\/www.miomiorun.com\/de\/wp-json\/wp\/v2\/product"}],"about":[{"href":"https:\/\/www.miomiorun.com\/de\/wp-json\/wp\/v2\/types\/product"}],"wp:featuredmedia":[{"embeddable":true,"href":"https:\/\/www.miomiorun.com\/de\/wp-json\/wp\/v2\/media\/308318"}],"wp:attachment":[{"href":"https:\/\/www.miomiorun.com\/de\/wp-json\/wp\/v2\/media?parent=272102"}],"wp:term":[{"taxonomy":"product_brand","embeddable":true,"href":"https:\/\/www.miomiorun.com\/de\/wp-json\/wp\/v2\/product_brand?post=272102"},{"taxonomy":"product_cat","embeddable":true,"href":"https:\/\/www.miomiorun.com\/de\/wp-json\/wp\/v2\/product_cat?post=272102"},{"taxonomy":"product_tag","embeddable":true,"href":"https:\/\/www.miomiorun.com\/de\/wp-json\/wp\/v2\/product_tag?post=272102"}],"curies":[{"name":"wp","href":"https:\/\/api.w.org\/{rel}","templated":true}]}}