{"id":271727,"date":"2025-04-04T09:33:54","date_gmt":"2025-04-04T07:33:54","guid":{"rendered":"https:\/\/miomiorun.com\/?post_type=product&#038;p=271727"},"modified":"2025-10-30T10:42:48","modified_gmt":"2025-10-30T09:42:48","slug":"t-shirt-road-black-herren","status":"publish","type":"product","link":"https:\/\/www.miomiorun.com\/de\/produkt\/t-shirt-road-black-herren\/","title":{"rendered":"T-shirt road black herren"},"content":{"rendered":"<p class=\"\" data-start=\"287\" data-end=\"324\"><strong data-start=\"287\" data-end=\"324\">Unverzichtbar. Minimalistisch. Reflektierend.<\/strong><\/p>\n<p class=\"\" data-start=\"326\" data-end=\"685\">Das neue T-Shirt der <strong data-start=\"349\" data-end=\"368\">Road Collection<\/strong> ist f\u00fcr alle gedacht, die gerne stilvoll, sicher und leicht in der Stadt laufen.<br data-start=\"442\" data-end=\"445\">Ein unverzichtbares Kleidungsst\u00fcck mit minimalistischem Design und komplett in Schwarz, das perfekt zu jedem sportlichen oder l\u00e4ssigen Outfit passt. Das <strong data-start=\"568\" data-end=\"591\">reflektierende 3M-Logo<\/strong> auf Brust und R\u00fccken sorgt f\u00fcr bessere Sichtbarkeit beim Laufen am Abend oder in den fr\u00fchen Morgenstunden.<\/p>\n<p class=\"\" data-start=\"687\" data-end=\"910\">Mit einem Gewicht von nur <strong data-start=\"696\" data-end=\"717\">70 Gramm<\/strong> ist dieses Shirt wie eine zweite Haut: <strong data-start=\"754\" data-end=\"770\">ultraleicht<\/strong>, <strong data-start=\"772\" data-end=\"787\">atmungsaktiv<\/strong> und aus <strong data-start=\"806\" data-end=\"841\">recyceltem Stoff Made in Italy<\/strong> hergestellt. Es vereint Leistung und Nachhaltigkeit in einem urbanen und vielseitigen Design.<\/p>\n<h3 class=\"\" data-start=\"917\" data-end=\"951\">Hauptmerkmale:<\/h3>\n<ul data-start=\"953\" data-end=\"1327\">\n<li class=\"\" data-start=\"953\" data-end=\"1027\">\n<p class=\"\" data-start=\"955\" data-end=\"1027\"><strong data-start=\"955\" data-end=\"986\">Atmungsaktives Funktionsgewebe<\/strong>, ideal f\u00fcr den Einsatz in der Stadt und im Fitnessstudio<\/p>\n<\/li>\n<li class=\"\" data-start=\"1028\" data-end=\"1068\">\n<p class=\"\" data-start=\"1030\" data-end=\"1068\"><strong data-start=\"1030\" data-end=\"1051\">Ultraleichtes Gewicht<\/strong>: nur <strong data-start=\"1058\" data-end=\"1066\">70 g<\/strong><\/p>\n<\/li>\n<li class=\"\" data-start=\"1115\" data-end=\"1181\">\n<p class=\"\" data-start=\"1117\" data-end=\"1181\"><strong data-start=\"1117\" data-end=\"1145\">Minimalistischer und moderner Schnitt<\/strong>, auch au\u00dferhalb des Laufsports perfekt geeignet<\/p>\n<\/li>\n<li class=\"\" data-start=\"1182\" data-end=\"1253\">\n<p class=\"\" data-start=\"1184\" data-end=\"1253\"><strong data-start=\"1184\" data-end=\"1219\">Aufgedrucktes reflektierendes 3M-Logo<\/strong> f\u00fcr mehr Sicherheit in der Stadt<\/p>\n<\/li>\n<li class=\"\" data-start=\"1254\" data-end=\"1327\">\n<p class=\"\" data-start=\"1256\" data-end=\"1327\">Teil der <strong data-start=\"1268\" data-end=\"1287\">Road Collection<\/strong>: essentieller Stil f\u00fcr die urbane Umgebung<\/p>\n<\/li>\n<\/ul>\n","protected":false},"excerpt":{"rendered":"<ul>\n<li>Minimalistischer Schnitt<\/li>\n<li>Atmungsaktiv<\/li>\n<li>Reflektierendes Logo<\/li>\n<\/ul>\n","protected":false},"featured_media":308340,"template":"","meta":{"_acf_changed":false,"inline_featured_image":false},"product_brand":[],"product_cat":[6540,6508],"product_tag":[3399,6294],"class_list":{"0":"post-271727","1":"product","2":"type-product","3":"status-publish","4":"has-post-thumbnail","6":"product_cat-herrenbekleidung","7":"product_cat-herrent-shirt","8":"product_tag-wild-tee-de","9":"product_tag-wild-tee-herren-de","10":"pa_attivita-gehen","11":"pa_attivita-running-de","12":"pa_attivita-trail-de","13":"pa_marca-wild-tee-de","14":"pa_sesso-herren","15":"pa_size-small-de","16":"pa_size-medium-de","17":"pa_size-large-de","18":"pa_size-extra-large-de","20":"first","21":"instock","22":"sale","23":"taxable","24":"shipping-taxable","25":"purchasable","26":"product-type-variable","27":"wvs-archive-product-wrapper"},"acf":[],"yoast_head":"<!-- This site is optimized with the Yoast SEO plugin v26.8 - https:\/\/yoast.com\/product\/yoast-seo-wordpress\/ -->\n<title>Wild Tee T-shirt road black herren - Lauf-T-Shirt - MioMioRun.com<\/title>\n<meta name=\"description\" content=\"Technisches T-Shirt f\u00fcr Herren zum Laufen in der Stadt. Recyceltes Material, reflektierendes Logo, atmungsaktiv und leicht. Wild Tee Road Collection. Entdecken Sie es gemeinsam mit uns.\" \/>\n<meta name=\"robots\" content=\"index, follow, max-snippet:-1, max-image-preview:large, max-video-preview:-1\" \/>\n<link rel=\"canonical\" href=\"https:\/\/www.miomiorun.com\/de\/produkt\/t-shirt-road-black-herren\/\" \/>\n<meta property=\"og:locale\" content=\"de_DE\" \/>\n<meta property=\"og:type\" content=\"article\" \/>\n<meta property=\"og:title\" content=\"Wild Tee T-shirt road black herren - Lauf-T-Shirt - MioMioRun.com\" \/>\n<meta property=\"og:description\" content=\"Technisches T-Shirt f\u00fcr Herren zum Laufen in der Stadt. Recyceltes Material, reflektierendes Logo, atmungsaktiv und leicht. Wild Tee Road Collection. Entdecken Sie es gemeinsam mit uns.\" \/>\n<meta property=\"og:url\" content=\"https:\/\/www.miomiorun.com\/de\/produkt\/t-shirt-road-black-herren\/\" \/>\n<meta property=\"og:site_name\" content=\"MioMioRun\" \/>\n<meta property=\"article:publisher\" content=\"https:\/\/www.facebook.com\/miomiorun\/\" \/>\n<meta property=\"article:modified_time\" content=\"2025-10-30T09:42:48+00:00\" \/>\n<meta property=\"og:image\" content=\"https:\/\/www.miomiorun.com\/app\/uploads\/2025\/04\/wild-tee-T-shirt-M-road-black-WT009WT189.webp\" \/>\n\t<meta property=\"og:image:width\" content=\"600\" \/>\n\t<meta property=\"og:image:height\" content=\"600\" \/>\n\t<meta property=\"og:image:type\" content=\"image\/webp\" \/>\n<meta name=\"twitter:card\" content=\"summary_large_image\" \/>\n<meta name=\"twitter:label1\" content=\"Est. reading time\" \/>\n\t<meta name=\"twitter:data1\" content=\"1 minute\" \/>\n<script type=\"application\/ld+json\" class=\"yoast-schema-graph\">{\"@context\":\"https:\/\/schema.org\",\"@graph\":[{\"@type\":\"WebPage\",\"@id\":\"https:\/\/www.miomiorun.com\/de\/produkt\/t-shirt-road-black-herren\/\",\"url\":\"https:\/\/www.miomiorun.com\/de\/produkt\/t-shirt-road-black-herren\/\",\"name\":\"Wild Tee T-shirt road black herren - Lauf-T-Shirt - MioMioRun.com\",\"isPartOf\":{\"@id\":\"https:\/\/www.miomiorun.com\/de\/#website\"},\"primaryImageOfPage\":{\"@id\":\"https:\/\/www.miomiorun.com\/de\/produkt\/t-shirt-road-black-herren\/#primaryimage\"},\"image\":{\"@id\":\"https:\/\/www.miomiorun.com\/de\/produkt\/t-shirt-road-black-herren\/#primaryimage\"},\"thumbnailUrl\":\"https:\/\/www.miomiorun.com\/app\/uploads\/2025\/04\/wild-tee-T-shirt-M-road-black-WT009WT189.webp\",\"datePublished\":\"2025-04-04T07:33:54+00:00\",\"dateModified\":\"2025-10-30T09:42:48+00:00\",\"description\":\"Technisches T-Shirt f\u00fcr Herren zum Laufen in der Stadt. Recyceltes Material, reflektierendes Logo, atmungsaktiv und leicht. Wild Tee Road Collection. Entdecken Sie es gemeinsam mit uns.\",\"breadcrumb\":{\"@id\":\"https:\/\/www.miomiorun.com\/de\/produkt\/t-shirt-road-black-herren\/#breadcrumb\"},\"inLanguage\":\"de-DE\",\"potentialAction\":[{\"@type\":\"ReadAction\",\"target\":[\"https:\/\/www.miomiorun.com\/de\/produkt\/t-shirt-road-black-herren\/\"]}]},{\"@type\":\"ImageObject\",\"inLanguage\":\"de-DE\",\"@id\":\"https:\/\/www.miomiorun.com\/de\/produkt\/t-shirt-road-black-herren\/#primaryimage\",\"url\":\"https:\/\/www.miomiorun.com\/app\/uploads\/2025\/04\/wild-tee-T-shirt-M-road-black-WT009WT189.webp\",\"contentUrl\":\"https:\/\/www.miomiorun.com\/app\/uploads\/2025\/04\/wild-tee-T-shirt-M-road-black-WT009WT189.webp\",\"width\":600,\"height\":600,\"caption\":\"wild tee T-shirt M road black WT009WT189\"},{\"@type\":\"BreadcrumbList\",\"@id\":\"https:\/\/www.miomiorun.com\/de\/produkt\/t-shirt-road-black-herren\/#breadcrumb\",\"itemListElement\":[{\"@type\":\"ListItem\",\"position\":1,\"name\":\"Home\",\"item\":\"https:\/\/www.miomiorun.com\/de\/\"},{\"@type\":\"ListItem\",\"position\":2,\"name\":\"Shop\",\"item\":\"https:\/\/www.miomiorun.com\/shop\/\"},{\"@type\":\"ListItem\",\"position\":3,\"name\":\"T-shirt road black herren\"}]},{\"@type\":\"WebSite\",\"@id\":\"https:\/\/www.miomiorun.com\/de\/#website\",\"url\":\"https:\/\/www.miomiorun.com\/de\/\",\"name\":\"MioMioRun\",\"description\":\"100% Lauf- und Trailshop\",\"publisher\":{\"@id\":\"https:\/\/www.miomiorun.com\/de\/#organization\"},\"potentialAction\":[{\"@type\":\"SearchAction\",\"target\":{\"@type\":\"EntryPoint\",\"urlTemplate\":\"https:\/\/www.miomiorun.com\/de\/?s={search_term_string}\"},\"query-input\":{\"@type\":\"PropertyValueSpecification\",\"valueRequired\":true,\"valueName\":\"search_term_string\"}}],\"inLanguage\":\"de-DE\"},{\"@type\":\"Organization\",\"@id\":\"https:\/\/www.miomiorun.com\/de\/#organization\",\"name\":\"MioMio Run\",\"url\":\"https:\/\/www.miomiorun.com\/de\/\",\"logo\":{\"@type\":\"ImageObject\",\"inLanguage\":\"de-DE\",\"@id\":\"https:\/\/www.miomiorun.com\/de\/#\/schema\/logo\/image\/\",\"url\":\"https:\/\/www.miomiorun.com\/app\/uploads\/2019\/12\/logomio.png\",\"contentUrl\":\"https:\/\/www.miomiorun.com\/app\/uploads\/2019\/12\/logomio.png\",\"width\":115,\"height\":82,\"caption\":\"MioMio Run\"},\"image\":{\"@id\":\"https:\/\/www.miomiorun.com\/de\/#\/schema\/logo\/image\/\"},\"sameAs\":[\"https:\/\/www.facebook.com\/miomiorun\/\",\"https:\/\/www.instagram.com\/miomiorun\/\"]}]}<\/script>\n<!-- \/ Yoast SEO plugin. -->","yoast_head_json":{"title":"Wild Tee T-shirt road black herren - Lauf-T-Shirt - MioMioRun.com","description":"Technisches T-Shirt f\u00fcr Herren zum Laufen in der Stadt. Recyceltes Material, reflektierendes Logo, atmungsaktiv und leicht. Wild Tee Road Collection. Entdecken Sie es gemeinsam mit uns.","robots":{"index":"index","follow":"follow","max-snippet":"max-snippet:-1","max-image-preview":"max-image-preview:large","max-video-preview":"max-video-preview:-1"},"canonical":"https:\/\/www.miomiorun.com\/de\/produkt\/t-shirt-road-black-herren\/","og_locale":"de_DE","og_type":"article","og_title":"Wild Tee T-shirt road black herren - Lauf-T-Shirt - MioMioRun.com","og_description":"Technisches T-Shirt f\u00fcr Herren zum Laufen in der Stadt. Recyceltes Material, reflektierendes Logo, atmungsaktiv und leicht. Wild Tee Road Collection. Entdecken Sie es gemeinsam mit uns.","og_url":"https:\/\/www.miomiorun.com\/de\/produkt\/t-shirt-road-black-herren\/","og_site_name":"MioMioRun","article_publisher":"https:\/\/www.facebook.com\/miomiorun\/","article_modified_time":"2025-10-30T09:42:48+00:00","og_image":[{"width":600,"height":600,"url":"https:\/\/www.miomiorun.com\/app\/uploads\/2025\/04\/wild-tee-T-shirt-M-road-black-WT009WT189.webp","type":"image\/webp"}],"twitter_card":"summary_large_image","twitter_misc":{"Est. reading time":"1 minute"},"schema":{"@context":"https:\/\/schema.org","@graph":[{"@type":"WebPage","@id":"https:\/\/www.miomiorun.com\/de\/produkt\/t-shirt-road-black-herren\/","url":"https:\/\/www.miomiorun.com\/de\/produkt\/t-shirt-road-black-herren\/","name":"Wild Tee T-shirt road black herren - Lauf-T-Shirt - MioMioRun.com","isPartOf":{"@id":"https:\/\/www.miomiorun.com\/de\/#website"},"primaryImageOfPage":{"@id":"https:\/\/www.miomiorun.com\/de\/produkt\/t-shirt-road-black-herren\/#primaryimage"},"image":{"@id":"https:\/\/www.miomiorun.com\/de\/produkt\/t-shirt-road-black-herren\/#primaryimage"},"thumbnailUrl":"https:\/\/www.miomiorun.com\/app\/uploads\/2025\/04\/wild-tee-T-shirt-M-road-black-WT009WT189.webp","datePublished":"2025-04-04T07:33:54+00:00","dateModified":"2025-10-30T09:42:48+00:00","description":"Technisches T-Shirt f\u00fcr Herren zum Laufen in der Stadt. Recyceltes Material, reflektierendes Logo, atmungsaktiv und leicht. Wild Tee Road Collection. Entdecken Sie es gemeinsam mit uns.","breadcrumb":{"@id":"https:\/\/www.miomiorun.com\/de\/produkt\/t-shirt-road-black-herren\/#breadcrumb"},"inLanguage":"de-DE","potentialAction":[{"@type":"ReadAction","target":["https:\/\/www.miomiorun.com\/de\/produkt\/t-shirt-road-black-herren\/"]}]},{"@type":"ImageObject","inLanguage":"de-DE","@id":"https:\/\/www.miomiorun.com\/de\/produkt\/t-shirt-road-black-herren\/#primaryimage","url":"https:\/\/www.miomiorun.com\/app\/uploads\/2025\/04\/wild-tee-T-shirt-M-road-black-WT009WT189.webp","contentUrl":"https:\/\/www.miomiorun.com\/app\/uploads\/2025\/04\/wild-tee-T-shirt-M-road-black-WT009WT189.webp","width":600,"height":600,"caption":"wild tee T-shirt M road black WT009WT189"},{"@type":"BreadcrumbList","@id":"https:\/\/www.miomiorun.com\/de\/produkt\/t-shirt-road-black-herren\/#breadcrumb","itemListElement":[{"@type":"ListItem","position":1,"name":"Home","item":"https:\/\/www.miomiorun.com\/de\/"},{"@type":"ListItem","position":2,"name":"Shop","item":"https:\/\/www.miomiorun.com\/shop\/"},{"@type":"ListItem","position":3,"name":"T-shirt road black herren"}]},{"@type":"WebSite","@id":"https:\/\/www.miomiorun.com\/de\/#website","url":"https:\/\/www.miomiorun.com\/de\/","name":"MioMioRun","description":"100% Lauf- und Trailshop","publisher":{"@id":"https:\/\/www.miomiorun.com\/de\/#organization"},"potentialAction":[{"@type":"SearchAction","target":{"@type":"EntryPoint","urlTemplate":"https:\/\/www.miomiorun.com\/de\/?s={search_term_string}"},"query-input":{"@type":"PropertyValueSpecification","valueRequired":true,"valueName":"search_term_string"}}],"inLanguage":"de-DE"},{"@type":"Organization","@id":"https:\/\/www.miomiorun.com\/de\/#organization","name":"MioMio Run","url":"https:\/\/www.miomiorun.com\/de\/","logo":{"@type":"ImageObject","inLanguage":"de-DE","@id":"https:\/\/www.miomiorun.com\/de\/#\/schema\/logo\/image\/","url":"https:\/\/www.miomiorun.com\/app\/uploads\/2019\/12\/logomio.png","contentUrl":"https:\/\/www.miomiorun.com\/app\/uploads\/2019\/12\/logomio.png","width":115,"height":82,"caption":"MioMio Run"},"image":{"@id":"https:\/\/www.miomiorun.com\/de\/#\/schema\/logo\/image\/"},"sameAs":["https:\/\/www.facebook.com\/miomiorun\/","https:\/\/www.instagram.com\/miomiorun\/"]}]}},"_links":{"self":[{"href":"https:\/\/www.miomiorun.com\/de\/wp-json\/wp\/v2\/product\/271727","targetHints":{"allow":["GET"]}}],"collection":[{"href":"https:\/\/www.miomiorun.com\/de\/wp-json\/wp\/v2\/product"}],"about":[{"href":"https:\/\/www.miomiorun.com\/de\/wp-json\/wp\/v2\/types\/product"}],"wp:featuredmedia":[{"embeddable":true,"href":"https:\/\/www.miomiorun.com\/de\/wp-json\/wp\/v2\/media\/308340"}],"wp:attachment":[{"href":"https:\/\/www.miomiorun.com\/de\/wp-json\/wp\/v2\/media?parent=271727"}],"wp:term":[{"taxonomy":"product_brand","embeddable":true,"href":"https:\/\/www.miomiorun.com\/de\/wp-json\/wp\/v2\/product_brand?post=271727"},{"taxonomy":"product_cat","embeddable":true,"href":"https:\/\/www.miomiorun.com\/de\/wp-json\/wp\/v2\/product_cat?post=271727"},{"taxonomy":"product_tag","embeddable":true,"href":"https:\/\/www.miomiorun.com\/de\/wp-json\/wp\/v2\/product_tag?post=271727"}],"curies":[{"name":"wp","href":"https:\/\/api.w.org\/{rel}","templated":true}]}}