{"id":271491,"date":"2025-04-03T11:35:25","date_gmt":"2025-04-03T09:35:25","guid":{"rendered":"https:\/\/miomiorun.com\/?post_type=product&#038;p=271491"},"modified":"2026-05-08T22:41:07","modified_gmt":"2026-05-08T20:41:07","slug":"elite-3-split-short-herren","status":"publish","type":"product","link":"https:\/\/www.miomiorun.com\/de\/produkt\/elite-3-split-short-herren\/","title":{"rendered":"Elite 3&#8243; split short herren"},"content":{"rendered":"<p>Die zuverl\u00e4ssigen Elite 3&#8243; Split Shorts sind da. Dank der Unterst\u00fctzung mehrerer Profisportler, die das Unternehmen bei der Entwicklung unterst\u00fctzt haben, sind diese Shorts \u2013 mit ihrem essentiellen Design und aus leichten Materialien gefertigt \u2013 ideal f\u00fcr Wettk\u00e4mpfe und Schnelligkeitstraining.<\/p>\n<p>Sie haben eine SEMI-ADHERENTE Passform, d. h. sie sitzen eng anliegend, lassen aber dennoch Bewegungsfreiheit.<\/p>\n<h3 class=\"a-type-h6--big m-long-description__label u-spacing-x-small--bottom\">Ideal f\u00fcr:<\/h3>\n<div class=\"m-long-description__best-for-icon\" aria-hidden=\"true\"><img loading=\"lazy\" decoding=\"async\" class=\"a-responsive-image__img\" src=\"https:\/\/www.brooksrunning.com\/on\/demandware.static\/-\/Sites-brooks-master-catalog\/default\/dwd2111c8d\/specs\/PDP-BestFor-FTW-Race.svg\" alt=\"\" width=\"129\" height=\"129\"><\/div>\n<div class=\"m-long-description__best-for-icon\" aria-hidden=\"true\">Wettkampftag<\/div>\n<div class=\"m-long-description__best-for-icon\" aria-hidden=\"true\"><img loading=\"lazy\" decoding=\"async\" class=\"a-responsive-image__img\" src=\"https:\/\/www.brooksrunning.com\/on\/demandware.static\/-\/Sites-brooks-master-catalog\/default\/dw57aae252\/specs\/PDP-BestFor-APP-Fit-For-Speed.svg\" alt=\"\" width=\"129\" height=\"129\"><\/div>\n<div class=\"m-long-description__best-for-icon\" aria-hidden=\"true\">Sprinttraining<\/div>\n<div class=\"m-long-description__best-for-icon\" aria-hidden=\"true\"><img loading=\"lazy\" decoding=\"async\" class=\"a-responsive-image__img\" src=\"https:\/\/www.brooksrunning.com\/on\/demandware.static\/-\/Sites-brooks-master-catalog\/default\/dwd365409a\/specs\/PDP-BestFor-APP-Beat-The-Heat.svg\" alt=\"\" width=\"129\" height=\"129\"><\/div>\n<div class=\"m-long-description__best-for-text\">Hohe Temperaturen<\/div>\n","protected":false},"excerpt":{"rendered":"<ul class=\"m-long-description__features\">\n<li class=\"m-long-description__feature\">\n<div class=\"m-long-description__feature--bullets\" aria-hidden=\"true\">Bewegungsfreiheit<\/div>\n<\/li>\n<li class=\"m-long-description__feature\">\n<div class=\"m-long-description__feature--bullets\" aria-hidden=\"true\">Leichtigkeit und Atmungsaktivit\u00e4t<\/div>\n<\/li>\n<li class=\"m-long-description__feature\">\n<div class=\"m-long-description__feature--bullets\" aria-hidden=\"true\">Praktische Taschen<\/div>\n<\/li>\n<li class=\"m-long-description__feature\">\n<div class=\"m-long-description__feature--bullets\" aria-hidden=\"true\">Stauraum f\u00fcr alles Notwendige<\/div>\n<\/li>\n<\/ul>\n","protected":false},"featured_media":272518,"template":"","meta":{"_acf_changed":false,"inline_featured_image":false},"product_brand":[],"product_cat":[6540,6510],"product_tag":[3362,6207],"class_list":{"0":"post-271491","1":"product","2":"type-product","3":"status-publish","4":"has-post-thumbnail","6":"product_cat-herrenbekleidung","7":"product_cat-shorts","8":"product_tag-brooks-de","9":"product_tag-brooks-herren-de","10":"pa_attivita-running-de","11":"pa_attivita-trail-de","12":"pa_colore-elite-3-split-short-cobalt-de","13":"pa_marca-brooks-de","14":"pa_sesso-herren","15":"pa_size-small-de","17":"first","18":"instock","19":"sale","20":"taxable","21":"shipping-taxable","22":"purchasable","23":"product-type-variable","24":"wvs-archive-product-wrapper"},"acf":[],"yoast_head":"<!-- This site is optimized with the Yoast SEO plugin v26.8 - https:\/\/yoast.com\/product\/yoast-seo-wordpress\/ -->\n<title>Brooks Elite 3&quot; split short herren - Laufshorts - MioMioRun<\/title>\n<meta name=\"description\" content=\"Die zuverl\u00e4ssigen Elite 3&quot; Laufshorts bieten Leichtigkeit, ein schlichtes Design und eine halb enganliegende Passform f\u00fcr Wettk\u00e4mpfe und Schnelligkeitstraining.\" \/>\n<meta name=\"robots\" content=\"index, follow, max-snippet:-1, max-image-preview:large, max-video-preview:-1\" \/>\n<link rel=\"canonical\" href=\"https:\/\/www.miomiorun.com\/de\/produkt\/elite-3-split-short-herren\/\" \/>\n<meta property=\"og:locale\" content=\"de_DE\" \/>\n<meta property=\"og:type\" content=\"article\" \/>\n<meta property=\"og:title\" content=\"Brooks Elite 3&quot; split short herren - Laufshorts - MioMioRun\" \/>\n<meta property=\"og:description\" content=\"Die zuverl\u00e4ssigen Elite 3&quot; Laufshorts bieten Leichtigkeit, ein schlichtes Design und eine halb enganliegende Passform f\u00fcr Wettk\u00e4mpfe und Schnelligkeitstraining.\" \/>\n<meta property=\"og:url\" content=\"https:\/\/www.miomiorun.com\/de\/produkt\/elite-3-split-short-herren\/\" \/>\n<meta property=\"og:site_name\" content=\"MioMioRun\" \/>\n<meta property=\"article:publisher\" content=\"https:\/\/www.facebook.com\/miomiorun\/\" \/>\n<meta property=\"article:modified_time\" content=\"2026-05-08T20:41:07+00:00\" \/>\n<meta property=\"og:image\" content=\"https:\/\/www.miomiorun.com\/app\/uploads\/2025\/04\/brooks-Elite-3-split-short-cobalt-211390424.webp\" \/>\n\t<meta property=\"og:image:width\" content=\"600\" \/>\n\t<meta property=\"og:image:height\" content=\"600\" \/>\n\t<meta property=\"og:image:type\" content=\"image\/webp\" \/>\n<meta name=\"twitter:card\" content=\"summary_large_image\" \/>\n<script type=\"application\/ld+json\" class=\"yoast-schema-graph\">{\"@context\":\"https:\/\/schema.org\",\"@graph\":[{\"@type\":\"WebPage\",\"@id\":\"https:\/\/www.miomiorun.com\/de\/produkt\/elite-3-split-short-herren\/\",\"url\":\"https:\/\/www.miomiorun.com\/de\/produkt\/elite-3-split-short-herren\/\",\"name\":\"Brooks Elite 3\\\" split short herren - Laufshorts - MioMioRun\",\"isPartOf\":{\"@id\":\"https:\/\/www.miomiorun.com\/de\/#website\"},\"primaryImageOfPage\":{\"@id\":\"https:\/\/www.miomiorun.com\/de\/produkt\/elite-3-split-short-herren\/#primaryimage\"},\"image\":{\"@id\":\"https:\/\/www.miomiorun.com\/de\/produkt\/elite-3-split-short-herren\/#primaryimage\"},\"thumbnailUrl\":\"https:\/\/www.miomiorun.com\/app\/uploads\/2025\/04\/brooks-Elite-3-split-short-cobalt-211390424.webp\",\"datePublished\":\"2025-04-03T09:35:25+00:00\",\"dateModified\":\"2026-05-08T20:41:07+00:00\",\"description\":\"Die zuverl\u00e4ssigen Elite 3\\\" Laufshorts bieten Leichtigkeit, ein schlichtes Design und eine halb enganliegende Passform f\u00fcr Wettk\u00e4mpfe und Schnelligkeitstraining.\",\"breadcrumb\":{\"@id\":\"https:\/\/www.miomiorun.com\/de\/produkt\/elite-3-split-short-herren\/#breadcrumb\"},\"inLanguage\":\"de-DE\",\"potentialAction\":[{\"@type\":\"ReadAction\",\"target\":[\"https:\/\/www.miomiorun.com\/de\/produkt\/elite-3-split-short-herren\/\"]}]},{\"@type\":\"ImageObject\",\"inLanguage\":\"de-DE\",\"@id\":\"https:\/\/www.miomiorun.com\/de\/produkt\/elite-3-split-short-herren\/#primaryimage\",\"url\":\"https:\/\/www.miomiorun.com\/app\/uploads\/2025\/04\/brooks-Elite-3-split-short-cobalt-211390424.webp\",\"contentUrl\":\"https:\/\/www.miomiorun.com\/app\/uploads\/2025\/04\/brooks-Elite-3-split-short-cobalt-211390424.webp\",\"width\":600,\"height\":600,\"caption\":\"brooks Elite 3 split short cobalt 211390424\"},{\"@type\":\"BreadcrumbList\",\"@id\":\"https:\/\/www.miomiorun.com\/de\/produkt\/elite-3-split-short-herren\/#breadcrumb\",\"itemListElement\":[{\"@type\":\"ListItem\",\"position\":1,\"name\":\"Home\",\"item\":\"https:\/\/www.miomiorun.com\/de\/\"},{\"@type\":\"ListItem\",\"position\":2,\"name\":\"Shop\",\"item\":\"https:\/\/www.miomiorun.com\/shop\/\"},{\"@type\":\"ListItem\",\"position\":3,\"name\":\"Elite 3&#8243; split short herren\"}]},{\"@type\":\"WebSite\",\"@id\":\"https:\/\/www.miomiorun.com\/de\/#website\",\"url\":\"https:\/\/www.miomiorun.com\/de\/\",\"name\":\"MioMioRun\",\"description\":\"100% Lauf- und Trailshop\",\"publisher\":{\"@id\":\"https:\/\/www.miomiorun.com\/de\/#organization\"},\"potentialAction\":[{\"@type\":\"SearchAction\",\"target\":{\"@type\":\"EntryPoint\",\"urlTemplate\":\"https:\/\/www.miomiorun.com\/de\/?s={search_term_string}\"},\"query-input\":{\"@type\":\"PropertyValueSpecification\",\"valueRequired\":true,\"valueName\":\"search_term_string\"}}],\"inLanguage\":\"de-DE\"},{\"@type\":\"Organization\",\"@id\":\"https:\/\/www.miomiorun.com\/de\/#organization\",\"name\":\"MioMio Run\",\"url\":\"https:\/\/www.miomiorun.com\/de\/\",\"logo\":{\"@type\":\"ImageObject\",\"inLanguage\":\"de-DE\",\"@id\":\"https:\/\/www.miomiorun.com\/de\/#\/schema\/logo\/image\/\",\"url\":\"https:\/\/www.miomiorun.com\/app\/uploads\/2019\/12\/logomio.png\",\"contentUrl\":\"https:\/\/www.miomiorun.com\/app\/uploads\/2019\/12\/logomio.png\",\"width\":115,\"height\":82,\"caption\":\"MioMio Run\"},\"image\":{\"@id\":\"https:\/\/www.miomiorun.com\/de\/#\/schema\/logo\/image\/\"},\"sameAs\":[\"https:\/\/www.facebook.com\/miomiorun\/\",\"https:\/\/www.instagram.com\/miomiorun\/\"]}]}<\/script>\n<!-- \/ Yoast SEO plugin. -->","yoast_head_json":{"title":"Brooks Elite 3\" split short herren - Laufshorts - MioMioRun","description":"Die zuverl\u00e4ssigen Elite 3\" Laufshorts bieten Leichtigkeit, ein schlichtes Design und eine halb enganliegende Passform f\u00fcr Wettk\u00e4mpfe und Schnelligkeitstraining.","robots":{"index":"index","follow":"follow","max-snippet":"max-snippet:-1","max-image-preview":"max-image-preview:large","max-video-preview":"max-video-preview:-1"},"canonical":"https:\/\/www.miomiorun.com\/de\/produkt\/elite-3-split-short-herren\/","og_locale":"de_DE","og_type":"article","og_title":"Brooks Elite 3\" split short herren - Laufshorts - MioMioRun","og_description":"Die zuverl\u00e4ssigen Elite 3\" Laufshorts bieten Leichtigkeit, ein schlichtes Design und eine halb enganliegende Passform f\u00fcr Wettk\u00e4mpfe und Schnelligkeitstraining.","og_url":"https:\/\/www.miomiorun.com\/de\/produkt\/elite-3-split-short-herren\/","og_site_name":"MioMioRun","article_publisher":"https:\/\/www.facebook.com\/miomiorun\/","article_modified_time":"2026-05-08T20:41:07+00:00","og_image":[{"width":600,"height":600,"url":"https:\/\/www.miomiorun.com\/app\/uploads\/2025\/04\/brooks-Elite-3-split-short-cobalt-211390424.webp","type":"image\/webp"}],"twitter_card":"summary_large_image","schema":{"@context":"https:\/\/schema.org","@graph":[{"@type":"WebPage","@id":"https:\/\/www.miomiorun.com\/de\/produkt\/elite-3-split-short-herren\/","url":"https:\/\/www.miomiorun.com\/de\/produkt\/elite-3-split-short-herren\/","name":"Brooks Elite 3\" split short herren - Laufshorts - MioMioRun","isPartOf":{"@id":"https:\/\/www.miomiorun.com\/de\/#website"},"primaryImageOfPage":{"@id":"https:\/\/www.miomiorun.com\/de\/produkt\/elite-3-split-short-herren\/#primaryimage"},"image":{"@id":"https:\/\/www.miomiorun.com\/de\/produkt\/elite-3-split-short-herren\/#primaryimage"},"thumbnailUrl":"https:\/\/www.miomiorun.com\/app\/uploads\/2025\/04\/brooks-Elite-3-split-short-cobalt-211390424.webp","datePublished":"2025-04-03T09:35:25+00:00","dateModified":"2026-05-08T20:41:07+00:00","description":"Die zuverl\u00e4ssigen Elite 3\" Laufshorts bieten Leichtigkeit, ein schlichtes Design und eine halb enganliegende Passform f\u00fcr Wettk\u00e4mpfe und Schnelligkeitstraining.","breadcrumb":{"@id":"https:\/\/www.miomiorun.com\/de\/produkt\/elite-3-split-short-herren\/#breadcrumb"},"inLanguage":"de-DE","potentialAction":[{"@type":"ReadAction","target":["https:\/\/www.miomiorun.com\/de\/produkt\/elite-3-split-short-herren\/"]}]},{"@type":"ImageObject","inLanguage":"de-DE","@id":"https:\/\/www.miomiorun.com\/de\/produkt\/elite-3-split-short-herren\/#primaryimage","url":"https:\/\/www.miomiorun.com\/app\/uploads\/2025\/04\/brooks-Elite-3-split-short-cobalt-211390424.webp","contentUrl":"https:\/\/www.miomiorun.com\/app\/uploads\/2025\/04\/brooks-Elite-3-split-short-cobalt-211390424.webp","width":600,"height":600,"caption":"brooks Elite 3 split short cobalt 211390424"},{"@type":"BreadcrumbList","@id":"https:\/\/www.miomiorun.com\/de\/produkt\/elite-3-split-short-herren\/#breadcrumb","itemListElement":[{"@type":"ListItem","position":1,"name":"Home","item":"https:\/\/www.miomiorun.com\/de\/"},{"@type":"ListItem","position":2,"name":"Shop","item":"https:\/\/www.miomiorun.com\/shop\/"},{"@type":"ListItem","position":3,"name":"Elite 3&#8243; split short herren"}]},{"@type":"WebSite","@id":"https:\/\/www.miomiorun.com\/de\/#website","url":"https:\/\/www.miomiorun.com\/de\/","name":"MioMioRun","description":"100% Lauf- und Trailshop","publisher":{"@id":"https:\/\/www.miomiorun.com\/de\/#organization"},"potentialAction":[{"@type":"SearchAction","target":{"@type":"EntryPoint","urlTemplate":"https:\/\/www.miomiorun.com\/de\/?s={search_term_string}"},"query-input":{"@type":"PropertyValueSpecification","valueRequired":true,"valueName":"search_term_string"}}],"inLanguage":"de-DE"},{"@type":"Organization","@id":"https:\/\/www.miomiorun.com\/de\/#organization","name":"MioMio Run","url":"https:\/\/www.miomiorun.com\/de\/","logo":{"@type":"ImageObject","inLanguage":"de-DE","@id":"https:\/\/www.miomiorun.com\/de\/#\/schema\/logo\/image\/","url":"https:\/\/www.miomiorun.com\/app\/uploads\/2019\/12\/logomio.png","contentUrl":"https:\/\/www.miomiorun.com\/app\/uploads\/2019\/12\/logomio.png","width":115,"height":82,"caption":"MioMio Run"},"image":{"@id":"https:\/\/www.miomiorun.com\/de\/#\/schema\/logo\/image\/"},"sameAs":["https:\/\/www.facebook.com\/miomiorun\/","https:\/\/www.instagram.com\/miomiorun\/"]}]}},"_links":{"self":[{"href":"https:\/\/www.miomiorun.com\/de\/wp-json\/wp\/v2\/product\/271491","targetHints":{"allow":["GET"]}}],"collection":[{"href":"https:\/\/www.miomiorun.com\/de\/wp-json\/wp\/v2\/product"}],"about":[{"href":"https:\/\/www.miomiorun.com\/de\/wp-json\/wp\/v2\/types\/product"}],"wp:featuredmedia":[{"embeddable":true,"href":"https:\/\/www.miomiorun.com\/de\/wp-json\/wp\/v2\/media\/272518"}],"wp:attachment":[{"href":"https:\/\/www.miomiorun.com\/de\/wp-json\/wp\/v2\/media?parent=271491"}],"wp:term":[{"taxonomy":"product_brand","embeddable":true,"href":"https:\/\/www.miomiorun.com\/de\/wp-json\/wp\/v2\/product_brand?post=271491"},{"taxonomy":"product_cat","embeddable":true,"href":"https:\/\/www.miomiorun.com\/de\/wp-json\/wp\/v2\/product_cat?post=271491"},{"taxonomy":"product_tag","embeddable":true,"href":"https:\/\/www.miomiorun.com\/de\/wp-json\/wp\/v2\/product_tag?post=271491"}],"curies":[{"name":"wp","href":"https:\/\/api.w.org\/{rel}","templated":true}]}}