{"id":270715,"date":"2025-04-02T11:25:23","date_gmt":"2025-04-02T09:25:23","guid":{"rendered":"https:\/\/miomiorun.com\/?post_type=product&#038;p=270715"},"modified":"2025-10-29T10:28:36","modified_gmt":"2025-10-29T09:28:36","slug":"novablast-5-tr-damen","status":"publish","type":"product","link":"https:\/\/www.miomiorun.com\/de\/produkt\/novablast-5-tr-damen\/","title":{"rendered":"Novablast 5 TR damen"},"content":{"rendered":"<div class=\"vc-row container\"><div class=\"vc-column\"><div class=\"vc-column-text\"><\/p>\n<h4>Technische Daten<\/h4>\n<p>Kategorie: Reaktionsf\u00e4hige D\u00e4mpfung<br \/>\nSprengung: 8 mm<br \/>\nGewicht: 219 g<br \/>\nIdeal f\u00fcr: schnelle Athleten und Renntraining, dank seiner weichen und reaktionsfreudigen D\u00e4mpfung eignet er sich auch gut f\u00fcr weniger sportliche Athleten, die einen reaktionsfreudigen Schuh f\u00fcr mittel-kurze Trainingseinheiten suchen.<br \/>\nGewicht des Athleten: &gt;50 kg<br \/>\nLauftempo: &gt; 4,30 min\/km<br \/>\n<a href=\"https:\/\/miomiorun.com\/guida-alle-specifiche-tecniche\/\">Technische Spezifikationen<\/a><\/p>\n<p><\/div><\/div><div class=\"vc-column\"><div class=\"vc-column-text\"><\/p>\n<div class=\"desc_block short\">\n<p>Verf\u00fcgt \u00fcber ein tieferes Profil, wodurch er sich perfekt f\u00fcr Asphalt und befestigte Wege eignet.<\/p>\n<\/div>\n<div class=\"desc_block noshow\">\n<p>Details:<\/p>\n<ul>\n<li>TR-Version (Traction) mit tieferem, griffigerem Profil, geeignet f\u00fcr Stra\u00dfen- und Trailrunning<\/li>\n<li>Jetzt noch zuverl\u00e4ssiger als das Vorg\u00e4ngermodell, ideal f\u00fcr alle, die die perfekte Balance zwischen Reaktionsf\u00e4higkeit und D\u00e4mpfung f\u00fcr Training und Wettkampf suchen<\/li>\n<li>Einteiliges Obermaterial aus Engineered Woven Mesh, leicht, dehnbar und st\u00fctzend, das sich perfekt um den Fu\u00df schmiegt und f\u00fcr eine individuelle Passform und bessere Atmungsaktivit\u00e4t sorgt, auch dank der L\u00f6cher im Vorfu\u00dfbereich<\/li>\n<li>FLYTEFOAM Blast+ ECO-Mittelsohle, hergestellt aus mindestens 20 % recycelten Materialien, sorgt f\u00fcr maximale D\u00e4mpfung und Energier\u00fcckgabe.\n     <\/li>\n<li>\u00dcberarbeitete Geometrie mit einem strukturierteren Fersenbereich und einem breiteren Vorfu\u00df f\u00fcr mehr Stabilit\u00e4t.\n \t<\/li>\n<li>AHAR-Au\u00dfensohle mit geringerer Dichte in strategischen Bereichen f\u00fcr mehr Haltbarkeit. <\/li>\n<li>Widerstandsf\u00e4higere Eins\u00e4tze an den Seiten des Obermaterials, die den Fu\u00df insbesondere bei Richtungswechseln an Ort und Stelle halten. <\/li>\n<li>Schn\u00fcrsystem mit TPU-\u00d6sen und flachen Schn\u00fcrsenkeln. <\/li>\n<li>Fersenbereich mit Stabilisator an der Basis und hinten, widerstandsf\u00e4higer, aber dennoch flexibel, der den Fu\u00df st\u00fctzt und f\u00fcr einen ausgewogeneren Schritt sorgt<\/li>\n<li>D\u00fcnne, breite Zunge, teilweise in die Struktur integriert<\/li>\n<li>Gepolsterter, verl\u00e4ngerter Kragen hinten, der die Achillessehne st\u00fctzt<\/li>\n<li>Funktion am hinteren Bereich f\u00fcr eine bessere Passform<\/li>\n<li>Reflektierende Details<\/li>\n<li>Geformte, herausnehmbare Innensohle<\/li>\n<\/ul>\n<\/div>\n<div class=\"desc_block noshow\">\n<p><strong>AHAR<\/strong><br \/>\nAsics High Abrasion Resistance Rubber (AHAR) ist ein harter Verbundgummi, der in stark beanspruchten Bereichen der Au\u00dfensohle, wie z. B. der Ferse, verwendet wird.<\/p>\n<\/div>\n<div class=\"desc_block noshow\">\n<p><strong>AHAR+<\/strong><br \/>\nEine d\u00fcnnere und leichtere, aber besonders strapazierf\u00e4hige Version des AHAR-Gummis, die in den Bereichen der Sohle eingesetzt wird, die den gr\u00f6\u00dften Belastungen ausgesetzt sind, um \u00fcberm\u00e4\u00dfigen Verschlei\u00df zu reduzieren.<\/p>\n<\/div>\n<div class=\"desc_block noshow\">\n<p><strong>FlyteFoam<\/strong><br \/>\nFlyteFoam ist ein leichtes und strapazierf\u00e4higes D\u00e4mpfungsmaterial der neuen Generation. Die innovative Schaumstoffformel besteht aus einer Kombination von Materialien, die die Reaktionsf\u00e4higkeit beim Absto\u00dfen erh\u00f6hen und f\u00fcr einen sp\u00fcrbaren Schub sorgen.<\/p>\n<\/div>\n<div class=\"desc_block noshow\">\n<p><strong>Nachhaltigkeit<\/strong><br \/>\nDieses Produkt wird teilweise aus recycelten Materialien hergestellt, wodurch Asics sein Engagement f\u00fcr Nachhaltigkeit fortsetzt und k\u00fcnftigen Generationen einen gesunden Planeten hinterl\u00e4sst.<\/p>\n<\/div>\n<p><\/div><\/div><\/div>\n","protected":false},"excerpt":{"rendered":"<ul class=\"m-long-description__features\">\n<li class=\"m-long-description__feature\">Leicht, reaktionsschnell und extrem weich.<\/li>\n<li class=\"m-long-description__feature\">Schnelle \u00dcberg\u00e4nge.<\/li>\n<\/ul>\n","protected":false},"featured_media":421160,"template":"","meta":{"_acf_changed":false,"inline_featured_image":false},"product_brand":[],"product_cat":[6474,6475],"product_tag":[3404,6201],"class_list":{"0":"post-270715","1":"product","2":"type-product","3":"status-publish","4":"has-post-thumbnail","6":"product_cat-damenschuhe","7":"product_cat-neutral","8":"product_tag-asics-de","9":"product_tag-asics-damen-de","10":"pa_attivita-lifestyle-de","11":"pa_attivita-running-de","12":"pa_colore-novablast-5-tr-w-light-dust-cacti","13":"pa_marca-asics-de","14":"pa_sesso-damen","15":"pa_size-38-de","16":"pa_size-39-de","17":"pa_size-39-5-de","18":"pa_size-40-de","19":"pa_size-40-5-de","20":"pa_size-41-5-de","21":"pa_size-42-de","23":"first","24":"instock","25":"sale","26":"taxable","27":"shipping-taxable","28":"purchasable","29":"product-type-variable","30":"wvs-archive-product-wrapper"},"acf":[],"yoast_head":"<!-- This site is optimized with the Yoast SEO plugin v26.8 - https:\/\/yoast.com\/product\/yoast-seo-wordpress\/ -->\n<title>Asics Novablast 5 TR damen - Laufschuhe - MioMioRun .com<\/title>\n<meta name=\"description\" content=\"Der NOVABLAST 5 TR ist eine ausgezeichnete Wahl f\u00fcr alle, die einen reaktionsfreudigeren Schuh suchen, ohne dabei auf Traktion verzichten zu m\u00fcssen. Entdecken Sie ihn mit uns.\" \/>\n<meta name=\"robots\" content=\"index, follow, max-snippet:-1, max-image-preview:large, max-video-preview:-1\" \/>\n<link rel=\"canonical\" href=\"https:\/\/www.miomiorun.com\/de\/produkt\/novablast-5-tr-damen\/\" \/>\n<meta property=\"og:locale\" content=\"de_DE\" \/>\n<meta property=\"og:type\" content=\"article\" \/>\n<meta property=\"og:title\" content=\"Asics Novablast 5 TR damen - Laufschuhe - MioMioRun .com\" \/>\n<meta property=\"og:description\" content=\"Der NOVABLAST 5 TR ist eine ausgezeichnete Wahl f\u00fcr alle, die einen reaktionsfreudigeren Schuh suchen, ohne dabei auf Traktion verzichten zu m\u00fcssen. Entdecken Sie ihn mit uns.\" \/>\n<meta property=\"og:url\" content=\"https:\/\/www.miomiorun.com\/de\/produkt\/novablast-5-tr-damen\/\" \/>\n<meta property=\"og:site_name\" content=\"MioMioRun\" \/>\n<meta property=\"article:publisher\" content=\"https:\/\/www.facebook.com\/miomiorun\/\" \/>\n<meta property=\"article:modified_time\" content=\"2025-10-29T09:28:36+00:00\" \/>\n<meta property=\"og:image\" content=\"https:\/\/www.miomiorun.com\/app\/uploads\/2025\/04\/asics-Novablast-5-TR-W-nature-bathing-guava-1012B809-700.webp\" \/>\n\t<meta property=\"og:image:width\" content=\"600\" \/>\n\t<meta property=\"og:image:height\" content=\"600\" \/>\n\t<meta property=\"og:image:type\" content=\"image\/webp\" \/>\n<meta name=\"twitter:card\" content=\"summary_large_image\" \/>\n<meta name=\"twitter:label1\" content=\"Est. reading time\" \/>\n\t<meta name=\"twitter:data1\" content=\"2 minutes\" \/>\n<script type=\"application\/ld+json\" class=\"yoast-schema-graph\">{\"@context\":\"https:\/\/schema.org\",\"@graph\":[{\"@type\":\"WebPage\",\"@id\":\"https:\/\/www.miomiorun.com\/de\/produkt\/novablast-5-tr-damen\/\",\"url\":\"https:\/\/www.miomiorun.com\/de\/produkt\/novablast-5-tr-damen\/\",\"name\":\"Asics Novablast 5 TR damen - Laufschuhe - MioMioRun .com\",\"isPartOf\":{\"@id\":\"https:\/\/www.miomiorun.com\/de\/#website\"},\"primaryImageOfPage\":{\"@id\":\"https:\/\/www.miomiorun.com\/de\/produkt\/novablast-5-tr-damen\/#primaryimage\"},\"image\":{\"@id\":\"https:\/\/www.miomiorun.com\/de\/produkt\/novablast-5-tr-damen\/#primaryimage\"},\"thumbnailUrl\":\"https:\/\/www.miomiorun.com\/app\/uploads\/2026\/03\/asics-Novablast-5-TR-W-light-dust-cacti-1012B983-020.webp\",\"datePublished\":\"2025-04-02T09:25:23+00:00\",\"dateModified\":\"2025-10-29T09:28:36+00:00\",\"description\":\"Der NOVABLAST 5 TR ist eine ausgezeichnete Wahl f\u00fcr alle, die einen reaktionsfreudigeren Schuh suchen, ohne dabei auf Traktion verzichten zu m\u00fcssen. Entdecken Sie ihn mit uns.\",\"breadcrumb\":{\"@id\":\"https:\/\/www.miomiorun.com\/de\/produkt\/novablast-5-tr-damen\/#breadcrumb\"},\"inLanguage\":\"de-DE\",\"potentialAction\":[{\"@type\":\"ReadAction\",\"target\":[\"https:\/\/www.miomiorun.com\/de\/produkt\/novablast-5-tr-damen\/\"]}]},{\"@type\":\"ImageObject\",\"inLanguage\":\"de-DE\",\"@id\":\"https:\/\/www.miomiorun.com\/de\/produkt\/novablast-5-tr-damen\/#primaryimage\",\"url\":\"https:\/\/www.miomiorun.com\/app\/uploads\/2026\/03\/asics-Novablast-5-TR-W-light-dust-cacti-1012B983-020.webp\",\"contentUrl\":\"https:\/\/www.miomiorun.com\/app\/uploads\/2026\/03\/asics-Novablast-5-TR-W-light-dust-cacti-1012B983-020.webp\",\"width\":720,\"height\":720,\"caption\":\"asics Novablast 5 TR W light dust cacti 1012B983 020\"},{\"@type\":\"BreadcrumbList\",\"@id\":\"https:\/\/www.miomiorun.com\/de\/produkt\/novablast-5-tr-damen\/#breadcrumb\",\"itemListElement\":[{\"@type\":\"ListItem\",\"position\":1,\"name\":\"Home\",\"item\":\"https:\/\/www.miomiorun.com\/de\/\"},{\"@type\":\"ListItem\",\"position\":2,\"name\":\"Shop\",\"item\":\"https:\/\/www.miomiorun.com\/shop\/\"},{\"@type\":\"ListItem\",\"position\":3,\"name\":\"Novablast 5 TR damen\"}]},{\"@type\":\"WebSite\",\"@id\":\"https:\/\/www.miomiorun.com\/de\/#website\",\"url\":\"https:\/\/www.miomiorun.com\/de\/\",\"name\":\"MioMioRun\",\"description\":\"100% Lauf- und Trailshop\",\"publisher\":{\"@id\":\"https:\/\/www.miomiorun.com\/de\/#organization\"},\"potentialAction\":[{\"@type\":\"SearchAction\",\"target\":{\"@type\":\"EntryPoint\",\"urlTemplate\":\"https:\/\/www.miomiorun.com\/de\/?s={search_term_string}\"},\"query-input\":{\"@type\":\"PropertyValueSpecification\",\"valueRequired\":true,\"valueName\":\"search_term_string\"}}],\"inLanguage\":\"de-DE\"},{\"@type\":\"Organization\",\"@id\":\"https:\/\/www.miomiorun.com\/de\/#organization\",\"name\":\"MioMio Run\",\"url\":\"https:\/\/www.miomiorun.com\/de\/\",\"logo\":{\"@type\":\"ImageObject\",\"inLanguage\":\"de-DE\",\"@id\":\"https:\/\/www.miomiorun.com\/de\/#\/schema\/logo\/image\/\",\"url\":\"https:\/\/www.miomiorun.com\/app\/uploads\/2019\/12\/logomio.png\",\"contentUrl\":\"https:\/\/www.miomiorun.com\/app\/uploads\/2019\/12\/logomio.png\",\"width\":115,\"height\":82,\"caption\":\"MioMio Run\"},\"image\":{\"@id\":\"https:\/\/www.miomiorun.com\/de\/#\/schema\/logo\/image\/\"},\"sameAs\":[\"https:\/\/www.facebook.com\/miomiorun\/\",\"https:\/\/www.instagram.com\/miomiorun\/\"]}]}<\/script>\n<!-- \/ Yoast SEO plugin. -->","yoast_head_json":{"title":"Asics Novablast 5 TR damen - Laufschuhe - MioMioRun .com","description":"Der NOVABLAST 5 TR ist eine ausgezeichnete Wahl f\u00fcr alle, die einen reaktionsfreudigeren Schuh suchen, ohne dabei auf Traktion verzichten zu m\u00fcssen. Entdecken Sie ihn mit uns.","robots":{"index":"index","follow":"follow","max-snippet":"max-snippet:-1","max-image-preview":"max-image-preview:large","max-video-preview":"max-video-preview:-1"},"canonical":"https:\/\/www.miomiorun.com\/de\/produkt\/novablast-5-tr-damen\/","og_locale":"de_DE","og_type":"article","og_title":"Asics Novablast 5 TR damen - Laufschuhe - MioMioRun .com","og_description":"Der NOVABLAST 5 TR ist eine ausgezeichnete Wahl f\u00fcr alle, die einen reaktionsfreudigeren Schuh suchen, ohne dabei auf Traktion verzichten zu m\u00fcssen. Entdecken Sie ihn mit uns.","og_url":"https:\/\/www.miomiorun.com\/de\/produkt\/novablast-5-tr-damen\/","og_site_name":"MioMioRun","article_publisher":"https:\/\/www.facebook.com\/miomiorun\/","article_modified_time":"2025-10-29T09:28:36+00:00","og_image":[{"width":600,"height":600,"url":"https:\/\/www.miomiorun.com\/app\/uploads\/2025\/04\/asics-Novablast-5-TR-W-nature-bathing-guava-1012B809-700.webp","type":"image\/webp"}],"twitter_card":"summary_large_image","twitter_misc":{"Est. reading time":"2 minutes"},"schema":{"@context":"https:\/\/schema.org","@graph":[{"@type":"WebPage","@id":"https:\/\/www.miomiorun.com\/de\/produkt\/novablast-5-tr-damen\/","url":"https:\/\/www.miomiorun.com\/de\/produkt\/novablast-5-tr-damen\/","name":"Asics Novablast 5 TR damen - Laufschuhe - MioMioRun .com","isPartOf":{"@id":"https:\/\/www.miomiorun.com\/de\/#website"},"primaryImageOfPage":{"@id":"https:\/\/www.miomiorun.com\/de\/produkt\/novablast-5-tr-damen\/#primaryimage"},"image":{"@id":"https:\/\/www.miomiorun.com\/de\/produkt\/novablast-5-tr-damen\/#primaryimage"},"thumbnailUrl":"https:\/\/www.miomiorun.com\/app\/uploads\/2026\/03\/asics-Novablast-5-TR-W-light-dust-cacti-1012B983-020.webp","datePublished":"2025-04-02T09:25:23+00:00","dateModified":"2025-10-29T09:28:36+00:00","description":"Der NOVABLAST 5 TR ist eine ausgezeichnete Wahl f\u00fcr alle, die einen reaktionsfreudigeren Schuh suchen, ohne dabei auf Traktion verzichten zu m\u00fcssen. Entdecken Sie ihn mit uns.","breadcrumb":{"@id":"https:\/\/www.miomiorun.com\/de\/produkt\/novablast-5-tr-damen\/#breadcrumb"},"inLanguage":"de-DE","potentialAction":[{"@type":"ReadAction","target":["https:\/\/www.miomiorun.com\/de\/produkt\/novablast-5-tr-damen\/"]}]},{"@type":"ImageObject","inLanguage":"de-DE","@id":"https:\/\/www.miomiorun.com\/de\/produkt\/novablast-5-tr-damen\/#primaryimage","url":"https:\/\/www.miomiorun.com\/app\/uploads\/2026\/03\/asics-Novablast-5-TR-W-light-dust-cacti-1012B983-020.webp","contentUrl":"https:\/\/www.miomiorun.com\/app\/uploads\/2026\/03\/asics-Novablast-5-TR-W-light-dust-cacti-1012B983-020.webp","width":720,"height":720,"caption":"asics Novablast 5 TR W light dust cacti 1012B983 020"},{"@type":"BreadcrumbList","@id":"https:\/\/www.miomiorun.com\/de\/produkt\/novablast-5-tr-damen\/#breadcrumb","itemListElement":[{"@type":"ListItem","position":1,"name":"Home","item":"https:\/\/www.miomiorun.com\/de\/"},{"@type":"ListItem","position":2,"name":"Shop","item":"https:\/\/www.miomiorun.com\/shop\/"},{"@type":"ListItem","position":3,"name":"Novablast 5 TR damen"}]},{"@type":"WebSite","@id":"https:\/\/www.miomiorun.com\/de\/#website","url":"https:\/\/www.miomiorun.com\/de\/","name":"MioMioRun","description":"100% Lauf- und Trailshop","publisher":{"@id":"https:\/\/www.miomiorun.com\/de\/#organization"},"potentialAction":[{"@type":"SearchAction","target":{"@type":"EntryPoint","urlTemplate":"https:\/\/www.miomiorun.com\/de\/?s={search_term_string}"},"query-input":{"@type":"PropertyValueSpecification","valueRequired":true,"valueName":"search_term_string"}}],"inLanguage":"de-DE"},{"@type":"Organization","@id":"https:\/\/www.miomiorun.com\/de\/#organization","name":"MioMio Run","url":"https:\/\/www.miomiorun.com\/de\/","logo":{"@type":"ImageObject","inLanguage":"de-DE","@id":"https:\/\/www.miomiorun.com\/de\/#\/schema\/logo\/image\/","url":"https:\/\/www.miomiorun.com\/app\/uploads\/2019\/12\/logomio.png","contentUrl":"https:\/\/www.miomiorun.com\/app\/uploads\/2019\/12\/logomio.png","width":115,"height":82,"caption":"MioMio Run"},"image":{"@id":"https:\/\/www.miomiorun.com\/de\/#\/schema\/logo\/image\/"},"sameAs":["https:\/\/www.facebook.com\/miomiorun\/","https:\/\/www.instagram.com\/miomiorun\/"]}]}},"_links":{"self":[{"href":"https:\/\/www.miomiorun.com\/de\/wp-json\/wp\/v2\/product\/270715","targetHints":{"allow":["GET"]}}],"collection":[{"href":"https:\/\/www.miomiorun.com\/de\/wp-json\/wp\/v2\/product"}],"about":[{"href":"https:\/\/www.miomiorun.com\/de\/wp-json\/wp\/v2\/types\/product"}],"wp:featuredmedia":[{"embeddable":true,"href":"https:\/\/www.miomiorun.com\/de\/wp-json\/wp\/v2\/media\/421160"}],"wp:attachment":[{"href":"https:\/\/www.miomiorun.com\/de\/wp-json\/wp\/v2\/media?parent=270715"}],"wp:term":[{"taxonomy":"product_brand","embeddable":true,"href":"https:\/\/www.miomiorun.com\/de\/wp-json\/wp\/v2\/product_brand?post=270715"},{"taxonomy":"product_cat","embeddable":true,"href":"https:\/\/www.miomiorun.com\/de\/wp-json\/wp\/v2\/product_cat?post=270715"},{"taxonomy":"product_tag","embeddable":true,"href":"https:\/\/www.miomiorun.com\/de\/wp-json\/wp\/v2\/product_tag?post=270715"}],"curies":[{"name":"wp","href":"https:\/\/api.w.org\/{rel}","templated":true}]}}