{"id":270411,"date":"2025-04-02T10:45:24","date_gmt":"2025-04-02T08:45:24","guid":{"rendered":"https:\/\/miomiorun.com\/?post_type=product&#038;p=270411"},"modified":"2026-04-08T10:34:36","modified_gmt":"2026-04-08T08:34:36","slug":"gel-trabuco-13-damen","status":"publish","type":"product","link":"https:\/\/www.miomiorun.com\/de\/produkt\/gel-trabuco-13-damen\/","title":{"rendered":"Gel-Trabuco 13 damen"},"content":{"rendered":"<div class=\"vc-row container\"><div class=\"vc-column\"><div class=\"vc-column-text\"><\/p>\n<p><strong>Technische Daten<\/strong><\/p>\n<p>Kategorie: Top-D\u00e4mpfung<br \/>\nOffset: 8 mm<br \/>\nGewicht: 250 g<br \/>\nIdeal f\u00fcr: L\u00e4ufer, Trailrunner und Wanderer, die ein leichtes Modell suchen, das einen weichen Auftritt und Elastizit\u00e4t gew\u00e4hrleistet und auch auf anspruchsvollem Berggel\u00e4nde eine gute Traktion bietet.<br \/>\nGewicht des Sportlers: 60-70 kg<br \/>\nLaufgeschwindigkeit: mittel (5,00-5,30 min\/km)<br \/>\n<a href=\"https:\/\/miomiorun.com\/guida-alle-specifiche-tecniche\/\">Leitfaden zu den technischen Daten<\/a><\/p>\n<p><\/div><\/div><div class=\"vc-column\"><div class=\"vc-column-text\">Mit dem <strong>GEL-TRABUCO 13<\/strong>, dem perfekten Trailrunning-Schuh f\u00fcr Frauen, die die Natur in v\u00f6lliger Freiheit erkunden m\u00f6chten, meistern Sie jeden Trail sicher und bequem. Dank des <strong>FF BLAST PLUS ECO-Schaums<\/strong> bietet er eine hervorragende D\u00e4mpfung, reduziert die Belastung der Gelenke und sorgt f\u00fcr lang anhaltenden Komfort auch bei l\u00e4ngeren L\u00e4ufen.<\/p>\n<p>Die <strong>ASICSGRIP-Sohle<\/strong> sorgt f\u00fcr au\u00dfergew\u00f6hnlichen Grip auf jedem Untergrund, egal ob Sie auf nassen, felsigen oder schlammigen Oberfl\u00e4chen laufen, w\u00e4hrend die <strong>Felsplatte<\/strong> Ihre F\u00fc\u00dfe vor den T\u00fccken der schwierigsten Trails sch\u00fctzt. Jeder Schritt ist sicher und stabil, ohne den Komfort zu beeintr\u00e4chtigen.<\/p>\n<p>Der <strong>GEL-TRABUCO 13<\/strong> ist in verschiedenen eleganten Farbkombinationen und einer gro\u00dfen Auswahl an Gr\u00f6\u00dfen erh\u00e4ltlich und der ideale Begleiter f\u00fcr jedes Trail-Abenteuer. Entscheiden Sie sich f\u00fcr die perfekte Haftung, den Schutz und den Komfort, den nur ein hochwertiger Schuh bieten kann.<\/p>\n<p>EIGENSCHAFTEN :<\/p>\n<div class=\"product-features-section\">\n<ul>\n<li class=\"small-reg\">\n<div class=\"small-bold\">FF BLAST PLUS ECO-Schaumstoff<\/div>\n<p>Bietet leichte, hochwertige D\u00e4mpfung f\u00fcr mehr Komfort. <\/li>\n<li class=\"small-reg\">\n<div class=\"small-bold\">ASICSGRIP-Gummisohle<\/div>\n<p>Die ASICSGRIP\u2122-Gummisohle sorgt f\u00fcr verbesserten Grip auf unterschiedlichen Untergr\u00fcnden. <\/li>\n<li class=\"small-reg\">\n<div class=\"small-bold\">Felsplatte<\/div>\n<p>Sch\u00fctzt die F\u00fc\u00dfe vor Felsen und schwierigem Gel\u00e4nde, ohne den Schuh zu beschweren. <\/li>\n<li class=\"small-reg\">\n<div class=\"small-bold\">GEL-Technologie in der Ferse<\/div>\n<p>Bietet maximalen Komfort und d\u00e4mpft St\u00f6\u00dfe, um die Belastung zu reduzieren. <\/li>\n<li class=\"small-reg\">\n<div class=\"small-bold\">Sandschutz<\/div>\n<p>Verhindert das Eindringen von Schmutz in den Schuh.<\/p>\n<li class=\"small-reg\">\n<div class=\"small-bold\">EVA-Einlegesohle<br \/>\nVerbessert die D\u00e4mpfung, um St\u00f6\u00dfe zu reduzieren.<\/p>\n<li class=\"small-reg\">\n<div class=\"small-bold\">Obermaterial aus technischem Mesh<br \/>\nVerbessert die Atmungsaktivit\u00e4t und h\u00e4lt die F\u00fc\u00dfe frisch. <\/div>\n<\/li>\n<li class=\"small-reg\">\n<div class=\"small-bold\">Schn\u00fcrsenkelblockierung<\/div>\n<p>Verhindert das Aufschn\u00fcren der Schuhe. <\/li>\n<\/div>\n<\/li>\n<\/li>\n<\/ul>\n<\/div>\n<p><\/div><\/div><\/div>\n","protected":false},"excerpt":{"rendered":"<ul>\n<li>Trail-Schuh, ideal f\u00fcr jede Art von Wanderung auf Bergpfaden.<\/li>\n<li>Hervorragende Griffigkeit auf Felsen und schwierigem Gel\u00e4nde.<\/li>\n<\/ul>\n","protected":false},"featured_media":270984,"template":"","meta":{"_acf_changed":false,"inline_featured_image":false},"product_brand":[],"product_cat":[6501,6536],"product_tag":[3404,6201],"class_list":{"0":"post-270411","1":"product","2":"type-product","3":"status-publish","4":"has-post-thumbnail","6":"product_cat-sale-damen-schuhe-de","7":"product_cat-sale-damen-trail-de","8":"product_tag-asics-de","9":"product_tag-asics-damen-de","10":"pa_attivita-outdoor-de","11":"pa_attivita-trail-de","12":"pa_colore-trabuco-13-w-black-nova-orange-de","13":"pa_colore-trabuco-13-w-black-wild-blossom-de","14":"pa_colore-trabuco-13-w-lichen-rock-cream-de","15":"pa_marca-asics-de","16":"pa_sesso-damen","17":"pa_size-37-5-de","18":"pa_size-38-de","19":"pa_size-39-de","20":"pa_size-39-5-de","21":"pa_size-40-de","22":"pa_size-40-5-de","23":"pa_size-41-5-de","25":"first","26":"instock","27":"sale","28":"taxable","29":"shipping-taxable","30":"purchasable","31":"product-type-variable","32":"wvs-archive-product-wrapper"},"acf":[],"yoast_head":"<!-- This site is optimized with the Yoast SEO plugin v26.8 - https:\/\/yoast.com\/product\/yoast-seo-wordpress\/ -->\n<title>Asics Gel-Trabuco 13 damen - Trailrunningschuhe - MioMioRun<\/title>\n<meta name=\"description\" content=\"Der GEL-TRABUCO 13 bietet maximalen Komfort und Halt, eine ASICSGRIP-Sohle und eine Anti-Fels-Platte f\u00fcr sicheres Laufen auf Trails.\" \/>\n<meta name=\"robots\" content=\"index, follow, max-snippet:-1, max-image-preview:large, max-video-preview:-1\" \/>\n<link rel=\"canonical\" href=\"https:\/\/www.miomiorun.com\/de\/produkt\/gel-trabuco-13-damen\/\" \/>\n<meta property=\"og:locale\" content=\"de_DE\" \/>\n<meta property=\"og:type\" content=\"article\" \/>\n<meta property=\"og:title\" content=\"Asics Gel-Trabuco 13 damen - Trailrunningschuhe - MioMioRun\" \/>\n<meta property=\"og:description\" content=\"Der GEL-TRABUCO 13 bietet maximalen Komfort und Halt, eine ASICSGRIP-Sohle und eine Anti-Fels-Platte f\u00fcr sicheres Laufen auf Trails.\" \/>\n<meta property=\"og:url\" content=\"https:\/\/www.miomiorun.com\/de\/produkt\/gel-trabuco-13-damen\/\" \/>\n<meta property=\"og:site_name\" content=\"MioMioRun\" \/>\n<meta property=\"article:publisher\" content=\"https:\/\/www.facebook.com\/miomiorun\/\" \/>\n<meta property=\"article:modified_time\" content=\"2026-04-08T08:34:36+00:00\" \/>\n<meta property=\"og:image\" content=\"https:\/\/www.miomiorun.com\/app\/uploads\/2025\/04\/asics-Trabuco-13-W-purple-oxid-cold-moss-1012B768-500.webp\" \/>\n\t<meta property=\"og:image:width\" content=\"600\" \/>\n\t<meta property=\"og:image:height\" content=\"600\" \/>\n\t<meta property=\"og:image:type\" content=\"image\/webp\" \/>\n<meta name=\"twitter:card\" content=\"summary_large_image\" \/>\n<meta name=\"twitter:label1\" content=\"Est. reading time\" \/>\n\t<meta name=\"twitter:data1\" content=\"2 minutes\" \/>\n<script type=\"application\/ld+json\" class=\"yoast-schema-graph\">{\"@context\":\"https:\/\/schema.org\",\"@graph\":[{\"@type\":\"WebPage\",\"@id\":\"https:\/\/www.miomiorun.com\/de\/produkt\/gel-trabuco-13-damen\/\",\"url\":\"https:\/\/www.miomiorun.com\/de\/produkt\/gel-trabuco-13-damen\/\",\"name\":\"Asics Gel-Trabuco 13 damen - Trailrunningschuhe - MioMioRun\",\"isPartOf\":{\"@id\":\"https:\/\/www.miomiorun.com\/de\/#website\"},\"primaryImageOfPage\":{\"@id\":\"https:\/\/www.miomiorun.com\/de\/produkt\/gel-trabuco-13-damen\/#primaryimage\"},\"image\":{\"@id\":\"https:\/\/www.miomiorun.com\/de\/produkt\/gel-trabuco-13-damen\/#primaryimage\"},\"thumbnailUrl\":\"https:\/\/www.miomiorun.com\/app\/uploads\/2025\/04\/asics-Trabuco-13-W-purple-oxid-cold-moss-1012B768-500.webp\",\"datePublished\":\"2025-04-02T08:45:24+00:00\",\"dateModified\":\"2026-04-08T08:34:36+00:00\",\"description\":\"Der GEL-TRABUCO 13 bietet maximalen Komfort und Halt, eine ASICSGRIP-Sohle und eine Anti-Fels-Platte f\u00fcr sicheres Laufen auf Trails.\",\"breadcrumb\":{\"@id\":\"https:\/\/www.miomiorun.com\/de\/produkt\/gel-trabuco-13-damen\/#breadcrumb\"},\"inLanguage\":\"de-DE\",\"potentialAction\":[{\"@type\":\"ReadAction\",\"target\":[\"https:\/\/www.miomiorun.com\/de\/produkt\/gel-trabuco-13-damen\/\"]}]},{\"@type\":\"ImageObject\",\"inLanguage\":\"de-DE\",\"@id\":\"https:\/\/www.miomiorun.com\/de\/produkt\/gel-trabuco-13-damen\/#primaryimage\",\"url\":\"https:\/\/www.miomiorun.com\/app\/uploads\/2025\/04\/asics-Trabuco-13-W-purple-oxid-cold-moss-1012B768-500.webp\",\"contentUrl\":\"https:\/\/www.miomiorun.com\/app\/uploads\/2025\/04\/asics-Trabuco-13-W-purple-oxid-cold-moss-1012B768-500.webp\",\"width\":600,\"height\":600,\"caption\":\"asics Trabuco 13 W purple oxid cold moss 1012B768 500\"},{\"@type\":\"BreadcrumbList\",\"@id\":\"https:\/\/www.miomiorun.com\/de\/produkt\/gel-trabuco-13-damen\/#breadcrumb\",\"itemListElement\":[{\"@type\":\"ListItem\",\"position\":1,\"name\":\"Home\",\"item\":\"https:\/\/www.miomiorun.com\/de\/\"},{\"@type\":\"ListItem\",\"position\":2,\"name\":\"Shop\",\"item\":\"https:\/\/www.miomiorun.com\/shop\/\"},{\"@type\":\"ListItem\",\"position\":3,\"name\":\"Gel-Trabuco 13 damen\"}]},{\"@type\":\"WebSite\",\"@id\":\"https:\/\/www.miomiorun.com\/de\/#website\",\"url\":\"https:\/\/www.miomiorun.com\/de\/\",\"name\":\"MioMioRun\",\"description\":\"100% Lauf- und Trailshop\",\"publisher\":{\"@id\":\"https:\/\/www.miomiorun.com\/de\/#organization\"},\"potentialAction\":[{\"@type\":\"SearchAction\",\"target\":{\"@type\":\"EntryPoint\",\"urlTemplate\":\"https:\/\/www.miomiorun.com\/de\/?s={search_term_string}\"},\"query-input\":{\"@type\":\"PropertyValueSpecification\",\"valueRequired\":true,\"valueName\":\"search_term_string\"}}],\"inLanguage\":\"de-DE\"},{\"@type\":\"Organization\",\"@id\":\"https:\/\/www.miomiorun.com\/de\/#organization\",\"name\":\"MioMio Run\",\"url\":\"https:\/\/www.miomiorun.com\/de\/\",\"logo\":{\"@type\":\"ImageObject\",\"inLanguage\":\"de-DE\",\"@id\":\"https:\/\/www.miomiorun.com\/de\/#\/schema\/logo\/image\/\",\"url\":\"https:\/\/www.miomiorun.com\/app\/uploads\/2019\/12\/logomio.png\",\"contentUrl\":\"https:\/\/www.miomiorun.com\/app\/uploads\/2019\/12\/logomio.png\",\"width\":115,\"height\":82,\"caption\":\"MioMio Run\"},\"image\":{\"@id\":\"https:\/\/www.miomiorun.com\/de\/#\/schema\/logo\/image\/\"},\"sameAs\":[\"https:\/\/www.facebook.com\/miomiorun\/\",\"https:\/\/www.instagram.com\/miomiorun\/\"]}]}<\/script>\n<!-- \/ Yoast SEO plugin. -->","yoast_head_json":{"title":"Asics Gel-Trabuco 13 damen - Trailrunningschuhe - MioMioRun","description":"Der GEL-TRABUCO 13 bietet maximalen Komfort und Halt, eine ASICSGRIP-Sohle und eine Anti-Fels-Platte f\u00fcr sicheres Laufen auf Trails.","robots":{"index":"index","follow":"follow","max-snippet":"max-snippet:-1","max-image-preview":"max-image-preview:large","max-video-preview":"max-video-preview:-1"},"canonical":"https:\/\/www.miomiorun.com\/de\/produkt\/gel-trabuco-13-damen\/","og_locale":"de_DE","og_type":"article","og_title":"Asics Gel-Trabuco 13 damen - Trailrunningschuhe - MioMioRun","og_description":"Der GEL-TRABUCO 13 bietet maximalen Komfort und Halt, eine ASICSGRIP-Sohle und eine Anti-Fels-Platte f\u00fcr sicheres Laufen auf Trails.","og_url":"https:\/\/www.miomiorun.com\/de\/produkt\/gel-trabuco-13-damen\/","og_site_name":"MioMioRun","article_publisher":"https:\/\/www.facebook.com\/miomiorun\/","article_modified_time":"2026-04-08T08:34:36+00:00","og_image":[{"width":600,"height":600,"url":"https:\/\/www.miomiorun.com\/app\/uploads\/2025\/04\/asics-Trabuco-13-W-purple-oxid-cold-moss-1012B768-500.webp","type":"image\/webp"}],"twitter_card":"summary_large_image","twitter_misc":{"Est. reading time":"2 minutes"},"schema":{"@context":"https:\/\/schema.org","@graph":[{"@type":"WebPage","@id":"https:\/\/www.miomiorun.com\/de\/produkt\/gel-trabuco-13-damen\/","url":"https:\/\/www.miomiorun.com\/de\/produkt\/gel-trabuco-13-damen\/","name":"Asics Gel-Trabuco 13 damen - Trailrunningschuhe - MioMioRun","isPartOf":{"@id":"https:\/\/www.miomiorun.com\/de\/#website"},"primaryImageOfPage":{"@id":"https:\/\/www.miomiorun.com\/de\/produkt\/gel-trabuco-13-damen\/#primaryimage"},"image":{"@id":"https:\/\/www.miomiorun.com\/de\/produkt\/gel-trabuco-13-damen\/#primaryimage"},"thumbnailUrl":"https:\/\/www.miomiorun.com\/app\/uploads\/2025\/04\/asics-Trabuco-13-W-purple-oxid-cold-moss-1012B768-500.webp","datePublished":"2025-04-02T08:45:24+00:00","dateModified":"2026-04-08T08:34:36+00:00","description":"Der GEL-TRABUCO 13 bietet maximalen Komfort und Halt, eine ASICSGRIP-Sohle und eine Anti-Fels-Platte f\u00fcr sicheres Laufen auf Trails.","breadcrumb":{"@id":"https:\/\/www.miomiorun.com\/de\/produkt\/gel-trabuco-13-damen\/#breadcrumb"},"inLanguage":"de-DE","potentialAction":[{"@type":"ReadAction","target":["https:\/\/www.miomiorun.com\/de\/produkt\/gel-trabuco-13-damen\/"]}]},{"@type":"ImageObject","inLanguage":"de-DE","@id":"https:\/\/www.miomiorun.com\/de\/produkt\/gel-trabuco-13-damen\/#primaryimage","url":"https:\/\/www.miomiorun.com\/app\/uploads\/2025\/04\/asics-Trabuco-13-W-purple-oxid-cold-moss-1012B768-500.webp","contentUrl":"https:\/\/www.miomiorun.com\/app\/uploads\/2025\/04\/asics-Trabuco-13-W-purple-oxid-cold-moss-1012B768-500.webp","width":600,"height":600,"caption":"asics Trabuco 13 W purple oxid cold moss 1012B768 500"},{"@type":"BreadcrumbList","@id":"https:\/\/www.miomiorun.com\/de\/produkt\/gel-trabuco-13-damen\/#breadcrumb","itemListElement":[{"@type":"ListItem","position":1,"name":"Home","item":"https:\/\/www.miomiorun.com\/de\/"},{"@type":"ListItem","position":2,"name":"Shop","item":"https:\/\/www.miomiorun.com\/shop\/"},{"@type":"ListItem","position":3,"name":"Gel-Trabuco 13 damen"}]},{"@type":"WebSite","@id":"https:\/\/www.miomiorun.com\/de\/#website","url":"https:\/\/www.miomiorun.com\/de\/","name":"MioMioRun","description":"100% Lauf- und Trailshop","publisher":{"@id":"https:\/\/www.miomiorun.com\/de\/#organization"},"potentialAction":[{"@type":"SearchAction","target":{"@type":"EntryPoint","urlTemplate":"https:\/\/www.miomiorun.com\/de\/?s={search_term_string}"},"query-input":{"@type":"PropertyValueSpecification","valueRequired":true,"valueName":"search_term_string"}}],"inLanguage":"de-DE"},{"@type":"Organization","@id":"https:\/\/www.miomiorun.com\/de\/#organization","name":"MioMio Run","url":"https:\/\/www.miomiorun.com\/de\/","logo":{"@type":"ImageObject","inLanguage":"de-DE","@id":"https:\/\/www.miomiorun.com\/de\/#\/schema\/logo\/image\/","url":"https:\/\/www.miomiorun.com\/app\/uploads\/2019\/12\/logomio.png","contentUrl":"https:\/\/www.miomiorun.com\/app\/uploads\/2019\/12\/logomio.png","width":115,"height":82,"caption":"MioMio Run"},"image":{"@id":"https:\/\/www.miomiorun.com\/de\/#\/schema\/logo\/image\/"},"sameAs":["https:\/\/www.facebook.com\/miomiorun\/","https:\/\/www.instagram.com\/miomiorun\/"]}]}},"_links":{"self":[{"href":"https:\/\/www.miomiorun.com\/de\/wp-json\/wp\/v2\/product\/270411","targetHints":{"allow":["GET"]}}],"collection":[{"href":"https:\/\/www.miomiorun.com\/de\/wp-json\/wp\/v2\/product"}],"about":[{"href":"https:\/\/www.miomiorun.com\/de\/wp-json\/wp\/v2\/types\/product"}],"wp:featuredmedia":[{"embeddable":true,"href":"https:\/\/www.miomiorun.com\/de\/wp-json\/wp\/v2\/media\/270984"}],"wp:attachment":[{"href":"https:\/\/www.miomiorun.com\/de\/wp-json\/wp\/v2\/media?parent=270411"}],"wp:term":[{"taxonomy":"product_brand","embeddable":true,"href":"https:\/\/www.miomiorun.com\/de\/wp-json\/wp\/v2\/product_brand?post=270411"},{"taxonomy":"product_cat","embeddable":true,"href":"https:\/\/www.miomiorun.com\/de\/wp-json\/wp\/v2\/product_cat?post=270411"},{"taxonomy":"product_tag","embeddable":true,"href":"https:\/\/www.miomiorun.com\/de\/wp-json\/wp\/v2\/product_tag?post=270411"}],"curies":[{"name":"wp","href":"https:\/\/api.w.org\/{rel}","templated":true}]}}